{"id":775306,"date":"2026-04-16T17:17:13","date_gmt":"2026-04-16T10:17:13","guid":{"rendered":"http:\/\/tourcruiser.com\/product\/grade-school-air-jordan-1-low-se-nothing-but-net-cz8657-100"},"modified":"2026-04-17T23:09:12","modified_gmt":"2026-04-17T16:09:12","slug":"grade-school-air-jordan-1-low-se-nothing-but-net-cz8657-100","status":"publish","type":"product","link":"https:\/\/tourcruiser.com\/fr\/products\/grade-school-air-jordan-1-low-se-nothing-but-net-cz8657-100\/","title":{"rendered":"(Grade School) Air Jordan 1 Low SE &lsquo;Nothing But Net&rsquo; CZ8657-100"},"content":{"rendered":"<p>Avec les Air Jordan 1 Low SE \u00ab Nothing But Net \u00bb, votre petit champion de basket deviendra une star ! Ces sneakers arborent un design noir et rouge universitaire saisissant, inspir\u00e9 par l&rsquo;adr\u00e9naline des paniers marqu\u00e9s sur le terrain. Confectionn\u00e9es en cuir r\u00e9sistant et en mesh respirant, elles offrent confort et maintien aux pieds les plus actifs. L&rsquo;amorti Air l\u00e9gendaire assure un confort optimal et une sensation de fluidit\u00e9 et de dynamisme. Voyez votre jeune athl\u00e8te atteindre de nouveaux sommets de style et de performance avec ces sneakers en \u00e9dition limit\u00e9e.<\/p>\n<p>Coloris : Blanc\/Obsidienne fonc\u00e9e\/Rouge \u00e9quipe<\/p>\n<p>R\u00e9f\u00e9rence : CZ8657-100<\/p>\n<p>Tige : Cuir synth\u00e9tique<\/p>\n<p>Semelle interm\u00e9diaire : Air<\/p>\n<p>Couleur : Blanc<\/p>\n<p>Designer : Peter Moore<\/p>\n<p>Saison : \u00c9t\u00e9<\/p>\n<p>Ann\u00e9e de sortie : 2020<\/p>\n<p>\u00c2ge : Adulte<\/p>\n<p>Couleur : Bleu fluo\/Bleu fluo\/Bleu clair<\/p>\n<p>Genre : Enfant<\/p>\n","protected":false},"excerpt":{"rendered":"<p>Avec les Air Jordan 1 Low SE \u00ab Nothing But Net \u00bb, votre petit champion de basket deviendra une star ! Ces sneakers arborent un design noir et rouge universitaire saisissant, inspir\u00e9 par l&rsquo;adr\u00e9naline des paniers marqu\u00e9s sur le terrain. Confectionn\u00e9es en cuir r\u00e9sistant et en mesh respirant, elles offrent confort et maintien aux pieds [&hellip;]<\/p>\n","protected":false},"featured_media":775307,"comment_status":"open","ping_status":"closed","template":"","meta":[],"product_brand":[],"product_cat":[38880],"product_tag":[10750,38988,10776,11349,38875,10756,39039],"class_list":{"0":"post-775306","1":"product","2":"type-product","3":"status-publish","4":"has-post-thumbnail","6":"product_cat-jordan","7":"product_tag-athleisure-shoes","8":"product_tag-casual-shoes-for-kids","9":"product_tag-jordan","10":"product_tag-jordan-basketball-shoes","11":"product_tag-jordan-skateboard-shoes","12":"product_tag-retro-casual-shoes","13":"product_tag-sneakers-for-kids","15":"first","16":"instock","17":"taxable","18":"shipping-taxable","19":"purchasable","20":"product-type-simple"},"wcpa_form_fields":null,"yoast_head":"<!-- This site is optimized with the Yoast SEO plugin v26.5 - https:\/\/yoast.com\/wordpress\/plugins\/seo\/ -->\n<title>(Grade School) Air Jordan 1 Low SE &#039;Nothing But Net&#039; CZ8657-100 - TOURCRUISER PTE. LTD<\/title>\n<meta name=\"robots\" content=\"index, follow, max-snippet:-1, max-image-preview:large, max-video-preview:-1\" \/>\n<link rel=\"canonical\" href=\"https:\/\/tourcruiser.com\/fr\/products\/grade-school-air-jordan-1-low-se-nothing-but-net-cz8657-100\/\" \/>\n<meta property=\"og:locale\" content=\"fr_FR\" \/>\n<meta property=\"og:type\" content=\"article\" \/>\n<meta property=\"og:title\" content=\"(Grade School) Air Jordan 1 Low SE &#039;Nothing But Net&#039; CZ8657-100 - TOURCRUISER PTE. LTD\" \/>\n<meta property=\"og:description\" content=\"Avec les Air Jordan 1 Low SE \u00ab Nothing But Net \u00bb, votre petit champion de basket deviendra une star ! Ces sneakers arborent un design noir et rouge universitaire saisissant, inspir\u00e9 par l&rsquo;adr\u00e9naline des paniers marqu\u00e9s sur le terrain. Confectionn\u00e9es en cuir r\u00e9sistant et en mesh respirant, elles offrent confort et maintien aux pieds [&hellip;]\" \/>\n<meta property=\"og:url\" content=\"https:\/\/tourcruiser.com\/fr\/products\/grade-school-air-jordan-1-low-se-nothing-but-net-cz8657-100\/\" \/>\n<meta property=\"og:site_name\" content=\"Tourcruiser Sneaker Store\" \/>\n<meta property=\"article:modified_time\" content=\"2026-04-17T16:09:12+00:00\" \/>\n<meta name=\"twitter:card\" content=\"summary_large_image\" \/>\n<meta name=\"twitter:image\" content=\"https:\/\/images.novelship.com\/product\/_grade_school__air_jordan_1_low_se__nothing_but_ne_0_19727.jpeg;https:\/\/images.novelship.com\/product\/_grade_school__air_jordan_1_low_se__nothing_but_ne_1_19727.jpeg;https:\/\/images.novelship.com\/product\/_grade_school__air_jordan_1_low_se__nothing_but_ne_2_19727.jpeg;https:\/\/images.novelship.com\/product\/_grade_school__air_jordan_1_low_se__nothing_but_ne_3_19727.jpeg;https:\/\/images.novelship.com\/product\/_grade_school__air_jordan_1_low_se__nothing_but_ne_4_19727.jpeg;https:\/\/images.novelship.com\/product\/_grade_school__air_jordan_1_low_se__nothing_but_ne_5_19727.jpeg;https:\/\/images.novelship.com\/product\/_grade_school__air_jordan_1_low_se__nothing_but_ne_6_19727.jpeg;https:\/\/images.novelship.com\/product\/_grade_school__air_jordan_1_low_se__nothing_but_ne_7_19727.jpeg\" \/>\n<meta name=\"twitter:label1\" content=\"Dur\u00e9e de lecture estim\u00e9e\" \/>\n\t<meta name=\"twitter:data1\" content=\"1 minute\" \/>\n<script type=\"application\/ld+json\" class=\"yoast-schema-graph\">{\"@context\":\"https:\/\/schema.org\",\"@graph\":[{\"@type\":\"WebPage\",\"@id\":\"https:\/\/tourcruiser.com\/fr\/products\/grade-school-air-jordan-1-low-se-nothing-but-net-cz8657-100\/\",\"url\":\"https:\/\/tourcruiser.com\/fr\/products\/grade-school-air-jordan-1-low-se-nothing-but-net-cz8657-100\/\",\"name\":\"(Grade School) Air Jordan 1 Low SE 'Nothing But Net' CZ8657-100 - TOURCRUISER PTE. LTD\",\"isPartOf\":{\"@id\":\"\/#website\"},\"primaryImageOfPage\":{\"@id\":\"https:\/\/tourcruiser.com\/fr\/products\/grade-school-air-jordan-1-low-se-nothing-but-net-cz8657-100\/#primaryimage\"},\"image\":{\"@id\":\"https:\/\/tourcruiser.com\/fr\/products\/grade-school-air-jordan-1-low-se-nothing-but-net-cz8657-100\/#primaryimage\"},\"thumbnailUrl\":\"https:\/\/images.novelship.com\/product\/_grade_school__air_jordan_1_low_se__nothing_but_ne_0_19727.jpeg;https:\/\/images.novelship.com\/product\/_grade_school__air_jordan_1_low_se__nothing_but_ne_1_19727.jpeg;https:\/\/images.novelship.com\/product\/_grade_school__air_jordan_1_low_se__nothing_but_ne_2_19727.jpeg;https:\/\/images.novelship.com\/product\/_grade_school__air_jordan_1_low_se__nothing_but_ne_3_19727.jpeg;https:\/\/images.novelship.com\/product\/_grade_school__air_jordan_1_low_se__nothing_but_ne_4_19727.jpeg;https:\/\/images.novelship.com\/product\/_grade_school__air_jordan_1_low_se__nothing_but_ne_5_19727.jpeg;https:\/\/images.novelship.com\/product\/_grade_school__air_jordan_1_low_se__nothing_but_ne_6_19727.jpeg;https:\/\/images.novelship.com\/product\/_grade_school__air_jordan_1_low_se__nothing_but_ne_7_19727.jpeg\",\"datePublished\":\"2026-04-16T10:17:13+00:00\",\"dateModified\":\"2026-04-17T16:09:12+00:00\",\"breadcrumb\":{\"@id\":\"https:\/\/tourcruiser.com\/fr\/products\/grade-school-air-jordan-1-low-se-nothing-but-net-cz8657-100\/#breadcrumb\"},\"inLanguage\":\"fr-FR\",\"potentialAction\":[{\"@type\":\"ReadAction\",\"target\":[\"https:\/\/tourcruiser.com\/fr\/products\/grade-school-air-jordan-1-low-se-nothing-but-net-cz8657-100\/\"]}]},{\"@type\":\"ImageObject\",\"inLanguage\":\"fr-FR\",\"@id\":\"https:\/\/tourcruiser.com\/fr\/products\/grade-school-air-jordan-1-low-se-nothing-but-net-cz8657-100\/#primaryimage\",\"url\":\"https:\/\/images.novelship.com\/product\/_grade_school__air_jordan_1_low_se__nothing_but_ne_0_19727.jpeg;https:\/\/images.novelship.com\/product\/_grade_school__air_jordan_1_low_se__nothing_but_ne_1_19727.jpeg;https:\/\/images.novelship.com\/product\/_grade_school__air_jordan_1_low_se__nothing_but_ne_2_19727.jpeg;https:\/\/images.novelship.com\/product\/_grade_school__air_jordan_1_low_se__nothing_but_ne_3_19727.jpeg;https:\/\/images.novelship.com\/product\/_grade_school__air_jordan_1_low_se__nothing_but_ne_4_19727.jpeg;https:\/\/images.novelship.com\/product\/_grade_school__air_jordan_1_low_se__nothing_but_ne_5_19727.jpeg;https:\/\/images.novelship.com\/product\/_grade_school__air_jordan_1_low_se__nothing_but_ne_6_19727.jpeg;https:\/\/images.novelship.com\/product\/_grade_school__air_jordan_1_low_se__nothing_but_ne_7_19727.jpeg\",\"contentUrl\":\"https:\/\/images.novelship.com\/product\/_grade_school__air_jordan_1_low_se__nothing_but_ne_0_19727.jpeg;https:\/\/images.novelship.com\/product\/_grade_school__air_jordan_1_low_se__nothing_but_ne_1_19727.jpeg;https:\/\/images.novelship.com\/product\/_grade_school__air_jordan_1_low_se__nothing_but_ne_2_19727.jpeg;https:\/\/images.novelship.com\/product\/_grade_school__air_jordan_1_low_se__nothing_but_ne_3_19727.jpeg;https:\/\/images.novelship.com\/product\/_grade_school__air_jordan_1_low_se__nothing_but_ne_4_19727.jpeg;https:\/\/images.novelship.com\/product\/_grade_school__air_jordan_1_low_se__nothing_but_ne_5_19727.jpeg;https:\/\/images.novelship.com\/product\/_grade_school__air_jordan_1_low_se__nothing_but_ne_6_19727.jpeg;https:\/\/images.novelship.com\/product\/_grade_school__air_jordan_1_low_se__nothing_but_ne_7_19727.jpeg\"},{\"@type\":\"BreadcrumbList\",\"@id\":\"https:\/\/tourcruiser.com\/fr\/products\/grade-school-air-jordan-1-low-se-nothing-but-net-cz8657-100\/#breadcrumb\",\"itemListElement\":[{\"@type\":\"ListItem\",\"position\":1,\"name\":\"Home\",\"item\":\"https:\/\/tourcruiser.com\/fr\/\"},{\"@type\":\"ListItem\",\"position\":2,\"name\":\"Shop\",\"item\":\"https:\/\/tourcruiser.com\/fr\/shop\/\"},{\"@type\":\"ListItem\",\"position\":3,\"name\":\"(Grade School) Air Jordan 1 Low SE &#8216;Nothing But Net&#8217; CZ8657-100\"}]},{\"@type\":\"WebSite\",\"@id\":\"\/#website\",\"url\":\"\/\",\"name\":\"Styloral Jewelry Shop\",\"description\":\"Tourcruiser Sneaker Store \u2014 L\u2019endroit o\u00f9 l\u2019univers rencontre votre singularit\u00e9.\",\"publisher\":{\"@id\":\"\/#organization\"},\"potentialAction\":[{\"@type\":\"SearchAction\",\"target\":{\"@type\":\"EntryPoint\",\"urlTemplate\":\"\/?s={search_term_string}\"},\"query-input\":{\"@type\":\"PropertyValueSpecification\",\"valueRequired\":true,\"valueName\":\"search_term_string\"}}],\"inLanguage\":\"fr-FR\"},{\"@type\":\"Organization\",\"@id\":\"\/#organization\",\"name\":\"STYLORAL PTE. LTD\",\"url\":\"\/\",\"logo\":{\"@type\":\"ImageObject\",\"inLanguage\":\"fr-FR\",\"@id\":\"\/#\/schema\/logo\/image\/\",\"url\":\"https:\/\/www.tourcruiser.com\/wp-content\/uploads\/2025\/12\/logo.png\",\"contentUrl\":\"https:\/\/www.tourcruiser.com\/wp-content\/uploads\/2025\/12\/logo.png\",\"width\":200,\"height\":65,\"caption\":\"STYLORAL PTE. LTD\"},\"image\":{\"@id\":\"\/#\/schema\/logo\/image\/\"}}]}<\/script>\n<!-- \/ Yoast SEO plugin. -->","yoast_head_json":{"title":"(Grade School) Air Jordan 1 Low SE 'Nothing But Net' CZ8657-100 - TOURCRUISER PTE. LTD","robots":{"index":"index","follow":"follow","max-snippet":"max-snippet:-1","max-image-preview":"max-image-preview:large","max-video-preview":"max-video-preview:-1"},"canonical":"https:\/\/tourcruiser.com\/fr\/products\/grade-school-air-jordan-1-low-se-nothing-but-net-cz8657-100\/","og_locale":"fr_FR","og_type":"article","og_title":"(Grade School) Air Jordan 1 Low SE 'Nothing But Net' CZ8657-100 - TOURCRUISER PTE. LTD","og_description":"Avec les Air Jordan 1 Low SE \u00ab Nothing But Net \u00bb, votre petit champion de basket deviendra une star ! Ces sneakers arborent un design noir et rouge universitaire saisissant, inspir\u00e9 par l&rsquo;adr\u00e9naline des paniers marqu\u00e9s sur le terrain. Confectionn\u00e9es en cuir r\u00e9sistant et en mesh respirant, elles offrent confort et maintien aux pieds [&hellip;]","og_url":"https:\/\/tourcruiser.com\/fr\/products\/grade-school-air-jordan-1-low-se-nothing-but-net-cz8657-100\/","og_site_name":"Tourcruiser Sneaker Store","article_modified_time":"2026-04-17T16:09:12+00:00","twitter_card":"summary_large_image","twitter_image":"https:\/\/images.novelship.com\/product\/_grade_school__air_jordan_1_low_se__nothing_but_ne_0_19727.jpeg;https:\/\/images.novelship.com\/product\/_grade_school__air_jordan_1_low_se__nothing_but_ne_1_19727.jpeg;https:\/\/images.novelship.com\/product\/_grade_school__air_jordan_1_low_se__nothing_but_ne_2_19727.jpeg;https:\/\/images.novelship.com\/product\/_grade_school__air_jordan_1_low_se__nothing_but_ne_3_19727.jpeg;https:\/\/images.novelship.com\/product\/_grade_school__air_jordan_1_low_se__nothing_but_ne_4_19727.jpeg;https:\/\/images.novelship.com\/product\/_grade_school__air_jordan_1_low_se__nothing_but_ne_5_19727.jpeg;https:\/\/images.novelship.com\/product\/_grade_school__air_jordan_1_low_se__nothing_but_ne_6_19727.jpeg;https:\/\/images.novelship.com\/product\/_grade_school__air_jordan_1_low_se__nothing_but_ne_7_19727.jpeg","twitter_misc":{"Dur\u00e9e de lecture estim\u00e9e":"1 minute"},"schema":{"@context":"https:\/\/schema.org","@graph":[{"@type":"WebPage","@id":"https:\/\/tourcruiser.com\/fr\/products\/grade-school-air-jordan-1-low-se-nothing-but-net-cz8657-100\/","url":"https:\/\/tourcruiser.com\/fr\/products\/grade-school-air-jordan-1-low-se-nothing-but-net-cz8657-100\/","name":"(Grade School) Air Jordan 1 Low SE 'Nothing But Net' CZ8657-100 - TOURCRUISER PTE. LTD","isPartOf":{"@id":"\/#website"},"primaryImageOfPage":{"@id":"https:\/\/tourcruiser.com\/fr\/products\/grade-school-air-jordan-1-low-se-nothing-but-net-cz8657-100\/#primaryimage"},"image":{"@id":"https:\/\/tourcruiser.com\/fr\/products\/grade-school-air-jordan-1-low-se-nothing-but-net-cz8657-100\/#primaryimage"},"thumbnailUrl":"https:\/\/images.novelship.com\/product\/_grade_school__air_jordan_1_low_se__nothing_but_ne_0_19727.jpeg;https:\/\/images.novelship.com\/product\/_grade_school__air_jordan_1_low_se__nothing_but_ne_1_19727.jpeg;https:\/\/images.novelship.com\/product\/_grade_school__air_jordan_1_low_se__nothing_but_ne_2_19727.jpeg;https:\/\/images.novelship.com\/product\/_grade_school__air_jordan_1_low_se__nothing_but_ne_3_19727.jpeg;https:\/\/images.novelship.com\/product\/_grade_school__air_jordan_1_low_se__nothing_but_ne_4_19727.jpeg;https:\/\/images.novelship.com\/product\/_grade_school__air_jordan_1_low_se__nothing_but_ne_5_19727.jpeg;https:\/\/images.novelship.com\/product\/_grade_school__air_jordan_1_low_se__nothing_but_ne_6_19727.jpeg;https:\/\/images.novelship.com\/product\/_grade_school__air_jordan_1_low_se__nothing_but_ne_7_19727.jpeg","datePublished":"2026-04-16T10:17:13+00:00","dateModified":"2026-04-17T16:09:12+00:00","breadcrumb":{"@id":"https:\/\/tourcruiser.com\/fr\/products\/grade-school-air-jordan-1-low-se-nothing-but-net-cz8657-100\/#breadcrumb"},"inLanguage":"fr-FR","potentialAction":[{"@type":"ReadAction","target":["https:\/\/tourcruiser.com\/fr\/products\/grade-school-air-jordan-1-low-se-nothing-but-net-cz8657-100\/"]}]},{"@type":"ImageObject","inLanguage":"fr-FR","@id":"https:\/\/tourcruiser.com\/fr\/products\/grade-school-air-jordan-1-low-se-nothing-but-net-cz8657-100\/#primaryimage","url":"https:\/\/images.novelship.com\/product\/_grade_school__air_jordan_1_low_se__nothing_but_ne_0_19727.jpeg;https:\/\/images.novelship.com\/product\/_grade_school__air_jordan_1_low_se__nothing_but_ne_1_19727.jpeg;https:\/\/images.novelship.com\/product\/_grade_school__air_jordan_1_low_se__nothing_but_ne_2_19727.jpeg;https:\/\/images.novelship.com\/product\/_grade_school__air_jordan_1_low_se__nothing_but_ne_3_19727.jpeg;https:\/\/images.novelship.com\/product\/_grade_school__air_jordan_1_low_se__nothing_but_ne_4_19727.jpeg;https:\/\/images.novelship.com\/product\/_grade_school__air_jordan_1_low_se__nothing_but_ne_5_19727.jpeg;https:\/\/images.novelship.com\/product\/_grade_school__air_jordan_1_low_se__nothing_but_ne_6_19727.jpeg;https:\/\/images.novelship.com\/product\/_grade_school__air_jordan_1_low_se__nothing_but_ne_7_19727.jpeg","contentUrl":"https:\/\/images.novelship.com\/product\/_grade_school__air_jordan_1_low_se__nothing_but_ne_0_19727.jpeg;https:\/\/images.novelship.com\/product\/_grade_school__air_jordan_1_low_se__nothing_but_ne_1_19727.jpeg;https:\/\/images.novelship.com\/product\/_grade_school__air_jordan_1_low_se__nothing_but_ne_2_19727.jpeg;https:\/\/images.novelship.com\/product\/_grade_school__air_jordan_1_low_se__nothing_but_ne_3_19727.jpeg;https:\/\/images.novelship.com\/product\/_grade_school__air_jordan_1_low_se__nothing_but_ne_4_19727.jpeg;https:\/\/images.novelship.com\/product\/_grade_school__air_jordan_1_low_se__nothing_but_ne_5_19727.jpeg;https:\/\/images.novelship.com\/product\/_grade_school__air_jordan_1_low_se__nothing_but_ne_6_19727.jpeg;https:\/\/images.novelship.com\/product\/_grade_school__air_jordan_1_low_se__nothing_but_ne_7_19727.jpeg"},{"@type":"BreadcrumbList","@id":"https:\/\/tourcruiser.com\/fr\/products\/grade-school-air-jordan-1-low-se-nothing-but-net-cz8657-100\/#breadcrumb","itemListElement":[{"@type":"ListItem","position":1,"name":"Home","item":"https:\/\/tourcruiser.com\/fr\/"},{"@type":"ListItem","position":2,"name":"Shop","item":"https:\/\/tourcruiser.com\/fr\/shop\/"},{"@type":"ListItem","position":3,"name":"(Grade School) Air Jordan 1 Low SE &#8216;Nothing But Net&#8217; CZ8657-100"}]},{"@type":"WebSite","@id":"\/#website","url":"\/","name":"Styloral Jewelry Shop","description":"Tourcruiser Sneaker Store \u2014 L\u2019endroit o\u00f9 l\u2019univers rencontre votre singularit\u00e9.","publisher":{"@id":"\/#organization"},"potentialAction":[{"@type":"SearchAction","target":{"@type":"EntryPoint","urlTemplate":"\/?s={search_term_string}"},"query-input":{"@type":"PropertyValueSpecification","valueRequired":true,"valueName":"search_term_string"}}],"inLanguage":"fr-FR"},{"@type":"Organization","@id":"\/#organization","name":"STYLORAL PTE. LTD","url":"\/","logo":{"@type":"ImageObject","inLanguage":"fr-FR","@id":"\/#\/schema\/logo\/image\/","url":"https:\/\/www.tourcruiser.com\/wp-content\/uploads\/2025\/12\/logo.png","contentUrl":"https:\/\/www.tourcruiser.com\/wp-content\/uploads\/2025\/12\/logo.png","width":200,"height":65,"caption":"STYLORAL PTE. LTD"},"image":{"@id":"\/#\/schema\/logo\/image\/"}}]}},"_links":{"self":[{"href":"https:\/\/tourcruiser.com\/fr\/wp-json\/wp\/v2\/product\/775306","targetHints":{"allow":["GET"]}}],"collection":[{"href":"https:\/\/tourcruiser.com\/fr\/wp-json\/wp\/v2\/product"}],"about":[{"href":"https:\/\/tourcruiser.com\/fr\/wp-json\/wp\/v2\/types\/product"}],"replies":[{"embeddable":true,"href":"https:\/\/tourcruiser.com\/fr\/wp-json\/wp\/v2\/comments?post=775306"}],"wp:featuredmedia":[{"embeddable":true,"href":"https:\/\/tourcruiser.com\/fr\/wp-json\/wp\/v2\/media\/775307"}],"wp:attachment":[{"href":"https:\/\/tourcruiser.com\/fr\/wp-json\/wp\/v2\/media?parent=775306"}],"wp:term":[{"taxonomy":"product_brand","embeddable":true,"href":"https:\/\/tourcruiser.com\/fr\/wp-json\/wp\/v2\/product_brand?post=775306"},{"taxonomy":"product_cat","embeddable":true,"href":"https:\/\/tourcruiser.com\/fr\/wp-json\/wp\/v2\/product_cat?post=775306"},{"taxonomy":"product_tag","embeddable":true,"href":"https:\/\/tourcruiser.com\/fr\/wp-json\/wp\/v2\/product_tag?post=775306"}],"curies":[{"name":"wp","href":"https:\/\/api.w.org\/{rel}","templated":true}]}}