{"id":775259,"date":"2026-04-16T17:17:12","date_gmt":"2026-04-16T10:17:12","guid":{"rendered":"http:\/\/tourcruiser.com\/product\/grade-school-air-jordan-1-low-green-toe-553560-371"},"modified":"2026-04-17T23:09:08","modified_gmt":"2026-04-17T16:09:08","slug":"grade-school-air-jordan-1-low-green-toe-553560-371","status":"publish","type":"product","link":"https:\/\/tourcruiser.com\/fr\/products\/grade-school-air-jordan-1-low-green-toe-553560-371\/","title":{"rendered":"(Grade School) Air Jordan 1 Low &lsquo;Green Toe&rsquo; 553560-371"},"content":{"rendered":"<p>Les sneakers Air Jordan 1 Low Green Toe (GS) de Jordan affirment un style audacieux. Leur bout vert \u00e9clatant apporte une touche de dynamisme \u00e0 toutes vos tenues. Arborant le logo embl\u00e9matique Air Jordan et offrant un confort optimal, ces sneakers allient style et fonctionnalit\u00e9 \u00e0 la perfection. Sublimez votre collection de sneakers avec les Air Jordan 1 Low Green Toe (GS).<\/p>\n<p>Coloris : Vert noble\/Pollen\/Blanc\/Noir<\/p>\n<p>Code article : 553560-371<\/p>\n<p>Tige : Cuir<\/p>\n<p>Semelle interm\u00e9diaire : Air<\/p>\n<p>Couleur : Noir<\/p>\n<p>Designer : Peter Moore<\/p>\n<p>Saison : Automne<\/p>\n<p>Ann\u00e9e de sortie : 2021<\/p>\n<p>\u00c2ge : Adulte<br \/>\nCouleur : Blanc\/Gris clair-Or universitaire-Glace<\/p>\n<p>Genre : Jeune<\/p>\n","protected":false},"excerpt":{"rendered":"<p>Les sneakers Air Jordan 1 Low Green Toe (GS) de Jordan affirment un style audacieux. Leur bout vert \u00e9clatant apporte une touche de dynamisme \u00e0 toutes vos tenues. Arborant le logo embl\u00e9matique Air Jordan et offrant un confort optimal, ces sneakers allient style et fonctionnalit\u00e9 \u00e0 la perfection. Sublimez votre collection de sneakers avec les [&hellip;]<\/p>\n","protected":false},"featured_media":775260,"comment_status":"open","ping_status":"closed","template":"","meta":[],"product_brand":[],"product_cat":[38880],"product_tag":[10750,38988,38874,10776,11349,38875,10756,39039],"class_list":{"0":"post-775259","1":"product","2":"type-product","3":"status-publish","4":"has-post-thumbnail","6":"product_cat-jordan","7":"product_tag-athleisure-shoes","8":"product_tag-casual-shoes-for-kids","9":"product_tag-hari-raya-gs","10":"product_tag-jordan","11":"product_tag-jordan-basketball-shoes","12":"product_tag-jordan-skateboard-shoes","13":"product_tag-retro-casual-shoes","14":"product_tag-sneakers-for-kids","16":"first","17":"instock","18":"taxable","19":"shipping-taxable","20":"purchasable","21":"product-type-simple"},"wcpa_form_fields":null,"yoast_head":"<!-- This site is optimized with the Yoast SEO plugin v26.5 - https:\/\/yoast.com\/wordpress\/plugins\/seo\/ -->\n<title>(Grade School) Air Jordan 1 Low &#039;Green Toe&#039; 553560-371 - TOURCRUISER PTE. LTD<\/title>\n<meta name=\"robots\" content=\"index, follow, max-snippet:-1, max-image-preview:large, max-video-preview:-1\" \/>\n<link rel=\"canonical\" href=\"https:\/\/tourcruiser.com\/fr\/products\/grade-school-air-jordan-1-low-green-toe-553560-371\/\" \/>\n<meta property=\"og:locale\" content=\"fr_FR\" \/>\n<meta property=\"og:type\" content=\"article\" \/>\n<meta property=\"og:title\" content=\"(Grade School) Air Jordan 1 Low &#039;Green Toe&#039; 553560-371 - TOURCRUISER PTE. LTD\" \/>\n<meta property=\"og:description\" content=\"Les sneakers Air Jordan 1 Low Green Toe (GS) de Jordan affirment un style audacieux. Leur bout vert \u00e9clatant apporte une touche de dynamisme \u00e0 toutes vos tenues. Arborant le logo embl\u00e9matique Air Jordan et offrant un confort optimal, ces sneakers allient style et fonctionnalit\u00e9 \u00e0 la perfection. Sublimez votre collection de sneakers avec les [&hellip;]\" \/>\n<meta property=\"og:url\" content=\"https:\/\/tourcruiser.com\/fr\/products\/grade-school-air-jordan-1-low-green-toe-553560-371\/\" \/>\n<meta property=\"og:site_name\" content=\"Tourcruiser Sneaker Store\" \/>\n<meta property=\"article:modified_time\" content=\"2026-04-17T16:09:08+00:00\" \/>\n<meta name=\"twitter:card\" content=\"summary_large_image\" \/>\n<meta name=\"twitter:image\" content=\"https:\/\/images.novelship.com\/product\/_grade_school__air_jordan_1_low__green_toe__553560_0_57368.jpeg;https:\/\/images.novelship.com\/product\/_grade_school__air_jordan_1_low__green_toe__553560_1_57368.jpeg;https:\/\/images.novelship.com\/product\/_grade_school__air_jordan_1_low__green_toe__553560_2_57368.jpeg;https:\/\/images.novelship.com\/product\/_grade_school__air_jordan_1_low__green_toe__553560_3_57368.jpeg;https:\/\/images.novelship.com\/product\/_grade_school__air_jordan_1_low__green_toe__553560_4_57368.jpeg;https:\/\/images.novelship.com\/product\/_grade_school__air_jordan_1_low__green_toe__553560_5_57368.jpeg;https:\/\/images.novelship.com\/product\/_grade_school__air_jordan_1_low__green_toe__553560_6_57368.jpeg;https:\/\/images.novelship.com\/product\/_grade_school__air_jordan_1_low__green_toe__553560_7_57368.jpeg\" \/>\n<script type=\"application\/ld+json\" class=\"yoast-schema-graph\">{\"@context\":\"https:\/\/schema.org\",\"@graph\":[{\"@type\":\"WebPage\",\"@id\":\"https:\/\/tourcruiser.com\/fr\/products\/grade-school-air-jordan-1-low-green-toe-553560-371\/\",\"url\":\"https:\/\/tourcruiser.com\/fr\/products\/grade-school-air-jordan-1-low-green-toe-553560-371\/\",\"name\":\"(Grade School) Air Jordan 1 Low 'Green Toe' 553560-371 - TOURCRUISER PTE. LTD\",\"isPartOf\":{\"@id\":\"\/#website\"},\"primaryImageOfPage\":{\"@id\":\"https:\/\/tourcruiser.com\/fr\/products\/grade-school-air-jordan-1-low-green-toe-553560-371\/#primaryimage\"},\"image\":{\"@id\":\"https:\/\/tourcruiser.com\/fr\/products\/grade-school-air-jordan-1-low-green-toe-553560-371\/#primaryimage\"},\"thumbnailUrl\":\"https:\/\/images.novelship.com\/product\/_grade_school__air_jordan_1_low__green_toe__553560_0_57368.jpeg;https:\/\/images.novelship.com\/product\/_grade_school__air_jordan_1_low__green_toe__553560_1_57368.jpeg;https:\/\/images.novelship.com\/product\/_grade_school__air_jordan_1_low__green_toe__553560_2_57368.jpeg;https:\/\/images.novelship.com\/product\/_grade_school__air_jordan_1_low__green_toe__553560_3_57368.jpeg;https:\/\/images.novelship.com\/product\/_grade_school__air_jordan_1_low__green_toe__553560_4_57368.jpeg;https:\/\/images.novelship.com\/product\/_grade_school__air_jordan_1_low__green_toe__553560_5_57368.jpeg;https:\/\/images.novelship.com\/product\/_grade_school__air_jordan_1_low__green_toe__553560_6_57368.jpeg;https:\/\/images.novelship.com\/product\/_grade_school__air_jordan_1_low__green_toe__553560_7_57368.jpeg\",\"datePublished\":\"2026-04-16T10:17:12+00:00\",\"dateModified\":\"2026-04-17T16:09:08+00:00\",\"breadcrumb\":{\"@id\":\"https:\/\/tourcruiser.com\/fr\/products\/grade-school-air-jordan-1-low-green-toe-553560-371\/#breadcrumb\"},\"inLanguage\":\"fr-FR\",\"potentialAction\":[{\"@type\":\"ReadAction\",\"target\":[\"https:\/\/tourcruiser.com\/fr\/products\/grade-school-air-jordan-1-low-green-toe-553560-371\/\"]}]},{\"@type\":\"ImageObject\",\"inLanguage\":\"fr-FR\",\"@id\":\"https:\/\/tourcruiser.com\/fr\/products\/grade-school-air-jordan-1-low-green-toe-553560-371\/#primaryimage\",\"url\":\"https:\/\/images.novelship.com\/product\/_grade_school__air_jordan_1_low__green_toe__553560_0_57368.jpeg;https:\/\/images.novelship.com\/product\/_grade_school__air_jordan_1_low__green_toe__553560_1_57368.jpeg;https:\/\/images.novelship.com\/product\/_grade_school__air_jordan_1_low__green_toe__553560_2_57368.jpeg;https:\/\/images.novelship.com\/product\/_grade_school__air_jordan_1_low__green_toe__553560_3_57368.jpeg;https:\/\/images.novelship.com\/product\/_grade_school__air_jordan_1_low__green_toe__553560_4_57368.jpeg;https:\/\/images.novelship.com\/product\/_grade_school__air_jordan_1_low__green_toe__553560_5_57368.jpeg;https:\/\/images.novelship.com\/product\/_grade_school__air_jordan_1_low__green_toe__553560_6_57368.jpeg;https:\/\/images.novelship.com\/product\/_grade_school__air_jordan_1_low__green_toe__553560_7_57368.jpeg\",\"contentUrl\":\"https:\/\/images.novelship.com\/product\/_grade_school__air_jordan_1_low__green_toe__553560_0_57368.jpeg;https:\/\/images.novelship.com\/product\/_grade_school__air_jordan_1_low__green_toe__553560_1_57368.jpeg;https:\/\/images.novelship.com\/product\/_grade_school__air_jordan_1_low__green_toe__553560_2_57368.jpeg;https:\/\/images.novelship.com\/product\/_grade_school__air_jordan_1_low__green_toe__553560_3_57368.jpeg;https:\/\/images.novelship.com\/product\/_grade_school__air_jordan_1_low__green_toe__553560_4_57368.jpeg;https:\/\/images.novelship.com\/product\/_grade_school__air_jordan_1_low__green_toe__553560_5_57368.jpeg;https:\/\/images.novelship.com\/product\/_grade_school__air_jordan_1_low__green_toe__553560_6_57368.jpeg;https:\/\/images.novelship.com\/product\/_grade_school__air_jordan_1_low__green_toe__553560_7_57368.jpeg\"},{\"@type\":\"BreadcrumbList\",\"@id\":\"https:\/\/tourcruiser.com\/fr\/products\/grade-school-air-jordan-1-low-green-toe-553560-371\/#breadcrumb\",\"itemListElement\":[{\"@type\":\"ListItem\",\"position\":1,\"name\":\"Home\",\"item\":\"https:\/\/tourcruiser.com\/fr\/\"},{\"@type\":\"ListItem\",\"position\":2,\"name\":\"Shop\",\"item\":\"https:\/\/tourcruiser.com\/fr\/shop\/\"},{\"@type\":\"ListItem\",\"position\":3,\"name\":\"(Grade School) Air Jordan 1 Low &#8216;Green Toe&#8217; 553560-371\"}]},{\"@type\":\"WebSite\",\"@id\":\"\/#website\",\"url\":\"\/\",\"name\":\"Styloral Jewelry Shop\",\"description\":\"Tourcruiser Sneaker Store \u2014 L\u2019endroit o\u00f9 l\u2019univers rencontre votre singularit\u00e9.\",\"publisher\":{\"@id\":\"\/#organization\"},\"potentialAction\":[{\"@type\":\"SearchAction\",\"target\":{\"@type\":\"EntryPoint\",\"urlTemplate\":\"\/?s={search_term_string}\"},\"query-input\":{\"@type\":\"PropertyValueSpecification\",\"valueRequired\":true,\"valueName\":\"search_term_string\"}}],\"inLanguage\":\"fr-FR\"},{\"@type\":\"Organization\",\"@id\":\"\/#organization\",\"name\":\"STYLORAL PTE. LTD\",\"url\":\"\/\",\"logo\":{\"@type\":\"ImageObject\",\"inLanguage\":\"fr-FR\",\"@id\":\"\/#\/schema\/logo\/image\/\",\"url\":\"https:\/\/www.tourcruiser.com\/wp-content\/uploads\/2025\/12\/logo.png\",\"contentUrl\":\"https:\/\/www.tourcruiser.com\/wp-content\/uploads\/2025\/12\/logo.png\",\"width\":200,\"height\":65,\"caption\":\"STYLORAL PTE. LTD\"},\"image\":{\"@id\":\"\/#\/schema\/logo\/image\/\"}}]}<\/script>\n<!-- \/ Yoast SEO plugin. -->","yoast_head_json":{"title":"(Grade School) Air Jordan 1 Low 'Green Toe' 553560-371 - TOURCRUISER PTE. LTD","robots":{"index":"index","follow":"follow","max-snippet":"max-snippet:-1","max-image-preview":"max-image-preview:large","max-video-preview":"max-video-preview:-1"},"canonical":"https:\/\/tourcruiser.com\/fr\/products\/grade-school-air-jordan-1-low-green-toe-553560-371\/","og_locale":"fr_FR","og_type":"article","og_title":"(Grade School) Air Jordan 1 Low 'Green Toe' 553560-371 - TOURCRUISER PTE. LTD","og_description":"Les sneakers Air Jordan 1 Low Green Toe (GS) de Jordan affirment un style audacieux. Leur bout vert \u00e9clatant apporte une touche de dynamisme \u00e0 toutes vos tenues. Arborant le logo embl\u00e9matique Air Jordan et offrant un confort optimal, ces sneakers allient style et fonctionnalit\u00e9 \u00e0 la perfection. Sublimez votre collection de sneakers avec les [&hellip;]","og_url":"https:\/\/tourcruiser.com\/fr\/products\/grade-school-air-jordan-1-low-green-toe-553560-371\/","og_site_name":"Tourcruiser Sneaker Store","article_modified_time":"2026-04-17T16:09:08+00:00","twitter_card":"summary_large_image","twitter_image":"https:\/\/images.novelship.com\/product\/_grade_school__air_jordan_1_low__green_toe__553560_0_57368.jpeg;https:\/\/images.novelship.com\/product\/_grade_school__air_jordan_1_low__green_toe__553560_1_57368.jpeg;https:\/\/images.novelship.com\/product\/_grade_school__air_jordan_1_low__green_toe__553560_2_57368.jpeg;https:\/\/images.novelship.com\/product\/_grade_school__air_jordan_1_low__green_toe__553560_3_57368.jpeg;https:\/\/images.novelship.com\/product\/_grade_school__air_jordan_1_low__green_toe__553560_4_57368.jpeg;https:\/\/images.novelship.com\/product\/_grade_school__air_jordan_1_low__green_toe__553560_5_57368.jpeg;https:\/\/images.novelship.com\/product\/_grade_school__air_jordan_1_low__green_toe__553560_6_57368.jpeg;https:\/\/images.novelship.com\/product\/_grade_school__air_jordan_1_low__green_toe__553560_7_57368.jpeg","schema":{"@context":"https:\/\/schema.org","@graph":[{"@type":"WebPage","@id":"https:\/\/tourcruiser.com\/fr\/products\/grade-school-air-jordan-1-low-green-toe-553560-371\/","url":"https:\/\/tourcruiser.com\/fr\/products\/grade-school-air-jordan-1-low-green-toe-553560-371\/","name":"(Grade School) Air Jordan 1 Low 'Green Toe' 553560-371 - TOURCRUISER PTE. LTD","isPartOf":{"@id":"\/#website"},"primaryImageOfPage":{"@id":"https:\/\/tourcruiser.com\/fr\/products\/grade-school-air-jordan-1-low-green-toe-553560-371\/#primaryimage"},"image":{"@id":"https:\/\/tourcruiser.com\/fr\/products\/grade-school-air-jordan-1-low-green-toe-553560-371\/#primaryimage"},"thumbnailUrl":"https:\/\/images.novelship.com\/product\/_grade_school__air_jordan_1_low__green_toe__553560_0_57368.jpeg;https:\/\/images.novelship.com\/product\/_grade_school__air_jordan_1_low__green_toe__553560_1_57368.jpeg;https:\/\/images.novelship.com\/product\/_grade_school__air_jordan_1_low__green_toe__553560_2_57368.jpeg;https:\/\/images.novelship.com\/product\/_grade_school__air_jordan_1_low__green_toe__553560_3_57368.jpeg;https:\/\/images.novelship.com\/product\/_grade_school__air_jordan_1_low__green_toe__553560_4_57368.jpeg;https:\/\/images.novelship.com\/product\/_grade_school__air_jordan_1_low__green_toe__553560_5_57368.jpeg;https:\/\/images.novelship.com\/product\/_grade_school__air_jordan_1_low__green_toe__553560_6_57368.jpeg;https:\/\/images.novelship.com\/product\/_grade_school__air_jordan_1_low__green_toe__553560_7_57368.jpeg","datePublished":"2026-04-16T10:17:12+00:00","dateModified":"2026-04-17T16:09:08+00:00","breadcrumb":{"@id":"https:\/\/tourcruiser.com\/fr\/products\/grade-school-air-jordan-1-low-green-toe-553560-371\/#breadcrumb"},"inLanguage":"fr-FR","potentialAction":[{"@type":"ReadAction","target":["https:\/\/tourcruiser.com\/fr\/products\/grade-school-air-jordan-1-low-green-toe-553560-371\/"]}]},{"@type":"ImageObject","inLanguage":"fr-FR","@id":"https:\/\/tourcruiser.com\/fr\/products\/grade-school-air-jordan-1-low-green-toe-553560-371\/#primaryimage","url":"https:\/\/images.novelship.com\/product\/_grade_school__air_jordan_1_low__green_toe__553560_0_57368.jpeg;https:\/\/images.novelship.com\/product\/_grade_school__air_jordan_1_low__green_toe__553560_1_57368.jpeg;https:\/\/images.novelship.com\/product\/_grade_school__air_jordan_1_low__green_toe__553560_2_57368.jpeg;https:\/\/images.novelship.com\/product\/_grade_school__air_jordan_1_low__green_toe__553560_3_57368.jpeg;https:\/\/images.novelship.com\/product\/_grade_school__air_jordan_1_low__green_toe__553560_4_57368.jpeg;https:\/\/images.novelship.com\/product\/_grade_school__air_jordan_1_low__green_toe__553560_5_57368.jpeg;https:\/\/images.novelship.com\/product\/_grade_school__air_jordan_1_low__green_toe__553560_6_57368.jpeg;https:\/\/images.novelship.com\/product\/_grade_school__air_jordan_1_low__green_toe__553560_7_57368.jpeg","contentUrl":"https:\/\/images.novelship.com\/product\/_grade_school__air_jordan_1_low__green_toe__553560_0_57368.jpeg;https:\/\/images.novelship.com\/product\/_grade_school__air_jordan_1_low__green_toe__553560_1_57368.jpeg;https:\/\/images.novelship.com\/product\/_grade_school__air_jordan_1_low__green_toe__553560_2_57368.jpeg;https:\/\/images.novelship.com\/product\/_grade_school__air_jordan_1_low__green_toe__553560_3_57368.jpeg;https:\/\/images.novelship.com\/product\/_grade_school__air_jordan_1_low__green_toe__553560_4_57368.jpeg;https:\/\/images.novelship.com\/product\/_grade_school__air_jordan_1_low__green_toe__553560_5_57368.jpeg;https:\/\/images.novelship.com\/product\/_grade_school__air_jordan_1_low__green_toe__553560_6_57368.jpeg;https:\/\/images.novelship.com\/product\/_grade_school__air_jordan_1_low__green_toe__553560_7_57368.jpeg"},{"@type":"BreadcrumbList","@id":"https:\/\/tourcruiser.com\/fr\/products\/grade-school-air-jordan-1-low-green-toe-553560-371\/#breadcrumb","itemListElement":[{"@type":"ListItem","position":1,"name":"Home","item":"https:\/\/tourcruiser.com\/fr\/"},{"@type":"ListItem","position":2,"name":"Shop","item":"https:\/\/tourcruiser.com\/fr\/shop\/"},{"@type":"ListItem","position":3,"name":"(Grade School) Air Jordan 1 Low &#8216;Green Toe&#8217; 553560-371"}]},{"@type":"WebSite","@id":"\/#website","url":"\/","name":"Styloral Jewelry Shop","description":"Tourcruiser Sneaker Store \u2014 L\u2019endroit o\u00f9 l\u2019univers rencontre votre singularit\u00e9.","publisher":{"@id":"\/#organization"},"potentialAction":[{"@type":"SearchAction","target":{"@type":"EntryPoint","urlTemplate":"\/?s={search_term_string}"},"query-input":{"@type":"PropertyValueSpecification","valueRequired":true,"valueName":"search_term_string"}}],"inLanguage":"fr-FR"},{"@type":"Organization","@id":"\/#organization","name":"STYLORAL PTE. LTD","url":"\/","logo":{"@type":"ImageObject","inLanguage":"fr-FR","@id":"\/#\/schema\/logo\/image\/","url":"https:\/\/www.tourcruiser.com\/wp-content\/uploads\/2025\/12\/logo.png","contentUrl":"https:\/\/www.tourcruiser.com\/wp-content\/uploads\/2025\/12\/logo.png","width":200,"height":65,"caption":"STYLORAL PTE. LTD"},"image":{"@id":"\/#\/schema\/logo\/image\/"}}]}},"_links":{"self":[{"href":"https:\/\/tourcruiser.com\/fr\/wp-json\/wp\/v2\/product\/775259","targetHints":{"allow":["GET"]}}],"collection":[{"href":"https:\/\/tourcruiser.com\/fr\/wp-json\/wp\/v2\/product"}],"about":[{"href":"https:\/\/tourcruiser.com\/fr\/wp-json\/wp\/v2\/types\/product"}],"replies":[{"embeddable":true,"href":"https:\/\/tourcruiser.com\/fr\/wp-json\/wp\/v2\/comments?post=775259"}],"wp:featuredmedia":[{"embeddable":true,"href":"https:\/\/tourcruiser.com\/fr\/wp-json\/wp\/v2\/media\/775260"}],"wp:attachment":[{"href":"https:\/\/tourcruiser.com\/fr\/wp-json\/wp\/v2\/media?parent=775259"}],"wp:term":[{"taxonomy":"product_brand","embeddable":true,"href":"https:\/\/tourcruiser.com\/fr\/wp-json\/wp\/v2\/product_brand?post=775259"},{"taxonomy":"product_cat","embeddable":true,"href":"https:\/\/tourcruiser.com\/fr\/wp-json\/wp\/v2\/product_cat?post=775259"},{"taxonomy":"product_tag","embeddable":true,"href":"https:\/\/tourcruiser.com\/fr\/wp-json\/wp\/v2\/product_tag?post=775259"}],"curies":[{"name":"wp","href":"https:\/\/api.w.org\/{rel}","templated":true}]}}