{"id":775199,"date":"2026-04-16T17:17:10","date_gmt":"2026-04-16T10:17:10","guid":{"rendered":"http:\/\/tourcruiser.com\/product\/grade-school-air-jordan-legacy-312-low-lakers-cd9054-102"},"modified":"2026-04-17T23:09:06","modified_gmt":"2026-04-17T16:09:06","slug":"grade-school-air-jordan-legacy-312-low-lakers-cd9054-102","status":"publish","type":"product","link":"https:\/\/tourcruiser.com\/fr\/products\/grade-school-air-jordan-legacy-312-low-lakers-cd9054-102\/","title":{"rendered":"(Grade School) Air Jordan Legacy 312 Low &lsquo;Lakers&rsquo; CD9054-102"},"content":{"rendered":"<p>Les sneakers Air Jordan Legacy 312 Low Lakers (GS) de Jordan sont un incontournable pour les jeunes fans de basketball. Avec leur design blanc \u00e9pur\u00e9 et leur hommage aux l\u00e9gendaires Lakers, ces chaussures allient style et confort. Pr\u00e9parez-vous \u00e0 fouler le parquet avec ces sneakers pour enfants qui fusionnent \u00e0 la perfection tradition et innovation.<\/p>\n<p>Coloris\u00a0: Blanc sommet\/Rouge universitaire-Noir-Violet universitaire-Or universitaire<\/p>\n<p>Code article\u00a0: CD9054-102<\/p>\n<p>Tige\u00a0: Cuir<\/p>\n<p>Semelle interm\u00e9diaire\u00a0: Air<\/p>\n<p>Couleur\u00a0: Blanc<\/p>\n<p>Designer\u00a0: Don C<\/p>\n<p>Saison\u00a0: Toute l\u2019ann\u00e9e<br \/>\nAnn\u00e9e de sortie\u00a0: 2019<\/p>\n<p>\u00c2ge\u00a0: Adulte<br \/>\nCouleur\u00a0: Nuage de pluie<br \/>\nGenre\u00a0: Enfant<\/p>\n","protected":false},"excerpt":{"rendered":"<p>Les sneakers Air Jordan Legacy 312 Low Lakers (GS) de Jordan sont un incontournable pour les jeunes fans de basketball. Avec leur design blanc \u00e9pur\u00e9 et leur hommage aux l\u00e9gendaires Lakers, ces chaussures allient style et confort. Pr\u00e9parez-vous \u00e0 fouler le parquet avec ces sneakers pour enfants qui fusionnent \u00e0 la perfection tradition et innovation. [&hellip;]<\/p>\n","protected":false},"featured_media":775200,"comment_status":"open","ping_status":"closed","template":"","meta":[],"product_brand":[],"product_cat":[38880],"product_tag":[10750,38988,10776,11349,38875,10756,39039],"class_list":{"0":"post-775199","1":"product","2":"type-product","3":"status-publish","4":"has-post-thumbnail","6":"product_cat-jordan","7":"product_tag-athleisure-shoes","8":"product_tag-casual-shoes-for-kids","9":"product_tag-jordan","10":"product_tag-jordan-basketball-shoes","11":"product_tag-jordan-skateboard-shoes","12":"product_tag-retro-casual-shoes","13":"product_tag-sneakers-for-kids","15":"first","16":"instock","17":"taxable","18":"shipping-taxable","19":"purchasable","20":"product-type-simple"},"wcpa_form_fields":null,"yoast_head":"<!-- This site is optimized with the Yoast SEO plugin v26.5 - https:\/\/yoast.com\/wordpress\/plugins\/seo\/ -->\n<title>(Grade School) Air Jordan Legacy 312 Low &#039;Lakers&#039; CD9054-102 - TOURCRUISER PTE. LTD<\/title>\n<meta name=\"robots\" content=\"index, follow, max-snippet:-1, max-image-preview:large, max-video-preview:-1\" \/>\n<link rel=\"canonical\" href=\"https:\/\/tourcruiser.com\/fr\/products\/grade-school-air-jordan-legacy-312-low-lakers-cd9054-102\/\" \/>\n<meta property=\"og:locale\" content=\"fr_FR\" \/>\n<meta property=\"og:type\" content=\"article\" \/>\n<meta property=\"og:title\" content=\"(Grade School) Air Jordan Legacy 312 Low &#039;Lakers&#039; CD9054-102 - TOURCRUISER PTE. LTD\" \/>\n<meta property=\"og:description\" content=\"Les sneakers Air Jordan Legacy 312 Low Lakers (GS) de Jordan sont un incontournable pour les jeunes fans de basketball. Avec leur design blanc \u00e9pur\u00e9 et leur hommage aux l\u00e9gendaires Lakers, ces chaussures allient style et confort. Pr\u00e9parez-vous \u00e0 fouler le parquet avec ces sneakers pour enfants qui fusionnent \u00e0 la perfection tradition et innovation. [&hellip;]\" \/>\n<meta property=\"og:url\" content=\"https:\/\/tourcruiser.com\/fr\/products\/grade-school-air-jordan-legacy-312-low-lakers-cd9054-102\/\" \/>\n<meta property=\"og:site_name\" content=\"Tourcruiser Sneaker Store\" \/>\n<meta property=\"article:modified_time\" content=\"2026-04-17T16:09:06+00:00\" \/>\n<meta name=\"twitter:card\" content=\"summary_large_image\" \/>\n<meta name=\"twitter:image\" content=\"https:\/\/images.novelship.com\/product\/_grade_school__air_jordan_legacy_312_low__lakers___0_10200.jpeg;https:\/\/images.novelship.com\/product\/_grade_school__air_jordan_legacy_312_low__lakers___1_10200.jpeg;https:\/\/images.novelship.com\/product\/_grade_school__air_jordan_legacy_312_low__lakers___2_10200.jpeg;https:\/\/images.novelship.com\/product\/_grade_school__air_jordan_legacy_312_low__lakers___3_10200.jpeg;https:\/\/images.novelship.com\/product\/_grade_school__air_jordan_legacy_312_low__lakers___4_10200.jpeg;https:\/\/images.novelship.com\/product\/_grade_school__air_jordan_legacy_312_low__lakers___5_10201.jpeg;https:\/\/images.novelship.com\/product\/_grade_school__air_jordan_legacy_312_low__lakers___6_10201.jpeg;https:\/\/images.novelship.com\/product\/_grade_school__air_jordan_legacy_312_low__lakers___7_10201.jpeg\" \/>\n<script type=\"application\/ld+json\" class=\"yoast-schema-graph\">{\"@context\":\"https:\/\/schema.org\",\"@graph\":[{\"@type\":\"WebPage\",\"@id\":\"https:\/\/tourcruiser.com\/fr\/products\/grade-school-air-jordan-legacy-312-low-lakers-cd9054-102\/\",\"url\":\"https:\/\/tourcruiser.com\/fr\/products\/grade-school-air-jordan-legacy-312-low-lakers-cd9054-102\/\",\"name\":\"(Grade School) Air Jordan Legacy 312 Low 'Lakers' CD9054-102 - TOURCRUISER PTE. LTD\",\"isPartOf\":{\"@id\":\"\/#website\"},\"primaryImageOfPage\":{\"@id\":\"https:\/\/tourcruiser.com\/fr\/products\/grade-school-air-jordan-legacy-312-low-lakers-cd9054-102\/#primaryimage\"},\"image\":{\"@id\":\"https:\/\/tourcruiser.com\/fr\/products\/grade-school-air-jordan-legacy-312-low-lakers-cd9054-102\/#primaryimage\"},\"thumbnailUrl\":\"https:\/\/images.novelship.com\/product\/_grade_school__air_jordan_legacy_312_low__lakers___0_10200.jpeg;https:\/\/images.novelship.com\/product\/_grade_school__air_jordan_legacy_312_low__lakers___1_10200.jpeg;https:\/\/images.novelship.com\/product\/_grade_school__air_jordan_legacy_312_low__lakers___2_10200.jpeg;https:\/\/images.novelship.com\/product\/_grade_school__air_jordan_legacy_312_low__lakers___3_10200.jpeg;https:\/\/images.novelship.com\/product\/_grade_school__air_jordan_legacy_312_low__lakers___4_10200.jpeg;https:\/\/images.novelship.com\/product\/_grade_school__air_jordan_legacy_312_low__lakers___5_10201.jpeg;https:\/\/images.novelship.com\/product\/_grade_school__air_jordan_legacy_312_low__lakers___6_10201.jpeg;https:\/\/images.novelship.com\/product\/_grade_school__air_jordan_legacy_312_low__lakers___7_10201.jpeg\",\"datePublished\":\"2026-04-16T10:17:10+00:00\",\"dateModified\":\"2026-04-17T16:09:06+00:00\",\"breadcrumb\":{\"@id\":\"https:\/\/tourcruiser.com\/fr\/products\/grade-school-air-jordan-legacy-312-low-lakers-cd9054-102\/#breadcrumb\"},\"inLanguage\":\"fr-FR\",\"potentialAction\":[{\"@type\":\"ReadAction\",\"target\":[\"https:\/\/tourcruiser.com\/fr\/products\/grade-school-air-jordan-legacy-312-low-lakers-cd9054-102\/\"]}]},{\"@type\":\"ImageObject\",\"inLanguage\":\"fr-FR\",\"@id\":\"https:\/\/tourcruiser.com\/fr\/products\/grade-school-air-jordan-legacy-312-low-lakers-cd9054-102\/#primaryimage\",\"url\":\"https:\/\/images.novelship.com\/product\/_grade_school__air_jordan_legacy_312_low__lakers___0_10200.jpeg;https:\/\/images.novelship.com\/product\/_grade_school__air_jordan_legacy_312_low__lakers___1_10200.jpeg;https:\/\/images.novelship.com\/product\/_grade_school__air_jordan_legacy_312_low__lakers___2_10200.jpeg;https:\/\/images.novelship.com\/product\/_grade_school__air_jordan_legacy_312_low__lakers___3_10200.jpeg;https:\/\/images.novelship.com\/product\/_grade_school__air_jordan_legacy_312_low__lakers___4_10200.jpeg;https:\/\/images.novelship.com\/product\/_grade_school__air_jordan_legacy_312_low__lakers___5_10201.jpeg;https:\/\/images.novelship.com\/product\/_grade_school__air_jordan_legacy_312_low__lakers___6_10201.jpeg;https:\/\/images.novelship.com\/product\/_grade_school__air_jordan_legacy_312_low__lakers___7_10201.jpeg\",\"contentUrl\":\"https:\/\/images.novelship.com\/product\/_grade_school__air_jordan_legacy_312_low__lakers___0_10200.jpeg;https:\/\/images.novelship.com\/product\/_grade_school__air_jordan_legacy_312_low__lakers___1_10200.jpeg;https:\/\/images.novelship.com\/product\/_grade_school__air_jordan_legacy_312_low__lakers___2_10200.jpeg;https:\/\/images.novelship.com\/product\/_grade_school__air_jordan_legacy_312_low__lakers___3_10200.jpeg;https:\/\/images.novelship.com\/product\/_grade_school__air_jordan_legacy_312_low__lakers___4_10200.jpeg;https:\/\/images.novelship.com\/product\/_grade_school__air_jordan_legacy_312_low__lakers___5_10201.jpeg;https:\/\/images.novelship.com\/product\/_grade_school__air_jordan_legacy_312_low__lakers___6_10201.jpeg;https:\/\/images.novelship.com\/product\/_grade_school__air_jordan_legacy_312_low__lakers___7_10201.jpeg\"},{\"@type\":\"BreadcrumbList\",\"@id\":\"https:\/\/tourcruiser.com\/fr\/products\/grade-school-air-jordan-legacy-312-low-lakers-cd9054-102\/#breadcrumb\",\"itemListElement\":[{\"@type\":\"ListItem\",\"position\":1,\"name\":\"Home\",\"item\":\"https:\/\/tourcruiser.com\/fr\/\"},{\"@type\":\"ListItem\",\"position\":2,\"name\":\"Shop\",\"item\":\"https:\/\/tourcruiser.com\/fr\/shop\/\"},{\"@type\":\"ListItem\",\"position\":3,\"name\":\"(Grade School) Air Jordan Legacy 312 Low &#8216;Lakers&#8217; CD9054-102\"}]},{\"@type\":\"WebSite\",\"@id\":\"\/#website\",\"url\":\"\/\",\"name\":\"Styloral Jewelry Shop\",\"description\":\"Tourcruiser Sneaker Store \u2014 L\u2019endroit o\u00f9 l\u2019univers rencontre votre singularit\u00e9.\",\"publisher\":{\"@id\":\"\/#organization\"},\"potentialAction\":[{\"@type\":\"SearchAction\",\"target\":{\"@type\":\"EntryPoint\",\"urlTemplate\":\"\/?s={search_term_string}\"},\"query-input\":{\"@type\":\"PropertyValueSpecification\",\"valueRequired\":true,\"valueName\":\"search_term_string\"}}],\"inLanguage\":\"fr-FR\"},{\"@type\":\"Organization\",\"@id\":\"\/#organization\",\"name\":\"STYLORAL PTE. LTD\",\"url\":\"\/\",\"logo\":{\"@type\":\"ImageObject\",\"inLanguage\":\"fr-FR\",\"@id\":\"\/#\/schema\/logo\/image\/\",\"url\":\"https:\/\/www.tourcruiser.com\/wp-content\/uploads\/2025\/12\/logo.png\",\"contentUrl\":\"https:\/\/www.tourcruiser.com\/wp-content\/uploads\/2025\/12\/logo.png\",\"width\":200,\"height\":65,\"caption\":\"STYLORAL PTE. LTD\"},\"image\":{\"@id\":\"\/#\/schema\/logo\/image\/\"}}]}<\/script>\n<!-- \/ Yoast SEO plugin. -->","yoast_head_json":{"title":"(Grade School) Air Jordan Legacy 312 Low 'Lakers' CD9054-102 - TOURCRUISER PTE. LTD","robots":{"index":"index","follow":"follow","max-snippet":"max-snippet:-1","max-image-preview":"max-image-preview:large","max-video-preview":"max-video-preview:-1"},"canonical":"https:\/\/tourcruiser.com\/fr\/products\/grade-school-air-jordan-legacy-312-low-lakers-cd9054-102\/","og_locale":"fr_FR","og_type":"article","og_title":"(Grade School) Air Jordan Legacy 312 Low 'Lakers' CD9054-102 - TOURCRUISER PTE. LTD","og_description":"Les sneakers Air Jordan Legacy 312 Low Lakers (GS) de Jordan sont un incontournable pour les jeunes fans de basketball. Avec leur design blanc \u00e9pur\u00e9 et leur hommage aux l\u00e9gendaires Lakers, ces chaussures allient style et confort. Pr\u00e9parez-vous \u00e0 fouler le parquet avec ces sneakers pour enfants qui fusionnent \u00e0 la perfection tradition et innovation. [&hellip;]","og_url":"https:\/\/tourcruiser.com\/fr\/products\/grade-school-air-jordan-legacy-312-low-lakers-cd9054-102\/","og_site_name":"Tourcruiser Sneaker Store","article_modified_time":"2026-04-17T16:09:06+00:00","twitter_card":"summary_large_image","twitter_image":"https:\/\/images.novelship.com\/product\/_grade_school__air_jordan_legacy_312_low__lakers___0_10200.jpeg;https:\/\/images.novelship.com\/product\/_grade_school__air_jordan_legacy_312_low__lakers___1_10200.jpeg;https:\/\/images.novelship.com\/product\/_grade_school__air_jordan_legacy_312_low__lakers___2_10200.jpeg;https:\/\/images.novelship.com\/product\/_grade_school__air_jordan_legacy_312_low__lakers___3_10200.jpeg;https:\/\/images.novelship.com\/product\/_grade_school__air_jordan_legacy_312_low__lakers___4_10200.jpeg;https:\/\/images.novelship.com\/product\/_grade_school__air_jordan_legacy_312_low__lakers___5_10201.jpeg;https:\/\/images.novelship.com\/product\/_grade_school__air_jordan_legacy_312_low__lakers___6_10201.jpeg;https:\/\/images.novelship.com\/product\/_grade_school__air_jordan_legacy_312_low__lakers___7_10201.jpeg","schema":{"@context":"https:\/\/schema.org","@graph":[{"@type":"WebPage","@id":"https:\/\/tourcruiser.com\/fr\/products\/grade-school-air-jordan-legacy-312-low-lakers-cd9054-102\/","url":"https:\/\/tourcruiser.com\/fr\/products\/grade-school-air-jordan-legacy-312-low-lakers-cd9054-102\/","name":"(Grade School) Air Jordan Legacy 312 Low 'Lakers' CD9054-102 - TOURCRUISER PTE. LTD","isPartOf":{"@id":"\/#website"},"primaryImageOfPage":{"@id":"https:\/\/tourcruiser.com\/fr\/products\/grade-school-air-jordan-legacy-312-low-lakers-cd9054-102\/#primaryimage"},"image":{"@id":"https:\/\/tourcruiser.com\/fr\/products\/grade-school-air-jordan-legacy-312-low-lakers-cd9054-102\/#primaryimage"},"thumbnailUrl":"https:\/\/images.novelship.com\/product\/_grade_school__air_jordan_legacy_312_low__lakers___0_10200.jpeg;https:\/\/images.novelship.com\/product\/_grade_school__air_jordan_legacy_312_low__lakers___1_10200.jpeg;https:\/\/images.novelship.com\/product\/_grade_school__air_jordan_legacy_312_low__lakers___2_10200.jpeg;https:\/\/images.novelship.com\/product\/_grade_school__air_jordan_legacy_312_low__lakers___3_10200.jpeg;https:\/\/images.novelship.com\/product\/_grade_school__air_jordan_legacy_312_low__lakers___4_10200.jpeg;https:\/\/images.novelship.com\/product\/_grade_school__air_jordan_legacy_312_low__lakers___5_10201.jpeg;https:\/\/images.novelship.com\/product\/_grade_school__air_jordan_legacy_312_low__lakers___6_10201.jpeg;https:\/\/images.novelship.com\/product\/_grade_school__air_jordan_legacy_312_low__lakers___7_10201.jpeg","datePublished":"2026-04-16T10:17:10+00:00","dateModified":"2026-04-17T16:09:06+00:00","breadcrumb":{"@id":"https:\/\/tourcruiser.com\/fr\/products\/grade-school-air-jordan-legacy-312-low-lakers-cd9054-102\/#breadcrumb"},"inLanguage":"fr-FR","potentialAction":[{"@type":"ReadAction","target":["https:\/\/tourcruiser.com\/fr\/products\/grade-school-air-jordan-legacy-312-low-lakers-cd9054-102\/"]}]},{"@type":"ImageObject","inLanguage":"fr-FR","@id":"https:\/\/tourcruiser.com\/fr\/products\/grade-school-air-jordan-legacy-312-low-lakers-cd9054-102\/#primaryimage","url":"https:\/\/images.novelship.com\/product\/_grade_school__air_jordan_legacy_312_low__lakers___0_10200.jpeg;https:\/\/images.novelship.com\/product\/_grade_school__air_jordan_legacy_312_low__lakers___1_10200.jpeg;https:\/\/images.novelship.com\/product\/_grade_school__air_jordan_legacy_312_low__lakers___2_10200.jpeg;https:\/\/images.novelship.com\/product\/_grade_school__air_jordan_legacy_312_low__lakers___3_10200.jpeg;https:\/\/images.novelship.com\/product\/_grade_school__air_jordan_legacy_312_low__lakers___4_10200.jpeg;https:\/\/images.novelship.com\/product\/_grade_school__air_jordan_legacy_312_low__lakers___5_10201.jpeg;https:\/\/images.novelship.com\/product\/_grade_school__air_jordan_legacy_312_low__lakers___6_10201.jpeg;https:\/\/images.novelship.com\/product\/_grade_school__air_jordan_legacy_312_low__lakers___7_10201.jpeg","contentUrl":"https:\/\/images.novelship.com\/product\/_grade_school__air_jordan_legacy_312_low__lakers___0_10200.jpeg;https:\/\/images.novelship.com\/product\/_grade_school__air_jordan_legacy_312_low__lakers___1_10200.jpeg;https:\/\/images.novelship.com\/product\/_grade_school__air_jordan_legacy_312_low__lakers___2_10200.jpeg;https:\/\/images.novelship.com\/product\/_grade_school__air_jordan_legacy_312_low__lakers___3_10200.jpeg;https:\/\/images.novelship.com\/product\/_grade_school__air_jordan_legacy_312_low__lakers___4_10200.jpeg;https:\/\/images.novelship.com\/product\/_grade_school__air_jordan_legacy_312_low__lakers___5_10201.jpeg;https:\/\/images.novelship.com\/product\/_grade_school__air_jordan_legacy_312_low__lakers___6_10201.jpeg;https:\/\/images.novelship.com\/product\/_grade_school__air_jordan_legacy_312_low__lakers___7_10201.jpeg"},{"@type":"BreadcrumbList","@id":"https:\/\/tourcruiser.com\/fr\/products\/grade-school-air-jordan-legacy-312-low-lakers-cd9054-102\/#breadcrumb","itemListElement":[{"@type":"ListItem","position":1,"name":"Home","item":"https:\/\/tourcruiser.com\/fr\/"},{"@type":"ListItem","position":2,"name":"Shop","item":"https:\/\/tourcruiser.com\/fr\/shop\/"},{"@type":"ListItem","position":3,"name":"(Grade School) Air Jordan Legacy 312 Low &#8216;Lakers&#8217; CD9054-102"}]},{"@type":"WebSite","@id":"\/#website","url":"\/","name":"Styloral Jewelry Shop","description":"Tourcruiser Sneaker Store \u2014 L\u2019endroit o\u00f9 l\u2019univers rencontre votre singularit\u00e9.","publisher":{"@id":"\/#organization"},"potentialAction":[{"@type":"SearchAction","target":{"@type":"EntryPoint","urlTemplate":"\/?s={search_term_string}"},"query-input":{"@type":"PropertyValueSpecification","valueRequired":true,"valueName":"search_term_string"}}],"inLanguage":"fr-FR"},{"@type":"Organization","@id":"\/#organization","name":"STYLORAL PTE. LTD","url":"\/","logo":{"@type":"ImageObject","inLanguage":"fr-FR","@id":"\/#\/schema\/logo\/image\/","url":"https:\/\/www.tourcruiser.com\/wp-content\/uploads\/2025\/12\/logo.png","contentUrl":"https:\/\/www.tourcruiser.com\/wp-content\/uploads\/2025\/12\/logo.png","width":200,"height":65,"caption":"STYLORAL PTE. LTD"},"image":{"@id":"\/#\/schema\/logo\/image\/"}}]}},"_links":{"self":[{"href":"https:\/\/tourcruiser.com\/fr\/wp-json\/wp\/v2\/product\/775199","targetHints":{"allow":["GET"]}}],"collection":[{"href":"https:\/\/tourcruiser.com\/fr\/wp-json\/wp\/v2\/product"}],"about":[{"href":"https:\/\/tourcruiser.com\/fr\/wp-json\/wp\/v2\/types\/product"}],"replies":[{"embeddable":true,"href":"https:\/\/tourcruiser.com\/fr\/wp-json\/wp\/v2\/comments?post=775199"}],"wp:featuredmedia":[{"embeddable":true,"href":"https:\/\/tourcruiser.com\/fr\/wp-json\/wp\/v2\/media\/775200"}],"wp:attachment":[{"href":"https:\/\/tourcruiser.com\/fr\/wp-json\/wp\/v2\/media?parent=775199"}],"wp:term":[{"taxonomy":"product_brand","embeddable":true,"href":"https:\/\/tourcruiser.com\/fr\/wp-json\/wp\/v2\/product_brand?post=775199"},{"taxonomy":"product_cat","embeddable":true,"href":"https:\/\/tourcruiser.com\/fr\/wp-json\/wp\/v2\/product_cat?post=775199"},{"taxonomy":"product_tag","embeddable":true,"href":"https:\/\/tourcruiser.com\/fr\/wp-json\/wp\/v2\/product_tag?post=775199"}],"curies":[{"name":"wp","href":"https:\/\/api.w.org\/{rel}","templated":true}]}}