{"id":775005,"date":"2026-04-16T17:17:02","date_gmt":"2026-04-16T10:17:02","guid":{"rendered":"http:\/\/tourcruiser.com\/product\/women-air-jordan-1-low-bred-sail-dc0774-061"},"modified":"2026-04-17T23:08:48","modified_gmt":"2026-04-17T16:08:48","slug":"women-air-jordan-1-low-bred-sail-dc0774-061","status":"publish","type":"product","link":"https:\/\/tourcruiser.com\/fr\/products\/women-air-jordan-1-low-bred-sail-dc0774-061\/","title":{"rendered":"(Women) Air Jordan 1 Low &lsquo;Bred Sail&rsquo; DC0774-061"},"content":{"rendered":"<p>Les sneakers Air Jordan 1 Low Bred Sail (WMNS) de Jordan sont un choix styl\u00e9 et confortable pour toutes les passionn\u00e9es de sneakers. Avec leur design bas et leur coloris Bred Sail classique, elles sont parfaites au quotidien. La marque Jordan est r\u00e9put\u00e9e pour sa qualit\u00e9 et ses designs embl\u00e9matiques, faisant de ces sneakers un incontournable pour tout amateur de sneakers.<\/p>\n<p>Coloris : Noir\/Voile-Rouge Gym<br \/>\nCode article : DC0774-061<br \/>\nTige : Cuir<br \/>\nSemelle interm\u00e9diaire : Air<br \/>\nCouleur : Noir<br \/>\nDesigner : Peter Moore<br \/>\nSaison : Printemps<br \/>\nAnn\u00e9e de sortie : 2023<br \/>\n\u00c2ge : Adulte<br \/>\nCouleur : Phantom\/Vert Gorge\/Voile\/Or M\u00e9tallis\u00e9<br \/>\nGenre : Femme<\/p>\n","protected":false},"excerpt":{"rendered":"<p>Les sneakers Air Jordan 1 Low Bred Sail (WMNS) de Jordan sont un choix styl\u00e9 et confortable pour toutes les passionn\u00e9es de sneakers. Avec leur design bas et leur coloris Bred Sail classique, elles sont parfaites au quotidien. La marque Jordan est r\u00e9put\u00e9e pour sa qualit\u00e9 et ses designs embl\u00e9matiques, faisant de ces sneakers un [&hellip;]<\/p>\n","protected":false},"featured_media":775006,"comment_status":"open","ping_status":"closed","template":"","meta":[],"product_brand":[],"product_cat":[38880],"product_tag":[10750,38861,38841,38975,38872,10776,11349,38875,10756,39568,39569],"class_list":{"0":"post-775005","1":"product","2":"type-product","3":"status-publish","4":"has-post-thumbnail","6":"product_cat-jordan","7":"product_tag-athleisure-shoes","8":"product_tag-below-retail-price","9":"product_tag-casual-shoes","10":"product_tag-casual-shoes-basketball-inspired","11":"product_tag-gift-idea-for-her","12":"product_tag-jordan","13":"product_tag-jordan-basketball-shoes","14":"product_tag-jordan-skateboard-shoes","15":"product_tag-retro-casual-shoes","16":"product_tag-women-s-collection-for-equality-day","17":"product_tag-women-s-edition-for-equality-day","19":"first","20":"instock","21":"taxable","22":"shipping-taxable","23":"purchasable","24":"product-type-simple"},"wcpa_form_fields":null,"yoast_head":"<!-- This site is optimized with the Yoast SEO plugin v26.5 - https:\/\/yoast.com\/wordpress\/plugins\/seo\/ -->\n<title>(Women) Air Jordan 1 Low &#039;Bred Sail&#039; DC0774-061 - TOURCRUISER PTE. LTD<\/title>\n<meta name=\"robots\" content=\"index, follow, max-snippet:-1, max-image-preview:large, max-video-preview:-1\" \/>\n<link rel=\"canonical\" href=\"https:\/\/tourcruiser.com\/fr\/products\/women-air-jordan-1-low-bred-sail-dc0774-061\/\" \/>\n<meta property=\"og:locale\" content=\"fr_FR\" \/>\n<meta property=\"og:type\" content=\"article\" \/>\n<meta property=\"og:title\" content=\"(Women) Air Jordan 1 Low &#039;Bred Sail&#039; DC0774-061 - TOURCRUISER PTE. LTD\" \/>\n<meta property=\"og:description\" content=\"Les sneakers Air Jordan 1 Low Bred Sail (WMNS) de Jordan sont un choix styl\u00e9 et confortable pour toutes les passionn\u00e9es de sneakers. Avec leur design bas et leur coloris Bred Sail classique, elles sont parfaites au quotidien. La marque Jordan est r\u00e9put\u00e9e pour sa qualit\u00e9 et ses designs embl\u00e9matiques, faisant de ces sneakers un [&hellip;]\" \/>\n<meta property=\"og:url\" content=\"https:\/\/tourcruiser.com\/fr\/products\/women-air-jordan-1-low-bred-sail-dc0774-061\/\" \/>\n<meta property=\"og:site_name\" content=\"Tourcruiser Sneaker Store\" \/>\n<meta property=\"article:modified_time\" content=\"2026-04-17T16:08:48+00:00\" \/>\n<meta name=\"twitter:card\" content=\"summary_large_image\" \/>\n<meta name=\"twitter:image\" content=\"https:\/\/images.novelship.com\/product\/_women__air_jordan_1_low__bred_sail__dc0774_061_0_82996.jpeg;https:\/\/images.novelship.com\/product\/_women__air_jordan_1_low__bred_sail__dc0774_061_1_82997.jpeg;https:\/\/images.novelship.com\/product\/_women__air_jordan_1_low__bred_sail__dc0774_061_2_82997.jpeg;https:\/\/images.novelship.com\/product\/_women__air_jordan_1_low__bred_sail__dc0774_061_3_82997.jpeg;https:\/\/images.novelship.com\/product\/_women__air_jordan_1_low__bred_sail__dc0774_061_4_82997.jpeg;https:\/\/images.novelship.com\/product\/_women__air_jordan_1_low__bred_sail__dc0774_061_5_82997.jpeg;https:\/\/images.novelship.com\/product\/_women__air_jordan_1_low__bred_sail__dc0774_061_6_82997.jpeg;https:\/\/images.novelship.com\/product\/_women__air_jordan_1_low__bred_sail__dc0774_061_7_82997.jpeg\" \/>\n<meta name=\"twitter:label1\" content=\"Dur\u00e9e de lecture estim\u00e9e\" \/>\n\t<meta name=\"twitter:data1\" content=\"1 minute\" \/>\n<script type=\"application\/ld+json\" class=\"yoast-schema-graph\">{\"@context\":\"https:\/\/schema.org\",\"@graph\":[{\"@type\":\"WebPage\",\"@id\":\"https:\/\/tourcruiser.com\/fr\/products\/women-air-jordan-1-low-bred-sail-dc0774-061\/\",\"url\":\"https:\/\/tourcruiser.com\/fr\/products\/women-air-jordan-1-low-bred-sail-dc0774-061\/\",\"name\":\"(Women) Air Jordan 1 Low 'Bred Sail' DC0774-061 - TOURCRUISER PTE. LTD\",\"isPartOf\":{\"@id\":\"\/#website\"},\"primaryImageOfPage\":{\"@id\":\"https:\/\/tourcruiser.com\/fr\/products\/women-air-jordan-1-low-bred-sail-dc0774-061\/#primaryimage\"},\"image\":{\"@id\":\"https:\/\/tourcruiser.com\/fr\/products\/women-air-jordan-1-low-bred-sail-dc0774-061\/#primaryimage\"},\"thumbnailUrl\":\"https:\/\/images.novelship.com\/product\/_women__air_jordan_1_low__bred_sail__dc0774_061_0_82996.jpeg;https:\/\/images.novelship.com\/product\/_women__air_jordan_1_low__bred_sail__dc0774_061_1_82997.jpeg;https:\/\/images.novelship.com\/product\/_women__air_jordan_1_low__bred_sail__dc0774_061_2_82997.jpeg;https:\/\/images.novelship.com\/product\/_women__air_jordan_1_low__bred_sail__dc0774_061_3_82997.jpeg;https:\/\/images.novelship.com\/product\/_women__air_jordan_1_low__bred_sail__dc0774_061_4_82997.jpeg;https:\/\/images.novelship.com\/product\/_women__air_jordan_1_low__bred_sail__dc0774_061_5_82997.jpeg;https:\/\/images.novelship.com\/product\/_women__air_jordan_1_low__bred_sail__dc0774_061_6_82997.jpeg;https:\/\/images.novelship.com\/product\/_women__air_jordan_1_low__bred_sail__dc0774_061_7_82997.jpeg\",\"datePublished\":\"2026-04-16T10:17:02+00:00\",\"dateModified\":\"2026-04-17T16:08:48+00:00\",\"breadcrumb\":{\"@id\":\"https:\/\/tourcruiser.com\/fr\/products\/women-air-jordan-1-low-bred-sail-dc0774-061\/#breadcrumb\"},\"inLanguage\":\"fr-FR\",\"potentialAction\":[{\"@type\":\"ReadAction\",\"target\":[\"https:\/\/tourcruiser.com\/fr\/products\/women-air-jordan-1-low-bred-sail-dc0774-061\/\"]}]},{\"@type\":\"ImageObject\",\"inLanguage\":\"fr-FR\",\"@id\":\"https:\/\/tourcruiser.com\/fr\/products\/women-air-jordan-1-low-bred-sail-dc0774-061\/#primaryimage\",\"url\":\"https:\/\/images.novelship.com\/product\/_women__air_jordan_1_low__bred_sail__dc0774_061_0_82996.jpeg;https:\/\/images.novelship.com\/product\/_women__air_jordan_1_low__bred_sail__dc0774_061_1_82997.jpeg;https:\/\/images.novelship.com\/product\/_women__air_jordan_1_low__bred_sail__dc0774_061_2_82997.jpeg;https:\/\/images.novelship.com\/product\/_women__air_jordan_1_low__bred_sail__dc0774_061_3_82997.jpeg;https:\/\/images.novelship.com\/product\/_women__air_jordan_1_low__bred_sail__dc0774_061_4_82997.jpeg;https:\/\/images.novelship.com\/product\/_women__air_jordan_1_low__bred_sail__dc0774_061_5_82997.jpeg;https:\/\/images.novelship.com\/product\/_women__air_jordan_1_low__bred_sail__dc0774_061_6_82997.jpeg;https:\/\/images.novelship.com\/product\/_women__air_jordan_1_low__bred_sail__dc0774_061_7_82997.jpeg\",\"contentUrl\":\"https:\/\/images.novelship.com\/product\/_women__air_jordan_1_low__bred_sail__dc0774_061_0_82996.jpeg;https:\/\/images.novelship.com\/product\/_women__air_jordan_1_low__bred_sail__dc0774_061_1_82997.jpeg;https:\/\/images.novelship.com\/product\/_women__air_jordan_1_low__bred_sail__dc0774_061_2_82997.jpeg;https:\/\/images.novelship.com\/product\/_women__air_jordan_1_low__bred_sail__dc0774_061_3_82997.jpeg;https:\/\/images.novelship.com\/product\/_women__air_jordan_1_low__bred_sail__dc0774_061_4_82997.jpeg;https:\/\/images.novelship.com\/product\/_women__air_jordan_1_low__bred_sail__dc0774_061_5_82997.jpeg;https:\/\/images.novelship.com\/product\/_women__air_jordan_1_low__bred_sail__dc0774_061_6_82997.jpeg;https:\/\/images.novelship.com\/product\/_women__air_jordan_1_low__bred_sail__dc0774_061_7_82997.jpeg\"},{\"@type\":\"BreadcrumbList\",\"@id\":\"https:\/\/tourcruiser.com\/fr\/products\/women-air-jordan-1-low-bred-sail-dc0774-061\/#breadcrumb\",\"itemListElement\":[{\"@type\":\"ListItem\",\"position\":1,\"name\":\"Home\",\"item\":\"https:\/\/tourcruiser.com\/fr\/\"},{\"@type\":\"ListItem\",\"position\":2,\"name\":\"Shop\",\"item\":\"https:\/\/tourcruiser.com\/fr\/shop\/\"},{\"@type\":\"ListItem\",\"position\":3,\"name\":\"(Women) Air Jordan 1 Low &#8216;Bred Sail&#8217; DC0774-061\"}]},{\"@type\":\"WebSite\",\"@id\":\"\/#website\",\"url\":\"\/\",\"name\":\"Styloral Jewelry Shop\",\"description\":\"Tourcruiser Sneaker Store \u2014 L\u2019endroit o\u00f9 l\u2019univers rencontre votre singularit\u00e9.\",\"publisher\":{\"@id\":\"\/#organization\"},\"potentialAction\":[{\"@type\":\"SearchAction\",\"target\":{\"@type\":\"EntryPoint\",\"urlTemplate\":\"\/?s={search_term_string}\"},\"query-input\":{\"@type\":\"PropertyValueSpecification\",\"valueRequired\":true,\"valueName\":\"search_term_string\"}}],\"inLanguage\":\"fr-FR\"},{\"@type\":\"Organization\",\"@id\":\"\/#organization\",\"name\":\"STYLORAL PTE. LTD\",\"url\":\"\/\",\"logo\":{\"@type\":\"ImageObject\",\"inLanguage\":\"fr-FR\",\"@id\":\"\/#\/schema\/logo\/image\/\",\"url\":\"https:\/\/www.tourcruiser.com\/wp-content\/uploads\/2025\/12\/logo.png\",\"contentUrl\":\"https:\/\/www.tourcruiser.com\/wp-content\/uploads\/2025\/12\/logo.png\",\"width\":200,\"height\":65,\"caption\":\"STYLORAL PTE. LTD\"},\"image\":{\"@id\":\"\/#\/schema\/logo\/image\/\"}}]}<\/script>\n<!-- \/ Yoast SEO plugin. -->","yoast_head_json":{"title":"(Women) Air Jordan 1 Low 'Bred Sail' DC0774-061 - TOURCRUISER PTE. LTD","robots":{"index":"index","follow":"follow","max-snippet":"max-snippet:-1","max-image-preview":"max-image-preview:large","max-video-preview":"max-video-preview:-1"},"canonical":"https:\/\/tourcruiser.com\/fr\/products\/women-air-jordan-1-low-bred-sail-dc0774-061\/","og_locale":"fr_FR","og_type":"article","og_title":"(Women) Air Jordan 1 Low 'Bred Sail' DC0774-061 - TOURCRUISER PTE. LTD","og_description":"Les sneakers Air Jordan 1 Low Bred Sail (WMNS) de Jordan sont un choix styl\u00e9 et confortable pour toutes les passionn\u00e9es de sneakers. Avec leur design bas et leur coloris Bred Sail classique, elles sont parfaites au quotidien. La marque Jordan est r\u00e9put\u00e9e pour sa qualit\u00e9 et ses designs embl\u00e9matiques, faisant de ces sneakers un [&hellip;]","og_url":"https:\/\/tourcruiser.com\/fr\/products\/women-air-jordan-1-low-bred-sail-dc0774-061\/","og_site_name":"Tourcruiser Sneaker Store","article_modified_time":"2026-04-17T16:08:48+00:00","twitter_card":"summary_large_image","twitter_image":"https:\/\/images.novelship.com\/product\/_women__air_jordan_1_low__bred_sail__dc0774_061_0_82996.jpeg;https:\/\/images.novelship.com\/product\/_women__air_jordan_1_low__bred_sail__dc0774_061_1_82997.jpeg;https:\/\/images.novelship.com\/product\/_women__air_jordan_1_low__bred_sail__dc0774_061_2_82997.jpeg;https:\/\/images.novelship.com\/product\/_women__air_jordan_1_low__bred_sail__dc0774_061_3_82997.jpeg;https:\/\/images.novelship.com\/product\/_women__air_jordan_1_low__bred_sail__dc0774_061_4_82997.jpeg;https:\/\/images.novelship.com\/product\/_women__air_jordan_1_low__bred_sail__dc0774_061_5_82997.jpeg;https:\/\/images.novelship.com\/product\/_women__air_jordan_1_low__bred_sail__dc0774_061_6_82997.jpeg;https:\/\/images.novelship.com\/product\/_women__air_jordan_1_low__bred_sail__dc0774_061_7_82997.jpeg","twitter_misc":{"Dur\u00e9e de lecture estim\u00e9e":"1 minute"},"schema":{"@context":"https:\/\/schema.org","@graph":[{"@type":"WebPage","@id":"https:\/\/tourcruiser.com\/fr\/products\/women-air-jordan-1-low-bred-sail-dc0774-061\/","url":"https:\/\/tourcruiser.com\/fr\/products\/women-air-jordan-1-low-bred-sail-dc0774-061\/","name":"(Women) Air Jordan 1 Low 'Bred Sail' DC0774-061 - TOURCRUISER PTE. LTD","isPartOf":{"@id":"\/#website"},"primaryImageOfPage":{"@id":"https:\/\/tourcruiser.com\/fr\/products\/women-air-jordan-1-low-bred-sail-dc0774-061\/#primaryimage"},"image":{"@id":"https:\/\/tourcruiser.com\/fr\/products\/women-air-jordan-1-low-bred-sail-dc0774-061\/#primaryimage"},"thumbnailUrl":"https:\/\/images.novelship.com\/product\/_women__air_jordan_1_low__bred_sail__dc0774_061_0_82996.jpeg;https:\/\/images.novelship.com\/product\/_women__air_jordan_1_low__bred_sail__dc0774_061_1_82997.jpeg;https:\/\/images.novelship.com\/product\/_women__air_jordan_1_low__bred_sail__dc0774_061_2_82997.jpeg;https:\/\/images.novelship.com\/product\/_women__air_jordan_1_low__bred_sail__dc0774_061_3_82997.jpeg;https:\/\/images.novelship.com\/product\/_women__air_jordan_1_low__bred_sail__dc0774_061_4_82997.jpeg;https:\/\/images.novelship.com\/product\/_women__air_jordan_1_low__bred_sail__dc0774_061_5_82997.jpeg;https:\/\/images.novelship.com\/product\/_women__air_jordan_1_low__bred_sail__dc0774_061_6_82997.jpeg;https:\/\/images.novelship.com\/product\/_women__air_jordan_1_low__bred_sail__dc0774_061_7_82997.jpeg","datePublished":"2026-04-16T10:17:02+00:00","dateModified":"2026-04-17T16:08:48+00:00","breadcrumb":{"@id":"https:\/\/tourcruiser.com\/fr\/products\/women-air-jordan-1-low-bred-sail-dc0774-061\/#breadcrumb"},"inLanguage":"fr-FR","potentialAction":[{"@type":"ReadAction","target":["https:\/\/tourcruiser.com\/fr\/products\/women-air-jordan-1-low-bred-sail-dc0774-061\/"]}]},{"@type":"ImageObject","inLanguage":"fr-FR","@id":"https:\/\/tourcruiser.com\/fr\/products\/women-air-jordan-1-low-bred-sail-dc0774-061\/#primaryimage","url":"https:\/\/images.novelship.com\/product\/_women__air_jordan_1_low__bred_sail__dc0774_061_0_82996.jpeg;https:\/\/images.novelship.com\/product\/_women__air_jordan_1_low__bred_sail__dc0774_061_1_82997.jpeg;https:\/\/images.novelship.com\/product\/_women__air_jordan_1_low__bred_sail__dc0774_061_2_82997.jpeg;https:\/\/images.novelship.com\/product\/_women__air_jordan_1_low__bred_sail__dc0774_061_3_82997.jpeg;https:\/\/images.novelship.com\/product\/_women__air_jordan_1_low__bred_sail__dc0774_061_4_82997.jpeg;https:\/\/images.novelship.com\/product\/_women__air_jordan_1_low__bred_sail__dc0774_061_5_82997.jpeg;https:\/\/images.novelship.com\/product\/_women__air_jordan_1_low__bred_sail__dc0774_061_6_82997.jpeg;https:\/\/images.novelship.com\/product\/_women__air_jordan_1_low__bred_sail__dc0774_061_7_82997.jpeg","contentUrl":"https:\/\/images.novelship.com\/product\/_women__air_jordan_1_low__bred_sail__dc0774_061_0_82996.jpeg;https:\/\/images.novelship.com\/product\/_women__air_jordan_1_low__bred_sail__dc0774_061_1_82997.jpeg;https:\/\/images.novelship.com\/product\/_women__air_jordan_1_low__bred_sail__dc0774_061_2_82997.jpeg;https:\/\/images.novelship.com\/product\/_women__air_jordan_1_low__bred_sail__dc0774_061_3_82997.jpeg;https:\/\/images.novelship.com\/product\/_women__air_jordan_1_low__bred_sail__dc0774_061_4_82997.jpeg;https:\/\/images.novelship.com\/product\/_women__air_jordan_1_low__bred_sail__dc0774_061_5_82997.jpeg;https:\/\/images.novelship.com\/product\/_women__air_jordan_1_low__bred_sail__dc0774_061_6_82997.jpeg;https:\/\/images.novelship.com\/product\/_women__air_jordan_1_low__bred_sail__dc0774_061_7_82997.jpeg"},{"@type":"BreadcrumbList","@id":"https:\/\/tourcruiser.com\/fr\/products\/women-air-jordan-1-low-bred-sail-dc0774-061\/#breadcrumb","itemListElement":[{"@type":"ListItem","position":1,"name":"Home","item":"https:\/\/tourcruiser.com\/fr\/"},{"@type":"ListItem","position":2,"name":"Shop","item":"https:\/\/tourcruiser.com\/fr\/shop\/"},{"@type":"ListItem","position":3,"name":"(Women) Air Jordan 1 Low &#8216;Bred Sail&#8217; DC0774-061"}]},{"@type":"WebSite","@id":"\/#website","url":"\/","name":"Styloral Jewelry Shop","description":"Tourcruiser Sneaker Store \u2014 L\u2019endroit o\u00f9 l\u2019univers rencontre votre singularit\u00e9.","publisher":{"@id":"\/#organization"},"potentialAction":[{"@type":"SearchAction","target":{"@type":"EntryPoint","urlTemplate":"\/?s={search_term_string}"},"query-input":{"@type":"PropertyValueSpecification","valueRequired":true,"valueName":"search_term_string"}}],"inLanguage":"fr-FR"},{"@type":"Organization","@id":"\/#organization","name":"STYLORAL PTE. LTD","url":"\/","logo":{"@type":"ImageObject","inLanguage":"fr-FR","@id":"\/#\/schema\/logo\/image\/","url":"https:\/\/www.tourcruiser.com\/wp-content\/uploads\/2025\/12\/logo.png","contentUrl":"https:\/\/www.tourcruiser.com\/wp-content\/uploads\/2025\/12\/logo.png","width":200,"height":65,"caption":"STYLORAL PTE. LTD"},"image":{"@id":"\/#\/schema\/logo\/image\/"}}]}},"_links":{"self":[{"href":"https:\/\/tourcruiser.com\/fr\/wp-json\/wp\/v2\/product\/775005","targetHints":{"allow":["GET"]}}],"collection":[{"href":"https:\/\/tourcruiser.com\/fr\/wp-json\/wp\/v2\/product"}],"about":[{"href":"https:\/\/tourcruiser.com\/fr\/wp-json\/wp\/v2\/types\/product"}],"replies":[{"embeddable":true,"href":"https:\/\/tourcruiser.com\/fr\/wp-json\/wp\/v2\/comments?post=775005"}],"wp:featuredmedia":[{"embeddable":true,"href":"https:\/\/tourcruiser.com\/fr\/wp-json\/wp\/v2\/media\/775006"}],"wp:attachment":[{"href":"https:\/\/tourcruiser.com\/fr\/wp-json\/wp\/v2\/media?parent=775005"}],"wp:term":[{"taxonomy":"product_brand","embeddable":true,"href":"https:\/\/tourcruiser.com\/fr\/wp-json\/wp\/v2\/product_brand?post=775005"},{"taxonomy":"product_cat","embeddable":true,"href":"https:\/\/tourcruiser.com\/fr\/wp-json\/wp\/v2\/product_cat?post=775005"},{"taxonomy":"product_tag","embeddable":true,"href":"https:\/\/tourcruiser.com\/fr\/wp-json\/wp\/v2\/product_tag?post=775005"}],"curies":[{"name":"wp","href":"https:\/\/api.w.org\/{rel}","templated":true}]}}