{"id":774996,"date":"2026-04-16T17:17:02","date_gmt":"2026-04-16T10:17:02","guid":{"rendered":"http:\/\/tourcruiser.com\/product\/youth-air-jordan-1-mid-pink-wash-fd8780-601"},"modified":"2026-04-17T23:08:48","modified_gmt":"2026-04-17T16:08:48","slug":"youth-air-jordan-1-mid-pink-wash-fd8780-601","status":"publish","type":"product","link":"https:\/\/tourcruiser.com\/fr\/products\/youth-air-jordan-1-mid-pink-wash-fd8780-601\/","title":{"rendered":"(Youth) Air Jordan 1 Mid &lsquo;Pink Wash&rsquo; FD8780-601"},"content":{"rendered":"<p>D\u00e9couvrez l&#8217;embl\u00e9matique Air Jordan 1 Mid \u00ab\u00a0Pink Wash\u00a0\u00bb (Enfant)\u00a0: une version moderne d&rsquo;un classique intemporel\u00a0! Cette sneaker arbore un coloris rose et blanc \u00e9clatant, alliant style et fantaisie. Confectionn\u00e9e \u00e0 partir de mat\u00e9riaux haut de gamme, elle offre durabilit\u00e9 et confort aux jeunes pieds. L&rsquo;amorti Air classique assure un maintien optimal tout au long de la journ\u00e9e, tandis que sa tige montante apporte une touche r\u00e9tro. Avec ces Air Jordan 1 Mid au style unique, votre enfant se d\u00e9marquera\u00a0!<\/p>\n<p>Coloris\u00a0: Pink Wash\/Violet Frost\/Blanc<\/p>\n<p>Code article\u00a0: FD8780-601<\/p>\n<p>Tige\u00a0: Cuir<\/p>\n<p>Semelle interm\u00e9diaire\u00a0: Air<\/p>\n<p>Designer\u00a0: Peter Moore<\/p>\n<p>Ann\u00e9e de sortie\u00a0: 2023<\/p>\n<p>\u00c2ge\u00a0: Adulte<\/p>\n<p>Couleur\u00a0: Noir\/Sail-Rouge Gym<br \/>\nGenre\u00a0: Enfant<\/p>\n","protected":false},"excerpt":{"rendered":"<p>D\u00e9couvrez l&#8217;embl\u00e9matique Air Jordan 1 Mid \u00ab\u00a0Pink Wash\u00a0\u00bb (Enfant)\u00a0: une version moderne d&rsquo;un classique intemporel\u00a0! Cette sneaker arbore un coloris rose et blanc \u00e9clatant, alliant style et fantaisie. Confectionn\u00e9e \u00e0 partir de mat\u00e9riaux haut de gamme, elle offre durabilit\u00e9 et confort aux jeunes pieds. L&rsquo;amorti Air classique assure un maintien optimal tout au long de [&hellip;]<\/p>\n","protected":false},"featured_media":774997,"comment_status":"open","ping_status":"closed","template":"","meta":[],"product_brand":[],"product_cat":[38880],"product_tag":[10750,38861,38988,10776,10756,39039],"class_list":{"0":"post-774996","1":"product","2":"type-product","3":"status-publish","4":"has-post-thumbnail","6":"product_cat-jordan","7":"product_tag-athleisure-shoes","8":"product_tag-below-retail-price","9":"product_tag-casual-shoes-for-kids","10":"product_tag-jordan","11":"product_tag-retro-casual-shoes","12":"product_tag-sneakers-for-kids","14":"first","15":"instock","16":"taxable","17":"shipping-taxable","18":"purchasable","19":"product-type-simple"},"wcpa_form_fields":null,"yoast_head":"<!-- This site is optimized with the Yoast SEO plugin v26.5 - https:\/\/yoast.com\/wordpress\/plugins\/seo\/ -->\n<title>(Youth) Air Jordan 1 Mid &#039;Pink Wash&#039; FD8780-601 - TOURCRUISER PTE. LTD<\/title>\n<meta name=\"robots\" content=\"index, follow, max-snippet:-1, max-image-preview:large, max-video-preview:-1\" \/>\n<link rel=\"canonical\" href=\"https:\/\/tourcruiser.com\/fr\/products\/youth-air-jordan-1-mid-pink-wash-fd8780-601\/\" \/>\n<meta property=\"og:locale\" content=\"fr_FR\" \/>\n<meta property=\"og:type\" content=\"article\" \/>\n<meta property=\"og:title\" content=\"(Youth) Air Jordan 1 Mid &#039;Pink Wash&#039; FD8780-601 - TOURCRUISER PTE. LTD\" \/>\n<meta property=\"og:description\" content=\"D\u00e9couvrez l&#8217;embl\u00e9matique Air Jordan 1 Mid \u00ab\u00a0Pink Wash\u00a0\u00bb (Enfant)\u00a0: une version moderne d&rsquo;un classique intemporel\u00a0! Cette sneaker arbore un coloris rose et blanc \u00e9clatant, alliant style et fantaisie. Confectionn\u00e9e \u00e0 partir de mat\u00e9riaux haut de gamme, elle offre durabilit\u00e9 et confort aux jeunes pieds. L&rsquo;amorti Air classique assure un maintien optimal tout au long de [&hellip;]\" \/>\n<meta property=\"og:url\" content=\"https:\/\/tourcruiser.com\/fr\/products\/youth-air-jordan-1-mid-pink-wash-fd8780-601\/\" \/>\n<meta property=\"og:site_name\" content=\"Tourcruiser Sneaker Store\" \/>\n<meta property=\"article:modified_time\" content=\"2026-04-17T16:08:48+00:00\" \/>\n<meta name=\"twitter:card\" content=\"summary_large_image\" \/>\n<meta name=\"twitter:image\" content=\"https:\/\/images.novelship.com\/product\/_youth__air_jordan_1_mid__pink_wash__fd8780_601_0_24227.jpeg;https:\/\/images.novelship.com\/product\/_youth__air_jordan_1_mid__pink_wash__fd8780_601_1_24227.jpeg;https:\/\/images.novelship.com\/product\/_youth__air_jordan_1_mid__pink_wash__fd8780_601_2_24227.jpeg;https:\/\/images.novelship.com\/product\/_youth__air_jordan_1_mid__pink_wash__fd8780_601_3_24227.jpeg;https:\/\/images.novelship.com\/product\/_youth__air_jordan_1_mid__pink_wash__fd8780_601_4_24227.jpeg;https:\/\/images.novelship.com\/product\/_youth__air_jordan_1_mid__pink_wash__fd8780_601_5_24227.jpeg;https:\/\/images.novelship.com\/product\/_youth__air_jordan_1_mid__pink_wash__fd8780_601_6_24227.jpeg;https:\/\/images.novelship.com\/product\/_youth__air_jordan_1_mid__pink_wash__fd8780_601_7_24227.jpeg\" \/>\n<meta name=\"twitter:label1\" content=\"Dur\u00e9e de lecture estim\u00e9e\" \/>\n\t<meta name=\"twitter:data1\" content=\"1 minute\" \/>\n<script type=\"application\/ld+json\" class=\"yoast-schema-graph\">{\"@context\":\"https:\/\/schema.org\",\"@graph\":[{\"@type\":\"WebPage\",\"@id\":\"https:\/\/tourcruiser.com\/fr\/products\/youth-air-jordan-1-mid-pink-wash-fd8780-601\/\",\"url\":\"https:\/\/tourcruiser.com\/fr\/products\/youth-air-jordan-1-mid-pink-wash-fd8780-601\/\",\"name\":\"(Youth) Air Jordan 1 Mid 'Pink Wash' FD8780-601 - TOURCRUISER PTE. LTD\",\"isPartOf\":{\"@id\":\"\/#website\"},\"primaryImageOfPage\":{\"@id\":\"https:\/\/tourcruiser.com\/fr\/products\/youth-air-jordan-1-mid-pink-wash-fd8780-601\/#primaryimage\"},\"image\":{\"@id\":\"https:\/\/tourcruiser.com\/fr\/products\/youth-air-jordan-1-mid-pink-wash-fd8780-601\/#primaryimage\"},\"thumbnailUrl\":\"https:\/\/images.novelship.com\/product\/_youth__air_jordan_1_mid__pink_wash__fd8780_601_0_24227.jpeg;https:\/\/images.novelship.com\/product\/_youth__air_jordan_1_mid__pink_wash__fd8780_601_1_24227.jpeg;https:\/\/images.novelship.com\/product\/_youth__air_jordan_1_mid__pink_wash__fd8780_601_2_24227.jpeg;https:\/\/images.novelship.com\/product\/_youth__air_jordan_1_mid__pink_wash__fd8780_601_3_24227.jpeg;https:\/\/images.novelship.com\/product\/_youth__air_jordan_1_mid__pink_wash__fd8780_601_4_24227.jpeg;https:\/\/images.novelship.com\/product\/_youth__air_jordan_1_mid__pink_wash__fd8780_601_5_24227.jpeg;https:\/\/images.novelship.com\/product\/_youth__air_jordan_1_mid__pink_wash__fd8780_601_6_24227.jpeg;https:\/\/images.novelship.com\/product\/_youth__air_jordan_1_mid__pink_wash__fd8780_601_7_24227.jpeg\",\"datePublished\":\"2026-04-16T10:17:02+00:00\",\"dateModified\":\"2026-04-17T16:08:48+00:00\",\"breadcrumb\":{\"@id\":\"https:\/\/tourcruiser.com\/fr\/products\/youth-air-jordan-1-mid-pink-wash-fd8780-601\/#breadcrumb\"},\"inLanguage\":\"fr-FR\",\"potentialAction\":[{\"@type\":\"ReadAction\",\"target\":[\"https:\/\/tourcruiser.com\/fr\/products\/youth-air-jordan-1-mid-pink-wash-fd8780-601\/\"]}]},{\"@type\":\"ImageObject\",\"inLanguage\":\"fr-FR\",\"@id\":\"https:\/\/tourcruiser.com\/fr\/products\/youth-air-jordan-1-mid-pink-wash-fd8780-601\/#primaryimage\",\"url\":\"https:\/\/images.novelship.com\/product\/_youth__air_jordan_1_mid__pink_wash__fd8780_601_0_24227.jpeg;https:\/\/images.novelship.com\/product\/_youth__air_jordan_1_mid__pink_wash__fd8780_601_1_24227.jpeg;https:\/\/images.novelship.com\/product\/_youth__air_jordan_1_mid__pink_wash__fd8780_601_2_24227.jpeg;https:\/\/images.novelship.com\/product\/_youth__air_jordan_1_mid__pink_wash__fd8780_601_3_24227.jpeg;https:\/\/images.novelship.com\/product\/_youth__air_jordan_1_mid__pink_wash__fd8780_601_4_24227.jpeg;https:\/\/images.novelship.com\/product\/_youth__air_jordan_1_mid__pink_wash__fd8780_601_5_24227.jpeg;https:\/\/images.novelship.com\/product\/_youth__air_jordan_1_mid__pink_wash__fd8780_601_6_24227.jpeg;https:\/\/images.novelship.com\/product\/_youth__air_jordan_1_mid__pink_wash__fd8780_601_7_24227.jpeg\",\"contentUrl\":\"https:\/\/images.novelship.com\/product\/_youth__air_jordan_1_mid__pink_wash__fd8780_601_0_24227.jpeg;https:\/\/images.novelship.com\/product\/_youth__air_jordan_1_mid__pink_wash__fd8780_601_1_24227.jpeg;https:\/\/images.novelship.com\/product\/_youth__air_jordan_1_mid__pink_wash__fd8780_601_2_24227.jpeg;https:\/\/images.novelship.com\/product\/_youth__air_jordan_1_mid__pink_wash__fd8780_601_3_24227.jpeg;https:\/\/images.novelship.com\/product\/_youth__air_jordan_1_mid__pink_wash__fd8780_601_4_24227.jpeg;https:\/\/images.novelship.com\/product\/_youth__air_jordan_1_mid__pink_wash__fd8780_601_5_24227.jpeg;https:\/\/images.novelship.com\/product\/_youth__air_jordan_1_mid__pink_wash__fd8780_601_6_24227.jpeg;https:\/\/images.novelship.com\/product\/_youth__air_jordan_1_mid__pink_wash__fd8780_601_7_24227.jpeg\"},{\"@type\":\"BreadcrumbList\",\"@id\":\"https:\/\/tourcruiser.com\/fr\/products\/youth-air-jordan-1-mid-pink-wash-fd8780-601\/#breadcrumb\",\"itemListElement\":[{\"@type\":\"ListItem\",\"position\":1,\"name\":\"Home\",\"item\":\"https:\/\/tourcruiser.com\/fr\/\"},{\"@type\":\"ListItem\",\"position\":2,\"name\":\"Shop\",\"item\":\"https:\/\/tourcruiser.com\/fr\/shop\/\"},{\"@type\":\"ListItem\",\"position\":3,\"name\":\"(Youth) Air Jordan 1 Mid &#8216;Pink Wash&#8217; FD8780-601\"}]},{\"@type\":\"WebSite\",\"@id\":\"\/#website\",\"url\":\"\/\",\"name\":\"Styloral Jewelry Shop\",\"description\":\"Tourcruiser Sneaker Store \u2014 L\u2019endroit o\u00f9 l\u2019univers rencontre votre singularit\u00e9.\",\"publisher\":{\"@id\":\"\/#organization\"},\"potentialAction\":[{\"@type\":\"SearchAction\",\"target\":{\"@type\":\"EntryPoint\",\"urlTemplate\":\"\/?s={search_term_string}\"},\"query-input\":{\"@type\":\"PropertyValueSpecification\",\"valueRequired\":true,\"valueName\":\"search_term_string\"}}],\"inLanguage\":\"fr-FR\"},{\"@type\":\"Organization\",\"@id\":\"\/#organization\",\"name\":\"STYLORAL PTE. LTD\",\"url\":\"\/\",\"logo\":{\"@type\":\"ImageObject\",\"inLanguage\":\"fr-FR\",\"@id\":\"\/#\/schema\/logo\/image\/\",\"url\":\"https:\/\/www.tourcruiser.com\/wp-content\/uploads\/2025\/12\/logo.png\",\"contentUrl\":\"https:\/\/www.tourcruiser.com\/wp-content\/uploads\/2025\/12\/logo.png\",\"width\":200,\"height\":65,\"caption\":\"STYLORAL PTE. LTD\"},\"image\":{\"@id\":\"\/#\/schema\/logo\/image\/\"}}]}<\/script>\n<!-- \/ Yoast SEO plugin. -->","yoast_head_json":{"title":"(Youth) Air Jordan 1 Mid 'Pink Wash' FD8780-601 - TOURCRUISER PTE. LTD","robots":{"index":"index","follow":"follow","max-snippet":"max-snippet:-1","max-image-preview":"max-image-preview:large","max-video-preview":"max-video-preview:-1"},"canonical":"https:\/\/tourcruiser.com\/fr\/products\/youth-air-jordan-1-mid-pink-wash-fd8780-601\/","og_locale":"fr_FR","og_type":"article","og_title":"(Youth) Air Jordan 1 Mid 'Pink Wash' FD8780-601 - TOURCRUISER PTE. LTD","og_description":"D\u00e9couvrez l&#8217;embl\u00e9matique Air Jordan 1 Mid \u00ab\u00a0Pink Wash\u00a0\u00bb (Enfant)\u00a0: une version moderne d&rsquo;un classique intemporel\u00a0! Cette sneaker arbore un coloris rose et blanc \u00e9clatant, alliant style et fantaisie. Confectionn\u00e9e \u00e0 partir de mat\u00e9riaux haut de gamme, elle offre durabilit\u00e9 et confort aux jeunes pieds. L&rsquo;amorti Air classique assure un maintien optimal tout au long de [&hellip;]","og_url":"https:\/\/tourcruiser.com\/fr\/products\/youth-air-jordan-1-mid-pink-wash-fd8780-601\/","og_site_name":"Tourcruiser Sneaker Store","article_modified_time":"2026-04-17T16:08:48+00:00","twitter_card":"summary_large_image","twitter_image":"https:\/\/images.novelship.com\/product\/_youth__air_jordan_1_mid__pink_wash__fd8780_601_0_24227.jpeg;https:\/\/images.novelship.com\/product\/_youth__air_jordan_1_mid__pink_wash__fd8780_601_1_24227.jpeg;https:\/\/images.novelship.com\/product\/_youth__air_jordan_1_mid__pink_wash__fd8780_601_2_24227.jpeg;https:\/\/images.novelship.com\/product\/_youth__air_jordan_1_mid__pink_wash__fd8780_601_3_24227.jpeg;https:\/\/images.novelship.com\/product\/_youth__air_jordan_1_mid__pink_wash__fd8780_601_4_24227.jpeg;https:\/\/images.novelship.com\/product\/_youth__air_jordan_1_mid__pink_wash__fd8780_601_5_24227.jpeg;https:\/\/images.novelship.com\/product\/_youth__air_jordan_1_mid__pink_wash__fd8780_601_6_24227.jpeg;https:\/\/images.novelship.com\/product\/_youth__air_jordan_1_mid__pink_wash__fd8780_601_7_24227.jpeg","twitter_misc":{"Dur\u00e9e de lecture estim\u00e9e":"1 minute"},"schema":{"@context":"https:\/\/schema.org","@graph":[{"@type":"WebPage","@id":"https:\/\/tourcruiser.com\/fr\/products\/youth-air-jordan-1-mid-pink-wash-fd8780-601\/","url":"https:\/\/tourcruiser.com\/fr\/products\/youth-air-jordan-1-mid-pink-wash-fd8780-601\/","name":"(Youth) Air Jordan 1 Mid 'Pink Wash' FD8780-601 - TOURCRUISER PTE. LTD","isPartOf":{"@id":"\/#website"},"primaryImageOfPage":{"@id":"https:\/\/tourcruiser.com\/fr\/products\/youth-air-jordan-1-mid-pink-wash-fd8780-601\/#primaryimage"},"image":{"@id":"https:\/\/tourcruiser.com\/fr\/products\/youth-air-jordan-1-mid-pink-wash-fd8780-601\/#primaryimage"},"thumbnailUrl":"https:\/\/images.novelship.com\/product\/_youth__air_jordan_1_mid__pink_wash__fd8780_601_0_24227.jpeg;https:\/\/images.novelship.com\/product\/_youth__air_jordan_1_mid__pink_wash__fd8780_601_1_24227.jpeg;https:\/\/images.novelship.com\/product\/_youth__air_jordan_1_mid__pink_wash__fd8780_601_2_24227.jpeg;https:\/\/images.novelship.com\/product\/_youth__air_jordan_1_mid__pink_wash__fd8780_601_3_24227.jpeg;https:\/\/images.novelship.com\/product\/_youth__air_jordan_1_mid__pink_wash__fd8780_601_4_24227.jpeg;https:\/\/images.novelship.com\/product\/_youth__air_jordan_1_mid__pink_wash__fd8780_601_5_24227.jpeg;https:\/\/images.novelship.com\/product\/_youth__air_jordan_1_mid__pink_wash__fd8780_601_6_24227.jpeg;https:\/\/images.novelship.com\/product\/_youth__air_jordan_1_mid__pink_wash__fd8780_601_7_24227.jpeg","datePublished":"2026-04-16T10:17:02+00:00","dateModified":"2026-04-17T16:08:48+00:00","breadcrumb":{"@id":"https:\/\/tourcruiser.com\/fr\/products\/youth-air-jordan-1-mid-pink-wash-fd8780-601\/#breadcrumb"},"inLanguage":"fr-FR","potentialAction":[{"@type":"ReadAction","target":["https:\/\/tourcruiser.com\/fr\/products\/youth-air-jordan-1-mid-pink-wash-fd8780-601\/"]}]},{"@type":"ImageObject","inLanguage":"fr-FR","@id":"https:\/\/tourcruiser.com\/fr\/products\/youth-air-jordan-1-mid-pink-wash-fd8780-601\/#primaryimage","url":"https:\/\/images.novelship.com\/product\/_youth__air_jordan_1_mid__pink_wash__fd8780_601_0_24227.jpeg;https:\/\/images.novelship.com\/product\/_youth__air_jordan_1_mid__pink_wash__fd8780_601_1_24227.jpeg;https:\/\/images.novelship.com\/product\/_youth__air_jordan_1_mid__pink_wash__fd8780_601_2_24227.jpeg;https:\/\/images.novelship.com\/product\/_youth__air_jordan_1_mid__pink_wash__fd8780_601_3_24227.jpeg;https:\/\/images.novelship.com\/product\/_youth__air_jordan_1_mid__pink_wash__fd8780_601_4_24227.jpeg;https:\/\/images.novelship.com\/product\/_youth__air_jordan_1_mid__pink_wash__fd8780_601_5_24227.jpeg;https:\/\/images.novelship.com\/product\/_youth__air_jordan_1_mid__pink_wash__fd8780_601_6_24227.jpeg;https:\/\/images.novelship.com\/product\/_youth__air_jordan_1_mid__pink_wash__fd8780_601_7_24227.jpeg","contentUrl":"https:\/\/images.novelship.com\/product\/_youth__air_jordan_1_mid__pink_wash__fd8780_601_0_24227.jpeg;https:\/\/images.novelship.com\/product\/_youth__air_jordan_1_mid__pink_wash__fd8780_601_1_24227.jpeg;https:\/\/images.novelship.com\/product\/_youth__air_jordan_1_mid__pink_wash__fd8780_601_2_24227.jpeg;https:\/\/images.novelship.com\/product\/_youth__air_jordan_1_mid__pink_wash__fd8780_601_3_24227.jpeg;https:\/\/images.novelship.com\/product\/_youth__air_jordan_1_mid__pink_wash__fd8780_601_4_24227.jpeg;https:\/\/images.novelship.com\/product\/_youth__air_jordan_1_mid__pink_wash__fd8780_601_5_24227.jpeg;https:\/\/images.novelship.com\/product\/_youth__air_jordan_1_mid__pink_wash__fd8780_601_6_24227.jpeg;https:\/\/images.novelship.com\/product\/_youth__air_jordan_1_mid__pink_wash__fd8780_601_7_24227.jpeg"},{"@type":"BreadcrumbList","@id":"https:\/\/tourcruiser.com\/fr\/products\/youth-air-jordan-1-mid-pink-wash-fd8780-601\/#breadcrumb","itemListElement":[{"@type":"ListItem","position":1,"name":"Home","item":"https:\/\/tourcruiser.com\/fr\/"},{"@type":"ListItem","position":2,"name":"Shop","item":"https:\/\/tourcruiser.com\/fr\/shop\/"},{"@type":"ListItem","position":3,"name":"(Youth) Air Jordan 1 Mid &#8216;Pink Wash&#8217; FD8780-601"}]},{"@type":"WebSite","@id":"\/#website","url":"\/","name":"Styloral Jewelry Shop","description":"Tourcruiser Sneaker Store \u2014 L\u2019endroit o\u00f9 l\u2019univers rencontre votre singularit\u00e9.","publisher":{"@id":"\/#organization"},"potentialAction":[{"@type":"SearchAction","target":{"@type":"EntryPoint","urlTemplate":"\/?s={search_term_string}"},"query-input":{"@type":"PropertyValueSpecification","valueRequired":true,"valueName":"search_term_string"}}],"inLanguage":"fr-FR"},{"@type":"Organization","@id":"\/#organization","name":"STYLORAL PTE. LTD","url":"\/","logo":{"@type":"ImageObject","inLanguage":"fr-FR","@id":"\/#\/schema\/logo\/image\/","url":"https:\/\/www.tourcruiser.com\/wp-content\/uploads\/2025\/12\/logo.png","contentUrl":"https:\/\/www.tourcruiser.com\/wp-content\/uploads\/2025\/12\/logo.png","width":200,"height":65,"caption":"STYLORAL PTE. LTD"},"image":{"@id":"\/#\/schema\/logo\/image\/"}}]}},"_links":{"self":[{"href":"https:\/\/tourcruiser.com\/fr\/wp-json\/wp\/v2\/product\/774996","targetHints":{"allow":["GET"]}}],"collection":[{"href":"https:\/\/tourcruiser.com\/fr\/wp-json\/wp\/v2\/product"}],"about":[{"href":"https:\/\/tourcruiser.com\/fr\/wp-json\/wp\/v2\/types\/product"}],"replies":[{"embeddable":true,"href":"https:\/\/tourcruiser.com\/fr\/wp-json\/wp\/v2\/comments?post=774996"}],"wp:featuredmedia":[{"embeddable":true,"href":"https:\/\/tourcruiser.com\/fr\/wp-json\/wp\/v2\/media\/774997"}],"wp:attachment":[{"href":"https:\/\/tourcruiser.com\/fr\/wp-json\/wp\/v2\/media?parent=774996"}],"wp:term":[{"taxonomy":"product_brand","embeddable":true,"href":"https:\/\/tourcruiser.com\/fr\/wp-json\/wp\/v2\/product_brand?post=774996"},{"taxonomy":"product_cat","embeddable":true,"href":"https:\/\/tourcruiser.com\/fr\/wp-json\/wp\/v2\/product_cat?post=774996"},{"taxonomy":"product_tag","embeddable":true,"href":"https:\/\/tourcruiser.com\/fr\/wp-json\/wp\/v2\/product_tag?post=774996"}],"curies":[{"name":"wp","href":"https:\/\/api.w.org\/{rel}","templated":true}]}}