{"id":774987,"date":"2026-04-16T17:17:02","date_gmt":"2026-04-16T10:17:02","guid":{"rendered":"http:\/\/tourcruiser.com\/product\/grade-school-air-jordan-1-low-light-arctic-pink-553560-800"},"modified":"2026-04-17T23:08:48","modified_gmt":"2026-04-17T16:08:48","slug":"grade-school-air-jordan-1-low-light-arctic-pink-553560-800","status":"publish","type":"product","link":"https:\/\/tourcruiser.com\/fr\/products\/grade-school-air-jordan-1-low-light-arctic-pink-553560-800\/","title":{"rendered":"(Grade School) Air Jordan 1 Low &lsquo;Light Arctic Pink&rsquo; 553560-800"},"content":{"rendered":"<p>D\u00e9couvrez la Air Jordan 1 Low Light Arctic Pink (GS) de Jordan. Cette sneaker styl\u00e9e s\u00e9duit par son \u00e9l\u00e9gante couleur rose arctique et sa coupe basse. Confectionn\u00e9e avec des mat\u00e9riaux haut de gamme, elle offre un confort exceptionnel et un maintien optimal. Parfaite pour les loisirs et le sport, cette sneaker est un incontournable de toute collection.<\/p>\n<p>Coloris\u00a0: Rose arctique clair\/Blanc\/Noir<\/p>\n<p>Code article\u00a0: 553560-800<\/p>\n<p>Tige\u00a0: Cuir<\/p>\n<p>Semelle interm\u00e9diaire\u00a0: Air<\/p>\n<p>Couleur\u00a0: Rose<\/p>\n<p>Designer\u00a0: Peter Moore<\/p>\n<p>Saison\u00a0: Printemps<\/p>\n<p>Ann\u00e9e de sortie\u00a0: 2021<\/p>\n<p>\u00c2ge\u00a0: Adulte<br \/>\nCouleur\u00a0: Rose d\u00e9lav\u00e9\/Violet givr\u00e9\/Blanc<\/p>\n<p>Genre\u00a0: Jeune<\/p>\n","protected":false},"excerpt":{"rendered":"<p>D\u00e9couvrez la Air Jordan 1 Low Light Arctic Pink (GS) de Jordan. Cette sneaker styl\u00e9e s\u00e9duit par son \u00e9l\u00e9gante couleur rose arctique et sa coupe basse. Confectionn\u00e9e avec des mat\u00e9riaux haut de gamme, elle offre un confort exceptionnel et un maintien optimal. Parfaite pour les loisirs et le sport, cette sneaker est un incontournable de [&hellip;]<\/p>\n","protected":false},"featured_media":774988,"comment_status":"open","ping_status":"closed","template":"","meta":[],"product_brand":[],"product_cat":[38880],"product_tag":[10750,38861,38988,38874,10776,38875,19426,10756,39039,39553,39692],"class_list":{"0":"post-774987","1":"product","2":"type-product","3":"status-publish","4":"has-post-thumbnail","6":"product_cat-jordan","7":"product_tag-athleisure-shoes","8":"product_tag-below-retail-price","9":"product_tag-casual-shoes-for-kids","10":"product_tag-hari-raya-gs","11":"product_tag-jordan","12":"product_tag-jordan-skateboard-shoes","13":"product_tag-peach-fuzz","14":"product_tag-retro-casual-shoes","15":"product_tag-sneakers-for-kids","16":"product_tag-trendy-deals","17":"product_tag-trendy-deals-under-150","19":"first","20":"instock","21":"taxable","22":"shipping-taxable","23":"purchasable","24":"product-type-simple"},"wcpa_form_fields":null,"yoast_head":"<!-- This site is optimized with the Yoast SEO plugin v26.5 - https:\/\/yoast.com\/wordpress\/plugins\/seo\/ -->\n<title>(Grade School) Air Jordan 1 Low &#039;Light Arctic Pink&#039; 553560-800 - TOURCRUISER PTE. LTD<\/title>\n<meta name=\"robots\" content=\"index, follow, max-snippet:-1, max-image-preview:large, max-video-preview:-1\" \/>\n<link rel=\"canonical\" href=\"https:\/\/tourcruiser.com\/fr\/products\/grade-school-air-jordan-1-low-light-arctic-pink-553560-800\/\" \/>\n<meta property=\"og:locale\" content=\"fr_FR\" \/>\n<meta property=\"og:type\" content=\"article\" \/>\n<meta property=\"og:title\" content=\"(Grade School) Air Jordan 1 Low &#039;Light Arctic Pink&#039; 553560-800 - TOURCRUISER PTE. LTD\" \/>\n<meta property=\"og:description\" content=\"D\u00e9couvrez la Air Jordan 1 Low Light Arctic Pink (GS) de Jordan. Cette sneaker styl\u00e9e s\u00e9duit par son \u00e9l\u00e9gante couleur rose arctique et sa coupe basse. Confectionn\u00e9e avec des mat\u00e9riaux haut de gamme, elle offre un confort exceptionnel et un maintien optimal. Parfaite pour les loisirs et le sport, cette sneaker est un incontournable de [&hellip;]\" \/>\n<meta property=\"og:url\" content=\"https:\/\/tourcruiser.com\/fr\/products\/grade-school-air-jordan-1-low-light-arctic-pink-553560-800\/\" \/>\n<meta property=\"og:site_name\" content=\"Tourcruiser Sneaker Store\" \/>\n<meta property=\"article:modified_time\" content=\"2026-04-17T16:08:48+00:00\" \/>\n<meta name=\"twitter:card\" content=\"summary_large_image\" \/>\n<meta name=\"twitter:image\" content=\"https:\/\/images.novelship.com\/product\/_grade_school__air_jordan_1_low__light_arctic_pink_0_82529.jpeg;https:\/\/images.novelship.com\/product\/_grade_school__air_jordan_1_low__light_arctic_pink_1_82529.jpeg;https:\/\/images.novelship.com\/product\/_grade_school__air_jordan_1_low__light_arctic_pink_2_82529.jpeg;https:\/\/images.novelship.com\/product\/_grade_school__air_jordan_1_low__light_arctic_pink_3_82529.jpeg;https:\/\/images.novelship.com\/product\/_grade_school__air_jordan_1_low__light_arctic_pink_4_82529.jpeg;https:\/\/images.novelship.com\/product\/_grade_school__air_jordan_1_low__light_arctic_pink_5_82529.jpeg;https:\/\/images.novelship.com\/product\/_grade_school__air_jordan_1_low__light_arctic_pink_6_82529.jpeg;https:\/\/images.novelship.com\/product\/_grade_school__air_jordan_1_low__light_arctic_pink_7_82529.jpeg\" \/>\n<script type=\"application\/ld+json\" class=\"yoast-schema-graph\">{\"@context\":\"https:\/\/schema.org\",\"@graph\":[{\"@type\":\"WebPage\",\"@id\":\"https:\/\/tourcruiser.com\/fr\/products\/grade-school-air-jordan-1-low-light-arctic-pink-553560-800\/\",\"url\":\"https:\/\/tourcruiser.com\/fr\/products\/grade-school-air-jordan-1-low-light-arctic-pink-553560-800\/\",\"name\":\"(Grade School) Air Jordan 1 Low 'Light Arctic Pink' 553560-800 - TOURCRUISER PTE. LTD\",\"isPartOf\":{\"@id\":\"\/#website\"},\"primaryImageOfPage\":{\"@id\":\"https:\/\/tourcruiser.com\/fr\/products\/grade-school-air-jordan-1-low-light-arctic-pink-553560-800\/#primaryimage\"},\"image\":{\"@id\":\"https:\/\/tourcruiser.com\/fr\/products\/grade-school-air-jordan-1-low-light-arctic-pink-553560-800\/#primaryimage\"},\"thumbnailUrl\":\"https:\/\/images.novelship.com\/product\/_grade_school__air_jordan_1_low__light_arctic_pink_0_82529.jpeg;https:\/\/images.novelship.com\/product\/_grade_school__air_jordan_1_low__light_arctic_pink_1_82529.jpeg;https:\/\/images.novelship.com\/product\/_grade_school__air_jordan_1_low__light_arctic_pink_2_82529.jpeg;https:\/\/images.novelship.com\/product\/_grade_school__air_jordan_1_low__light_arctic_pink_3_82529.jpeg;https:\/\/images.novelship.com\/product\/_grade_school__air_jordan_1_low__light_arctic_pink_4_82529.jpeg;https:\/\/images.novelship.com\/product\/_grade_school__air_jordan_1_low__light_arctic_pink_5_82529.jpeg;https:\/\/images.novelship.com\/product\/_grade_school__air_jordan_1_low__light_arctic_pink_6_82529.jpeg;https:\/\/images.novelship.com\/product\/_grade_school__air_jordan_1_low__light_arctic_pink_7_82529.jpeg\",\"datePublished\":\"2026-04-16T10:17:02+00:00\",\"dateModified\":\"2026-04-17T16:08:48+00:00\",\"breadcrumb\":{\"@id\":\"https:\/\/tourcruiser.com\/fr\/products\/grade-school-air-jordan-1-low-light-arctic-pink-553560-800\/#breadcrumb\"},\"inLanguage\":\"fr-FR\",\"potentialAction\":[{\"@type\":\"ReadAction\",\"target\":[\"https:\/\/tourcruiser.com\/fr\/products\/grade-school-air-jordan-1-low-light-arctic-pink-553560-800\/\"]}]},{\"@type\":\"ImageObject\",\"inLanguage\":\"fr-FR\",\"@id\":\"https:\/\/tourcruiser.com\/fr\/products\/grade-school-air-jordan-1-low-light-arctic-pink-553560-800\/#primaryimage\",\"url\":\"https:\/\/images.novelship.com\/product\/_grade_school__air_jordan_1_low__light_arctic_pink_0_82529.jpeg;https:\/\/images.novelship.com\/product\/_grade_school__air_jordan_1_low__light_arctic_pink_1_82529.jpeg;https:\/\/images.novelship.com\/product\/_grade_school__air_jordan_1_low__light_arctic_pink_2_82529.jpeg;https:\/\/images.novelship.com\/product\/_grade_school__air_jordan_1_low__light_arctic_pink_3_82529.jpeg;https:\/\/images.novelship.com\/product\/_grade_school__air_jordan_1_low__light_arctic_pink_4_82529.jpeg;https:\/\/images.novelship.com\/product\/_grade_school__air_jordan_1_low__light_arctic_pink_5_82529.jpeg;https:\/\/images.novelship.com\/product\/_grade_school__air_jordan_1_low__light_arctic_pink_6_82529.jpeg;https:\/\/images.novelship.com\/product\/_grade_school__air_jordan_1_low__light_arctic_pink_7_82529.jpeg\",\"contentUrl\":\"https:\/\/images.novelship.com\/product\/_grade_school__air_jordan_1_low__light_arctic_pink_0_82529.jpeg;https:\/\/images.novelship.com\/product\/_grade_school__air_jordan_1_low__light_arctic_pink_1_82529.jpeg;https:\/\/images.novelship.com\/product\/_grade_school__air_jordan_1_low__light_arctic_pink_2_82529.jpeg;https:\/\/images.novelship.com\/product\/_grade_school__air_jordan_1_low__light_arctic_pink_3_82529.jpeg;https:\/\/images.novelship.com\/product\/_grade_school__air_jordan_1_low__light_arctic_pink_4_82529.jpeg;https:\/\/images.novelship.com\/product\/_grade_school__air_jordan_1_low__light_arctic_pink_5_82529.jpeg;https:\/\/images.novelship.com\/product\/_grade_school__air_jordan_1_low__light_arctic_pink_6_82529.jpeg;https:\/\/images.novelship.com\/product\/_grade_school__air_jordan_1_low__light_arctic_pink_7_82529.jpeg\"},{\"@type\":\"BreadcrumbList\",\"@id\":\"https:\/\/tourcruiser.com\/fr\/products\/grade-school-air-jordan-1-low-light-arctic-pink-553560-800\/#breadcrumb\",\"itemListElement\":[{\"@type\":\"ListItem\",\"position\":1,\"name\":\"Home\",\"item\":\"https:\/\/tourcruiser.com\/fr\/\"},{\"@type\":\"ListItem\",\"position\":2,\"name\":\"Shop\",\"item\":\"https:\/\/tourcruiser.com\/fr\/shop\/\"},{\"@type\":\"ListItem\",\"position\":3,\"name\":\"(Grade School) Air Jordan 1 Low &#8216;Light Arctic Pink&#8217; 553560-800\"}]},{\"@type\":\"WebSite\",\"@id\":\"\/#website\",\"url\":\"\/\",\"name\":\"Styloral Jewelry Shop\",\"description\":\"Tourcruiser Sneaker Store \u2014 L\u2019endroit o\u00f9 l\u2019univers rencontre votre singularit\u00e9.\",\"publisher\":{\"@id\":\"\/#organization\"},\"potentialAction\":[{\"@type\":\"SearchAction\",\"target\":{\"@type\":\"EntryPoint\",\"urlTemplate\":\"\/?s={search_term_string}\"},\"query-input\":{\"@type\":\"PropertyValueSpecification\",\"valueRequired\":true,\"valueName\":\"search_term_string\"}}],\"inLanguage\":\"fr-FR\"},{\"@type\":\"Organization\",\"@id\":\"\/#organization\",\"name\":\"STYLORAL PTE. LTD\",\"url\":\"\/\",\"logo\":{\"@type\":\"ImageObject\",\"inLanguage\":\"fr-FR\",\"@id\":\"\/#\/schema\/logo\/image\/\",\"url\":\"https:\/\/www.tourcruiser.com\/wp-content\/uploads\/2025\/12\/logo.png\",\"contentUrl\":\"https:\/\/www.tourcruiser.com\/wp-content\/uploads\/2025\/12\/logo.png\",\"width\":200,\"height\":65,\"caption\":\"STYLORAL PTE. LTD\"},\"image\":{\"@id\":\"\/#\/schema\/logo\/image\/\"}}]}<\/script>\n<!-- \/ Yoast SEO plugin. -->","yoast_head_json":{"title":"(Grade School) Air Jordan 1 Low 'Light Arctic Pink' 553560-800 - TOURCRUISER PTE. LTD","robots":{"index":"index","follow":"follow","max-snippet":"max-snippet:-1","max-image-preview":"max-image-preview:large","max-video-preview":"max-video-preview:-1"},"canonical":"https:\/\/tourcruiser.com\/fr\/products\/grade-school-air-jordan-1-low-light-arctic-pink-553560-800\/","og_locale":"fr_FR","og_type":"article","og_title":"(Grade School) Air Jordan 1 Low 'Light Arctic Pink' 553560-800 - TOURCRUISER PTE. LTD","og_description":"D\u00e9couvrez la Air Jordan 1 Low Light Arctic Pink (GS) de Jordan. Cette sneaker styl\u00e9e s\u00e9duit par son \u00e9l\u00e9gante couleur rose arctique et sa coupe basse. Confectionn\u00e9e avec des mat\u00e9riaux haut de gamme, elle offre un confort exceptionnel et un maintien optimal. Parfaite pour les loisirs et le sport, cette sneaker est un incontournable de [&hellip;]","og_url":"https:\/\/tourcruiser.com\/fr\/products\/grade-school-air-jordan-1-low-light-arctic-pink-553560-800\/","og_site_name":"Tourcruiser Sneaker Store","article_modified_time":"2026-04-17T16:08:48+00:00","twitter_card":"summary_large_image","twitter_image":"https:\/\/images.novelship.com\/product\/_grade_school__air_jordan_1_low__light_arctic_pink_0_82529.jpeg;https:\/\/images.novelship.com\/product\/_grade_school__air_jordan_1_low__light_arctic_pink_1_82529.jpeg;https:\/\/images.novelship.com\/product\/_grade_school__air_jordan_1_low__light_arctic_pink_2_82529.jpeg;https:\/\/images.novelship.com\/product\/_grade_school__air_jordan_1_low__light_arctic_pink_3_82529.jpeg;https:\/\/images.novelship.com\/product\/_grade_school__air_jordan_1_low__light_arctic_pink_4_82529.jpeg;https:\/\/images.novelship.com\/product\/_grade_school__air_jordan_1_low__light_arctic_pink_5_82529.jpeg;https:\/\/images.novelship.com\/product\/_grade_school__air_jordan_1_low__light_arctic_pink_6_82529.jpeg;https:\/\/images.novelship.com\/product\/_grade_school__air_jordan_1_low__light_arctic_pink_7_82529.jpeg","schema":{"@context":"https:\/\/schema.org","@graph":[{"@type":"WebPage","@id":"https:\/\/tourcruiser.com\/fr\/products\/grade-school-air-jordan-1-low-light-arctic-pink-553560-800\/","url":"https:\/\/tourcruiser.com\/fr\/products\/grade-school-air-jordan-1-low-light-arctic-pink-553560-800\/","name":"(Grade School) Air Jordan 1 Low 'Light Arctic Pink' 553560-800 - TOURCRUISER PTE. LTD","isPartOf":{"@id":"\/#website"},"primaryImageOfPage":{"@id":"https:\/\/tourcruiser.com\/fr\/products\/grade-school-air-jordan-1-low-light-arctic-pink-553560-800\/#primaryimage"},"image":{"@id":"https:\/\/tourcruiser.com\/fr\/products\/grade-school-air-jordan-1-low-light-arctic-pink-553560-800\/#primaryimage"},"thumbnailUrl":"https:\/\/images.novelship.com\/product\/_grade_school__air_jordan_1_low__light_arctic_pink_0_82529.jpeg;https:\/\/images.novelship.com\/product\/_grade_school__air_jordan_1_low__light_arctic_pink_1_82529.jpeg;https:\/\/images.novelship.com\/product\/_grade_school__air_jordan_1_low__light_arctic_pink_2_82529.jpeg;https:\/\/images.novelship.com\/product\/_grade_school__air_jordan_1_low__light_arctic_pink_3_82529.jpeg;https:\/\/images.novelship.com\/product\/_grade_school__air_jordan_1_low__light_arctic_pink_4_82529.jpeg;https:\/\/images.novelship.com\/product\/_grade_school__air_jordan_1_low__light_arctic_pink_5_82529.jpeg;https:\/\/images.novelship.com\/product\/_grade_school__air_jordan_1_low__light_arctic_pink_6_82529.jpeg;https:\/\/images.novelship.com\/product\/_grade_school__air_jordan_1_low__light_arctic_pink_7_82529.jpeg","datePublished":"2026-04-16T10:17:02+00:00","dateModified":"2026-04-17T16:08:48+00:00","breadcrumb":{"@id":"https:\/\/tourcruiser.com\/fr\/products\/grade-school-air-jordan-1-low-light-arctic-pink-553560-800\/#breadcrumb"},"inLanguage":"fr-FR","potentialAction":[{"@type":"ReadAction","target":["https:\/\/tourcruiser.com\/fr\/products\/grade-school-air-jordan-1-low-light-arctic-pink-553560-800\/"]}]},{"@type":"ImageObject","inLanguage":"fr-FR","@id":"https:\/\/tourcruiser.com\/fr\/products\/grade-school-air-jordan-1-low-light-arctic-pink-553560-800\/#primaryimage","url":"https:\/\/images.novelship.com\/product\/_grade_school__air_jordan_1_low__light_arctic_pink_0_82529.jpeg;https:\/\/images.novelship.com\/product\/_grade_school__air_jordan_1_low__light_arctic_pink_1_82529.jpeg;https:\/\/images.novelship.com\/product\/_grade_school__air_jordan_1_low__light_arctic_pink_2_82529.jpeg;https:\/\/images.novelship.com\/product\/_grade_school__air_jordan_1_low__light_arctic_pink_3_82529.jpeg;https:\/\/images.novelship.com\/product\/_grade_school__air_jordan_1_low__light_arctic_pink_4_82529.jpeg;https:\/\/images.novelship.com\/product\/_grade_school__air_jordan_1_low__light_arctic_pink_5_82529.jpeg;https:\/\/images.novelship.com\/product\/_grade_school__air_jordan_1_low__light_arctic_pink_6_82529.jpeg;https:\/\/images.novelship.com\/product\/_grade_school__air_jordan_1_low__light_arctic_pink_7_82529.jpeg","contentUrl":"https:\/\/images.novelship.com\/product\/_grade_school__air_jordan_1_low__light_arctic_pink_0_82529.jpeg;https:\/\/images.novelship.com\/product\/_grade_school__air_jordan_1_low__light_arctic_pink_1_82529.jpeg;https:\/\/images.novelship.com\/product\/_grade_school__air_jordan_1_low__light_arctic_pink_2_82529.jpeg;https:\/\/images.novelship.com\/product\/_grade_school__air_jordan_1_low__light_arctic_pink_3_82529.jpeg;https:\/\/images.novelship.com\/product\/_grade_school__air_jordan_1_low__light_arctic_pink_4_82529.jpeg;https:\/\/images.novelship.com\/product\/_grade_school__air_jordan_1_low__light_arctic_pink_5_82529.jpeg;https:\/\/images.novelship.com\/product\/_grade_school__air_jordan_1_low__light_arctic_pink_6_82529.jpeg;https:\/\/images.novelship.com\/product\/_grade_school__air_jordan_1_low__light_arctic_pink_7_82529.jpeg"},{"@type":"BreadcrumbList","@id":"https:\/\/tourcruiser.com\/fr\/products\/grade-school-air-jordan-1-low-light-arctic-pink-553560-800\/#breadcrumb","itemListElement":[{"@type":"ListItem","position":1,"name":"Home","item":"https:\/\/tourcruiser.com\/fr\/"},{"@type":"ListItem","position":2,"name":"Shop","item":"https:\/\/tourcruiser.com\/fr\/shop\/"},{"@type":"ListItem","position":3,"name":"(Grade School) Air Jordan 1 Low &#8216;Light Arctic Pink&#8217; 553560-800"}]},{"@type":"WebSite","@id":"\/#website","url":"\/","name":"Styloral Jewelry Shop","description":"Tourcruiser Sneaker Store \u2014 L\u2019endroit o\u00f9 l\u2019univers rencontre votre singularit\u00e9.","publisher":{"@id":"\/#organization"},"potentialAction":[{"@type":"SearchAction","target":{"@type":"EntryPoint","urlTemplate":"\/?s={search_term_string}"},"query-input":{"@type":"PropertyValueSpecification","valueRequired":true,"valueName":"search_term_string"}}],"inLanguage":"fr-FR"},{"@type":"Organization","@id":"\/#organization","name":"STYLORAL PTE. LTD","url":"\/","logo":{"@type":"ImageObject","inLanguage":"fr-FR","@id":"\/#\/schema\/logo\/image\/","url":"https:\/\/www.tourcruiser.com\/wp-content\/uploads\/2025\/12\/logo.png","contentUrl":"https:\/\/www.tourcruiser.com\/wp-content\/uploads\/2025\/12\/logo.png","width":200,"height":65,"caption":"STYLORAL PTE. LTD"},"image":{"@id":"\/#\/schema\/logo\/image\/"}}]}},"_links":{"self":[{"href":"https:\/\/tourcruiser.com\/fr\/wp-json\/wp\/v2\/product\/774987","targetHints":{"allow":["GET"]}}],"collection":[{"href":"https:\/\/tourcruiser.com\/fr\/wp-json\/wp\/v2\/product"}],"about":[{"href":"https:\/\/tourcruiser.com\/fr\/wp-json\/wp\/v2\/types\/product"}],"replies":[{"embeddable":true,"href":"https:\/\/tourcruiser.com\/fr\/wp-json\/wp\/v2\/comments?post=774987"}],"wp:featuredmedia":[{"embeddable":true,"href":"https:\/\/tourcruiser.com\/fr\/wp-json\/wp\/v2\/media\/774988"}],"wp:attachment":[{"href":"https:\/\/tourcruiser.com\/fr\/wp-json\/wp\/v2\/media?parent=774987"}],"wp:term":[{"taxonomy":"product_brand","embeddable":true,"href":"https:\/\/tourcruiser.com\/fr\/wp-json\/wp\/v2\/product_brand?post=774987"},{"taxonomy":"product_cat","embeddable":true,"href":"https:\/\/tourcruiser.com\/fr\/wp-json\/wp\/v2\/product_cat?post=774987"},{"taxonomy":"product_tag","embeddable":true,"href":"https:\/\/tourcruiser.com\/fr\/wp-json\/wp\/v2\/product_tag?post=774987"}],"curies":[{"name":"wp","href":"https:\/\/api.w.org\/{rel}","templated":true}]}}