{"id":774981,"date":"2026-04-16T17:17:01","date_gmt":"2026-04-16T10:17:01","guid":{"rendered":"http:\/\/tourcruiser.com\/product\/air-jordan-courtside-23-triple-black-ar1000-001"},"modified":"2026-04-17T23:08:47","modified_gmt":"2026-04-17T16:08:47","slug":"air-jordan-courtside-23-triple-black-ar1000-001","status":"publish","type":"product","link":"https:\/\/tourcruiser.com\/fr\/products\/air-jordan-courtside-23-triple-black-ar1000-001\/","title":{"rendered":"Air Jordan Courtside 23 Triple Black AR1000-001"},"content":{"rendered":"<p>La Air Jordan Courtside 23 Triple Black, \u00e9galement connue sous le nom de Triple Black Edition, est une chaussure de basketball \u00e9l\u00e9gante et styl\u00e9e de la marque embl\u00e9matique Jordan. Avec son coloris enti\u00e8rement noir, elle est id\u00e9ale pour tous ceux qui recherchent un mod\u00e8le classique et polyvalent. Am\u00e9liorez votre jeu avec ces sneakers ultra-performantes.<\/p>\n<p>Coloris\u00a0: Noir\/Noir-Noir<\/p>\n<p>Code article\u00a0: AR1000-001<br \/>\nSemelle interm\u00e9diaire\u00a0: Air<\/p>\n<p>Couleur\u00a0: Noir<\/p>\n<p>Saison\u00a0: Hiver<br \/>\nAnn\u00e9e de sortie\u00a0: 2018<\/p>\n<p>\u00c2ge\u00a0: Adulte<br \/>\nCouleur\u00a0: Rose arctique clair\/Blanc\/Noir<\/p>\n<p>Genre\u00a0: Homme<\/p>\n","protected":false},"excerpt":{"rendered":"<p>La Air Jordan Courtside 23 Triple Black, \u00e9galement connue sous le nom de Triple Black Edition, est une chaussure de basketball \u00e9l\u00e9gante et styl\u00e9e de la marque embl\u00e9matique Jordan. Avec son coloris enti\u00e8rement noir, elle est id\u00e9ale pour tous ceux qui recherchent un mod\u00e8le classique et polyvalent. Am\u00e9liorez votre jeu avec ces sneakers ultra-performantes. Coloris\u00a0: [&hellip;]<\/p>\n","protected":false},"featured_media":774982,"comment_status":"open","ping_status":"closed","template":"","meta":[],"product_brand":[],"product_cat":[38880],"product_tag":[10750,38861,10776,10754,10756],"class_list":{"0":"post-774981","1":"product","2":"type-product","3":"status-publish","4":"has-post-thumbnail","6":"product_cat-jordan","7":"product_tag-athleisure-shoes","8":"product_tag-below-retail-price","9":"product_tag-jordan","10":"product_tag-lifestyle-casual-shoes","11":"product_tag-retro-casual-shoes","13":"first","14":"instock","15":"taxable","16":"shipping-taxable","17":"purchasable","18":"product-type-simple"},"wcpa_form_fields":null,"yoast_head":"<!-- This site is optimized with the Yoast SEO plugin v26.5 - https:\/\/yoast.com\/wordpress\/plugins\/seo\/ -->\n<title>Air Jordan Courtside 23 Triple Black AR1000-001 - TOURCRUISER PTE. LTD<\/title>\n<meta name=\"robots\" content=\"index, follow, max-snippet:-1, max-image-preview:large, max-video-preview:-1\" \/>\n<link rel=\"canonical\" href=\"https:\/\/tourcruiser.com\/fr\/products\/air-jordan-courtside-23-triple-black-ar1000-001\/\" \/>\n<meta property=\"og:locale\" content=\"fr_FR\" \/>\n<meta property=\"og:type\" content=\"article\" \/>\n<meta property=\"og:title\" content=\"Air Jordan Courtside 23 Triple Black AR1000-001 - TOURCRUISER PTE. LTD\" \/>\n<meta property=\"og:description\" content=\"La Air Jordan Courtside 23 Triple Black, \u00e9galement connue sous le nom de Triple Black Edition, est une chaussure de basketball \u00e9l\u00e9gante et styl\u00e9e de la marque embl\u00e9matique Jordan. Avec son coloris enti\u00e8rement noir, elle est id\u00e9ale pour tous ceux qui recherchent un mod\u00e8le classique et polyvalent. Am\u00e9liorez votre jeu avec ces sneakers ultra-performantes. Coloris\u00a0: [&hellip;]\" \/>\n<meta property=\"og:url\" content=\"https:\/\/tourcruiser.com\/fr\/products\/air-jordan-courtside-23-triple-black-ar1000-001\/\" \/>\n<meta property=\"og:site_name\" content=\"Tourcruiser Sneaker Store\" \/>\n<meta property=\"article:modified_time\" content=\"2026-04-17T16:08:47+00:00\" \/>\n<meta name=\"twitter:card\" content=\"summary_large_image\" \/>\n<meta name=\"twitter:image\" content=\"https:\/\/images.novelship.com\/product\/air_jordan_courtside_23_triple_black_ar1000-001_0_70826.jpeg;https:\/\/images.novelship.com\/product\/air_jordan_courtside_23_triple_black_ar1000-001_1_70826.jpeg;https:\/\/images.novelship.com\/product\/air_jordan_courtside_23_triple_black_ar1000-001_2_70827.jpeg;https:\/\/images.novelship.com\/product\/air_jordan_courtside_23_triple_black_ar1000-001_3_70827.jpeg;https:\/\/images.novelship.com\/product\/air_jordan_courtside_23_triple_black_ar1000-001_4_70827.jpeg\" \/>\n<script type=\"application\/ld+json\" class=\"yoast-schema-graph\">{\"@context\":\"https:\/\/schema.org\",\"@graph\":[{\"@type\":\"WebPage\",\"@id\":\"https:\/\/tourcruiser.com\/fr\/products\/air-jordan-courtside-23-triple-black-ar1000-001\/\",\"url\":\"https:\/\/tourcruiser.com\/fr\/products\/air-jordan-courtside-23-triple-black-ar1000-001\/\",\"name\":\"Air Jordan Courtside 23 Triple Black AR1000-001 - TOURCRUISER PTE. LTD\",\"isPartOf\":{\"@id\":\"\/#website\"},\"primaryImageOfPage\":{\"@id\":\"https:\/\/tourcruiser.com\/fr\/products\/air-jordan-courtside-23-triple-black-ar1000-001\/#primaryimage\"},\"image\":{\"@id\":\"https:\/\/tourcruiser.com\/fr\/products\/air-jordan-courtside-23-triple-black-ar1000-001\/#primaryimage\"},\"thumbnailUrl\":\"https:\/\/images.novelship.com\/product\/air_jordan_courtside_23_triple_black_ar1000-001_0_70826.jpeg;https:\/\/images.novelship.com\/product\/air_jordan_courtside_23_triple_black_ar1000-001_1_70826.jpeg;https:\/\/images.novelship.com\/product\/air_jordan_courtside_23_triple_black_ar1000-001_2_70827.jpeg;https:\/\/images.novelship.com\/product\/air_jordan_courtside_23_triple_black_ar1000-001_3_70827.jpeg;https:\/\/images.novelship.com\/product\/air_jordan_courtside_23_triple_black_ar1000-001_4_70827.jpeg\",\"datePublished\":\"2026-04-16T10:17:01+00:00\",\"dateModified\":\"2026-04-17T16:08:47+00:00\",\"breadcrumb\":{\"@id\":\"https:\/\/tourcruiser.com\/fr\/products\/air-jordan-courtside-23-triple-black-ar1000-001\/#breadcrumb\"},\"inLanguage\":\"fr-FR\",\"potentialAction\":[{\"@type\":\"ReadAction\",\"target\":[\"https:\/\/tourcruiser.com\/fr\/products\/air-jordan-courtside-23-triple-black-ar1000-001\/\"]}]},{\"@type\":\"ImageObject\",\"inLanguage\":\"fr-FR\",\"@id\":\"https:\/\/tourcruiser.com\/fr\/products\/air-jordan-courtside-23-triple-black-ar1000-001\/#primaryimage\",\"url\":\"https:\/\/images.novelship.com\/product\/air_jordan_courtside_23_triple_black_ar1000-001_0_70826.jpeg;https:\/\/images.novelship.com\/product\/air_jordan_courtside_23_triple_black_ar1000-001_1_70826.jpeg;https:\/\/images.novelship.com\/product\/air_jordan_courtside_23_triple_black_ar1000-001_2_70827.jpeg;https:\/\/images.novelship.com\/product\/air_jordan_courtside_23_triple_black_ar1000-001_3_70827.jpeg;https:\/\/images.novelship.com\/product\/air_jordan_courtside_23_triple_black_ar1000-001_4_70827.jpeg\",\"contentUrl\":\"https:\/\/images.novelship.com\/product\/air_jordan_courtside_23_triple_black_ar1000-001_0_70826.jpeg;https:\/\/images.novelship.com\/product\/air_jordan_courtside_23_triple_black_ar1000-001_1_70826.jpeg;https:\/\/images.novelship.com\/product\/air_jordan_courtside_23_triple_black_ar1000-001_2_70827.jpeg;https:\/\/images.novelship.com\/product\/air_jordan_courtside_23_triple_black_ar1000-001_3_70827.jpeg;https:\/\/images.novelship.com\/product\/air_jordan_courtside_23_triple_black_ar1000-001_4_70827.jpeg\"},{\"@type\":\"BreadcrumbList\",\"@id\":\"https:\/\/tourcruiser.com\/fr\/products\/air-jordan-courtside-23-triple-black-ar1000-001\/#breadcrumb\",\"itemListElement\":[{\"@type\":\"ListItem\",\"position\":1,\"name\":\"Home\",\"item\":\"https:\/\/tourcruiser.com\/fr\/\"},{\"@type\":\"ListItem\",\"position\":2,\"name\":\"Shop\",\"item\":\"https:\/\/tourcruiser.com\/fr\/shop\/\"},{\"@type\":\"ListItem\",\"position\":3,\"name\":\"Air Jordan Courtside 23 Triple Black AR1000-001\"}]},{\"@type\":\"WebSite\",\"@id\":\"\/#website\",\"url\":\"\/\",\"name\":\"Styloral Jewelry Shop\",\"description\":\"Tourcruiser Sneaker Store \u2014 L\u2019endroit o\u00f9 l\u2019univers rencontre votre singularit\u00e9.\",\"publisher\":{\"@id\":\"\/#organization\"},\"potentialAction\":[{\"@type\":\"SearchAction\",\"target\":{\"@type\":\"EntryPoint\",\"urlTemplate\":\"\/?s={search_term_string}\"},\"query-input\":{\"@type\":\"PropertyValueSpecification\",\"valueRequired\":true,\"valueName\":\"search_term_string\"}}],\"inLanguage\":\"fr-FR\"},{\"@type\":\"Organization\",\"@id\":\"\/#organization\",\"name\":\"STYLORAL PTE. LTD\",\"url\":\"\/\",\"logo\":{\"@type\":\"ImageObject\",\"inLanguage\":\"fr-FR\",\"@id\":\"\/#\/schema\/logo\/image\/\",\"url\":\"https:\/\/www.tourcruiser.com\/wp-content\/uploads\/2025\/12\/logo.png\",\"contentUrl\":\"https:\/\/www.tourcruiser.com\/wp-content\/uploads\/2025\/12\/logo.png\",\"width\":200,\"height\":65,\"caption\":\"STYLORAL PTE. LTD\"},\"image\":{\"@id\":\"\/#\/schema\/logo\/image\/\"}}]}<\/script>\n<!-- \/ Yoast SEO plugin. -->","yoast_head_json":{"title":"Air Jordan Courtside 23 Triple Black AR1000-001 - TOURCRUISER PTE. LTD","robots":{"index":"index","follow":"follow","max-snippet":"max-snippet:-1","max-image-preview":"max-image-preview:large","max-video-preview":"max-video-preview:-1"},"canonical":"https:\/\/tourcruiser.com\/fr\/products\/air-jordan-courtside-23-triple-black-ar1000-001\/","og_locale":"fr_FR","og_type":"article","og_title":"Air Jordan Courtside 23 Triple Black AR1000-001 - TOURCRUISER PTE. LTD","og_description":"La Air Jordan Courtside 23 Triple Black, \u00e9galement connue sous le nom de Triple Black Edition, est une chaussure de basketball \u00e9l\u00e9gante et styl\u00e9e de la marque embl\u00e9matique Jordan. Avec son coloris enti\u00e8rement noir, elle est id\u00e9ale pour tous ceux qui recherchent un mod\u00e8le classique et polyvalent. Am\u00e9liorez votre jeu avec ces sneakers ultra-performantes. Coloris\u00a0: [&hellip;]","og_url":"https:\/\/tourcruiser.com\/fr\/products\/air-jordan-courtside-23-triple-black-ar1000-001\/","og_site_name":"Tourcruiser Sneaker Store","article_modified_time":"2026-04-17T16:08:47+00:00","twitter_card":"summary_large_image","twitter_image":"https:\/\/images.novelship.com\/product\/air_jordan_courtside_23_triple_black_ar1000-001_0_70826.jpeg;https:\/\/images.novelship.com\/product\/air_jordan_courtside_23_triple_black_ar1000-001_1_70826.jpeg;https:\/\/images.novelship.com\/product\/air_jordan_courtside_23_triple_black_ar1000-001_2_70827.jpeg;https:\/\/images.novelship.com\/product\/air_jordan_courtside_23_triple_black_ar1000-001_3_70827.jpeg;https:\/\/images.novelship.com\/product\/air_jordan_courtside_23_triple_black_ar1000-001_4_70827.jpeg","schema":{"@context":"https:\/\/schema.org","@graph":[{"@type":"WebPage","@id":"https:\/\/tourcruiser.com\/fr\/products\/air-jordan-courtside-23-triple-black-ar1000-001\/","url":"https:\/\/tourcruiser.com\/fr\/products\/air-jordan-courtside-23-triple-black-ar1000-001\/","name":"Air Jordan Courtside 23 Triple Black AR1000-001 - TOURCRUISER PTE. LTD","isPartOf":{"@id":"\/#website"},"primaryImageOfPage":{"@id":"https:\/\/tourcruiser.com\/fr\/products\/air-jordan-courtside-23-triple-black-ar1000-001\/#primaryimage"},"image":{"@id":"https:\/\/tourcruiser.com\/fr\/products\/air-jordan-courtside-23-triple-black-ar1000-001\/#primaryimage"},"thumbnailUrl":"https:\/\/images.novelship.com\/product\/air_jordan_courtside_23_triple_black_ar1000-001_0_70826.jpeg;https:\/\/images.novelship.com\/product\/air_jordan_courtside_23_triple_black_ar1000-001_1_70826.jpeg;https:\/\/images.novelship.com\/product\/air_jordan_courtside_23_triple_black_ar1000-001_2_70827.jpeg;https:\/\/images.novelship.com\/product\/air_jordan_courtside_23_triple_black_ar1000-001_3_70827.jpeg;https:\/\/images.novelship.com\/product\/air_jordan_courtside_23_triple_black_ar1000-001_4_70827.jpeg","datePublished":"2026-04-16T10:17:01+00:00","dateModified":"2026-04-17T16:08:47+00:00","breadcrumb":{"@id":"https:\/\/tourcruiser.com\/fr\/products\/air-jordan-courtside-23-triple-black-ar1000-001\/#breadcrumb"},"inLanguage":"fr-FR","potentialAction":[{"@type":"ReadAction","target":["https:\/\/tourcruiser.com\/fr\/products\/air-jordan-courtside-23-triple-black-ar1000-001\/"]}]},{"@type":"ImageObject","inLanguage":"fr-FR","@id":"https:\/\/tourcruiser.com\/fr\/products\/air-jordan-courtside-23-triple-black-ar1000-001\/#primaryimage","url":"https:\/\/images.novelship.com\/product\/air_jordan_courtside_23_triple_black_ar1000-001_0_70826.jpeg;https:\/\/images.novelship.com\/product\/air_jordan_courtside_23_triple_black_ar1000-001_1_70826.jpeg;https:\/\/images.novelship.com\/product\/air_jordan_courtside_23_triple_black_ar1000-001_2_70827.jpeg;https:\/\/images.novelship.com\/product\/air_jordan_courtside_23_triple_black_ar1000-001_3_70827.jpeg;https:\/\/images.novelship.com\/product\/air_jordan_courtside_23_triple_black_ar1000-001_4_70827.jpeg","contentUrl":"https:\/\/images.novelship.com\/product\/air_jordan_courtside_23_triple_black_ar1000-001_0_70826.jpeg;https:\/\/images.novelship.com\/product\/air_jordan_courtside_23_triple_black_ar1000-001_1_70826.jpeg;https:\/\/images.novelship.com\/product\/air_jordan_courtside_23_triple_black_ar1000-001_2_70827.jpeg;https:\/\/images.novelship.com\/product\/air_jordan_courtside_23_triple_black_ar1000-001_3_70827.jpeg;https:\/\/images.novelship.com\/product\/air_jordan_courtside_23_triple_black_ar1000-001_4_70827.jpeg"},{"@type":"BreadcrumbList","@id":"https:\/\/tourcruiser.com\/fr\/products\/air-jordan-courtside-23-triple-black-ar1000-001\/#breadcrumb","itemListElement":[{"@type":"ListItem","position":1,"name":"Home","item":"https:\/\/tourcruiser.com\/fr\/"},{"@type":"ListItem","position":2,"name":"Shop","item":"https:\/\/tourcruiser.com\/fr\/shop\/"},{"@type":"ListItem","position":3,"name":"Air Jordan Courtside 23 Triple Black AR1000-001"}]},{"@type":"WebSite","@id":"\/#website","url":"\/","name":"Styloral Jewelry Shop","description":"Tourcruiser Sneaker Store \u2014 L\u2019endroit o\u00f9 l\u2019univers rencontre votre singularit\u00e9.","publisher":{"@id":"\/#organization"},"potentialAction":[{"@type":"SearchAction","target":{"@type":"EntryPoint","urlTemplate":"\/?s={search_term_string}"},"query-input":{"@type":"PropertyValueSpecification","valueRequired":true,"valueName":"search_term_string"}}],"inLanguage":"fr-FR"},{"@type":"Organization","@id":"\/#organization","name":"STYLORAL PTE. LTD","url":"\/","logo":{"@type":"ImageObject","inLanguage":"fr-FR","@id":"\/#\/schema\/logo\/image\/","url":"https:\/\/www.tourcruiser.com\/wp-content\/uploads\/2025\/12\/logo.png","contentUrl":"https:\/\/www.tourcruiser.com\/wp-content\/uploads\/2025\/12\/logo.png","width":200,"height":65,"caption":"STYLORAL PTE. LTD"},"image":{"@id":"\/#\/schema\/logo\/image\/"}}]}},"_links":{"self":[{"href":"https:\/\/tourcruiser.com\/fr\/wp-json\/wp\/v2\/product\/774981","targetHints":{"allow":["GET"]}}],"collection":[{"href":"https:\/\/tourcruiser.com\/fr\/wp-json\/wp\/v2\/product"}],"about":[{"href":"https:\/\/tourcruiser.com\/fr\/wp-json\/wp\/v2\/types\/product"}],"replies":[{"embeddable":true,"href":"https:\/\/tourcruiser.com\/fr\/wp-json\/wp\/v2\/comments?post=774981"}],"wp:featuredmedia":[{"embeddable":true,"href":"https:\/\/tourcruiser.com\/fr\/wp-json\/wp\/v2\/media\/774982"}],"wp:attachment":[{"href":"https:\/\/tourcruiser.com\/fr\/wp-json\/wp\/v2\/media?parent=774981"}],"wp:term":[{"taxonomy":"product_brand","embeddable":true,"href":"https:\/\/tourcruiser.com\/fr\/wp-json\/wp\/v2\/product_brand?post=774981"},{"taxonomy":"product_cat","embeddable":true,"href":"https:\/\/tourcruiser.com\/fr\/wp-json\/wp\/v2\/product_cat?post=774981"},{"taxonomy":"product_tag","embeddable":true,"href":"https:\/\/tourcruiser.com\/fr\/wp-json\/wp\/v2\/product_tag?post=774981"}],"curies":[{"name":"wp","href":"https:\/\/api.w.org\/{rel}","templated":true}]}}