{"id":774972,"date":"2026-04-16T17:17:01","date_gmt":"2026-04-16T10:17:01","guid":{"rendered":"http:\/\/tourcruiser.com\/product\/youth-nike-dunk-low-platinum-tint-light-carbon-fb9109-101"},"modified":"2026-04-17T23:08:47","modified_gmt":"2026-04-17T16:08:47","slug":"youth-nike-dunk-low-platinum-tint-light-carbon-fb9109-101","status":"publish","type":"product","link":"https:\/\/tourcruiser.com\/fr\/products\/youth-nike-dunk-low-platinum-tint-light-carbon-fb9109-101\/","title":{"rendered":"(Youth) Nike Dunk Low &lsquo;Platinum Tint Light Carbon&rsquo; FB9109-101"},"content":{"rendered":"<p>Rehaussez votre style sneakers d&rsquo;une touche de sophistication avec l&#8217;embl\u00e9matique Nike Dunk Low \u00ab\u00a0Platinum Tint Light Carbon\u00a0\u00bb. Cette basket basse styl\u00e9e arbore un design \u00e9pur\u00e9 et polyvalent, avec une empeigne en cuir Platinum Tint de qualit\u00e9 sup\u00e9rieure qui s&rsquo;accorde avec toutes vos tenues. Les d\u00e9tails Light Carbon ajoutent une note d&rsquo;\u00e9l\u00e9gance, tandis que le logo Nike classique garantit un style intemporel. Le col rembourr\u00e9 et la semelle ext\u00e9rieure en caoutchouc r\u00e9sistant assurent confort et durabilit\u00e9. Parfaite au quotidien comme pour les occasions sp\u00e9ciales, la Nike Dunk Low \u00ab\u00a0Platinum Tint Light Carbon\u00a0\u00bb est un incontournable pour tout amateur de sneakers.<\/p>\n<p>Coloris\u00a0: Blanc\/Light Carbon\/Platinum Tint\/Pure Platinum<br \/>\nCode article\u00a0: FB9109-101<br \/>\nMati\u00e8re ext\u00e9rieure\u00a0: Cuir<br \/>\nCouleur\u00a0: Gris<br \/>\nDesigner\u00a0: Peter Moore<br \/>\nAnn\u00e9e de sortie\u00a0: 2023<\/p>\n<p>\u00c2ge\u00a0: Adulte<br \/>\nCouleur\u00a0: Noir\/Noir-Noir<br \/>\nGenre\u00a0: Jeune<\/p>\n","protected":false},"excerpt":{"rendered":"<p>Rehaussez votre style sneakers d&rsquo;une touche de sophistication avec l&#8217;embl\u00e9matique Nike Dunk Low \u00ab\u00a0Platinum Tint Light Carbon\u00a0\u00bb. Cette basket basse styl\u00e9e arbore un design \u00e9pur\u00e9 et polyvalent, avec une empeigne en cuir Platinum Tint de qualit\u00e9 sup\u00e9rieure qui s&rsquo;accorde avec toutes vos tenues. Les d\u00e9tails Light Carbon ajoutent une note d&rsquo;\u00e9l\u00e9gance, tandis que le logo [&hellip;]<\/p>\n","protected":false},"featured_media":774973,"comment_status":"open","ping_status":"closed","template":"","meta":[],"product_brand":[],"product_cat":[10803],"product_tag":[38861,38962,38918,10777,10801],"class_list":{"0":"post-774972","1":"product","2":"type-product","3":"status-publish","4":"has-post-thumbnail","6":"product_cat-nike","7":"product_tag-below-retail-price","8":"product_tag-children-s-casual-shoes","9":"product_tag-children-s-sneakers","10":"product_tag-lifestyle-shoes-basketball-inspired","11":"product_tag-nike","12":"wcpa_has_options","14":"first","15":"instock","16":"taxable","17":"shipping-taxable","18":"purchasable","19":"product-type-simple"},"wcpa_form_fields":{"rules":{"pric_overide_base_price":false,"pric_overide_base_price_if_gt_zero":false,"pric_overide_base_price_fully":false,"pric_cal_option_once":false,"pric_use_as_fee":false,"bind_quantity":false,"quantity_bind_formula":false},"fields":[{"type":"color-group","required":true,"elementId":"wcpa-color-group-66c4a75505e74","label":"Taille","inline":true,"priceOptions":"different_for_all","pricingType":"fixed","className":"hassizechart product-shoes-size-eu product-shoes-size","name":"color-group-66c4a75505e89","disp_type":"square","selection_type":"tick-border","disp_size":"44","show_label_inside":true,"adjust_width":true,"cart_display_type":"text","other_text":"Other","cl_rule":"show","col":6,"values":[{"label":"35.5","value":"EU 35.5","price":"","pimage":"","pimage_id":"","pthumb":"","color":""},{"label":"36","value":"EU 36","price":"","pimage":"","pimage_id":"","pthumb":"","color":"","selected":true},{"label":"36.5","value":"EU 36.5","price":"","pimage":"","pimage_id":"","pthumb":"","color":""},{"label":"37.5","value":"EU 37.5","price":"","pimage":"","pimage_id":"","pthumb":"","color":""},{"label":"38","value":"EU 38","price":"","pimage":"","pimage_id":"","pthumb":"","color":""},{"label":"38.5","value":"EU 38.5","price":"","pimage":"","pimage_id":"","pthumb":"","color":""},{"label":"39","value":"EU 39","price":"","pimage":"","pimage_id":"","pthumb":"","color":""},{"label":"40","value":"EU 40","price":"","pimage":"","pimage_id":"","pthumb":"","color":""},{"label":"40.5","value":"EU 40.5","price":"","pimage":"","pimage_id":"","pthumb":"","color":""},{"label":"41","value":"EU 41","price":"","pimage":"","pimage_id":"","pthumb":"","color":""},{"label":"42","value":"EU 42","price":"","pimage":"","pimage_id":"","pthumb":"","color":""},{"label":"42.5","value":"EU 42.5","price":"","pimage":"","pimage_id":"","pthumb":"","color":""},{"label":"43","value":"EU 43","price":"","pimage":"","pimage_id":"","pthumb":"","color":""},{"label":"44","value":"EU 44","price":"","pimage":"","pimage_id":"","pthumb":"","color":""},{"label":"44.5","value":"EU 44.5","price":"","pimage":"","pimage_id":"","pthumb":"","color":""},{"label":"45","value":"EU 45","price":"","pimage":"","pimage_id":"","pthumb":"","color":""},{"label":"45.5","value":"EU 45.5","price":"","pimage":"","pimage_id":"","pthumb":"","color":""},{"label":"46","value":"EU 46","price":"","pimage":"","pimage_id":"","pthumb":"","color":""},{"label":"47","value":"EU 47","price":"","pimage":"","pimage_id":"","pthumb":"","color":""},{"label":"47.5","value":"EU 47.5","price":"","pimage":"","pimage_id":"","pthumb":"","color":""},{"label":"48","value":"EU 48","price":"","pimage":"","pimage_id":"","pthumb":"","color":""}],"relations":[{"operator":false,"rules":[]}],"form_id":18106,"form_rules":{"pric_cal_option_once":false,"exclude_from_discount":false,"pric_use_as_fee":false,"fee_label":"Fee","render_after_acb":false,"disp_hide_options_price":false}}]},"yoast_head":"<!-- This site is optimized with the Yoast SEO plugin v26.5 - https:\/\/yoast.com\/wordpress\/plugins\/seo\/ -->\n<title>(Youth) Nike Dunk Low &#039;Platinum Tint Light Carbon&#039; FB9109-101 - TOURCRUISER PTE. LTD<\/title>\n<meta name=\"robots\" content=\"index, follow, max-snippet:-1, max-image-preview:large, max-video-preview:-1\" \/>\n<link rel=\"canonical\" href=\"https:\/\/tourcruiser.com\/fr\/products\/youth-nike-dunk-low-platinum-tint-light-carbon-fb9109-101\/\" \/>\n<meta property=\"og:locale\" content=\"fr_FR\" \/>\n<meta property=\"og:type\" content=\"article\" \/>\n<meta property=\"og:title\" content=\"(Youth) Nike Dunk Low &#039;Platinum Tint Light Carbon&#039; FB9109-101 - TOURCRUISER PTE. LTD\" \/>\n<meta property=\"og:description\" content=\"Rehaussez votre style sneakers d&rsquo;une touche de sophistication avec l&#8217;embl\u00e9matique Nike Dunk Low \u00ab\u00a0Platinum Tint Light Carbon\u00a0\u00bb. Cette basket basse styl\u00e9e arbore un design \u00e9pur\u00e9 et polyvalent, avec une empeigne en cuir Platinum Tint de qualit\u00e9 sup\u00e9rieure qui s&rsquo;accorde avec toutes vos tenues. Les d\u00e9tails Light Carbon ajoutent une note d&rsquo;\u00e9l\u00e9gance, tandis que le logo [&hellip;]\" \/>\n<meta property=\"og:url\" content=\"https:\/\/tourcruiser.com\/fr\/products\/youth-nike-dunk-low-platinum-tint-light-carbon-fb9109-101\/\" \/>\n<meta property=\"og:site_name\" content=\"Tourcruiser Sneaker Store\" \/>\n<meta property=\"article:modified_time\" content=\"2026-04-17T16:08:47+00:00\" \/>\n<meta name=\"twitter:card\" content=\"summary_large_image\" \/>\n<meta name=\"twitter:image\" content=\"https:\/\/images.novelship.com\/product\/_youth__nike_dunk_low__platinum_tint_light_carbon__0_68535.jpeg;https:\/\/images.novelship.com\/product\/_youth__nike_dunk_low__platinum_tint_light_carbon__1_68535.jpeg;https:\/\/images.novelship.com\/product\/_youth__nike_dunk_low__platinum_tint_light_carbon__2_68535.jpeg;https:\/\/images.novelship.com\/product\/_youth__nike_dunk_low__platinum_tint_light_carbon__3_68535.jpeg;https:\/\/images.novelship.com\/product\/_youth__nike_dunk_low__platinum_tint_light_carbon__4_68535.jpeg;https:\/\/images.novelship.com\/product\/_youth__nike_dunk_low__platinum_tint_light_carbon__5_68535.jpeg;https:\/\/images.novelship.com\/product\/_youth__nike_dunk_low__platinum_tint_light_carbon__6_68535.jpeg;https:\/\/images.novelship.com\/product\/_youth__nike_dunk_low__platinum_tint_light_carbon__7_68535.jpeg\" \/>\n<meta name=\"twitter:label1\" content=\"Dur\u00e9e de lecture estim\u00e9e\" \/>\n\t<meta name=\"twitter:data1\" content=\"1 minute\" \/>\n<script type=\"application\/ld+json\" class=\"yoast-schema-graph\">{\"@context\":\"https:\/\/schema.org\",\"@graph\":[{\"@type\":\"WebPage\",\"@id\":\"https:\/\/tourcruiser.com\/fr\/products\/youth-nike-dunk-low-platinum-tint-light-carbon-fb9109-101\/\",\"url\":\"https:\/\/tourcruiser.com\/fr\/products\/youth-nike-dunk-low-platinum-tint-light-carbon-fb9109-101\/\",\"name\":\"(Youth) Nike Dunk Low 'Platinum Tint Light Carbon' FB9109-101 - TOURCRUISER PTE. LTD\",\"isPartOf\":{\"@id\":\"\/#website\"},\"primaryImageOfPage\":{\"@id\":\"https:\/\/tourcruiser.com\/fr\/products\/youth-nike-dunk-low-platinum-tint-light-carbon-fb9109-101\/#primaryimage\"},\"image\":{\"@id\":\"https:\/\/tourcruiser.com\/fr\/products\/youth-nike-dunk-low-platinum-tint-light-carbon-fb9109-101\/#primaryimage\"},\"thumbnailUrl\":\"https:\/\/images.novelship.com\/product\/_youth__nike_dunk_low__platinum_tint_light_carbon__0_68535.jpeg;https:\/\/images.novelship.com\/product\/_youth__nike_dunk_low__platinum_tint_light_carbon__1_68535.jpeg;https:\/\/images.novelship.com\/product\/_youth__nike_dunk_low__platinum_tint_light_carbon__2_68535.jpeg;https:\/\/images.novelship.com\/product\/_youth__nike_dunk_low__platinum_tint_light_carbon__3_68535.jpeg;https:\/\/images.novelship.com\/product\/_youth__nike_dunk_low__platinum_tint_light_carbon__4_68535.jpeg;https:\/\/images.novelship.com\/product\/_youth__nike_dunk_low__platinum_tint_light_carbon__5_68535.jpeg;https:\/\/images.novelship.com\/product\/_youth__nike_dunk_low__platinum_tint_light_carbon__6_68535.jpeg;https:\/\/images.novelship.com\/product\/_youth__nike_dunk_low__platinum_tint_light_carbon__7_68535.jpeg\",\"datePublished\":\"2026-04-16T10:17:01+00:00\",\"dateModified\":\"2026-04-17T16:08:47+00:00\",\"breadcrumb\":{\"@id\":\"https:\/\/tourcruiser.com\/fr\/products\/youth-nike-dunk-low-platinum-tint-light-carbon-fb9109-101\/#breadcrumb\"},\"inLanguage\":\"fr-FR\",\"potentialAction\":[{\"@type\":\"ReadAction\",\"target\":[\"https:\/\/tourcruiser.com\/fr\/products\/youth-nike-dunk-low-platinum-tint-light-carbon-fb9109-101\/\"]}]},{\"@type\":\"ImageObject\",\"inLanguage\":\"fr-FR\",\"@id\":\"https:\/\/tourcruiser.com\/fr\/products\/youth-nike-dunk-low-platinum-tint-light-carbon-fb9109-101\/#primaryimage\",\"url\":\"https:\/\/images.novelship.com\/product\/_youth__nike_dunk_low__platinum_tint_light_carbon__0_68535.jpeg;https:\/\/images.novelship.com\/product\/_youth__nike_dunk_low__platinum_tint_light_carbon__1_68535.jpeg;https:\/\/images.novelship.com\/product\/_youth__nike_dunk_low__platinum_tint_light_carbon__2_68535.jpeg;https:\/\/images.novelship.com\/product\/_youth__nike_dunk_low__platinum_tint_light_carbon__3_68535.jpeg;https:\/\/images.novelship.com\/product\/_youth__nike_dunk_low__platinum_tint_light_carbon__4_68535.jpeg;https:\/\/images.novelship.com\/product\/_youth__nike_dunk_low__platinum_tint_light_carbon__5_68535.jpeg;https:\/\/images.novelship.com\/product\/_youth__nike_dunk_low__platinum_tint_light_carbon__6_68535.jpeg;https:\/\/images.novelship.com\/product\/_youth__nike_dunk_low__platinum_tint_light_carbon__7_68535.jpeg\",\"contentUrl\":\"https:\/\/images.novelship.com\/product\/_youth__nike_dunk_low__platinum_tint_light_carbon__0_68535.jpeg;https:\/\/images.novelship.com\/product\/_youth__nike_dunk_low__platinum_tint_light_carbon__1_68535.jpeg;https:\/\/images.novelship.com\/product\/_youth__nike_dunk_low__platinum_tint_light_carbon__2_68535.jpeg;https:\/\/images.novelship.com\/product\/_youth__nike_dunk_low__platinum_tint_light_carbon__3_68535.jpeg;https:\/\/images.novelship.com\/product\/_youth__nike_dunk_low__platinum_tint_light_carbon__4_68535.jpeg;https:\/\/images.novelship.com\/product\/_youth__nike_dunk_low__platinum_tint_light_carbon__5_68535.jpeg;https:\/\/images.novelship.com\/product\/_youth__nike_dunk_low__platinum_tint_light_carbon__6_68535.jpeg;https:\/\/images.novelship.com\/product\/_youth__nike_dunk_low__platinum_tint_light_carbon__7_68535.jpeg\"},{\"@type\":\"BreadcrumbList\",\"@id\":\"https:\/\/tourcruiser.com\/fr\/products\/youth-nike-dunk-low-platinum-tint-light-carbon-fb9109-101\/#breadcrumb\",\"itemListElement\":[{\"@type\":\"ListItem\",\"position\":1,\"name\":\"Home\",\"item\":\"https:\/\/tourcruiser.com\/fr\/\"},{\"@type\":\"ListItem\",\"position\":2,\"name\":\"Shop\",\"item\":\"https:\/\/tourcruiser.com\/fr\/shop\/\"},{\"@type\":\"ListItem\",\"position\":3,\"name\":\"(Youth) Nike Dunk Low &#8216;Platinum Tint Light Carbon&#8217; FB9109-101\"}]},{\"@type\":\"WebSite\",\"@id\":\"\/#website\",\"url\":\"\/\",\"name\":\"Styloral Jewelry Shop\",\"description\":\"Tourcruiser Sneaker Store \u2014 L\u2019endroit o\u00f9 l\u2019univers rencontre votre singularit\u00e9.\",\"publisher\":{\"@id\":\"\/#organization\"},\"potentialAction\":[{\"@type\":\"SearchAction\",\"target\":{\"@type\":\"EntryPoint\",\"urlTemplate\":\"\/?s={search_term_string}\"},\"query-input\":{\"@type\":\"PropertyValueSpecification\",\"valueRequired\":true,\"valueName\":\"search_term_string\"}}],\"inLanguage\":\"fr-FR\"},{\"@type\":\"Organization\",\"@id\":\"\/#organization\",\"name\":\"STYLORAL PTE. LTD\",\"url\":\"\/\",\"logo\":{\"@type\":\"ImageObject\",\"inLanguage\":\"fr-FR\",\"@id\":\"\/#\/schema\/logo\/image\/\",\"url\":\"https:\/\/www.tourcruiser.com\/wp-content\/uploads\/2025\/12\/logo.png\",\"contentUrl\":\"https:\/\/www.tourcruiser.com\/wp-content\/uploads\/2025\/12\/logo.png\",\"width\":200,\"height\":65,\"caption\":\"STYLORAL PTE. LTD\"},\"image\":{\"@id\":\"\/#\/schema\/logo\/image\/\"}}]}<\/script>\n<!-- \/ Yoast SEO plugin. -->","yoast_head_json":{"title":"(Youth) Nike Dunk Low 'Platinum Tint Light Carbon' FB9109-101 - TOURCRUISER PTE. LTD","robots":{"index":"index","follow":"follow","max-snippet":"max-snippet:-1","max-image-preview":"max-image-preview:large","max-video-preview":"max-video-preview:-1"},"canonical":"https:\/\/tourcruiser.com\/fr\/products\/youth-nike-dunk-low-platinum-tint-light-carbon-fb9109-101\/","og_locale":"fr_FR","og_type":"article","og_title":"(Youth) Nike Dunk Low 'Platinum Tint Light Carbon' FB9109-101 - TOURCRUISER PTE. LTD","og_description":"Rehaussez votre style sneakers d&rsquo;une touche de sophistication avec l&#8217;embl\u00e9matique Nike Dunk Low \u00ab\u00a0Platinum Tint Light Carbon\u00a0\u00bb. Cette basket basse styl\u00e9e arbore un design \u00e9pur\u00e9 et polyvalent, avec une empeigne en cuir Platinum Tint de qualit\u00e9 sup\u00e9rieure qui s&rsquo;accorde avec toutes vos tenues. Les d\u00e9tails Light Carbon ajoutent une note d&rsquo;\u00e9l\u00e9gance, tandis que le logo [&hellip;]","og_url":"https:\/\/tourcruiser.com\/fr\/products\/youth-nike-dunk-low-platinum-tint-light-carbon-fb9109-101\/","og_site_name":"Tourcruiser Sneaker Store","article_modified_time":"2026-04-17T16:08:47+00:00","twitter_card":"summary_large_image","twitter_image":"https:\/\/images.novelship.com\/product\/_youth__nike_dunk_low__platinum_tint_light_carbon__0_68535.jpeg;https:\/\/images.novelship.com\/product\/_youth__nike_dunk_low__platinum_tint_light_carbon__1_68535.jpeg;https:\/\/images.novelship.com\/product\/_youth__nike_dunk_low__platinum_tint_light_carbon__2_68535.jpeg;https:\/\/images.novelship.com\/product\/_youth__nike_dunk_low__platinum_tint_light_carbon__3_68535.jpeg;https:\/\/images.novelship.com\/product\/_youth__nike_dunk_low__platinum_tint_light_carbon__4_68535.jpeg;https:\/\/images.novelship.com\/product\/_youth__nike_dunk_low__platinum_tint_light_carbon__5_68535.jpeg;https:\/\/images.novelship.com\/product\/_youth__nike_dunk_low__platinum_tint_light_carbon__6_68535.jpeg;https:\/\/images.novelship.com\/product\/_youth__nike_dunk_low__platinum_tint_light_carbon__7_68535.jpeg","twitter_misc":{"Dur\u00e9e de lecture estim\u00e9e":"1 minute"},"schema":{"@context":"https:\/\/schema.org","@graph":[{"@type":"WebPage","@id":"https:\/\/tourcruiser.com\/fr\/products\/youth-nike-dunk-low-platinum-tint-light-carbon-fb9109-101\/","url":"https:\/\/tourcruiser.com\/fr\/products\/youth-nike-dunk-low-platinum-tint-light-carbon-fb9109-101\/","name":"(Youth) Nike Dunk Low 'Platinum Tint Light Carbon' FB9109-101 - TOURCRUISER PTE. LTD","isPartOf":{"@id":"\/#website"},"primaryImageOfPage":{"@id":"https:\/\/tourcruiser.com\/fr\/products\/youth-nike-dunk-low-platinum-tint-light-carbon-fb9109-101\/#primaryimage"},"image":{"@id":"https:\/\/tourcruiser.com\/fr\/products\/youth-nike-dunk-low-platinum-tint-light-carbon-fb9109-101\/#primaryimage"},"thumbnailUrl":"https:\/\/images.novelship.com\/product\/_youth__nike_dunk_low__platinum_tint_light_carbon__0_68535.jpeg;https:\/\/images.novelship.com\/product\/_youth__nike_dunk_low__platinum_tint_light_carbon__1_68535.jpeg;https:\/\/images.novelship.com\/product\/_youth__nike_dunk_low__platinum_tint_light_carbon__2_68535.jpeg;https:\/\/images.novelship.com\/product\/_youth__nike_dunk_low__platinum_tint_light_carbon__3_68535.jpeg;https:\/\/images.novelship.com\/product\/_youth__nike_dunk_low__platinum_tint_light_carbon__4_68535.jpeg;https:\/\/images.novelship.com\/product\/_youth__nike_dunk_low__platinum_tint_light_carbon__5_68535.jpeg;https:\/\/images.novelship.com\/product\/_youth__nike_dunk_low__platinum_tint_light_carbon__6_68535.jpeg;https:\/\/images.novelship.com\/product\/_youth__nike_dunk_low__platinum_tint_light_carbon__7_68535.jpeg","datePublished":"2026-04-16T10:17:01+00:00","dateModified":"2026-04-17T16:08:47+00:00","breadcrumb":{"@id":"https:\/\/tourcruiser.com\/fr\/products\/youth-nike-dunk-low-platinum-tint-light-carbon-fb9109-101\/#breadcrumb"},"inLanguage":"fr-FR","potentialAction":[{"@type":"ReadAction","target":["https:\/\/tourcruiser.com\/fr\/products\/youth-nike-dunk-low-platinum-tint-light-carbon-fb9109-101\/"]}]},{"@type":"ImageObject","inLanguage":"fr-FR","@id":"https:\/\/tourcruiser.com\/fr\/products\/youth-nike-dunk-low-platinum-tint-light-carbon-fb9109-101\/#primaryimage","url":"https:\/\/images.novelship.com\/product\/_youth__nike_dunk_low__platinum_tint_light_carbon__0_68535.jpeg;https:\/\/images.novelship.com\/product\/_youth__nike_dunk_low__platinum_tint_light_carbon__1_68535.jpeg;https:\/\/images.novelship.com\/product\/_youth__nike_dunk_low__platinum_tint_light_carbon__2_68535.jpeg;https:\/\/images.novelship.com\/product\/_youth__nike_dunk_low__platinum_tint_light_carbon__3_68535.jpeg;https:\/\/images.novelship.com\/product\/_youth__nike_dunk_low__platinum_tint_light_carbon__4_68535.jpeg;https:\/\/images.novelship.com\/product\/_youth__nike_dunk_low__platinum_tint_light_carbon__5_68535.jpeg;https:\/\/images.novelship.com\/product\/_youth__nike_dunk_low__platinum_tint_light_carbon__6_68535.jpeg;https:\/\/images.novelship.com\/product\/_youth__nike_dunk_low__platinum_tint_light_carbon__7_68535.jpeg","contentUrl":"https:\/\/images.novelship.com\/product\/_youth__nike_dunk_low__platinum_tint_light_carbon__0_68535.jpeg;https:\/\/images.novelship.com\/product\/_youth__nike_dunk_low__platinum_tint_light_carbon__1_68535.jpeg;https:\/\/images.novelship.com\/product\/_youth__nike_dunk_low__platinum_tint_light_carbon__2_68535.jpeg;https:\/\/images.novelship.com\/product\/_youth__nike_dunk_low__platinum_tint_light_carbon__3_68535.jpeg;https:\/\/images.novelship.com\/product\/_youth__nike_dunk_low__platinum_tint_light_carbon__4_68535.jpeg;https:\/\/images.novelship.com\/product\/_youth__nike_dunk_low__platinum_tint_light_carbon__5_68535.jpeg;https:\/\/images.novelship.com\/product\/_youth__nike_dunk_low__platinum_tint_light_carbon__6_68535.jpeg;https:\/\/images.novelship.com\/product\/_youth__nike_dunk_low__platinum_tint_light_carbon__7_68535.jpeg"},{"@type":"BreadcrumbList","@id":"https:\/\/tourcruiser.com\/fr\/products\/youth-nike-dunk-low-platinum-tint-light-carbon-fb9109-101\/#breadcrumb","itemListElement":[{"@type":"ListItem","position":1,"name":"Home","item":"https:\/\/tourcruiser.com\/fr\/"},{"@type":"ListItem","position":2,"name":"Shop","item":"https:\/\/tourcruiser.com\/fr\/shop\/"},{"@type":"ListItem","position":3,"name":"(Youth) Nike Dunk Low &#8216;Platinum Tint Light Carbon&#8217; FB9109-101"}]},{"@type":"WebSite","@id":"\/#website","url":"\/","name":"Styloral Jewelry Shop","description":"Tourcruiser Sneaker Store \u2014 L\u2019endroit o\u00f9 l\u2019univers rencontre votre singularit\u00e9.","publisher":{"@id":"\/#organization"},"potentialAction":[{"@type":"SearchAction","target":{"@type":"EntryPoint","urlTemplate":"\/?s={search_term_string}"},"query-input":{"@type":"PropertyValueSpecification","valueRequired":true,"valueName":"search_term_string"}}],"inLanguage":"fr-FR"},{"@type":"Organization","@id":"\/#organization","name":"STYLORAL PTE. LTD","url":"\/","logo":{"@type":"ImageObject","inLanguage":"fr-FR","@id":"\/#\/schema\/logo\/image\/","url":"https:\/\/www.tourcruiser.com\/wp-content\/uploads\/2025\/12\/logo.png","contentUrl":"https:\/\/www.tourcruiser.com\/wp-content\/uploads\/2025\/12\/logo.png","width":200,"height":65,"caption":"STYLORAL PTE. LTD"},"image":{"@id":"\/#\/schema\/logo\/image\/"}}]}},"_links":{"self":[{"href":"https:\/\/tourcruiser.com\/fr\/wp-json\/wp\/v2\/product\/774972","targetHints":{"allow":["GET"]}}],"collection":[{"href":"https:\/\/tourcruiser.com\/fr\/wp-json\/wp\/v2\/product"}],"about":[{"href":"https:\/\/tourcruiser.com\/fr\/wp-json\/wp\/v2\/types\/product"}],"replies":[{"embeddable":true,"href":"https:\/\/tourcruiser.com\/fr\/wp-json\/wp\/v2\/comments?post=774972"}],"wp:featuredmedia":[{"embeddable":true,"href":"https:\/\/tourcruiser.com\/fr\/wp-json\/wp\/v2\/media\/774973"}],"wp:attachment":[{"href":"https:\/\/tourcruiser.com\/fr\/wp-json\/wp\/v2\/media?parent=774972"}],"wp:term":[{"taxonomy":"product_brand","embeddable":true,"href":"https:\/\/tourcruiser.com\/fr\/wp-json\/wp\/v2\/product_brand?post=774972"},{"taxonomy":"product_cat","embeddable":true,"href":"https:\/\/tourcruiser.com\/fr\/wp-json\/wp\/v2\/product_cat?post=774972"},{"taxonomy":"product_tag","embeddable":true,"href":"https:\/\/tourcruiser.com\/fr\/wp-json\/wp\/v2\/product_tag?post=774972"}],"curies":[{"name":"wp","href":"https:\/\/api.w.org\/{rel}","templated":true}]}}