{"id":774641,"date":"2026-04-16T17:16:46","date_gmt":"2026-04-16T10:16:46","guid":{"rendered":"http:\/\/tourcruiser.com\/product\/grade-school-air-jordan-1-low-se-brown-elephant-dz5368-201"},"modified":"2026-04-17T23:08:27","modified_gmt":"2026-04-17T16:08:27","slug":"grade-school-air-jordan-1-low-se-brown-elephant-dz5368-201","status":"publish","type":"product","link":"https:\/\/tourcruiser.com\/fr\/products\/grade-school-air-jordan-1-low-se-brown-elephant-dz5368-201\/","title":{"rendered":"(Grade School) Air Jordan 1 Low SE &lsquo;Brown Elephant&rsquo; DZ5368-201"},"content":{"rendered":"<p>D\u00e9couvrez la Air Jordan 1 Low SE Brown Elephant de Jordan. Cette sneaker GS arbore un imprim\u00e9 \u00e9l\u00e9phant marron styl\u00e9 qui apporte une touche unique \u00e0 toutes vos tenues. Gr\u00e2ce \u00e0 l&#8217;embl\u00e9matique marque Air Jordan, ces sneakers allient style et confort, parfaites au quotidien comme en soir\u00e9e. Ajoutez cette sneaker tendance \u00e0 votre collection.<\/p>\n<p>Coloris : Chanvre\/Marron clair-Blanc-Noir<\/p>\n<p>Code article : DZ5368-201<\/p>\n<p>Tige : Daim<\/p>\n<p>Semelle interm\u00e9diaire : Air<\/p>\n<p>Couleur : Beige<\/p>\n<p>Designer : Peter Moore<\/p>\n<p>Ann\u00e9e de sortie : 2023<\/p>\n<p>\u00c2ge : Adulte<\/p>\n<p>Couleur : Gris\/Sel marin<\/p>\n<p>Genre : Enfant<\/p>\n","protected":false},"excerpt":{"rendered":"<p>D\u00e9couvrez la Air Jordan 1 Low SE Brown Elephant de Jordan. Cette sneaker GS arbore un imprim\u00e9 \u00e9l\u00e9phant marron styl\u00e9 qui apporte une touche unique \u00e0 toutes vos tenues. Gr\u00e2ce \u00e0 l&#8217;embl\u00e9matique marque Air Jordan, ces sneakers allient style et confort, parfaites au quotidien comme en soir\u00e9e. Ajoutez cette sneaker tendance \u00e0 votre collection. Coloris [&hellip;]<\/p>\n","protected":false},"featured_media":774643,"comment_status":"open","ping_status":"closed","template":"","meta":[],"product_brand":[],"product_cat":[38880],"product_tag":[10750,38861,38988,38874,10776,11349,38875,10756,39039],"class_list":{"0":"post-774641","1":"product","2":"type-product","3":"status-publish","4":"has-post-thumbnail","6":"product_cat-jordan","7":"product_tag-athleisure-shoes","8":"product_tag-below-retail-price","9":"product_tag-casual-shoes-for-kids","10":"product_tag-hari-raya-gs","11":"product_tag-jordan","12":"product_tag-jordan-basketball-shoes","13":"product_tag-jordan-skateboard-shoes","14":"product_tag-retro-casual-shoes","15":"product_tag-sneakers-for-kids","17":"first","18":"instock","19":"taxable","20":"shipping-taxable","21":"purchasable","22":"product-type-simple"},"wcpa_form_fields":null,"yoast_head":"<!-- This site is optimized with the Yoast SEO plugin v26.5 - https:\/\/yoast.com\/wordpress\/plugins\/seo\/ -->\n<title>(Grade School) Air Jordan 1 Low SE &#039;Brown Elephant&#039; DZ5368-201 - TOURCRUISER PTE. LTD<\/title>\n<meta name=\"robots\" content=\"index, follow, max-snippet:-1, max-image-preview:large, max-video-preview:-1\" \/>\n<link rel=\"canonical\" href=\"https:\/\/tourcruiser.com\/fr\/products\/grade-school-air-jordan-1-low-se-brown-elephant-dz5368-201\/\" \/>\n<meta property=\"og:locale\" content=\"fr_FR\" \/>\n<meta property=\"og:type\" content=\"article\" \/>\n<meta property=\"og:title\" content=\"(Grade School) Air Jordan 1 Low SE &#039;Brown Elephant&#039; DZ5368-201 - TOURCRUISER PTE. LTD\" \/>\n<meta property=\"og:description\" content=\"D\u00e9couvrez la Air Jordan 1 Low SE Brown Elephant de Jordan. Cette sneaker GS arbore un imprim\u00e9 \u00e9l\u00e9phant marron styl\u00e9 qui apporte une touche unique \u00e0 toutes vos tenues. Gr\u00e2ce \u00e0 l&#8217;embl\u00e9matique marque Air Jordan, ces sneakers allient style et confort, parfaites au quotidien comme en soir\u00e9e. Ajoutez cette sneaker tendance \u00e0 votre collection. Coloris [&hellip;]\" \/>\n<meta property=\"og:url\" content=\"https:\/\/tourcruiser.com\/fr\/products\/grade-school-air-jordan-1-low-se-brown-elephant-dz5368-201\/\" \/>\n<meta property=\"og:site_name\" content=\"Tourcruiser Sneaker Store\" \/>\n<meta property=\"article:modified_time\" content=\"2026-04-17T16:08:27+00:00\" \/>\n<meta name=\"twitter:card\" content=\"summary_large_image\" \/>\n<meta name=\"twitter:image\" content=\"https:\/\/images.novelship.com\/product\/_grade_school__air_jordan_1_low_se__brown_elephant_0_38895.jpeg;https:\/\/images.novelship.com\/product\/_grade_school__air_jordan_1_low_se__brown_elephant_1_38895.jpeg;https:\/\/images.novelship.com\/product\/_grade_school__air_jordan_1_low_se__brown_elephant_2_38895.jpeg;https:\/\/images.novelship.com\/product\/_grade_school__air_jordan_1_low_se__brown_elephant_3_38895.jpeg;https:\/\/images.novelship.com\/product\/_grade_school__air_jordan_1_low_se__brown_elephant_4_38895.jpeg;https:\/\/images.novelship.com\/product\/_grade_school__air_jordan_1_low_se__brown_elephant_5_38895.jpeg;https:\/\/images.novelship.com\/product\/_grade_school__air_jordan_1_low_se__brown_elephant_6_38895.jpeg;https:\/\/images.novelship.com\/product\/_grade_school__air_jordan_1_low_se__brown_elephant_7_38895.jpeg\" \/>\n<script type=\"application\/ld+json\" class=\"yoast-schema-graph\">{\"@context\":\"https:\/\/schema.org\",\"@graph\":[{\"@type\":\"WebPage\",\"@id\":\"https:\/\/tourcruiser.com\/fr\/products\/grade-school-air-jordan-1-low-se-brown-elephant-dz5368-201\/\",\"url\":\"https:\/\/tourcruiser.com\/fr\/products\/grade-school-air-jordan-1-low-se-brown-elephant-dz5368-201\/\",\"name\":\"(Grade School) Air Jordan 1 Low SE 'Brown Elephant' DZ5368-201 - TOURCRUISER PTE. LTD\",\"isPartOf\":{\"@id\":\"\/#website\"},\"primaryImageOfPage\":{\"@id\":\"https:\/\/tourcruiser.com\/fr\/products\/grade-school-air-jordan-1-low-se-brown-elephant-dz5368-201\/#primaryimage\"},\"image\":{\"@id\":\"https:\/\/tourcruiser.com\/fr\/products\/grade-school-air-jordan-1-low-se-brown-elephant-dz5368-201\/#primaryimage\"},\"thumbnailUrl\":\"https:\/\/images.novelship.com\/product\/_grade_school__air_jordan_1_low_se__brown_elephant_0_38895.jpeg;https:\/\/images.novelship.com\/product\/_grade_school__air_jordan_1_low_se__brown_elephant_1_38895.jpeg;https:\/\/images.novelship.com\/product\/_grade_school__air_jordan_1_low_se__brown_elephant_2_38895.jpeg;https:\/\/images.novelship.com\/product\/_grade_school__air_jordan_1_low_se__brown_elephant_3_38895.jpeg;https:\/\/images.novelship.com\/product\/_grade_school__air_jordan_1_low_se__brown_elephant_4_38895.jpeg;https:\/\/images.novelship.com\/product\/_grade_school__air_jordan_1_low_se__brown_elephant_5_38895.jpeg;https:\/\/images.novelship.com\/product\/_grade_school__air_jordan_1_low_se__brown_elephant_6_38895.jpeg;https:\/\/images.novelship.com\/product\/_grade_school__air_jordan_1_low_se__brown_elephant_7_38895.jpeg\",\"datePublished\":\"2026-04-16T10:16:46+00:00\",\"dateModified\":\"2026-04-17T16:08:27+00:00\",\"breadcrumb\":{\"@id\":\"https:\/\/tourcruiser.com\/fr\/products\/grade-school-air-jordan-1-low-se-brown-elephant-dz5368-201\/#breadcrumb\"},\"inLanguage\":\"fr-FR\",\"potentialAction\":[{\"@type\":\"ReadAction\",\"target\":[\"https:\/\/tourcruiser.com\/fr\/products\/grade-school-air-jordan-1-low-se-brown-elephant-dz5368-201\/\"]}]},{\"@type\":\"ImageObject\",\"inLanguage\":\"fr-FR\",\"@id\":\"https:\/\/tourcruiser.com\/fr\/products\/grade-school-air-jordan-1-low-se-brown-elephant-dz5368-201\/#primaryimage\",\"url\":\"https:\/\/images.novelship.com\/product\/_grade_school__air_jordan_1_low_se__brown_elephant_0_38895.jpeg;https:\/\/images.novelship.com\/product\/_grade_school__air_jordan_1_low_se__brown_elephant_1_38895.jpeg;https:\/\/images.novelship.com\/product\/_grade_school__air_jordan_1_low_se__brown_elephant_2_38895.jpeg;https:\/\/images.novelship.com\/product\/_grade_school__air_jordan_1_low_se__brown_elephant_3_38895.jpeg;https:\/\/images.novelship.com\/product\/_grade_school__air_jordan_1_low_se__brown_elephant_4_38895.jpeg;https:\/\/images.novelship.com\/product\/_grade_school__air_jordan_1_low_se__brown_elephant_5_38895.jpeg;https:\/\/images.novelship.com\/product\/_grade_school__air_jordan_1_low_se__brown_elephant_6_38895.jpeg;https:\/\/images.novelship.com\/product\/_grade_school__air_jordan_1_low_se__brown_elephant_7_38895.jpeg\",\"contentUrl\":\"https:\/\/images.novelship.com\/product\/_grade_school__air_jordan_1_low_se__brown_elephant_0_38895.jpeg;https:\/\/images.novelship.com\/product\/_grade_school__air_jordan_1_low_se__brown_elephant_1_38895.jpeg;https:\/\/images.novelship.com\/product\/_grade_school__air_jordan_1_low_se__brown_elephant_2_38895.jpeg;https:\/\/images.novelship.com\/product\/_grade_school__air_jordan_1_low_se__brown_elephant_3_38895.jpeg;https:\/\/images.novelship.com\/product\/_grade_school__air_jordan_1_low_se__brown_elephant_4_38895.jpeg;https:\/\/images.novelship.com\/product\/_grade_school__air_jordan_1_low_se__brown_elephant_5_38895.jpeg;https:\/\/images.novelship.com\/product\/_grade_school__air_jordan_1_low_se__brown_elephant_6_38895.jpeg;https:\/\/images.novelship.com\/product\/_grade_school__air_jordan_1_low_se__brown_elephant_7_38895.jpeg\"},{\"@type\":\"BreadcrumbList\",\"@id\":\"https:\/\/tourcruiser.com\/fr\/products\/grade-school-air-jordan-1-low-se-brown-elephant-dz5368-201\/#breadcrumb\",\"itemListElement\":[{\"@type\":\"ListItem\",\"position\":1,\"name\":\"Home\",\"item\":\"https:\/\/tourcruiser.com\/fr\/\"},{\"@type\":\"ListItem\",\"position\":2,\"name\":\"Shop\",\"item\":\"https:\/\/tourcruiser.com\/fr\/shop\/\"},{\"@type\":\"ListItem\",\"position\":3,\"name\":\"(Grade School) Air Jordan 1 Low SE &#8216;Brown Elephant&#8217; DZ5368-201\"}]},{\"@type\":\"WebSite\",\"@id\":\"\/#website\",\"url\":\"\/\",\"name\":\"Styloral Jewelry Shop\",\"description\":\"Tourcruiser Sneaker Store \u2014 L\u2019endroit o\u00f9 l\u2019univers rencontre votre singularit\u00e9.\",\"publisher\":{\"@id\":\"\/#organization\"},\"potentialAction\":[{\"@type\":\"SearchAction\",\"target\":{\"@type\":\"EntryPoint\",\"urlTemplate\":\"\/?s={search_term_string}\"},\"query-input\":{\"@type\":\"PropertyValueSpecification\",\"valueRequired\":true,\"valueName\":\"search_term_string\"}}],\"inLanguage\":\"fr-FR\"},{\"@type\":\"Organization\",\"@id\":\"\/#organization\",\"name\":\"STYLORAL PTE. LTD\",\"url\":\"\/\",\"logo\":{\"@type\":\"ImageObject\",\"inLanguage\":\"fr-FR\",\"@id\":\"\/#\/schema\/logo\/image\/\",\"url\":\"https:\/\/www.tourcruiser.com\/wp-content\/uploads\/2025\/12\/logo.png\",\"contentUrl\":\"https:\/\/www.tourcruiser.com\/wp-content\/uploads\/2025\/12\/logo.png\",\"width\":200,\"height\":65,\"caption\":\"STYLORAL PTE. LTD\"},\"image\":{\"@id\":\"\/#\/schema\/logo\/image\/\"}}]}<\/script>\n<!-- \/ Yoast SEO plugin. -->","yoast_head_json":{"title":"(Grade School) Air Jordan 1 Low SE 'Brown Elephant' DZ5368-201 - TOURCRUISER PTE. LTD","robots":{"index":"index","follow":"follow","max-snippet":"max-snippet:-1","max-image-preview":"max-image-preview:large","max-video-preview":"max-video-preview:-1"},"canonical":"https:\/\/tourcruiser.com\/fr\/products\/grade-school-air-jordan-1-low-se-brown-elephant-dz5368-201\/","og_locale":"fr_FR","og_type":"article","og_title":"(Grade School) Air Jordan 1 Low SE 'Brown Elephant' DZ5368-201 - TOURCRUISER PTE. LTD","og_description":"D\u00e9couvrez la Air Jordan 1 Low SE Brown Elephant de Jordan. Cette sneaker GS arbore un imprim\u00e9 \u00e9l\u00e9phant marron styl\u00e9 qui apporte une touche unique \u00e0 toutes vos tenues. Gr\u00e2ce \u00e0 l&#8217;embl\u00e9matique marque Air Jordan, ces sneakers allient style et confort, parfaites au quotidien comme en soir\u00e9e. Ajoutez cette sneaker tendance \u00e0 votre collection. Coloris [&hellip;]","og_url":"https:\/\/tourcruiser.com\/fr\/products\/grade-school-air-jordan-1-low-se-brown-elephant-dz5368-201\/","og_site_name":"Tourcruiser Sneaker Store","article_modified_time":"2026-04-17T16:08:27+00:00","twitter_card":"summary_large_image","twitter_image":"https:\/\/images.novelship.com\/product\/_grade_school__air_jordan_1_low_se__brown_elephant_0_38895.jpeg;https:\/\/images.novelship.com\/product\/_grade_school__air_jordan_1_low_se__brown_elephant_1_38895.jpeg;https:\/\/images.novelship.com\/product\/_grade_school__air_jordan_1_low_se__brown_elephant_2_38895.jpeg;https:\/\/images.novelship.com\/product\/_grade_school__air_jordan_1_low_se__brown_elephant_3_38895.jpeg;https:\/\/images.novelship.com\/product\/_grade_school__air_jordan_1_low_se__brown_elephant_4_38895.jpeg;https:\/\/images.novelship.com\/product\/_grade_school__air_jordan_1_low_se__brown_elephant_5_38895.jpeg;https:\/\/images.novelship.com\/product\/_grade_school__air_jordan_1_low_se__brown_elephant_6_38895.jpeg;https:\/\/images.novelship.com\/product\/_grade_school__air_jordan_1_low_se__brown_elephant_7_38895.jpeg","schema":{"@context":"https:\/\/schema.org","@graph":[{"@type":"WebPage","@id":"https:\/\/tourcruiser.com\/fr\/products\/grade-school-air-jordan-1-low-se-brown-elephant-dz5368-201\/","url":"https:\/\/tourcruiser.com\/fr\/products\/grade-school-air-jordan-1-low-se-brown-elephant-dz5368-201\/","name":"(Grade School) Air Jordan 1 Low SE 'Brown Elephant' DZ5368-201 - TOURCRUISER PTE. LTD","isPartOf":{"@id":"\/#website"},"primaryImageOfPage":{"@id":"https:\/\/tourcruiser.com\/fr\/products\/grade-school-air-jordan-1-low-se-brown-elephant-dz5368-201\/#primaryimage"},"image":{"@id":"https:\/\/tourcruiser.com\/fr\/products\/grade-school-air-jordan-1-low-se-brown-elephant-dz5368-201\/#primaryimage"},"thumbnailUrl":"https:\/\/images.novelship.com\/product\/_grade_school__air_jordan_1_low_se__brown_elephant_0_38895.jpeg;https:\/\/images.novelship.com\/product\/_grade_school__air_jordan_1_low_se__brown_elephant_1_38895.jpeg;https:\/\/images.novelship.com\/product\/_grade_school__air_jordan_1_low_se__brown_elephant_2_38895.jpeg;https:\/\/images.novelship.com\/product\/_grade_school__air_jordan_1_low_se__brown_elephant_3_38895.jpeg;https:\/\/images.novelship.com\/product\/_grade_school__air_jordan_1_low_se__brown_elephant_4_38895.jpeg;https:\/\/images.novelship.com\/product\/_grade_school__air_jordan_1_low_se__brown_elephant_5_38895.jpeg;https:\/\/images.novelship.com\/product\/_grade_school__air_jordan_1_low_se__brown_elephant_6_38895.jpeg;https:\/\/images.novelship.com\/product\/_grade_school__air_jordan_1_low_se__brown_elephant_7_38895.jpeg","datePublished":"2026-04-16T10:16:46+00:00","dateModified":"2026-04-17T16:08:27+00:00","breadcrumb":{"@id":"https:\/\/tourcruiser.com\/fr\/products\/grade-school-air-jordan-1-low-se-brown-elephant-dz5368-201\/#breadcrumb"},"inLanguage":"fr-FR","potentialAction":[{"@type":"ReadAction","target":["https:\/\/tourcruiser.com\/fr\/products\/grade-school-air-jordan-1-low-se-brown-elephant-dz5368-201\/"]}]},{"@type":"ImageObject","inLanguage":"fr-FR","@id":"https:\/\/tourcruiser.com\/fr\/products\/grade-school-air-jordan-1-low-se-brown-elephant-dz5368-201\/#primaryimage","url":"https:\/\/images.novelship.com\/product\/_grade_school__air_jordan_1_low_se__brown_elephant_0_38895.jpeg;https:\/\/images.novelship.com\/product\/_grade_school__air_jordan_1_low_se__brown_elephant_1_38895.jpeg;https:\/\/images.novelship.com\/product\/_grade_school__air_jordan_1_low_se__brown_elephant_2_38895.jpeg;https:\/\/images.novelship.com\/product\/_grade_school__air_jordan_1_low_se__brown_elephant_3_38895.jpeg;https:\/\/images.novelship.com\/product\/_grade_school__air_jordan_1_low_se__brown_elephant_4_38895.jpeg;https:\/\/images.novelship.com\/product\/_grade_school__air_jordan_1_low_se__brown_elephant_5_38895.jpeg;https:\/\/images.novelship.com\/product\/_grade_school__air_jordan_1_low_se__brown_elephant_6_38895.jpeg;https:\/\/images.novelship.com\/product\/_grade_school__air_jordan_1_low_se__brown_elephant_7_38895.jpeg","contentUrl":"https:\/\/images.novelship.com\/product\/_grade_school__air_jordan_1_low_se__brown_elephant_0_38895.jpeg;https:\/\/images.novelship.com\/product\/_grade_school__air_jordan_1_low_se__brown_elephant_1_38895.jpeg;https:\/\/images.novelship.com\/product\/_grade_school__air_jordan_1_low_se__brown_elephant_2_38895.jpeg;https:\/\/images.novelship.com\/product\/_grade_school__air_jordan_1_low_se__brown_elephant_3_38895.jpeg;https:\/\/images.novelship.com\/product\/_grade_school__air_jordan_1_low_se__brown_elephant_4_38895.jpeg;https:\/\/images.novelship.com\/product\/_grade_school__air_jordan_1_low_se__brown_elephant_5_38895.jpeg;https:\/\/images.novelship.com\/product\/_grade_school__air_jordan_1_low_se__brown_elephant_6_38895.jpeg;https:\/\/images.novelship.com\/product\/_grade_school__air_jordan_1_low_se__brown_elephant_7_38895.jpeg"},{"@type":"BreadcrumbList","@id":"https:\/\/tourcruiser.com\/fr\/products\/grade-school-air-jordan-1-low-se-brown-elephant-dz5368-201\/#breadcrumb","itemListElement":[{"@type":"ListItem","position":1,"name":"Home","item":"https:\/\/tourcruiser.com\/fr\/"},{"@type":"ListItem","position":2,"name":"Shop","item":"https:\/\/tourcruiser.com\/fr\/shop\/"},{"@type":"ListItem","position":3,"name":"(Grade School) Air Jordan 1 Low SE &#8216;Brown Elephant&#8217; DZ5368-201"}]},{"@type":"WebSite","@id":"\/#website","url":"\/","name":"Styloral Jewelry Shop","description":"Tourcruiser Sneaker Store \u2014 L\u2019endroit o\u00f9 l\u2019univers rencontre votre singularit\u00e9.","publisher":{"@id":"\/#organization"},"potentialAction":[{"@type":"SearchAction","target":{"@type":"EntryPoint","urlTemplate":"\/?s={search_term_string}"},"query-input":{"@type":"PropertyValueSpecification","valueRequired":true,"valueName":"search_term_string"}}],"inLanguage":"fr-FR"},{"@type":"Organization","@id":"\/#organization","name":"STYLORAL PTE. LTD","url":"\/","logo":{"@type":"ImageObject","inLanguage":"fr-FR","@id":"\/#\/schema\/logo\/image\/","url":"https:\/\/www.tourcruiser.com\/wp-content\/uploads\/2025\/12\/logo.png","contentUrl":"https:\/\/www.tourcruiser.com\/wp-content\/uploads\/2025\/12\/logo.png","width":200,"height":65,"caption":"STYLORAL PTE. LTD"},"image":{"@id":"\/#\/schema\/logo\/image\/"}}]}},"_links":{"self":[{"href":"https:\/\/tourcruiser.com\/fr\/wp-json\/wp\/v2\/product\/774641","targetHints":{"allow":["GET"]}}],"collection":[{"href":"https:\/\/tourcruiser.com\/fr\/wp-json\/wp\/v2\/product"}],"about":[{"href":"https:\/\/tourcruiser.com\/fr\/wp-json\/wp\/v2\/types\/product"}],"replies":[{"embeddable":true,"href":"https:\/\/tourcruiser.com\/fr\/wp-json\/wp\/v2\/comments?post=774641"}],"wp:featuredmedia":[{"embeddable":true,"href":"https:\/\/tourcruiser.com\/fr\/wp-json\/wp\/v2\/media\/774643"}],"wp:attachment":[{"href":"https:\/\/tourcruiser.com\/fr\/wp-json\/wp\/v2\/media?parent=774641"}],"wp:term":[{"taxonomy":"product_brand","embeddable":true,"href":"https:\/\/tourcruiser.com\/fr\/wp-json\/wp\/v2\/product_brand?post=774641"},{"taxonomy":"product_cat","embeddable":true,"href":"https:\/\/tourcruiser.com\/fr\/wp-json\/wp\/v2\/product_cat?post=774641"},{"taxonomy":"product_tag","embeddable":true,"href":"https:\/\/tourcruiser.com\/fr\/wp-json\/wp\/v2\/product_tag?post=774641"}],"curies":[{"name":"wp","href":"https:\/\/api.w.org\/{rel}","templated":true}]}}