{"id":774585,"date":"2026-04-16T17:16:42","date_gmt":"2026-04-16T10:16:42","guid":{"rendered":"http:\/\/tourcruiser.com\/product\/grade-school-air-jordan-1-low-unc-553560-144"},"modified":"2026-04-17T23:08:24","modified_gmt":"2026-04-17T16:08:24","slug":"grade-school-air-jordan-1-low-unc-553560-144","status":"publish","type":"product","link":"https:\/\/tourcruiser.com\/fr\/products\/grade-school-air-jordan-1-low-unc-553560-144\/","title":{"rendered":"(Grade School) Air Jordan 1 Low &lsquo;UNC&rsquo; 553560-144"},"content":{"rendered":"<p>Les sneakers Air Jordan 1 Low UNC (GS) de Jordan s\u00e9duisent par leur design \u00e9pur\u00e9 et styl\u00e9, et sont parfaites pour tous les passionn\u00e9s de sneakers. Arborant le logo embl\u00e9matique Air Jordan et offrant un confort optimal, ces sneakers sont un incontournable pour le terrain comme pour les loisirs. Le coloris UNC leur conf\u00e8re une touche de sophistication et les distingue des autres mod\u00e8les. Attention, les pointures sont limit\u00e9es\u00a0! R\u00e9servez votre paire de Air Jordan 1 Low UNC (GS) avant qu&rsquo;elles ne soient \u00e9puis\u00e9es.<\/p>\n<p>Coloris\u00a0: Blanc\/Bleu universitaire\/Obsidienne<\/p>\n<p>Code article\u00a0: 553560-144<\/p>\n<p>Tige\u00a0: Cuir<\/p>\n<p>Semelle interm\u00e9diaire\u00a0: Air<\/p>\n<p>Couleur\u00a0: Multicolore<\/p>\n<p>Designer\u00a0: Peter Moore<\/p>\n<p>Saison\u00a0: Automne<\/p>\n<p>Ann\u00e9e de sortie\u00a0: 2021<\/p>\n<p>\u00c2ge\u00a0: Adulte<br \/>\nCouleur\u00a0: Bleu ciel\/Blanc\/Gomme<br \/>\nGenre\u00a0: Jeune<\/p>\n","protected":false},"excerpt":{"rendered":"<p>Les sneakers Air Jordan 1 Low UNC (GS) de Jordan s\u00e9duisent par leur design \u00e9pur\u00e9 et styl\u00e9, et sont parfaites pour tous les passionn\u00e9s de sneakers. Arborant le logo embl\u00e9matique Air Jordan et offrant un confort optimal, ces sneakers sont un incontournable pour le terrain comme pour les loisirs. Le coloris UNC leur conf\u00e8re une [&hellip;]<\/p>\n","protected":false},"featured_media":774587,"comment_status":"open","ping_status":"closed","template":"","meta":[],"product_brand":[],"product_cat":[38880],"product_tag":[10750,38988,10776,11349,38875,10756,39039,38902,38936],"class_list":{"0":"post-774585","1":"product","2":"type-product","3":"status-publish","4":"has-post-thumbnail","6":"product_cat-jordan","7":"product_tag-athleisure-shoes","8":"product_tag-casual-shoes-for-kids","9":"product_tag-jordan","10":"product_tag-jordan-basketball-shoes","11":"product_tag-jordan-skateboard-shoes","12":"product_tag-retro-casual-shoes","13":"product_tag-sneakers-for-kids","14":"product_tag-trendy-offers","15":"product_tag-trendy-offers-under-a-150","17":"first","18":"instock","19":"taxable","20":"shipping-taxable","21":"purchasable","22":"product-type-simple"},"wcpa_form_fields":null,"yoast_head":"<!-- This site is optimized with the Yoast SEO plugin v26.5 - https:\/\/yoast.com\/wordpress\/plugins\/seo\/ -->\n<title>(Grade School) Air Jordan 1 Low &#039;UNC&#039; 553560-144 - TOURCRUISER PTE. LTD<\/title>\n<meta name=\"robots\" content=\"index, follow, max-snippet:-1, max-image-preview:large, max-video-preview:-1\" \/>\n<link rel=\"canonical\" href=\"https:\/\/tourcruiser.com\/fr\/products\/grade-school-air-jordan-1-low-unc-553560-144\/\" \/>\n<meta property=\"og:locale\" content=\"fr_FR\" \/>\n<meta property=\"og:type\" content=\"article\" \/>\n<meta property=\"og:title\" content=\"(Grade School) Air Jordan 1 Low &#039;UNC&#039; 553560-144 - TOURCRUISER PTE. LTD\" \/>\n<meta property=\"og:description\" content=\"Les sneakers Air Jordan 1 Low UNC (GS) de Jordan s\u00e9duisent par leur design \u00e9pur\u00e9 et styl\u00e9, et sont parfaites pour tous les passionn\u00e9s de sneakers. Arborant le logo embl\u00e9matique Air Jordan et offrant un confort optimal, ces sneakers sont un incontournable pour le terrain comme pour les loisirs. Le coloris UNC leur conf\u00e8re une [&hellip;]\" \/>\n<meta property=\"og:url\" content=\"https:\/\/tourcruiser.com\/fr\/products\/grade-school-air-jordan-1-low-unc-553560-144\/\" \/>\n<meta property=\"og:site_name\" content=\"Tourcruiser Sneaker Store\" \/>\n<meta property=\"article:modified_time\" content=\"2026-04-17T16:08:24+00:00\" \/>\n<meta name=\"twitter:card\" content=\"summary_large_image\" \/>\n<meta name=\"twitter:image\" content=\"https:\/\/images.novelship.com\/product\/_grade_school__air_jordan_1_low__unc__553560_144_0_76550.jpeg;https:\/\/images.novelship.com\/product\/_grade_school__air_jordan_1_low__unc__553560_144_1_76550.jpeg;https:\/\/images.novelship.com\/product\/_grade_school__air_jordan_1_low__unc__553560_144_2_76550.jpeg;https:\/\/images.novelship.com\/product\/_grade_school__air_jordan_1_low__unc__553560_144_3_76550.jpeg;https:\/\/images.novelship.com\/product\/_grade_school__air_jordan_1_low__unc__553560_144_4_76550.jpeg;https:\/\/images.novelship.com\/product\/_grade_school__air_jordan_1_low__unc__553560_144_5_76550.jpeg;https:\/\/images.novelship.com\/product\/_grade_school__air_jordan_1_low__unc__553560_144_6_76550.jpeg;https:\/\/images.novelship.com\/product\/_grade_school__air_jordan_1_low__unc__553560_144_7_76550.jpeg\" \/>\n<meta name=\"twitter:label1\" content=\"Dur\u00e9e de lecture estim\u00e9e\" \/>\n\t<meta name=\"twitter:data1\" content=\"1 minute\" \/>\n<script type=\"application\/ld+json\" class=\"yoast-schema-graph\">{\"@context\":\"https:\/\/schema.org\",\"@graph\":[{\"@type\":\"WebPage\",\"@id\":\"https:\/\/tourcruiser.com\/fr\/products\/grade-school-air-jordan-1-low-unc-553560-144\/\",\"url\":\"https:\/\/tourcruiser.com\/fr\/products\/grade-school-air-jordan-1-low-unc-553560-144\/\",\"name\":\"(Grade School) Air Jordan 1 Low 'UNC' 553560-144 - TOURCRUISER PTE. LTD\",\"isPartOf\":{\"@id\":\"\/#website\"},\"primaryImageOfPage\":{\"@id\":\"https:\/\/tourcruiser.com\/fr\/products\/grade-school-air-jordan-1-low-unc-553560-144\/#primaryimage\"},\"image\":{\"@id\":\"https:\/\/tourcruiser.com\/fr\/products\/grade-school-air-jordan-1-low-unc-553560-144\/#primaryimage\"},\"thumbnailUrl\":\"https:\/\/images.novelship.com\/product\/_grade_school__air_jordan_1_low__unc__553560_144_0_76550.jpeg;https:\/\/images.novelship.com\/product\/_grade_school__air_jordan_1_low__unc__553560_144_1_76550.jpeg;https:\/\/images.novelship.com\/product\/_grade_school__air_jordan_1_low__unc__553560_144_2_76550.jpeg;https:\/\/images.novelship.com\/product\/_grade_school__air_jordan_1_low__unc__553560_144_3_76550.jpeg;https:\/\/images.novelship.com\/product\/_grade_school__air_jordan_1_low__unc__553560_144_4_76550.jpeg;https:\/\/images.novelship.com\/product\/_grade_school__air_jordan_1_low__unc__553560_144_5_76550.jpeg;https:\/\/images.novelship.com\/product\/_grade_school__air_jordan_1_low__unc__553560_144_6_76550.jpeg;https:\/\/images.novelship.com\/product\/_grade_school__air_jordan_1_low__unc__553560_144_7_76550.jpeg\",\"datePublished\":\"2026-04-16T10:16:42+00:00\",\"dateModified\":\"2026-04-17T16:08:24+00:00\",\"breadcrumb\":{\"@id\":\"https:\/\/tourcruiser.com\/fr\/products\/grade-school-air-jordan-1-low-unc-553560-144\/#breadcrumb\"},\"inLanguage\":\"fr-FR\",\"potentialAction\":[{\"@type\":\"ReadAction\",\"target\":[\"https:\/\/tourcruiser.com\/fr\/products\/grade-school-air-jordan-1-low-unc-553560-144\/\"]}]},{\"@type\":\"ImageObject\",\"inLanguage\":\"fr-FR\",\"@id\":\"https:\/\/tourcruiser.com\/fr\/products\/grade-school-air-jordan-1-low-unc-553560-144\/#primaryimage\",\"url\":\"https:\/\/images.novelship.com\/product\/_grade_school__air_jordan_1_low__unc__553560_144_0_76550.jpeg;https:\/\/images.novelship.com\/product\/_grade_school__air_jordan_1_low__unc__553560_144_1_76550.jpeg;https:\/\/images.novelship.com\/product\/_grade_school__air_jordan_1_low__unc__553560_144_2_76550.jpeg;https:\/\/images.novelship.com\/product\/_grade_school__air_jordan_1_low__unc__553560_144_3_76550.jpeg;https:\/\/images.novelship.com\/product\/_grade_school__air_jordan_1_low__unc__553560_144_4_76550.jpeg;https:\/\/images.novelship.com\/product\/_grade_school__air_jordan_1_low__unc__553560_144_5_76550.jpeg;https:\/\/images.novelship.com\/product\/_grade_school__air_jordan_1_low__unc__553560_144_6_76550.jpeg;https:\/\/images.novelship.com\/product\/_grade_school__air_jordan_1_low__unc__553560_144_7_76550.jpeg\",\"contentUrl\":\"https:\/\/images.novelship.com\/product\/_grade_school__air_jordan_1_low__unc__553560_144_0_76550.jpeg;https:\/\/images.novelship.com\/product\/_grade_school__air_jordan_1_low__unc__553560_144_1_76550.jpeg;https:\/\/images.novelship.com\/product\/_grade_school__air_jordan_1_low__unc__553560_144_2_76550.jpeg;https:\/\/images.novelship.com\/product\/_grade_school__air_jordan_1_low__unc__553560_144_3_76550.jpeg;https:\/\/images.novelship.com\/product\/_grade_school__air_jordan_1_low__unc__553560_144_4_76550.jpeg;https:\/\/images.novelship.com\/product\/_grade_school__air_jordan_1_low__unc__553560_144_5_76550.jpeg;https:\/\/images.novelship.com\/product\/_grade_school__air_jordan_1_low__unc__553560_144_6_76550.jpeg;https:\/\/images.novelship.com\/product\/_grade_school__air_jordan_1_low__unc__553560_144_7_76550.jpeg\"},{\"@type\":\"BreadcrumbList\",\"@id\":\"https:\/\/tourcruiser.com\/fr\/products\/grade-school-air-jordan-1-low-unc-553560-144\/#breadcrumb\",\"itemListElement\":[{\"@type\":\"ListItem\",\"position\":1,\"name\":\"Home\",\"item\":\"https:\/\/tourcruiser.com\/fr\/\"},{\"@type\":\"ListItem\",\"position\":2,\"name\":\"Shop\",\"item\":\"https:\/\/tourcruiser.com\/fr\/shop\/\"},{\"@type\":\"ListItem\",\"position\":3,\"name\":\"(Grade School) Air Jordan 1 Low &#8216;UNC&#8217; 553560-144\"}]},{\"@type\":\"WebSite\",\"@id\":\"\/#website\",\"url\":\"\/\",\"name\":\"Styloral Jewelry Shop\",\"description\":\"Tourcruiser Sneaker Store \u2014 L\u2019endroit o\u00f9 l\u2019univers rencontre votre singularit\u00e9.\",\"publisher\":{\"@id\":\"\/#organization\"},\"potentialAction\":[{\"@type\":\"SearchAction\",\"target\":{\"@type\":\"EntryPoint\",\"urlTemplate\":\"\/?s={search_term_string}\"},\"query-input\":{\"@type\":\"PropertyValueSpecification\",\"valueRequired\":true,\"valueName\":\"search_term_string\"}}],\"inLanguage\":\"fr-FR\"},{\"@type\":\"Organization\",\"@id\":\"\/#organization\",\"name\":\"STYLORAL PTE. LTD\",\"url\":\"\/\",\"logo\":{\"@type\":\"ImageObject\",\"inLanguage\":\"fr-FR\",\"@id\":\"\/#\/schema\/logo\/image\/\",\"url\":\"https:\/\/www.tourcruiser.com\/wp-content\/uploads\/2025\/12\/logo.png\",\"contentUrl\":\"https:\/\/www.tourcruiser.com\/wp-content\/uploads\/2025\/12\/logo.png\",\"width\":200,\"height\":65,\"caption\":\"STYLORAL PTE. LTD\"},\"image\":{\"@id\":\"\/#\/schema\/logo\/image\/\"}}]}<\/script>\n<!-- \/ Yoast SEO plugin. -->","yoast_head_json":{"title":"(Grade School) Air Jordan 1 Low 'UNC' 553560-144 - TOURCRUISER PTE. LTD","robots":{"index":"index","follow":"follow","max-snippet":"max-snippet:-1","max-image-preview":"max-image-preview:large","max-video-preview":"max-video-preview:-1"},"canonical":"https:\/\/tourcruiser.com\/fr\/products\/grade-school-air-jordan-1-low-unc-553560-144\/","og_locale":"fr_FR","og_type":"article","og_title":"(Grade School) Air Jordan 1 Low 'UNC' 553560-144 - TOURCRUISER PTE. LTD","og_description":"Les sneakers Air Jordan 1 Low UNC (GS) de Jordan s\u00e9duisent par leur design \u00e9pur\u00e9 et styl\u00e9, et sont parfaites pour tous les passionn\u00e9s de sneakers. Arborant le logo embl\u00e9matique Air Jordan et offrant un confort optimal, ces sneakers sont un incontournable pour le terrain comme pour les loisirs. Le coloris UNC leur conf\u00e8re une [&hellip;]","og_url":"https:\/\/tourcruiser.com\/fr\/products\/grade-school-air-jordan-1-low-unc-553560-144\/","og_site_name":"Tourcruiser Sneaker Store","article_modified_time":"2026-04-17T16:08:24+00:00","twitter_card":"summary_large_image","twitter_image":"https:\/\/images.novelship.com\/product\/_grade_school__air_jordan_1_low__unc__553560_144_0_76550.jpeg;https:\/\/images.novelship.com\/product\/_grade_school__air_jordan_1_low__unc__553560_144_1_76550.jpeg;https:\/\/images.novelship.com\/product\/_grade_school__air_jordan_1_low__unc__553560_144_2_76550.jpeg;https:\/\/images.novelship.com\/product\/_grade_school__air_jordan_1_low__unc__553560_144_3_76550.jpeg;https:\/\/images.novelship.com\/product\/_grade_school__air_jordan_1_low__unc__553560_144_4_76550.jpeg;https:\/\/images.novelship.com\/product\/_grade_school__air_jordan_1_low__unc__553560_144_5_76550.jpeg;https:\/\/images.novelship.com\/product\/_grade_school__air_jordan_1_low__unc__553560_144_6_76550.jpeg;https:\/\/images.novelship.com\/product\/_grade_school__air_jordan_1_low__unc__553560_144_7_76550.jpeg","twitter_misc":{"Dur\u00e9e de lecture estim\u00e9e":"1 minute"},"schema":{"@context":"https:\/\/schema.org","@graph":[{"@type":"WebPage","@id":"https:\/\/tourcruiser.com\/fr\/products\/grade-school-air-jordan-1-low-unc-553560-144\/","url":"https:\/\/tourcruiser.com\/fr\/products\/grade-school-air-jordan-1-low-unc-553560-144\/","name":"(Grade School) Air Jordan 1 Low 'UNC' 553560-144 - TOURCRUISER PTE. LTD","isPartOf":{"@id":"\/#website"},"primaryImageOfPage":{"@id":"https:\/\/tourcruiser.com\/fr\/products\/grade-school-air-jordan-1-low-unc-553560-144\/#primaryimage"},"image":{"@id":"https:\/\/tourcruiser.com\/fr\/products\/grade-school-air-jordan-1-low-unc-553560-144\/#primaryimage"},"thumbnailUrl":"https:\/\/images.novelship.com\/product\/_grade_school__air_jordan_1_low__unc__553560_144_0_76550.jpeg;https:\/\/images.novelship.com\/product\/_grade_school__air_jordan_1_low__unc__553560_144_1_76550.jpeg;https:\/\/images.novelship.com\/product\/_grade_school__air_jordan_1_low__unc__553560_144_2_76550.jpeg;https:\/\/images.novelship.com\/product\/_grade_school__air_jordan_1_low__unc__553560_144_3_76550.jpeg;https:\/\/images.novelship.com\/product\/_grade_school__air_jordan_1_low__unc__553560_144_4_76550.jpeg;https:\/\/images.novelship.com\/product\/_grade_school__air_jordan_1_low__unc__553560_144_5_76550.jpeg;https:\/\/images.novelship.com\/product\/_grade_school__air_jordan_1_low__unc__553560_144_6_76550.jpeg;https:\/\/images.novelship.com\/product\/_grade_school__air_jordan_1_low__unc__553560_144_7_76550.jpeg","datePublished":"2026-04-16T10:16:42+00:00","dateModified":"2026-04-17T16:08:24+00:00","breadcrumb":{"@id":"https:\/\/tourcruiser.com\/fr\/products\/grade-school-air-jordan-1-low-unc-553560-144\/#breadcrumb"},"inLanguage":"fr-FR","potentialAction":[{"@type":"ReadAction","target":["https:\/\/tourcruiser.com\/fr\/products\/grade-school-air-jordan-1-low-unc-553560-144\/"]}]},{"@type":"ImageObject","inLanguage":"fr-FR","@id":"https:\/\/tourcruiser.com\/fr\/products\/grade-school-air-jordan-1-low-unc-553560-144\/#primaryimage","url":"https:\/\/images.novelship.com\/product\/_grade_school__air_jordan_1_low__unc__553560_144_0_76550.jpeg;https:\/\/images.novelship.com\/product\/_grade_school__air_jordan_1_low__unc__553560_144_1_76550.jpeg;https:\/\/images.novelship.com\/product\/_grade_school__air_jordan_1_low__unc__553560_144_2_76550.jpeg;https:\/\/images.novelship.com\/product\/_grade_school__air_jordan_1_low__unc__553560_144_3_76550.jpeg;https:\/\/images.novelship.com\/product\/_grade_school__air_jordan_1_low__unc__553560_144_4_76550.jpeg;https:\/\/images.novelship.com\/product\/_grade_school__air_jordan_1_low__unc__553560_144_5_76550.jpeg;https:\/\/images.novelship.com\/product\/_grade_school__air_jordan_1_low__unc__553560_144_6_76550.jpeg;https:\/\/images.novelship.com\/product\/_grade_school__air_jordan_1_low__unc__553560_144_7_76550.jpeg","contentUrl":"https:\/\/images.novelship.com\/product\/_grade_school__air_jordan_1_low__unc__553560_144_0_76550.jpeg;https:\/\/images.novelship.com\/product\/_grade_school__air_jordan_1_low__unc__553560_144_1_76550.jpeg;https:\/\/images.novelship.com\/product\/_grade_school__air_jordan_1_low__unc__553560_144_2_76550.jpeg;https:\/\/images.novelship.com\/product\/_grade_school__air_jordan_1_low__unc__553560_144_3_76550.jpeg;https:\/\/images.novelship.com\/product\/_grade_school__air_jordan_1_low__unc__553560_144_4_76550.jpeg;https:\/\/images.novelship.com\/product\/_grade_school__air_jordan_1_low__unc__553560_144_5_76550.jpeg;https:\/\/images.novelship.com\/product\/_grade_school__air_jordan_1_low__unc__553560_144_6_76550.jpeg;https:\/\/images.novelship.com\/product\/_grade_school__air_jordan_1_low__unc__553560_144_7_76550.jpeg"},{"@type":"BreadcrumbList","@id":"https:\/\/tourcruiser.com\/fr\/products\/grade-school-air-jordan-1-low-unc-553560-144\/#breadcrumb","itemListElement":[{"@type":"ListItem","position":1,"name":"Home","item":"https:\/\/tourcruiser.com\/fr\/"},{"@type":"ListItem","position":2,"name":"Shop","item":"https:\/\/tourcruiser.com\/fr\/shop\/"},{"@type":"ListItem","position":3,"name":"(Grade School) Air Jordan 1 Low &#8216;UNC&#8217; 553560-144"}]},{"@type":"WebSite","@id":"\/#website","url":"\/","name":"Styloral Jewelry Shop","description":"Tourcruiser Sneaker Store \u2014 L\u2019endroit o\u00f9 l\u2019univers rencontre votre singularit\u00e9.","publisher":{"@id":"\/#organization"},"potentialAction":[{"@type":"SearchAction","target":{"@type":"EntryPoint","urlTemplate":"\/?s={search_term_string}"},"query-input":{"@type":"PropertyValueSpecification","valueRequired":true,"valueName":"search_term_string"}}],"inLanguage":"fr-FR"},{"@type":"Organization","@id":"\/#organization","name":"STYLORAL PTE. LTD","url":"\/","logo":{"@type":"ImageObject","inLanguage":"fr-FR","@id":"\/#\/schema\/logo\/image\/","url":"https:\/\/www.tourcruiser.com\/wp-content\/uploads\/2025\/12\/logo.png","contentUrl":"https:\/\/www.tourcruiser.com\/wp-content\/uploads\/2025\/12\/logo.png","width":200,"height":65,"caption":"STYLORAL PTE. LTD"},"image":{"@id":"\/#\/schema\/logo\/image\/"}}]}},"_links":{"self":[{"href":"https:\/\/tourcruiser.com\/fr\/wp-json\/wp\/v2\/product\/774585","targetHints":{"allow":["GET"]}}],"collection":[{"href":"https:\/\/tourcruiser.com\/fr\/wp-json\/wp\/v2\/product"}],"about":[{"href":"https:\/\/tourcruiser.com\/fr\/wp-json\/wp\/v2\/types\/product"}],"replies":[{"embeddable":true,"href":"https:\/\/tourcruiser.com\/fr\/wp-json\/wp\/v2\/comments?post=774585"}],"wp:featuredmedia":[{"embeddable":true,"href":"https:\/\/tourcruiser.com\/fr\/wp-json\/wp\/v2\/media\/774587"}],"wp:attachment":[{"href":"https:\/\/tourcruiser.com\/fr\/wp-json\/wp\/v2\/media?parent=774585"}],"wp:term":[{"taxonomy":"product_brand","embeddable":true,"href":"https:\/\/tourcruiser.com\/fr\/wp-json\/wp\/v2\/product_brand?post=774585"},{"taxonomy":"product_cat","embeddable":true,"href":"https:\/\/tourcruiser.com\/fr\/wp-json\/wp\/v2\/product_cat?post=774585"},{"taxonomy":"product_tag","embeddable":true,"href":"https:\/\/tourcruiser.com\/fr\/wp-json\/wp\/v2\/product_tag?post=774585"}],"curies":[{"name":"wp","href":"https:\/\/api.w.org\/{rel}","templated":true}]}}