{"id":774483,"date":"2026-04-16T17:16:37","date_gmt":"2026-04-16T10:16:37","guid":{"rendered":"http:\/\/tourcruiser.com\/product\/grade-school-air-jordan-1-low-og-starfish-cz0858-801"},"modified":"2026-04-17T23:08:16","modified_gmt":"2026-04-17T16:08:16","slug":"grade-school-air-jordan-1-low-og-starfish-cz0858-801","status":"publish","type":"product","link":"https:\/\/tourcruiser.com\/fr\/products\/grade-school-air-jordan-1-low-og-starfish-cz0858-801\/","title":{"rendered":"(Grade School) Air Jordan 1 Low OG &lsquo;Starfish&rsquo; CZ0858-801"},"content":{"rendered":"<p>Affirmez votre style avec les Air Jordan 1 Low OG Starfish (GS) de Jordan. Ces sneakers basses styl\u00e9es, d&rsquo;un orange \u00e9toile de mer \u00e9clatant, ne passeront pas inaper\u00e7ues. Gr\u00e2ce \u00e0 l&rsquo;amorti Air l\u00e9gendaire et \u00e0 l&#8217;empeigne en cuir premium, elles offrent confort et style \u00e0 chaque pas. Parfaites pour les loisirs et le sport, ces Air Jordan sont un incontournable pour tous les fans de sneakers.<\/p>\n<p>Coloris : Starfish\/Blanc\/Noir<\/p>\n<p>Code article : CZ0858-801<\/p>\n<p>Empeigne : Cuir<\/p>\n<p>Semelle interm\u00e9diaire : Air<\/p>\n<p>Couleur : Rouge<\/p>\n<p>Designer : Peter Moore<\/p>\n<p>Saison : \u00c9t\u00e9<\/p>\n<p>Ann\u00e9e de sortie : 2021<\/p>\n<p>\u00c2ge : Adulte<\/p>\n<p>Couleur : Blanc\/Arctic Punch\/Vanille p\u00e2le\/Vert fluorescent<\/p>\n<p>Genre : Jeune<\/p>\n","protected":false},"excerpt":{"rendered":"<p>Affirmez votre style avec les Air Jordan 1 Low OG Starfish (GS) de Jordan. Ces sneakers basses styl\u00e9es, d&rsquo;un orange \u00e9toile de mer \u00e9clatant, ne passeront pas inaper\u00e7ues. Gr\u00e2ce \u00e0 l&rsquo;amorti Air l\u00e9gendaire et \u00e0 l&#8217;empeigne en cuir premium, elles offrent confort et style \u00e0 chaque pas. Parfaites pour les loisirs et le sport, ces [&hellip;]<\/p>\n","protected":false},"featured_media":774484,"comment_status":"open","ping_status":"closed","template":"","meta":[],"product_brand":[],"product_cat":[38880],"product_tag":[10750,38861,38988,38874,10776,38875,10756,39039,39553,39692],"class_list":{"0":"post-774483","1":"product","2":"type-product","3":"status-publish","4":"has-post-thumbnail","6":"product_cat-jordan","7":"product_tag-athleisure-shoes","8":"product_tag-below-retail-price","9":"product_tag-casual-shoes-for-kids","10":"product_tag-hari-raya-gs","11":"product_tag-jordan","12":"product_tag-jordan-skateboard-shoes","13":"product_tag-retro-casual-shoes","14":"product_tag-sneakers-for-kids","15":"product_tag-trendy-deals","16":"product_tag-trendy-deals-under-150","18":"first","19":"instock","20":"taxable","21":"shipping-taxable","22":"purchasable","23":"product-type-simple"},"wcpa_form_fields":null,"yoast_head":"<!-- This site is optimized with the Yoast SEO plugin v26.5 - https:\/\/yoast.com\/wordpress\/plugins\/seo\/ -->\n<title>(Grade School) Air Jordan 1 Low OG &#039;Starfish&#039; CZ0858-801 - TOURCRUISER PTE. LTD<\/title>\n<meta name=\"robots\" content=\"index, follow, max-snippet:-1, max-image-preview:large, max-video-preview:-1\" \/>\n<link rel=\"canonical\" href=\"https:\/\/tourcruiser.com\/fr\/products\/grade-school-air-jordan-1-low-og-starfish-cz0858-801\/\" \/>\n<meta property=\"og:locale\" content=\"fr_FR\" \/>\n<meta property=\"og:type\" content=\"article\" \/>\n<meta property=\"og:title\" content=\"(Grade School) Air Jordan 1 Low OG &#039;Starfish&#039; CZ0858-801 - TOURCRUISER PTE. LTD\" \/>\n<meta property=\"og:description\" content=\"Affirmez votre style avec les Air Jordan 1 Low OG Starfish (GS) de Jordan. Ces sneakers basses styl\u00e9es, d&rsquo;un orange \u00e9toile de mer \u00e9clatant, ne passeront pas inaper\u00e7ues. Gr\u00e2ce \u00e0 l&rsquo;amorti Air l\u00e9gendaire et \u00e0 l&#8217;empeigne en cuir premium, elles offrent confort et style \u00e0 chaque pas. Parfaites pour les loisirs et le sport, ces [&hellip;]\" \/>\n<meta property=\"og:url\" content=\"https:\/\/tourcruiser.com\/fr\/products\/grade-school-air-jordan-1-low-og-starfish-cz0858-801\/\" \/>\n<meta property=\"og:site_name\" content=\"Tourcruiser Sneaker Store\" \/>\n<meta property=\"article:modified_time\" content=\"2026-04-17T16:08:16+00:00\" \/>\n<meta name=\"twitter:card\" content=\"summary_large_image\" \/>\n<meta name=\"twitter:image\" content=\"https:\/\/images.novelship.com\/product\/_grade_school__air_jordan_1_low_og__starfish__cz08_0_47723.jpeg;https:\/\/images.novelship.com\/product\/_grade_school__air_jordan_1_low_og__starfish__cz08_1_47723.jpeg;https:\/\/images.novelship.com\/product\/_grade_school__air_jordan_1_low_og__starfish__cz08_2_47723.jpeg;https:\/\/images.novelship.com\/product\/_grade_school__air_jordan_1_low_og__starfish__cz08_3_47723.jpeg;https:\/\/images.novelship.com\/product\/_grade_school__air_jordan_1_low_og__starfish__cz08_4_47723.jpeg;https:\/\/images.novelship.com\/product\/_grade_school__air_jordan_1_low_og__starfish__cz08_5_47723.jpeg;https:\/\/images.novelship.com\/product\/_grade_school__air_jordan_1_low_og__starfish__cz08_6_47723.jpeg;https:\/\/images.novelship.com\/product\/_grade_school__air_jordan_1_low_og__starfish__cz08_7_47723.jpeg\" \/>\n<meta name=\"twitter:label1\" content=\"Dur\u00e9e de lecture estim\u00e9e\" \/>\n\t<meta name=\"twitter:data1\" content=\"1 minute\" \/>\n<script type=\"application\/ld+json\" class=\"yoast-schema-graph\">{\"@context\":\"https:\/\/schema.org\",\"@graph\":[{\"@type\":\"WebPage\",\"@id\":\"https:\/\/tourcruiser.com\/fr\/products\/grade-school-air-jordan-1-low-og-starfish-cz0858-801\/\",\"url\":\"https:\/\/tourcruiser.com\/fr\/products\/grade-school-air-jordan-1-low-og-starfish-cz0858-801\/\",\"name\":\"(Grade School) Air Jordan 1 Low OG 'Starfish' CZ0858-801 - TOURCRUISER PTE. LTD\",\"isPartOf\":{\"@id\":\"\/#website\"},\"primaryImageOfPage\":{\"@id\":\"https:\/\/tourcruiser.com\/fr\/products\/grade-school-air-jordan-1-low-og-starfish-cz0858-801\/#primaryimage\"},\"image\":{\"@id\":\"https:\/\/tourcruiser.com\/fr\/products\/grade-school-air-jordan-1-low-og-starfish-cz0858-801\/#primaryimage\"},\"thumbnailUrl\":\"https:\/\/images.novelship.com\/product\/_grade_school__air_jordan_1_low_og__starfish__cz08_0_47723.jpeg;https:\/\/images.novelship.com\/product\/_grade_school__air_jordan_1_low_og__starfish__cz08_1_47723.jpeg;https:\/\/images.novelship.com\/product\/_grade_school__air_jordan_1_low_og__starfish__cz08_2_47723.jpeg;https:\/\/images.novelship.com\/product\/_grade_school__air_jordan_1_low_og__starfish__cz08_3_47723.jpeg;https:\/\/images.novelship.com\/product\/_grade_school__air_jordan_1_low_og__starfish__cz08_4_47723.jpeg;https:\/\/images.novelship.com\/product\/_grade_school__air_jordan_1_low_og__starfish__cz08_5_47723.jpeg;https:\/\/images.novelship.com\/product\/_grade_school__air_jordan_1_low_og__starfish__cz08_6_47723.jpeg;https:\/\/images.novelship.com\/product\/_grade_school__air_jordan_1_low_og__starfish__cz08_7_47723.jpeg\",\"datePublished\":\"2026-04-16T10:16:37+00:00\",\"dateModified\":\"2026-04-17T16:08:16+00:00\",\"breadcrumb\":{\"@id\":\"https:\/\/tourcruiser.com\/fr\/products\/grade-school-air-jordan-1-low-og-starfish-cz0858-801\/#breadcrumb\"},\"inLanguage\":\"fr-FR\",\"potentialAction\":[{\"@type\":\"ReadAction\",\"target\":[\"https:\/\/tourcruiser.com\/fr\/products\/grade-school-air-jordan-1-low-og-starfish-cz0858-801\/\"]}]},{\"@type\":\"ImageObject\",\"inLanguage\":\"fr-FR\",\"@id\":\"https:\/\/tourcruiser.com\/fr\/products\/grade-school-air-jordan-1-low-og-starfish-cz0858-801\/#primaryimage\",\"url\":\"https:\/\/images.novelship.com\/product\/_grade_school__air_jordan_1_low_og__starfish__cz08_0_47723.jpeg;https:\/\/images.novelship.com\/product\/_grade_school__air_jordan_1_low_og__starfish__cz08_1_47723.jpeg;https:\/\/images.novelship.com\/product\/_grade_school__air_jordan_1_low_og__starfish__cz08_2_47723.jpeg;https:\/\/images.novelship.com\/product\/_grade_school__air_jordan_1_low_og__starfish__cz08_3_47723.jpeg;https:\/\/images.novelship.com\/product\/_grade_school__air_jordan_1_low_og__starfish__cz08_4_47723.jpeg;https:\/\/images.novelship.com\/product\/_grade_school__air_jordan_1_low_og__starfish__cz08_5_47723.jpeg;https:\/\/images.novelship.com\/product\/_grade_school__air_jordan_1_low_og__starfish__cz08_6_47723.jpeg;https:\/\/images.novelship.com\/product\/_grade_school__air_jordan_1_low_og__starfish__cz08_7_47723.jpeg\",\"contentUrl\":\"https:\/\/images.novelship.com\/product\/_grade_school__air_jordan_1_low_og__starfish__cz08_0_47723.jpeg;https:\/\/images.novelship.com\/product\/_grade_school__air_jordan_1_low_og__starfish__cz08_1_47723.jpeg;https:\/\/images.novelship.com\/product\/_grade_school__air_jordan_1_low_og__starfish__cz08_2_47723.jpeg;https:\/\/images.novelship.com\/product\/_grade_school__air_jordan_1_low_og__starfish__cz08_3_47723.jpeg;https:\/\/images.novelship.com\/product\/_grade_school__air_jordan_1_low_og__starfish__cz08_4_47723.jpeg;https:\/\/images.novelship.com\/product\/_grade_school__air_jordan_1_low_og__starfish__cz08_5_47723.jpeg;https:\/\/images.novelship.com\/product\/_grade_school__air_jordan_1_low_og__starfish__cz08_6_47723.jpeg;https:\/\/images.novelship.com\/product\/_grade_school__air_jordan_1_low_og__starfish__cz08_7_47723.jpeg\"},{\"@type\":\"BreadcrumbList\",\"@id\":\"https:\/\/tourcruiser.com\/fr\/products\/grade-school-air-jordan-1-low-og-starfish-cz0858-801\/#breadcrumb\",\"itemListElement\":[{\"@type\":\"ListItem\",\"position\":1,\"name\":\"Home\",\"item\":\"https:\/\/tourcruiser.com\/fr\/\"},{\"@type\":\"ListItem\",\"position\":2,\"name\":\"Shop\",\"item\":\"https:\/\/tourcruiser.com\/fr\/shop\/\"},{\"@type\":\"ListItem\",\"position\":3,\"name\":\"(Grade School) Air Jordan 1 Low OG &#8216;Starfish&#8217; CZ0858-801\"}]},{\"@type\":\"WebSite\",\"@id\":\"\/#website\",\"url\":\"\/\",\"name\":\"Styloral Jewelry Shop\",\"description\":\"Tourcruiser Sneaker Store \u2014 L\u2019endroit o\u00f9 l\u2019univers rencontre votre singularit\u00e9.\",\"publisher\":{\"@id\":\"\/#organization\"},\"potentialAction\":[{\"@type\":\"SearchAction\",\"target\":{\"@type\":\"EntryPoint\",\"urlTemplate\":\"\/?s={search_term_string}\"},\"query-input\":{\"@type\":\"PropertyValueSpecification\",\"valueRequired\":true,\"valueName\":\"search_term_string\"}}],\"inLanguage\":\"fr-FR\"},{\"@type\":\"Organization\",\"@id\":\"\/#organization\",\"name\":\"STYLORAL PTE. LTD\",\"url\":\"\/\",\"logo\":{\"@type\":\"ImageObject\",\"inLanguage\":\"fr-FR\",\"@id\":\"\/#\/schema\/logo\/image\/\",\"url\":\"https:\/\/www.tourcruiser.com\/wp-content\/uploads\/2025\/12\/logo.png\",\"contentUrl\":\"https:\/\/www.tourcruiser.com\/wp-content\/uploads\/2025\/12\/logo.png\",\"width\":200,\"height\":65,\"caption\":\"STYLORAL PTE. LTD\"},\"image\":{\"@id\":\"\/#\/schema\/logo\/image\/\"}}]}<\/script>\n<!-- \/ Yoast SEO plugin. -->","yoast_head_json":{"title":"(Grade School) Air Jordan 1 Low OG 'Starfish' CZ0858-801 - TOURCRUISER PTE. LTD","robots":{"index":"index","follow":"follow","max-snippet":"max-snippet:-1","max-image-preview":"max-image-preview:large","max-video-preview":"max-video-preview:-1"},"canonical":"https:\/\/tourcruiser.com\/fr\/products\/grade-school-air-jordan-1-low-og-starfish-cz0858-801\/","og_locale":"fr_FR","og_type":"article","og_title":"(Grade School) Air Jordan 1 Low OG 'Starfish' CZ0858-801 - TOURCRUISER PTE. LTD","og_description":"Affirmez votre style avec les Air Jordan 1 Low OG Starfish (GS) de Jordan. Ces sneakers basses styl\u00e9es, d&rsquo;un orange \u00e9toile de mer \u00e9clatant, ne passeront pas inaper\u00e7ues. Gr\u00e2ce \u00e0 l&rsquo;amorti Air l\u00e9gendaire et \u00e0 l&#8217;empeigne en cuir premium, elles offrent confort et style \u00e0 chaque pas. Parfaites pour les loisirs et le sport, ces [&hellip;]","og_url":"https:\/\/tourcruiser.com\/fr\/products\/grade-school-air-jordan-1-low-og-starfish-cz0858-801\/","og_site_name":"Tourcruiser Sneaker Store","article_modified_time":"2026-04-17T16:08:16+00:00","twitter_card":"summary_large_image","twitter_image":"https:\/\/images.novelship.com\/product\/_grade_school__air_jordan_1_low_og__starfish__cz08_0_47723.jpeg;https:\/\/images.novelship.com\/product\/_grade_school__air_jordan_1_low_og__starfish__cz08_1_47723.jpeg;https:\/\/images.novelship.com\/product\/_grade_school__air_jordan_1_low_og__starfish__cz08_2_47723.jpeg;https:\/\/images.novelship.com\/product\/_grade_school__air_jordan_1_low_og__starfish__cz08_3_47723.jpeg;https:\/\/images.novelship.com\/product\/_grade_school__air_jordan_1_low_og__starfish__cz08_4_47723.jpeg;https:\/\/images.novelship.com\/product\/_grade_school__air_jordan_1_low_og__starfish__cz08_5_47723.jpeg;https:\/\/images.novelship.com\/product\/_grade_school__air_jordan_1_low_og__starfish__cz08_6_47723.jpeg;https:\/\/images.novelship.com\/product\/_grade_school__air_jordan_1_low_og__starfish__cz08_7_47723.jpeg","twitter_misc":{"Dur\u00e9e de lecture estim\u00e9e":"1 minute"},"schema":{"@context":"https:\/\/schema.org","@graph":[{"@type":"WebPage","@id":"https:\/\/tourcruiser.com\/fr\/products\/grade-school-air-jordan-1-low-og-starfish-cz0858-801\/","url":"https:\/\/tourcruiser.com\/fr\/products\/grade-school-air-jordan-1-low-og-starfish-cz0858-801\/","name":"(Grade School) Air Jordan 1 Low OG 'Starfish' CZ0858-801 - TOURCRUISER PTE. LTD","isPartOf":{"@id":"\/#website"},"primaryImageOfPage":{"@id":"https:\/\/tourcruiser.com\/fr\/products\/grade-school-air-jordan-1-low-og-starfish-cz0858-801\/#primaryimage"},"image":{"@id":"https:\/\/tourcruiser.com\/fr\/products\/grade-school-air-jordan-1-low-og-starfish-cz0858-801\/#primaryimage"},"thumbnailUrl":"https:\/\/images.novelship.com\/product\/_grade_school__air_jordan_1_low_og__starfish__cz08_0_47723.jpeg;https:\/\/images.novelship.com\/product\/_grade_school__air_jordan_1_low_og__starfish__cz08_1_47723.jpeg;https:\/\/images.novelship.com\/product\/_grade_school__air_jordan_1_low_og__starfish__cz08_2_47723.jpeg;https:\/\/images.novelship.com\/product\/_grade_school__air_jordan_1_low_og__starfish__cz08_3_47723.jpeg;https:\/\/images.novelship.com\/product\/_grade_school__air_jordan_1_low_og__starfish__cz08_4_47723.jpeg;https:\/\/images.novelship.com\/product\/_grade_school__air_jordan_1_low_og__starfish__cz08_5_47723.jpeg;https:\/\/images.novelship.com\/product\/_grade_school__air_jordan_1_low_og__starfish__cz08_6_47723.jpeg;https:\/\/images.novelship.com\/product\/_grade_school__air_jordan_1_low_og__starfish__cz08_7_47723.jpeg","datePublished":"2026-04-16T10:16:37+00:00","dateModified":"2026-04-17T16:08:16+00:00","breadcrumb":{"@id":"https:\/\/tourcruiser.com\/fr\/products\/grade-school-air-jordan-1-low-og-starfish-cz0858-801\/#breadcrumb"},"inLanguage":"fr-FR","potentialAction":[{"@type":"ReadAction","target":["https:\/\/tourcruiser.com\/fr\/products\/grade-school-air-jordan-1-low-og-starfish-cz0858-801\/"]}]},{"@type":"ImageObject","inLanguage":"fr-FR","@id":"https:\/\/tourcruiser.com\/fr\/products\/grade-school-air-jordan-1-low-og-starfish-cz0858-801\/#primaryimage","url":"https:\/\/images.novelship.com\/product\/_grade_school__air_jordan_1_low_og__starfish__cz08_0_47723.jpeg;https:\/\/images.novelship.com\/product\/_grade_school__air_jordan_1_low_og__starfish__cz08_1_47723.jpeg;https:\/\/images.novelship.com\/product\/_grade_school__air_jordan_1_low_og__starfish__cz08_2_47723.jpeg;https:\/\/images.novelship.com\/product\/_grade_school__air_jordan_1_low_og__starfish__cz08_3_47723.jpeg;https:\/\/images.novelship.com\/product\/_grade_school__air_jordan_1_low_og__starfish__cz08_4_47723.jpeg;https:\/\/images.novelship.com\/product\/_grade_school__air_jordan_1_low_og__starfish__cz08_5_47723.jpeg;https:\/\/images.novelship.com\/product\/_grade_school__air_jordan_1_low_og__starfish__cz08_6_47723.jpeg;https:\/\/images.novelship.com\/product\/_grade_school__air_jordan_1_low_og__starfish__cz08_7_47723.jpeg","contentUrl":"https:\/\/images.novelship.com\/product\/_grade_school__air_jordan_1_low_og__starfish__cz08_0_47723.jpeg;https:\/\/images.novelship.com\/product\/_grade_school__air_jordan_1_low_og__starfish__cz08_1_47723.jpeg;https:\/\/images.novelship.com\/product\/_grade_school__air_jordan_1_low_og__starfish__cz08_2_47723.jpeg;https:\/\/images.novelship.com\/product\/_grade_school__air_jordan_1_low_og__starfish__cz08_3_47723.jpeg;https:\/\/images.novelship.com\/product\/_grade_school__air_jordan_1_low_og__starfish__cz08_4_47723.jpeg;https:\/\/images.novelship.com\/product\/_grade_school__air_jordan_1_low_og__starfish__cz08_5_47723.jpeg;https:\/\/images.novelship.com\/product\/_grade_school__air_jordan_1_low_og__starfish__cz08_6_47723.jpeg;https:\/\/images.novelship.com\/product\/_grade_school__air_jordan_1_low_og__starfish__cz08_7_47723.jpeg"},{"@type":"BreadcrumbList","@id":"https:\/\/tourcruiser.com\/fr\/products\/grade-school-air-jordan-1-low-og-starfish-cz0858-801\/#breadcrumb","itemListElement":[{"@type":"ListItem","position":1,"name":"Home","item":"https:\/\/tourcruiser.com\/fr\/"},{"@type":"ListItem","position":2,"name":"Shop","item":"https:\/\/tourcruiser.com\/fr\/shop\/"},{"@type":"ListItem","position":3,"name":"(Grade School) Air Jordan 1 Low OG &#8216;Starfish&#8217; CZ0858-801"}]},{"@type":"WebSite","@id":"\/#website","url":"\/","name":"Styloral Jewelry Shop","description":"Tourcruiser Sneaker Store \u2014 L\u2019endroit o\u00f9 l\u2019univers rencontre votre singularit\u00e9.","publisher":{"@id":"\/#organization"},"potentialAction":[{"@type":"SearchAction","target":{"@type":"EntryPoint","urlTemplate":"\/?s={search_term_string}"},"query-input":{"@type":"PropertyValueSpecification","valueRequired":true,"valueName":"search_term_string"}}],"inLanguage":"fr-FR"},{"@type":"Organization","@id":"\/#organization","name":"STYLORAL PTE. LTD","url":"\/","logo":{"@type":"ImageObject","inLanguage":"fr-FR","@id":"\/#\/schema\/logo\/image\/","url":"https:\/\/www.tourcruiser.com\/wp-content\/uploads\/2025\/12\/logo.png","contentUrl":"https:\/\/www.tourcruiser.com\/wp-content\/uploads\/2025\/12\/logo.png","width":200,"height":65,"caption":"STYLORAL PTE. LTD"},"image":{"@id":"\/#\/schema\/logo\/image\/"}}]}},"_links":{"self":[{"href":"https:\/\/tourcruiser.com\/fr\/wp-json\/wp\/v2\/product\/774483","targetHints":{"allow":["GET"]}}],"collection":[{"href":"https:\/\/tourcruiser.com\/fr\/wp-json\/wp\/v2\/product"}],"about":[{"href":"https:\/\/tourcruiser.com\/fr\/wp-json\/wp\/v2\/types\/product"}],"replies":[{"embeddable":true,"href":"https:\/\/tourcruiser.com\/fr\/wp-json\/wp\/v2\/comments?post=774483"}],"wp:featuredmedia":[{"embeddable":true,"href":"https:\/\/tourcruiser.com\/fr\/wp-json\/wp\/v2\/media\/774484"}],"wp:attachment":[{"href":"https:\/\/tourcruiser.com\/fr\/wp-json\/wp\/v2\/media?parent=774483"}],"wp:term":[{"taxonomy":"product_brand","embeddable":true,"href":"https:\/\/tourcruiser.com\/fr\/wp-json\/wp\/v2\/product_brand?post=774483"},{"taxonomy":"product_cat","embeddable":true,"href":"https:\/\/tourcruiser.com\/fr\/wp-json\/wp\/v2\/product_cat?post=774483"},{"taxonomy":"product_tag","embeddable":true,"href":"https:\/\/tourcruiser.com\/fr\/wp-json\/wp\/v2\/product_tag?post=774483"}],"curies":[{"name":"wp","href":"https:\/\/api.w.org\/{rel}","templated":true}]}}