{"id":774474,"date":"2026-04-16T17:16:36","date_gmt":"2026-04-16T10:16:36","guid":{"rendered":"http:\/\/tourcruiser.com\/product\/grade-school-air-jordan-1-mid-se-ice-cream-dd1666-100"},"modified":"2026-04-17T23:08:17","modified_gmt":"2026-04-17T16:08:17","slug":"grade-school-air-jordan-1-mid-se-ice-cream-dd1666-100","status":"publish","type":"product","link":"https:\/\/tourcruiser.com\/fr\/products\/grade-school-air-jordan-1-mid-se-ice-cream-dd1666-100\/","title":{"rendered":"(Grade School) Air Jordan 1 Mid SE &lsquo;Ice Cream&rsquo; DD1666-100"},"content":{"rendered":"<p>Les sneakers Air Jordan 1 Mid SE Ice Cream (GS) de Jordan allient style et confort \u00e0 la perfection. Confectionn\u00e9es avec des mat\u00e9riaux haut de gamme, elles s\u00e9duisent par leur design tendance et leurs couleurs inspir\u00e9es des glaces. Id\u00e9ales pour le sport et les loisirs, elles sont dot\u00e9es d&rsquo;une semelle ext\u00e9rieure r\u00e9sistante pour une adh\u00e9rence optimale. Les Air Jordan 1 Mid SE Ice Cream (GS) sont parfaites pour les passionn\u00e9s de sneakers de tous \u00e2ges et un incontournable de toute collection.<\/p>\n<p>Coloris : Blanc\/Gris Arctique\/Vanille P\u00e2le\/Vert Lumineux<\/p>\n<p>Code article : DD1666-100<\/p>\n<p>Tige : Cuir<\/p>\n<p>Semelle interm\u00e9diaire : Air<\/p>\n<p>Couleur : Blanc<\/p>\n<p>Designer : Peter Moore<\/p>\n<p>Saison : \u00c9t\u00e9<\/p>\n<p>Ann\u00e9e de sortie : 2021<\/p>\n<p>\u00c2ge : Adulte<br \/>\nCouleur : Marron\/Moutarde\/Vert Fonc\u00e9<\/p>\n<p>Genre : Enfant<\/p>\n","protected":false},"excerpt":{"rendered":"<p>Les sneakers Air Jordan 1 Mid SE Ice Cream (GS) de Jordan allient style et confort \u00e0 la perfection. Confectionn\u00e9es avec des mat\u00e9riaux haut de gamme, elles s\u00e9duisent par leur design tendance et leurs couleurs inspir\u00e9es des glaces. Id\u00e9ales pour le sport et les loisirs, elles sont dot\u00e9es d&rsquo;une semelle ext\u00e9rieure r\u00e9sistante pour une adh\u00e9rence [&hellip;]<\/p>\n","protected":false},"featured_media":774475,"comment_status":"open","ping_status":"closed","template":"","meta":[],"product_brand":[],"product_cat":[38880],"product_tag":[10750,38855,38988,10776,11349,38875,10756,39039,38902,38936],"class_list":{"0":"post-774474","1":"product","2":"type-product","3":"status-publish","4":"has-post-thumbnail","6":"product_cat-jordan","7":"product_tag-athleisure-shoes","8":"product_tag-below-the-regular-retail-price","9":"product_tag-casual-shoes-for-kids","10":"product_tag-jordan","11":"product_tag-jordan-basketball-shoes","12":"product_tag-jordan-skateboard-shoes","13":"product_tag-retro-casual-shoes","14":"product_tag-sneakers-for-kids","15":"product_tag-trendy-offers","16":"product_tag-trendy-offers-under-a-150","18":"first","19":"instock","20":"taxable","21":"shipping-taxable","22":"purchasable","23":"product-type-simple"},"wcpa_form_fields":null,"yoast_head":"<!-- This site is optimized with the Yoast SEO plugin v26.5 - https:\/\/yoast.com\/wordpress\/plugins\/seo\/ -->\n<title>(Grade School) Air Jordan 1 Mid SE &#039;Ice Cream&#039; DD1666-100 - TOURCRUISER PTE. LTD<\/title>\n<meta name=\"robots\" content=\"index, follow, max-snippet:-1, max-image-preview:large, max-video-preview:-1\" \/>\n<link rel=\"canonical\" href=\"https:\/\/tourcruiser.com\/fr\/products\/grade-school-air-jordan-1-mid-se-ice-cream-dd1666-100\/\" \/>\n<meta property=\"og:locale\" content=\"fr_FR\" \/>\n<meta property=\"og:type\" content=\"article\" \/>\n<meta property=\"og:title\" content=\"(Grade School) Air Jordan 1 Mid SE &#039;Ice Cream&#039; DD1666-100 - TOURCRUISER PTE. LTD\" \/>\n<meta property=\"og:description\" content=\"Les sneakers Air Jordan 1 Mid SE Ice Cream (GS) de Jordan allient style et confort \u00e0 la perfection. Confectionn\u00e9es avec des mat\u00e9riaux haut de gamme, elles s\u00e9duisent par leur design tendance et leurs couleurs inspir\u00e9es des glaces. Id\u00e9ales pour le sport et les loisirs, elles sont dot\u00e9es d&rsquo;une semelle ext\u00e9rieure r\u00e9sistante pour une adh\u00e9rence [&hellip;]\" \/>\n<meta property=\"og:url\" content=\"https:\/\/tourcruiser.com\/fr\/products\/grade-school-air-jordan-1-mid-se-ice-cream-dd1666-100\/\" \/>\n<meta property=\"og:site_name\" content=\"Tourcruiser Sneaker Store\" \/>\n<meta property=\"article:modified_time\" content=\"2026-04-17T16:08:17+00:00\" \/>\n<meta name=\"twitter:card\" content=\"summary_large_image\" \/>\n<meta name=\"twitter:image\" content=\"https:\/\/images.novelship.com\/product\/_grade_school__air_jordan_1_mid_se__ice_cream__dd1_0_94727.jpeg;https:\/\/images.novelship.com\/product\/_grade_school__air_jordan_1_mid_se__ice_cream__dd1_1_94727.jpeg;https:\/\/images.novelship.com\/product\/_grade_school__air_jordan_1_mid_se__ice_cream__dd1_2_94727.jpeg;https:\/\/images.novelship.com\/product\/_grade_school__air_jordan_1_mid_se__ice_cream__dd1_3_94727.jpeg;https:\/\/images.novelship.com\/product\/_grade_school__air_jordan_1_mid_se__ice_cream__dd1_4_94727.jpeg;https:\/\/images.novelship.com\/product\/_grade_school__air_jordan_1_mid_se__ice_cream__dd1_5_94727.jpeg;https:\/\/images.novelship.com\/product\/_grade_school__air_jordan_1_mid_se__ice_cream__dd1_6_94727.jpeg;https:\/\/images.novelship.com\/product\/_grade_school__air_jordan_1_mid_se__ice_cream__dd1_7_94727.jpeg\" \/>\n<meta name=\"twitter:label1\" content=\"Dur\u00e9e de lecture estim\u00e9e\" \/>\n\t<meta name=\"twitter:data1\" content=\"1 minute\" \/>\n<script type=\"application\/ld+json\" class=\"yoast-schema-graph\">{\"@context\":\"https:\/\/schema.org\",\"@graph\":[{\"@type\":\"WebPage\",\"@id\":\"https:\/\/tourcruiser.com\/fr\/products\/grade-school-air-jordan-1-mid-se-ice-cream-dd1666-100\/\",\"url\":\"https:\/\/tourcruiser.com\/fr\/products\/grade-school-air-jordan-1-mid-se-ice-cream-dd1666-100\/\",\"name\":\"(Grade School) Air Jordan 1 Mid SE 'Ice Cream' DD1666-100 - TOURCRUISER PTE. LTD\",\"isPartOf\":{\"@id\":\"\/#website\"},\"primaryImageOfPage\":{\"@id\":\"https:\/\/tourcruiser.com\/fr\/products\/grade-school-air-jordan-1-mid-se-ice-cream-dd1666-100\/#primaryimage\"},\"image\":{\"@id\":\"https:\/\/tourcruiser.com\/fr\/products\/grade-school-air-jordan-1-mid-se-ice-cream-dd1666-100\/#primaryimage\"},\"thumbnailUrl\":\"https:\/\/images.novelship.com\/product\/_grade_school__air_jordan_1_mid_se__ice_cream__dd1_0_94727.jpeg;https:\/\/images.novelship.com\/product\/_grade_school__air_jordan_1_mid_se__ice_cream__dd1_1_94727.jpeg;https:\/\/images.novelship.com\/product\/_grade_school__air_jordan_1_mid_se__ice_cream__dd1_2_94727.jpeg;https:\/\/images.novelship.com\/product\/_grade_school__air_jordan_1_mid_se__ice_cream__dd1_3_94727.jpeg;https:\/\/images.novelship.com\/product\/_grade_school__air_jordan_1_mid_se__ice_cream__dd1_4_94727.jpeg;https:\/\/images.novelship.com\/product\/_grade_school__air_jordan_1_mid_se__ice_cream__dd1_5_94727.jpeg;https:\/\/images.novelship.com\/product\/_grade_school__air_jordan_1_mid_se__ice_cream__dd1_6_94727.jpeg;https:\/\/images.novelship.com\/product\/_grade_school__air_jordan_1_mid_se__ice_cream__dd1_7_94727.jpeg\",\"datePublished\":\"2026-04-16T10:16:36+00:00\",\"dateModified\":\"2026-04-17T16:08:17+00:00\",\"breadcrumb\":{\"@id\":\"https:\/\/tourcruiser.com\/fr\/products\/grade-school-air-jordan-1-mid-se-ice-cream-dd1666-100\/#breadcrumb\"},\"inLanguage\":\"fr-FR\",\"potentialAction\":[{\"@type\":\"ReadAction\",\"target\":[\"https:\/\/tourcruiser.com\/fr\/products\/grade-school-air-jordan-1-mid-se-ice-cream-dd1666-100\/\"]}]},{\"@type\":\"ImageObject\",\"inLanguage\":\"fr-FR\",\"@id\":\"https:\/\/tourcruiser.com\/fr\/products\/grade-school-air-jordan-1-mid-se-ice-cream-dd1666-100\/#primaryimage\",\"url\":\"https:\/\/images.novelship.com\/product\/_grade_school__air_jordan_1_mid_se__ice_cream__dd1_0_94727.jpeg;https:\/\/images.novelship.com\/product\/_grade_school__air_jordan_1_mid_se__ice_cream__dd1_1_94727.jpeg;https:\/\/images.novelship.com\/product\/_grade_school__air_jordan_1_mid_se__ice_cream__dd1_2_94727.jpeg;https:\/\/images.novelship.com\/product\/_grade_school__air_jordan_1_mid_se__ice_cream__dd1_3_94727.jpeg;https:\/\/images.novelship.com\/product\/_grade_school__air_jordan_1_mid_se__ice_cream__dd1_4_94727.jpeg;https:\/\/images.novelship.com\/product\/_grade_school__air_jordan_1_mid_se__ice_cream__dd1_5_94727.jpeg;https:\/\/images.novelship.com\/product\/_grade_school__air_jordan_1_mid_se__ice_cream__dd1_6_94727.jpeg;https:\/\/images.novelship.com\/product\/_grade_school__air_jordan_1_mid_se__ice_cream__dd1_7_94727.jpeg\",\"contentUrl\":\"https:\/\/images.novelship.com\/product\/_grade_school__air_jordan_1_mid_se__ice_cream__dd1_0_94727.jpeg;https:\/\/images.novelship.com\/product\/_grade_school__air_jordan_1_mid_se__ice_cream__dd1_1_94727.jpeg;https:\/\/images.novelship.com\/product\/_grade_school__air_jordan_1_mid_se__ice_cream__dd1_2_94727.jpeg;https:\/\/images.novelship.com\/product\/_grade_school__air_jordan_1_mid_se__ice_cream__dd1_3_94727.jpeg;https:\/\/images.novelship.com\/product\/_grade_school__air_jordan_1_mid_se__ice_cream__dd1_4_94727.jpeg;https:\/\/images.novelship.com\/product\/_grade_school__air_jordan_1_mid_se__ice_cream__dd1_5_94727.jpeg;https:\/\/images.novelship.com\/product\/_grade_school__air_jordan_1_mid_se__ice_cream__dd1_6_94727.jpeg;https:\/\/images.novelship.com\/product\/_grade_school__air_jordan_1_mid_se__ice_cream__dd1_7_94727.jpeg\"},{\"@type\":\"BreadcrumbList\",\"@id\":\"https:\/\/tourcruiser.com\/fr\/products\/grade-school-air-jordan-1-mid-se-ice-cream-dd1666-100\/#breadcrumb\",\"itemListElement\":[{\"@type\":\"ListItem\",\"position\":1,\"name\":\"Home\",\"item\":\"https:\/\/tourcruiser.com\/fr\/\"},{\"@type\":\"ListItem\",\"position\":2,\"name\":\"Shop\",\"item\":\"https:\/\/tourcruiser.com\/fr\/shop\/\"},{\"@type\":\"ListItem\",\"position\":3,\"name\":\"(Grade School) Air Jordan 1 Mid SE &#8216;Ice Cream&#8217; DD1666-100\"}]},{\"@type\":\"WebSite\",\"@id\":\"\/#website\",\"url\":\"\/\",\"name\":\"Styloral Jewelry Shop\",\"description\":\"Tourcruiser Sneaker Store \u2014 L\u2019endroit o\u00f9 l\u2019univers rencontre votre singularit\u00e9.\",\"publisher\":{\"@id\":\"\/#organization\"},\"potentialAction\":[{\"@type\":\"SearchAction\",\"target\":{\"@type\":\"EntryPoint\",\"urlTemplate\":\"\/?s={search_term_string}\"},\"query-input\":{\"@type\":\"PropertyValueSpecification\",\"valueRequired\":true,\"valueName\":\"search_term_string\"}}],\"inLanguage\":\"fr-FR\"},{\"@type\":\"Organization\",\"@id\":\"\/#organization\",\"name\":\"STYLORAL PTE. LTD\",\"url\":\"\/\",\"logo\":{\"@type\":\"ImageObject\",\"inLanguage\":\"fr-FR\",\"@id\":\"\/#\/schema\/logo\/image\/\",\"url\":\"https:\/\/www.tourcruiser.com\/wp-content\/uploads\/2025\/12\/logo.png\",\"contentUrl\":\"https:\/\/www.tourcruiser.com\/wp-content\/uploads\/2025\/12\/logo.png\",\"width\":200,\"height\":65,\"caption\":\"STYLORAL PTE. LTD\"},\"image\":{\"@id\":\"\/#\/schema\/logo\/image\/\"}}]}<\/script>\n<!-- \/ Yoast SEO plugin. -->","yoast_head_json":{"title":"(Grade School) Air Jordan 1 Mid SE 'Ice Cream' DD1666-100 - TOURCRUISER PTE. LTD","robots":{"index":"index","follow":"follow","max-snippet":"max-snippet:-1","max-image-preview":"max-image-preview:large","max-video-preview":"max-video-preview:-1"},"canonical":"https:\/\/tourcruiser.com\/fr\/products\/grade-school-air-jordan-1-mid-se-ice-cream-dd1666-100\/","og_locale":"fr_FR","og_type":"article","og_title":"(Grade School) Air Jordan 1 Mid SE 'Ice Cream' DD1666-100 - TOURCRUISER PTE. LTD","og_description":"Les sneakers Air Jordan 1 Mid SE Ice Cream (GS) de Jordan allient style et confort \u00e0 la perfection. Confectionn\u00e9es avec des mat\u00e9riaux haut de gamme, elles s\u00e9duisent par leur design tendance et leurs couleurs inspir\u00e9es des glaces. Id\u00e9ales pour le sport et les loisirs, elles sont dot\u00e9es d&rsquo;une semelle ext\u00e9rieure r\u00e9sistante pour une adh\u00e9rence [&hellip;]","og_url":"https:\/\/tourcruiser.com\/fr\/products\/grade-school-air-jordan-1-mid-se-ice-cream-dd1666-100\/","og_site_name":"Tourcruiser Sneaker Store","article_modified_time":"2026-04-17T16:08:17+00:00","twitter_card":"summary_large_image","twitter_image":"https:\/\/images.novelship.com\/product\/_grade_school__air_jordan_1_mid_se__ice_cream__dd1_0_94727.jpeg;https:\/\/images.novelship.com\/product\/_grade_school__air_jordan_1_mid_se__ice_cream__dd1_1_94727.jpeg;https:\/\/images.novelship.com\/product\/_grade_school__air_jordan_1_mid_se__ice_cream__dd1_2_94727.jpeg;https:\/\/images.novelship.com\/product\/_grade_school__air_jordan_1_mid_se__ice_cream__dd1_3_94727.jpeg;https:\/\/images.novelship.com\/product\/_grade_school__air_jordan_1_mid_se__ice_cream__dd1_4_94727.jpeg;https:\/\/images.novelship.com\/product\/_grade_school__air_jordan_1_mid_se__ice_cream__dd1_5_94727.jpeg;https:\/\/images.novelship.com\/product\/_grade_school__air_jordan_1_mid_se__ice_cream__dd1_6_94727.jpeg;https:\/\/images.novelship.com\/product\/_grade_school__air_jordan_1_mid_se__ice_cream__dd1_7_94727.jpeg","twitter_misc":{"Dur\u00e9e de lecture estim\u00e9e":"1 minute"},"schema":{"@context":"https:\/\/schema.org","@graph":[{"@type":"WebPage","@id":"https:\/\/tourcruiser.com\/fr\/products\/grade-school-air-jordan-1-mid-se-ice-cream-dd1666-100\/","url":"https:\/\/tourcruiser.com\/fr\/products\/grade-school-air-jordan-1-mid-se-ice-cream-dd1666-100\/","name":"(Grade School) Air Jordan 1 Mid SE 'Ice Cream' DD1666-100 - TOURCRUISER PTE. LTD","isPartOf":{"@id":"\/#website"},"primaryImageOfPage":{"@id":"https:\/\/tourcruiser.com\/fr\/products\/grade-school-air-jordan-1-mid-se-ice-cream-dd1666-100\/#primaryimage"},"image":{"@id":"https:\/\/tourcruiser.com\/fr\/products\/grade-school-air-jordan-1-mid-se-ice-cream-dd1666-100\/#primaryimage"},"thumbnailUrl":"https:\/\/images.novelship.com\/product\/_grade_school__air_jordan_1_mid_se__ice_cream__dd1_0_94727.jpeg;https:\/\/images.novelship.com\/product\/_grade_school__air_jordan_1_mid_se__ice_cream__dd1_1_94727.jpeg;https:\/\/images.novelship.com\/product\/_grade_school__air_jordan_1_mid_se__ice_cream__dd1_2_94727.jpeg;https:\/\/images.novelship.com\/product\/_grade_school__air_jordan_1_mid_se__ice_cream__dd1_3_94727.jpeg;https:\/\/images.novelship.com\/product\/_grade_school__air_jordan_1_mid_se__ice_cream__dd1_4_94727.jpeg;https:\/\/images.novelship.com\/product\/_grade_school__air_jordan_1_mid_se__ice_cream__dd1_5_94727.jpeg;https:\/\/images.novelship.com\/product\/_grade_school__air_jordan_1_mid_se__ice_cream__dd1_6_94727.jpeg;https:\/\/images.novelship.com\/product\/_grade_school__air_jordan_1_mid_se__ice_cream__dd1_7_94727.jpeg","datePublished":"2026-04-16T10:16:36+00:00","dateModified":"2026-04-17T16:08:17+00:00","breadcrumb":{"@id":"https:\/\/tourcruiser.com\/fr\/products\/grade-school-air-jordan-1-mid-se-ice-cream-dd1666-100\/#breadcrumb"},"inLanguage":"fr-FR","potentialAction":[{"@type":"ReadAction","target":["https:\/\/tourcruiser.com\/fr\/products\/grade-school-air-jordan-1-mid-se-ice-cream-dd1666-100\/"]}]},{"@type":"ImageObject","inLanguage":"fr-FR","@id":"https:\/\/tourcruiser.com\/fr\/products\/grade-school-air-jordan-1-mid-se-ice-cream-dd1666-100\/#primaryimage","url":"https:\/\/images.novelship.com\/product\/_grade_school__air_jordan_1_mid_se__ice_cream__dd1_0_94727.jpeg;https:\/\/images.novelship.com\/product\/_grade_school__air_jordan_1_mid_se__ice_cream__dd1_1_94727.jpeg;https:\/\/images.novelship.com\/product\/_grade_school__air_jordan_1_mid_se__ice_cream__dd1_2_94727.jpeg;https:\/\/images.novelship.com\/product\/_grade_school__air_jordan_1_mid_se__ice_cream__dd1_3_94727.jpeg;https:\/\/images.novelship.com\/product\/_grade_school__air_jordan_1_mid_se__ice_cream__dd1_4_94727.jpeg;https:\/\/images.novelship.com\/product\/_grade_school__air_jordan_1_mid_se__ice_cream__dd1_5_94727.jpeg;https:\/\/images.novelship.com\/product\/_grade_school__air_jordan_1_mid_se__ice_cream__dd1_6_94727.jpeg;https:\/\/images.novelship.com\/product\/_grade_school__air_jordan_1_mid_se__ice_cream__dd1_7_94727.jpeg","contentUrl":"https:\/\/images.novelship.com\/product\/_grade_school__air_jordan_1_mid_se__ice_cream__dd1_0_94727.jpeg;https:\/\/images.novelship.com\/product\/_grade_school__air_jordan_1_mid_se__ice_cream__dd1_1_94727.jpeg;https:\/\/images.novelship.com\/product\/_grade_school__air_jordan_1_mid_se__ice_cream__dd1_2_94727.jpeg;https:\/\/images.novelship.com\/product\/_grade_school__air_jordan_1_mid_se__ice_cream__dd1_3_94727.jpeg;https:\/\/images.novelship.com\/product\/_grade_school__air_jordan_1_mid_se__ice_cream__dd1_4_94727.jpeg;https:\/\/images.novelship.com\/product\/_grade_school__air_jordan_1_mid_se__ice_cream__dd1_5_94727.jpeg;https:\/\/images.novelship.com\/product\/_grade_school__air_jordan_1_mid_se__ice_cream__dd1_6_94727.jpeg;https:\/\/images.novelship.com\/product\/_grade_school__air_jordan_1_mid_se__ice_cream__dd1_7_94727.jpeg"},{"@type":"BreadcrumbList","@id":"https:\/\/tourcruiser.com\/fr\/products\/grade-school-air-jordan-1-mid-se-ice-cream-dd1666-100\/#breadcrumb","itemListElement":[{"@type":"ListItem","position":1,"name":"Home","item":"https:\/\/tourcruiser.com\/fr\/"},{"@type":"ListItem","position":2,"name":"Shop","item":"https:\/\/tourcruiser.com\/fr\/shop\/"},{"@type":"ListItem","position":3,"name":"(Grade School) Air Jordan 1 Mid SE &#8216;Ice Cream&#8217; DD1666-100"}]},{"@type":"WebSite","@id":"\/#website","url":"\/","name":"Styloral Jewelry Shop","description":"Tourcruiser Sneaker Store \u2014 L\u2019endroit o\u00f9 l\u2019univers rencontre votre singularit\u00e9.","publisher":{"@id":"\/#organization"},"potentialAction":[{"@type":"SearchAction","target":{"@type":"EntryPoint","urlTemplate":"\/?s={search_term_string}"},"query-input":{"@type":"PropertyValueSpecification","valueRequired":true,"valueName":"search_term_string"}}],"inLanguage":"fr-FR"},{"@type":"Organization","@id":"\/#organization","name":"STYLORAL PTE. LTD","url":"\/","logo":{"@type":"ImageObject","inLanguage":"fr-FR","@id":"\/#\/schema\/logo\/image\/","url":"https:\/\/www.tourcruiser.com\/wp-content\/uploads\/2025\/12\/logo.png","contentUrl":"https:\/\/www.tourcruiser.com\/wp-content\/uploads\/2025\/12\/logo.png","width":200,"height":65,"caption":"STYLORAL PTE. LTD"},"image":{"@id":"\/#\/schema\/logo\/image\/"}}]}},"_links":{"self":[{"href":"https:\/\/tourcruiser.com\/fr\/wp-json\/wp\/v2\/product\/774474","targetHints":{"allow":["GET"]}}],"collection":[{"href":"https:\/\/tourcruiser.com\/fr\/wp-json\/wp\/v2\/product"}],"about":[{"href":"https:\/\/tourcruiser.com\/fr\/wp-json\/wp\/v2\/types\/product"}],"replies":[{"embeddable":true,"href":"https:\/\/tourcruiser.com\/fr\/wp-json\/wp\/v2\/comments?post=774474"}],"wp:featuredmedia":[{"embeddable":true,"href":"https:\/\/tourcruiser.com\/fr\/wp-json\/wp\/v2\/media\/774475"}],"wp:attachment":[{"href":"https:\/\/tourcruiser.com\/fr\/wp-json\/wp\/v2\/media?parent=774474"}],"wp:term":[{"taxonomy":"product_brand","embeddable":true,"href":"https:\/\/tourcruiser.com\/fr\/wp-json\/wp\/v2\/product_brand?post=774474"},{"taxonomy":"product_cat","embeddable":true,"href":"https:\/\/tourcruiser.com\/fr\/wp-json\/wp\/v2\/product_cat?post=774474"},{"taxonomy":"product_tag","embeddable":true,"href":"https:\/\/tourcruiser.com\/fr\/wp-json\/wp\/v2\/product_tag?post=774474"}],"curies":[{"name":"wp","href":"https:\/\/api.w.org\/{rel}","templated":true}]}}