{"id":774465,"date":"2026-04-16T17:16:36","date_gmt":"2026-04-16T10:16:36","guid":{"rendered":"http:\/\/tourcruiser.com\/product\/grade-school-air-jordan-1-mid-white-deep-royal-blue-554725-131"},"modified":"2026-04-17T23:08:16","modified_gmt":"2026-04-17T16:08:16","slug":"grade-school-air-jordan-1-mid-white-deep-royal-blue-554725-131","status":"publish","type":"product","link":"https:\/\/tourcruiser.com\/fr\/products\/grade-school-air-jordan-1-mid-white-deep-royal-blue-554725-131\/","title":{"rendered":"(Grade School) Air Jordan 1 Mid &lsquo;White Deep Royal Blue&rsquo; 554725-131"},"content":{"rendered":"<p>Les baskets Air Jordan 1 Mid White Deep Royal Blue de Jordan sont un choix styl\u00e9 et polyvalent pour les jeunes. Elles impressionnent par leur blanc \u00e9clatant et leurs touches de bleu royal profond, apportant une note remarquable \u00e0 toutes les tenues. D\u00e9contract\u00e9es ou sportives, ces Air Jordan sont un incontournable de toute garde-robe.<\/p>\n<p>Coloris : Blanc\/Orange laser-Bleu royal profond<br \/>\nR\u00e9f\u00e9rence : 554725-131<br \/>\nTige : Cuir<br \/>\nSemelle interm\u00e9diaire : Air<br \/>\nCouleur : Blanc<br \/>\nDesigner : Peter Moore<br \/>\nSaison : Hiver<br \/>\nAnn\u00e9e de sortie : 2020<br \/>\n\u00c2ge : Adulte<br \/>\nCouleur : Noir\/Rouge gym-Blanc-Vert pin<br \/>\nGenre : Jeune<\/p>\n","protected":false},"excerpt":{"rendered":"<p>Les baskets Air Jordan 1 Mid White Deep Royal Blue de Jordan sont un choix styl\u00e9 et polyvalent pour les jeunes. Elles impressionnent par leur blanc \u00e9clatant et leurs touches de bleu royal profond, apportant une note remarquable \u00e0 toutes les tenues. D\u00e9contract\u00e9es ou sportives, ces Air Jordan sont un incontournable de toute garde-robe. Coloris [&hellip;]<\/p>\n","protected":false},"featured_media":774466,"comment_status":"open","ping_status":"closed","template":"","meta":[],"product_brand":[],"product_cat":[38880],"product_tag":[10750,38855,38988,10776,11349,38875,10756,39039,38902,38936],"class_list":{"0":"post-774465","1":"product","2":"type-product","3":"status-publish","4":"has-post-thumbnail","6":"product_cat-jordan","7":"product_tag-athleisure-shoes","8":"product_tag-below-the-regular-retail-price","9":"product_tag-casual-shoes-for-kids","10":"product_tag-jordan","11":"product_tag-jordan-basketball-shoes","12":"product_tag-jordan-skateboard-shoes","13":"product_tag-retro-casual-shoes","14":"product_tag-sneakers-for-kids","15":"product_tag-trendy-offers","16":"product_tag-trendy-offers-under-a-150","18":"first","19":"instock","20":"taxable","21":"shipping-taxable","22":"purchasable","23":"product-type-simple"},"wcpa_form_fields":null,"yoast_head":"<!-- This site is optimized with the Yoast SEO plugin v26.5 - https:\/\/yoast.com\/wordpress\/plugins\/seo\/ -->\n<title>(Grade School) Air Jordan 1 Mid &#039;White Deep Royal Blue&#039; 554725-131 - TOURCRUISER PTE. LTD<\/title>\n<meta name=\"robots\" content=\"index, follow, max-snippet:-1, max-image-preview:large, max-video-preview:-1\" \/>\n<link rel=\"canonical\" href=\"https:\/\/tourcruiser.com\/fr\/products\/grade-school-air-jordan-1-mid-white-deep-royal-blue-554725-131\/\" \/>\n<meta property=\"og:locale\" content=\"fr_FR\" \/>\n<meta property=\"og:type\" content=\"article\" \/>\n<meta property=\"og:title\" content=\"(Grade School) Air Jordan 1 Mid &#039;White Deep Royal Blue&#039; 554725-131 - TOURCRUISER PTE. LTD\" \/>\n<meta property=\"og:description\" content=\"Les baskets Air Jordan 1 Mid White Deep Royal Blue de Jordan sont un choix styl\u00e9 et polyvalent pour les jeunes. Elles impressionnent par leur blanc \u00e9clatant et leurs touches de bleu royal profond, apportant une note remarquable \u00e0 toutes les tenues. D\u00e9contract\u00e9es ou sportives, ces Air Jordan sont un incontournable de toute garde-robe. Coloris [&hellip;]\" \/>\n<meta property=\"og:url\" content=\"https:\/\/tourcruiser.com\/fr\/products\/grade-school-air-jordan-1-mid-white-deep-royal-blue-554725-131\/\" \/>\n<meta property=\"og:site_name\" content=\"Tourcruiser Sneaker Store\" \/>\n<meta property=\"article:modified_time\" content=\"2026-04-17T16:08:16+00:00\" \/>\n<meta name=\"twitter:card\" content=\"summary_large_image\" \/>\n<meta name=\"twitter:image\" content=\"https:\/\/images.novelship.com\/product\/_grade_school__air_jordan_1_mid__white_deep_royal__0_84163.jpeg;https:\/\/images.novelship.com\/product\/_grade_school__air_jordan_1_mid__white_deep_royal__1_84163.jpeg;https:\/\/images.novelship.com\/product\/_grade_school__air_jordan_1_mid__white_deep_royal__2_84163.jpeg;https:\/\/images.novelship.com\/product\/_grade_school__air_jordan_1_mid__white_deep_royal__3_84163.jpeg;https:\/\/images.novelship.com\/product\/_grade_school__air_jordan_1_mid__white_deep_royal__4_84163.jpeg;https:\/\/images.novelship.com\/product\/_grade_school__air_jordan_1_mid__white_deep_royal__5_84163.jpeg;https:\/\/images.novelship.com\/product\/_grade_school__air_jordan_1_mid__white_deep_royal__6_84163.jpeg;https:\/\/images.novelship.com\/product\/_grade_school__air_jordan_1_mid__white_deep_royal__7_84163.jpeg\" \/>\n<script type=\"application\/ld+json\" class=\"yoast-schema-graph\">{\"@context\":\"https:\/\/schema.org\",\"@graph\":[{\"@type\":\"WebPage\",\"@id\":\"https:\/\/tourcruiser.com\/fr\/products\/grade-school-air-jordan-1-mid-white-deep-royal-blue-554725-131\/\",\"url\":\"https:\/\/tourcruiser.com\/fr\/products\/grade-school-air-jordan-1-mid-white-deep-royal-blue-554725-131\/\",\"name\":\"(Grade School) Air Jordan 1 Mid 'White Deep Royal Blue' 554725-131 - TOURCRUISER PTE. LTD\",\"isPartOf\":{\"@id\":\"\/#website\"},\"primaryImageOfPage\":{\"@id\":\"https:\/\/tourcruiser.com\/fr\/products\/grade-school-air-jordan-1-mid-white-deep-royal-blue-554725-131\/#primaryimage\"},\"image\":{\"@id\":\"https:\/\/tourcruiser.com\/fr\/products\/grade-school-air-jordan-1-mid-white-deep-royal-blue-554725-131\/#primaryimage\"},\"thumbnailUrl\":\"https:\/\/images.novelship.com\/product\/_grade_school__air_jordan_1_mid__white_deep_royal__0_84163.jpeg;https:\/\/images.novelship.com\/product\/_grade_school__air_jordan_1_mid__white_deep_royal__1_84163.jpeg;https:\/\/images.novelship.com\/product\/_grade_school__air_jordan_1_mid__white_deep_royal__2_84163.jpeg;https:\/\/images.novelship.com\/product\/_grade_school__air_jordan_1_mid__white_deep_royal__3_84163.jpeg;https:\/\/images.novelship.com\/product\/_grade_school__air_jordan_1_mid__white_deep_royal__4_84163.jpeg;https:\/\/images.novelship.com\/product\/_grade_school__air_jordan_1_mid__white_deep_royal__5_84163.jpeg;https:\/\/images.novelship.com\/product\/_grade_school__air_jordan_1_mid__white_deep_royal__6_84163.jpeg;https:\/\/images.novelship.com\/product\/_grade_school__air_jordan_1_mid__white_deep_royal__7_84163.jpeg\",\"datePublished\":\"2026-04-16T10:16:36+00:00\",\"dateModified\":\"2026-04-17T16:08:16+00:00\",\"breadcrumb\":{\"@id\":\"https:\/\/tourcruiser.com\/fr\/products\/grade-school-air-jordan-1-mid-white-deep-royal-blue-554725-131\/#breadcrumb\"},\"inLanguage\":\"fr-FR\",\"potentialAction\":[{\"@type\":\"ReadAction\",\"target\":[\"https:\/\/tourcruiser.com\/fr\/products\/grade-school-air-jordan-1-mid-white-deep-royal-blue-554725-131\/\"]}]},{\"@type\":\"ImageObject\",\"inLanguage\":\"fr-FR\",\"@id\":\"https:\/\/tourcruiser.com\/fr\/products\/grade-school-air-jordan-1-mid-white-deep-royal-blue-554725-131\/#primaryimage\",\"url\":\"https:\/\/images.novelship.com\/product\/_grade_school__air_jordan_1_mid__white_deep_royal__0_84163.jpeg;https:\/\/images.novelship.com\/product\/_grade_school__air_jordan_1_mid__white_deep_royal__1_84163.jpeg;https:\/\/images.novelship.com\/product\/_grade_school__air_jordan_1_mid__white_deep_royal__2_84163.jpeg;https:\/\/images.novelship.com\/product\/_grade_school__air_jordan_1_mid__white_deep_royal__3_84163.jpeg;https:\/\/images.novelship.com\/product\/_grade_school__air_jordan_1_mid__white_deep_royal__4_84163.jpeg;https:\/\/images.novelship.com\/product\/_grade_school__air_jordan_1_mid__white_deep_royal__5_84163.jpeg;https:\/\/images.novelship.com\/product\/_grade_school__air_jordan_1_mid__white_deep_royal__6_84163.jpeg;https:\/\/images.novelship.com\/product\/_grade_school__air_jordan_1_mid__white_deep_royal__7_84163.jpeg\",\"contentUrl\":\"https:\/\/images.novelship.com\/product\/_grade_school__air_jordan_1_mid__white_deep_royal__0_84163.jpeg;https:\/\/images.novelship.com\/product\/_grade_school__air_jordan_1_mid__white_deep_royal__1_84163.jpeg;https:\/\/images.novelship.com\/product\/_grade_school__air_jordan_1_mid__white_deep_royal__2_84163.jpeg;https:\/\/images.novelship.com\/product\/_grade_school__air_jordan_1_mid__white_deep_royal__3_84163.jpeg;https:\/\/images.novelship.com\/product\/_grade_school__air_jordan_1_mid__white_deep_royal__4_84163.jpeg;https:\/\/images.novelship.com\/product\/_grade_school__air_jordan_1_mid__white_deep_royal__5_84163.jpeg;https:\/\/images.novelship.com\/product\/_grade_school__air_jordan_1_mid__white_deep_royal__6_84163.jpeg;https:\/\/images.novelship.com\/product\/_grade_school__air_jordan_1_mid__white_deep_royal__7_84163.jpeg\"},{\"@type\":\"BreadcrumbList\",\"@id\":\"https:\/\/tourcruiser.com\/fr\/products\/grade-school-air-jordan-1-mid-white-deep-royal-blue-554725-131\/#breadcrumb\",\"itemListElement\":[{\"@type\":\"ListItem\",\"position\":1,\"name\":\"Home\",\"item\":\"https:\/\/tourcruiser.com\/fr\/\"},{\"@type\":\"ListItem\",\"position\":2,\"name\":\"Shop\",\"item\":\"https:\/\/tourcruiser.com\/fr\/shop\/\"},{\"@type\":\"ListItem\",\"position\":3,\"name\":\"(Grade School) Air Jordan 1 Mid &#8216;White Deep Royal Blue&#8217; 554725-131\"}]},{\"@type\":\"WebSite\",\"@id\":\"\/#website\",\"url\":\"\/\",\"name\":\"Styloral Jewelry Shop\",\"description\":\"Tourcruiser Sneaker Store \u2014 L\u2019endroit o\u00f9 l\u2019univers rencontre votre singularit\u00e9.\",\"publisher\":{\"@id\":\"\/#organization\"},\"potentialAction\":[{\"@type\":\"SearchAction\",\"target\":{\"@type\":\"EntryPoint\",\"urlTemplate\":\"\/?s={search_term_string}\"},\"query-input\":{\"@type\":\"PropertyValueSpecification\",\"valueRequired\":true,\"valueName\":\"search_term_string\"}}],\"inLanguage\":\"fr-FR\"},{\"@type\":\"Organization\",\"@id\":\"\/#organization\",\"name\":\"STYLORAL PTE. LTD\",\"url\":\"\/\",\"logo\":{\"@type\":\"ImageObject\",\"inLanguage\":\"fr-FR\",\"@id\":\"\/#\/schema\/logo\/image\/\",\"url\":\"https:\/\/www.tourcruiser.com\/wp-content\/uploads\/2025\/12\/logo.png\",\"contentUrl\":\"https:\/\/www.tourcruiser.com\/wp-content\/uploads\/2025\/12\/logo.png\",\"width\":200,\"height\":65,\"caption\":\"STYLORAL PTE. LTD\"},\"image\":{\"@id\":\"\/#\/schema\/logo\/image\/\"}}]}<\/script>\n<!-- \/ Yoast SEO plugin. -->","yoast_head_json":{"title":"(Grade School) Air Jordan 1 Mid 'White Deep Royal Blue' 554725-131 - TOURCRUISER PTE. LTD","robots":{"index":"index","follow":"follow","max-snippet":"max-snippet:-1","max-image-preview":"max-image-preview:large","max-video-preview":"max-video-preview:-1"},"canonical":"https:\/\/tourcruiser.com\/fr\/products\/grade-school-air-jordan-1-mid-white-deep-royal-blue-554725-131\/","og_locale":"fr_FR","og_type":"article","og_title":"(Grade School) Air Jordan 1 Mid 'White Deep Royal Blue' 554725-131 - TOURCRUISER PTE. LTD","og_description":"Les baskets Air Jordan 1 Mid White Deep Royal Blue de Jordan sont un choix styl\u00e9 et polyvalent pour les jeunes. Elles impressionnent par leur blanc \u00e9clatant et leurs touches de bleu royal profond, apportant une note remarquable \u00e0 toutes les tenues. D\u00e9contract\u00e9es ou sportives, ces Air Jordan sont un incontournable de toute garde-robe. Coloris [&hellip;]","og_url":"https:\/\/tourcruiser.com\/fr\/products\/grade-school-air-jordan-1-mid-white-deep-royal-blue-554725-131\/","og_site_name":"Tourcruiser Sneaker Store","article_modified_time":"2026-04-17T16:08:16+00:00","twitter_card":"summary_large_image","twitter_image":"https:\/\/images.novelship.com\/product\/_grade_school__air_jordan_1_mid__white_deep_royal__0_84163.jpeg;https:\/\/images.novelship.com\/product\/_grade_school__air_jordan_1_mid__white_deep_royal__1_84163.jpeg;https:\/\/images.novelship.com\/product\/_grade_school__air_jordan_1_mid__white_deep_royal__2_84163.jpeg;https:\/\/images.novelship.com\/product\/_grade_school__air_jordan_1_mid__white_deep_royal__3_84163.jpeg;https:\/\/images.novelship.com\/product\/_grade_school__air_jordan_1_mid__white_deep_royal__4_84163.jpeg;https:\/\/images.novelship.com\/product\/_grade_school__air_jordan_1_mid__white_deep_royal__5_84163.jpeg;https:\/\/images.novelship.com\/product\/_grade_school__air_jordan_1_mid__white_deep_royal__6_84163.jpeg;https:\/\/images.novelship.com\/product\/_grade_school__air_jordan_1_mid__white_deep_royal__7_84163.jpeg","schema":{"@context":"https:\/\/schema.org","@graph":[{"@type":"WebPage","@id":"https:\/\/tourcruiser.com\/fr\/products\/grade-school-air-jordan-1-mid-white-deep-royal-blue-554725-131\/","url":"https:\/\/tourcruiser.com\/fr\/products\/grade-school-air-jordan-1-mid-white-deep-royal-blue-554725-131\/","name":"(Grade School) Air Jordan 1 Mid 'White Deep Royal Blue' 554725-131 - TOURCRUISER PTE. LTD","isPartOf":{"@id":"\/#website"},"primaryImageOfPage":{"@id":"https:\/\/tourcruiser.com\/fr\/products\/grade-school-air-jordan-1-mid-white-deep-royal-blue-554725-131\/#primaryimage"},"image":{"@id":"https:\/\/tourcruiser.com\/fr\/products\/grade-school-air-jordan-1-mid-white-deep-royal-blue-554725-131\/#primaryimage"},"thumbnailUrl":"https:\/\/images.novelship.com\/product\/_grade_school__air_jordan_1_mid__white_deep_royal__0_84163.jpeg;https:\/\/images.novelship.com\/product\/_grade_school__air_jordan_1_mid__white_deep_royal__1_84163.jpeg;https:\/\/images.novelship.com\/product\/_grade_school__air_jordan_1_mid__white_deep_royal__2_84163.jpeg;https:\/\/images.novelship.com\/product\/_grade_school__air_jordan_1_mid__white_deep_royal__3_84163.jpeg;https:\/\/images.novelship.com\/product\/_grade_school__air_jordan_1_mid__white_deep_royal__4_84163.jpeg;https:\/\/images.novelship.com\/product\/_grade_school__air_jordan_1_mid__white_deep_royal__5_84163.jpeg;https:\/\/images.novelship.com\/product\/_grade_school__air_jordan_1_mid__white_deep_royal__6_84163.jpeg;https:\/\/images.novelship.com\/product\/_grade_school__air_jordan_1_mid__white_deep_royal__7_84163.jpeg","datePublished":"2026-04-16T10:16:36+00:00","dateModified":"2026-04-17T16:08:16+00:00","breadcrumb":{"@id":"https:\/\/tourcruiser.com\/fr\/products\/grade-school-air-jordan-1-mid-white-deep-royal-blue-554725-131\/#breadcrumb"},"inLanguage":"fr-FR","potentialAction":[{"@type":"ReadAction","target":["https:\/\/tourcruiser.com\/fr\/products\/grade-school-air-jordan-1-mid-white-deep-royal-blue-554725-131\/"]}]},{"@type":"ImageObject","inLanguage":"fr-FR","@id":"https:\/\/tourcruiser.com\/fr\/products\/grade-school-air-jordan-1-mid-white-deep-royal-blue-554725-131\/#primaryimage","url":"https:\/\/images.novelship.com\/product\/_grade_school__air_jordan_1_mid__white_deep_royal__0_84163.jpeg;https:\/\/images.novelship.com\/product\/_grade_school__air_jordan_1_mid__white_deep_royal__1_84163.jpeg;https:\/\/images.novelship.com\/product\/_grade_school__air_jordan_1_mid__white_deep_royal__2_84163.jpeg;https:\/\/images.novelship.com\/product\/_grade_school__air_jordan_1_mid__white_deep_royal__3_84163.jpeg;https:\/\/images.novelship.com\/product\/_grade_school__air_jordan_1_mid__white_deep_royal__4_84163.jpeg;https:\/\/images.novelship.com\/product\/_grade_school__air_jordan_1_mid__white_deep_royal__5_84163.jpeg;https:\/\/images.novelship.com\/product\/_grade_school__air_jordan_1_mid__white_deep_royal__6_84163.jpeg;https:\/\/images.novelship.com\/product\/_grade_school__air_jordan_1_mid__white_deep_royal__7_84163.jpeg","contentUrl":"https:\/\/images.novelship.com\/product\/_grade_school__air_jordan_1_mid__white_deep_royal__0_84163.jpeg;https:\/\/images.novelship.com\/product\/_grade_school__air_jordan_1_mid__white_deep_royal__1_84163.jpeg;https:\/\/images.novelship.com\/product\/_grade_school__air_jordan_1_mid__white_deep_royal__2_84163.jpeg;https:\/\/images.novelship.com\/product\/_grade_school__air_jordan_1_mid__white_deep_royal__3_84163.jpeg;https:\/\/images.novelship.com\/product\/_grade_school__air_jordan_1_mid__white_deep_royal__4_84163.jpeg;https:\/\/images.novelship.com\/product\/_grade_school__air_jordan_1_mid__white_deep_royal__5_84163.jpeg;https:\/\/images.novelship.com\/product\/_grade_school__air_jordan_1_mid__white_deep_royal__6_84163.jpeg;https:\/\/images.novelship.com\/product\/_grade_school__air_jordan_1_mid__white_deep_royal__7_84163.jpeg"},{"@type":"BreadcrumbList","@id":"https:\/\/tourcruiser.com\/fr\/products\/grade-school-air-jordan-1-mid-white-deep-royal-blue-554725-131\/#breadcrumb","itemListElement":[{"@type":"ListItem","position":1,"name":"Home","item":"https:\/\/tourcruiser.com\/fr\/"},{"@type":"ListItem","position":2,"name":"Shop","item":"https:\/\/tourcruiser.com\/fr\/shop\/"},{"@type":"ListItem","position":3,"name":"(Grade School) Air Jordan 1 Mid &#8216;White Deep Royal Blue&#8217; 554725-131"}]},{"@type":"WebSite","@id":"\/#website","url":"\/","name":"Styloral Jewelry Shop","description":"Tourcruiser Sneaker Store \u2014 L\u2019endroit o\u00f9 l\u2019univers rencontre votre singularit\u00e9.","publisher":{"@id":"\/#organization"},"potentialAction":[{"@type":"SearchAction","target":{"@type":"EntryPoint","urlTemplate":"\/?s={search_term_string}"},"query-input":{"@type":"PropertyValueSpecification","valueRequired":true,"valueName":"search_term_string"}}],"inLanguage":"fr-FR"},{"@type":"Organization","@id":"\/#organization","name":"STYLORAL PTE. LTD","url":"\/","logo":{"@type":"ImageObject","inLanguage":"fr-FR","@id":"\/#\/schema\/logo\/image\/","url":"https:\/\/www.tourcruiser.com\/wp-content\/uploads\/2025\/12\/logo.png","contentUrl":"https:\/\/www.tourcruiser.com\/wp-content\/uploads\/2025\/12\/logo.png","width":200,"height":65,"caption":"STYLORAL PTE. LTD"},"image":{"@id":"\/#\/schema\/logo\/image\/"}}]}},"_links":{"self":[{"href":"https:\/\/tourcruiser.com\/fr\/wp-json\/wp\/v2\/product\/774465","targetHints":{"allow":["GET"]}}],"collection":[{"href":"https:\/\/tourcruiser.com\/fr\/wp-json\/wp\/v2\/product"}],"about":[{"href":"https:\/\/tourcruiser.com\/fr\/wp-json\/wp\/v2\/types\/product"}],"replies":[{"embeddable":true,"href":"https:\/\/tourcruiser.com\/fr\/wp-json\/wp\/v2\/comments?post=774465"}],"wp:featuredmedia":[{"embeddable":true,"href":"https:\/\/tourcruiser.com\/fr\/wp-json\/wp\/v2\/media\/774466"}],"wp:attachment":[{"href":"https:\/\/tourcruiser.com\/fr\/wp-json\/wp\/v2\/media?parent=774465"}],"wp:term":[{"taxonomy":"product_brand","embeddable":true,"href":"https:\/\/tourcruiser.com\/fr\/wp-json\/wp\/v2\/product_brand?post=774465"},{"taxonomy":"product_cat","embeddable":true,"href":"https:\/\/tourcruiser.com\/fr\/wp-json\/wp\/v2\/product_cat?post=774465"},{"taxonomy":"product_tag","embeddable":true,"href":"https:\/\/tourcruiser.com\/fr\/wp-json\/wp\/v2\/product_tag?post=774465"}],"curies":[{"name":"wp","href":"https:\/\/api.w.org\/{rel}","templated":true}]}}