{"id":774456,"date":"2026-04-16T17:16:36","date_gmt":"2026-04-16T10:16:36","guid":{"rendered":"http:\/\/tourcruiser.com\/product\/grade-school-air-jordan-1-mid-black-pine-green-554725-067"},"modified":"2026-04-17T23:08:16","modified_gmt":"2026-04-17T16:08:16","slug":"grade-school-air-jordan-1-mid-black-pine-green-554725-067","status":"publish","type":"product","link":"https:\/\/tourcruiser.com\/fr\/products\/grade-school-air-jordan-1-mid-black-pine-green-554725-067\/","title":{"rendered":"(Grade School) Air Jordan 1 Mid &lsquo;Black Pine Green&rsquo; 554725-067"},"content":{"rendered":"<p>La Air Jordan 1 Mid Black Pine Green (GS), aussi appel\u00e9e Green Toe, est une chaussure tendance et styl\u00e9e pour les jeunes. Con\u00e7ue par Jordan, cette chaussure noire et verte est id\u00e9ale pour les adolescents soucieux de leur style. Avec son logo Air Jordan embl\u00e9matique et son confort optimal, c&rsquo;est un incontournable pour tous les jeunes fans de sneakers.<\/p>\n<p>Coloris : Noir\/Rouge Gym-Blanc-Vert Encre<\/p>\n<p>Code article : 554725-067<\/p>\n<p>Tige : Cuir synth\u00e9tique<\/p>\n<p>Semelle interm\u00e9diaire : Air<\/p>\n<p>Couleur : Noir<\/p>\n<p>Designer : Peter Moore<\/p>\n<p>Saison : Hiver<\/p>\n<p>Ann\u00e9e de sortie : 2019<\/p>\n<p>\u00c2ge : Adulte<\/p>\n<p>Couleur : \u00c9toile de mer\/Blanc\/Noir<\/p>\n<p>Genre : Adolescent<\/p>\n","protected":false},"excerpt":{"rendered":"<p>La Air Jordan 1 Mid Black Pine Green (GS), aussi appel\u00e9e Green Toe, est une chaussure tendance et styl\u00e9e pour les jeunes. Con\u00e7ue par Jordan, cette chaussure noire et verte est id\u00e9ale pour les adolescents soucieux de leur style. Avec son logo Air Jordan embl\u00e9matique et son confort optimal, c&rsquo;est un incontournable pour tous les [&hellip;]<\/p>\n","protected":false},"featured_media":774457,"comment_status":"open","ping_status":"closed","template":"","meta":[],"product_brand":[],"product_cat":[38880],"product_tag":[10750,38855,38988,10776,11349,38875,10756,39039,38902,38936],"class_list":{"0":"post-774456","1":"product","2":"type-product","3":"status-publish","4":"has-post-thumbnail","6":"product_cat-jordan","7":"product_tag-athleisure-shoes","8":"product_tag-below-the-regular-retail-price","9":"product_tag-casual-shoes-for-kids","10":"product_tag-jordan","11":"product_tag-jordan-basketball-shoes","12":"product_tag-jordan-skateboard-shoes","13":"product_tag-retro-casual-shoes","14":"product_tag-sneakers-for-kids","15":"product_tag-trendy-offers","16":"product_tag-trendy-offers-under-a-150","18":"first","19":"instock","20":"taxable","21":"shipping-taxable","22":"purchasable","23":"product-type-simple"},"wcpa_form_fields":null,"yoast_head":"<!-- This site is optimized with the Yoast SEO plugin v26.5 - https:\/\/yoast.com\/wordpress\/plugins\/seo\/ -->\n<title>(Grade School) Air Jordan 1 Mid &#039;Black Pine Green&#039; 554725-067 - TOURCRUISER PTE. LTD<\/title>\n<meta name=\"robots\" content=\"index, follow, max-snippet:-1, max-image-preview:large, max-video-preview:-1\" \/>\n<link rel=\"canonical\" href=\"https:\/\/tourcruiser.com\/fr\/products\/grade-school-air-jordan-1-mid-black-pine-green-554725-067\/\" \/>\n<meta property=\"og:locale\" content=\"fr_FR\" \/>\n<meta property=\"og:type\" content=\"article\" \/>\n<meta property=\"og:title\" content=\"(Grade School) Air Jordan 1 Mid &#039;Black Pine Green&#039; 554725-067 - TOURCRUISER PTE. LTD\" \/>\n<meta property=\"og:description\" content=\"La Air Jordan 1 Mid Black Pine Green (GS), aussi appel\u00e9e Green Toe, est une chaussure tendance et styl\u00e9e pour les jeunes. Con\u00e7ue par Jordan, cette chaussure noire et verte est id\u00e9ale pour les adolescents soucieux de leur style. Avec son logo Air Jordan embl\u00e9matique et son confort optimal, c&rsquo;est un incontournable pour tous les [&hellip;]\" \/>\n<meta property=\"og:url\" content=\"https:\/\/tourcruiser.com\/fr\/products\/grade-school-air-jordan-1-mid-black-pine-green-554725-067\/\" \/>\n<meta property=\"og:site_name\" content=\"Tourcruiser Sneaker Store\" \/>\n<meta property=\"article:modified_time\" content=\"2026-04-17T16:08:16+00:00\" \/>\n<meta name=\"twitter:card\" content=\"summary_large_image\" \/>\n<meta name=\"twitter:image\" content=\"https:\/\/images.novelship.com\/product\/_grade_school__air_jordan_1_mid__black_pine_green__0_46546.jpeg;https:\/\/images.novelship.com\/product\/_grade_school__air_jordan_1_mid__black_pine_green__1_46547.jpeg;https:\/\/images.novelship.com\/product\/_grade_school__air_jordan_1_mid__black_pine_green__2_46547.jpeg;https:\/\/images.novelship.com\/product\/_grade_school__air_jordan_1_mid__black_pine_green__3_46547.jpeg;https:\/\/images.novelship.com\/product\/_grade_school__air_jordan_1_mid__black_pine_green__4_46547.jpeg;https:\/\/images.novelship.com\/product\/_grade_school__air_jordan_1_mid__black_pine_green__5_46547.jpeg;https:\/\/images.novelship.com\/product\/_grade_school__air_jordan_1_mid__black_pine_green__6_46547.jpeg;https:\/\/images.novelship.com\/product\/_grade_school__air_jordan_1_mid__black_pine_green__7_46547.jpeg\" \/>\n<meta name=\"twitter:label1\" content=\"Dur\u00e9e de lecture estim\u00e9e\" \/>\n\t<meta name=\"twitter:data1\" content=\"1 minute\" \/>\n<script type=\"application\/ld+json\" class=\"yoast-schema-graph\">{\"@context\":\"https:\/\/schema.org\",\"@graph\":[{\"@type\":\"WebPage\",\"@id\":\"https:\/\/tourcruiser.com\/fr\/products\/grade-school-air-jordan-1-mid-black-pine-green-554725-067\/\",\"url\":\"https:\/\/tourcruiser.com\/fr\/products\/grade-school-air-jordan-1-mid-black-pine-green-554725-067\/\",\"name\":\"(Grade School) Air Jordan 1 Mid 'Black Pine Green' 554725-067 - TOURCRUISER PTE. LTD\",\"isPartOf\":{\"@id\":\"\/#website\"},\"primaryImageOfPage\":{\"@id\":\"https:\/\/tourcruiser.com\/fr\/products\/grade-school-air-jordan-1-mid-black-pine-green-554725-067\/#primaryimage\"},\"image\":{\"@id\":\"https:\/\/tourcruiser.com\/fr\/products\/grade-school-air-jordan-1-mid-black-pine-green-554725-067\/#primaryimage\"},\"thumbnailUrl\":\"https:\/\/images.novelship.com\/product\/_grade_school__air_jordan_1_mid__black_pine_green__0_46546.jpeg;https:\/\/images.novelship.com\/product\/_grade_school__air_jordan_1_mid__black_pine_green__1_46547.jpeg;https:\/\/images.novelship.com\/product\/_grade_school__air_jordan_1_mid__black_pine_green__2_46547.jpeg;https:\/\/images.novelship.com\/product\/_grade_school__air_jordan_1_mid__black_pine_green__3_46547.jpeg;https:\/\/images.novelship.com\/product\/_grade_school__air_jordan_1_mid__black_pine_green__4_46547.jpeg;https:\/\/images.novelship.com\/product\/_grade_school__air_jordan_1_mid__black_pine_green__5_46547.jpeg;https:\/\/images.novelship.com\/product\/_grade_school__air_jordan_1_mid__black_pine_green__6_46547.jpeg;https:\/\/images.novelship.com\/product\/_grade_school__air_jordan_1_mid__black_pine_green__7_46547.jpeg\",\"datePublished\":\"2026-04-16T10:16:36+00:00\",\"dateModified\":\"2026-04-17T16:08:16+00:00\",\"breadcrumb\":{\"@id\":\"https:\/\/tourcruiser.com\/fr\/products\/grade-school-air-jordan-1-mid-black-pine-green-554725-067\/#breadcrumb\"},\"inLanguage\":\"fr-FR\",\"potentialAction\":[{\"@type\":\"ReadAction\",\"target\":[\"https:\/\/tourcruiser.com\/fr\/products\/grade-school-air-jordan-1-mid-black-pine-green-554725-067\/\"]}]},{\"@type\":\"ImageObject\",\"inLanguage\":\"fr-FR\",\"@id\":\"https:\/\/tourcruiser.com\/fr\/products\/grade-school-air-jordan-1-mid-black-pine-green-554725-067\/#primaryimage\",\"url\":\"https:\/\/images.novelship.com\/product\/_grade_school__air_jordan_1_mid__black_pine_green__0_46546.jpeg;https:\/\/images.novelship.com\/product\/_grade_school__air_jordan_1_mid__black_pine_green__1_46547.jpeg;https:\/\/images.novelship.com\/product\/_grade_school__air_jordan_1_mid__black_pine_green__2_46547.jpeg;https:\/\/images.novelship.com\/product\/_grade_school__air_jordan_1_mid__black_pine_green__3_46547.jpeg;https:\/\/images.novelship.com\/product\/_grade_school__air_jordan_1_mid__black_pine_green__4_46547.jpeg;https:\/\/images.novelship.com\/product\/_grade_school__air_jordan_1_mid__black_pine_green__5_46547.jpeg;https:\/\/images.novelship.com\/product\/_grade_school__air_jordan_1_mid__black_pine_green__6_46547.jpeg;https:\/\/images.novelship.com\/product\/_grade_school__air_jordan_1_mid__black_pine_green__7_46547.jpeg\",\"contentUrl\":\"https:\/\/images.novelship.com\/product\/_grade_school__air_jordan_1_mid__black_pine_green__0_46546.jpeg;https:\/\/images.novelship.com\/product\/_grade_school__air_jordan_1_mid__black_pine_green__1_46547.jpeg;https:\/\/images.novelship.com\/product\/_grade_school__air_jordan_1_mid__black_pine_green__2_46547.jpeg;https:\/\/images.novelship.com\/product\/_grade_school__air_jordan_1_mid__black_pine_green__3_46547.jpeg;https:\/\/images.novelship.com\/product\/_grade_school__air_jordan_1_mid__black_pine_green__4_46547.jpeg;https:\/\/images.novelship.com\/product\/_grade_school__air_jordan_1_mid__black_pine_green__5_46547.jpeg;https:\/\/images.novelship.com\/product\/_grade_school__air_jordan_1_mid__black_pine_green__6_46547.jpeg;https:\/\/images.novelship.com\/product\/_grade_school__air_jordan_1_mid__black_pine_green__7_46547.jpeg\"},{\"@type\":\"BreadcrumbList\",\"@id\":\"https:\/\/tourcruiser.com\/fr\/products\/grade-school-air-jordan-1-mid-black-pine-green-554725-067\/#breadcrumb\",\"itemListElement\":[{\"@type\":\"ListItem\",\"position\":1,\"name\":\"Home\",\"item\":\"https:\/\/tourcruiser.com\/fr\/\"},{\"@type\":\"ListItem\",\"position\":2,\"name\":\"Shop\",\"item\":\"https:\/\/tourcruiser.com\/fr\/shop\/\"},{\"@type\":\"ListItem\",\"position\":3,\"name\":\"(Grade School) Air Jordan 1 Mid &#8216;Black Pine Green&#8217; 554725-067\"}]},{\"@type\":\"WebSite\",\"@id\":\"\/#website\",\"url\":\"\/\",\"name\":\"Styloral Jewelry Shop\",\"description\":\"Tourcruiser Sneaker Store \u2014 L\u2019endroit o\u00f9 l\u2019univers rencontre votre singularit\u00e9.\",\"publisher\":{\"@id\":\"\/#organization\"},\"potentialAction\":[{\"@type\":\"SearchAction\",\"target\":{\"@type\":\"EntryPoint\",\"urlTemplate\":\"\/?s={search_term_string}\"},\"query-input\":{\"@type\":\"PropertyValueSpecification\",\"valueRequired\":true,\"valueName\":\"search_term_string\"}}],\"inLanguage\":\"fr-FR\"},{\"@type\":\"Organization\",\"@id\":\"\/#organization\",\"name\":\"STYLORAL PTE. LTD\",\"url\":\"\/\",\"logo\":{\"@type\":\"ImageObject\",\"inLanguage\":\"fr-FR\",\"@id\":\"\/#\/schema\/logo\/image\/\",\"url\":\"https:\/\/www.tourcruiser.com\/wp-content\/uploads\/2025\/12\/logo.png\",\"contentUrl\":\"https:\/\/www.tourcruiser.com\/wp-content\/uploads\/2025\/12\/logo.png\",\"width\":200,\"height\":65,\"caption\":\"STYLORAL PTE. LTD\"},\"image\":{\"@id\":\"\/#\/schema\/logo\/image\/\"}}]}<\/script>\n<!-- \/ Yoast SEO plugin. -->","yoast_head_json":{"title":"(Grade School) Air Jordan 1 Mid 'Black Pine Green' 554725-067 - TOURCRUISER PTE. LTD","robots":{"index":"index","follow":"follow","max-snippet":"max-snippet:-1","max-image-preview":"max-image-preview:large","max-video-preview":"max-video-preview:-1"},"canonical":"https:\/\/tourcruiser.com\/fr\/products\/grade-school-air-jordan-1-mid-black-pine-green-554725-067\/","og_locale":"fr_FR","og_type":"article","og_title":"(Grade School) Air Jordan 1 Mid 'Black Pine Green' 554725-067 - TOURCRUISER PTE. LTD","og_description":"La Air Jordan 1 Mid Black Pine Green (GS), aussi appel\u00e9e Green Toe, est une chaussure tendance et styl\u00e9e pour les jeunes. Con\u00e7ue par Jordan, cette chaussure noire et verte est id\u00e9ale pour les adolescents soucieux de leur style. Avec son logo Air Jordan embl\u00e9matique et son confort optimal, c&rsquo;est un incontournable pour tous les [&hellip;]","og_url":"https:\/\/tourcruiser.com\/fr\/products\/grade-school-air-jordan-1-mid-black-pine-green-554725-067\/","og_site_name":"Tourcruiser Sneaker Store","article_modified_time":"2026-04-17T16:08:16+00:00","twitter_card":"summary_large_image","twitter_image":"https:\/\/images.novelship.com\/product\/_grade_school__air_jordan_1_mid__black_pine_green__0_46546.jpeg;https:\/\/images.novelship.com\/product\/_grade_school__air_jordan_1_mid__black_pine_green__1_46547.jpeg;https:\/\/images.novelship.com\/product\/_grade_school__air_jordan_1_mid__black_pine_green__2_46547.jpeg;https:\/\/images.novelship.com\/product\/_grade_school__air_jordan_1_mid__black_pine_green__3_46547.jpeg;https:\/\/images.novelship.com\/product\/_grade_school__air_jordan_1_mid__black_pine_green__4_46547.jpeg;https:\/\/images.novelship.com\/product\/_grade_school__air_jordan_1_mid__black_pine_green__5_46547.jpeg;https:\/\/images.novelship.com\/product\/_grade_school__air_jordan_1_mid__black_pine_green__6_46547.jpeg;https:\/\/images.novelship.com\/product\/_grade_school__air_jordan_1_mid__black_pine_green__7_46547.jpeg","twitter_misc":{"Dur\u00e9e de lecture estim\u00e9e":"1 minute"},"schema":{"@context":"https:\/\/schema.org","@graph":[{"@type":"WebPage","@id":"https:\/\/tourcruiser.com\/fr\/products\/grade-school-air-jordan-1-mid-black-pine-green-554725-067\/","url":"https:\/\/tourcruiser.com\/fr\/products\/grade-school-air-jordan-1-mid-black-pine-green-554725-067\/","name":"(Grade School) Air Jordan 1 Mid 'Black Pine Green' 554725-067 - TOURCRUISER PTE. LTD","isPartOf":{"@id":"\/#website"},"primaryImageOfPage":{"@id":"https:\/\/tourcruiser.com\/fr\/products\/grade-school-air-jordan-1-mid-black-pine-green-554725-067\/#primaryimage"},"image":{"@id":"https:\/\/tourcruiser.com\/fr\/products\/grade-school-air-jordan-1-mid-black-pine-green-554725-067\/#primaryimage"},"thumbnailUrl":"https:\/\/images.novelship.com\/product\/_grade_school__air_jordan_1_mid__black_pine_green__0_46546.jpeg;https:\/\/images.novelship.com\/product\/_grade_school__air_jordan_1_mid__black_pine_green__1_46547.jpeg;https:\/\/images.novelship.com\/product\/_grade_school__air_jordan_1_mid__black_pine_green__2_46547.jpeg;https:\/\/images.novelship.com\/product\/_grade_school__air_jordan_1_mid__black_pine_green__3_46547.jpeg;https:\/\/images.novelship.com\/product\/_grade_school__air_jordan_1_mid__black_pine_green__4_46547.jpeg;https:\/\/images.novelship.com\/product\/_grade_school__air_jordan_1_mid__black_pine_green__5_46547.jpeg;https:\/\/images.novelship.com\/product\/_grade_school__air_jordan_1_mid__black_pine_green__6_46547.jpeg;https:\/\/images.novelship.com\/product\/_grade_school__air_jordan_1_mid__black_pine_green__7_46547.jpeg","datePublished":"2026-04-16T10:16:36+00:00","dateModified":"2026-04-17T16:08:16+00:00","breadcrumb":{"@id":"https:\/\/tourcruiser.com\/fr\/products\/grade-school-air-jordan-1-mid-black-pine-green-554725-067\/#breadcrumb"},"inLanguage":"fr-FR","potentialAction":[{"@type":"ReadAction","target":["https:\/\/tourcruiser.com\/fr\/products\/grade-school-air-jordan-1-mid-black-pine-green-554725-067\/"]}]},{"@type":"ImageObject","inLanguage":"fr-FR","@id":"https:\/\/tourcruiser.com\/fr\/products\/grade-school-air-jordan-1-mid-black-pine-green-554725-067\/#primaryimage","url":"https:\/\/images.novelship.com\/product\/_grade_school__air_jordan_1_mid__black_pine_green__0_46546.jpeg;https:\/\/images.novelship.com\/product\/_grade_school__air_jordan_1_mid__black_pine_green__1_46547.jpeg;https:\/\/images.novelship.com\/product\/_grade_school__air_jordan_1_mid__black_pine_green__2_46547.jpeg;https:\/\/images.novelship.com\/product\/_grade_school__air_jordan_1_mid__black_pine_green__3_46547.jpeg;https:\/\/images.novelship.com\/product\/_grade_school__air_jordan_1_mid__black_pine_green__4_46547.jpeg;https:\/\/images.novelship.com\/product\/_grade_school__air_jordan_1_mid__black_pine_green__5_46547.jpeg;https:\/\/images.novelship.com\/product\/_grade_school__air_jordan_1_mid__black_pine_green__6_46547.jpeg;https:\/\/images.novelship.com\/product\/_grade_school__air_jordan_1_mid__black_pine_green__7_46547.jpeg","contentUrl":"https:\/\/images.novelship.com\/product\/_grade_school__air_jordan_1_mid__black_pine_green__0_46546.jpeg;https:\/\/images.novelship.com\/product\/_grade_school__air_jordan_1_mid__black_pine_green__1_46547.jpeg;https:\/\/images.novelship.com\/product\/_grade_school__air_jordan_1_mid__black_pine_green__2_46547.jpeg;https:\/\/images.novelship.com\/product\/_grade_school__air_jordan_1_mid__black_pine_green__3_46547.jpeg;https:\/\/images.novelship.com\/product\/_grade_school__air_jordan_1_mid__black_pine_green__4_46547.jpeg;https:\/\/images.novelship.com\/product\/_grade_school__air_jordan_1_mid__black_pine_green__5_46547.jpeg;https:\/\/images.novelship.com\/product\/_grade_school__air_jordan_1_mid__black_pine_green__6_46547.jpeg;https:\/\/images.novelship.com\/product\/_grade_school__air_jordan_1_mid__black_pine_green__7_46547.jpeg"},{"@type":"BreadcrumbList","@id":"https:\/\/tourcruiser.com\/fr\/products\/grade-school-air-jordan-1-mid-black-pine-green-554725-067\/#breadcrumb","itemListElement":[{"@type":"ListItem","position":1,"name":"Home","item":"https:\/\/tourcruiser.com\/fr\/"},{"@type":"ListItem","position":2,"name":"Shop","item":"https:\/\/tourcruiser.com\/fr\/shop\/"},{"@type":"ListItem","position":3,"name":"(Grade School) Air Jordan 1 Mid &#8216;Black Pine Green&#8217; 554725-067"}]},{"@type":"WebSite","@id":"\/#website","url":"\/","name":"Styloral Jewelry Shop","description":"Tourcruiser Sneaker Store \u2014 L\u2019endroit o\u00f9 l\u2019univers rencontre votre singularit\u00e9.","publisher":{"@id":"\/#organization"},"potentialAction":[{"@type":"SearchAction","target":{"@type":"EntryPoint","urlTemplate":"\/?s={search_term_string}"},"query-input":{"@type":"PropertyValueSpecification","valueRequired":true,"valueName":"search_term_string"}}],"inLanguage":"fr-FR"},{"@type":"Organization","@id":"\/#organization","name":"STYLORAL PTE. LTD","url":"\/","logo":{"@type":"ImageObject","inLanguage":"fr-FR","@id":"\/#\/schema\/logo\/image\/","url":"https:\/\/www.tourcruiser.com\/wp-content\/uploads\/2025\/12\/logo.png","contentUrl":"https:\/\/www.tourcruiser.com\/wp-content\/uploads\/2025\/12\/logo.png","width":200,"height":65,"caption":"STYLORAL PTE. LTD"},"image":{"@id":"\/#\/schema\/logo\/image\/"}}]}},"_links":{"self":[{"href":"https:\/\/tourcruiser.com\/fr\/wp-json\/wp\/v2\/product\/774456","targetHints":{"allow":["GET"]}}],"collection":[{"href":"https:\/\/tourcruiser.com\/fr\/wp-json\/wp\/v2\/product"}],"about":[{"href":"https:\/\/tourcruiser.com\/fr\/wp-json\/wp\/v2\/types\/product"}],"replies":[{"embeddable":true,"href":"https:\/\/tourcruiser.com\/fr\/wp-json\/wp\/v2\/comments?post=774456"}],"wp:featuredmedia":[{"embeddable":true,"href":"https:\/\/tourcruiser.com\/fr\/wp-json\/wp\/v2\/media\/774457"}],"wp:attachment":[{"href":"https:\/\/tourcruiser.com\/fr\/wp-json\/wp\/v2\/media?parent=774456"}],"wp:term":[{"taxonomy":"product_brand","embeddable":true,"href":"https:\/\/tourcruiser.com\/fr\/wp-json\/wp\/v2\/product_brand?post=774456"},{"taxonomy":"product_cat","embeddable":true,"href":"https:\/\/tourcruiser.com\/fr\/wp-json\/wp\/v2\/product_cat?post=774456"},{"taxonomy":"product_tag","embeddable":true,"href":"https:\/\/tourcruiser.com\/fr\/wp-json\/wp\/v2\/product_tag?post=774456"}],"curies":[{"name":"wp","href":"https:\/\/api.w.org\/{rel}","templated":true}]}}