{"id":774447,"date":"2026-04-16T17:16:36","date_gmt":"2026-04-16T10:16:36","guid":{"rendered":"http:\/\/tourcruiser.com\/product\/preschool-air-jordan-1-mid-shattered-backboard-640734-058"},"modified":"2026-04-17T23:08:15","modified_gmt":"2026-04-17T16:08:15","slug":"preschool-air-jordan-1-mid-shattered-backboard-640734-058","status":"publish","type":"product","link":"https:\/\/tourcruiser.com\/fr\/products\/preschool-air-jordan-1-mid-shattered-backboard-640734-058\/","title":{"rendered":"(Preschool) Air Jordan 1 Mid &lsquo;Shattered Backboard&rsquo; 640734-058"},"content":{"rendered":"<p>Affirmez le style de votre enfant avec les Air Jordan 1 Mid \u00ab\u00a0Shattered Backboard\u00a0\u00bb (640734-058) pour les tout-petits. Inspir\u00e9es du moment l\u00e9gendaire o\u00f9 le panneau de basket s&rsquo;est bris\u00e9, ces baskets iconiques arborent des couleurs orange, noir et blanc \u00e9clatantes. Confectionn\u00e9es en cuir premium, elles offrent aux enfants actifs un confort et une durabilit\u00e9 optimaux. Leur tige mi-montante assure un excellent maintien de la cheville, les rendant parfaites pour les aventures du quotidien. Laissez votre enfant s&rsquo;\u00e9panouir avec le style Jordan intemporel et une confiance en soi in\u00e9gal\u00e9e. Personnalisez ses baskets\u00a0!<\/p>\n<p>Coloris\u00a0: Noir\/\u00c9toile de mer-\u00c9toile de mer-Blanc<\/p>\n<p>R\u00e9f\u00e9rence\u00a0: 640734-058<\/p>\n<p>Tige\u00a0: Cuir<\/p>\n<p>Semelle interm\u00e9diaire\u00a0: Air<\/p>\n<p>Couleur\u00a0: Noir<\/p>\n<p>Cr\u00e9ateur\u00a0: Peter Moore<\/p>\n<p>Saison\u00a0: Toute l&rsquo;ann\u00e9e<\/p>\n<p>Ann\u00e9e de sortie\u00a0: 2019<\/p>\n<p>\u00c2ge\u00a0: Adulte<\/p>\n<p>Couleur\u00a0: Blanc\/Orange laser-Bleu roi fonc\u00e9<br \/>\nGenre\u00a0: Pr\u00e9scolaire<\/p>\n","protected":false},"excerpt":{"rendered":"<p>Affirmez le style de votre enfant avec les Air Jordan 1 Mid \u00ab\u00a0Shattered Backboard\u00a0\u00bb (640734-058) pour les tout-petits. Inspir\u00e9es du moment l\u00e9gendaire o\u00f9 le panneau de basket s&rsquo;est bris\u00e9, ces baskets iconiques arborent des couleurs orange, noir et blanc \u00e9clatantes. Confectionn\u00e9es en cuir premium, elles offrent aux enfants actifs un confort et une durabilit\u00e9 optimaux. [&hellip;]<\/p>\n","protected":false},"featured_media":774448,"comment_status":"open","ping_status":"closed","template":"","meta":[],"product_brand":[],"product_cat":[38880],"product_tag":[10750,38917,38918,10776,10756],"class_list":{"0":"post-774447","1":"product","2":"type-product","3":"status-publish","4":"has-post-thumbnail","6":"product_cat-jordan","7":"product_tag-athleisure-shoes","8":"product_tag-casual-shoes-for-children","9":"product_tag-children-s-sneakers","10":"product_tag-jordan","11":"product_tag-retro-casual-shoes","13":"first","14":"instock","15":"taxable","16":"shipping-taxable","17":"purchasable","18":"product-type-simple"},"wcpa_form_fields":null,"yoast_head":"<!-- This site is optimized with the Yoast SEO plugin v26.5 - https:\/\/yoast.com\/wordpress\/plugins\/seo\/ -->\n<title>(Preschool) Air Jordan 1 Mid &#039;Shattered Backboard&#039; 640734-058 - TOURCRUISER PTE. LTD<\/title>\n<meta name=\"robots\" content=\"index, follow, max-snippet:-1, max-image-preview:large, max-video-preview:-1\" \/>\n<link rel=\"canonical\" href=\"https:\/\/tourcruiser.com\/fr\/products\/preschool-air-jordan-1-mid-shattered-backboard-640734-058\/\" \/>\n<meta property=\"og:locale\" content=\"fr_FR\" \/>\n<meta property=\"og:type\" content=\"article\" \/>\n<meta property=\"og:title\" content=\"(Preschool) Air Jordan 1 Mid &#039;Shattered Backboard&#039; 640734-058 - TOURCRUISER PTE. LTD\" \/>\n<meta property=\"og:description\" content=\"Affirmez le style de votre enfant avec les Air Jordan 1 Mid \u00ab\u00a0Shattered Backboard\u00a0\u00bb (640734-058) pour les tout-petits. Inspir\u00e9es du moment l\u00e9gendaire o\u00f9 le panneau de basket s&rsquo;est bris\u00e9, ces baskets iconiques arborent des couleurs orange, noir et blanc \u00e9clatantes. Confectionn\u00e9es en cuir premium, elles offrent aux enfants actifs un confort et une durabilit\u00e9 optimaux. [&hellip;]\" \/>\n<meta property=\"og:url\" content=\"https:\/\/tourcruiser.com\/fr\/products\/preschool-air-jordan-1-mid-shattered-backboard-640734-058\/\" \/>\n<meta property=\"og:site_name\" content=\"Tourcruiser Sneaker Store\" \/>\n<meta property=\"article:modified_time\" content=\"2026-04-17T16:08:15+00:00\" \/>\n<meta name=\"twitter:card\" content=\"summary_large_image\" \/>\n<meta name=\"twitter:image\" content=\"https:\/\/images.novelship.com\/product\/_preschool__air_jordan_1_mid__shattered_backboard__0_91638.jpeg;https:\/\/images.novelship.com\/product\/_preschool__air_jordan_1_mid__shattered_backboard__1_91638.jpeg;https:\/\/images.novelship.com\/product\/_preschool__air_jordan_1_mid__shattered_backboard__2_91638.jpeg;https:\/\/images.novelship.com\/product\/_preschool__air_jordan_1_mid__shattered_backboard__3_91638.jpeg;https:\/\/images.novelship.com\/product\/_preschool__air_jordan_1_mid__shattered_backboard__4_91638.jpeg;https:\/\/images.novelship.com\/product\/_preschool__air_jordan_1_mid__shattered_backboard__5_91638.jpeg;https:\/\/images.novelship.com\/product\/_preschool__air_jordan_1_mid__shattered_backboard__6_91638.jpeg;https:\/\/images.novelship.com\/product\/_preschool__air_jordan_1_mid__shattered_backboard__7_91638.jpeg\" \/>\n<meta name=\"twitter:label1\" content=\"Dur\u00e9e de lecture estim\u00e9e\" \/>\n\t<meta name=\"twitter:data1\" content=\"1 minute\" \/>\n<script type=\"application\/ld+json\" class=\"yoast-schema-graph\">{\"@context\":\"https:\/\/schema.org\",\"@graph\":[{\"@type\":\"WebPage\",\"@id\":\"https:\/\/tourcruiser.com\/fr\/products\/preschool-air-jordan-1-mid-shattered-backboard-640734-058\/\",\"url\":\"https:\/\/tourcruiser.com\/fr\/products\/preschool-air-jordan-1-mid-shattered-backboard-640734-058\/\",\"name\":\"(Preschool) Air Jordan 1 Mid 'Shattered Backboard' 640734-058 - TOURCRUISER PTE. LTD\",\"isPartOf\":{\"@id\":\"\/#website\"},\"primaryImageOfPage\":{\"@id\":\"https:\/\/tourcruiser.com\/fr\/products\/preschool-air-jordan-1-mid-shattered-backboard-640734-058\/#primaryimage\"},\"image\":{\"@id\":\"https:\/\/tourcruiser.com\/fr\/products\/preschool-air-jordan-1-mid-shattered-backboard-640734-058\/#primaryimage\"},\"thumbnailUrl\":\"https:\/\/images.novelship.com\/product\/_preschool__air_jordan_1_mid__shattered_backboard__0_91638.jpeg;https:\/\/images.novelship.com\/product\/_preschool__air_jordan_1_mid__shattered_backboard__1_91638.jpeg;https:\/\/images.novelship.com\/product\/_preschool__air_jordan_1_mid__shattered_backboard__2_91638.jpeg;https:\/\/images.novelship.com\/product\/_preschool__air_jordan_1_mid__shattered_backboard__3_91638.jpeg;https:\/\/images.novelship.com\/product\/_preschool__air_jordan_1_mid__shattered_backboard__4_91638.jpeg;https:\/\/images.novelship.com\/product\/_preschool__air_jordan_1_mid__shattered_backboard__5_91638.jpeg;https:\/\/images.novelship.com\/product\/_preschool__air_jordan_1_mid__shattered_backboard__6_91638.jpeg;https:\/\/images.novelship.com\/product\/_preschool__air_jordan_1_mid__shattered_backboard__7_91638.jpeg\",\"datePublished\":\"2026-04-16T10:16:36+00:00\",\"dateModified\":\"2026-04-17T16:08:15+00:00\",\"breadcrumb\":{\"@id\":\"https:\/\/tourcruiser.com\/fr\/products\/preschool-air-jordan-1-mid-shattered-backboard-640734-058\/#breadcrumb\"},\"inLanguage\":\"fr-FR\",\"potentialAction\":[{\"@type\":\"ReadAction\",\"target\":[\"https:\/\/tourcruiser.com\/fr\/products\/preschool-air-jordan-1-mid-shattered-backboard-640734-058\/\"]}]},{\"@type\":\"ImageObject\",\"inLanguage\":\"fr-FR\",\"@id\":\"https:\/\/tourcruiser.com\/fr\/products\/preschool-air-jordan-1-mid-shattered-backboard-640734-058\/#primaryimage\",\"url\":\"https:\/\/images.novelship.com\/product\/_preschool__air_jordan_1_mid__shattered_backboard__0_91638.jpeg;https:\/\/images.novelship.com\/product\/_preschool__air_jordan_1_mid__shattered_backboard__1_91638.jpeg;https:\/\/images.novelship.com\/product\/_preschool__air_jordan_1_mid__shattered_backboard__2_91638.jpeg;https:\/\/images.novelship.com\/product\/_preschool__air_jordan_1_mid__shattered_backboard__3_91638.jpeg;https:\/\/images.novelship.com\/product\/_preschool__air_jordan_1_mid__shattered_backboard__4_91638.jpeg;https:\/\/images.novelship.com\/product\/_preschool__air_jordan_1_mid__shattered_backboard__5_91638.jpeg;https:\/\/images.novelship.com\/product\/_preschool__air_jordan_1_mid__shattered_backboard__6_91638.jpeg;https:\/\/images.novelship.com\/product\/_preschool__air_jordan_1_mid__shattered_backboard__7_91638.jpeg\",\"contentUrl\":\"https:\/\/images.novelship.com\/product\/_preschool__air_jordan_1_mid__shattered_backboard__0_91638.jpeg;https:\/\/images.novelship.com\/product\/_preschool__air_jordan_1_mid__shattered_backboard__1_91638.jpeg;https:\/\/images.novelship.com\/product\/_preschool__air_jordan_1_mid__shattered_backboard__2_91638.jpeg;https:\/\/images.novelship.com\/product\/_preschool__air_jordan_1_mid__shattered_backboard__3_91638.jpeg;https:\/\/images.novelship.com\/product\/_preschool__air_jordan_1_mid__shattered_backboard__4_91638.jpeg;https:\/\/images.novelship.com\/product\/_preschool__air_jordan_1_mid__shattered_backboard__5_91638.jpeg;https:\/\/images.novelship.com\/product\/_preschool__air_jordan_1_mid__shattered_backboard__6_91638.jpeg;https:\/\/images.novelship.com\/product\/_preschool__air_jordan_1_mid__shattered_backboard__7_91638.jpeg\"},{\"@type\":\"BreadcrumbList\",\"@id\":\"https:\/\/tourcruiser.com\/fr\/products\/preschool-air-jordan-1-mid-shattered-backboard-640734-058\/#breadcrumb\",\"itemListElement\":[{\"@type\":\"ListItem\",\"position\":1,\"name\":\"Home\",\"item\":\"https:\/\/tourcruiser.com\/fr\/\"},{\"@type\":\"ListItem\",\"position\":2,\"name\":\"Shop\",\"item\":\"https:\/\/tourcruiser.com\/fr\/shop\/\"},{\"@type\":\"ListItem\",\"position\":3,\"name\":\"(Preschool) Air Jordan 1 Mid &#8216;Shattered Backboard&#8217; 640734-058\"}]},{\"@type\":\"WebSite\",\"@id\":\"\/#website\",\"url\":\"\/\",\"name\":\"Styloral Jewelry Shop\",\"description\":\"Tourcruiser Sneaker Store \u2014 L\u2019endroit o\u00f9 l\u2019univers rencontre votre singularit\u00e9.\",\"publisher\":{\"@id\":\"\/#organization\"},\"potentialAction\":[{\"@type\":\"SearchAction\",\"target\":{\"@type\":\"EntryPoint\",\"urlTemplate\":\"\/?s={search_term_string}\"},\"query-input\":{\"@type\":\"PropertyValueSpecification\",\"valueRequired\":true,\"valueName\":\"search_term_string\"}}],\"inLanguage\":\"fr-FR\"},{\"@type\":\"Organization\",\"@id\":\"\/#organization\",\"name\":\"STYLORAL PTE. LTD\",\"url\":\"\/\",\"logo\":{\"@type\":\"ImageObject\",\"inLanguage\":\"fr-FR\",\"@id\":\"\/#\/schema\/logo\/image\/\",\"url\":\"https:\/\/www.tourcruiser.com\/wp-content\/uploads\/2025\/12\/logo.png\",\"contentUrl\":\"https:\/\/www.tourcruiser.com\/wp-content\/uploads\/2025\/12\/logo.png\",\"width\":200,\"height\":65,\"caption\":\"STYLORAL PTE. LTD\"},\"image\":{\"@id\":\"\/#\/schema\/logo\/image\/\"}}]}<\/script>\n<!-- \/ Yoast SEO plugin. -->","yoast_head_json":{"title":"(Preschool) Air Jordan 1 Mid 'Shattered Backboard' 640734-058 - TOURCRUISER PTE. LTD","robots":{"index":"index","follow":"follow","max-snippet":"max-snippet:-1","max-image-preview":"max-image-preview:large","max-video-preview":"max-video-preview:-1"},"canonical":"https:\/\/tourcruiser.com\/fr\/products\/preschool-air-jordan-1-mid-shattered-backboard-640734-058\/","og_locale":"fr_FR","og_type":"article","og_title":"(Preschool) Air Jordan 1 Mid 'Shattered Backboard' 640734-058 - TOURCRUISER PTE. LTD","og_description":"Affirmez le style de votre enfant avec les Air Jordan 1 Mid \u00ab\u00a0Shattered Backboard\u00a0\u00bb (640734-058) pour les tout-petits. Inspir\u00e9es du moment l\u00e9gendaire o\u00f9 le panneau de basket s&rsquo;est bris\u00e9, ces baskets iconiques arborent des couleurs orange, noir et blanc \u00e9clatantes. Confectionn\u00e9es en cuir premium, elles offrent aux enfants actifs un confort et une durabilit\u00e9 optimaux. [&hellip;]","og_url":"https:\/\/tourcruiser.com\/fr\/products\/preschool-air-jordan-1-mid-shattered-backboard-640734-058\/","og_site_name":"Tourcruiser Sneaker Store","article_modified_time":"2026-04-17T16:08:15+00:00","twitter_card":"summary_large_image","twitter_image":"https:\/\/images.novelship.com\/product\/_preschool__air_jordan_1_mid__shattered_backboard__0_91638.jpeg;https:\/\/images.novelship.com\/product\/_preschool__air_jordan_1_mid__shattered_backboard__1_91638.jpeg;https:\/\/images.novelship.com\/product\/_preschool__air_jordan_1_mid__shattered_backboard__2_91638.jpeg;https:\/\/images.novelship.com\/product\/_preschool__air_jordan_1_mid__shattered_backboard__3_91638.jpeg;https:\/\/images.novelship.com\/product\/_preschool__air_jordan_1_mid__shattered_backboard__4_91638.jpeg;https:\/\/images.novelship.com\/product\/_preschool__air_jordan_1_mid__shattered_backboard__5_91638.jpeg;https:\/\/images.novelship.com\/product\/_preschool__air_jordan_1_mid__shattered_backboard__6_91638.jpeg;https:\/\/images.novelship.com\/product\/_preschool__air_jordan_1_mid__shattered_backboard__7_91638.jpeg","twitter_misc":{"Dur\u00e9e de lecture estim\u00e9e":"1 minute"},"schema":{"@context":"https:\/\/schema.org","@graph":[{"@type":"WebPage","@id":"https:\/\/tourcruiser.com\/fr\/products\/preschool-air-jordan-1-mid-shattered-backboard-640734-058\/","url":"https:\/\/tourcruiser.com\/fr\/products\/preschool-air-jordan-1-mid-shattered-backboard-640734-058\/","name":"(Preschool) Air Jordan 1 Mid 'Shattered Backboard' 640734-058 - TOURCRUISER PTE. LTD","isPartOf":{"@id":"\/#website"},"primaryImageOfPage":{"@id":"https:\/\/tourcruiser.com\/fr\/products\/preschool-air-jordan-1-mid-shattered-backboard-640734-058\/#primaryimage"},"image":{"@id":"https:\/\/tourcruiser.com\/fr\/products\/preschool-air-jordan-1-mid-shattered-backboard-640734-058\/#primaryimage"},"thumbnailUrl":"https:\/\/images.novelship.com\/product\/_preschool__air_jordan_1_mid__shattered_backboard__0_91638.jpeg;https:\/\/images.novelship.com\/product\/_preschool__air_jordan_1_mid__shattered_backboard__1_91638.jpeg;https:\/\/images.novelship.com\/product\/_preschool__air_jordan_1_mid__shattered_backboard__2_91638.jpeg;https:\/\/images.novelship.com\/product\/_preschool__air_jordan_1_mid__shattered_backboard__3_91638.jpeg;https:\/\/images.novelship.com\/product\/_preschool__air_jordan_1_mid__shattered_backboard__4_91638.jpeg;https:\/\/images.novelship.com\/product\/_preschool__air_jordan_1_mid__shattered_backboard__5_91638.jpeg;https:\/\/images.novelship.com\/product\/_preschool__air_jordan_1_mid__shattered_backboard__6_91638.jpeg;https:\/\/images.novelship.com\/product\/_preschool__air_jordan_1_mid__shattered_backboard__7_91638.jpeg","datePublished":"2026-04-16T10:16:36+00:00","dateModified":"2026-04-17T16:08:15+00:00","breadcrumb":{"@id":"https:\/\/tourcruiser.com\/fr\/products\/preschool-air-jordan-1-mid-shattered-backboard-640734-058\/#breadcrumb"},"inLanguage":"fr-FR","potentialAction":[{"@type":"ReadAction","target":["https:\/\/tourcruiser.com\/fr\/products\/preschool-air-jordan-1-mid-shattered-backboard-640734-058\/"]}]},{"@type":"ImageObject","inLanguage":"fr-FR","@id":"https:\/\/tourcruiser.com\/fr\/products\/preschool-air-jordan-1-mid-shattered-backboard-640734-058\/#primaryimage","url":"https:\/\/images.novelship.com\/product\/_preschool__air_jordan_1_mid__shattered_backboard__0_91638.jpeg;https:\/\/images.novelship.com\/product\/_preschool__air_jordan_1_mid__shattered_backboard__1_91638.jpeg;https:\/\/images.novelship.com\/product\/_preschool__air_jordan_1_mid__shattered_backboard__2_91638.jpeg;https:\/\/images.novelship.com\/product\/_preschool__air_jordan_1_mid__shattered_backboard__3_91638.jpeg;https:\/\/images.novelship.com\/product\/_preschool__air_jordan_1_mid__shattered_backboard__4_91638.jpeg;https:\/\/images.novelship.com\/product\/_preschool__air_jordan_1_mid__shattered_backboard__5_91638.jpeg;https:\/\/images.novelship.com\/product\/_preschool__air_jordan_1_mid__shattered_backboard__6_91638.jpeg;https:\/\/images.novelship.com\/product\/_preschool__air_jordan_1_mid__shattered_backboard__7_91638.jpeg","contentUrl":"https:\/\/images.novelship.com\/product\/_preschool__air_jordan_1_mid__shattered_backboard__0_91638.jpeg;https:\/\/images.novelship.com\/product\/_preschool__air_jordan_1_mid__shattered_backboard__1_91638.jpeg;https:\/\/images.novelship.com\/product\/_preschool__air_jordan_1_mid__shattered_backboard__2_91638.jpeg;https:\/\/images.novelship.com\/product\/_preschool__air_jordan_1_mid__shattered_backboard__3_91638.jpeg;https:\/\/images.novelship.com\/product\/_preschool__air_jordan_1_mid__shattered_backboard__4_91638.jpeg;https:\/\/images.novelship.com\/product\/_preschool__air_jordan_1_mid__shattered_backboard__5_91638.jpeg;https:\/\/images.novelship.com\/product\/_preschool__air_jordan_1_mid__shattered_backboard__6_91638.jpeg;https:\/\/images.novelship.com\/product\/_preschool__air_jordan_1_mid__shattered_backboard__7_91638.jpeg"},{"@type":"BreadcrumbList","@id":"https:\/\/tourcruiser.com\/fr\/products\/preschool-air-jordan-1-mid-shattered-backboard-640734-058\/#breadcrumb","itemListElement":[{"@type":"ListItem","position":1,"name":"Home","item":"https:\/\/tourcruiser.com\/fr\/"},{"@type":"ListItem","position":2,"name":"Shop","item":"https:\/\/tourcruiser.com\/fr\/shop\/"},{"@type":"ListItem","position":3,"name":"(Preschool) Air Jordan 1 Mid &#8216;Shattered Backboard&#8217; 640734-058"}]},{"@type":"WebSite","@id":"\/#website","url":"\/","name":"Styloral Jewelry Shop","description":"Tourcruiser Sneaker Store \u2014 L\u2019endroit o\u00f9 l\u2019univers rencontre votre singularit\u00e9.","publisher":{"@id":"\/#organization"},"potentialAction":[{"@type":"SearchAction","target":{"@type":"EntryPoint","urlTemplate":"\/?s={search_term_string}"},"query-input":{"@type":"PropertyValueSpecification","valueRequired":true,"valueName":"search_term_string"}}],"inLanguage":"fr-FR"},{"@type":"Organization","@id":"\/#organization","name":"STYLORAL PTE. LTD","url":"\/","logo":{"@type":"ImageObject","inLanguage":"fr-FR","@id":"\/#\/schema\/logo\/image\/","url":"https:\/\/www.tourcruiser.com\/wp-content\/uploads\/2025\/12\/logo.png","contentUrl":"https:\/\/www.tourcruiser.com\/wp-content\/uploads\/2025\/12\/logo.png","width":200,"height":65,"caption":"STYLORAL PTE. LTD"},"image":{"@id":"\/#\/schema\/logo\/image\/"}}]}},"_links":{"self":[{"href":"https:\/\/tourcruiser.com\/fr\/wp-json\/wp\/v2\/product\/774447","targetHints":{"allow":["GET"]}}],"collection":[{"href":"https:\/\/tourcruiser.com\/fr\/wp-json\/wp\/v2\/product"}],"about":[{"href":"https:\/\/tourcruiser.com\/fr\/wp-json\/wp\/v2\/types\/product"}],"replies":[{"embeddable":true,"href":"https:\/\/tourcruiser.com\/fr\/wp-json\/wp\/v2\/comments?post=774447"}],"wp:featuredmedia":[{"embeddable":true,"href":"https:\/\/tourcruiser.com\/fr\/wp-json\/wp\/v2\/media\/774448"}],"wp:attachment":[{"href":"https:\/\/tourcruiser.com\/fr\/wp-json\/wp\/v2\/media?parent=774447"}],"wp:term":[{"taxonomy":"product_brand","embeddable":true,"href":"https:\/\/tourcruiser.com\/fr\/wp-json\/wp\/v2\/product_brand?post=774447"},{"taxonomy":"product_cat","embeddable":true,"href":"https:\/\/tourcruiser.com\/fr\/wp-json\/wp\/v2\/product_cat?post=774447"},{"taxonomy":"product_tag","embeddable":true,"href":"https:\/\/tourcruiser.com\/fr\/wp-json\/wp\/v2\/product_tag?post=774447"}],"curies":[{"name":"wp","href":"https:\/\/api.w.org\/{rel}","templated":true}]}}