{"id":774438,"date":"2026-04-16T17:16:35","date_gmt":"2026-04-16T10:16:35","guid":{"rendered":"http:\/\/tourcruiser.com\/product\/preschool-air-jordan-4-retro-se-what-the-4-bq7669-146"},"modified":"2026-04-17T23:08:15","modified_gmt":"2026-04-17T16:08:15","slug":"preschool-air-jordan-4-retro-se-what-the-4-bq7669-146","status":"publish","type":"product","link":"https:\/\/tourcruiser.com\/fr\/products\/preschool-air-jordan-4-retro-se-what-the-4-bq7669-146\/","title":{"rendered":"(Preschool) Air Jordan 4 Retro SE &lsquo;What The 4&rsquo; BQ7669-146"},"content":{"rendered":"<p>La Air Jordan 4 Retro SE \u00ab What The 4 (PS) \u00bb de Jordan est une basket styl\u00e9e et embl\u00e9matique pour les petits gar\u00e7ons. Avec son coloris blanc, cette chaussure combine de fa\u00e7on unique diff\u00e9rents designs de la Jordan 4, d&rsquo;o\u00f9 son surnom \u00ab What The 4 \u00bb. Ces baskets tendance permettront \u00e0 votre enfant d&rsquo;\u00eatre parfaitement \u00e9quip\u00e9 pour des aventures styl\u00e9es et confortables dans la cour de r\u00e9cr\u00e9ation.<\/p>\n<p>Coloris : Blanc\/Bleu militaire-Rouge feu-Noir-Gris ciment<\/p>\n<p>Code article : BQ7669-146<br \/>\nMati\u00e8re ext\u00e9rieure : Cuir<br \/>\nCouleur : Blanc<\/p>\n<p>Designer : Tinker Hatfield<\/p>\n<p>Ann\u00e9e de sortie : 2019<\/p>\n<p>Coloris : Blanc\/Bleu militaire-Rouge feu-Noir-Gris ciment<\/p>\n<p>\u00c2ge : Adulte<\/p>\n<p>Couleur : Noir\/Bleu \u00e9toile de mer-Bleu \u00e9toile de mer-Blanc<\/p>\n<p>Genre : PS<\/p>\n","protected":false},"excerpt":{"rendered":"<p>La Air Jordan 4 Retro SE \u00ab What The 4 (PS) \u00bb de Jordan est une basket styl\u00e9e et embl\u00e9matique pour les petits gar\u00e7ons. Avec son coloris blanc, cette chaussure combine de fa\u00e7on unique diff\u00e9rents designs de la Jordan 4, d&rsquo;o\u00f9 son surnom \u00ab What The 4 \u00bb. Ces baskets tendance permettront \u00e0 votre enfant [&hellip;]<\/p>\n","protected":false},"featured_media":774439,"comment_status":"open","ping_status":"closed","template":"","meta":[],"product_brand":[],"product_cat":[38880],"product_tag":[10750,38861,38917,38918,10776,10756,38902,38936],"class_list":{"0":"post-774438","1":"product","2":"type-product","3":"status-publish","4":"has-post-thumbnail","6":"product_cat-jordan","7":"product_tag-athleisure-shoes","8":"product_tag-below-retail-price","9":"product_tag-casual-shoes-for-children","10":"product_tag-children-s-sneakers","11":"product_tag-jordan","12":"product_tag-retro-casual-shoes","13":"product_tag-trendy-offers","14":"product_tag-trendy-offers-under-a-150","16":"first","17":"instock","18":"taxable","19":"shipping-taxable","20":"purchasable","21":"product-type-simple"},"wcpa_form_fields":null,"yoast_head":"<!-- This site is optimized with the Yoast SEO plugin v26.5 - https:\/\/yoast.com\/wordpress\/plugins\/seo\/ -->\n<title>(Preschool) Air Jordan 4 Retro SE &#039;What The 4&#039; BQ7669-146 - TOURCRUISER PTE. LTD<\/title>\n<meta name=\"robots\" content=\"index, follow, max-snippet:-1, max-image-preview:large, max-video-preview:-1\" \/>\n<link rel=\"canonical\" href=\"https:\/\/tourcruiser.com\/fr\/products\/preschool-air-jordan-4-retro-se-what-the-4-bq7669-146\/\" \/>\n<meta property=\"og:locale\" content=\"fr_FR\" \/>\n<meta property=\"og:type\" content=\"article\" \/>\n<meta property=\"og:title\" content=\"(Preschool) Air Jordan 4 Retro SE &#039;What The 4&#039; BQ7669-146 - TOURCRUISER PTE. LTD\" \/>\n<meta property=\"og:description\" content=\"La Air Jordan 4 Retro SE \u00ab What The 4 (PS) \u00bb de Jordan est une basket styl\u00e9e et embl\u00e9matique pour les petits gar\u00e7ons. Avec son coloris blanc, cette chaussure combine de fa\u00e7on unique diff\u00e9rents designs de la Jordan 4, d&rsquo;o\u00f9 son surnom \u00ab What The 4 \u00bb. Ces baskets tendance permettront \u00e0 votre enfant [&hellip;]\" \/>\n<meta property=\"og:url\" content=\"https:\/\/tourcruiser.com\/fr\/products\/preschool-air-jordan-4-retro-se-what-the-4-bq7669-146\/\" \/>\n<meta property=\"og:site_name\" content=\"Tourcruiser Sneaker Store\" \/>\n<meta property=\"article:modified_time\" content=\"2026-04-17T16:08:15+00:00\" \/>\n<meta name=\"twitter:card\" content=\"summary_large_image\" \/>\n<meta name=\"twitter:image\" content=\"https:\/\/images.novelship.com\/product\/_preschool__air_jordan_4_retro_se__what_the_4__bq7_0_92260.jpeg;https:\/\/images.novelship.com\/product\/_preschool__air_jordan_4_retro_se__what_the_4__bq7_1_92260.jpeg;https:\/\/images.novelship.com\/product\/_preschool__air_jordan_4_retro_se__what_the_4__bq7_2_92260.jpeg;https:\/\/images.novelship.com\/product\/_preschool__air_jordan_4_retro_se__what_the_4__bq7_3_92260.jpeg;https:\/\/images.novelship.com\/product\/_preschool__air_jordan_4_retro_se__what_the_4__bq7_4_92260.jpeg;https:\/\/images.novelship.com\/product\/_preschool__air_jordan_4_retro_se__what_the_4__bq7_5_92260.jpeg;https:\/\/images.novelship.com\/product\/_preschool__air_jordan_4_retro_se__what_the_4__bq7_6_92260.jpeg;https:\/\/images.novelship.com\/product\/_preschool__air_jordan_4_retro_se__what_the_4__bq7_7_92260.jpeg\" \/>\n<meta name=\"twitter:label1\" content=\"Dur\u00e9e de lecture estim\u00e9e\" \/>\n\t<meta name=\"twitter:data1\" content=\"1 minute\" \/>\n<script type=\"application\/ld+json\" class=\"yoast-schema-graph\">{\"@context\":\"https:\/\/schema.org\",\"@graph\":[{\"@type\":\"WebPage\",\"@id\":\"https:\/\/tourcruiser.com\/fr\/products\/preschool-air-jordan-4-retro-se-what-the-4-bq7669-146\/\",\"url\":\"https:\/\/tourcruiser.com\/fr\/products\/preschool-air-jordan-4-retro-se-what-the-4-bq7669-146\/\",\"name\":\"(Preschool) Air Jordan 4 Retro SE 'What The 4' BQ7669-146 - TOURCRUISER PTE. LTD\",\"isPartOf\":{\"@id\":\"\/#website\"},\"primaryImageOfPage\":{\"@id\":\"https:\/\/tourcruiser.com\/fr\/products\/preschool-air-jordan-4-retro-se-what-the-4-bq7669-146\/#primaryimage\"},\"image\":{\"@id\":\"https:\/\/tourcruiser.com\/fr\/products\/preschool-air-jordan-4-retro-se-what-the-4-bq7669-146\/#primaryimage\"},\"thumbnailUrl\":\"https:\/\/images.novelship.com\/product\/_preschool__air_jordan_4_retro_se__what_the_4__bq7_0_92260.jpeg;https:\/\/images.novelship.com\/product\/_preschool__air_jordan_4_retro_se__what_the_4__bq7_1_92260.jpeg;https:\/\/images.novelship.com\/product\/_preschool__air_jordan_4_retro_se__what_the_4__bq7_2_92260.jpeg;https:\/\/images.novelship.com\/product\/_preschool__air_jordan_4_retro_se__what_the_4__bq7_3_92260.jpeg;https:\/\/images.novelship.com\/product\/_preschool__air_jordan_4_retro_se__what_the_4__bq7_4_92260.jpeg;https:\/\/images.novelship.com\/product\/_preschool__air_jordan_4_retro_se__what_the_4__bq7_5_92260.jpeg;https:\/\/images.novelship.com\/product\/_preschool__air_jordan_4_retro_se__what_the_4__bq7_6_92260.jpeg;https:\/\/images.novelship.com\/product\/_preschool__air_jordan_4_retro_se__what_the_4__bq7_7_92260.jpeg\",\"datePublished\":\"2026-04-16T10:16:35+00:00\",\"dateModified\":\"2026-04-17T16:08:15+00:00\",\"breadcrumb\":{\"@id\":\"https:\/\/tourcruiser.com\/fr\/products\/preschool-air-jordan-4-retro-se-what-the-4-bq7669-146\/#breadcrumb\"},\"inLanguage\":\"fr-FR\",\"potentialAction\":[{\"@type\":\"ReadAction\",\"target\":[\"https:\/\/tourcruiser.com\/fr\/products\/preschool-air-jordan-4-retro-se-what-the-4-bq7669-146\/\"]}]},{\"@type\":\"ImageObject\",\"inLanguage\":\"fr-FR\",\"@id\":\"https:\/\/tourcruiser.com\/fr\/products\/preschool-air-jordan-4-retro-se-what-the-4-bq7669-146\/#primaryimage\",\"url\":\"https:\/\/images.novelship.com\/product\/_preschool__air_jordan_4_retro_se__what_the_4__bq7_0_92260.jpeg;https:\/\/images.novelship.com\/product\/_preschool__air_jordan_4_retro_se__what_the_4__bq7_1_92260.jpeg;https:\/\/images.novelship.com\/product\/_preschool__air_jordan_4_retro_se__what_the_4__bq7_2_92260.jpeg;https:\/\/images.novelship.com\/product\/_preschool__air_jordan_4_retro_se__what_the_4__bq7_3_92260.jpeg;https:\/\/images.novelship.com\/product\/_preschool__air_jordan_4_retro_se__what_the_4__bq7_4_92260.jpeg;https:\/\/images.novelship.com\/product\/_preschool__air_jordan_4_retro_se__what_the_4__bq7_5_92260.jpeg;https:\/\/images.novelship.com\/product\/_preschool__air_jordan_4_retro_se__what_the_4__bq7_6_92260.jpeg;https:\/\/images.novelship.com\/product\/_preschool__air_jordan_4_retro_se__what_the_4__bq7_7_92260.jpeg\",\"contentUrl\":\"https:\/\/images.novelship.com\/product\/_preschool__air_jordan_4_retro_se__what_the_4__bq7_0_92260.jpeg;https:\/\/images.novelship.com\/product\/_preschool__air_jordan_4_retro_se__what_the_4__bq7_1_92260.jpeg;https:\/\/images.novelship.com\/product\/_preschool__air_jordan_4_retro_se__what_the_4__bq7_2_92260.jpeg;https:\/\/images.novelship.com\/product\/_preschool__air_jordan_4_retro_se__what_the_4__bq7_3_92260.jpeg;https:\/\/images.novelship.com\/product\/_preschool__air_jordan_4_retro_se__what_the_4__bq7_4_92260.jpeg;https:\/\/images.novelship.com\/product\/_preschool__air_jordan_4_retro_se__what_the_4__bq7_5_92260.jpeg;https:\/\/images.novelship.com\/product\/_preschool__air_jordan_4_retro_se__what_the_4__bq7_6_92260.jpeg;https:\/\/images.novelship.com\/product\/_preschool__air_jordan_4_retro_se__what_the_4__bq7_7_92260.jpeg\"},{\"@type\":\"BreadcrumbList\",\"@id\":\"https:\/\/tourcruiser.com\/fr\/products\/preschool-air-jordan-4-retro-se-what-the-4-bq7669-146\/#breadcrumb\",\"itemListElement\":[{\"@type\":\"ListItem\",\"position\":1,\"name\":\"Home\",\"item\":\"https:\/\/tourcruiser.com\/fr\/\"},{\"@type\":\"ListItem\",\"position\":2,\"name\":\"Shop\",\"item\":\"https:\/\/tourcruiser.com\/fr\/shop\/\"},{\"@type\":\"ListItem\",\"position\":3,\"name\":\"(Preschool) Air Jordan 4 Retro SE &#8216;What The 4&#8217; BQ7669-146\"}]},{\"@type\":\"WebSite\",\"@id\":\"\/#website\",\"url\":\"\/\",\"name\":\"Styloral Jewelry Shop\",\"description\":\"Tourcruiser Sneaker Store \u2014 L\u2019endroit o\u00f9 l\u2019univers rencontre votre singularit\u00e9.\",\"publisher\":{\"@id\":\"\/#organization\"},\"potentialAction\":[{\"@type\":\"SearchAction\",\"target\":{\"@type\":\"EntryPoint\",\"urlTemplate\":\"\/?s={search_term_string}\"},\"query-input\":{\"@type\":\"PropertyValueSpecification\",\"valueRequired\":true,\"valueName\":\"search_term_string\"}}],\"inLanguage\":\"fr-FR\"},{\"@type\":\"Organization\",\"@id\":\"\/#organization\",\"name\":\"STYLORAL PTE. LTD\",\"url\":\"\/\",\"logo\":{\"@type\":\"ImageObject\",\"inLanguage\":\"fr-FR\",\"@id\":\"\/#\/schema\/logo\/image\/\",\"url\":\"https:\/\/www.tourcruiser.com\/wp-content\/uploads\/2025\/12\/logo.png\",\"contentUrl\":\"https:\/\/www.tourcruiser.com\/wp-content\/uploads\/2025\/12\/logo.png\",\"width\":200,\"height\":65,\"caption\":\"STYLORAL PTE. LTD\"},\"image\":{\"@id\":\"\/#\/schema\/logo\/image\/\"}}]}<\/script>\n<!-- \/ Yoast SEO plugin. -->","yoast_head_json":{"title":"(Preschool) Air Jordan 4 Retro SE 'What The 4' BQ7669-146 - TOURCRUISER PTE. LTD","robots":{"index":"index","follow":"follow","max-snippet":"max-snippet:-1","max-image-preview":"max-image-preview:large","max-video-preview":"max-video-preview:-1"},"canonical":"https:\/\/tourcruiser.com\/fr\/products\/preschool-air-jordan-4-retro-se-what-the-4-bq7669-146\/","og_locale":"fr_FR","og_type":"article","og_title":"(Preschool) Air Jordan 4 Retro SE 'What The 4' BQ7669-146 - TOURCRUISER PTE. LTD","og_description":"La Air Jordan 4 Retro SE \u00ab What The 4 (PS) \u00bb de Jordan est une basket styl\u00e9e et embl\u00e9matique pour les petits gar\u00e7ons. Avec son coloris blanc, cette chaussure combine de fa\u00e7on unique diff\u00e9rents designs de la Jordan 4, d&rsquo;o\u00f9 son surnom \u00ab What The 4 \u00bb. Ces baskets tendance permettront \u00e0 votre enfant [&hellip;]","og_url":"https:\/\/tourcruiser.com\/fr\/products\/preschool-air-jordan-4-retro-se-what-the-4-bq7669-146\/","og_site_name":"Tourcruiser Sneaker Store","article_modified_time":"2026-04-17T16:08:15+00:00","twitter_card":"summary_large_image","twitter_image":"https:\/\/images.novelship.com\/product\/_preschool__air_jordan_4_retro_se__what_the_4__bq7_0_92260.jpeg;https:\/\/images.novelship.com\/product\/_preschool__air_jordan_4_retro_se__what_the_4__bq7_1_92260.jpeg;https:\/\/images.novelship.com\/product\/_preschool__air_jordan_4_retro_se__what_the_4__bq7_2_92260.jpeg;https:\/\/images.novelship.com\/product\/_preschool__air_jordan_4_retro_se__what_the_4__bq7_3_92260.jpeg;https:\/\/images.novelship.com\/product\/_preschool__air_jordan_4_retro_se__what_the_4__bq7_4_92260.jpeg;https:\/\/images.novelship.com\/product\/_preschool__air_jordan_4_retro_se__what_the_4__bq7_5_92260.jpeg;https:\/\/images.novelship.com\/product\/_preschool__air_jordan_4_retro_se__what_the_4__bq7_6_92260.jpeg;https:\/\/images.novelship.com\/product\/_preschool__air_jordan_4_retro_se__what_the_4__bq7_7_92260.jpeg","twitter_misc":{"Dur\u00e9e de lecture estim\u00e9e":"1 minute"},"schema":{"@context":"https:\/\/schema.org","@graph":[{"@type":"WebPage","@id":"https:\/\/tourcruiser.com\/fr\/products\/preschool-air-jordan-4-retro-se-what-the-4-bq7669-146\/","url":"https:\/\/tourcruiser.com\/fr\/products\/preschool-air-jordan-4-retro-se-what-the-4-bq7669-146\/","name":"(Preschool) Air Jordan 4 Retro SE 'What The 4' BQ7669-146 - TOURCRUISER PTE. LTD","isPartOf":{"@id":"\/#website"},"primaryImageOfPage":{"@id":"https:\/\/tourcruiser.com\/fr\/products\/preschool-air-jordan-4-retro-se-what-the-4-bq7669-146\/#primaryimage"},"image":{"@id":"https:\/\/tourcruiser.com\/fr\/products\/preschool-air-jordan-4-retro-se-what-the-4-bq7669-146\/#primaryimage"},"thumbnailUrl":"https:\/\/images.novelship.com\/product\/_preschool__air_jordan_4_retro_se__what_the_4__bq7_0_92260.jpeg;https:\/\/images.novelship.com\/product\/_preschool__air_jordan_4_retro_se__what_the_4__bq7_1_92260.jpeg;https:\/\/images.novelship.com\/product\/_preschool__air_jordan_4_retro_se__what_the_4__bq7_2_92260.jpeg;https:\/\/images.novelship.com\/product\/_preschool__air_jordan_4_retro_se__what_the_4__bq7_3_92260.jpeg;https:\/\/images.novelship.com\/product\/_preschool__air_jordan_4_retro_se__what_the_4__bq7_4_92260.jpeg;https:\/\/images.novelship.com\/product\/_preschool__air_jordan_4_retro_se__what_the_4__bq7_5_92260.jpeg;https:\/\/images.novelship.com\/product\/_preschool__air_jordan_4_retro_se__what_the_4__bq7_6_92260.jpeg;https:\/\/images.novelship.com\/product\/_preschool__air_jordan_4_retro_se__what_the_4__bq7_7_92260.jpeg","datePublished":"2026-04-16T10:16:35+00:00","dateModified":"2026-04-17T16:08:15+00:00","breadcrumb":{"@id":"https:\/\/tourcruiser.com\/fr\/products\/preschool-air-jordan-4-retro-se-what-the-4-bq7669-146\/#breadcrumb"},"inLanguage":"fr-FR","potentialAction":[{"@type":"ReadAction","target":["https:\/\/tourcruiser.com\/fr\/products\/preschool-air-jordan-4-retro-se-what-the-4-bq7669-146\/"]}]},{"@type":"ImageObject","inLanguage":"fr-FR","@id":"https:\/\/tourcruiser.com\/fr\/products\/preschool-air-jordan-4-retro-se-what-the-4-bq7669-146\/#primaryimage","url":"https:\/\/images.novelship.com\/product\/_preschool__air_jordan_4_retro_se__what_the_4__bq7_0_92260.jpeg;https:\/\/images.novelship.com\/product\/_preschool__air_jordan_4_retro_se__what_the_4__bq7_1_92260.jpeg;https:\/\/images.novelship.com\/product\/_preschool__air_jordan_4_retro_se__what_the_4__bq7_2_92260.jpeg;https:\/\/images.novelship.com\/product\/_preschool__air_jordan_4_retro_se__what_the_4__bq7_3_92260.jpeg;https:\/\/images.novelship.com\/product\/_preschool__air_jordan_4_retro_se__what_the_4__bq7_4_92260.jpeg;https:\/\/images.novelship.com\/product\/_preschool__air_jordan_4_retro_se__what_the_4__bq7_5_92260.jpeg;https:\/\/images.novelship.com\/product\/_preschool__air_jordan_4_retro_se__what_the_4__bq7_6_92260.jpeg;https:\/\/images.novelship.com\/product\/_preschool__air_jordan_4_retro_se__what_the_4__bq7_7_92260.jpeg","contentUrl":"https:\/\/images.novelship.com\/product\/_preschool__air_jordan_4_retro_se__what_the_4__bq7_0_92260.jpeg;https:\/\/images.novelship.com\/product\/_preschool__air_jordan_4_retro_se__what_the_4__bq7_1_92260.jpeg;https:\/\/images.novelship.com\/product\/_preschool__air_jordan_4_retro_se__what_the_4__bq7_2_92260.jpeg;https:\/\/images.novelship.com\/product\/_preschool__air_jordan_4_retro_se__what_the_4__bq7_3_92260.jpeg;https:\/\/images.novelship.com\/product\/_preschool__air_jordan_4_retro_se__what_the_4__bq7_4_92260.jpeg;https:\/\/images.novelship.com\/product\/_preschool__air_jordan_4_retro_se__what_the_4__bq7_5_92260.jpeg;https:\/\/images.novelship.com\/product\/_preschool__air_jordan_4_retro_se__what_the_4__bq7_6_92260.jpeg;https:\/\/images.novelship.com\/product\/_preschool__air_jordan_4_retro_se__what_the_4__bq7_7_92260.jpeg"},{"@type":"BreadcrumbList","@id":"https:\/\/tourcruiser.com\/fr\/products\/preschool-air-jordan-4-retro-se-what-the-4-bq7669-146\/#breadcrumb","itemListElement":[{"@type":"ListItem","position":1,"name":"Home","item":"https:\/\/tourcruiser.com\/fr\/"},{"@type":"ListItem","position":2,"name":"Shop","item":"https:\/\/tourcruiser.com\/fr\/shop\/"},{"@type":"ListItem","position":3,"name":"(Preschool) Air Jordan 4 Retro SE &#8216;What The 4&#8217; BQ7669-146"}]},{"@type":"WebSite","@id":"\/#website","url":"\/","name":"Styloral Jewelry Shop","description":"Tourcruiser Sneaker Store \u2014 L\u2019endroit o\u00f9 l\u2019univers rencontre votre singularit\u00e9.","publisher":{"@id":"\/#organization"},"potentialAction":[{"@type":"SearchAction","target":{"@type":"EntryPoint","urlTemplate":"\/?s={search_term_string}"},"query-input":{"@type":"PropertyValueSpecification","valueRequired":true,"valueName":"search_term_string"}}],"inLanguage":"fr-FR"},{"@type":"Organization","@id":"\/#organization","name":"STYLORAL PTE. LTD","url":"\/","logo":{"@type":"ImageObject","inLanguage":"fr-FR","@id":"\/#\/schema\/logo\/image\/","url":"https:\/\/www.tourcruiser.com\/wp-content\/uploads\/2025\/12\/logo.png","contentUrl":"https:\/\/www.tourcruiser.com\/wp-content\/uploads\/2025\/12\/logo.png","width":200,"height":65,"caption":"STYLORAL PTE. LTD"},"image":{"@id":"\/#\/schema\/logo\/image\/"}}]}},"_links":{"self":[{"href":"https:\/\/tourcruiser.com\/fr\/wp-json\/wp\/v2\/product\/774438","targetHints":{"allow":["GET"]}}],"collection":[{"href":"https:\/\/tourcruiser.com\/fr\/wp-json\/wp\/v2\/product"}],"about":[{"href":"https:\/\/tourcruiser.com\/fr\/wp-json\/wp\/v2\/types\/product"}],"replies":[{"embeddable":true,"href":"https:\/\/tourcruiser.com\/fr\/wp-json\/wp\/v2\/comments?post=774438"}],"wp:featuredmedia":[{"embeddable":true,"href":"https:\/\/tourcruiser.com\/fr\/wp-json\/wp\/v2\/media\/774439"}],"wp:attachment":[{"href":"https:\/\/tourcruiser.com\/fr\/wp-json\/wp\/v2\/media?parent=774438"}],"wp:term":[{"taxonomy":"product_brand","embeddable":true,"href":"https:\/\/tourcruiser.com\/fr\/wp-json\/wp\/v2\/product_brand?post=774438"},{"taxonomy":"product_cat","embeddable":true,"href":"https:\/\/tourcruiser.com\/fr\/wp-json\/wp\/v2\/product_cat?post=774438"},{"taxonomy":"product_tag","embeddable":true,"href":"https:\/\/tourcruiser.com\/fr\/wp-json\/wp\/v2\/product_tag?post=774438"}],"curies":[{"name":"wp","href":"https:\/\/api.w.org\/{rel}","templated":true}]}}