{"id":774429,"date":"2026-04-16T17:16:35","date_gmt":"2026-04-16T10:16:35","guid":{"rendered":"http:\/\/tourcruiser.com\/product\/preschool-air-jordan-3-retro-og-2018-black-cement-429487-021"},"modified":"2026-04-17T23:08:14","modified_gmt":"2026-04-17T16:08:14","slug":"preschool-air-jordan-3-retro-og-2018-black-cement-429487-021","status":"publish","type":"product","link":"https:\/\/tourcruiser.com\/fr\/products\/preschool-air-jordan-3-retro-og-2018-black-cement-429487-021\/","title":{"rendered":"(Preschool) Air Jordan 3 Retro OG 2018 &lsquo;Black Cement&rsquo; 429487-021"},"content":{"rendered":"<p>D\u00e9couvrez un style intemporel pour votre enfant avec la Air Jordan 3 Retro OG 2018 \u00ab\u00a0Black Cement\u00a0\u00bb (429487-021) pour les tout-petits. Cette basket iconique, confectionn\u00e9e en cuir premium, arbore les coloris classiques noir, gris ciment et rouge feu. Confortable et r\u00e9sistante, elle est dot\u00e9e d&rsquo;une semelle amortissante et d&rsquo;une conception respirante, id\u00e9ale pour les enfants actifs. Que ce soit \u00e0 la r\u00e9cr\u00e9ation ou en balade, ces Air Jordans assureront \u00e0 votre enfant un look styl\u00e9 et un confort optimal.<\/p>\n<p>Coloris\u00a0: Noir\/Rouge feu-Gris ciment-Blanc<\/p>\n<p>Num\u00e9ro d&rsquo;article\u00a0: 429487-021<\/p>\n<p>Semelle interm\u00e9diaire\u00a0: Air<\/p>\n<p>Couleur\u00a0: Noir<\/p>\n<p>Cr\u00e9ateur\u00a0: Tinker Hatfield<\/p>\n<p>Saison\u00a0: Toute l&rsquo;ann\u00e9e<\/p>\n<p>Ann\u00e9e de sortie\u00a0: 2018<\/p>\n<p>\u00c2ge\u00a0: Adulte<\/p>\n<p>Couleur\u00a0: Blanc\/Bleu militaire-Rouge feu-Noir-Gris ciment<\/p>\n<p>Genre\u00a0: Pr\u00e9scolaire<\/p>\n","protected":false},"excerpt":{"rendered":"<p>D\u00e9couvrez un style intemporel pour votre enfant avec la Air Jordan 3 Retro OG 2018 \u00ab\u00a0Black Cement\u00a0\u00bb (429487-021) pour les tout-petits. Cette basket iconique, confectionn\u00e9e en cuir premium, arbore les coloris classiques noir, gris ciment et rouge feu. Confortable et r\u00e9sistante, elle est dot\u00e9e d&rsquo;une semelle amortissante et d&rsquo;une conception respirante, id\u00e9ale pour les enfants [&hellip;]<\/p>\n","protected":false},"featured_media":774430,"comment_status":"open","ping_status":"closed","template":"","meta":[],"product_brand":[],"product_cat":[38880],"product_tag":[10750,38917,38918,10776,10756],"class_list":{"0":"post-774429","1":"product","2":"type-product","3":"status-publish","4":"has-post-thumbnail","6":"product_cat-jordan","7":"product_tag-athleisure-shoes","8":"product_tag-casual-shoes-for-children","9":"product_tag-children-s-sneakers","10":"product_tag-jordan","11":"product_tag-retro-casual-shoes","13":"first","14":"instock","15":"taxable","16":"shipping-taxable","17":"purchasable","18":"product-type-simple"},"wcpa_form_fields":null,"yoast_head":"<!-- This site is optimized with the Yoast SEO plugin v26.5 - https:\/\/yoast.com\/wordpress\/plugins\/seo\/ -->\n<title>(Preschool) Air Jordan 3 Retro OG 2018 &#039;Black Cement&#039; 429487-021 - TOURCRUISER PTE. LTD<\/title>\n<meta name=\"robots\" content=\"index, follow, max-snippet:-1, max-image-preview:large, max-video-preview:-1\" \/>\n<link rel=\"canonical\" href=\"https:\/\/tourcruiser.com\/fr\/products\/preschool-air-jordan-3-retro-og-2018-black-cement-429487-021\/\" \/>\n<meta property=\"og:locale\" content=\"fr_FR\" \/>\n<meta property=\"og:type\" content=\"article\" \/>\n<meta property=\"og:title\" content=\"(Preschool) Air Jordan 3 Retro OG 2018 &#039;Black Cement&#039; 429487-021 - TOURCRUISER PTE. LTD\" \/>\n<meta property=\"og:description\" content=\"D\u00e9couvrez un style intemporel pour votre enfant avec la Air Jordan 3 Retro OG 2018 \u00ab\u00a0Black Cement\u00a0\u00bb (429487-021) pour les tout-petits. Cette basket iconique, confectionn\u00e9e en cuir premium, arbore les coloris classiques noir, gris ciment et rouge feu. Confortable et r\u00e9sistante, elle est dot\u00e9e d&rsquo;une semelle amortissante et d&rsquo;une conception respirante, id\u00e9ale pour les enfants [&hellip;]\" \/>\n<meta property=\"og:url\" content=\"https:\/\/tourcruiser.com\/fr\/products\/preschool-air-jordan-3-retro-og-2018-black-cement-429487-021\/\" \/>\n<meta property=\"og:site_name\" content=\"Tourcruiser Sneaker Store\" \/>\n<meta property=\"article:modified_time\" content=\"2026-04-17T16:08:14+00:00\" \/>\n<meta name=\"twitter:card\" content=\"summary_large_image\" \/>\n<meta name=\"twitter:image\" content=\"https:\/\/images.novelship.com\/product\/_preschool__air_jordan_3_retro_og_2018__black_ceme_0_42520.jpeg;https:\/\/images.novelship.com\/product\/_preschool__air_jordan_3_retro_og_2018__black_ceme_1_42520.jpeg;https:\/\/images.novelship.com\/product\/_preschool__air_jordan_3_retro_og_2018__black_ceme_2_42520.jpeg;https:\/\/images.novelship.com\/product\/_preschool__air_jordan_3_retro_og_2018__black_ceme_3_42520.jpeg;https:\/\/images.novelship.com\/product\/_preschool__air_jordan_3_retro_og_2018__black_ceme_4_42520.jpeg;https:\/\/images.novelship.com\/product\/_preschool__air_jordan_3_retro_og_2018__black_ceme_5_42520.jpeg;https:\/\/images.novelship.com\/product\/_preschool__air_jordan_3_retro_og_2018__black_ceme_6_42520.jpeg;https:\/\/images.novelship.com\/product\/_preschool__air_jordan_3_retro_og_2018__black_ceme_7_42520.jpeg\" \/>\n<meta name=\"twitter:label1\" content=\"Dur\u00e9e de lecture estim\u00e9e\" \/>\n\t<meta name=\"twitter:data1\" content=\"1 minute\" \/>\n<script type=\"application\/ld+json\" class=\"yoast-schema-graph\">{\"@context\":\"https:\/\/schema.org\",\"@graph\":[{\"@type\":\"WebPage\",\"@id\":\"https:\/\/tourcruiser.com\/fr\/products\/preschool-air-jordan-3-retro-og-2018-black-cement-429487-021\/\",\"url\":\"https:\/\/tourcruiser.com\/fr\/products\/preschool-air-jordan-3-retro-og-2018-black-cement-429487-021\/\",\"name\":\"(Preschool) Air Jordan 3 Retro OG 2018 'Black Cement' 429487-021 - TOURCRUISER PTE. LTD\",\"isPartOf\":{\"@id\":\"\/#website\"},\"primaryImageOfPage\":{\"@id\":\"https:\/\/tourcruiser.com\/fr\/products\/preschool-air-jordan-3-retro-og-2018-black-cement-429487-021\/#primaryimage\"},\"image\":{\"@id\":\"https:\/\/tourcruiser.com\/fr\/products\/preschool-air-jordan-3-retro-og-2018-black-cement-429487-021\/#primaryimage\"},\"thumbnailUrl\":\"https:\/\/images.novelship.com\/product\/_preschool__air_jordan_3_retro_og_2018__black_ceme_0_42520.jpeg;https:\/\/images.novelship.com\/product\/_preschool__air_jordan_3_retro_og_2018__black_ceme_1_42520.jpeg;https:\/\/images.novelship.com\/product\/_preschool__air_jordan_3_retro_og_2018__black_ceme_2_42520.jpeg;https:\/\/images.novelship.com\/product\/_preschool__air_jordan_3_retro_og_2018__black_ceme_3_42520.jpeg;https:\/\/images.novelship.com\/product\/_preschool__air_jordan_3_retro_og_2018__black_ceme_4_42520.jpeg;https:\/\/images.novelship.com\/product\/_preschool__air_jordan_3_retro_og_2018__black_ceme_5_42520.jpeg;https:\/\/images.novelship.com\/product\/_preschool__air_jordan_3_retro_og_2018__black_ceme_6_42520.jpeg;https:\/\/images.novelship.com\/product\/_preschool__air_jordan_3_retro_og_2018__black_ceme_7_42520.jpeg\",\"datePublished\":\"2026-04-16T10:16:35+00:00\",\"dateModified\":\"2026-04-17T16:08:14+00:00\",\"breadcrumb\":{\"@id\":\"https:\/\/tourcruiser.com\/fr\/products\/preschool-air-jordan-3-retro-og-2018-black-cement-429487-021\/#breadcrumb\"},\"inLanguage\":\"fr-FR\",\"potentialAction\":[{\"@type\":\"ReadAction\",\"target\":[\"https:\/\/tourcruiser.com\/fr\/products\/preschool-air-jordan-3-retro-og-2018-black-cement-429487-021\/\"]}]},{\"@type\":\"ImageObject\",\"inLanguage\":\"fr-FR\",\"@id\":\"https:\/\/tourcruiser.com\/fr\/products\/preschool-air-jordan-3-retro-og-2018-black-cement-429487-021\/#primaryimage\",\"url\":\"https:\/\/images.novelship.com\/product\/_preschool__air_jordan_3_retro_og_2018__black_ceme_0_42520.jpeg;https:\/\/images.novelship.com\/product\/_preschool__air_jordan_3_retro_og_2018__black_ceme_1_42520.jpeg;https:\/\/images.novelship.com\/product\/_preschool__air_jordan_3_retro_og_2018__black_ceme_2_42520.jpeg;https:\/\/images.novelship.com\/product\/_preschool__air_jordan_3_retro_og_2018__black_ceme_3_42520.jpeg;https:\/\/images.novelship.com\/product\/_preschool__air_jordan_3_retro_og_2018__black_ceme_4_42520.jpeg;https:\/\/images.novelship.com\/product\/_preschool__air_jordan_3_retro_og_2018__black_ceme_5_42520.jpeg;https:\/\/images.novelship.com\/product\/_preschool__air_jordan_3_retro_og_2018__black_ceme_6_42520.jpeg;https:\/\/images.novelship.com\/product\/_preschool__air_jordan_3_retro_og_2018__black_ceme_7_42520.jpeg\",\"contentUrl\":\"https:\/\/images.novelship.com\/product\/_preschool__air_jordan_3_retro_og_2018__black_ceme_0_42520.jpeg;https:\/\/images.novelship.com\/product\/_preschool__air_jordan_3_retro_og_2018__black_ceme_1_42520.jpeg;https:\/\/images.novelship.com\/product\/_preschool__air_jordan_3_retro_og_2018__black_ceme_2_42520.jpeg;https:\/\/images.novelship.com\/product\/_preschool__air_jordan_3_retro_og_2018__black_ceme_3_42520.jpeg;https:\/\/images.novelship.com\/product\/_preschool__air_jordan_3_retro_og_2018__black_ceme_4_42520.jpeg;https:\/\/images.novelship.com\/product\/_preschool__air_jordan_3_retro_og_2018__black_ceme_5_42520.jpeg;https:\/\/images.novelship.com\/product\/_preschool__air_jordan_3_retro_og_2018__black_ceme_6_42520.jpeg;https:\/\/images.novelship.com\/product\/_preschool__air_jordan_3_retro_og_2018__black_ceme_7_42520.jpeg\"},{\"@type\":\"BreadcrumbList\",\"@id\":\"https:\/\/tourcruiser.com\/fr\/products\/preschool-air-jordan-3-retro-og-2018-black-cement-429487-021\/#breadcrumb\",\"itemListElement\":[{\"@type\":\"ListItem\",\"position\":1,\"name\":\"Home\",\"item\":\"https:\/\/tourcruiser.com\/fr\/\"},{\"@type\":\"ListItem\",\"position\":2,\"name\":\"Shop\",\"item\":\"https:\/\/tourcruiser.com\/fr\/shop\/\"},{\"@type\":\"ListItem\",\"position\":3,\"name\":\"(Preschool) Air Jordan 3 Retro OG 2018 &#8216;Black Cement&#8217; 429487-021\"}]},{\"@type\":\"WebSite\",\"@id\":\"\/#website\",\"url\":\"\/\",\"name\":\"Styloral Jewelry Shop\",\"description\":\"Tourcruiser Sneaker Store \u2014 L\u2019endroit o\u00f9 l\u2019univers rencontre votre singularit\u00e9.\",\"publisher\":{\"@id\":\"\/#organization\"},\"potentialAction\":[{\"@type\":\"SearchAction\",\"target\":{\"@type\":\"EntryPoint\",\"urlTemplate\":\"\/?s={search_term_string}\"},\"query-input\":{\"@type\":\"PropertyValueSpecification\",\"valueRequired\":true,\"valueName\":\"search_term_string\"}}],\"inLanguage\":\"fr-FR\"},{\"@type\":\"Organization\",\"@id\":\"\/#organization\",\"name\":\"STYLORAL PTE. LTD\",\"url\":\"\/\",\"logo\":{\"@type\":\"ImageObject\",\"inLanguage\":\"fr-FR\",\"@id\":\"\/#\/schema\/logo\/image\/\",\"url\":\"https:\/\/www.tourcruiser.com\/wp-content\/uploads\/2025\/12\/logo.png\",\"contentUrl\":\"https:\/\/www.tourcruiser.com\/wp-content\/uploads\/2025\/12\/logo.png\",\"width\":200,\"height\":65,\"caption\":\"STYLORAL PTE. LTD\"},\"image\":{\"@id\":\"\/#\/schema\/logo\/image\/\"}}]}<\/script>\n<!-- \/ Yoast SEO plugin. -->","yoast_head_json":{"title":"(Preschool) Air Jordan 3 Retro OG 2018 'Black Cement' 429487-021 - TOURCRUISER PTE. LTD","robots":{"index":"index","follow":"follow","max-snippet":"max-snippet:-1","max-image-preview":"max-image-preview:large","max-video-preview":"max-video-preview:-1"},"canonical":"https:\/\/tourcruiser.com\/fr\/products\/preschool-air-jordan-3-retro-og-2018-black-cement-429487-021\/","og_locale":"fr_FR","og_type":"article","og_title":"(Preschool) Air Jordan 3 Retro OG 2018 'Black Cement' 429487-021 - TOURCRUISER PTE. LTD","og_description":"D\u00e9couvrez un style intemporel pour votre enfant avec la Air Jordan 3 Retro OG 2018 \u00ab\u00a0Black Cement\u00a0\u00bb (429487-021) pour les tout-petits. Cette basket iconique, confectionn\u00e9e en cuir premium, arbore les coloris classiques noir, gris ciment et rouge feu. Confortable et r\u00e9sistante, elle est dot\u00e9e d&rsquo;une semelle amortissante et d&rsquo;une conception respirante, id\u00e9ale pour les enfants [&hellip;]","og_url":"https:\/\/tourcruiser.com\/fr\/products\/preschool-air-jordan-3-retro-og-2018-black-cement-429487-021\/","og_site_name":"Tourcruiser Sneaker Store","article_modified_time":"2026-04-17T16:08:14+00:00","twitter_card":"summary_large_image","twitter_image":"https:\/\/images.novelship.com\/product\/_preschool__air_jordan_3_retro_og_2018__black_ceme_0_42520.jpeg;https:\/\/images.novelship.com\/product\/_preschool__air_jordan_3_retro_og_2018__black_ceme_1_42520.jpeg;https:\/\/images.novelship.com\/product\/_preschool__air_jordan_3_retro_og_2018__black_ceme_2_42520.jpeg;https:\/\/images.novelship.com\/product\/_preschool__air_jordan_3_retro_og_2018__black_ceme_3_42520.jpeg;https:\/\/images.novelship.com\/product\/_preschool__air_jordan_3_retro_og_2018__black_ceme_4_42520.jpeg;https:\/\/images.novelship.com\/product\/_preschool__air_jordan_3_retro_og_2018__black_ceme_5_42520.jpeg;https:\/\/images.novelship.com\/product\/_preschool__air_jordan_3_retro_og_2018__black_ceme_6_42520.jpeg;https:\/\/images.novelship.com\/product\/_preschool__air_jordan_3_retro_og_2018__black_ceme_7_42520.jpeg","twitter_misc":{"Dur\u00e9e de lecture estim\u00e9e":"1 minute"},"schema":{"@context":"https:\/\/schema.org","@graph":[{"@type":"WebPage","@id":"https:\/\/tourcruiser.com\/fr\/products\/preschool-air-jordan-3-retro-og-2018-black-cement-429487-021\/","url":"https:\/\/tourcruiser.com\/fr\/products\/preschool-air-jordan-3-retro-og-2018-black-cement-429487-021\/","name":"(Preschool) Air Jordan 3 Retro OG 2018 'Black Cement' 429487-021 - TOURCRUISER PTE. LTD","isPartOf":{"@id":"\/#website"},"primaryImageOfPage":{"@id":"https:\/\/tourcruiser.com\/fr\/products\/preschool-air-jordan-3-retro-og-2018-black-cement-429487-021\/#primaryimage"},"image":{"@id":"https:\/\/tourcruiser.com\/fr\/products\/preschool-air-jordan-3-retro-og-2018-black-cement-429487-021\/#primaryimage"},"thumbnailUrl":"https:\/\/images.novelship.com\/product\/_preschool__air_jordan_3_retro_og_2018__black_ceme_0_42520.jpeg;https:\/\/images.novelship.com\/product\/_preschool__air_jordan_3_retro_og_2018__black_ceme_1_42520.jpeg;https:\/\/images.novelship.com\/product\/_preschool__air_jordan_3_retro_og_2018__black_ceme_2_42520.jpeg;https:\/\/images.novelship.com\/product\/_preschool__air_jordan_3_retro_og_2018__black_ceme_3_42520.jpeg;https:\/\/images.novelship.com\/product\/_preschool__air_jordan_3_retro_og_2018__black_ceme_4_42520.jpeg;https:\/\/images.novelship.com\/product\/_preschool__air_jordan_3_retro_og_2018__black_ceme_5_42520.jpeg;https:\/\/images.novelship.com\/product\/_preschool__air_jordan_3_retro_og_2018__black_ceme_6_42520.jpeg;https:\/\/images.novelship.com\/product\/_preschool__air_jordan_3_retro_og_2018__black_ceme_7_42520.jpeg","datePublished":"2026-04-16T10:16:35+00:00","dateModified":"2026-04-17T16:08:14+00:00","breadcrumb":{"@id":"https:\/\/tourcruiser.com\/fr\/products\/preschool-air-jordan-3-retro-og-2018-black-cement-429487-021\/#breadcrumb"},"inLanguage":"fr-FR","potentialAction":[{"@type":"ReadAction","target":["https:\/\/tourcruiser.com\/fr\/products\/preschool-air-jordan-3-retro-og-2018-black-cement-429487-021\/"]}]},{"@type":"ImageObject","inLanguage":"fr-FR","@id":"https:\/\/tourcruiser.com\/fr\/products\/preschool-air-jordan-3-retro-og-2018-black-cement-429487-021\/#primaryimage","url":"https:\/\/images.novelship.com\/product\/_preschool__air_jordan_3_retro_og_2018__black_ceme_0_42520.jpeg;https:\/\/images.novelship.com\/product\/_preschool__air_jordan_3_retro_og_2018__black_ceme_1_42520.jpeg;https:\/\/images.novelship.com\/product\/_preschool__air_jordan_3_retro_og_2018__black_ceme_2_42520.jpeg;https:\/\/images.novelship.com\/product\/_preschool__air_jordan_3_retro_og_2018__black_ceme_3_42520.jpeg;https:\/\/images.novelship.com\/product\/_preschool__air_jordan_3_retro_og_2018__black_ceme_4_42520.jpeg;https:\/\/images.novelship.com\/product\/_preschool__air_jordan_3_retro_og_2018__black_ceme_5_42520.jpeg;https:\/\/images.novelship.com\/product\/_preschool__air_jordan_3_retro_og_2018__black_ceme_6_42520.jpeg;https:\/\/images.novelship.com\/product\/_preschool__air_jordan_3_retro_og_2018__black_ceme_7_42520.jpeg","contentUrl":"https:\/\/images.novelship.com\/product\/_preschool__air_jordan_3_retro_og_2018__black_ceme_0_42520.jpeg;https:\/\/images.novelship.com\/product\/_preschool__air_jordan_3_retro_og_2018__black_ceme_1_42520.jpeg;https:\/\/images.novelship.com\/product\/_preschool__air_jordan_3_retro_og_2018__black_ceme_2_42520.jpeg;https:\/\/images.novelship.com\/product\/_preschool__air_jordan_3_retro_og_2018__black_ceme_3_42520.jpeg;https:\/\/images.novelship.com\/product\/_preschool__air_jordan_3_retro_og_2018__black_ceme_4_42520.jpeg;https:\/\/images.novelship.com\/product\/_preschool__air_jordan_3_retro_og_2018__black_ceme_5_42520.jpeg;https:\/\/images.novelship.com\/product\/_preschool__air_jordan_3_retro_og_2018__black_ceme_6_42520.jpeg;https:\/\/images.novelship.com\/product\/_preschool__air_jordan_3_retro_og_2018__black_ceme_7_42520.jpeg"},{"@type":"BreadcrumbList","@id":"https:\/\/tourcruiser.com\/fr\/products\/preschool-air-jordan-3-retro-og-2018-black-cement-429487-021\/#breadcrumb","itemListElement":[{"@type":"ListItem","position":1,"name":"Home","item":"https:\/\/tourcruiser.com\/fr\/"},{"@type":"ListItem","position":2,"name":"Shop","item":"https:\/\/tourcruiser.com\/fr\/shop\/"},{"@type":"ListItem","position":3,"name":"(Preschool) Air Jordan 3 Retro OG 2018 &#8216;Black Cement&#8217; 429487-021"}]},{"@type":"WebSite","@id":"\/#website","url":"\/","name":"Styloral Jewelry Shop","description":"Tourcruiser Sneaker Store \u2014 L\u2019endroit o\u00f9 l\u2019univers rencontre votre singularit\u00e9.","publisher":{"@id":"\/#organization"},"potentialAction":[{"@type":"SearchAction","target":{"@type":"EntryPoint","urlTemplate":"\/?s={search_term_string}"},"query-input":{"@type":"PropertyValueSpecification","valueRequired":true,"valueName":"search_term_string"}}],"inLanguage":"fr-FR"},{"@type":"Organization","@id":"\/#organization","name":"STYLORAL PTE. LTD","url":"\/","logo":{"@type":"ImageObject","inLanguage":"fr-FR","@id":"\/#\/schema\/logo\/image\/","url":"https:\/\/www.tourcruiser.com\/wp-content\/uploads\/2025\/12\/logo.png","contentUrl":"https:\/\/www.tourcruiser.com\/wp-content\/uploads\/2025\/12\/logo.png","width":200,"height":65,"caption":"STYLORAL PTE. LTD"},"image":{"@id":"\/#\/schema\/logo\/image\/"}}]}},"_links":{"self":[{"href":"https:\/\/tourcruiser.com\/fr\/wp-json\/wp\/v2\/product\/774429","targetHints":{"allow":["GET"]}}],"collection":[{"href":"https:\/\/tourcruiser.com\/fr\/wp-json\/wp\/v2\/product"}],"about":[{"href":"https:\/\/tourcruiser.com\/fr\/wp-json\/wp\/v2\/types\/product"}],"replies":[{"embeddable":true,"href":"https:\/\/tourcruiser.com\/fr\/wp-json\/wp\/v2\/comments?post=774429"}],"wp:featuredmedia":[{"embeddable":true,"href":"https:\/\/tourcruiser.com\/fr\/wp-json\/wp\/v2\/media\/774430"}],"wp:attachment":[{"href":"https:\/\/tourcruiser.com\/fr\/wp-json\/wp\/v2\/media?parent=774429"}],"wp:term":[{"taxonomy":"product_brand","embeddable":true,"href":"https:\/\/tourcruiser.com\/fr\/wp-json\/wp\/v2\/product_brand?post=774429"},{"taxonomy":"product_cat","embeddable":true,"href":"https:\/\/tourcruiser.com\/fr\/wp-json\/wp\/v2\/product_cat?post=774429"},{"taxonomy":"product_tag","embeddable":true,"href":"https:\/\/tourcruiser.com\/fr\/wp-json\/wp\/v2\/product_tag?post=774429"}],"curies":[{"name":"wp","href":"https:\/\/api.w.org\/{rel}","templated":true}]}}