{"id":774420,"date":"2026-04-16T17:16:35","date_gmt":"2026-04-16T10:16:35","guid":{"rendered":"http:\/\/tourcruiser.com\/product\/grade-school-air-jordan-1-mid-red-mint-bq6931-100"},"modified":"2026-04-17T23:08:14","modified_gmt":"2026-04-17T16:08:14","slug":"grade-school-air-jordan-1-mid-red-mint-bq6931-100","status":"publish","type":"product","link":"https:\/\/tourcruiser.com\/fr\/products\/grade-school-air-jordan-1-mid-red-mint-bq6931-100\/","title":{"rendered":"(Grade School) Air Jordan 1 Mid &lsquo;Red Mint&rsquo; BQ6931-100"},"content":{"rendered":"<p>La Air Jordan 1 Mid Red Mint (GS) de Jordan est une sneaker turquoise \u00e9clatante, id\u00e9ale pour les jeunes. Ce mod\u00e8le iconique allie le style Jordan classique \u00e0 une touche de modernit\u00e9, avec sa tige mi-montante et ses accents rouges audacieux. Parfaites pour les jeunes passionn\u00e9s de sneakers qui veulent se d\u00e9marquer sur le terrain comme dans la rue, ces Air Jordan sont un incontournable de toute collection.<\/p>\n<p>Coloris : Blanc\/Noir-Rouge-Vert<\/p>\n<p>Code article : BQ6931-100<\/p>\n<p>Tige : Cuir<\/p>\n<p>Semelle interm\u00e9diaire : Air<\/p>\n<p>Couleur : Noir<\/p>\n<p>Designer : Peter Moore<\/p>\n<p>Saison : \u00c9t\u00e9<\/p>\n<p>Ann\u00e9e de sortie : 2020<\/p>\n<p>\u00c2ge : Adulte<\/p>\n<p>Couleur : Noir\/Rouge Feu-Gris Ciment-Blanc<\/p>\n<p>Genre : Jeune<\/p>\n","protected":false},"excerpt":{"rendered":"<p>La Air Jordan 1 Mid Red Mint (GS) de Jordan est une sneaker turquoise \u00e9clatante, id\u00e9ale pour les jeunes. Ce mod\u00e8le iconique allie le style Jordan classique \u00e0 une touche de modernit\u00e9, avec sa tige mi-montante et ses accents rouges audacieux. Parfaites pour les jeunes passionn\u00e9s de sneakers qui veulent se d\u00e9marquer sur le terrain [&hellip;]<\/p>\n","protected":false},"featured_media":774421,"comment_status":"open","ping_status":"closed","template":"","meta":[],"product_brand":[],"product_cat":[38880],"product_tag":[10750,38855,38988,10776,11349,38875,10756,39039,38902,38936],"class_list":{"0":"post-774420","1":"product","2":"type-product","3":"status-publish","4":"has-post-thumbnail","6":"product_cat-jordan","7":"product_tag-athleisure-shoes","8":"product_tag-below-the-regular-retail-price","9":"product_tag-casual-shoes-for-kids","10":"product_tag-jordan","11":"product_tag-jordan-basketball-shoes","12":"product_tag-jordan-skateboard-shoes","13":"product_tag-retro-casual-shoes","14":"product_tag-sneakers-for-kids","15":"product_tag-trendy-offers","16":"product_tag-trendy-offers-under-a-150","18":"first","19":"instock","20":"taxable","21":"shipping-taxable","22":"purchasable","23":"product-type-simple"},"wcpa_form_fields":null,"yoast_head":"<!-- This site is optimized with the Yoast SEO plugin v26.5 - https:\/\/yoast.com\/wordpress\/plugins\/seo\/ -->\n<title>(Grade School) Air Jordan 1 Mid &#039;Red Mint&#039; BQ6931-100 - TOURCRUISER PTE. LTD<\/title>\n<meta name=\"robots\" content=\"index, follow, max-snippet:-1, max-image-preview:large, max-video-preview:-1\" \/>\n<link rel=\"canonical\" href=\"https:\/\/tourcruiser.com\/fr\/products\/grade-school-air-jordan-1-mid-red-mint-bq6931-100\/\" \/>\n<meta property=\"og:locale\" content=\"fr_FR\" \/>\n<meta property=\"og:type\" content=\"article\" \/>\n<meta property=\"og:title\" content=\"(Grade School) Air Jordan 1 Mid &#039;Red Mint&#039; BQ6931-100 - TOURCRUISER PTE. LTD\" \/>\n<meta property=\"og:description\" content=\"La Air Jordan 1 Mid Red Mint (GS) de Jordan est une sneaker turquoise \u00e9clatante, id\u00e9ale pour les jeunes. Ce mod\u00e8le iconique allie le style Jordan classique \u00e0 une touche de modernit\u00e9, avec sa tige mi-montante et ses accents rouges audacieux. Parfaites pour les jeunes passionn\u00e9s de sneakers qui veulent se d\u00e9marquer sur le terrain [&hellip;]\" \/>\n<meta property=\"og:url\" content=\"https:\/\/tourcruiser.com\/fr\/products\/grade-school-air-jordan-1-mid-red-mint-bq6931-100\/\" \/>\n<meta property=\"og:site_name\" content=\"Tourcruiser Sneaker Store\" \/>\n<meta property=\"article:modified_time\" content=\"2026-04-17T16:08:14+00:00\" \/>\n<meta name=\"twitter:card\" content=\"summary_large_image\" \/>\n<meta name=\"twitter:image\" content=\"https:\/\/images.novelship.com\/product\/_grade_school__air_jordan_1_mid__red_mint__bq6931__0_62883.jpeg;https:\/\/images.novelship.com\/product\/_grade_school__air_jordan_1_mid__red_mint__bq6931__1_62883.jpeg;https:\/\/images.novelship.com\/product\/_grade_school__air_jordan_1_mid__red_mint__bq6931__2_62883.jpeg;https:\/\/images.novelship.com\/product\/_grade_school__air_jordan_1_mid__red_mint__bq6931__3_62883.jpeg;https:\/\/images.novelship.com\/product\/_grade_school__air_jordan_1_mid__red_mint__bq6931__4_62883.jpeg;https:\/\/images.novelship.com\/product\/_grade_school__air_jordan_1_mid__red_mint__bq6931__5_62883.jpeg;https:\/\/images.novelship.com\/product\/_grade_school__air_jordan_1_mid__red_mint__bq6931__6_62883.jpeg;https:\/\/images.novelship.com\/product\/_grade_school__air_jordan_1_mid__red_mint__bq6931__7_62883.jpeg\" \/>\n<meta name=\"twitter:label1\" content=\"Dur\u00e9e de lecture estim\u00e9e\" \/>\n\t<meta name=\"twitter:data1\" content=\"1 minute\" \/>\n<script type=\"application\/ld+json\" class=\"yoast-schema-graph\">{\"@context\":\"https:\/\/schema.org\",\"@graph\":[{\"@type\":\"WebPage\",\"@id\":\"https:\/\/tourcruiser.com\/fr\/products\/grade-school-air-jordan-1-mid-red-mint-bq6931-100\/\",\"url\":\"https:\/\/tourcruiser.com\/fr\/products\/grade-school-air-jordan-1-mid-red-mint-bq6931-100\/\",\"name\":\"(Grade School) Air Jordan 1 Mid 'Red Mint' BQ6931-100 - TOURCRUISER PTE. LTD\",\"isPartOf\":{\"@id\":\"\/#website\"},\"primaryImageOfPage\":{\"@id\":\"https:\/\/tourcruiser.com\/fr\/products\/grade-school-air-jordan-1-mid-red-mint-bq6931-100\/#primaryimage\"},\"image\":{\"@id\":\"https:\/\/tourcruiser.com\/fr\/products\/grade-school-air-jordan-1-mid-red-mint-bq6931-100\/#primaryimage\"},\"thumbnailUrl\":\"https:\/\/images.novelship.com\/product\/_grade_school__air_jordan_1_mid__red_mint__bq6931__0_62883.jpeg;https:\/\/images.novelship.com\/product\/_grade_school__air_jordan_1_mid__red_mint__bq6931__1_62883.jpeg;https:\/\/images.novelship.com\/product\/_grade_school__air_jordan_1_mid__red_mint__bq6931__2_62883.jpeg;https:\/\/images.novelship.com\/product\/_grade_school__air_jordan_1_mid__red_mint__bq6931__3_62883.jpeg;https:\/\/images.novelship.com\/product\/_grade_school__air_jordan_1_mid__red_mint__bq6931__4_62883.jpeg;https:\/\/images.novelship.com\/product\/_grade_school__air_jordan_1_mid__red_mint__bq6931__5_62883.jpeg;https:\/\/images.novelship.com\/product\/_grade_school__air_jordan_1_mid__red_mint__bq6931__6_62883.jpeg;https:\/\/images.novelship.com\/product\/_grade_school__air_jordan_1_mid__red_mint__bq6931__7_62883.jpeg\",\"datePublished\":\"2026-04-16T10:16:35+00:00\",\"dateModified\":\"2026-04-17T16:08:14+00:00\",\"breadcrumb\":{\"@id\":\"https:\/\/tourcruiser.com\/fr\/products\/grade-school-air-jordan-1-mid-red-mint-bq6931-100\/#breadcrumb\"},\"inLanguage\":\"fr-FR\",\"potentialAction\":[{\"@type\":\"ReadAction\",\"target\":[\"https:\/\/tourcruiser.com\/fr\/products\/grade-school-air-jordan-1-mid-red-mint-bq6931-100\/\"]}]},{\"@type\":\"ImageObject\",\"inLanguage\":\"fr-FR\",\"@id\":\"https:\/\/tourcruiser.com\/fr\/products\/grade-school-air-jordan-1-mid-red-mint-bq6931-100\/#primaryimage\",\"url\":\"https:\/\/images.novelship.com\/product\/_grade_school__air_jordan_1_mid__red_mint__bq6931__0_62883.jpeg;https:\/\/images.novelship.com\/product\/_grade_school__air_jordan_1_mid__red_mint__bq6931__1_62883.jpeg;https:\/\/images.novelship.com\/product\/_grade_school__air_jordan_1_mid__red_mint__bq6931__2_62883.jpeg;https:\/\/images.novelship.com\/product\/_grade_school__air_jordan_1_mid__red_mint__bq6931__3_62883.jpeg;https:\/\/images.novelship.com\/product\/_grade_school__air_jordan_1_mid__red_mint__bq6931__4_62883.jpeg;https:\/\/images.novelship.com\/product\/_grade_school__air_jordan_1_mid__red_mint__bq6931__5_62883.jpeg;https:\/\/images.novelship.com\/product\/_grade_school__air_jordan_1_mid__red_mint__bq6931__6_62883.jpeg;https:\/\/images.novelship.com\/product\/_grade_school__air_jordan_1_mid__red_mint__bq6931__7_62883.jpeg\",\"contentUrl\":\"https:\/\/images.novelship.com\/product\/_grade_school__air_jordan_1_mid__red_mint__bq6931__0_62883.jpeg;https:\/\/images.novelship.com\/product\/_grade_school__air_jordan_1_mid__red_mint__bq6931__1_62883.jpeg;https:\/\/images.novelship.com\/product\/_grade_school__air_jordan_1_mid__red_mint__bq6931__2_62883.jpeg;https:\/\/images.novelship.com\/product\/_grade_school__air_jordan_1_mid__red_mint__bq6931__3_62883.jpeg;https:\/\/images.novelship.com\/product\/_grade_school__air_jordan_1_mid__red_mint__bq6931__4_62883.jpeg;https:\/\/images.novelship.com\/product\/_grade_school__air_jordan_1_mid__red_mint__bq6931__5_62883.jpeg;https:\/\/images.novelship.com\/product\/_grade_school__air_jordan_1_mid__red_mint__bq6931__6_62883.jpeg;https:\/\/images.novelship.com\/product\/_grade_school__air_jordan_1_mid__red_mint__bq6931__7_62883.jpeg\"},{\"@type\":\"BreadcrumbList\",\"@id\":\"https:\/\/tourcruiser.com\/fr\/products\/grade-school-air-jordan-1-mid-red-mint-bq6931-100\/#breadcrumb\",\"itemListElement\":[{\"@type\":\"ListItem\",\"position\":1,\"name\":\"Home\",\"item\":\"https:\/\/tourcruiser.com\/fr\/\"},{\"@type\":\"ListItem\",\"position\":2,\"name\":\"Shop\",\"item\":\"https:\/\/tourcruiser.com\/fr\/shop\/\"},{\"@type\":\"ListItem\",\"position\":3,\"name\":\"(Grade School) Air Jordan 1 Mid &#8216;Red Mint&#8217; BQ6931-100\"}]},{\"@type\":\"WebSite\",\"@id\":\"\/#website\",\"url\":\"\/\",\"name\":\"Styloral Jewelry Shop\",\"description\":\"Tourcruiser Sneaker Store \u2014 L\u2019endroit o\u00f9 l\u2019univers rencontre votre singularit\u00e9.\",\"publisher\":{\"@id\":\"\/#organization\"},\"potentialAction\":[{\"@type\":\"SearchAction\",\"target\":{\"@type\":\"EntryPoint\",\"urlTemplate\":\"\/?s={search_term_string}\"},\"query-input\":{\"@type\":\"PropertyValueSpecification\",\"valueRequired\":true,\"valueName\":\"search_term_string\"}}],\"inLanguage\":\"fr-FR\"},{\"@type\":\"Organization\",\"@id\":\"\/#organization\",\"name\":\"STYLORAL PTE. LTD\",\"url\":\"\/\",\"logo\":{\"@type\":\"ImageObject\",\"inLanguage\":\"fr-FR\",\"@id\":\"\/#\/schema\/logo\/image\/\",\"url\":\"https:\/\/www.tourcruiser.com\/wp-content\/uploads\/2025\/12\/logo.png\",\"contentUrl\":\"https:\/\/www.tourcruiser.com\/wp-content\/uploads\/2025\/12\/logo.png\",\"width\":200,\"height\":65,\"caption\":\"STYLORAL PTE. LTD\"},\"image\":{\"@id\":\"\/#\/schema\/logo\/image\/\"}}]}<\/script>\n<!-- \/ Yoast SEO plugin. -->","yoast_head_json":{"title":"(Grade School) Air Jordan 1 Mid 'Red Mint' BQ6931-100 - TOURCRUISER PTE. LTD","robots":{"index":"index","follow":"follow","max-snippet":"max-snippet:-1","max-image-preview":"max-image-preview:large","max-video-preview":"max-video-preview:-1"},"canonical":"https:\/\/tourcruiser.com\/fr\/products\/grade-school-air-jordan-1-mid-red-mint-bq6931-100\/","og_locale":"fr_FR","og_type":"article","og_title":"(Grade School) Air Jordan 1 Mid 'Red Mint' BQ6931-100 - TOURCRUISER PTE. LTD","og_description":"La Air Jordan 1 Mid Red Mint (GS) de Jordan est une sneaker turquoise \u00e9clatante, id\u00e9ale pour les jeunes. Ce mod\u00e8le iconique allie le style Jordan classique \u00e0 une touche de modernit\u00e9, avec sa tige mi-montante et ses accents rouges audacieux. Parfaites pour les jeunes passionn\u00e9s de sneakers qui veulent se d\u00e9marquer sur le terrain [&hellip;]","og_url":"https:\/\/tourcruiser.com\/fr\/products\/grade-school-air-jordan-1-mid-red-mint-bq6931-100\/","og_site_name":"Tourcruiser Sneaker Store","article_modified_time":"2026-04-17T16:08:14+00:00","twitter_card":"summary_large_image","twitter_image":"https:\/\/images.novelship.com\/product\/_grade_school__air_jordan_1_mid__red_mint__bq6931__0_62883.jpeg;https:\/\/images.novelship.com\/product\/_grade_school__air_jordan_1_mid__red_mint__bq6931__1_62883.jpeg;https:\/\/images.novelship.com\/product\/_grade_school__air_jordan_1_mid__red_mint__bq6931__2_62883.jpeg;https:\/\/images.novelship.com\/product\/_grade_school__air_jordan_1_mid__red_mint__bq6931__3_62883.jpeg;https:\/\/images.novelship.com\/product\/_grade_school__air_jordan_1_mid__red_mint__bq6931__4_62883.jpeg;https:\/\/images.novelship.com\/product\/_grade_school__air_jordan_1_mid__red_mint__bq6931__5_62883.jpeg;https:\/\/images.novelship.com\/product\/_grade_school__air_jordan_1_mid__red_mint__bq6931__6_62883.jpeg;https:\/\/images.novelship.com\/product\/_grade_school__air_jordan_1_mid__red_mint__bq6931__7_62883.jpeg","twitter_misc":{"Dur\u00e9e de lecture estim\u00e9e":"1 minute"},"schema":{"@context":"https:\/\/schema.org","@graph":[{"@type":"WebPage","@id":"https:\/\/tourcruiser.com\/fr\/products\/grade-school-air-jordan-1-mid-red-mint-bq6931-100\/","url":"https:\/\/tourcruiser.com\/fr\/products\/grade-school-air-jordan-1-mid-red-mint-bq6931-100\/","name":"(Grade School) Air Jordan 1 Mid 'Red Mint' BQ6931-100 - TOURCRUISER PTE. LTD","isPartOf":{"@id":"\/#website"},"primaryImageOfPage":{"@id":"https:\/\/tourcruiser.com\/fr\/products\/grade-school-air-jordan-1-mid-red-mint-bq6931-100\/#primaryimage"},"image":{"@id":"https:\/\/tourcruiser.com\/fr\/products\/grade-school-air-jordan-1-mid-red-mint-bq6931-100\/#primaryimage"},"thumbnailUrl":"https:\/\/images.novelship.com\/product\/_grade_school__air_jordan_1_mid__red_mint__bq6931__0_62883.jpeg;https:\/\/images.novelship.com\/product\/_grade_school__air_jordan_1_mid__red_mint__bq6931__1_62883.jpeg;https:\/\/images.novelship.com\/product\/_grade_school__air_jordan_1_mid__red_mint__bq6931__2_62883.jpeg;https:\/\/images.novelship.com\/product\/_grade_school__air_jordan_1_mid__red_mint__bq6931__3_62883.jpeg;https:\/\/images.novelship.com\/product\/_grade_school__air_jordan_1_mid__red_mint__bq6931__4_62883.jpeg;https:\/\/images.novelship.com\/product\/_grade_school__air_jordan_1_mid__red_mint__bq6931__5_62883.jpeg;https:\/\/images.novelship.com\/product\/_grade_school__air_jordan_1_mid__red_mint__bq6931__6_62883.jpeg;https:\/\/images.novelship.com\/product\/_grade_school__air_jordan_1_mid__red_mint__bq6931__7_62883.jpeg","datePublished":"2026-04-16T10:16:35+00:00","dateModified":"2026-04-17T16:08:14+00:00","breadcrumb":{"@id":"https:\/\/tourcruiser.com\/fr\/products\/grade-school-air-jordan-1-mid-red-mint-bq6931-100\/#breadcrumb"},"inLanguage":"fr-FR","potentialAction":[{"@type":"ReadAction","target":["https:\/\/tourcruiser.com\/fr\/products\/grade-school-air-jordan-1-mid-red-mint-bq6931-100\/"]}]},{"@type":"ImageObject","inLanguage":"fr-FR","@id":"https:\/\/tourcruiser.com\/fr\/products\/grade-school-air-jordan-1-mid-red-mint-bq6931-100\/#primaryimage","url":"https:\/\/images.novelship.com\/product\/_grade_school__air_jordan_1_mid__red_mint__bq6931__0_62883.jpeg;https:\/\/images.novelship.com\/product\/_grade_school__air_jordan_1_mid__red_mint__bq6931__1_62883.jpeg;https:\/\/images.novelship.com\/product\/_grade_school__air_jordan_1_mid__red_mint__bq6931__2_62883.jpeg;https:\/\/images.novelship.com\/product\/_grade_school__air_jordan_1_mid__red_mint__bq6931__3_62883.jpeg;https:\/\/images.novelship.com\/product\/_grade_school__air_jordan_1_mid__red_mint__bq6931__4_62883.jpeg;https:\/\/images.novelship.com\/product\/_grade_school__air_jordan_1_mid__red_mint__bq6931__5_62883.jpeg;https:\/\/images.novelship.com\/product\/_grade_school__air_jordan_1_mid__red_mint__bq6931__6_62883.jpeg;https:\/\/images.novelship.com\/product\/_grade_school__air_jordan_1_mid__red_mint__bq6931__7_62883.jpeg","contentUrl":"https:\/\/images.novelship.com\/product\/_grade_school__air_jordan_1_mid__red_mint__bq6931__0_62883.jpeg;https:\/\/images.novelship.com\/product\/_grade_school__air_jordan_1_mid__red_mint__bq6931__1_62883.jpeg;https:\/\/images.novelship.com\/product\/_grade_school__air_jordan_1_mid__red_mint__bq6931__2_62883.jpeg;https:\/\/images.novelship.com\/product\/_grade_school__air_jordan_1_mid__red_mint__bq6931__3_62883.jpeg;https:\/\/images.novelship.com\/product\/_grade_school__air_jordan_1_mid__red_mint__bq6931__4_62883.jpeg;https:\/\/images.novelship.com\/product\/_grade_school__air_jordan_1_mid__red_mint__bq6931__5_62883.jpeg;https:\/\/images.novelship.com\/product\/_grade_school__air_jordan_1_mid__red_mint__bq6931__6_62883.jpeg;https:\/\/images.novelship.com\/product\/_grade_school__air_jordan_1_mid__red_mint__bq6931__7_62883.jpeg"},{"@type":"BreadcrumbList","@id":"https:\/\/tourcruiser.com\/fr\/products\/grade-school-air-jordan-1-mid-red-mint-bq6931-100\/#breadcrumb","itemListElement":[{"@type":"ListItem","position":1,"name":"Home","item":"https:\/\/tourcruiser.com\/fr\/"},{"@type":"ListItem","position":2,"name":"Shop","item":"https:\/\/tourcruiser.com\/fr\/shop\/"},{"@type":"ListItem","position":3,"name":"(Grade School) Air Jordan 1 Mid &#8216;Red Mint&#8217; BQ6931-100"}]},{"@type":"WebSite","@id":"\/#website","url":"\/","name":"Styloral Jewelry Shop","description":"Tourcruiser Sneaker Store \u2014 L\u2019endroit o\u00f9 l\u2019univers rencontre votre singularit\u00e9.","publisher":{"@id":"\/#organization"},"potentialAction":[{"@type":"SearchAction","target":{"@type":"EntryPoint","urlTemplate":"\/?s={search_term_string}"},"query-input":{"@type":"PropertyValueSpecification","valueRequired":true,"valueName":"search_term_string"}}],"inLanguage":"fr-FR"},{"@type":"Organization","@id":"\/#organization","name":"STYLORAL PTE. LTD","url":"\/","logo":{"@type":"ImageObject","inLanguage":"fr-FR","@id":"\/#\/schema\/logo\/image\/","url":"https:\/\/www.tourcruiser.com\/wp-content\/uploads\/2025\/12\/logo.png","contentUrl":"https:\/\/www.tourcruiser.com\/wp-content\/uploads\/2025\/12\/logo.png","width":200,"height":65,"caption":"STYLORAL PTE. LTD"},"image":{"@id":"\/#\/schema\/logo\/image\/"}}]}},"_links":{"self":[{"href":"https:\/\/tourcruiser.com\/fr\/wp-json\/wp\/v2\/product\/774420","targetHints":{"allow":["GET"]}}],"collection":[{"href":"https:\/\/tourcruiser.com\/fr\/wp-json\/wp\/v2\/product"}],"about":[{"href":"https:\/\/tourcruiser.com\/fr\/wp-json\/wp\/v2\/types\/product"}],"replies":[{"embeddable":true,"href":"https:\/\/tourcruiser.com\/fr\/wp-json\/wp\/v2\/comments?post=774420"}],"wp:featuredmedia":[{"embeddable":true,"href":"https:\/\/tourcruiser.com\/fr\/wp-json\/wp\/v2\/media\/774421"}],"wp:attachment":[{"href":"https:\/\/tourcruiser.com\/fr\/wp-json\/wp\/v2\/media?parent=774420"}],"wp:term":[{"taxonomy":"product_brand","embeddable":true,"href":"https:\/\/tourcruiser.com\/fr\/wp-json\/wp\/v2\/product_brand?post=774420"},{"taxonomy":"product_cat","embeddable":true,"href":"https:\/\/tourcruiser.com\/fr\/wp-json\/wp\/v2\/product_cat?post=774420"},{"taxonomy":"product_tag","embeddable":true,"href":"https:\/\/tourcruiser.com\/fr\/wp-json\/wp\/v2\/product_tag?post=774420"}],"curies":[{"name":"wp","href":"https:\/\/api.w.org\/{rel}","templated":true}]}}