{"id":774411,"date":"2026-04-16T17:16:34","date_gmt":"2026-04-16T10:16:34","guid":{"rendered":"http:\/\/tourcruiser.com\/product\/women-air-jordan-1-mid-white-snakeskin-bq6472-110"},"modified":"2026-04-17T23:08:14","modified_gmt":"2026-04-17T16:08:14","slug":"women-air-jordan-1-mid-white-snakeskin-bq6472-110","status":"publish","type":"product","link":"https:\/\/tourcruiser.com\/fr\/products\/women-air-jordan-1-mid-white-snakeskin-bq6472-110\/","title":{"rendered":"(Women) Air Jordan 1 Mid &lsquo;White Snakeskin&rsquo; BQ6472-110"},"content":{"rendered":"<p>Rehaussez votre style sneakers avec la Air Jordan 1 Mid White Snakeskin (WMNS) de Jordan. Ces sneakers iconiques arborent un \u00e9l\u00e9gant motif peau de serpent blanche qui apporte une touche de raffinement \u00e0 votre look. Confortables et r\u00e9sistantes, elles sont parfaites pour \u00eatre port\u00e9es toute la journ\u00e9e. Affirmez votre style avec la Air Jordan 1 Mid White Snakeskin (WMNS).<\/p>\n<p>Coloris\u00a0: Blanc\/Blanc<\/p>\n<p>Code article\u00a0: BQ6472-110<\/p>\n<p>Tige\u00a0: Cuir<\/p>\n<p>Semelle interm\u00e9diaire\u00a0: Air<\/p>\n<p>Couleur\u00a0: Blanc<\/p>\n<p>Designer\u00a0: Peter Moore<\/p>\n<p>Saison\u00a0: Hiver<\/p>\n<p>Ann\u00e9e de sortie\u00a0: 2020<\/p>\n<p>\u00c2ge\u00a0: Adulte<br \/>\nColoris\u00a0: Blanc\/Noir-Rouge-Vert<br \/>\nGenre\u00a0: Femme<\/p>\n","protected":false},"excerpt":{"rendered":"<p>Rehaussez votre style sneakers avec la Air Jordan 1 Mid White Snakeskin (WMNS) de Jordan. Ces sneakers iconiques arborent un \u00e9l\u00e9gant motif peau de serpent blanche qui apporte une touche de raffinement \u00e0 votre look. Confortables et r\u00e9sistantes, elles sont parfaites pour \u00eatre port\u00e9es toute la journ\u00e9e. Affirmez votre style avec la Air Jordan 1 [&hellip;]<\/p>\n","protected":false},"featured_media":774412,"comment_status":"open","ping_status":"closed","template":"","meta":[],"product_brand":[],"product_cat":[38880],"product_tag":[10750,38855,38841,38975,38872,10776,11349,38875,10756,38902,38936],"class_list":{"0":"post-774411","1":"product","2":"type-product","3":"status-publish","4":"has-post-thumbnail","6":"product_cat-jordan","7":"product_tag-athleisure-shoes","8":"product_tag-below-the-regular-retail-price","9":"product_tag-casual-shoes","10":"product_tag-casual-shoes-basketball-inspired","11":"product_tag-gift-idea-for-her","12":"product_tag-jordan","13":"product_tag-jordan-basketball-shoes","14":"product_tag-jordan-skateboard-shoes","15":"product_tag-retro-casual-shoes","16":"product_tag-trendy-offers","17":"product_tag-trendy-offers-under-a-150","19":"first","20":"instock","21":"taxable","22":"shipping-taxable","23":"purchasable","24":"product-type-simple"},"wcpa_form_fields":null,"yoast_head":"<!-- This site is optimized with the Yoast SEO plugin v26.5 - https:\/\/yoast.com\/wordpress\/plugins\/seo\/ -->\n<title>(Women) Air Jordan 1 Mid &#039;White Snakeskin&#039; BQ6472-110 - TOURCRUISER PTE. LTD<\/title>\n<meta name=\"robots\" content=\"index, follow, max-snippet:-1, max-image-preview:large, max-video-preview:-1\" \/>\n<link rel=\"canonical\" href=\"https:\/\/tourcruiser.com\/fr\/products\/women-air-jordan-1-mid-white-snakeskin-bq6472-110\/\" \/>\n<meta property=\"og:locale\" content=\"fr_FR\" \/>\n<meta property=\"og:type\" content=\"article\" \/>\n<meta property=\"og:title\" content=\"(Women) Air Jordan 1 Mid &#039;White Snakeskin&#039; BQ6472-110 - TOURCRUISER PTE. LTD\" \/>\n<meta property=\"og:description\" content=\"Rehaussez votre style sneakers avec la Air Jordan 1 Mid White Snakeskin (WMNS) de Jordan. Ces sneakers iconiques arborent un \u00e9l\u00e9gant motif peau de serpent blanche qui apporte une touche de raffinement \u00e0 votre look. Confortables et r\u00e9sistantes, elles sont parfaites pour \u00eatre port\u00e9es toute la journ\u00e9e. Affirmez votre style avec la Air Jordan 1 [&hellip;]\" \/>\n<meta property=\"og:url\" content=\"https:\/\/tourcruiser.com\/fr\/products\/women-air-jordan-1-mid-white-snakeskin-bq6472-110\/\" \/>\n<meta property=\"og:site_name\" content=\"Tourcruiser Sneaker Store\" \/>\n<meta property=\"article:modified_time\" content=\"2026-04-17T16:08:14+00:00\" \/>\n<meta name=\"twitter:card\" content=\"summary_large_image\" \/>\n<meta name=\"twitter:image\" content=\"https:\/\/images.novelship.com\/product\/_women__air_jordan_1_mid__white_snakeskin__bq6472__0_11571.jpeg;https:\/\/images.novelship.com\/product\/_women__air_jordan_1_mid__white_snakeskin__bq6472__1_11571.jpeg;https:\/\/images.novelship.com\/product\/_women__air_jordan_1_mid__white_snakeskin__bq6472__2_11571.jpeg;https:\/\/images.novelship.com\/product\/_women__air_jordan_1_mid__white_snakeskin__bq6472__3_11571.jpeg;https:\/\/images.novelship.com\/product\/_women__air_jordan_1_mid__white_snakeskin__bq6472__4_11571.jpeg;https:\/\/images.novelship.com\/product\/_women__air_jordan_1_mid__white_snakeskin__bq6472__5_11571.jpeg;https:\/\/images.novelship.com\/product\/_women__air_jordan_1_mid__white_snakeskin__bq6472__6_11571.jpeg;https:\/\/images.novelship.com\/product\/_women__air_jordan_1_mid__white_snakeskin__bq6472__7_11571.jpeg\" \/>\n<script type=\"application\/ld+json\" class=\"yoast-schema-graph\">{\"@context\":\"https:\/\/schema.org\",\"@graph\":[{\"@type\":\"WebPage\",\"@id\":\"https:\/\/tourcruiser.com\/fr\/products\/women-air-jordan-1-mid-white-snakeskin-bq6472-110\/\",\"url\":\"https:\/\/tourcruiser.com\/fr\/products\/women-air-jordan-1-mid-white-snakeskin-bq6472-110\/\",\"name\":\"(Women) Air Jordan 1 Mid 'White Snakeskin' BQ6472-110 - TOURCRUISER PTE. LTD\",\"isPartOf\":{\"@id\":\"\/#website\"},\"primaryImageOfPage\":{\"@id\":\"https:\/\/tourcruiser.com\/fr\/products\/women-air-jordan-1-mid-white-snakeskin-bq6472-110\/#primaryimage\"},\"image\":{\"@id\":\"https:\/\/tourcruiser.com\/fr\/products\/women-air-jordan-1-mid-white-snakeskin-bq6472-110\/#primaryimage\"},\"thumbnailUrl\":\"https:\/\/images.novelship.com\/product\/_women__air_jordan_1_mid__white_snakeskin__bq6472__0_11571.jpeg;https:\/\/images.novelship.com\/product\/_women__air_jordan_1_mid__white_snakeskin__bq6472__1_11571.jpeg;https:\/\/images.novelship.com\/product\/_women__air_jordan_1_mid__white_snakeskin__bq6472__2_11571.jpeg;https:\/\/images.novelship.com\/product\/_women__air_jordan_1_mid__white_snakeskin__bq6472__3_11571.jpeg;https:\/\/images.novelship.com\/product\/_women__air_jordan_1_mid__white_snakeskin__bq6472__4_11571.jpeg;https:\/\/images.novelship.com\/product\/_women__air_jordan_1_mid__white_snakeskin__bq6472__5_11571.jpeg;https:\/\/images.novelship.com\/product\/_women__air_jordan_1_mid__white_snakeskin__bq6472__6_11571.jpeg;https:\/\/images.novelship.com\/product\/_women__air_jordan_1_mid__white_snakeskin__bq6472__7_11571.jpeg\",\"datePublished\":\"2026-04-16T10:16:34+00:00\",\"dateModified\":\"2026-04-17T16:08:14+00:00\",\"breadcrumb\":{\"@id\":\"https:\/\/tourcruiser.com\/fr\/products\/women-air-jordan-1-mid-white-snakeskin-bq6472-110\/#breadcrumb\"},\"inLanguage\":\"fr-FR\",\"potentialAction\":[{\"@type\":\"ReadAction\",\"target\":[\"https:\/\/tourcruiser.com\/fr\/products\/women-air-jordan-1-mid-white-snakeskin-bq6472-110\/\"]}]},{\"@type\":\"ImageObject\",\"inLanguage\":\"fr-FR\",\"@id\":\"https:\/\/tourcruiser.com\/fr\/products\/women-air-jordan-1-mid-white-snakeskin-bq6472-110\/#primaryimage\",\"url\":\"https:\/\/images.novelship.com\/product\/_women__air_jordan_1_mid__white_snakeskin__bq6472__0_11571.jpeg;https:\/\/images.novelship.com\/product\/_women__air_jordan_1_mid__white_snakeskin__bq6472__1_11571.jpeg;https:\/\/images.novelship.com\/product\/_women__air_jordan_1_mid__white_snakeskin__bq6472__2_11571.jpeg;https:\/\/images.novelship.com\/product\/_women__air_jordan_1_mid__white_snakeskin__bq6472__3_11571.jpeg;https:\/\/images.novelship.com\/product\/_women__air_jordan_1_mid__white_snakeskin__bq6472__4_11571.jpeg;https:\/\/images.novelship.com\/product\/_women__air_jordan_1_mid__white_snakeskin__bq6472__5_11571.jpeg;https:\/\/images.novelship.com\/product\/_women__air_jordan_1_mid__white_snakeskin__bq6472__6_11571.jpeg;https:\/\/images.novelship.com\/product\/_women__air_jordan_1_mid__white_snakeskin__bq6472__7_11571.jpeg\",\"contentUrl\":\"https:\/\/images.novelship.com\/product\/_women__air_jordan_1_mid__white_snakeskin__bq6472__0_11571.jpeg;https:\/\/images.novelship.com\/product\/_women__air_jordan_1_mid__white_snakeskin__bq6472__1_11571.jpeg;https:\/\/images.novelship.com\/product\/_women__air_jordan_1_mid__white_snakeskin__bq6472__2_11571.jpeg;https:\/\/images.novelship.com\/product\/_women__air_jordan_1_mid__white_snakeskin__bq6472__3_11571.jpeg;https:\/\/images.novelship.com\/product\/_women__air_jordan_1_mid__white_snakeskin__bq6472__4_11571.jpeg;https:\/\/images.novelship.com\/product\/_women__air_jordan_1_mid__white_snakeskin__bq6472__5_11571.jpeg;https:\/\/images.novelship.com\/product\/_women__air_jordan_1_mid__white_snakeskin__bq6472__6_11571.jpeg;https:\/\/images.novelship.com\/product\/_women__air_jordan_1_mid__white_snakeskin__bq6472__7_11571.jpeg\"},{\"@type\":\"BreadcrumbList\",\"@id\":\"https:\/\/tourcruiser.com\/fr\/products\/women-air-jordan-1-mid-white-snakeskin-bq6472-110\/#breadcrumb\",\"itemListElement\":[{\"@type\":\"ListItem\",\"position\":1,\"name\":\"Home\",\"item\":\"https:\/\/tourcruiser.com\/fr\/\"},{\"@type\":\"ListItem\",\"position\":2,\"name\":\"Shop\",\"item\":\"https:\/\/tourcruiser.com\/fr\/shop\/\"},{\"@type\":\"ListItem\",\"position\":3,\"name\":\"(Women) Air Jordan 1 Mid &#8216;White Snakeskin&#8217; BQ6472-110\"}]},{\"@type\":\"WebSite\",\"@id\":\"\/#website\",\"url\":\"\/\",\"name\":\"Styloral Jewelry Shop\",\"description\":\"Tourcruiser Sneaker Store \u2014 L\u2019endroit o\u00f9 l\u2019univers rencontre votre singularit\u00e9.\",\"publisher\":{\"@id\":\"\/#organization\"},\"potentialAction\":[{\"@type\":\"SearchAction\",\"target\":{\"@type\":\"EntryPoint\",\"urlTemplate\":\"\/?s={search_term_string}\"},\"query-input\":{\"@type\":\"PropertyValueSpecification\",\"valueRequired\":true,\"valueName\":\"search_term_string\"}}],\"inLanguage\":\"fr-FR\"},{\"@type\":\"Organization\",\"@id\":\"\/#organization\",\"name\":\"STYLORAL PTE. LTD\",\"url\":\"\/\",\"logo\":{\"@type\":\"ImageObject\",\"inLanguage\":\"fr-FR\",\"@id\":\"\/#\/schema\/logo\/image\/\",\"url\":\"https:\/\/www.tourcruiser.com\/wp-content\/uploads\/2025\/12\/logo.png\",\"contentUrl\":\"https:\/\/www.tourcruiser.com\/wp-content\/uploads\/2025\/12\/logo.png\",\"width\":200,\"height\":65,\"caption\":\"STYLORAL PTE. LTD\"},\"image\":{\"@id\":\"\/#\/schema\/logo\/image\/\"}}]}<\/script>\n<!-- \/ Yoast SEO plugin. -->","yoast_head_json":{"title":"(Women) Air Jordan 1 Mid 'White Snakeskin' BQ6472-110 - TOURCRUISER PTE. LTD","robots":{"index":"index","follow":"follow","max-snippet":"max-snippet:-1","max-image-preview":"max-image-preview:large","max-video-preview":"max-video-preview:-1"},"canonical":"https:\/\/tourcruiser.com\/fr\/products\/women-air-jordan-1-mid-white-snakeskin-bq6472-110\/","og_locale":"fr_FR","og_type":"article","og_title":"(Women) Air Jordan 1 Mid 'White Snakeskin' BQ6472-110 - TOURCRUISER PTE. LTD","og_description":"Rehaussez votre style sneakers avec la Air Jordan 1 Mid White Snakeskin (WMNS) de Jordan. Ces sneakers iconiques arborent un \u00e9l\u00e9gant motif peau de serpent blanche qui apporte une touche de raffinement \u00e0 votre look. Confortables et r\u00e9sistantes, elles sont parfaites pour \u00eatre port\u00e9es toute la journ\u00e9e. Affirmez votre style avec la Air Jordan 1 [&hellip;]","og_url":"https:\/\/tourcruiser.com\/fr\/products\/women-air-jordan-1-mid-white-snakeskin-bq6472-110\/","og_site_name":"Tourcruiser Sneaker Store","article_modified_time":"2026-04-17T16:08:14+00:00","twitter_card":"summary_large_image","twitter_image":"https:\/\/images.novelship.com\/product\/_women__air_jordan_1_mid__white_snakeskin__bq6472__0_11571.jpeg;https:\/\/images.novelship.com\/product\/_women__air_jordan_1_mid__white_snakeskin__bq6472__1_11571.jpeg;https:\/\/images.novelship.com\/product\/_women__air_jordan_1_mid__white_snakeskin__bq6472__2_11571.jpeg;https:\/\/images.novelship.com\/product\/_women__air_jordan_1_mid__white_snakeskin__bq6472__3_11571.jpeg;https:\/\/images.novelship.com\/product\/_women__air_jordan_1_mid__white_snakeskin__bq6472__4_11571.jpeg;https:\/\/images.novelship.com\/product\/_women__air_jordan_1_mid__white_snakeskin__bq6472__5_11571.jpeg;https:\/\/images.novelship.com\/product\/_women__air_jordan_1_mid__white_snakeskin__bq6472__6_11571.jpeg;https:\/\/images.novelship.com\/product\/_women__air_jordan_1_mid__white_snakeskin__bq6472__7_11571.jpeg","schema":{"@context":"https:\/\/schema.org","@graph":[{"@type":"WebPage","@id":"https:\/\/tourcruiser.com\/fr\/products\/women-air-jordan-1-mid-white-snakeskin-bq6472-110\/","url":"https:\/\/tourcruiser.com\/fr\/products\/women-air-jordan-1-mid-white-snakeskin-bq6472-110\/","name":"(Women) Air Jordan 1 Mid 'White Snakeskin' BQ6472-110 - TOURCRUISER PTE. LTD","isPartOf":{"@id":"\/#website"},"primaryImageOfPage":{"@id":"https:\/\/tourcruiser.com\/fr\/products\/women-air-jordan-1-mid-white-snakeskin-bq6472-110\/#primaryimage"},"image":{"@id":"https:\/\/tourcruiser.com\/fr\/products\/women-air-jordan-1-mid-white-snakeskin-bq6472-110\/#primaryimage"},"thumbnailUrl":"https:\/\/images.novelship.com\/product\/_women__air_jordan_1_mid__white_snakeskin__bq6472__0_11571.jpeg;https:\/\/images.novelship.com\/product\/_women__air_jordan_1_mid__white_snakeskin__bq6472__1_11571.jpeg;https:\/\/images.novelship.com\/product\/_women__air_jordan_1_mid__white_snakeskin__bq6472__2_11571.jpeg;https:\/\/images.novelship.com\/product\/_women__air_jordan_1_mid__white_snakeskin__bq6472__3_11571.jpeg;https:\/\/images.novelship.com\/product\/_women__air_jordan_1_mid__white_snakeskin__bq6472__4_11571.jpeg;https:\/\/images.novelship.com\/product\/_women__air_jordan_1_mid__white_snakeskin__bq6472__5_11571.jpeg;https:\/\/images.novelship.com\/product\/_women__air_jordan_1_mid__white_snakeskin__bq6472__6_11571.jpeg;https:\/\/images.novelship.com\/product\/_women__air_jordan_1_mid__white_snakeskin__bq6472__7_11571.jpeg","datePublished":"2026-04-16T10:16:34+00:00","dateModified":"2026-04-17T16:08:14+00:00","breadcrumb":{"@id":"https:\/\/tourcruiser.com\/fr\/products\/women-air-jordan-1-mid-white-snakeskin-bq6472-110\/#breadcrumb"},"inLanguage":"fr-FR","potentialAction":[{"@type":"ReadAction","target":["https:\/\/tourcruiser.com\/fr\/products\/women-air-jordan-1-mid-white-snakeskin-bq6472-110\/"]}]},{"@type":"ImageObject","inLanguage":"fr-FR","@id":"https:\/\/tourcruiser.com\/fr\/products\/women-air-jordan-1-mid-white-snakeskin-bq6472-110\/#primaryimage","url":"https:\/\/images.novelship.com\/product\/_women__air_jordan_1_mid__white_snakeskin__bq6472__0_11571.jpeg;https:\/\/images.novelship.com\/product\/_women__air_jordan_1_mid__white_snakeskin__bq6472__1_11571.jpeg;https:\/\/images.novelship.com\/product\/_women__air_jordan_1_mid__white_snakeskin__bq6472__2_11571.jpeg;https:\/\/images.novelship.com\/product\/_women__air_jordan_1_mid__white_snakeskin__bq6472__3_11571.jpeg;https:\/\/images.novelship.com\/product\/_women__air_jordan_1_mid__white_snakeskin__bq6472__4_11571.jpeg;https:\/\/images.novelship.com\/product\/_women__air_jordan_1_mid__white_snakeskin__bq6472__5_11571.jpeg;https:\/\/images.novelship.com\/product\/_women__air_jordan_1_mid__white_snakeskin__bq6472__6_11571.jpeg;https:\/\/images.novelship.com\/product\/_women__air_jordan_1_mid__white_snakeskin__bq6472__7_11571.jpeg","contentUrl":"https:\/\/images.novelship.com\/product\/_women__air_jordan_1_mid__white_snakeskin__bq6472__0_11571.jpeg;https:\/\/images.novelship.com\/product\/_women__air_jordan_1_mid__white_snakeskin__bq6472__1_11571.jpeg;https:\/\/images.novelship.com\/product\/_women__air_jordan_1_mid__white_snakeskin__bq6472__2_11571.jpeg;https:\/\/images.novelship.com\/product\/_women__air_jordan_1_mid__white_snakeskin__bq6472__3_11571.jpeg;https:\/\/images.novelship.com\/product\/_women__air_jordan_1_mid__white_snakeskin__bq6472__4_11571.jpeg;https:\/\/images.novelship.com\/product\/_women__air_jordan_1_mid__white_snakeskin__bq6472__5_11571.jpeg;https:\/\/images.novelship.com\/product\/_women__air_jordan_1_mid__white_snakeskin__bq6472__6_11571.jpeg;https:\/\/images.novelship.com\/product\/_women__air_jordan_1_mid__white_snakeskin__bq6472__7_11571.jpeg"},{"@type":"BreadcrumbList","@id":"https:\/\/tourcruiser.com\/fr\/products\/women-air-jordan-1-mid-white-snakeskin-bq6472-110\/#breadcrumb","itemListElement":[{"@type":"ListItem","position":1,"name":"Home","item":"https:\/\/tourcruiser.com\/fr\/"},{"@type":"ListItem","position":2,"name":"Shop","item":"https:\/\/tourcruiser.com\/fr\/shop\/"},{"@type":"ListItem","position":3,"name":"(Women) Air Jordan 1 Mid &#8216;White Snakeskin&#8217; BQ6472-110"}]},{"@type":"WebSite","@id":"\/#website","url":"\/","name":"Styloral Jewelry Shop","description":"Tourcruiser Sneaker Store \u2014 L\u2019endroit o\u00f9 l\u2019univers rencontre votre singularit\u00e9.","publisher":{"@id":"\/#organization"},"potentialAction":[{"@type":"SearchAction","target":{"@type":"EntryPoint","urlTemplate":"\/?s={search_term_string}"},"query-input":{"@type":"PropertyValueSpecification","valueRequired":true,"valueName":"search_term_string"}}],"inLanguage":"fr-FR"},{"@type":"Organization","@id":"\/#organization","name":"STYLORAL PTE. LTD","url":"\/","logo":{"@type":"ImageObject","inLanguage":"fr-FR","@id":"\/#\/schema\/logo\/image\/","url":"https:\/\/www.tourcruiser.com\/wp-content\/uploads\/2025\/12\/logo.png","contentUrl":"https:\/\/www.tourcruiser.com\/wp-content\/uploads\/2025\/12\/logo.png","width":200,"height":65,"caption":"STYLORAL PTE. LTD"},"image":{"@id":"\/#\/schema\/logo\/image\/"}}]}},"_links":{"self":[{"href":"https:\/\/tourcruiser.com\/fr\/wp-json\/wp\/v2\/product\/774411","targetHints":{"allow":["GET"]}}],"collection":[{"href":"https:\/\/tourcruiser.com\/fr\/wp-json\/wp\/v2\/product"}],"about":[{"href":"https:\/\/tourcruiser.com\/fr\/wp-json\/wp\/v2\/types\/product"}],"replies":[{"embeddable":true,"href":"https:\/\/tourcruiser.com\/fr\/wp-json\/wp\/v2\/comments?post=774411"}],"wp:featuredmedia":[{"embeddable":true,"href":"https:\/\/tourcruiser.com\/fr\/wp-json\/wp\/v2\/media\/774412"}],"wp:attachment":[{"href":"https:\/\/tourcruiser.com\/fr\/wp-json\/wp\/v2\/media?parent=774411"}],"wp:term":[{"taxonomy":"product_brand","embeddable":true,"href":"https:\/\/tourcruiser.com\/fr\/wp-json\/wp\/v2\/product_brand?post=774411"},{"taxonomy":"product_cat","embeddable":true,"href":"https:\/\/tourcruiser.com\/fr\/wp-json\/wp\/v2\/product_cat?post=774411"},{"taxonomy":"product_tag","embeddable":true,"href":"https:\/\/tourcruiser.com\/fr\/wp-json\/wp\/v2\/product_tag?post=774411"}],"curies":[{"name":"wp","href":"https:\/\/api.w.org\/{rel}","templated":true}]}}