{"id":774141,"date":"2026-04-16T17:16:26","date_gmt":"2026-04-16T10:16:26","guid":{"rendered":"http:\/\/tourcruiser.com\/product\/women-air-jordan-1-mid-unc-bq6472-114"},"modified":"2026-04-17T23:07:58","modified_gmt":"2026-04-17T16:07:58","slug":"women-air-jordan-1-mid-unc-bq6472-114","status":"publish","type":"product","link":"https:\/\/tourcruiser.com\/fr\/products\/women-air-jordan-1-mid-unc-bq6472-114\/","title":{"rendered":"(Women) Air Jordan 1 Mid &lsquo;UNC&rsquo; BQ6472-114"},"content":{"rendered":"<p>D\u00e9couvrez la Air Jordan 1 Mid UNC (WMNS), une sneaker con\u00e7ue sp\u00e9cialement pour les femmes. Ces chaussures Jordan embl\u00e9matiques, \u00e9galement connues sous le nom de UNC, arborent un design blanc \u00e9pur\u00e9, \u00e0 la fois styl\u00e9 et polyvalent. Avec leur silhouette mi-montante et le logo Jordan reconnaissable entre tous, ces sneakers s&rsquo;accordent parfaitement avec toutes vos tenues, d\u00e9contract\u00e9es ou sportives. Craquez pour la Air Jordan 1 Mid UNC (WMNS) de Jordan et affirmez votre style d\u00e8s maintenant.<\/p>\n<p>Coloris : Blanc\/Bleu Caroline<\/p>\n<p>Code article : BQ6472-114<\/p>\n<p>Tige : Cuir<\/p>\n<p>Semelle interm\u00e9diaire : Air<\/p>\n<p>Couleur : Blanc<\/p>\n<p>Designer : Peter Moore<\/p>\n<p>Saison : Hiver<\/p>\n<p>Ann\u00e9e de sortie : 2020<\/p>\n<p>\u00c2ge : Adulte<\/p>\n<p>Couleur : Aluminium\/Branche\/Marron<\/p>\n<p>Genre : Femme<\/p>\n","protected":false},"excerpt":{"rendered":"<p>D\u00e9couvrez la Air Jordan 1 Mid UNC (WMNS), une sneaker con\u00e7ue sp\u00e9cialement pour les femmes. Ces chaussures Jordan embl\u00e9matiques, \u00e9galement connues sous le nom de UNC, arborent un design blanc \u00e9pur\u00e9, \u00e0 la fois styl\u00e9 et polyvalent. Avec leur silhouette mi-montante et le logo Jordan reconnaissable entre tous, ces sneakers s&rsquo;accordent parfaitement avec toutes vos [&hellip;]<\/p>\n","protected":false},"featured_media":774142,"comment_status":"open","ping_status":"closed","template":"","meta":[],"product_brand":[],"product_cat":[38880],"product_tag":[10750,10800,38855,38841,38975,38969,10776,11349,38875,10756,38902,38936],"class_list":{"0":"post-774141","1":"product","2":"type-product","3":"status-publish","4":"has-post-thumbnail","6":"product_cat-jordan","7":"product_tag-athleisure-shoes","8":"product_tag-basketball-shoes","9":"product_tag-below-the-regular-retail-price","10":"product_tag-casual-shoes","11":"product_tag-casual-shoes-basketball-inspired","12":"product_tag-gift-ideas-for-her","13":"product_tag-jordan","14":"product_tag-jordan-basketball-shoes","15":"product_tag-jordan-skateboard-shoes","16":"product_tag-retro-casual-shoes","17":"product_tag-trendy-offers","18":"product_tag-trendy-offers-under-a-150","20":"first","21":"instock","22":"taxable","23":"shipping-taxable","24":"purchasable","25":"product-type-simple"},"wcpa_form_fields":null,"yoast_head":"<!-- This site is optimized with the Yoast SEO plugin v26.5 - https:\/\/yoast.com\/wordpress\/plugins\/seo\/ -->\n<title>(Women) Air Jordan 1 Mid &#039;UNC&#039; BQ6472-114 - TOURCRUISER PTE. LTD<\/title>\n<meta name=\"robots\" content=\"index, follow, max-snippet:-1, max-image-preview:large, max-video-preview:-1\" \/>\n<link rel=\"canonical\" href=\"https:\/\/tourcruiser.com\/fr\/products\/women-air-jordan-1-mid-unc-bq6472-114\/\" \/>\n<meta property=\"og:locale\" content=\"fr_FR\" \/>\n<meta property=\"og:type\" content=\"article\" \/>\n<meta property=\"og:title\" content=\"(Women) Air Jordan 1 Mid &#039;UNC&#039; BQ6472-114 - TOURCRUISER PTE. LTD\" \/>\n<meta property=\"og:description\" content=\"D\u00e9couvrez la Air Jordan 1 Mid UNC (WMNS), une sneaker con\u00e7ue sp\u00e9cialement pour les femmes. Ces chaussures Jordan embl\u00e9matiques, \u00e9galement connues sous le nom de UNC, arborent un design blanc \u00e9pur\u00e9, \u00e0 la fois styl\u00e9 et polyvalent. Avec leur silhouette mi-montante et le logo Jordan reconnaissable entre tous, ces sneakers s&rsquo;accordent parfaitement avec toutes vos [&hellip;]\" \/>\n<meta property=\"og:url\" content=\"https:\/\/tourcruiser.com\/fr\/products\/women-air-jordan-1-mid-unc-bq6472-114\/\" \/>\n<meta property=\"og:site_name\" content=\"Tourcruiser Sneaker Store\" \/>\n<meta property=\"article:modified_time\" content=\"2026-04-17T16:07:58+00:00\" \/>\n<meta name=\"twitter:card\" content=\"summary_large_image\" \/>\n<meta name=\"twitter:image\" content=\"https:\/\/images.novelship.com\/product\/_women__air_jordan_1_mid__unc__bq6472_114_0_27951.jpeg;https:\/\/images.novelship.com\/product\/_women__air_jordan_1_mid__unc__bq6472_114_1_27951.jpeg;https:\/\/images.novelship.com\/product\/_women__air_jordan_1_mid__unc__bq6472_114_2_27951.jpeg;https:\/\/images.novelship.com\/product\/_women__air_jordan_1_mid__unc__bq6472_114_3_27951.jpeg;https:\/\/images.novelship.com\/product\/_women__air_jordan_1_mid__unc__bq6472_114_4_27951.jpeg;https:\/\/images.novelship.com\/product\/_women__air_jordan_1_mid__unc__bq6472_114_5_27951.jpeg;https:\/\/images.novelship.com\/product\/_women__air_jordan_1_mid__unc__bq6472_114_6_27952.jpeg;https:\/\/images.novelship.com\/product\/_women__air_jordan_1_mid__unc__bq6472_114_7_27952.jpeg\" \/>\n<meta name=\"twitter:label1\" content=\"Dur\u00e9e de lecture estim\u00e9e\" \/>\n\t<meta name=\"twitter:data1\" content=\"1 minute\" \/>\n<script type=\"application\/ld+json\" class=\"yoast-schema-graph\">{\"@context\":\"https:\/\/schema.org\",\"@graph\":[{\"@type\":\"WebPage\",\"@id\":\"https:\/\/tourcruiser.com\/fr\/products\/women-air-jordan-1-mid-unc-bq6472-114\/\",\"url\":\"https:\/\/tourcruiser.com\/fr\/products\/women-air-jordan-1-mid-unc-bq6472-114\/\",\"name\":\"(Women) Air Jordan 1 Mid 'UNC' BQ6472-114 - TOURCRUISER PTE. LTD\",\"isPartOf\":{\"@id\":\"\/#website\"},\"primaryImageOfPage\":{\"@id\":\"https:\/\/tourcruiser.com\/fr\/products\/women-air-jordan-1-mid-unc-bq6472-114\/#primaryimage\"},\"image\":{\"@id\":\"https:\/\/tourcruiser.com\/fr\/products\/women-air-jordan-1-mid-unc-bq6472-114\/#primaryimage\"},\"thumbnailUrl\":\"https:\/\/images.novelship.com\/product\/_women__air_jordan_1_mid__unc__bq6472_114_0_27951.jpeg;https:\/\/images.novelship.com\/product\/_women__air_jordan_1_mid__unc__bq6472_114_1_27951.jpeg;https:\/\/images.novelship.com\/product\/_women__air_jordan_1_mid__unc__bq6472_114_2_27951.jpeg;https:\/\/images.novelship.com\/product\/_women__air_jordan_1_mid__unc__bq6472_114_3_27951.jpeg;https:\/\/images.novelship.com\/product\/_women__air_jordan_1_mid__unc__bq6472_114_4_27951.jpeg;https:\/\/images.novelship.com\/product\/_women__air_jordan_1_mid__unc__bq6472_114_5_27951.jpeg;https:\/\/images.novelship.com\/product\/_women__air_jordan_1_mid__unc__bq6472_114_6_27952.jpeg;https:\/\/images.novelship.com\/product\/_women__air_jordan_1_mid__unc__bq6472_114_7_27952.jpeg\",\"datePublished\":\"2026-04-16T10:16:26+00:00\",\"dateModified\":\"2026-04-17T16:07:58+00:00\",\"breadcrumb\":{\"@id\":\"https:\/\/tourcruiser.com\/fr\/products\/women-air-jordan-1-mid-unc-bq6472-114\/#breadcrumb\"},\"inLanguage\":\"fr-FR\",\"potentialAction\":[{\"@type\":\"ReadAction\",\"target\":[\"https:\/\/tourcruiser.com\/fr\/products\/women-air-jordan-1-mid-unc-bq6472-114\/\"]}]},{\"@type\":\"ImageObject\",\"inLanguage\":\"fr-FR\",\"@id\":\"https:\/\/tourcruiser.com\/fr\/products\/women-air-jordan-1-mid-unc-bq6472-114\/#primaryimage\",\"url\":\"https:\/\/images.novelship.com\/product\/_women__air_jordan_1_mid__unc__bq6472_114_0_27951.jpeg;https:\/\/images.novelship.com\/product\/_women__air_jordan_1_mid__unc__bq6472_114_1_27951.jpeg;https:\/\/images.novelship.com\/product\/_women__air_jordan_1_mid__unc__bq6472_114_2_27951.jpeg;https:\/\/images.novelship.com\/product\/_women__air_jordan_1_mid__unc__bq6472_114_3_27951.jpeg;https:\/\/images.novelship.com\/product\/_women__air_jordan_1_mid__unc__bq6472_114_4_27951.jpeg;https:\/\/images.novelship.com\/product\/_women__air_jordan_1_mid__unc__bq6472_114_5_27951.jpeg;https:\/\/images.novelship.com\/product\/_women__air_jordan_1_mid__unc__bq6472_114_6_27952.jpeg;https:\/\/images.novelship.com\/product\/_women__air_jordan_1_mid__unc__bq6472_114_7_27952.jpeg\",\"contentUrl\":\"https:\/\/images.novelship.com\/product\/_women__air_jordan_1_mid__unc__bq6472_114_0_27951.jpeg;https:\/\/images.novelship.com\/product\/_women__air_jordan_1_mid__unc__bq6472_114_1_27951.jpeg;https:\/\/images.novelship.com\/product\/_women__air_jordan_1_mid__unc__bq6472_114_2_27951.jpeg;https:\/\/images.novelship.com\/product\/_women__air_jordan_1_mid__unc__bq6472_114_3_27951.jpeg;https:\/\/images.novelship.com\/product\/_women__air_jordan_1_mid__unc__bq6472_114_4_27951.jpeg;https:\/\/images.novelship.com\/product\/_women__air_jordan_1_mid__unc__bq6472_114_5_27951.jpeg;https:\/\/images.novelship.com\/product\/_women__air_jordan_1_mid__unc__bq6472_114_6_27952.jpeg;https:\/\/images.novelship.com\/product\/_women__air_jordan_1_mid__unc__bq6472_114_7_27952.jpeg\"},{\"@type\":\"BreadcrumbList\",\"@id\":\"https:\/\/tourcruiser.com\/fr\/products\/women-air-jordan-1-mid-unc-bq6472-114\/#breadcrumb\",\"itemListElement\":[{\"@type\":\"ListItem\",\"position\":1,\"name\":\"Home\",\"item\":\"https:\/\/tourcruiser.com\/fr\/\"},{\"@type\":\"ListItem\",\"position\":2,\"name\":\"Shop\",\"item\":\"https:\/\/tourcruiser.com\/fr\/shop\/\"},{\"@type\":\"ListItem\",\"position\":3,\"name\":\"(Women) Air Jordan 1 Mid &#8216;UNC&#8217; BQ6472-114\"}]},{\"@type\":\"WebSite\",\"@id\":\"\/#website\",\"url\":\"\/\",\"name\":\"Styloral Jewelry Shop\",\"description\":\"Tourcruiser Sneaker Store \u2014 L\u2019endroit o\u00f9 l\u2019univers rencontre votre singularit\u00e9.\",\"publisher\":{\"@id\":\"\/#organization\"},\"potentialAction\":[{\"@type\":\"SearchAction\",\"target\":{\"@type\":\"EntryPoint\",\"urlTemplate\":\"\/?s={search_term_string}\"},\"query-input\":{\"@type\":\"PropertyValueSpecification\",\"valueRequired\":true,\"valueName\":\"search_term_string\"}}],\"inLanguage\":\"fr-FR\"},{\"@type\":\"Organization\",\"@id\":\"\/#organization\",\"name\":\"STYLORAL PTE. LTD\",\"url\":\"\/\",\"logo\":{\"@type\":\"ImageObject\",\"inLanguage\":\"fr-FR\",\"@id\":\"\/#\/schema\/logo\/image\/\",\"url\":\"https:\/\/www.tourcruiser.com\/wp-content\/uploads\/2025\/12\/logo.png\",\"contentUrl\":\"https:\/\/www.tourcruiser.com\/wp-content\/uploads\/2025\/12\/logo.png\",\"width\":200,\"height\":65,\"caption\":\"STYLORAL PTE. LTD\"},\"image\":{\"@id\":\"\/#\/schema\/logo\/image\/\"}}]}<\/script>\n<!-- \/ Yoast SEO plugin. -->","yoast_head_json":{"title":"(Women) Air Jordan 1 Mid 'UNC' BQ6472-114 - TOURCRUISER PTE. LTD","robots":{"index":"index","follow":"follow","max-snippet":"max-snippet:-1","max-image-preview":"max-image-preview:large","max-video-preview":"max-video-preview:-1"},"canonical":"https:\/\/tourcruiser.com\/fr\/products\/women-air-jordan-1-mid-unc-bq6472-114\/","og_locale":"fr_FR","og_type":"article","og_title":"(Women) Air Jordan 1 Mid 'UNC' BQ6472-114 - TOURCRUISER PTE. LTD","og_description":"D\u00e9couvrez la Air Jordan 1 Mid UNC (WMNS), une sneaker con\u00e7ue sp\u00e9cialement pour les femmes. Ces chaussures Jordan embl\u00e9matiques, \u00e9galement connues sous le nom de UNC, arborent un design blanc \u00e9pur\u00e9, \u00e0 la fois styl\u00e9 et polyvalent. Avec leur silhouette mi-montante et le logo Jordan reconnaissable entre tous, ces sneakers s&rsquo;accordent parfaitement avec toutes vos [&hellip;]","og_url":"https:\/\/tourcruiser.com\/fr\/products\/women-air-jordan-1-mid-unc-bq6472-114\/","og_site_name":"Tourcruiser Sneaker Store","article_modified_time":"2026-04-17T16:07:58+00:00","twitter_card":"summary_large_image","twitter_image":"https:\/\/images.novelship.com\/product\/_women__air_jordan_1_mid__unc__bq6472_114_0_27951.jpeg;https:\/\/images.novelship.com\/product\/_women__air_jordan_1_mid__unc__bq6472_114_1_27951.jpeg;https:\/\/images.novelship.com\/product\/_women__air_jordan_1_mid__unc__bq6472_114_2_27951.jpeg;https:\/\/images.novelship.com\/product\/_women__air_jordan_1_mid__unc__bq6472_114_3_27951.jpeg;https:\/\/images.novelship.com\/product\/_women__air_jordan_1_mid__unc__bq6472_114_4_27951.jpeg;https:\/\/images.novelship.com\/product\/_women__air_jordan_1_mid__unc__bq6472_114_5_27951.jpeg;https:\/\/images.novelship.com\/product\/_women__air_jordan_1_mid__unc__bq6472_114_6_27952.jpeg;https:\/\/images.novelship.com\/product\/_women__air_jordan_1_mid__unc__bq6472_114_7_27952.jpeg","twitter_misc":{"Dur\u00e9e de lecture estim\u00e9e":"1 minute"},"schema":{"@context":"https:\/\/schema.org","@graph":[{"@type":"WebPage","@id":"https:\/\/tourcruiser.com\/fr\/products\/women-air-jordan-1-mid-unc-bq6472-114\/","url":"https:\/\/tourcruiser.com\/fr\/products\/women-air-jordan-1-mid-unc-bq6472-114\/","name":"(Women) Air Jordan 1 Mid 'UNC' BQ6472-114 - TOURCRUISER PTE. LTD","isPartOf":{"@id":"\/#website"},"primaryImageOfPage":{"@id":"https:\/\/tourcruiser.com\/fr\/products\/women-air-jordan-1-mid-unc-bq6472-114\/#primaryimage"},"image":{"@id":"https:\/\/tourcruiser.com\/fr\/products\/women-air-jordan-1-mid-unc-bq6472-114\/#primaryimage"},"thumbnailUrl":"https:\/\/images.novelship.com\/product\/_women__air_jordan_1_mid__unc__bq6472_114_0_27951.jpeg;https:\/\/images.novelship.com\/product\/_women__air_jordan_1_mid__unc__bq6472_114_1_27951.jpeg;https:\/\/images.novelship.com\/product\/_women__air_jordan_1_mid__unc__bq6472_114_2_27951.jpeg;https:\/\/images.novelship.com\/product\/_women__air_jordan_1_mid__unc__bq6472_114_3_27951.jpeg;https:\/\/images.novelship.com\/product\/_women__air_jordan_1_mid__unc__bq6472_114_4_27951.jpeg;https:\/\/images.novelship.com\/product\/_women__air_jordan_1_mid__unc__bq6472_114_5_27951.jpeg;https:\/\/images.novelship.com\/product\/_women__air_jordan_1_mid__unc__bq6472_114_6_27952.jpeg;https:\/\/images.novelship.com\/product\/_women__air_jordan_1_mid__unc__bq6472_114_7_27952.jpeg","datePublished":"2026-04-16T10:16:26+00:00","dateModified":"2026-04-17T16:07:58+00:00","breadcrumb":{"@id":"https:\/\/tourcruiser.com\/fr\/products\/women-air-jordan-1-mid-unc-bq6472-114\/#breadcrumb"},"inLanguage":"fr-FR","potentialAction":[{"@type":"ReadAction","target":["https:\/\/tourcruiser.com\/fr\/products\/women-air-jordan-1-mid-unc-bq6472-114\/"]}]},{"@type":"ImageObject","inLanguage":"fr-FR","@id":"https:\/\/tourcruiser.com\/fr\/products\/women-air-jordan-1-mid-unc-bq6472-114\/#primaryimage","url":"https:\/\/images.novelship.com\/product\/_women__air_jordan_1_mid__unc__bq6472_114_0_27951.jpeg;https:\/\/images.novelship.com\/product\/_women__air_jordan_1_mid__unc__bq6472_114_1_27951.jpeg;https:\/\/images.novelship.com\/product\/_women__air_jordan_1_mid__unc__bq6472_114_2_27951.jpeg;https:\/\/images.novelship.com\/product\/_women__air_jordan_1_mid__unc__bq6472_114_3_27951.jpeg;https:\/\/images.novelship.com\/product\/_women__air_jordan_1_mid__unc__bq6472_114_4_27951.jpeg;https:\/\/images.novelship.com\/product\/_women__air_jordan_1_mid__unc__bq6472_114_5_27951.jpeg;https:\/\/images.novelship.com\/product\/_women__air_jordan_1_mid__unc__bq6472_114_6_27952.jpeg;https:\/\/images.novelship.com\/product\/_women__air_jordan_1_mid__unc__bq6472_114_7_27952.jpeg","contentUrl":"https:\/\/images.novelship.com\/product\/_women__air_jordan_1_mid__unc__bq6472_114_0_27951.jpeg;https:\/\/images.novelship.com\/product\/_women__air_jordan_1_mid__unc__bq6472_114_1_27951.jpeg;https:\/\/images.novelship.com\/product\/_women__air_jordan_1_mid__unc__bq6472_114_2_27951.jpeg;https:\/\/images.novelship.com\/product\/_women__air_jordan_1_mid__unc__bq6472_114_3_27951.jpeg;https:\/\/images.novelship.com\/product\/_women__air_jordan_1_mid__unc__bq6472_114_4_27951.jpeg;https:\/\/images.novelship.com\/product\/_women__air_jordan_1_mid__unc__bq6472_114_5_27951.jpeg;https:\/\/images.novelship.com\/product\/_women__air_jordan_1_mid__unc__bq6472_114_6_27952.jpeg;https:\/\/images.novelship.com\/product\/_women__air_jordan_1_mid__unc__bq6472_114_7_27952.jpeg"},{"@type":"BreadcrumbList","@id":"https:\/\/tourcruiser.com\/fr\/products\/women-air-jordan-1-mid-unc-bq6472-114\/#breadcrumb","itemListElement":[{"@type":"ListItem","position":1,"name":"Home","item":"https:\/\/tourcruiser.com\/fr\/"},{"@type":"ListItem","position":2,"name":"Shop","item":"https:\/\/tourcruiser.com\/fr\/shop\/"},{"@type":"ListItem","position":3,"name":"(Women) Air Jordan 1 Mid &#8216;UNC&#8217; BQ6472-114"}]},{"@type":"WebSite","@id":"\/#website","url":"\/","name":"Styloral Jewelry Shop","description":"Tourcruiser Sneaker Store \u2014 L\u2019endroit o\u00f9 l\u2019univers rencontre votre singularit\u00e9.","publisher":{"@id":"\/#organization"},"potentialAction":[{"@type":"SearchAction","target":{"@type":"EntryPoint","urlTemplate":"\/?s={search_term_string}"},"query-input":{"@type":"PropertyValueSpecification","valueRequired":true,"valueName":"search_term_string"}}],"inLanguage":"fr-FR"},{"@type":"Organization","@id":"\/#organization","name":"STYLORAL PTE. LTD","url":"\/","logo":{"@type":"ImageObject","inLanguage":"fr-FR","@id":"\/#\/schema\/logo\/image\/","url":"https:\/\/www.tourcruiser.com\/wp-content\/uploads\/2025\/12\/logo.png","contentUrl":"https:\/\/www.tourcruiser.com\/wp-content\/uploads\/2025\/12\/logo.png","width":200,"height":65,"caption":"STYLORAL PTE. LTD"},"image":{"@id":"\/#\/schema\/logo\/image\/"}}]}},"_links":{"self":[{"href":"https:\/\/tourcruiser.com\/fr\/wp-json\/wp\/v2\/product\/774141","targetHints":{"allow":["GET"]}}],"collection":[{"href":"https:\/\/tourcruiser.com\/fr\/wp-json\/wp\/v2\/product"}],"about":[{"href":"https:\/\/tourcruiser.com\/fr\/wp-json\/wp\/v2\/types\/product"}],"replies":[{"embeddable":true,"href":"https:\/\/tourcruiser.com\/fr\/wp-json\/wp\/v2\/comments?post=774141"}],"wp:featuredmedia":[{"embeddable":true,"href":"https:\/\/tourcruiser.com\/fr\/wp-json\/wp\/v2\/media\/774142"}],"wp:attachment":[{"href":"https:\/\/tourcruiser.com\/fr\/wp-json\/wp\/v2\/media?parent=774141"}],"wp:term":[{"taxonomy":"product_brand","embeddable":true,"href":"https:\/\/tourcruiser.com\/fr\/wp-json\/wp\/v2\/product_brand?post=774141"},{"taxonomy":"product_cat","embeddable":true,"href":"https:\/\/tourcruiser.com\/fr\/wp-json\/wp\/v2\/product_cat?post=774141"},{"taxonomy":"product_tag","embeddable":true,"href":"https:\/\/tourcruiser.com\/fr\/wp-json\/wp\/v2\/product_tag?post=774141"}],"curies":[{"name":"wp","href":"https:\/\/api.w.org\/{rel}","templated":true}]}}