{"id":774123,"date":"2026-04-16T17:16:26","date_gmt":"2026-04-16T10:16:26","guid":{"rendered":"http:\/\/tourcruiser.com\/product\/orchard-skateshop-x-new-england-revolution-x-adidas-samba-adv-the-liberty-kit-ig7925"},"modified":"2026-04-17T23:07:58","modified_gmt":"2026-04-17T16:07:58","slug":"orchard-skateshop-x-new-england-revolution-x-adidas-samba-adv-the-liberty-kit-ig7925","status":"publish","type":"product","link":"https:\/\/tourcruiser.com\/fr\/products\/orchard-skateshop-x-new-england-revolution-x-adidas-samba-adv-the-liberty-kit-ig7925\/","title":{"rendered":"Orchard Skateshop x New England Revolution x adidas Samba ADV &lsquo;The Liberty Kit&rsquo; IG7925"},"content":{"rendered":"<p>D\u00e9couvrez la Orchard Skateshop x New England Revolution x adidas Samba ADV \u00ab The Liberty Kit \u00bb IG7925 \u2013 une sneaker qui incarne l&rsquo;esprit de Boston. Cette collaboration en \u00e9dition limit\u00e9e arbore un coloris bleu marine et rouge inspir\u00e9 du blason du New England Revolution. La silhouette iconique de la Samba ADV est sublim\u00e9e par une empeigne en cuir premium, une semelle en caoutchouc et des d\u00e9tails Orchard Skateshop. C\u00e9l\u00e9brez l&rsquo;h\u00e9ritage footballistique et le style de la ville avec cette sneaker exclusive.<\/p>\n<p>Coloris : Bleu marine\/Bleu marine\/Argent m\u00e9tallis\u00e9<\/p>\n<p>R\u00e9f\u00e9rence : IG7925<\/p>\n<p>Mati\u00e8re ext\u00e9rieure : Cuir<\/p>\n<p>Couleur : Bleu marine<\/p>\n<p>Saison : Automne<\/p>\n<p>Ann\u00e9e de sortie : 2023<\/p>\n<p>\u00c2ge : Adulte<\/p>\n<p>Couleur : Ivoire p\u00e2le\/Vert p\u00e9trole-Blanc-Orange laser-Gris sable<\/p>\n<p>Genre : Homme<\/p>\n","protected":false},"excerpt":{"rendered":"<p>D\u00e9couvrez la Orchard Skateshop x New England Revolution x adidas Samba ADV \u00ab The Liberty Kit \u00bb IG7925 \u2013 une sneaker qui incarne l&rsquo;esprit de Boston. Cette collaboration en \u00e9dition limit\u00e9e arbore un coloris bleu marine et rouge inspir\u00e9 du blason du New England Revolution. La silhouette iconique de la Samba ADV est sublim\u00e9e par [&hellip;]<\/p>\n","protected":false},"featured_media":774124,"comment_status":"open","ping_status":"closed","template":"","meta":[],"product_brand":[],"product_cat":[10760],"product_tag":[10759,38892,38861,38842,12042,38846,11153],"class_list":{"0":"post-774123","1":"product","2":"type-product","3":"status-publish","4":"has-post-thumbnail","6":"product_cat-adidas","7":"product_tag-adidas","8":"product_tag-adidas-skateboard-shoes","9":"product_tag-below-retail-price","10":"product_tag-gift-idea-for-him","11":"product_tag-leather-skateboard-shoes","12":"product_tag-performance-sports-shoes","13":"product_tag-skateboard-shoes","14":"wcpa_has_options","16":"first","17":"instock","18":"taxable","19":"shipping-taxable","20":"purchasable","21":"product-type-simple"},"wcpa_form_fields":{"rules":{"pric_overide_base_price":false,"pric_overide_base_price_if_gt_zero":false,"pric_overide_base_price_fully":false,"pric_cal_option_once":false,"pric_use_as_fee":false,"bind_quantity":false,"quantity_bind_formula":false},"fields":[{"type":"color-group","required":true,"elementId":"wcpa-color-group-66c4a7f817afe","label":"Taille","inline":true,"priceOptions":"different_for_all","pricingType":"fixed","className":"hassizechart product-shoes-size-eu product-shoes-size","name":"color-group-66c4a7f817b18","disp_type":"square","selection_type":"tick-border","disp_size":"50","show_label_inside":true,"adjust_width":true,"cart_display_type":"text","other_text":"Other","cl_rule":"show","col":6,"values":[{"label":"35","value":"EU 35","price":"","pimage":"","pimage_id":"","pthumb":"","color":""},{"label":"35.5","value":"EU 35.5","price":"","pimage":"","pimage_id":"","pthumb":"","color":""},{"label":"36","value":"EU 36","price":"","pimage":"","pimage_id":"","pthumb":"","color":"","selected":true},{"label":"36 2\/3","value":"EU 36 2\/3","price":"","pimage":"","pimage_id":"","pthumb":"","color":""},{"label":"37 1\/3","value":"EU 37 1\/3","price":"","pimage":"","pimage_id":"","pthumb":"","color":""},{"label":"38","value":"EU 38","price":"","pimage":"","pimage_id":"","pthumb":"","color":""},{"label":"38 2\/3","value":"EU 38 2\/3","price":"","pimage":"","pimage_id":"","pthumb":"","color":""},{"label":"39 1\/3","value":"EU 39 1\/3","price":"","pimage":"","pimage_id":"","pthumb":"","color":""},{"label":"40","value":"EU 40","price":"","pimage":"","pimage_id":"","pthumb":"","color":""},{"label":"40 2\/3","value":"EU 40 2\/3","price":"","pimage":"","pimage_id":"","pthumb":"","color":""},{"label":"41 1\/3","value":"EU 41 1\/3","price":"","pimage":"","pimage_id":"","pthumb":"","color":""},{"label":"42","value":"EU 42","price":"","pimage":"","pimage_id":"","pthumb":"","color":""},{"label":"42 2\/3","value":"EU 42 2\/3","price":"","pimage":"","pimage_id":"","pthumb":"","color":""},{"label":"43 1\/3","value":"EU 43 1\/3","price":"","pimage":"","pimage_id":"","pthumb":"","color":""},{"label":"44","value":"EU 44","price":"","pimage":"","pimage_id":"","pthumb":"","color":""},{"label":"44 2\/3","value":"EU 44 2\/3","price":"","pimage":"","pimage_id":"","pthumb":"","color":""},{"label":"45 1\/3","value":"EU 45 1\/3","price":"","pimage":"","pimage_id":"","pthumb":"","color":""},{"label":"46","value":"EU 46","price":"","pimage":"","pimage_id":"","pthumb":"","color":""},{"label":"46 2\/3","value":"EU 46 2\/3","price":"","pimage":"","pimage_id":"","pthumb":"","color":""},{"label":"47 1\/3","value":"EU 47 1\/3","price":"","pimage":"","pimage_id":"","pthumb":"","color":""}],"relations":[{"operator":false,"rules":[]}],"form_id":24802,"form_rules":{"pric_cal_option_once":false,"exclude_from_discount":false,"pric_use_as_fee":false,"fee_label":"Fee","render_after_acb":false,"disp_hide_options_price":false}}]},"yoast_head":"<!-- This site is optimized with the Yoast SEO plugin v26.5 - https:\/\/yoast.com\/wordpress\/plugins\/seo\/ -->\n<title>Orchard Skateshop x New England Revolution x adidas Samba ADV &#039;The Liberty Kit&#039; IG7925 - TOURCRUISER PTE. LTD<\/title>\n<meta name=\"robots\" content=\"index, follow, max-snippet:-1, max-image-preview:large, max-video-preview:-1\" \/>\n<link rel=\"canonical\" href=\"https:\/\/tourcruiser.com\/fr\/products\/orchard-skateshop-x-new-england-revolution-x-adidas-samba-adv-the-liberty-kit-ig7925\/\" \/>\n<meta property=\"og:locale\" content=\"fr_FR\" \/>\n<meta property=\"og:type\" content=\"article\" \/>\n<meta property=\"og:title\" content=\"Orchard Skateshop x New England Revolution x adidas Samba ADV &#039;The Liberty Kit&#039; IG7925 - TOURCRUISER PTE. LTD\" \/>\n<meta property=\"og:description\" content=\"D\u00e9couvrez la Orchard Skateshop x New England Revolution x adidas Samba ADV \u00ab The Liberty Kit \u00bb IG7925 \u2013 une sneaker qui incarne l&rsquo;esprit de Boston. Cette collaboration en \u00e9dition limit\u00e9e arbore un coloris bleu marine et rouge inspir\u00e9 du blason du New England Revolution. La silhouette iconique de la Samba ADV est sublim\u00e9e par [&hellip;]\" \/>\n<meta property=\"og:url\" content=\"https:\/\/tourcruiser.com\/fr\/products\/orchard-skateshop-x-new-england-revolution-x-adidas-samba-adv-the-liberty-kit-ig7925\/\" \/>\n<meta property=\"og:site_name\" content=\"Tourcruiser Sneaker Store\" \/>\n<meta property=\"article:modified_time\" content=\"2026-04-17T16:07:58+00:00\" \/>\n<meta name=\"twitter:card\" content=\"summary_large_image\" \/>\n<meta name=\"twitter:image\" content=\"https:\/\/images.novelship.com\/product\/orchard_skateshop_x_new_england_revolution_x_adida_0_93135.jpeg;https:\/\/images.novelship.com\/product\/orchard_skateshop_x_new_england_revolution_x_adida_1_93135.jpeg;https:\/\/images.novelship.com\/product\/orchard_skateshop_x_new_england_revolution_x_adida_2_93136.jpeg;https:\/\/images.novelship.com\/product\/orchard_skateshop_x_new_england_revolution_x_adida_3_93136.jpeg;https:\/\/images.novelship.com\/product\/orchard_skateshop_x_new_england_revolution_x_adida_4_93136.jpeg;https:\/\/images.novelship.com\/product\/orchard_skateshop_x_new_england_revolution_x_adida_5_93136.jpeg;https:\/\/images.novelship.com\/product\/orchard_skateshop_x_new_england_revolution_x_adida_6_93136.jpeg;https:\/\/images.novelship.com\/product\/orchard_skateshop_x_new_england_revolution_x_adida_7_93136.jpeg\" \/>\n<meta name=\"twitter:label1\" content=\"Dur\u00e9e de lecture estim\u00e9e\" \/>\n\t<meta name=\"twitter:data1\" content=\"1 minute\" \/>\n<script type=\"application\/ld+json\" class=\"yoast-schema-graph\">{\"@context\":\"https:\/\/schema.org\",\"@graph\":[{\"@type\":\"WebPage\",\"@id\":\"https:\/\/tourcruiser.com\/fr\/products\/orchard-skateshop-x-new-england-revolution-x-adidas-samba-adv-the-liberty-kit-ig7925\/\",\"url\":\"https:\/\/tourcruiser.com\/fr\/products\/orchard-skateshop-x-new-england-revolution-x-adidas-samba-adv-the-liberty-kit-ig7925\/\",\"name\":\"Orchard Skateshop x New England Revolution x adidas Samba ADV 'The Liberty Kit' IG7925 - TOURCRUISER PTE. LTD\",\"isPartOf\":{\"@id\":\"\/#website\"},\"primaryImageOfPage\":{\"@id\":\"https:\/\/tourcruiser.com\/fr\/products\/orchard-skateshop-x-new-england-revolution-x-adidas-samba-adv-the-liberty-kit-ig7925\/#primaryimage\"},\"image\":{\"@id\":\"https:\/\/tourcruiser.com\/fr\/products\/orchard-skateshop-x-new-england-revolution-x-adidas-samba-adv-the-liberty-kit-ig7925\/#primaryimage\"},\"thumbnailUrl\":\"https:\/\/images.novelship.com\/product\/orchard_skateshop_x_new_england_revolution_x_adida_0_93135.jpeg;https:\/\/images.novelship.com\/product\/orchard_skateshop_x_new_england_revolution_x_adida_1_93135.jpeg;https:\/\/images.novelship.com\/product\/orchard_skateshop_x_new_england_revolution_x_adida_2_93136.jpeg;https:\/\/images.novelship.com\/product\/orchard_skateshop_x_new_england_revolution_x_adida_3_93136.jpeg;https:\/\/images.novelship.com\/product\/orchard_skateshop_x_new_england_revolution_x_adida_4_93136.jpeg;https:\/\/images.novelship.com\/product\/orchard_skateshop_x_new_england_revolution_x_adida_5_93136.jpeg;https:\/\/images.novelship.com\/product\/orchard_skateshop_x_new_england_revolution_x_adida_6_93136.jpeg;https:\/\/images.novelship.com\/product\/orchard_skateshop_x_new_england_revolution_x_adida_7_93136.jpeg\",\"datePublished\":\"2026-04-16T10:16:26+00:00\",\"dateModified\":\"2026-04-17T16:07:58+00:00\",\"breadcrumb\":{\"@id\":\"https:\/\/tourcruiser.com\/fr\/products\/orchard-skateshop-x-new-england-revolution-x-adidas-samba-adv-the-liberty-kit-ig7925\/#breadcrumb\"},\"inLanguage\":\"fr-FR\",\"potentialAction\":[{\"@type\":\"ReadAction\",\"target\":[\"https:\/\/tourcruiser.com\/fr\/products\/orchard-skateshop-x-new-england-revolution-x-adidas-samba-adv-the-liberty-kit-ig7925\/\"]}]},{\"@type\":\"ImageObject\",\"inLanguage\":\"fr-FR\",\"@id\":\"https:\/\/tourcruiser.com\/fr\/products\/orchard-skateshop-x-new-england-revolution-x-adidas-samba-adv-the-liberty-kit-ig7925\/#primaryimage\",\"url\":\"https:\/\/images.novelship.com\/product\/orchard_skateshop_x_new_england_revolution_x_adida_0_93135.jpeg;https:\/\/images.novelship.com\/product\/orchard_skateshop_x_new_england_revolution_x_adida_1_93135.jpeg;https:\/\/images.novelship.com\/product\/orchard_skateshop_x_new_england_revolution_x_adida_2_93136.jpeg;https:\/\/images.novelship.com\/product\/orchard_skateshop_x_new_england_revolution_x_adida_3_93136.jpeg;https:\/\/images.novelship.com\/product\/orchard_skateshop_x_new_england_revolution_x_adida_4_93136.jpeg;https:\/\/images.novelship.com\/product\/orchard_skateshop_x_new_england_revolution_x_adida_5_93136.jpeg;https:\/\/images.novelship.com\/product\/orchard_skateshop_x_new_england_revolution_x_adida_6_93136.jpeg;https:\/\/images.novelship.com\/product\/orchard_skateshop_x_new_england_revolution_x_adida_7_93136.jpeg\",\"contentUrl\":\"https:\/\/images.novelship.com\/product\/orchard_skateshop_x_new_england_revolution_x_adida_0_93135.jpeg;https:\/\/images.novelship.com\/product\/orchard_skateshop_x_new_england_revolution_x_adida_1_93135.jpeg;https:\/\/images.novelship.com\/product\/orchard_skateshop_x_new_england_revolution_x_adida_2_93136.jpeg;https:\/\/images.novelship.com\/product\/orchard_skateshop_x_new_england_revolution_x_adida_3_93136.jpeg;https:\/\/images.novelship.com\/product\/orchard_skateshop_x_new_england_revolution_x_adida_4_93136.jpeg;https:\/\/images.novelship.com\/product\/orchard_skateshop_x_new_england_revolution_x_adida_5_93136.jpeg;https:\/\/images.novelship.com\/product\/orchard_skateshop_x_new_england_revolution_x_adida_6_93136.jpeg;https:\/\/images.novelship.com\/product\/orchard_skateshop_x_new_england_revolution_x_adida_7_93136.jpeg\"},{\"@type\":\"BreadcrumbList\",\"@id\":\"https:\/\/tourcruiser.com\/fr\/products\/orchard-skateshop-x-new-england-revolution-x-adidas-samba-adv-the-liberty-kit-ig7925\/#breadcrumb\",\"itemListElement\":[{\"@type\":\"ListItem\",\"position\":1,\"name\":\"Home\",\"item\":\"https:\/\/tourcruiser.com\/fr\/\"},{\"@type\":\"ListItem\",\"position\":2,\"name\":\"Shop\",\"item\":\"https:\/\/tourcruiser.com\/fr\/shop\/\"},{\"@type\":\"ListItem\",\"position\":3,\"name\":\"Orchard Skateshop x New England Revolution x adidas Samba ADV &#8216;The Liberty Kit&#8217; IG7925\"}]},{\"@type\":\"WebSite\",\"@id\":\"\/#website\",\"url\":\"\/\",\"name\":\"Styloral Jewelry Shop\",\"description\":\"Tourcruiser Sneaker Store \u2014 L\u2019endroit o\u00f9 l\u2019univers rencontre votre singularit\u00e9.\",\"publisher\":{\"@id\":\"\/#organization\"},\"potentialAction\":[{\"@type\":\"SearchAction\",\"target\":{\"@type\":\"EntryPoint\",\"urlTemplate\":\"\/?s={search_term_string}\"},\"query-input\":{\"@type\":\"PropertyValueSpecification\",\"valueRequired\":true,\"valueName\":\"search_term_string\"}}],\"inLanguage\":\"fr-FR\"},{\"@type\":\"Organization\",\"@id\":\"\/#organization\",\"name\":\"STYLORAL PTE. LTD\",\"url\":\"\/\",\"logo\":{\"@type\":\"ImageObject\",\"inLanguage\":\"fr-FR\",\"@id\":\"\/#\/schema\/logo\/image\/\",\"url\":\"https:\/\/www.tourcruiser.com\/wp-content\/uploads\/2025\/12\/logo.png\",\"contentUrl\":\"https:\/\/www.tourcruiser.com\/wp-content\/uploads\/2025\/12\/logo.png\",\"width\":200,\"height\":65,\"caption\":\"STYLORAL PTE. LTD\"},\"image\":{\"@id\":\"\/#\/schema\/logo\/image\/\"}}]}<\/script>\n<!-- \/ Yoast SEO plugin. -->","yoast_head_json":{"title":"Orchard Skateshop x New England Revolution x adidas Samba ADV 'The Liberty Kit' IG7925 - TOURCRUISER PTE. LTD","robots":{"index":"index","follow":"follow","max-snippet":"max-snippet:-1","max-image-preview":"max-image-preview:large","max-video-preview":"max-video-preview:-1"},"canonical":"https:\/\/tourcruiser.com\/fr\/products\/orchard-skateshop-x-new-england-revolution-x-adidas-samba-adv-the-liberty-kit-ig7925\/","og_locale":"fr_FR","og_type":"article","og_title":"Orchard Skateshop x New England Revolution x adidas Samba ADV 'The Liberty Kit' IG7925 - TOURCRUISER PTE. LTD","og_description":"D\u00e9couvrez la Orchard Skateshop x New England Revolution x adidas Samba ADV \u00ab The Liberty Kit \u00bb IG7925 \u2013 une sneaker qui incarne l&rsquo;esprit de Boston. Cette collaboration en \u00e9dition limit\u00e9e arbore un coloris bleu marine et rouge inspir\u00e9 du blason du New England Revolution. La silhouette iconique de la Samba ADV est sublim\u00e9e par [&hellip;]","og_url":"https:\/\/tourcruiser.com\/fr\/products\/orchard-skateshop-x-new-england-revolution-x-adidas-samba-adv-the-liberty-kit-ig7925\/","og_site_name":"Tourcruiser Sneaker Store","article_modified_time":"2026-04-17T16:07:58+00:00","twitter_card":"summary_large_image","twitter_image":"https:\/\/images.novelship.com\/product\/orchard_skateshop_x_new_england_revolution_x_adida_0_93135.jpeg;https:\/\/images.novelship.com\/product\/orchard_skateshop_x_new_england_revolution_x_adida_1_93135.jpeg;https:\/\/images.novelship.com\/product\/orchard_skateshop_x_new_england_revolution_x_adida_2_93136.jpeg;https:\/\/images.novelship.com\/product\/orchard_skateshop_x_new_england_revolution_x_adida_3_93136.jpeg;https:\/\/images.novelship.com\/product\/orchard_skateshop_x_new_england_revolution_x_adida_4_93136.jpeg;https:\/\/images.novelship.com\/product\/orchard_skateshop_x_new_england_revolution_x_adida_5_93136.jpeg;https:\/\/images.novelship.com\/product\/orchard_skateshop_x_new_england_revolution_x_adida_6_93136.jpeg;https:\/\/images.novelship.com\/product\/orchard_skateshop_x_new_england_revolution_x_adida_7_93136.jpeg","twitter_misc":{"Dur\u00e9e de lecture estim\u00e9e":"1 minute"},"schema":{"@context":"https:\/\/schema.org","@graph":[{"@type":"WebPage","@id":"https:\/\/tourcruiser.com\/fr\/products\/orchard-skateshop-x-new-england-revolution-x-adidas-samba-adv-the-liberty-kit-ig7925\/","url":"https:\/\/tourcruiser.com\/fr\/products\/orchard-skateshop-x-new-england-revolution-x-adidas-samba-adv-the-liberty-kit-ig7925\/","name":"Orchard Skateshop x New England Revolution x adidas Samba ADV 'The Liberty Kit' IG7925 - TOURCRUISER PTE. LTD","isPartOf":{"@id":"\/#website"},"primaryImageOfPage":{"@id":"https:\/\/tourcruiser.com\/fr\/products\/orchard-skateshop-x-new-england-revolution-x-adidas-samba-adv-the-liberty-kit-ig7925\/#primaryimage"},"image":{"@id":"https:\/\/tourcruiser.com\/fr\/products\/orchard-skateshop-x-new-england-revolution-x-adidas-samba-adv-the-liberty-kit-ig7925\/#primaryimage"},"thumbnailUrl":"https:\/\/images.novelship.com\/product\/orchard_skateshop_x_new_england_revolution_x_adida_0_93135.jpeg;https:\/\/images.novelship.com\/product\/orchard_skateshop_x_new_england_revolution_x_adida_1_93135.jpeg;https:\/\/images.novelship.com\/product\/orchard_skateshop_x_new_england_revolution_x_adida_2_93136.jpeg;https:\/\/images.novelship.com\/product\/orchard_skateshop_x_new_england_revolution_x_adida_3_93136.jpeg;https:\/\/images.novelship.com\/product\/orchard_skateshop_x_new_england_revolution_x_adida_4_93136.jpeg;https:\/\/images.novelship.com\/product\/orchard_skateshop_x_new_england_revolution_x_adida_5_93136.jpeg;https:\/\/images.novelship.com\/product\/orchard_skateshop_x_new_england_revolution_x_adida_6_93136.jpeg;https:\/\/images.novelship.com\/product\/orchard_skateshop_x_new_england_revolution_x_adida_7_93136.jpeg","datePublished":"2026-04-16T10:16:26+00:00","dateModified":"2026-04-17T16:07:58+00:00","breadcrumb":{"@id":"https:\/\/tourcruiser.com\/fr\/products\/orchard-skateshop-x-new-england-revolution-x-adidas-samba-adv-the-liberty-kit-ig7925\/#breadcrumb"},"inLanguage":"fr-FR","potentialAction":[{"@type":"ReadAction","target":["https:\/\/tourcruiser.com\/fr\/products\/orchard-skateshop-x-new-england-revolution-x-adidas-samba-adv-the-liberty-kit-ig7925\/"]}]},{"@type":"ImageObject","inLanguage":"fr-FR","@id":"https:\/\/tourcruiser.com\/fr\/products\/orchard-skateshop-x-new-england-revolution-x-adidas-samba-adv-the-liberty-kit-ig7925\/#primaryimage","url":"https:\/\/images.novelship.com\/product\/orchard_skateshop_x_new_england_revolution_x_adida_0_93135.jpeg;https:\/\/images.novelship.com\/product\/orchard_skateshop_x_new_england_revolution_x_adida_1_93135.jpeg;https:\/\/images.novelship.com\/product\/orchard_skateshop_x_new_england_revolution_x_adida_2_93136.jpeg;https:\/\/images.novelship.com\/product\/orchard_skateshop_x_new_england_revolution_x_adida_3_93136.jpeg;https:\/\/images.novelship.com\/product\/orchard_skateshop_x_new_england_revolution_x_adida_4_93136.jpeg;https:\/\/images.novelship.com\/product\/orchard_skateshop_x_new_england_revolution_x_adida_5_93136.jpeg;https:\/\/images.novelship.com\/product\/orchard_skateshop_x_new_england_revolution_x_adida_6_93136.jpeg;https:\/\/images.novelship.com\/product\/orchard_skateshop_x_new_england_revolution_x_adida_7_93136.jpeg","contentUrl":"https:\/\/images.novelship.com\/product\/orchard_skateshop_x_new_england_revolution_x_adida_0_93135.jpeg;https:\/\/images.novelship.com\/product\/orchard_skateshop_x_new_england_revolution_x_adida_1_93135.jpeg;https:\/\/images.novelship.com\/product\/orchard_skateshop_x_new_england_revolution_x_adida_2_93136.jpeg;https:\/\/images.novelship.com\/product\/orchard_skateshop_x_new_england_revolution_x_adida_3_93136.jpeg;https:\/\/images.novelship.com\/product\/orchard_skateshop_x_new_england_revolution_x_adida_4_93136.jpeg;https:\/\/images.novelship.com\/product\/orchard_skateshop_x_new_england_revolution_x_adida_5_93136.jpeg;https:\/\/images.novelship.com\/product\/orchard_skateshop_x_new_england_revolution_x_adida_6_93136.jpeg;https:\/\/images.novelship.com\/product\/orchard_skateshop_x_new_england_revolution_x_adida_7_93136.jpeg"},{"@type":"BreadcrumbList","@id":"https:\/\/tourcruiser.com\/fr\/products\/orchard-skateshop-x-new-england-revolution-x-adidas-samba-adv-the-liberty-kit-ig7925\/#breadcrumb","itemListElement":[{"@type":"ListItem","position":1,"name":"Home","item":"https:\/\/tourcruiser.com\/fr\/"},{"@type":"ListItem","position":2,"name":"Shop","item":"https:\/\/tourcruiser.com\/fr\/shop\/"},{"@type":"ListItem","position":3,"name":"Orchard Skateshop x New England Revolution x adidas Samba ADV &#8216;The Liberty Kit&#8217; IG7925"}]},{"@type":"WebSite","@id":"\/#website","url":"\/","name":"Styloral Jewelry Shop","description":"Tourcruiser Sneaker Store \u2014 L\u2019endroit o\u00f9 l\u2019univers rencontre votre singularit\u00e9.","publisher":{"@id":"\/#organization"},"potentialAction":[{"@type":"SearchAction","target":{"@type":"EntryPoint","urlTemplate":"\/?s={search_term_string}"},"query-input":{"@type":"PropertyValueSpecification","valueRequired":true,"valueName":"search_term_string"}}],"inLanguage":"fr-FR"},{"@type":"Organization","@id":"\/#organization","name":"STYLORAL PTE. LTD","url":"\/","logo":{"@type":"ImageObject","inLanguage":"fr-FR","@id":"\/#\/schema\/logo\/image\/","url":"https:\/\/www.tourcruiser.com\/wp-content\/uploads\/2025\/12\/logo.png","contentUrl":"https:\/\/www.tourcruiser.com\/wp-content\/uploads\/2025\/12\/logo.png","width":200,"height":65,"caption":"STYLORAL PTE. LTD"},"image":{"@id":"\/#\/schema\/logo\/image\/"}}]}},"_links":{"self":[{"href":"https:\/\/tourcruiser.com\/fr\/wp-json\/wp\/v2\/product\/774123","targetHints":{"allow":["GET"]}}],"collection":[{"href":"https:\/\/tourcruiser.com\/fr\/wp-json\/wp\/v2\/product"}],"about":[{"href":"https:\/\/tourcruiser.com\/fr\/wp-json\/wp\/v2\/types\/product"}],"replies":[{"embeddable":true,"href":"https:\/\/tourcruiser.com\/fr\/wp-json\/wp\/v2\/comments?post=774123"}],"wp:featuredmedia":[{"embeddable":true,"href":"https:\/\/tourcruiser.com\/fr\/wp-json\/wp\/v2\/media\/774124"}],"wp:attachment":[{"href":"https:\/\/tourcruiser.com\/fr\/wp-json\/wp\/v2\/media?parent=774123"}],"wp:term":[{"taxonomy":"product_brand","embeddable":true,"href":"https:\/\/tourcruiser.com\/fr\/wp-json\/wp\/v2\/product_brand?post=774123"},{"taxonomy":"product_cat","embeddable":true,"href":"https:\/\/tourcruiser.com\/fr\/wp-json\/wp\/v2\/product_cat?post=774123"},{"taxonomy":"product_tag","embeddable":true,"href":"https:\/\/tourcruiser.com\/fr\/wp-json\/wp\/v2\/product_tag?post=774123"}],"curies":[{"name":"wp","href":"https:\/\/api.w.org\/{rel}","templated":true}]}}