{"id":774018,"date":"2026-04-16T17:16:22","date_gmt":"2026-04-16T10:16:22","guid":{"rendered":"http:\/\/tourcruiser.com\/product\/grade-school-air-jordan-1-mid-cement-true-blue-dq8423-014"},"modified":"2026-04-17T23:07:52","modified_gmt":"2026-04-17T16:07:52","slug":"grade-school-air-jordan-1-mid-cement-true-blue-dq8423-014","status":"publish","type":"product","link":"https:\/\/tourcruiser.com\/fr\/products\/grade-school-air-jordan-1-mid-cement-true-blue-dq8423-014\/","title":{"rendered":"(Grade School) Air Jordan 1 Mid &lsquo;Cement True Blue&rsquo; DQ8423-014"},"content":{"rendered":"<p>Affirmez votre style l\u00e9gendaire avec la Air Jordan 1 Mid \u00ab\u00a0Cement True Blue\u00a0\u00bb. Cette chaussure enfant arbore une empeigne classique en cuir blanc contrast\u00e9e par des empi\u00e8cements gris ciment et des touches embl\u00e9matiques de True Blue. L&rsquo;unit\u00e9 Air-Sole l\u00e9gendaire offre un confort optimal tout au long de la journ\u00e9e, tandis que la semelle ext\u00e9rieure en caoutchouc r\u00e9sistant garantit une durabilit\u00e9 exceptionnelle. \u00c0 chaque pas, affichez style et h\u00e9ritage.<\/p>\n<p>Coloris\u00a0: Gris ciment\/Blanc\/True Blue<br \/>\nCode article\u00a0: DQ8423-014<br \/>\nEmpeigne\u00a0: Cuir<br \/>\nCouleur\u00a0: Gris<br \/>\nDesigner\u00a0: Peter Moore<br \/>\nSaison\u00a0: Hiver<br \/>\nAnn\u00e9e de sortie\u00a0: 2023<\/p>\n<p>\u00c2ge\u00a0: Adulte<br \/>\nCouleur\u00a0: Blanc cass\u00e9\/Blanc nuage\/Blanc cass\u00e9<br \/>\nGenre\u00a0: Enfant<\/p>\n","protected":false},"excerpt":{"rendered":"<p>Affirmez votre style l\u00e9gendaire avec la Air Jordan 1 Mid \u00ab\u00a0Cement True Blue\u00a0\u00bb. Cette chaussure enfant arbore une empeigne classique en cuir blanc contrast\u00e9e par des empi\u00e8cements gris ciment et des touches embl\u00e9matiques de True Blue. L&rsquo;unit\u00e9 Air-Sole l\u00e9gendaire offre un confort optimal tout au long de la journ\u00e9e, tandis que la semelle ext\u00e9rieure en [&hellip;]<\/p>\n","protected":false},"featured_media":774019,"comment_status":"open","ping_status":"closed","template":"","meta":[],"product_brand":[],"product_cat":[38880],"product_tag":[10750,38861,38988,10776,11349,38875,10756,39039],"class_list":{"0":"post-774018","1":"product","2":"type-product","3":"status-publish","4":"has-post-thumbnail","6":"product_cat-jordan","7":"product_tag-athleisure-shoes","8":"product_tag-below-retail-price","9":"product_tag-casual-shoes-for-kids","10":"product_tag-jordan","11":"product_tag-jordan-basketball-shoes","12":"product_tag-jordan-skateboard-shoes","13":"product_tag-retro-casual-shoes","14":"product_tag-sneakers-for-kids","16":"first","17":"instock","18":"taxable","19":"shipping-taxable","20":"purchasable","21":"product-type-simple"},"wcpa_form_fields":null,"yoast_head":"<!-- This site is optimized with the Yoast SEO plugin v26.5 - https:\/\/yoast.com\/wordpress\/plugins\/seo\/ -->\n<title>(Grade School) Air Jordan 1 Mid &#039;Cement True Blue&#039; DQ8423-014 - TOURCRUISER PTE. LTD<\/title>\n<meta name=\"robots\" content=\"index, follow, max-snippet:-1, max-image-preview:large, max-video-preview:-1\" \/>\n<link rel=\"canonical\" href=\"https:\/\/tourcruiser.com\/fr\/products\/grade-school-air-jordan-1-mid-cement-true-blue-dq8423-014\/\" \/>\n<meta property=\"og:locale\" content=\"fr_FR\" \/>\n<meta property=\"og:type\" content=\"article\" \/>\n<meta property=\"og:title\" content=\"(Grade School) Air Jordan 1 Mid &#039;Cement True Blue&#039; DQ8423-014 - TOURCRUISER PTE. LTD\" \/>\n<meta property=\"og:description\" content=\"Affirmez votre style l\u00e9gendaire avec la Air Jordan 1 Mid \u00ab\u00a0Cement True Blue\u00a0\u00bb. Cette chaussure enfant arbore une empeigne classique en cuir blanc contrast\u00e9e par des empi\u00e8cements gris ciment et des touches embl\u00e9matiques de True Blue. L&rsquo;unit\u00e9 Air-Sole l\u00e9gendaire offre un confort optimal tout au long de la journ\u00e9e, tandis que la semelle ext\u00e9rieure en [&hellip;]\" \/>\n<meta property=\"og:url\" content=\"https:\/\/tourcruiser.com\/fr\/products\/grade-school-air-jordan-1-mid-cement-true-blue-dq8423-014\/\" \/>\n<meta property=\"og:site_name\" content=\"Tourcruiser Sneaker Store\" \/>\n<meta property=\"article:modified_time\" content=\"2026-04-17T16:07:52+00:00\" \/>\n<meta name=\"twitter:card\" content=\"summary_large_image\" \/>\n<meta name=\"twitter:image\" content=\"https:\/\/images.novelship.com\/product\/_grade_school__air_jordan_1_mid__cement_true_blue__0_6535.jpeg;https:\/\/images.novelship.com\/product\/_grade_school__air_jordan_1_mid__cement_true_blue__1_6535.jpeg;https:\/\/images.novelship.com\/product\/_grade_school__air_jordan_1_mid__cement_true_blue__2_6536.jpeg;https:\/\/images.novelship.com\/product\/_grade_school__air_jordan_1_mid__cement_true_blue__3_6536.jpeg;https:\/\/images.novelship.com\/product\/_grade_school__air_jordan_1_mid__cement_true_blue__4_6536.jpeg;https:\/\/images.novelship.com\/product\/_grade_school__air_jordan_1_mid__cement_true_blue__5_6536.jpeg;https:\/\/images.novelship.com\/product\/_grade_school__air_jordan_1_mid__cement_true_blue__6_6536.jpeg;https:\/\/images.novelship.com\/product\/_grade_school__air_jordan_1_mid__cement_true_blue__7_6536.jpeg\" \/>\n<meta name=\"twitter:label1\" content=\"Dur\u00e9e de lecture estim\u00e9e\" \/>\n\t<meta name=\"twitter:data1\" content=\"1 minute\" \/>\n<script type=\"application\/ld+json\" class=\"yoast-schema-graph\">{\"@context\":\"https:\/\/schema.org\",\"@graph\":[{\"@type\":\"WebPage\",\"@id\":\"https:\/\/tourcruiser.com\/fr\/products\/grade-school-air-jordan-1-mid-cement-true-blue-dq8423-014\/\",\"url\":\"https:\/\/tourcruiser.com\/fr\/products\/grade-school-air-jordan-1-mid-cement-true-blue-dq8423-014\/\",\"name\":\"(Grade School) Air Jordan 1 Mid 'Cement True Blue' DQ8423-014 - TOURCRUISER PTE. LTD\",\"isPartOf\":{\"@id\":\"\/#website\"},\"primaryImageOfPage\":{\"@id\":\"https:\/\/tourcruiser.com\/fr\/products\/grade-school-air-jordan-1-mid-cement-true-blue-dq8423-014\/#primaryimage\"},\"image\":{\"@id\":\"https:\/\/tourcruiser.com\/fr\/products\/grade-school-air-jordan-1-mid-cement-true-blue-dq8423-014\/#primaryimage\"},\"thumbnailUrl\":\"https:\/\/images.novelship.com\/product\/_grade_school__air_jordan_1_mid__cement_true_blue__0_6535.jpeg;https:\/\/images.novelship.com\/product\/_grade_school__air_jordan_1_mid__cement_true_blue__1_6535.jpeg;https:\/\/images.novelship.com\/product\/_grade_school__air_jordan_1_mid__cement_true_blue__2_6536.jpeg;https:\/\/images.novelship.com\/product\/_grade_school__air_jordan_1_mid__cement_true_blue__3_6536.jpeg;https:\/\/images.novelship.com\/product\/_grade_school__air_jordan_1_mid__cement_true_blue__4_6536.jpeg;https:\/\/images.novelship.com\/product\/_grade_school__air_jordan_1_mid__cement_true_blue__5_6536.jpeg;https:\/\/images.novelship.com\/product\/_grade_school__air_jordan_1_mid__cement_true_blue__6_6536.jpeg;https:\/\/images.novelship.com\/product\/_grade_school__air_jordan_1_mid__cement_true_blue__7_6536.jpeg\",\"datePublished\":\"2026-04-16T10:16:22+00:00\",\"dateModified\":\"2026-04-17T16:07:52+00:00\",\"breadcrumb\":{\"@id\":\"https:\/\/tourcruiser.com\/fr\/products\/grade-school-air-jordan-1-mid-cement-true-blue-dq8423-014\/#breadcrumb\"},\"inLanguage\":\"fr-FR\",\"potentialAction\":[{\"@type\":\"ReadAction\",\"target\":[\"https:\/\/tourcruiser.com\/fr\/products\/grade-school-air-jordan-1-mid-cement-true-blue-dq8423-014\/\"]}]},{\"@type\":\"ImageObject\",\"inLanguage\":\"fr-FR\",\"@id\":\"https:\/\/tourcruiser.com\/fr\/products\/grade-school-air-jordan-1-mid-cement-true-blue-dq8423-014\/#primaryimage\",\"url\":\"https:\/\/images.novelship.com\/product\/_grade_school__air_jordan_1_mid__cement_true_blue__0_6535.jpeg;https:\/\/images.novelship.com\/product\/_grade_school__air_jordan_1_mid__cement_true_blue__1_6535.jpeg;https:\/\/images.novelship.com\/product\/_grade_school__air_jordan_1_mid__cement_true_blue__2_6536.jpeg;https:\/\/images.novelship.com\/product\/_grade_school__air_jordan_1_mid__cement_true_blue__3_6536.jpeg;https:\/\/images.novelship.com\/product\/_grade_school__air_jordan_1_mid__cement_true_blue__4_6536.jpeg;https:\/\/images.novelship.com\/product\/_grade_school__air_jordan_1_mid__cement_true_blue__5_6536.jpeg;https:\/\/images.novelship.com\/product\/_grade_school__air_jordan_1_mid__cement_true_blue__6_6536.jpeg;https:\/\/images.novelship.com\/product\/_grade_school__air_jordan_1_mid__cement_true_blue__7_6536.jpeg\",\"contentUrl\":\"https:\/\/images.novelship.com\/product\/_grade_school__air_jordan_1_mid__cement_true_blue__0_6535.jpeg;https:\/\/images.novelship.com\/product\/_grade_school__air_jordan_1_mid__cement_true_blue__1_6535.jpeg;https:\/\/images.novelship.com\/product\/_grade_school__air_jordan_1_mid__cement_true_blue__2_6536.jpeg;https:\/\/images.novelship.com\/product\/_grade_school__air_jordan_1_mid__cement_true_blue__3_6536.jpeg;https:\/\/images.novelship.com\/product\/_grade_school__air_jordan_1_mid__cement_true_blue__4_6536.jpeg;https:\/\/images.novelship.com\/product\/_grade_school__air_jordan_1_mid__cement_true_blue__5_6536.jpeg;https:\/\/images.novelship.com\/product\/_grade_school__air_jordan_1_mid__cement_true_blue__6_6536.jpeg;https:\/\/images.novelship.com\/product\/_grade_school__air_jordan_1_mid__cement_true_blue__7_6536.jpeg\"},{\"@type\":\"BreadcrumbList\",\"@id\":\"https:\/\/tourcruiser.com\/fr\/products\/grade-school-air-jordan-1-mid-cement-true-blue-dq8423-014\/#breadcrumb\",\"itemListElement\":[{\"@type\":\"ListItem\",\"position\":1,\"name\":\"Home\",\"item\":\"https:\/\/tourcruiser.com\/fr\/\"},{\"@type\":\"ListItem\",\"position\":2,\"name\":\"Shop\",\"item\":\"https:\/\/tourcruiser.com\/fr\/shop\/\"},{\"@type\":\"ListItem\",\"position\":3,\"name\":\"(Grade School) Air Jordan 1 Mid &#8216;Cement True Blue&#8217; DQ8423-014\"}]},{\"@type\":\"WebSite\",\"@id\":\"\/#website\",\"url\":\"\/\",\"name\":\"Styloral Jewelry Shop\",\"description\":\"Tourcruiser Sneaker Store \u2014 L\u2019endroit o\u00f9 l\u2019univers rencontre votre singularit\u00e9.\",\"publisher\":{\"@id\":\"\/#organization\"},\"potentialAction\":[{\"@type\":\"SearchAction\",\"target\":{\"@type\":\"EntryPoint\",\"urlTemplate\":\"\/?s={search_term_string}\"},\"query-input\":{\"@type\":\"PropertyValueSpecification\",\"valueRequired\":true,\"valueName\":\"search_term_string\"}}],\"inLanguage\":\"fr-FR\"},{\"@type\":\"Organization\",\"@id\":\"\/#organization\",\"name\":\"STYLORAL PTE. LTD\",\"url\":\"\/\",\"logo\":{\"@type\":\"ImageObject\",\"inLanguage\":\"fr-FR\",\"@id\":\"\/#\/schema\/logo\/image\/\",\"url\":\"https:\/\/www.tourcruiser.com\/wp-content\/uploads\/2025\/12\/logo.png\",\"contentUrl\":\"https:\/\/www.tourcruiser.com\/wp-content\/uploads\/2025\/12\/logo.png\",\"width\":200,\"height\":65,\"caption\":\"STYLORAL PTE. LTD\"},\"image\":{\"@id\":\"\/#\/schema\/logo\/image\/\"}}]}<\/script>\n<!-- \/ Yoast SEO plugin. -->","yoast_head_json":{"title":"(Grade School) Air Jordan 1 Mid 'Cement True Blue' DQ8423-014 - TOURCRUISER PTE. LTD","robots":{"index":"index","follow":"follow","max-snippet":"max-snippet:-1","max-image-preview":"max-image-preview:large","max-video-preview":"max-video-preview:-1"},"canonical":"https:\/\/tourcruiser.com\/fr\/products\/grade-school-air-jordan-1-mid-cement-true-blue-dq8423-014\/","og_locale":"fr_FR","og_type":"article","og_title":"(Grade School) Air Jordan 1 Mid 'Cement True Blue' DQ8423-014 - TOURCRUISER PTE. LTD","og_description":"Affirmez votre style l\u00e9gendaire avec la Air Jordan 1 Mid \u00ab\u00a0Cement True Blue\u00a0\u00bb. Cette chaussure enfant arbore une empeigne classique en cuir blanc contrast\u00e9e par des empi\u00e8cements gris ciment et des touches embl\u00e9matiques de True Blue. L&rsquo;unit\u00e9 Air-Sole l\u00e9gendaire offre un confort optimal tout au long de la journ\u00e9e, tandis que la semelle ext\u00e9rieure en [&hellip;]","og_url":"https:\/\/tourcruiser.com\/fr\/products\/grade-school-air-jordan-1-mid-cement-true-blue-dq8423-014\/","og_site_name":"Tourcruiser Sneaker Store","article_modified_time":"2026-04-17T16:07:52+00:00","twitter_card":"summary_large_image","twitter_image":"https:\/\/images.novelship.com\/product\/_grade_school__air_jordan_1_mid__cement_true_blue__0_6535.jpeg;https:\/\/images.novelship.com\/product\/_grade_school__air_jordan_1_mid__cement_true_blue__1_6535.jpeg;https:\/\/images.novelship.com\/product\/_grade_school__air_jordan_1_mid__cement_true_blue__2_6536.jpeg;https:\/\/images.novelship.com\/product\/_grade_school__air_jordan_1_mid__cement_true_blue__3_6536.jpeg;https:\/\/images.novelship.com\/product\/_grade_school__air_jordan_1_mid__cement_true_blue__4_6536.jpeg;https:\/\/images.novelship.com\/product\/_grade_school__air_jordan_1_mid__cement_true_blue__5_6536.jpeg;https:\/\/images.novelship.com\/product\/_grade_school__air_jordan_1_mid__cement_true_blue__6_6536.jpeg;https:\/\/images.novelship.com\/product\/_grade_school__air_jordan_1_mid__cement_true_blue__7_6536.jpeg","twitter_misc":{"Dur\u00e9e de lecture estim\u00e9e":"1 minute"},"schema":{"@context":"https:\/\/schema.org","@graph":[{"@type":"WebPage","@id":"https:\/\/tourcruiser.com\/fr\/products\/grade-school-air-jordan-1-mid-cement-true-blue-dq8423-014\/","url":"https:\/\/tourcruiser.com\/fr\/products\/grade-school-air-jordan-1-mid-cement-true-blue-dq8423-014\/","name":"(Grade School) Air Jordan 1 Mid 'Cement True Blue' DQ8423-014 - TOURCRUISER PTE. LTD","isPartOf":{"@id":"\/#website"},"primaryImageOfPage":{"@id":"https:\/\/tourcruiser.com\/fr\/products\/grade-school-air-jordan-1-mid-cement-true-blue-dq8423-014\/#primaryimage"},"image":{"@id":"https:\/\/tourcruiser.com\/fr\/products\/grade-school-air-jordan-1-mid-cement-true-blue-dq8423-014\/#primaryimage"},"thumbnailUrl":"https:\/\/images.novelship.com\/product\/_grade_school__air_jordan_1_mid__cement_true_blue__0_6535.jpeg;https:\/\/images.novelship.com\/product\/_grade_school__air_jordan_1_mid__cement_true_blue__1_6535.jpeg;https:\/\/images.novelship.com\/product\/_grade_school__air_jordan_1_mid__cement_true_blue__2_6536.jpeg;https:\/\/images.novelship.com\/product\/_grade_school__air_jordan_1_mid__cement_true_blue__3_6536.jpeg;https:\/\/images.novelship.com\/product\/_grade_school__air_jordan_1_mid__cement_true_blue__4_6536.jpeg;https:\/\/images.novelship.com\/product\/_grade_school__air_jordan_1_mid__cement_true_blue__5_6536.jpeg;https:\/\/images.novelship.com\/product\/_grade_school__air_jordan_1_mid__cement_true_blue__6_6536.jpeg;https:\/\/images.novelship.com\/product\/_grade_school__air_jordan_1_mid__cement_true_blue__7_6536.jpeg","datePublished":"2026-04-16T10:16:22+00:00","dateModified":"2026-04-17T16:07:52+00:00","breadcrumb":{"@id":"https:\/\/tourcruiser.com\/fr\/products\/grade-school-air-jordan-1-mid-cement-true-blue-dq8423-014\/#breadcrumb"},"inLanguage":"fr-FR","potentialAction":[{"@type":"ReadAction","target":["https:\/\/tourcruiser.com\/fr\/products\/grade-school-air-jordan-1-mid-cement-true-blue-dq8423-014\/"]}]},{"@type":"ImageObject","inLanguage":"fr-FR","@id":"https:\/\/tourcruiser.com\/fr\/products\/grade-school-air-jordan-1-mid-cement-true-blue-dq8423-014\/#primaryimage","url":"https:\/\/images.novelship.com\/product\/_grade_school__air_jordan_1_mid__cement_true_blue__0_6535.jpeg;https:\/\/images.novelship.com\/product\/_grade_school__air_jordan_1_mid__cement_true_blue__1_6535.jpeg;https:\/\/images.novelship.com\/product\/_grade_school__air_jordan_1_mid__cement_true_blue__2_6536.jpeg;https:\/\/images.novelship.com\/product\/_grade_school__air_jordan_1_mid__cement_true_blue__3_6536.jpeg;https:\/\/images.novelship.com\/product\/_grade_school__air_jordan_1_mid__cement_true_blue__4_6536.jpeg;https:\/\/images.novelship.com\/product\/_grade_school__air_jordan_1_mid__cement_true_blue__5_6536.jpeg;https:\/\/images.novelship.com\/product\/_grade_school__air_jordan_1_mid__cement_true_blue__6_6536.jpeg;https:\/\/images.novelship.com\/product\/_grade_school__air_jordan_1_mid__cement_true_blue__7_6536.jpeg","contentUrl":"https:\/\/images.novelship.com\/product\/_grade_school__air_jordan_1_mid__cement_true_blue__0_6535.jpeg;https:\/\/images.novelship.com\/product\/_grade_school__air_jordan_1_mid__cement_true_blue__1_6535.jpeg;https:\/\/images.novelship.com\/product\/_grade_school__air_jordan_1_mid__cement_true_blue__2_6536.jpeg;https:\/\/images.novelship.com\/product\/_grade_school__air_jordan_1_mid__cement_true_blue__3_6536.jpeg;https:\/\/images.novelship.com\/product\/_grade_school__air_jordan_1_mid__cement_true_blue__4_6536.jpeg;https:\/\/images.novelship.com\/product\/_grade_school__air_jordan_1_mid__cement_true_blue__5_6536.jpeg;https:\/\/images.novelship.com\/product\/_grade_school__air_jordan_1_mid__cement_true_blue__6_6536.jpeg;https:\/\/images.novelship.com\/product\/_grade_school__air_jordan_1_mid__cement_true_blue__7_6536.jpeg"},{"@type":"BreadcrumbList","@id":"https:\/\/tourcruiser.com\/fr\/products\/grade-school-air-jordan-1-mid-cement-true-blue-dq8423-014\/#breadcrumb","itemListElement":[{"@type":"ListItem","position":1,"name":"Home","item":"https:\/\/tourcruiser.com\/fr\/"},{"@type":"ListItem","position":2,"name":"Shop","item":"https:\/\/tourcruiser.com\/fr\/shop\/"},{"@type":"ListItem","position":3,"name":"(Grade School) Air Jordan 1 Mid &#8216;Cement True Blue&#8217; DQ8423-014"}]},{"@type":"WebSite","@id":"\/#website","url":"\/","name":"Styloral Jewelry Shop","description":"Tourcruiser Sneaker Store \u2014 L\u2019endroit o\u00f9 l\u2019univers rencontre votre singularit\u00e9.","publisher":{"@id":"\/#organization"},"potentialAction":[{"@type":"SearchAction","target":{"@type":"EntryPoint","urlTemplate":"\/?s={search_term_string}"},"query-input":{"@type":"PropertyValueSpecification","valueRequired":true,"valueName":"search_term_string"}}],"inLanguage":"fr-FR"},{"@type":"Organization","@id":"\/#organization","name":"STYLORAL PTE. LTD","url":"\/","logo":{"@type":"ImageObject","inLanguage":"fr-FR","@id":"\/#\/schema\/logo\/image\/","url":"https:\/\/www.tourcruiser.com\/wp-content\/uploads\/2025\/12\/logo.png","contentUrl":"https:\/\/www.tourcruiser.com\/wp-content\/uploads\/2025\/12\/logo.png","width":200,"height":65,"caption":"STYLORAL PTE. LTD"},"image":{"@id":"\/#\/schema\/logo\/image\/"}}]}},"_links":{"self":[{"href":"https:\/\/tourcruiser.com\/fr\/wp-json\/wp\/v2\/product\/774018","targetHints":{"allow":["GET"]}}],"collection":[{"href":"https:\/\/tourcruiser.com\/fr\/wp-json\/wp\/v2\/product"}],"about":[{"href":"https:\/\/tourcruiser.com\/fr\/wp-json\/wp\/v2\/types\/product"}],"replies":[{"embeddable":true,"href":"https:\/\/tourcruiser.com\/fr\/wp-json\/wp\/v2\/comments?post=774018"}],"wp:featuredmedia":[{"embeddable":true,"href":"https:\/\/tourcruiser.com\/fr\/wp-json\/wp\/v2\/media\/774019"}],"wp:attachment":[{"href":"https:\/\/tourcruiser.com\/fr\/wp-json\/wp\/v2\/media?parent=774018"}],"wp:term":[{"taxonomy":"product_brand","embeddable":true,"href":"https:\/\/tourcruiser.com\/fr\/wp-json\/wp\/v2\/product_brand?post=774018"},{"taxonomy":"product_cat","embeddable":true,"href":"https:\/\/tourcruiser.com\/fr\/wp-json\/wp\/v2\/product_cat?post=774018"},{"taxonomy":"product_tag","embeddable":true,"href":"https:\/\/tourcruiser.com\/fr\/wp-json\/wp\/v2\/product_tag?post=774018"}],"curies":[{"name":"wp","href":"https:\/\/api.w.org\/{rel}","templated":true}]}}