{"id":773762,"date":"2026-04-16T17:16:14","date_gmt":"2026-04-16T10:16:14","guid":{"rendered":"http:\/\/tourcruiser.com\/product\/grade-school-air-jordan-1-mid-barely-grape-dq8423-501"},"modified":"2026-04-17T23:07:35","modified_gmt":"2026-04-17T16:07:35","slug":"grade-school-air-jordan-1-mid-barely-grape-dq8423-501","status":"publish","type":"product","link":"https:\/\/tourcruiser.com\/fr\/products\/grade-school-air-jordan-1-mid-barely-grape-dq8423-501\/","title":{"rendered":"(Grade School) Air Jordan 1 Mid &lsquo;Barely Grape&rsquo; DQ8423-501"},"content":{"rendered":"<p>Affirmez votre style avec les sneakers Air Jordan 1 Mid Barely Grape (GS) de Jordan. Ces sneakers styl\u00e9es s\u00e9duisent par leur design \u00e9l\u00e9gant et leur teinte marron clair. Elles sont parfaites pour toutes les occasions, d\u00e9contract\u00e9es ou sportives. Profitez d&rsquo;un confort et d&rsquo;un style ultimes avec ces sneakers Air Jordan.<\/p>\n<p>Coloris\u00a0: Barely Grape\/Noir-Blanc-Fuchsia<br \/>\nCode article\u00a0: DQ8423-501<br \/>\nTige\u00a0: Cuir<br \/>\nSemelle interm\u00e9diaire\u00a0: Air<br \/>\nCouleur\u00a0: Blanc<br \/>\nDesigner\u00a0: Peter Moore<br \/>\nSaison\u00a0: Hiver<br \/>\nAnn\u00e9e de sortie\u00a0: 2022<\/p>\n<p>\u00c2ge\u00a0: Adulte<br \/>\nCouleur\u00a0: Obsidian Mist\/Noir\/Vert Aurore\/Chrome<br \/>\nGenre\u00a0: Jeune<\/p>\n","protected":false},"excerpt":{"rendered":"<p>Affirmez votre style avec les sneakers Air Jordan 1 Mid Barely Grape (GS) de Jordan. Ces sneakers styl\u00e9es s\u00e9duisent par leur design \u00e9l\u00e9gant et leur teinte marron clair. Elles sont parfaites pour toutes les occasions, d\u00e9contract\u00e9es ou sportives. Profitez d&rsquo;un confort et d&rsquo;un style ultimes avec ces sneakers Air Jordan. Coloris\u00a0: Barely Grape\/Noir-Blanc-Fuchsia Code article\u00a0: [&hellip;]<\/p>\n","protected":false},"featured_media":773763,"comment_status":"open","ping_status":"closed","template":"","meta":[],"product_brand":[],"product_cat":[38880],"product_tag":[10750,38861,38988,10776,11349,38875,10756,39039],"class_list":{"0":"post-773762","1":"product","2":"type-product","3":"status-publish","4":"has-post-thumbnail","6":"product_cat-jordan","7":"product_tag-athleisure-shoes","8":"product_tag-below-retail-price","9":"product_tag-casual-shoes-for-kids","10":"product_tag-jordan","11":"product_tag-jordan-basketball-shoes","12":"product_tag-jordan-skateboard-shoes","13":"product_tag-retro-casual-shoes","14":"product_tag-sneakers-for-kids","16":"first","17":"instock","18":"taxable","19":"shipping-taxable","20":"purchasable","21":"product-type-simple"},"wcpa_form_fields":null,"yoast_head":"<!-- This site is optimized with the Yoast SEO plugin v26.5 - https:\/\/yoast.com\/wordpress\/plugins\/seo\/ -->\n<title>(Grade School) Air Jordan 1 Mid &#039;Barely Grape&#039; DQ8423-501 - TOURCRUISER PTE. LTD<\/title>\n<meta name=\"robots\" content=\"index, follow, max-snippet:-1, max-image-preview:large, max-video-preview:-1\" \/>\n<link rel=\"canonical\" href=\"https:\/\/tourcruiser.com\/fr\/products\/grade-school-air-jordan-1-mid-barely-grape-dq8423-501\/\" \/>\n<meta property=\"og:locale\" content=\"fr_FR\" \/>\n<meta property=\"og:type\" content=\"article\" \/>\n<meta property=\"og:title\" content=\"(Grade School) Air Jordan 1 Mid &#039;Barely Grape&#039; DQ8423-501 - TOURCRUISER PTE. LTD\" \/>\n<meta property=\"og:description\" content=\"Affirmez votre style avec les sneakers Air Jordan 1 Mid Barely Grape (GS) de Jordan. Ces sneakers styl\u00e9es s\u00e9duisent par leur design \u00e9l\u00e9gant et leur teinte marron clair. Elles sont parfaites pour toutes les occasions, d\u00e9contract\u00e9es ou sportives. Profitez d&rsquo;un confort et d&rsquo;un style ultimes avec ces sneakers Air Jordan. Coloris\u00a0: Barely Grape\/Noir-Blanc-Fuchsia Code article\u00a0: [&hellip;]\" \/>\n<meta property=\"og:url\" content=\"https:\/\/tourcruiser.com\/fr\/products\/grade-school-air-jordan-1-mid-barely-grape-dq8423-501\/\" \/>\n<meta property=\"og:site_name\" content=\"Tourcruiser Sneaker Store\" \/>\n<meta property=\"article:modified_time\" content=\"2026-04-17T16:07:35+00:00\" \/>\n<meta name=\"twitter:card\" content=\"summary_large_image\" \/>\n<meta name=\"twitter:image\" content=\"https:\/\/images.novelship.com\/product\/_grade_school__air_jordan_1_mid__barely_grape__dq8_0_87221.jpeg;https:\/\/images.novelship.com\/product\/_grade_school__air_jordan_1_mid__barely_grape__dq8_1_87221.jpeg;https:\/\/images.novelship.com\/product\/_grade_school__air_jordan_1_mid__barely_grape__dq8_2_87221.jpeg;https:\/\/images.novelship.com\/product\/_grade_school__air_jordan_1_mid__barely_grape__dq8_3_87221.jpeg;https:\/\/images.novelship.com\/product\/_grade_school__air_jordan_1_mid__barely_grape__dq8_4_87221.jpeg;https:\/\/images.novelship.com\/product\/_grade_school__air_jordan_1_mid__barely_grape__dq8_5_87221.jpeg;https:\/\/images.novelship.com\/product\/_grade_school__air_jordan_1_mid__barely_grape__dq8_6_87221.jpeg;https:\/\/images.novelship.com\/product\/_grade_school__air_jordan_1_mid__barely_grape__dq8_7_87221.jpeg\" \/>\n<script type=\"application\/ld+json\" class=\"yoast-schema-graph\">{\"@context\":\"https:\/\/schema.org\",\"@graph\":[{\"@type\":\"WebPage\",\"@id\":\"https:\/\/tourcruiser.com\/fr\/products\/grade-school-air-jordan-1-mid-barely-grape-dq8423-501\/\",\"url\":\"https:\/\/tourcruiser.com\/fr\/products\/grade-school-air-jordan-1-mid-barely-grape-dq8423-501\/\",\"name\":\"(Grade School) Air Jordan 1 Mid 'Barely Grape' DQ8423-501 - TOURCRUISER PTE. LTD\",\"isPartOf\":{\"@id\":\"\/#website\"},\"primaryImageOfPage\":{\"@id\":\"https:\/\/tourcruiser.com\/fr\/products\/grade-school-air-jordan-1-mid-barely-grape-dq8423-501\/#primaryimage\"},\"image\":{\"@id\":\"https:\/\/tourcruiser.com\/fr\/products\/grade-school-air-jordan-1-mid-barely-grape-dq8423-501\/#primaryimage\"},\"thumbnailUrl\":\"https:\/\/images.novelship.com\/product\/_grade_school__air_jordan_1_mid__barely_grape__dq8_0_87221.jpeg;https:\/\/images.novelship.com\/product\/_grade_school__air_jordan_1_mid__barely_grape__dq8_1_87221.jpeg;https:\/\/images.novelship.com\/product\/_grade_school__air_jordan_1_mid__barely_grape__dq8_2_87221.jpeg;https:\/\/images.novelship.com\/product\/_grade_school__air_jordan_1_mid__barely_grape__dq8_3_87221.jpeg;https:\/\/images.novelship.com\/product\/_grade_school__air_jordan_1_mid__barely_grape__dq8_4_87221.jpeg;https:\/\/images.novelship.com\/product\/_grade_school__air_jordan_1_mid__barely_grape__dq8_5_87221.jpeg;https:\/\/images.novelship.com\/product\/_grade_school__air_jordan_1_mid__barely_grape__dq8_6_87221.jpeg;https:\/\/images.novelship.com\/product\/_grade_school__air_jordan_1_mid__barely_grape__dq8_7_87221.jpeg\",\"datePublished\":\"2026-04-16T10:16:14+00:00\",\"dateModified\":\"2026-04-17T16:07:35+00:00\",\"breadcrumb\":{\"@id\":\"https:\/\/tourcruiser.com\/fr\/products\/grade-school-air-jordan-1-mid-barely-grape-dq8423-501\/#breadcrumb\"},\"inLanguage\":\"fr-FR\",\"potentialAction\":[{\"@type\":\"ReadAction\",\"target\":[\"https:\/\/tourcruiser.com\/fr\/products\/grade-school-air-jordan-1-mid-barely-grape-dq8423-501\/\"]}]},{\"@type\":\"ImageObject\",\"inLanguage\":\"fr-FR\",\"@id\":\"https:\/\/tourcruiser.com\/fr\/products\/grade-school-air-jordan-1-mid-barely-grape-dq8423-501\/#primaryimage\",\"url\":\"https:\/\/images.novelship.com\/product\/_grade_school__air_jordan_1_mid__barely_grape__dq8_0_87221.jpeg;https:\/\/images.novelship.com\/product\/_grade_school__air_jordan_1_mid__barely_grape__dq8_1_87221.jpeg;https:\/\/images.novelship.com\/product\/_grade_school__air_jordan_1_mid__barely_grape__dq8_2_87221.jpeg;https:\/\/images.novelship.com\/product\/_grade_school__air_jordan_1_mid__barely_grape__dq8_3_87221.jpeg;https:\/\/images.novelship.com\/product\/_grade_school__air_jordan_1_mid__barely_grape__dq8_4_87221.jpeg;https:\/\/images.novelship.com\/product\/_grade_school__air_jordan_1_mid__barely_grape__dq8_5_87221.jpeg;https:\/\/images.novelship.com\/product\/_grade_school__air_jordan_1_mid__barely_grape__dq8_6_87221.jpeg;https:\/\/images.novelship.com\/product\/_grade_school__air_jordan_1_mid__barely_grape__dq8_7_87221.jpeg\",\"contentUrl\":\"https:\/\/images.novelship.com\/product\/_grade_school__air_jordan_1_mid__barely_grape__dq8_0_87221.jpeg;https:\/\/images.novelship.com\/product\/_grade_school__air_jordan_1_mid__barely_grape__dq8_1_87221.jpeg;https:\/\/images.novelship.com\/product\/_grade_school__air_jordan_1_mid__barely_grape__dq8_2_87221.jpeg;https:\/\/images.novelship.com\/product\/_grade_school__air_jordan_1_mid__barely_grape__dq8_3_87221.jpeg;https:\/\/images.novelship.com\/product\/_grade_school__air_jordan_1_mid__barely_grape__dq8_4_87221.jpeg;https:\/\/images.novelship.com\/product\/_grade_school__air_jordan_1_mid__barely_grape__dq8_5_87221.jpeg;https:\/\/images.novelship.com\/product\/_grade_school__air_jordan_1_mid__barely_grape__dq8_6_87221.jpeg;https:\/\/images.novelship.com\/product\/_grade_school__air_jordan_1_mid__barely_grape__dq8_7_87221.jpeg\"},{\"@type\":\"BreadcrumbList\",\"@id\":\"https:\/\/tourcruiser.com\/fr\/products\/grade-school-air-jordan-1-mid-barely-grape-dq8423-501\/#breadcrumb\",\"itemListElement\":[{\"@type\":\"ListItem\",\"position\":1,\"name\":\"Home\",\"item\":\"https:\/\/tourcruiser.com\/fr\/\"},{\"@type\":\"ListItem\",\"position\":2,\"name\":\"Shop\",\"item\":\"https:\/\/tourcruiser.com\/fr\/shop\/\"},{\"@type\":\"ListItem\",\"position\":3,\"name\":\"(Grade School) Air Jordan 1 Mid &#8216;Barely Grape&#8217; DQ8423-501\"}]},{\"@type\":\"WebSite\",\"@id\":\"\/#website\",\"url\":\"\/\",\"name\":\"Styloral Jewelry Shop\",\"description\":\"Tourcruiser Sneaker Store \u2014 L\u2019endroit o\u00f9 l\u2019univers rencontre votre singularit\u00e9.\",\"publisher\":{\"@id\":\"\/#organization\"},\"potentialAction\":[{\"@type\":\"SearchAction\",\"target\":{\"@type\":\"EntryPoint\",\"urlTemplate\":\"\/?s={search_term_string}\"},\"query-input\":{\"@type\":\"PropertyValueSpecification\",\"valueRequired\":true,\"valueName\":\"search_term_string\"}}],\"inLanguage\":\"fr-FR\"},{\"@type\":\"Organization\",\"@id\":\"\/#organization\",\"name\":\"STYLORAL PTE. LTD\",\"url\":\"\/\",\"logo\":{\"@type\":\"ImageObject\",\"inLanguage\":\"fr-FR\",\"@id\":\"\/#\/schema\/logo\/image\/\",\"url\":\"https:\/\/www.tourcruiser.com\/wp-content\/uploads\/2025\/12\/logo.png\",\"contentUrl\":\"https:\/\/www.tourcruiser.com\/wp-content\/uploads\/2025\/12\/logo.png\",\"width\":200,\"height\":65,\"caption\":\"STYLORAL PTE. LTD\"},\"image\":{\"@id\":\"\/#\/schema\/logo\/image\/\"}}]}<\/script>\n<!-- \/ Yoast SEO plugin. -->","yoast_head_json":{"title":"(Grade School) Air Jordan 1 Mid 'Barely Grape' DQ8423-501 - TOURCRUISER PTE. LTD","robots":{"index":"index","follow":"follow","max-snippet":"max-snippet:-1","max-image-preview":"max-image-preview:large","max-video-preview":"max-video-preview:-1"},"canonical":"https:\/\/tourcruiser.com\/fr\/products\/grade-school-air-jordan-1-mid-barely-grape-dq8423-501\/","og_locale":"fr_FR","og_type":"article","og_title":"(Grade School) Air Jordan 1 Mid 'Barely Grape' DQ8423-501 - TOURCRUISER PTE. LTD","og_description":"Affirmez votre style avec les sneakers Air Jordan 1 Mid Barely Grape (GS) de Jordan. Ces sneakers styl\u00e9es s\u00e9duisent par leur design \u00e9l\u00e9gant et leur teinte marron clair. Elles sont parfaites pour toutes les occasions, d\u00e9contract\u00e9es ou sportives. Profitez d&rsquo;un confort et d&rsquo;un style ultimes avec ces sneakers Air Jordan. Coloris\u00a0: Barely Grape\/Noir-Blanc-Fuchsia Code article\u00a0: [&hellip;]","og_url":"https:\/\/tourcruiser.com\/fr\/products\/grade-school-air-jordan-1-mid-barely-grape-dq8423-501\/","og_site_name":"Tourcruiser Sneaker Store","article_modified_time":"2026-04-17T16:07:35+00:00","twitter_card":"summary_large_image","twitter_image":"https:\/\/images.novelship.com\/product\/_grade_school__air_jordan_1_mid__barely_grape__dq8_0_87221.jpeg;https:\/\/images.novelship.com\/product\/_grade_school__air_jordan_1_mid__barely_grape__dq8_1_87221.jpeg;https:\/\/images.novelship.com\/product\/_grade_school__air_jordan_1_mid__barely_grape__dq8_2_87221.jpeg;https:\/\/images.novelship.com\/product\/_grade_school__air_jordan_1_mid__barely_grape__dq8_3_87221.jpeg;https:\/\/images.novelship.com\/product\/_grade_school__air_jordan_1_mid__barely_grape__dq8_4_87221.jpeg;https:\/\/images.novelship.com\/product\/_grade_school__air_jordan_1_mid__barely_grape__dq8_5_87221.jpeg;https:\/\/images.novelship.com\/product\/_grade_school__air_jordan_1_mid__barely_grape__dq8_6_87221.jpeg;https:\/\/images.novelship.com\/product\/_grade_school__air_jordan_1_mid__barely_grape__dq8_7_87221.jpeg","schema":{"@context":"https:\/\/schema.org","@graph":[{"@type":"WebPage","@id":"https:\/\/tourcruiser.com\/fr\/products\/grade-school-air-jordan-1-mid-barely-grape-dq8423-501\/","url":"https:\/\/tourcruiser.com\/fr\/products\/grade-school-air-jordan-1-mid-barely-grape-dq8423-501\/","name":"(Grade School) Air Jordan 1 Mid 'Barely Grape' DQ8423-501 - TOURCRUISER PTE. LTD","isPartOf":{"@id":"\/#website"},"primaryImageOfPage":{"@id":"https:\/\/tourcruiser.com\/fr\/products\/grade-school-air-jordan-1-mid-barely-grape-dq8423-501\/#primaryimage"},"image":{"@id":"https:\/\/tourcruiser.com\/fr\/products\/grade-school-air-jordan-1-mid-barely-grape-dq8423-501\/#primaryimage"},"thumbnailUrl":"https:\/\/images.novelship.com\/product\/_grade_school__air_jordan_1_mid__barely_grape__dq8_0_87221.jpeg;https:\/\/images.novelship.com\/product\/_grade_school__air_jordan_1_mid__barely_grape__dq8_1_87221.jpeg;https:\/\/images.novelship.com\/product\/_grade_school__air_jordan_1_mid__barely_grape__dq8_2_87221.jpeg;https:\/\/images.novelship.com\/product\/_grade_school__air_jordan_1_mid__barely_grape__dq8_3_87221.jpeg;https:\/\/images.novelship.com\/product\/_grade_school__air_jordan_1_mid__barely_grape__dq8_4_87221.jpeg;https:\/\/images.novelship.com\/product\/_grade_school__air_jordan_1_mid__barely_grape__dq8_5_87221.jpeg;https:\/\/images.novelship.com\/product\/_grade_school__air_jordan_1_mid__barely_grape__dq8_6_87221.jpeg;https:\/\/images.novelship.com\/product\/_grade_school__air_jordan_1_mid__barely_grape__dq8_7_87221.jpeg","datePublished":"2026-04-16T10:16:14+00:00","dateModified":"2026-04-17T16:07:35+00:00","breadcrumb":{"@id":"https:\/\/tourcruiser.com\/fr\/products\/grade-school-air-jordan-1-mid-barely-grape-dq8423-501\/#breadcrumb"},"inLanguage":"fr-FR","potentialAction":[{"@type":"ReadAction","target":["https:\/\/tourcruiser.com\/fr\/products\/grade-school-air-jordan-1-mid-barely-grape-dq8423-501\/"]}]},{"@type":"ImageObject","inLanguage":"fr-FR","@id":"https:\/\/tourcruiser.com\/fr\/products\/grade-school-air-jordan-1-mid-barely-grape-dq8423-501\/#primaryimage","url":"https:\/\/images.novelship.com\/product\/_grade_school__air_jordan_1_mid__barely_grape__dq8_0_87221.jpeg;https:\/\/images.novelship.com\/product\/_grade_school__air_jordan_1_mid__barely_grape__dq8_1_87221.jpeg;https:\/\/images.novelship.com\/product\/_grade_school__air_jordan_1_mid__barely_grape__dq8_2_87221.jpeg;https:\/\/images.novelship.com\/product\/_grade_school__air_jordan_1_mid__barely_grape__dq8_3_87221.jpeg;https:\/\/images.novelship.com\/product\/_grade_school__air_jordan_1_mid__barely_grape__dq8_4_87221.jpeg;https:\/\/images.novelship.com\/product\/_grade_school__air_jordan_1_mid__barely_grape__dq8_5_87221.jpeg;https:\/\/images.novelship.com\/product\/_grade_school__air_jordan_1_mid__barely_grape__dq8_6_87221.jpeg;https:\/\/images.novelship.com\/product\/_grade_school__air_jordan_1_mid__barely_grape__dq8_7_87221.jpeg","contentUrl":"https:\/\/images.novelship.com\/product\/_grade_school__air_jordan_1_mid__barely_grape__dq8_0_87221.jpeg;https:\/\/images.novelship.com\/product\/_grade_school__air_jordan_1_mid__barely_grape__dq8_1_87221.jpeg;https:\/\/images.novelship.com\/product\/_grade_school__air_jordan_1_mid__barely_grape__dq8_2_87221.jpeg;https:\/\/images.novelship.com\/product\/_grade_school__air_jordan_1_mid__barely_grape__dq8_3_87221.jpeg;https:\/\/images.novelship.com\/product\/_grade_school__air_jordan_1_mid__barely_grape__dq8_4_87221.jpeg;https:\/\/images.novelship.com\/product\/_grade_school__air_jordan_1_mid__barely_grape__dq8_5_87221.jpeg;https:\/\/images.novelship.com\/product\/_grade_school__air_jordan_1_mid__barely_grape__dq8_6_87221.jpeg;https:\/\/images.novelship.com\/product\/_grade_school__air_jordan_1_mid__barely_grape__dq8_7_87221.jpeg"},{"@type":"BreadcrumbList","@id":"https:\/\/tourcruiser.com\/fr\/products\/grade-school-air-jordan-1-mid-barely-grape-dq8423-501\/#breadcrumb","itemListElement":[{"@type":"ListItem","position":1,"name":"Home","item":"https:\/\/tourcruiser.com\/fr\/"},{"@type":"ListItem","position":2,"name":"Shop","item":"https:\/\/tourcruiser.com\/fr\/shop\/"},{"@type":"ListItem","position":3,"name":"(Grade School) Air Jordan 1 Mid &#8216;Barely Grape&#8217; DQ8423-501"}]},{"@type":"WebSite","@id":"\/#website","url":"\/","name":"Styloral Jewelry Shop","description":"Tourcruiser Sneaker Store \u2014 L\u2019endroit o\u00f9 l\u2019univers rencontre votre singularit\u00e9.","publisher":{"@id":"\/#organization"},"potentialAction":[{"@type":"SearchAction","target":{"@type":"EntryPoint","urlTemplate":"\/?s={search_term_string}"},"query-input":{"@type":"PropertyValueSpecification","valueRequired":true,"valueName":"search_term_string"}}],"inLanguage":"fr-FR"},{"@type":"Organization","@id":"\/#organization","name":"STYLORAL PTE. LTD","url":"\/","logo":{"@type":"ImageObject","inLanguage":"fr-FR","@id":"\/#\/schema\/logo\/image\/","url":"https:\/\/www.tourcruiser.com\/wp-content\/uploads\/2025\/12\/logo.png","contentUrl":"https:\/\/www.tourcruiser.com\/wp-content\/uploads\/2025\/12\/logo.png","width":200,"height":65,"caption":"STYLORAL PTE. LTD"},"image":{"@id":"\/#\/schema\/logo\/image\/"}}]}},"_links":{"self":[{"href":"https:\/\/tourcruiser.com\/fr\/wp-json\/wp\/v2\/product\/773762","targetHints":{"allow":["GET"]}}],"collection":[{"href":"https:\/\/tourcruiser.com\/fr\/wp-json\/wp\/v2\/product"}],"about":[{"href":"https:\/\/tourcruiser.com\/fr\/wp-json\/wp\/v2\/types\/product"}],"replies":[{"embeddable":true,"href":"https:\/\/tourcruiser.com\/fr\/wp-json\/wp\/v2\/comments?post=773762"}],"wp:featuredmedia":[{"embeddable":true,"href":"https:\/\/tourcruiser.com\/fr\/wp-json\/wp\/v2\/media\/773763"}],"wp:attachment":[{"href":"https:\/\/tourcruiser.com\/fr\/wp-json\/wp\/v2\/media?parent=773762"}],"wp:term":[{"taxonomy":"product_brand","embeddable":true,"href":"https:\/\/tourcruiser.com\/fr\/wp-json\/wp\/v2\/product_brand?post=773762"},{"taxonomy":"product_cat","embeddable":true,"href":"https:\/\/tourcruiser.com\/fr\/wp-json\/wp\/v2\/product_cat?post=773762"},{"taxonomy":"product_tag","embeddable":true,"href":"https:\/\/tourcruiser.com\/fr\/wp-json\/wp\/v2\/product_tag?post=773762"}],"curies":[{"name":"wp","href":"https:\/\/api.w.org\/{rel}","templated":true}]}}