{"id":773728,"date":"2026-04-16T17:16:13","date_gmt":"2026-04-16T10:16:13","guid":{"rendered":"http:\/\/tourcruiser.com\/product\/grade-school-air-jordan-1-mid-racer-blue-2021-554725-140"},"modified":"2026-04-17T23:07:34","modified_gmt":"2026-04-17T16:07:34","slug":"grade-school-air-jordan-1-mid-racer-blue-2021-554725-140","status":"publish","type":"product","link":"https:\/\/tourcruiser.com\/fr\/products\/grade-school-air-jordan-1-mid-racer-blue-2021-554725-140\/","title":{"rendered":"(Grade School) Air Jordan 1 Mid &lsquo;Racer Blue&rsquo; 2021 554725-140"},"content":{"rendered":"<p>D\u00e9couvrez la Air Jordan 1 Mid Racer Blue 2021 (GS), une sneaker incontournable de la c\u00e9l\u00e8bre marque Jordan. Son design bleu racing styl\u00e9 apporte une touche de couleur \u00e0 toutes vos tenues. Avec sa silhouette iconique Air Jordan 1, cette chaussure allie style, confort exceptionnel et maintien optimal. Affirmez votre style avec la Air Jordan 1 Mid Racer Blue 2021 (GS).<\/p>\n<p>Coloris : Blanc\/Bleu Racer\/Noir<\/p>\n<p>Code article : 554725-140<\/p>\n<p>Tige : Cuir<\/p>\n<p>Semelle interm\u00e9diaire : Air<\/p>\n<p>Couleur : Noir<\/p>\n<p>Designer : Peter Moore<\/p>\n<p>Saison : \u00c9t\u00e9<\/p>\n<p>Ann\u00e9e de sortie : 2021<\/p>\n<p>\u00c2ge : Adulte<br \/>\nCouleur : Blanc nuage\/Blanc nuage\/Vert olive<\/p>\n<p>Genre : Enfant<\/p>\n","protected":false},"excerpt":{"rendered":"<p>D\u00e9couvrez la Air Jordan 1 Mid Racer Blue 2021 (GS), une sneaker incontournable de la c\u00e9l\u00e8bre marque Jordan. Son design bleu racing styl\u00e9 apporte une touche de couleur \u00e0 toutes vos tenues. Avec sa silhouette iconique Air Jordan 1, cette chaussure allie style, confort exceptionnel et maintien optimal. Affirmez votre style avec la Air Jordan [&hellip;]<\/p>\n","protected":false},"featured_media":773729,"comment_status":"open","ping_status":"closed","template":"","meta":[],"product_brand":[],"product_cat":[38880],"product_tag":[10750,38855,38988,10776,11349,38875,10756,39039,38902,38936],"class_list":{"0":"post-773728","1":"product","2":"type-product","3":"status-publish","4":"has-post-thumbnail","6":"product_cat-jordan","7":"product_tag-athleisure-shoes","8":"product_tag-below-the-regular-retail-price","9":"product_tag-casual-shoes-for-kids","10":"product_tag-jordan","11":"product_tag-jordan-basketball-shoes","12":"product_tag-jordan-skateboard-shoes","13":"product_tag-retro-casual-shoes","14":"product_tag-sneakers-for-kids","15":"product_tag-trendy-offers","16":"product_tag-trendy-offers-under-a-150","18":"first","19":"instock","20":"taxable","21":"shipping-taxable","22":"purchasable","23":"product-type-simple"},"wcpa_form_fields":null,"yoast_head":"<!-- This site is optimized with the Yoast SEO plugin v26.5 - https:\/\/yoast.com\/wordpress\/plugins\/seo\/ -->\n<title>(Grade School) Air Jordan 1 Mid &#039;Racer Blue&#039; 2021 554725-140 - TOURCRUISER PTE. LTD<\/title>\n<meta name=\"robots\" content=\"index, follow, max-snippet:-1, max-image-preview:large, max-video-preview:-1\" \/>\n<link rel=\"canonical\" href=\"https:\/\/tourcruiser.com\/fr\/products\/grade-school-air-jordan-1-mid-racer-blue-2021-554725-140\/\" \/>\n<meta property=\"og:locale\" content=\"fr_FR\" \/>\n<meta property=\"og:type\" content=\"article\" \/>\n<meta property=\"og:title\" content=\"(Grade School) Air Jordan 1 Mid &#039;Racer Blue&#039; 2021 554725-140 - TOURCRUISER PTE. LTD\" \/>\n<meta property=\"og:description\" content=\"D\u00e9couvrez la Air Jordan 1 Mid Racer Blue 2021 (GS), une sneaker incontournable de la c\u00e9l\u00e8bre marque Jordan. Son design bleu racing styl\u00e9 apporte une touche de couleur \u00e0 toutes vos tenues. Avec sa silhouette iconique Air Jordan 1, cette chaussure allie style, confort exceptionnel et maintien optimal. Affirmez votre style avec la Air Jordan [&hellip;]\" \/>\n<meta property=\"og:url\" content=\"https:\/\/tourcruiser.com\/fr\/products\/grade-school-air-jordan-1-mid-racer-blue-2021-554725-140\/\" \/>\n<meta property=\"og:site_name\" content=\"Tourcruiser Sneaker Store\" \/>\n<meta property=\"article:modified_time\" content=\"2026-04-17T16:07:34+00:00\" \/>\n<meta name=\"twitter:card\" content=\"summary_large_image\" \/>\n<meta name=\"twitter:image\" content=\"https:\/\/images.novelship.com\/product\/_grade_school__air_jordan_1_mid__racer_blue__2021__0_47807.jpeg;https:\/\/images.novelship.com\/product\/_grade_school__air_jordan_1_mid__racer_blue__2021__1_47807.jpeg;https:\/\/images.novelship.com\/product\/_grade_school__air_jordan_1_mid__racer_blue__2021__2_47807.jpeg;https:\/\/images.novelship.com\/product\/_grade_school__air_jordan_1_mid__racer_blue__2021__3_47807.jpeg;https:\/\/images.novelship.com\/product\/_grade_school__air_jordan_1_mid__racer_blue__2021__4_47807.jpeg;https:\/\/images.novelship.com\/product\/_grade_school__air_jordan_1_mid__racer_blue__2021__5_47807.jpeg;https:\/\/images.novelship.com\/product\/_grade_school__air_jordan_1_mid__racer_blue__2021__6_47807.jpeg;https:\/\/images.novelship.com\/product\/_grade_school__air_jordan_1_mid__racer_blue__2021__7_47807.jpeg\" \/>\n<script type=\"application\/ld+json\" class=\"yoast-schema-graph\">{\"@context\":\"https:\/\/schema.org\",\"@graph\":[{\"@type\":\"WebPage\",\"@id\":\"https:\/\/tourcruiser.com\/fr\/products\/grade-school-air-jordan-1-mid-racer-blue-2021-554725-140\/\",\"url\":\"https:\/\/tourcruiser.com\/fr\/products\/grade-school-air-jordan-1-mid-racer-blue-2021-554725-140\/\",\"name\":\"(Grade School) Air Jordan 1 Mid 'Racer Blue' 2021 554725-140 - TOURCRUISER PTE. LTD\",\"isPartOf\":{\"@id\":\"\/#website\"},\"primaryImageOfPage\":{\"@id\":\"https:\/\/tourcruiser.com\/fr\/products\/grade-school-air-jordan-1-mid-racer-blue-2021-554725-140\/#primaryimage\"},\"image\":{\"@id\":\"https:\/\/tourcruiser.com\/fr\/products\/grade-school-air-jordan-1-mid-racer-blue-2021-554725-140\/#primaryimage\"},\"thumbnailUrl\":\"https:\/\/images.novelship.com\/product\/_grade_school__air_jordan_1_mid__racer_blue__2021__0_47807.jpeg;https:\/\/images.novelship.com\/product\/_grade_school__air_jordan_1_mid__racer_blue__2021__1_47807.jpeg;https:\/\/images.novelship.com\/product\/_grade_school__air_jordan_1_mid__racer_blue__2021__2_47807.jpeg;https:\/\/images.novelship.com\/product\/_grade_school__air_jordan_1_mid__racer_blue__2021__3_47807.jpeg;https:\/\/images.novelship.com\/product\/_grade_school__air_jordan_1_mid__racer_blue__2021__4_47807.jpeg;https:\/\/images.novelship.com\/product\/_grade_school__air_jordan_1_mid__racer_blue__2021__5_47807.jpeg;https:\/\/images.novelship.com\/product\/_grade_school__air_jordan_1_mid__racer_blue__2021__6_47807.jpeg;https:\/\/images.novelship.com\/product\/_grade_school__air_jordan_1_mid__racer_blue__2021__7_47807.jpeg\",\"datePublished\":\"2026-04-16T10:16:13+00:00\",\"dateModified\":\"2026-04-17T16:07:34+00:00\",\"breadcrumb\":{\"@id\":\"https:\/\/tourcruiser.com\/fr\/products\/grade-school-air-jordan-1-mid-racer-blue-2021-554725-140\/#breadcrumb\"},\"inLanguage\":\"fr-FR\",\"potentialAction\":[{\"@type\":\"ReadAction\",\"target\":[\"https:\/\/tourcruiser.com\/fr\/products\/grade-school-air-jordan-1-mid-racer-blue-2021-554725-140\/\"]}]},{\"@type\":\"ImageObject\",\"inLanguage\":\"fr-FR\",\"@id\":\"https:\/\/tourcruiser.com\/fr\/products\/grade-school-air-jordan-1-mid-racer-blue-2021-554725-140\/#primaryimage\",\"url\":\"https:\/\/images.novelship.com\/product\/_grade_school__air_jordan_1_mid__racer_blue__2021__0_47807.jpeg;https:\/\/images.novelship.com\/product\/_grade_school__air_jordan_1_mid__racer_blue__2021__1_47807.jpeg;https:\/\/images.novelship.com\/product\/_grade_school__air_jordan_1_mid__racer_blue__2021__2_47807.jpeg;https:\/\/images.novelship.com\/product\/_grade_school__air_jordan_1_mid__racer_blue__2021__3_47807.jpeg;https:\/\/images.novelship.com\/product\/_grade_school__air_jordan_1_mid__racer_blue__2021__4_47807.jpeg;https:\/\/images.novelship.com\/product\/_grade_school__air_jordan_1_mid__racer_blue__2021__5_47807.jpeg;https:\/\/images.novelship.com\/product\/_grade_school__air_jordan_1_mid__racer_blue__2021__6_47807.jpeg;https:\/\/images.novelship.com\/product\/_grade_school__air_jordan_1_mid__racer_blue__2021__7_47807.jpeg\",\"contentUrl\":\"https:\/\/images.novelship.com\/product\/_grade_school__air_jordan_1_mid__racer_blue__2021__0_47807.jpeg;https:\/\/images.novelship.com\/product\/_grade_school__air_jordan_1_mid__racer_blue__2021__1_47807.jpeg;https:\/\/images.novelship.com\/product\/_grade_school__air_jordan_1_mid__racer_blue__2021__2_47807.jpeg;https:\/\/images.novelship.com\/product\/_grade_school__air_jordan_1_mid__racer_blue__2021__3_47807.jpeg;https:\/\/images.novelship.com\/product\/_grade_school__air_jordan_1_mid__racer_blue__2021__4_47807.jpeg;https:\/\/images.novelship.com\/product\/_grade_school__air_jordan_1_mid__racer_blue__2021__5_47807.jpeg;https:\/\/images.novelship.com\/product\/_grade_school__air_jordan_1_mid__racer_blue__2021__6_47807.jpeg;https:\/\/images.novelship.com\/product\/_grade_school__air_jordan_1_mid__racer_blue__2021__7_47807.jpeg\"},{\"@type\":\"BreadcrumbList\",\"@id\":\"https:\/\/tourcruiser.com\/fr\/products\/grade-school-air-jordan-1-mid-racer-blue-2021-554725-140\/#breadcrumb\",\"itemListElement\":[{\"@type\":\"ListItem\",\"position\":1,\"name\":\"Home\",\"item\":\"https:\/\/tourcruiser.com\/fr\/\"},{\"@type\":\"ListItem\",\"position\":2,\"name\":\"Shop\",\"item\":\"https:\/\/tourcruiser.com\/fr\/shop\/\"},{\"@type\":\"ListItem\",\"position\":3,\"name\":\"(Grade School) Air Jordan 1 Mid &#8216;Racer Blue&#8217; 2021 554725-140\"}]},{\"@type\":\"WebSite\",\"@id\":\"\/#website\",\"url\":\"\/\",\"name\":\"Styloral Jewelry Shop\",\"description\":\"Tourcruiser Sneaker Store \u2014 L\u2019endroit o\u00f9 l\u2019univers rencontre votre singularit\u00e9.\",\"publisher\":{\"@id\":\"\/#organization\"},\"potentialAction\":[{\"@type\":\"SearchAction\",\"target\":{\"@type\":\"EntryPoint\",\"urlTemplate\":\"\/?s={search_term_string}\"},\"query-input\":{\"@type\":\"PropertyValueSpecification\",\"valueRequired\":true,\"valueName\":\"search_term_string\"}}],\"inLanguage\":\"fr-FR\"},{\"@type\":\"Organization\",\"@id\":\"\/#organization\",\"name\":\"STYLORAL PTE. LTD\",\"url\":\"\/\",\"logo\":{\"@type\":\"ImageObject\",\"inLanguage\":\"fr-FR\",\"@id\":\"\/#\/schema\/logo\/image\/\",\"url\":\"https:\/\/www.tourcruiser.com\/wp-content\/uploads\/2025\/12\/logo.png\",\"contentUrl\":\"https:\/\/www.tourcruiser.com\/wp-content\/uploads\/2025\/12\/logo.png\",\"width\":200,\"height\":65,\"caption\":\"STYLORAL PTE. LTD\"},\"image\":{\"@id\":\"\/#\/schema\/logo\/image\/\"}}]}<\/script>\n<!-- \/ Yoast SEO plugin. -->","yoast_head_json":{"title":"(Grade School) Air Jordan 1 Mid 'Racer Blue' 2021 554725-140 - TOURCRUISER PTE. LTD","robots":{"index":"index","follow":"follow","max-snippet":"max-snippet:-1","max-image-preview":"max-image-preview:large","max-video-preview":"max-video-preview:-1"},"canonical":"https:\/\/tourcruiser.com\/fr\/products\/grade-school-air-jordan-1-mid-racer-blue-2021-554725-140\/","og_locale":"fr_FR","og_type":"article","og_title":"(Grade School) Air Jordan 1 Mid 'Racer Blue' 2021 554725-140 - TOURCRUISER PTE. LTD","og_description":"D\u00e9couvrez la Air Jordan 1 Mid Racer Blue 2021 (GS), une sneaker incontournable de la c\u00e9l\u00e8bre marque Jordan. Son design bleu racing styl\u00e9 apporte une touche de couleur \u00e0 toutes vos tenues. Avec sa silhouette iconique Air Jordan 1, cette chaussure allie style, confort exceptionnel et maintien optimal. Affirmez votre style avec la Air Jordan [&hellip;]","og_url":"https:\/\/tourcruiser.com\/fr\/products\/grade-school-air-jordan-1-mid-racer-blue-2021-554725-140\/","og_site_name":"Tourcruiser Sneaker Store","article_modified_time":"2026-04-17T16:07:34+00:00","twitter_card":"summary_large_image","twitter_image":"https:\/\/images.novelship.com\/product\/_grade_school__air_jordan_1_mid__racer_blue__2021__0_47807.jpeg;https:\/\/images.novelship.com\/product\/_grade_school__air_jordan_1_mid__racer_blue__2021__1_47807.jpeg;https:\/\/images.novelship.com\/product\/_grade_school__air_jordan_1_mid__racer_blue__2021__2_47807.jpeg;https:\/\/images.novelship.com\/product\/_grade_school__air_jordan_1_mid__racer_blue__2021__3_47807.jpeg;https:\/\/images.novelship.com\/product\/_grade_school__air_jordan_1_mid__racer_blue__2021__4_47807.jpeg;https:\/\/images.novelship.com\/product\/_grade_school__air_jordan_1_mid__racer_blue__2021__5_47807.jpeg;https:\/\/images.novelship.com\/product\/_grade_school__air_jordan_1_mid__racer_blue__2021__6_47807.jpeg;https:\/\/images.novelship.com\/product\/_grade_school__air_jordan_1_mid__racer_blue__2021__7_47807.jpeg","schema":{"@context":"https:\/\/schema.org","@graph":[{"@type":"WebPage","@id":"https:\/\/tourcruiser.com\/fr\/products\/grade-school-air-jordan-1-mid-racer-blue-2021-554725-140\/","url":"https:\/\/tourcruiser.com\/fr\/products\/grade-school-air-jordan-1-mid-racer-blue-2021-554725-140\/","name":"(Grade School) Air Jordan 1 Mid 'Racer Blue' 2021 554725-140 - TOURCRUISER PTE. LTD","isPartOf":{"@id":"\/#website"},"primaryImageOfPage":{"@id":"https:\/\/tourcruiser.com\/fr\/products\/grade-school-air-jordan-1-mid-racer-blue-2021-554725-140\/#primaryimage"},"image":{"@id":"https:\/\/tourcruiser.com\/fr\/products\/grade-school-air-jordan-1-mid-racer-blue-2021-554725-140\/#primaryimage"},"thumbnailUrl":"https:\/\/images.novelship.com\/product\/_grade_school__air_jordan_1_mid__racer_blue__2021__0_47807.jpeg;https:\/\/images.novelship.com\/product\/_grade_school__air_jordan_1_mid__racer_blue__2021__1_47807.jpeg;https:\/\/images.novelship.com\/product\/_grade_school__air_jordan_1_mid__racer_blue__2021__2_47807.jpeg;https:\/\/images.novelship.com\/product\/_grade_school__air_jordan_1_mid__racer_blue__2021__3_47807.jpeg;https:\/\/images.novelship.com\/product\/_grade_school__air_jordan_1_mid__racer_blue__2021__4_47807.jpeg;https:\/\/images.novelship.com\/product\/_grade_school__air_jordan_1_mid__racer_blue__2021__5_47807.jpeg;https:\/\/images.novelship.com\/product\/_grade_school__air_jordan_1_mid__racer_blue__2021__6_47807.jpeg;https:\/\/images.novelship.com\/product\/_grade_school__air_jordan_1_mid__racer_blue__2021__7_47807.jpeg","datePublished":"2026-04-16T10:16:13+00:00","dateModified":"2026-04-17T16:07:34+00:00","breadcrumb":{"@id":"https:\/\/tourcruiser.com\/fr\/products\/grade-school-air-jordan-1-mid-racer-blue-2021-554725-140\/#breadcrumb"},"inLanguage":"fr-FR","potentialAction":[{"@type":"ReadAction","target":["https:\/\/tourcruiser.com\/fr\/products\/grade-school-air-jordan-1-mid-racer-blue-2021-554725-140\/"]}]},{"@type":"ImageObject","inLanguage":"fr-FR","@id":"https:\/\/tourcruiser.com\/fr\/products\/grade-school-air-jordan-1-mid-racer-blue-2021-554725-140\/#primaryimage","url":"https:\/\/images.novelship.com\/product\/_grade_school__air_jordan_1_mid__racer_blue__2021__0_47807.jpeg;https:\/\/images.novelship.com\/product\/_grade_school__air_jordan_1_mid__racer_blue__2021__1_47807.jpeg;https:\/\/images.novelship.com\/product\/_grade_school__air_jordan_1_mid__racer_blue__2021__2_47807.jpeg;https:\/\/images.novelship.com\/product\/_grade_school__air_jordan_1_mid__racer_blue__2021__3_47807.jpeg;https:\/\/images.novelship.com\/product\/_grade_school__air_jordan_1_mid__racer_blue__2021__4_47807.jpeg;https:\/\/images.novelship.com\/product\/_grade_school__air_jordan_1_mid__racer_blue__2021__5_47807.jpeg;https:\/\/images.novelship.com\/product\/_grade_school__air_jordan_1_mid__racer_blue__2021__6_47807.jpeg;https:\/\/images.novelship.com\/product\/_grade_school__air_jordan_1_mid__racer_blue__2021__7_47807.jpeg","contentUrl":"https:\/\/images.novelship.com\/product\/_grade_school__air_jordan_1_mid__racer_blue__2021__0_47807.jpeg;https:\/\/images.novelship.com\/product\/_grade_school__air_jordan_1_mid__racer_blue__2021__1_47807.jpeg;https:\/\/images.novelship.com\/product\/_grade_school__air_jordan_1_mid__racer_blue__2021__2_47807.jpeg;https:\/\/images.novelship.com\/product\/_grade_school__air_jordan_1_mid__racer_blue__2021__3_47807.jpeg;https:\/\/images.novelship.com\/product\/_grade_school__air_jordan_1_mid__racer_blue__2021__4_47807.jpeg;https:\/\/images.novelship.com\/product\/_grade_school__air_jordan_1_mid__racer_blue__2021__5_47807.jpeg;https:\/\/images.novelship.com\/product\/_grade_school__air_jordan_1_mid__racer_blue__2021__6_47807.jpeg;https:\/\/images.novelship.com\/product\/_grade_school__air_jordan_1_mid__racer_blue__2021__7_47807.jpeg"},{"@type":"BreadcrumbList","@id":"https:\/\/tourcruiser.com\/fr\/products\/grade-school-air-jordan-1-mid-racer-blue-2021-554725-140\/#breadcrumb","itemListElement":[{"@type":"ListItem","position":1,"name":"Home","item":"https:\/\/tourcruiser.com\/fr\/"},{"@type":"ListItem","position":2,"name":"Shop","item":"https:\/\/tourcruiser.com\/fr\/shop\/"},{"@type":"ListItem","position":3,"name":"(Grade School) Air Jordan 1 Mid &#8216;Racer Blue&#8217; 2021 554725-140"}]},{"@type":"WebSite","@id":"\/#website","url":"\/","name":"Styloral Jewelry Shop","description":"Tourcruiser Sneaker Store \u2014 L\u2019endroit o\u00f9 l\u2019univers rencontre votre singularit\u00e9.","publisher":{"@id":"\/#organization"},"potentialAction":[{"@type":"SearchAction","target":{"@type":"EntryPoint","urlTemplate":"\/?s={search_term_string}"},"query-input":{"@type":"PropertyValueSpecification","valueRequired":true,"valueName":"search_term_string"}}],"inLanguage":"fr-FR"},{"@type":"Organization","@id":"\/#organization","name":"STYLORAL PTE. LTD","url":"\/","logo":{"@type":"ImageObject","inLanguage":"fr-FR","@id":"\/#\/schema\/logo\/image\/","url":"https:\/\/www.tourcruiser.com\/wp-content\/uploads\/2025\/12\/logo.png","contentUrl":"https:\/\/www.tourcruiser.com\/wp-content\/uploads\/2025\/12\/logo.png","width":200,"height":65,"caption":"STYLORAL PTE. LTD"},"image":{"@id":"\/#\/schema\/logo\/image\/"}}]}},"_links":{"self":[{"href":"https:\/\/tourcruiser.com\/fr\/wp-json\/wp\/v2\/product\/773728","targetHints":{"allow":["GET"]}}],"collection":[{"href":"https:\/\/tourcruiser.com\/fr\/wp-json\/wp\/v2\/product"}],"about":[{"href":"https:\/\/tourcruiser.com\/fr\/wp-json\/wp\/v2\/types\/product"}],"replies":[{"embeddable":true,"href":"https:\/\/tourcruiser.com\/fr\/wp-json\/wp\/v2\/comments?post=773728"}],"wp:featuredmedia":[{"embeddable":true,"href":"https:\/\/tourcruiser.com\/fr\/wp-json\/wp\/v2\/media\/773729"}],"wp:attachment":[{"href":"https:\/\/tourcruiser.com\/fr\/wp-json\/wp\/v2\/media?parent=773728"}],"wp:term":[{"taxonomy":"product_brand","embeddable":true,"href":"https:\/\/tourcruiser.com\/fr\/wp-json\/wp\/v2\/product_brand?post=773728"},{"taxonomy":"product_cat","embeddable":true,"href":"https:\/\/tourcruiser.com\/fr\/wp-json\/wp\/v2\/product_cat?post=773728"},{"taxonomy":"product_tag","embeddable":true,"href":"https:\/\/tourcruiser.com\/fr\/wp-json\/wp\/v2\/product_tag?post=773728"}],"curies":[{"name":"wp","href":"https:\/\/api.w.org\/{rel}","templated":true}]}}