{"id":773538,"date":"2026-04-16T17:16:06","date_gmt":"2026-04-16T10:16:06","guid":{"rendered":"http:\/\/tourcruiser.com\/product\/youth-air-jordan-1-low-se-mocha-blue-grey-fq8156-142"},"modified":"2026-04-17T23:07:22","modified_gmt":"2026-04-17T16:07:22","slug":"youth-air-jordan-1-low-se-mocha-blue-grey-fq8156-142","status":"publish","type":"product","link":"https:\/\/tourcruiser.com\/fr\/products\/youth-air-jordan-1-low-se-mocha-blue-grey-fq8156-142\/","title":{"rendered":"(Youth) Air Jordan 1 Low SE &lsquo;Mocha Blue Grey&rsquo; FQ8156-142"},"content":{"rendered":"<p>Entrez dans l&rsquo;histoire avec la Air Jordan 1 Low SE \u00ab\u00a0Mocha Blue Grey\u00a0\u00bb. Ce mod\u00e8le iconique allie style classique et d\u00e9tails modernes. Son empeigne en cuir souple, d\u00e9clin\u00e9e dans des tons de marron, de bleu et de gris, cr\u00e9e un look \u00e0 la fois intemporel et tendance. L&rsquo;amorti Air signature assure un confort optimal tout au long de la journ\u00e9e, tandis que la semelle ext\u00e9rieure en caoutchouc garantit durabilit\u00e9 et adh\u00e9rence. Affirmez votre style et faites sensation avec la Air Jordan 1 Low SE \u00ab\u00a0Mocha Blue Grey\u00a0\u00bb.<\/p>\n<p>Coloris\u00a0: Blanc\/Noir\/Voile\/Gris Bleu<\/p>\n<p>Code article\u00a0: FQ8156-142<\/p>\n<p>Empeigne\u00a0: Cuir<\/p>\n<p>Semelle interm\u00e9diaire\u00a0: Air<\/p>\n<p>Designer\u00a0: Peter Moore<\/p>\n<p>Ann\u00e9e de sortie\u00a0: 2024<\/p>\n<p>\u00c2ge\u00a0: Adulte<\/p>\n<p>Couleur\u00a0: Bleu Fusion\/Blanc Chaussures\/Or M\u00e9tallis\u00e9<\/p>\n<p>Genre\u00a0: Jeune<\/p>\n","protected":false},"excerpt":{"rendered":"<p>Entrez dans l&rsquo;histoire avec la Air Jordan 1 Low SE \u00ab\u00a0Mocha Blue Grey\u00a0\u00bb. Ce mod\u00e8le iconique allie style classique et d\u00e9tails modernes. Son empeigne en cuir souple, d\u00e9clin\u00e9e dans des tons de marron, de bleu et de gris, cr\u00e9e un look \u00e0 la fois intemporel et tendance. L&rsquo;amorti Air signature assure un confort optimal tout [&hellip;]<\/p>\n","protected":false},"featured_media":773539,"comment_status":"open","ping_status":"closed","template":"","meta":[],"product_brand":[],"product_cat":[38880],"product_tag":[10750,38861,38988,10776,10756,39039],"class_list":{"0":"post-773538","1":"product","2":"type-product","3":"status-publish","4":"has-post-thumbnail","6":"product_cat-jordan","7":"product_tag-athleisure-shoes","8":"product_tag-below-retail-price","9":"product_tag-casual-shoes-for-kids","10":"product_tag-jordan","11":"product_tag-retro-casual-shoes","12":"product_tag-sneakers-for-kids","14":"first","15":"instock","16":"taxable","17":"shipping-taxable","18":"purchasable","19":"product-type-simple"},"wcpa_form_fields":null,"yoast_head":"<!-- This site is optimized with the Yoast SEO plugin v26.5 - https:\/\/yoast.com\/wordpress\/plugins\/seo\/ -->\n<title>(Youth) Air Jordan 1 Low SE &#039;Mocha Blue Grey&#039; FQ8156-142 - TOURCRUISER PTE. LTD<\/title>\n<meta name=\"robots\" content=\"index, follow, max-snippet:-1, max-image-preview:large, max-video-preview:-1\" \/>\n<link rel=\"canonical\" href=\"https:\/\/tourcruiser.com\/fr\/products\/youth-air-jordan-1-low-se-mocha-blue-grey-fq8156-142\/\" \/>\n<meta property=\"og:locale\" content=\"fr_FR\" \/>\n<meta property=\"og:type\" content=\"article\" \/>\n<meta property=\"og:title\" content=\"(Youth) Air Jordan 1 Low SE &#039;Mocha Blue Grey&#039; FQ8156-142 - TOURCRUISER PTE. LTD\" \/>\n<meta property=\"og:description\" content=\"Entrez dans l&rsquo;histoire avec la Air Jordan 1 Low SE \u00ab\u00a0Mocha Blue Grey\u00a0\u00bb. Ce mod\u00e8le iconique allie style classique et d\u00e9tails modernes. Son empeigne en cuir souple, d\u00e9clin\u00e9e dans des tons de marron, de bleu et de gris, cr\u00e9e un look \u00e0 la fois intemporel et tendance. L&rsquo;amorti Air signature assure un confort optimal tout [&hellip;]\" \/>\n<meta property=\"og:url\" content=\"https:\/\/tourcruiser.com\/fr\/products\/youth-air-jordan-1-low-se-mocha-blue-grey-fq8156-142\/\" \/>\n<meta property=\"og:site_name\" content=\"Tourcruiser Sneaker Store\" \/>\n<meta property=\"article:modified_time\" content=\"2026-04-17T16:07:22+00:00\" \/>\n<meta name=\"twitter:card\" content=\"summary_large_image\" \/>\n<meta name=\"twitter:image\" content=\"https:\/\/images.novelship.com\/product\/_youth__air_jordan_1_low_se__mocha_blue_grey__fq81_0_78939.png\" \/>\n<meta name=\"twitter:label1\" content=\"Dur\u00e9e de lecture estim\u00e9e\" \/>\n\t<meta name=\"twitter:data1\" content=\"1 minute\" \/>\n<script type=\"application\/ld+json\" class=\"yoast-schema-graph\">{\"@context\":\"https:\/\/schema.org\",\"@graph\":[{\"@type\":\"WebPage\",\"@id\":\"https:\/\/tourcruiser.com\/fr\/products\/youth-air-jordan-1-low-se-mocha-blue-grey-fq8156-142\/\",\"url\":\"https:\/\/tourcruiser.com\/fr\/products\/youth-air-jordan-1-low-se-mocha-blue-grey-fq8156-142\/\",\"name\":\"(Youth) Air Jordan 1 Low SE 'Mocha Blue Grey' FQ8156-142 - TOURCRUISER PTE. LTD\",\"isPartOf\":{\"@id\":\"\/#website\"},\"primaryImageOfPage\":{\"@id\":\"https:\/\/tourcruiser.com\/fr\/products\/youth-air-jordan-1-low-se-mocha-blue-grey-fq8156-142\/#primaryimage\"},\"image\":{\"@id\":\"https:\/\/tourcruiser.com\/fr\/products\/youth-air-jordan-1-low-se-mocha-blue-grey-fq8156-142\/#primaryimage\"},\"thumbnailUrl\":\"https:\/\/images.novelship.com\/product\/_youth__air_jordan_1_low_se__mocha_blue_grey__fq81_0_78939.png\",\"datePublished\":\"2026-04-16T10:16:06+00:00\",\"dateModified\":\"2026-04-17T16:07:22+00:00\",\"breadcrumb\":{\"@id\":\"https:\/\/tourcruiser.com\/fr\/products\/youth-air-jordan-1-low-se-mocha-blue-grey-fq8156-142\/#breadcrumb\"},\"inLanguage\":\"fr-FR\",\"potentialAction\":[{\"@type\":\"ReadAction\",\"target\":[\"https:\/\/tourcruiser.com\/fr\/products\/youth-air-jordan-1-low-se-mocha-blue-grey-fq8156-142\/\"]}]},{\"@type\":\"ImageObject\",\"inLanguage\":\"fr-FR\",\"@id\":\"https:\/\/tourcruiser.com\/fr\/products\/youth-air-jordan-1-low-se-mocha-blue-grey-fq8156-142\/#primaryimage\",\"url\":\"https:\/\/images.novelship.com\/product\/_youth__air_jordan_1_low_se__mocha_blue_grey__fq81_0_78939.png\",\"contentUrl\":\"https:\/\/images.novelship.com\/product\/_youth__air_jordan_1_low_se__mocha_blue_grey__fq81_0_78939.png\"},{\"@type\":\"BreadcrumbList\",\"@id\":\"https:\/\/tourcruiser.com\/fr\/products\/youth-air-jordan-1-low-se-mocha-blue-grey-fq8156-142\/#breadcrumb\",\"itemListElement\":[{\"@type\":\"ListItem\",\"position\":1,\"name\":\"Home\",\"item\":\"https:\/\/tourcruiser.com\/fr\/\"},{\"@type\":\"ListItem\",\"position\":2,\"name\":\"Shop\",\"item\":\"https:\/\/tourcruiser.com\/fr\/shop\/\"},{\"@type\":\"ListItem\",\"position\":3,\"name\":\"(Youth) Air Jordan 1 Low SE &#8216;Mocha Blue Grey&#8217; FQ8156-142\"}]},{\"@type\":\"WebSite\",\"@id\":\"\/#website\",\"url\":\"\/\",\"name\":\"Styloral Jewelry Shop\",\"description\":\"Tourcruiser Sneaker Store \u2014 L\u2019endroit o\u00f9 l\u2019univers rencontre votre singularit\u00e9.\",\"publisher\":{\"@id\":\"\/#organization\"},\"potentialAction\":[{\"@type\":\"SearchAction\",\"target\":{\"@type\":\"EntryPoint\",\"urlTemplate\":\"\/?s={search_term_string}\"},\"query-input\":{\"@type\":\"PropertyValueSpecification\",\"valueRequired\":true,\"valueName\":\"search_term_string\"}}],\"inLanguage\":\"fr-FR\"},{\"@type\":\"Organization\",\"@id\":\"\/#organization\",\"name\":\"STYLORAL PTE. LTD\",\"url\":\"\/\",\"logo\":{\"@type\":\"ImageObject\",\"inLanguage\":\"fr-FR\",\"@id\":\"\/#\/schema\/logo\/image\/\",\"url\":\"https:\/\/www.tourcruiser.com\/wp-content\/uploads\/2025\/12\/logo.png\",\"contentUrl\":\"https:\/\/www.tourcruiser.com\/wp-content\/uploads\/2025\/12\/logo.png\",\"width\":200,\"height\":65,\"caption\":\"STYLORAL PTE. LTD\"},\"image\":{\"@id\":\"\/#\/schema\/logo\/image\/\"}}]}<\/script>\n<!-- \/ Yoast SEO plugin. -->","yoast_head_json":{"title":"(Youth) Air Jordan 1 Low SE 'Mocha Blue Grey' FQ8156-142 - TOURCRUISER PTE. LTD","robots":{"index":"index","follow":"follow","max-snippet":"max-snippet:-1","max-image-preview":"max-image-preview:large","max-video-preview":"max-video-preview:-1"},"canonical":"https:\/\/tourcruiser.com\/fr\/products\/youth-air-jordan-1-low-se-mocha-blue-grey-fq8156-142\/","og_locale":"fr_FR","og_type":"article","og_title":"(Youth) Air Jordan 1 Low SE 'Mocha Blue Grey' FQ8156-142 - TOURCRUISER PTE. LTD","og_description":"Entrez dans l&rsquo;histoire avec la Air Jordan 1 Low SE \u00ab\u00a0Mocha Blue Grey\u00a0\u00bb. Ce mod\u00e8le iconique allie style classique et d\u00e9tails modernes. Son empeigne en cuir souple, d\u00e9clin\u00e9e dans des tons de marron, de bleu et de gris, cr\u00e9e un look \u00e0 la fois intemporel et tendance. L&rsquo;amorti Air signature assure un confort optimal tout [&hellip;]","og_url":"https:\/\/tourcruiser.com\/fr\/products\/youth-air-jordan-1-low-se-mocha-blue-grey-fq8156-142\/","og_site_name":"Tourcruiser Sneaker Store","article_modified_time":"2026-04-17T16:07:22+00:00","twitter_card":"summary_large_image","twitter_image":"https:\/\/images.novelship.com\/product\/_youth__air_jordan_1_low_se__mocha_blue_grey__fq81_0_78939.png","twitter_misc":{"Dur\u00e9e de lecture estim\u00e9e":"1 minute"},"schema":{"@context":"https:\/\/schema.org","@graph":[{"@type":"WebPage","@id":"https:\/\/tourcruiser.com\/fr\/products\/youth-air-jordan-1-low-se-mocha-blue-grey-fq8156-142\/","url":"https:\/\/tourcruiser.com\/fr\/products\/youth-air-jordan-1-low-se-mocha-blue-grey-fq8156-142\/","name":"(Youth) Air Jordan 1 Low SE 'Mocha Blue Grey' FQ8156-142 - TOURCRUISER PTE. LTD","isPartOf":{"@id":"\/#website"},"primaryImageOfPage":{"@id":"https:\/\/tourcruiser.com\/fr\/products\/youth-air-jordan-1-low-se-mocha-blue-grey-fq8156-142\/#primaryimage"},"image":{"@id":"https:\/\/tourcruiser.com\/fr\/products\/youth-air-jordan-1-low-se-mocha-blue-grey-fq8156-142\/#primaryimage"},"thumbnailUrl":"https:\/\/images.novelship.com\/product\/_youth__air_jordan_1_low_se__mocha_blue_grey__fq81_0_78939.png","datePublished":"2026-04-16T10:16:06+00:00","dateModified":"2026-04-17T16:07:22+00:00","breadcrumb":{"@id":"https:\/\/tourcruiser.com\/fr\/products\/youth-air-jordan-1-low-se-mocha-blue-grey-fq8156-142\/#breadcrumb"},"inLanguage":"fr-FR","potentialAction":[{"@type":"ReadAction","target":["https:\/\/tourcruiser.com\/fr\/products\/youth-air-jordan-1-low-se-mocha-blue-grey-fq8156-142\/"]}]},{"@type":"ImageObject","inLanguage":"fr-FR","@id":"https:\/\/tourcruiser.com\/fr\/products\/youth-air-jordan-1-low-se-mocha-blue-grey-fq8156-142\/#primaryimage","url":"https:\/\/images.novelship.com\/product\/_youth__air_jordan_1_low_se__mocha_blue_grey__fq81_0_78939.png","contentUrl":"https:\/\/images.novelship.com\/product\/_youth__air_jordan_1_low_se__mocha_blue_grey__fq81_0_78939.png"},{"@type":"BreadcrumbList","@id":"https:\/\/tourcruiser.com\/fr\/products\/youth-air-jordan-1-low-se-mocha-blue-grey-fq8156-142\/#breadcrumb","itemListElement":[{"@type":"ListItem","position":1,"name":"Home","item":"https:\/\/tourcruiser.com\/fr\/"},{"@type":"ListItem","position":2,"name":"Shop","item":"https:\/\/tourcruiser.com\/fr\/shop\/"},{"@type":"ListItem","position":3,"name":"(Youth) Air Jordan 1 Low SE &#8216;Mocha Blue Grey&#8217; FQ8156-142"}]},{"@type":"WebSite","@id":"\/#website","url":"\/","name":"Styloral Jewelry Shop","description":"Tourcruiser Sneaker Store \u2014 L\u2019endroit o\u00f9 l\u2019univers rencontre votre singularit\u00e9.","publisher":{"@id":"\/#organization"},"potentialAction":[{"@type":"SearchAction","target":{"@type":"EntryPoint","urlTemplate":"\/?s={search_term_string}"},"query-input":{"@type":"PropertyValueSpecification","valueRequired":true,"valueName":"search_term_string"}}],"inLanguage":"fr-FR"},{"@type":"Organization","@id":"\/#organization","name":"STYLORAL PTE. LTD","url":"\/","logo":{"@type":"ImageObject","inLanguage":"fr-FR","@id":"\/#\/schema\/logo\/image\/","url":"https:\/\/www.tourcruiser.com\/wp-content\/uploads\/2025\/12\/logo.png","contentUrl":"https:\/\/www.tourcruiser.com\/wp-content\/uploads\/2025\/12\/logo.png","width":200,"height":65,"caption":"STYLORAL PTE. LTD"},"image":{"@id":"\/#\/schema\/logo\/image\/"}}]}},"_links":{"self":[{"href":"https:\/\/tourcruiser.com\/fr\/wp-json\/wp\/v2\/product\/773538","targetHints":{"allow":["GET"]}}],"collection":[{"href":"https:\/\/tourcruiser.com\/fr\/wp-json\/wp\/v2\/product"}],"about":[{"href":"https:\/\/tourcruiser.com\/fr\/wp-json\/wp\/v2\/types\/product"}],"replies":[{"embeddable":true,"href":"https:\/\/tourcruiser.com\/fr\/wp-json\/wp\/v2\/comments?post=773538"}],"wp:featuredmedia":[{"embeddable":true,"href":"https:\/\/tourcruiser.com\/fr\/wp-json\/wp\/v2\/media\/773539"}],"wp:attachment":[{"href":"https:\/\/tourcruiser.com\/fr\/wp-json\/wp\/v2\/media?parent=773538"}],"wp:term":[{"taxonomy":"product_brand","embeddable":true,"href":"https:\/\/tourcruiser.com\/fr\/wp-json\/wp\/v2\/product_brand?post=773538"},{"taxonomy":"product_cat","embeddable":true,"href":"https:\/\/tourcruiser.com\/fr\/wp-json\/wp\/v2\/product_cat?post=773538"},{"taxonomy":"product_tag","embeddable":true,"href":"https:\/\/tourcruiser.com\/fr\/wp-json\/wp\/v2\/product_tag?post=773538"}],"curies":[{"name":"wp","href":"https:\/\/api.w.org\/{rel}","templated":true}]}}