{"id":773171,"date":"2026-04-16T17:15:49","date_gmt":"2026-04-16T10:15:49","guid":{"rendered":"http:\/\/tourcruiser.com\/product\/tiago-lemos-x-new-balance-numeric-808-white-navy-nm808wrb"},"modified":"2026-04-17T23:06:50","modified_gmt":"2026-04-17T16:06:50","slug":"tiago-lemos-x-new-balance-numeric-808-white-navy-nm808wrb","status":"publish","type":"product","link":"https:\/\/tourcruiser.com\/fr\/products\/tiago-lemos-x-new-balance-numeric-808-white-navy-nm808wrb\/","title":{"rendered":"Tiago Lemos x New Balance Numeric 808 &lsquo;White Navy&rsquo; NM808WRB"},"content":{"rendered":"<p>Les sneakers Tiago Lemos x New Balance Numeric 808 blanches et bleu marine de New Balance sont un choix \u00e9l\u00e9gant et confortable pour tous les passionn\u00e9s de sneakers. Leur design raffin\u00e9 blanc et bleu marine allie \u00e0 la perfection sportivit\u00e9 et style d\u00e9contract\u00e9. Fabriqu\u00e9es \u00e0 partir de mat\u00e9riaux de haute qualit\u00e9 et avec le savoir-faire caract\u00e9ristique de New Balance, ces sneakers conjuguent performance et style. Que ce soit au skatepark ou simplement pour profiter de votre temps libre, avec les sneakers Tiago Lemos x New Balance Numeric 808 blanches et bleu marine, vous \u00eates assur\u00e9 de faire sensation.<\/p>\n<p>Coloris : Blanc\/Bleu marine<br \/>\nCode article : NM808WRB<br \/>\nTige : Mesh<br \/>\nSemelle interm\u00e9diaire : ABZORB<br \/>\nCouleur : Blanc<br \/>\nCr\u00e9ateur : Tinker Hatfield<br \/>\nSaison : Automne<br \/>\nAnn\u00e9e de sortie : 2022<\/p>\n<p>\u00c2ge : Adulte<br \/>\nCouleur : Blanc cass\u00e9\/Blanc cr\u00e8me\/Gomme<br \/>\nGenre : Homme<\/p>\n","protected":false},"excerpt":{"rendered":"<p>Les sneakers Tiago Lemos x New Balance Numeric 808 blanches et bleu marine de New Balance sont un choix \u00e9l\u00e9gant et confortable pour tous les passionn\u00e9s de sneakers. Leur design raffin\u00e9 blanc et bleu marine allie \u00e0 la perfection sportivit\u00e9 et style d\u00e9contract\u00e9. Fabriqu\u00e9es \u00e0 partir de mat\u00e9riaux de haute qualit\u00e9 et avec le savoir-faire [&hellip;]<\/p>\n","protected":false},"featured_media":773172,"comment_status":"open","ping_status":"closed","template":"","meta":[],"product_brand":[],"product_cat":[10771],"product_tag":[38861,38842,12042,10766,39153,38846,11153,38844,38845],"class_list":{"0":"post-773171","1":"product","2":"type-product","3":"status-publish","4":"has-post-thumbnail","6":"product_cat-new-balance","7":"product_tag-below-retail-price","8":"product_tag-gift-idea-for-him","9":"product_tag-leather-skateboard-shoes","10":"product_tag-new-balance","11":"product_tag-new-balance-skateboard-shoes","12":"product_tag-performance-sports-shoes","13":"product_tag-skateboard-shoes","14":"product_tag-top-offers","15":"product_tag-top-offers-under-a-150","16":"wcpa_has_options","18":"first","19":"instock","20":"taxable","21":"shipping-taxable","22":"purchasable","23":"product-type-simple"},"wcpa_form_fields":{"rules":{"pric_overide_base_price":false,"pric_overide_base_price_if_gt_zero":false,"pric_overide_base_price_fully":false,"pric_cal_option_once":false,"pric_use_as_fee":false,"bind_quantity":false,"quantity_bind_formula":false},"fields":[{"type":"color-group","required":true,"elementId":"wcpa-color-group-66c4a928225d2","label":"Taille","inline":true,"priceOptions":"different_for_all","pricingType":"fixed","className":"hassizechart product-shoes-size-eu product-shoes-size","name":"color-group-66c4a928225e2","disp_type":"square","selection_type":"tick-border","disp_size":"50","show_label_inside":true,"adjust_width":true,"cart_display_type":"text","other_text":"Other","cl_rule":"show","col":6,"values":[{"label":"35","value":"EU 35","price":"","pimage":"","pimage_id":"","pthumb":"","color":""},{"label":"36","value":"EU 36","price":"","pimage":"","pimage_id":"","pthumb":"","color":"","selected":true},{"label":"37","value":"EU 37","price":"","pimage":"","pimage_id":"","pthumb":"","color":""},{"label":"37.5","value":"EU 37.5","price":"","pimage":"","pimage_id":"","pthumb":"","color":""},{"label":"38","value":"EU 38","price":"","pimage":"","pimage_id":"","pthumb":"","color":""},{"label":"38.5","value":"EU 38.5","price":"","pimage":"","pimage_id":"","pthumb":"","color":""},{"label":"39","value":"EU 39","price":"","pimage":"","pimage_id":"","pthumb":"","color":""},{"label":"39.5","value":"EU 39.5","price":"","pimage":"","pimage_id":"","pthumb":"","color":""},{"label":"40","value":"EU 40","price":"","pimage":"","pimage_id":"","pthumb":"","color":""},{"label":"40.5","value":"EU 40.5","price":"","pimage":"","pimage_id":"","pthumb":"","color":""},{"label":" 41.5","value":"EU 41.5","price":"","pimage":"","pimage_id":"","pthumb":"","color":""},{"label":"42","value":"EU 42","price":"","pimage":"","pimage_id":"","pthumb":"","color":""},{"label":"42.5","value":"EU 42.5","price":"","pimage":"","pimage_id":"","pthumb":"","color":""},{"label":"43","value":"EU 43","price":"","pimage":"","pimage_id":"","pthumb":"","color":""},{"label":"44","value":"EU 44","price":"","pimage":"","pimage_id":"","pthumb":"","color":""},{"label":"44.5","value":"EU 44.5","price":"","pimage":"","pimage_id":"","pthumb":"","color":""},{"label":"45","value":"EU 45","price":"","pimage":"","pimage_id":"","pthumb":"","color":""},{"label":"45.5","value":"EU 45.5","price":"","pimage":"","pimage_id":"","pthumb":"","color":""},{"label":"46","value":"EU 46","price":"","pimage":"","pimage_id":"","pthumb":"","color":""}],"relations":[{"operator":false,"rules":[]}],"form_id":24803,"form_rules":{"pric_cal_option_once":false,"exclude_from_discount":false,"pric_use_as_fee":false,"fee_label":"Fee","render_after_acb":false,"disp_hide_options_price":false}}]},"yoast_head":"<!-- This site is optimized with the Yoast SEO plugin v26.5 - https:\/\/yoast.com\/wordpress\/plugins\/seo\/ -->\n<title>Tiago Lemos x New Balance Numeric 808 &#039;White Navy&#039; NM808WRB - TOURCRUISER PTE. LTD<\/title>\n<meta name=\"robots\" content=\"index, follow, max-snippet:-1, max-image-preview:large, max-video-preview:-1\" \/>\n<link rel=\"canonical\" href=\"https:\/\/tourcruiser.com\/fr\/products\/tiago-lemos-x-new-balance-numeric-808-white-navy-nm808wrb\/\" \/>\n<meta property=\"og:locale\" content=\"fr_FR\" \/>\n<meta property=\"og:type\" content=\"article\" \/>\n<meta property=\"og:title\" content=\"Tiago Lemos x New Balance Numeric 808 &#039;White Navy&#039; NM808WRB - TOURCRUISER PTE. LTD\" \/>\n<meta property=\"og:description\" content=\"Les sneakers Tiago Lemos x New Balance Numeric 808 blanches et bleu marine de New Balance sont un choix \u00e9l\u00e9gant et confortable pour tous les passionn\u00e9s de sneakers. Leur design raffin\u00e9 blanc et bleu marine allie \u00e0 la perfection sportivit\u00e9 et style d\u00e9contract\u00e9. Fabriqu\u00e9es \u00e0 partir de mat\u00e9riaux de haute qualit\u00e9 et avec le savoir-faire [&hellip;]\" \/>\n<meta property=\"og:url\" content=\"https:\/\/tourcruiser.com\/fr\/products\/tiago-lemos-x-new-balance-numeric-808-white-navy-nm808wrb\/\" \/>\n<meta property=\"og:site_name\" content=\"Tourcruiser Sneaker Store\" \/>\n<meta property=\"article:modified_time\" content=\"2026-04-17T16:06:50+00:00\" \/>\n<meta name=\"twitter:card\" content=\"summary_large_image\" \/>\n<meta name=\"twitter:image\" content=\"https:\/\/images.novelship.com\/product\/tiago_lemos_x_new_balance_numeric_808__white_navy__0_1186.jpeg;https:\/\/images.novelship.com\/product\/tiago_lemos_x_new_balance_numeric_808__white_navy__1_1186.jpeg;https:\/\/images.novelship.com\/product\/tiago_lemos_x_new_balance_numeric_808__white_navy__2_1186.jpeg;https:\/\/images.novelship.com\/product\/tiago_lemos_x_new_balance_numeric_808__white_navy__3_1186.jpeg;https:\/\/images.novelship.com\/product\/tiago_lemos_x_new_balance_numeric_808__white_navy__4_1186.jpeg;https:\/\/images.novelship.com\/product\/tiago_lemos_x_new_balance_numeric_808__white_navy__5_1186.jpeg;https:\/\/images.novelship.com\/product\/tiago_lemos_x_new_balance_numeric_808__white_navy__6_1186.jpeg;https:\/\/images.novelship.com\/product\/tiago_lemos_x_new_balance_numeric_808__white_navy__7_1186.jpeg;https:\/\/images.novelship.com\/product\/tiago_lemos_x_new_balance_numeric_808__white_navy__8_1186.jpeg;https:\/\/images.novelship.com\/product\/tiago_lemos_x_new_balance_numeric_808__white_navy__9_1186.jpeg;https:\/\/images.novelship.com\/product\/tiago_lemos_x_new_balance_numeric_808__white_navy__10_1186.jpeg\" \/>\n<meta name=\"twitter:label1\" content=\"Dur\u00e9e de lecture estim\u00e9e\" \/>\n\t<meta name=\"twitter:data1\" content=\"1 minute\" \/>\n<script type=\"application\/ld+json\" class=\"yoast-schema-graph\">{\"@context\":\"https:\/\/schema.org\",\"@graph\":[{\"@type\":\"WebPage\",\"@id\":\"https:\/\/tourcruiser.com\/fr\/products\/tiago-lemos-x-new-balance-numeric-808-white-navy-nm808wrb\/\",\"url\":\"https:\/\/tourcruiser.com\/fr\/products\/tiago-lemos-x-new-balance-numeric-808-white-navy-nm808wrb\/\",\"name\":\"Tiago Lemos x New Balance Numeric 808 'White Navy' NM808WRB - TOURCRUISER PTE. LTD\",\"isPartOf\":{\"@id\":\"\/#website\"},\"primaryImageOfPage\":{\"@id\":\"https:\/\/tourcruiser.com\/fr\/products\/tiago-lemos-x-new-balance-numeric-808-white-navy-nm808wrb\/#primaryimage\"},\"image\":{\"@id\":\"https:\/\/tourcruiser.com\/fr\/products\/tiago-lemos-x-new-balance-numeric-808-white-navy-nm808wrb\/#primaryimage\"},\"thumbnailUrl\":\"https:\/\/images.novelship.com\/product\/tiago_lemos_x_new_balance_numeric_808__white_navy__0_1186.jpeg;https:\/\/images.novelship.com\/product\/tiago_lemos_x_new_balance_numeric_808__white_navy__1_1186.jpeg;https:\/\/images.novelship.com\/product\/tiago_lemos_x_new_balance_numeric_808__white_navy__2_1186.jpeg;https:\/\/images.novelship.com\/product\/tiago_lemos_x_new_balance_numeric_808__white_navy__3_1186.jpeg;https:\/\/images.novelship.com\/product\/tiago_lemos_x_new_balance_numeric_808__white_navy__4_1186.jpeg;https:\/\/images.novelship.com\/product\/tiago_lemos_x_new_balance_numeric_808__white_navy__5_1186.jpeg;https:\/\/images.novelship.com\/product\/tiago_lemos_x_new_balance_numeric_808__white_navy__6_1186.jpeg;https:\/\/images.novelship.com\/product\/tiago_lemos_x_new_balance_numeric_808__white_navy__7_1186.jpeg;https:\/\/images.novelship.com\/product\/tiago_lemos_x_new_balance_numeric_808__white_navy__8_1186.jpeg;https:\/\/images.novelship.com\/product\/tiago_lemos_x_new_balance_numeric_808__white_navy__9_1186.jpeg;https:\/\/images.novelship.com\/product\/tiago_lemos_x_new_balance_numeric_808__white_navy__10_1186.jpeg\",\"datePublished\":\"2026-04-16T10:15:49+00:00\",\"dateModified\":\"2026-04-17T16:06:50+00:00\",\"breadcrumb\":{\"@id\":\"https:\/\/tourcruiser.com\/fr\/products\/tiago-lemos-x-new-balance-numeric-808-white-navy-nm808wrb\/#breadcrumb\"},\"inLanguage\":\"fr-FR\",\"potentialAction\":[{\"@type\":\"ReadAction\",\"target\":[\"https:\/\/tourcruiser.com\/fr\/products\/tiago-lemos-x-new-balance-numeric-808-white-navy-nm808wrb\/\"]}]},{\"@type\":\"ImageObject\",\"inLanguage\":\"fr-FR\",\"@id\":\"https:\/\/tourcruiser.com\/fr\/products\/tiago-lemos-x-new-balance-numeric-808-white-navy-nm808wrb\/#primaryimage\",\"url\":\"https:\/\/images.novelship.com\/product\/tiago_lemos_x_new_balance_numeric_808__white_navy__0_1186.jpeg;https:\/\/images.novelship.com\/product\/tiago_lemos_x_new_balance_numeric_808__white_navy__1_1186.jpeg;https:\/\/images.novelship.com\/product\/tiago_lemos_x_new_balance_numeric_808__white_navy__2_1186.jpeg;https:\/\/images.novelship.com\/product\/tiago_lemos_x_new_balance_numeric_808__white_navy__3_1186.jpeg;https:\/\/images.novelship.com\/product\/tiago_lemos_x_new_balance_numeric_808__white_navy__4_1186.jpeg;https:\/\/images.novelship.com\/product\/tiago_lemos_x_new_balance_numeric_808__white_navy__5_1186.jpeg;https:\/\/images.novelship.com\/product\/tiago_lemos_x_new_balance_numeric_808__white_navy__6_1186.jpeg;https:\/\/images.novelship.com\/product\/tiago_lemos_x_new_balance_numeric_808__white_navy__7_1186.jpeg;https:\/\/images.novelship.com\/product\/tiago_lemos_x_new_balance_numeric_808__white_navy__8_1186.jpeg;https:\/\/images.novelship.com\/product\/tiago_lemos_x_new_balance_numeric_808__white_navy__9_1186.jpeg;https:\/\/images.novelship.com\/product\/tiago_lemos_x_new_balance_numeric_808__white_navy__10_1186.jpeg\",\"contentUrl\":\"https:\/\/images.novelship.com\/product\/tiago_lemos_x_new_balance_numeric_808__white_navy__0_1186.jpeg;https:\/\/images.novelship.com\/product\/tiago_lemos_x_new_balance_numeric_808__white_navy__1_1186.jpeg;https:\/\/images.novelship.com\/product\/tiago_lemos_x_new_balance_numeric_808__white_navy__2_1186.jpeg;https:\/\/images.novelship.com\/product\/tiago_lemos_x_new_balance_numeric_808__white_navy__3_1186.jpeg;https:\/\/images.novelship.com\/product\/tiago_lemos_x_new_balance_numeric_808__white_navy__4_1186.jpeg;https:\/\/images.novelship.com\/product\/tiago_lemos_x_new_balance_numeric_808__white_navy__5_1186.jpeg;https:\/\/images.novelship.com\/product\/tiago_lemos_x_new_balance_numeric_808__white_navy__6_1186.jpeg;https:\/\/images.novelship.com\/product\/tiago_lemos_x_new_balance_numeric_808__white_navy__7_1186.jpeg;https:\/\/images.novelship.com\/product\/tiago_lemos_x_new_balance_numeric_808__white_navy__8_1186.jpeg;https:\/\/images.novelship.com\/product\/tiago_lemos_x_new_balance_numeric_808__white_navy__9_1186.jpeg;https:\/\/images.novelship.com\/product\/tiago_lemos_x_new_balance_numeric_808__white_navy__10_1186.jpeg\"},{\"@type\":\"BreadcrumbList\",\"@id\":\"https:\/\/tourcruiser.com\/fr\/products\/tiago-lemos-x-new-balance-numeric-808-white-navy-nm808wrb\/#breadcrumb\",\"itemListElement\":[{\"@type\":\"ListItem\",\"position\":1,\"name\":\"Home\",\"item\":\"https:\/\/tourcruiser.com\/fr\/\"},{\"@type\":\"ListItem\",\"position\":2,\"name\":\"Shop\",\"item\":\"https:\/\/tourcruiser.com\/fr\/shop\/\"},{\"@type\":\"ListItem\",\"position\":3,\"name\":\"Tiago Lemos x New Balance Numeric 808 &#8216;White Navy&#8217; NM808WRB\"}]},{\"@type\":\"WebSite\",\"@id\":\"\/#website\",\"url\":\"\/\",\"name\":\"Styloral Jewelry Shop\",\"description\":\"Tourcruiser Sneaker Store \u2014 L\u2019endroit o\u00f9 l\u2019univers rencontre votre singularit\u00e9.\",\"publisher\":{\"@id\":\"\/#organization\"},\"potentialAction\":[{\"@type\":\"SearchAction\",\"target\":{\"@type\":\"EntryPoint\",\"urlTemplate\":\"\/?s={search_term_string}\"},\"query-input\":{\"@type\":\"PropertyValueSpecification\",\"valueRequired\":true,\"valueName\":\"search_term_string\"}}],\"inLanguage\":\"fr-FR\"},{\"@type\":\"Organization\",\"@id\":\"\/#organization\",\"name\":\"STYLORAL PTE. LTD\",\"url\":\"\/\",\"logo\":{\"@type\":\"ImageObject\",\"inLanguage\":\"fr-FR\",\"@id\":\"\/#\/schema\/logo\/image\/\",\"url\":\"https:\/\/www.tourcruiser.com\/wp-content\/uploads\/2025\/12\/logo.png\",\"contentUrl\":\"https:\/\/www.tourcruiser.com\/wp-content\/uploads\/2025\/12\/logo.png\",\"width\":200,\"height\":65,\"caption\":\"STYLORAL PTE. LTD\"},\"image\":{\"@id\":\"\/#\/schema\/logo\/image\/\"}}]}<\/script>\n<!-- \/ Yoast SEO plugin. -->","yoast_head_json":{"title":"Tiago Lemos x New Balance Numeric 808 'White Navy' NM808WRB - TOURCRUISER PTE. LTD","robots":{"index":"index","follow":"follow","max-snippet":"max-snippet:-1","max-image-preview":"max-image-preview:large","max-video-preview":"max-video-preview:-1"},"canonical":"https:\/\/tourcruiser.com\/fr\/products\/tiago-lemos-x-new-balance-numeric-808-white-navy-nm808wrb\/","og_locale":"fr_FR","og_type":"article","og_title":"Tiago Lemos x New Balance Numeric 808 'White Navy' NM808WRB - TOURCRUISER PTE. LTD","og_description":"Les sneakers Tiago Lemos x New Balance Numeric 808 blanches et bleu marine de New Balance sont un choix \u00e9l\u00e9gant et confortable pour tous les passionn\u00e9s de sneakers. Leur design raffin\u00e9 blanc et bleu marine allie \u00e0 la perfection sportivit\u00e9 et style d\u00e9contract\u00e9. Fabriqu\u00e9es \u00e0 partir de mat\u00e9riaux de haute qualit\u00e9 et avec le savoir-faire [&hellip;]","og_url":"https:\/\/tourcruiser.com\/fr\/products\/tiago-lemos-x-new-balance-numeric-808-white-navy-nm808wrb\/","og_site_name":"Tourcruiser Sneaker Store","article_modified_time":"2026-04-17T16:06:50+00:00","twitter_card":"summary_large_image","twitter_image":"https:\/\/images.novelship.com\/product\/tiago_lemos_x_new_balance_numeric_808__white_navy__0_1186.jpeg;https:\/\/images.novelship.com\/product\/tiago_lemos_x_new_balance_numeric_808__white_navy__1_1186.jpeg;https:\/\/images.novelship.com\/product\/tiago_lemos_x_new_balance_numeric_808__white_navy__2_1186.jpeg;https:\/\/images.novelship.com\/product\/tiago_lemos_x_new_balance_numeric_808__white_navy__3_1186.jpeg;https:\/\/images.novelship.com\/product\/tiago_lemos_x_new_balance_numeric_808__white_navy__4_1186.jpeg;https:\/\/images.novelship.com\/product\/tiago_lemos_x_new_balance_numeric_808__white_navy__5_1186.jpeg;https:\/\/images.novelship.com\/product\/tiago_lemos_x_new_balance_numeric_808__white_navy__6_1186.jpeg;https:\/\/images.novelship.com\/product\/tiago_lemos_x_new_balance_numeric_808__white_navy__7_1186.jpeg;https:\/\/images.novelship.com\/product\/tiago_lemos_x_new_balance_numeric_808__white_navy__8_1186.jpeg;https:\/\/images.novelship.com\/product\/tiago_lemos_x_new_balance_numeric_808__white_navy__9_1186.jpeg;https:\/\/images.novelship.com\/product\/tiago_lemos_x_new_balance_numeric_808__white_navy__10_1186.jpeg","twitter_misc":{"Dur\u00e9e de lecture estim\u00e9e":"1 minute"},"schema":{"@context":"https:\/\/schema.org","@graph":[{"@type":"WebPage","@id":"https:\/\/tourcruiser.com\/fr\/products\/tiago-lemos-x-new-balance-numeric-808-white-navy-nm808wrb\/","url":"https:\/\/tourcruiser.com\/fr\/products\/tiago-lemos-x-new-balance-numeric-808-white-navy-nm808wrb\/","name":"Tiago Lemos x New Balance Numeric 808 'White Navy' NM808WRB - TOURCRUISER PTE. LTD","isPartOf":{"@id":"\/#website"},"primaryImageOfPage":{"@id":"https:\/\/tourcruiser.com\/fr\/products\/tiago-lemos-x-new-balance-numeric-808-white-navy-nm808wrb\/#primaryimage"},"image":{"@id":"https:\/\/tourcruiser.com\/fr\/products\/tiago-lemos-x-new-balance-numeric-808-white-navy-nm808wrb\/#primaryimage"},"thumbnailUrl":"https:\/\/images.novelship.com\/product\/tiago_lemos_x_new_balance_numeric_808__white_navy__0_1186.jpeg;https:\/\/images.novelship.com\/product\/tiago_lemos_x_new_balance_numeric_808__white_navy__1_1186.jpeg;https:\/\/images.novelship.com\/product\/tiago_lemos_x_new_balance_numeric_808__white_navy__2_1186.jpeg;https:\/\/images.novelship.com\/product\/tiago_lemos_x_new_balance_numeric_808__white_navy__3_1186.jpeg;https:\/\/images.novelship.com\/product\/tiago_lemos_x_new_balance_numeric_808__white_navy__4_1186.jpeg;https:\/\/images.novelship.com\/product\/tiago_lemos_x_new_balance_numeric_808__white_navy__5_1186.jpeg;https:\/\/images.novelship.com\/product\/tiago_lemos_x_new_balance_numeric_808__white_navy__6_1186.jpeg;https:\/\/images.novelship.com\/product\/tiago_lemos_x_new_balance_numeric_808__white_navy__7_1186.jpeg;https:\/\/images.novelship.com\/product\/tiago_lemos_x_new_balance_numeric_808__white_navy__8_1186.jpeg;https:\/\/images.novelship.com\/product\/tiago_lemos_x_new_balance_numeric_808__white_navy__9_1186.jpeg;https:\/\/images.novelship.com\/product\/tiago_lemos_x_new_balance_numeric_808__white_navy__10_1186.jpeg","datePublished":"2026-04-16T10:15:49+00:00","dateModified":"2026-04-17T16:06:50+00:00","breadcrumb":{"@id":"https:\/\/tourcruiser.com\/fr\/products\/tiago-lemos-x-new-balance-numeric-808-white-navy-nm808wrb\/#breadcrumb"},"inLanguage":"fr-FR","potentialAction":[{"@type":"ReadAction","target":["https:\/\/tourcruiser.com\/fr\/products\/tiago-lemos-x-new-balance-numeric-808-white-navy-nm808wrb\/"]}]},{"@type":"ImageObject","inLanguage":"fr-FR","@id":"https:\/\/tourcruiser.com\/fr\/products\/tiago-lemos-x-new-balance-numeric-808-white-navy-nm808wrb\/#primaryimage","url":"https:\/\/images.novelship.com\/product\/tiago_lemos_x_new_balance_numeric_808__white_navy__0_1186.jpeg;https:\/\/images.novelship.com\/product\/tiago_lemos_x_new_balance_numeric_808__white_navy__1_1186.jpeg;https:\/\/images.novelship.com\/product\/tiago_lemos_x_new_balance_numeric_808__white_navy__2_1186.jpeg;https:\/\/images.novelship.com\/product\/tiago_lemos_x_new_balance_numeric_808__white_navy__3_1186.jpeg;https:\/\/images.novelship.com\/product\/tiago_lemos_x_new_balance_numeric_808__white_navy__4_1186.jpeg;https:\/\/images.novelship.com\/product\/tiago_lemos_x_new_balance_numeric_808__white_navy__5_1186.jpeg;https:\/\/images.novelship.com\/product\/tiago_lemos_x_new_balance_numeric_808__white_navy__6_1186.jpeg;https:\/\/images.novelship.com\/product\/tiago_lemos_x_new_balance_numeric_808__white_navy__7_1186.jpeg;https:\/\/images.novelship.com\/product\/tiago_lemos_x_new_balance_numeric_808__white_navy__8_1186.jpeg;https:\/\/images.novelship.com\/product\/tiago_lemos_x_new_balance_numeric_808__white_navy__9_1186.jpeg;https:\/\/images.novelship.com\/product\/tiago_lemos_x_new_balance_numeric_808__white_navy__10_1186.jpeg","contentUrl":"https:\/\/images.novelship.com\/product\/tiago_lemos_x_new_balance_numeric_808__white_navy__0_1186.jpeg;https:\/\/images.novelship.com\/product\/tiago_lemos_x_new_balance_numeric_808__white_navy__1_1186.jpeg;https:\/\/images.novelship.com\/product\/tiago_lemos_x_new_balance_numeric_808__white_navy__2_1186.jpeg;https:\/\/images.novelship.com\/product\/tiago_lemos_x_new_balance_numeric_808__white_navy__3_1186.jpeg;https:\/\/images.novelship.com\/product\/tiago_lemos_x_new_balance_numeric_808__white_navy__4_1186.jpeg;https:\/\/images.novelship.com\/product\/tiago_lemos_x_new_balance_numeric_808__white_navy__5_1186.jpeg;https:\/\/images.novelship.com\/product\/tiago_lemos_x_new_balance_numeric_808__white_navy__6_1186.jpeg;https:\/\/images.novelship.com\/product\/tiago_lemos_x_new_balance_numeric_808__white_navy__7_1186.jpeg;https:\/\/images.novelship.com\/product\/tiago_lemos_x_new_balance_numeric_808__white_navy__8_1186.jpeg;https:\/\/images.novelship.com\/product\/tiago_lemos_x_new_balance_numeric_808__white_navy__9_1186.jpeg;https:\/\/images.novelship.com\/product\/tiago_lemos_x_new_balance_numeric_808__white_navy__10_1186.jpeg"},{"@type":"BreadcrumbList","@id":"https:\/\/tourcruiser.com\/fr\/products\/tiago-lemos-x-new-balance-numeric-808-white-navy-nm808wrb\/#breadcrumb","itemListElement":[{"@type":"ListItem","position":1,"name":"Home","item":"https:\/\/tourcruiser.com\/fr\/"},{"@type":"ListItem","position":2,"name":"Shop","item":"https:\/\/tourcruiser.com\/fr\/shop\/"},{"@type":"ListItem","position":3,"name":"Tiago Lemos x New Balance Numeric 808 &#8216;White Navy&#8217; NM808WRB"}]},{"@type":"WebSite","@id":"\/#website","url":"\/","name":"Styloral Jewelry Shop","description":"Tourcruiser Sneaker Store \u2014 L\u2019endroit o\u00f9 l\u2019univers rencontre votre singularit\u00e9.","publisher":{"@id":"\/#organization"},"potentialAction":[{"@type":"SearchAction","target":{"@type":"EntryPoint","urlTemplate":"\/?s={search_term_string}"},"query-input":{"@type":"PropertyValueSpecification","valueRequired":true,"valueName":"search_term_string"}}],"inLanguage":"fr-FR"},{"@type":"Organization","@id":"\/#organization","name":"STYLORAL PTE. LTD","url":"\/","logo":{"@type":"ImageObject","inLanguage":"fr-FR","@id":"\/#\/schema\/logo\/image\/","url":"https:\/\/www.tourcruiser.com\/wp-content\/uploads\/2025\/12\/logo.png","contentUrl":"https:\/\/www.tourcruiser.com\/wp-content\/uploads\/2025\/12\/logo.png","width":200,"height":65,"caption":"STYLORAL PTE. LTD"},"image":{"@id":"\/#\/schema\/logo\/image\/"}}]}},"_links":{"self":[{"href":"https:\/\/tourcruiser.com\/fr\/wp-json\/wp\/v2\/product\/773171","targetHints":{"allow":["GET"]}}],"collection":[{"href":"https:\/\/tourcruiser.com\/fr\/wp-json\/wp\/v2\/product"}],"about":[{"href":"https:\/\/tourcruiser.com\/fr\/wp-json\/wp\/v2\/types\/product"}],"replies":[{"embeddable":true,"href":"https:\/\/tourcruiser.com\/fr\/wp-json\/wp\/v2\/comments?post=773171"}],"wp:featuredmedia":[{"embeddable":true,"href":"https:\/\/tourcruiser.com\/fr\/wp-json\/wp\/v2\/media\/773172"}],"wp:attachment":[{"href":"https:\/\/tourcruiser.com\/fr\/wp-json\/wp\/v2\/media?parent=773171"}],"wp:term":[{"taxonomy":"product_brand","embeddable":true,"href":"https:\/\/tourcruiser.com\/fr\/wp-json\/wp\/v2\/product_brand?post=773171"},{"taxonomy":"product_cat","embeddable":true,"href":"https:\/\/tourcruiser.com\/fr\/wp-json\/wp\/v2\/product_cat?post=773171"},{"taxonomy":"product_tag","embeddable":true,"href":"https:\/\/tourcruiser.com\/fr\/wp-json\/wp\/v2\/product_tag?post=773171"}],"curies":[{"name":"wp","href":"https:\/\/api.w.org\/{rel}","templated":true}]}}