{"id":773074,"date":"2026-04-16T17:15:44","date_gmt":"2026-04-16T10:15:44","guid":{"rendered":"http:\/\/tourcruiser.com\/product\/grade-school-air-jordan-1-mid-se-zen-master-dm6216-001"},"modified":"2026-04-17T23:06:43","modified_gmt":"2026-04-17T16:06:43","slug":"grade-school-air-jordan-1-mid-se-zen-master-dm6216-001","status":"publish","type":"product","link":"https:\/\/tourcruiser.com\/fr\/products\/grade-school-air-jordan-1-mid-se-zen-master-dm6216-001\/","title":{"rendered":"(Grade School) Air Jordan 1 Mid SE &lsquo;Zen Master&rsquo; DM6216-001"},"content":{"rendered":"<p>Affirmez votre style avec la Air Jordan 1 Mid SE \u00ab\u00a0Zen Master\u00a0\u00bb DM6216-001 pour enfants (primaire). Ces sneakers embl\u00e9matiques arborent une harmonieuse combinaison de noir, de blanc et de d\u00e9tails ombr\u00e9s, inspir\u00e9e par la s\u00e9r\u00e9nit\u00e9 du zen. Confectionn\u00e9es avec des mat\u00e9riaux haut de gamme pour une durabilit\u00e9 et un confort optimaux, elles sont dot\u00e9es de l&rsquo;amorti Air-Sole classique pour un confort tout au long de la journ\u00e9e. Leur design intemporel et leurs couleurs uniques en font un incontournable pour les jeunes influenceurs. Plongez dans un univers d&rsquo;\u00e9quilibre et de style avec la \u00ab\u00a0Zen Master\u00a0\u00bb.<\/p>\n<p>Coloris\u00a0: Noir\/Corail d\u00e9lav\u00e9\/Blanc\/Am\u00e9thyste<br \/>\nR\u00e9f\u00e9rence\u00a0: DM6216-001<br \/>\nTige\u00a0: Cuir<br \/>\nSemelle interm\u00e9diaire\u00a0: Air<br \/>\nCouleur\u00a0: Zero<br \/>\nCr\u00e9ateur\u00a0: Peter Moore<br \/>\nSaison\u00a0: Printemps<br \/>\nAnn\u00e9e de sortie\u00a0: 2022<\/p>\n<p>\u00c2ge\u00a0: Adulte<br \/>\nCouleur\u00a0: Orange vif\/Blanc\/Gomme<br \/>\nGenre\u00a0: Enfant<\/p>\n","protected":false},"excerpt":{"rendered":"<p>Affirmez votre style avec la Air Jordan 1 Mid SE \u00ab\u00a0Zen Master\u00a0\u00bb DM6216-001 pour enfants (primaire). Ces sneakers embl\u00e9matiques arborent une harmonieuse combinaison de noir, de blanc et de d\u00e9tails ombr\u00e9s, inspir\u00e9e par la s\u00e9r\u00e9nit\u00e9 du zen. Confectionn\u00e9es avec des mat\u00e9riaux haut de gamme pour une durabilit\u00e9 et un confort optimaux, elles sont dot\u00e9es de [&hellip;]<\/p>\n","protected":false},"featured_media":773075,"comment_status":"open","ping_status":"closed","template":"","meta":[],"product_brand":[],"product_cat":[38880],"product_tag":[10750,38861,38988,10776,11349,38875,10756,39039],"class_list":{"0":"post-773074","1":"product","2":"type-product","3":"status-publish","4":"has-post-thumbnail","6":"product_cat-jordan","7":"product_tag-athleisure-shoes","8":"product_tag-below-retail-price","9":"product_tag-casual-shoes-for-kids","10":"product_tag-jordan","11":"product_tag-jordan-basketball-shoes","12":"product_tag-jordan-skateboard-shoes","13":"product_tag-retro-casual-shoes","14":"product_tag-sneakers-for-kids","16":"first","17":"instock","18":"taxable","19":"shipping-taxable","20":"purchasable","21":"product-type-simple"},"wcpa_form_fields":null,"yoast_head":"<!-- This site is optimized with the Yoast SEO plugin v26.5 - https:\/\/yoast.com\/wordpress\/plugins\/seo\/ -->\n<title>(Grade School) Air Jordan 1 Mid SE &#039;Zen Master&#039; DM6216-001 - TOURCRUISER PTE. LTD<\/title>\n<meta name=\"robots\" content=\"index, follow, max-snippet:-1, max-image-preview:large, max-video-preview:-1\" \/>\n<link rel=\"canonical\" href=\"https:\/\/tourcruiser.com\/fr\/products\/grade-school-air-jordan-1-mid-se-zen-master-dm6216-001\/\" \/>\n<meta property=\"og:locale\" content=\"fr_FR\" \/>\n<meta property=\"og:type\" content=\"article\" \/>\n<meta property=\"og:title\" content=\"(Grade School) Air Jordan 1 Mid SE &#039;Zen Master&#039; DM6216-001 - TOURCRUISER PTE. LTD\" \/>\n<meta property=\"og:description\" content=\"Affirmez votre style avec la Air Jordan 1 Mid SE \u00ab\u00a0Zen Master\u00a0\u00bb DM6216-001 pour enfants (primaire). Ces sneakers embl\u00e9matiques arborent une harmonieuse combinaison de noir, de blanc et de d\u00e9tails ombr\u00e9s, inspir\u00e9e par la s\u00e9r\u00e9nit\u00e9 du zen. Confectionn\u00e9es avec des mat\u00e9riaux haut de gamme pour une durabilit\u00e9 et un confort optimaux, elles sont dot\u00e9es de [&hellip;]\" \/>\n<meta property=\"og:url\" content=\"https:\/\/tourcruiser.com\/fr\/products\/grade-school-air-jordan-1-mid-se-zen-master-dm6216-001\/\" \/>\n<meta property=\"og:site_name\" content=\"Tourcruiser Sneaker Store\" \/>\n<meta property=\"article:modified_time\" content=\"2026-04-17T16:06:43+00:00\" \/>\n<meta name=\"twitter:card\" content=\"summary_large_image\" \/>\n<meta name=\"twitter:image\" content=\"https:\/\/images.novelship.com\/product\/_grade_school__air_jordan_1_mid_se__zen_master__dm_0_90530.jpeg;https:\/\/images.novelship.com\/product\/_grade_school__air_jordan_1_mid_se__zen_master__dm_1_90531.jpeg;https:\/\/images.novelship.com\/product\/_grade_school__air_jordan_1_mid_se__zen_master__dm_2_90531.jpeg;https:\/\/images.novelship.com\/product\/_grade_school__air_jordan_1_mid_se__zen_master__dm_3_90531.jpeg;https:\/\/images.novelship.com\/product\/_grade_school__air_jordan_1_mid_se__zen_master__dm_4_90531.jpeg;https:\/\/images.novelship.com\/product\/_grade_school__air_jordan_1_mid_se__zen_master__dm_5_90531.jpeg;https:\/\/images.novelship.com\/product\/_grade_school__air_jordan_1_mid_se__zen_master__dm_6_90531.jpeg;https:\/\/images.novelship.com\/product\/_grade_school__air_jordan_1_mid_se__zen_master__dm_7_90531.jpeg\" \/>\n<meta name=\"twitter:label1\" content=\"Dur\u00e9e de lecture estim\u00e9e\" \/>\n\t<meta name=\"twitter:data1\" content=\"1 minute\" \/>\n<script type=\"application\/ld+json\" class=\"yoast-schema-graph\">{\"@context\":\"https:\/\/schema.org\",\"@graph\":[{\"@type\":\"WebPage\",\"@id\":\"https:\/\/tourcruiser.com\/fr\/products\/grade-school-air-jordan-1-mid-se-zen-master-dm6216-001\/\",\"url\":\"https:\/\/tourcruiser.com\/fr\/products\/grade-school-air-jordan-1-mid-se-zen-master-dm6216-001\/\",\"name\":\"(Grade School) Air Jordan 1 Mid SE 'Zen Master' DM6216-001 - TOURCRUISER PTE. LTD\",\"isPartOf\":{\"@id\":\"\/#website\"},\"primaryImageOfPage\":{\"@id\":\"https:\/\/tourcruiser.com\/fr\/products\/grade-school-air-jordan-1-mid-se-zen-master-dm6216-001\/#primaryimage\"},\"image\":{\"@id\":\"https:\/\/tourcruiser.com\/fr\/products\/grade-school-air-jordan-1-mid-se-zen-master-dm6216-001\/#primaryimage\"},\"thumbnailUrl\":\"https:\/\/images.novelship.com\/product\/_grade_school__air_jordan_1_mid_se__zen_master__dm_0_90530.jpeg;https:\/\/images.novelship.com\/product\/_grade_school__air_jordan_1_mid_se__zen_master__dm_1_90531.jpeg;https:\/\/images.novelship.com\/product\/_grade_school__air_jordan_1_mid_se__zen_master__dm_2_90531.jpeg;https:\/\/images.novelship.com\/product\/_grade_school__air_jordan_1_mid_se__zen_master__dm_3_90531.jpeg;https:\/\/images.novelship.com\/product\/_grade_school__air_jordan_1_mid_se__zen_master__dm_4_90531.jpeg;https:\/\/images.novelship.com\/product\/_grade_school__air_jordan_1_mid_se__zen_master__dm_5_90531.jpeg;https:\/\/images.novelship.com\/product\/_grade_school__air_jordan_1_mid_se__zen_master__dm_6_90531.jpeg;https:\/\/images.novelship.com\/product\/_grade_school__air_jordan_1_mid_se__zen_master__dm_7_90531.jpeg\",\"datePublished\":\"2026-04-16T10:15:44+00:00\",\"dateModified\":\"2026-04-17T16:06:43+00:00\",\"breadcrumb\":{\"@id\":\"https:\/\/tourcruiser.com\/fr\/products\/grade-school-air-jordan-1-mid-se-zen-master-dm6216-001\/#breadcrumb\"},\"inLanguage\":\"fr-FR\",\"potentialAction\":[{\"@type\":\"ReadAction\",\"target\":[\"https:\/\/tourcruiser.com\/fr\/products\/grade-school-air-jordan-1-mid-se-zen-master-dm6216-001\/\"]}]},{\"@type\":\"ImageObject\",\"inLanguage\":\"fr-FR\",\"@id\":\"https:\/\/tourcruiser.com\/fr\/products\/grade-school-air-jordan-1-mid-se-zen-master-dm6216-001\/#primaryimage\",\"url\":\"https:\/\/images.novelship.com\/product\/_grade_school__air_jordan_1_mid_se__zen_master__dm_0_90530.jpeg;https:\/\/images.novelship.com\/product\/_grade_school__air_jordan_1_mid_se__zen_master__dm_1_90531.jpeg;https:\/\/images.novelship.com\/product\/_grade_school__air_jordan_1_mid_se__zen_master__dm_2_90531.jpeg;https:\/\/images.novelship.com\/product\/_grade_school__air_jordan_1_mid_se__zen_master__dm_3_90531.jpeg;https:\/\/images.novelship.com\/product\/_grade_school__air_jordan_1_mid_se__zen_master__dm_4_90531.jpeg;https:\/\/images.novelship.com\/product\/_grade_school__air_jordan_1_mid_se__zen_master__dm_5_90531.jpeg;https:\/\/images.novelship.com\/product\/_grade_school__air_jordan_1_mid_se__zen_master__dm_6_90531.jpeg;https:\/\/images.novelship.com\/product\/_grade_school__air_jordan_1_mid_se__zen_master__dm_7_90531.jpeg\",\"contentUrl\":\"https:\/\/images.novelship.com\/product\/_grade_school__air_jordan_1_mid_se__zen_master__dm_0_90530.jpeg;https:\/\/images.novelship.com\/product\/_grade_school__air_jordan_1_mid_se__zen_master__dm_1_90531.jpeg;https:\/\/images.novelship.com\/product\/_grade_school__air_jordan_1_mid_se__zen_master__dm_2_90531.jpeg;https:\/\/images.novelship.com\/product\/_grade_school__air_jordan_1_mid_se__zen_master__dm_3_90531.jpeg;https:\/\/images.novelship.com\/product\/_grade_school__air_jordan_1_mid_se__zen_master__dm_4_90531.jpeg;https:\/\/images.novelship.com\/product\/_grade_school__air_jordan_1_mid_se__zen_master__dm_5_90531.jpeg;https:\/\/images.novelship.com\/product\/_grade_school__air_jordan_1_mid_se__zen_master__dm_6_90531.jpeg;https:\/\/images.novelship.com\/product\/_grade_school__air_jordan_1_mid_se__zen_master__dm_7_90531.jpeg\"},{\"@type\":\"BreadcrumbList\",\"@id\":\"https:\/\/tourcruiser.com\/fr\/products\/grade-school-air-jordan-1-mid-se-zen-master-dm6216-001\/#breadcrumb\",\"itemListElement\":[{\"@type\":\"ListItem\",\"position\":1,\"name\":\"Home\",\"item\":\"https:\/\/tourcruiser.com\/fr\/\"},{\"@type\":\"ListItem\",\"position\":2,\"name\":\"Shop\",\"item\":\"https:\/\/tourcruiser.com\/fr\/shop\/\"},{\"@type\":\"ListItem\",\"position\":3,\"name\":\"(Grade School) Air Jordan 1 Mid SE &#8216;Zen Master&#8217; DM6216-001\"}]},{\"@type\":\"WebSite\",\"@id\":\"\/#website\",\"url\":\"\/\",\"name\":\"Styloral Jewelry Shop\",\"description\":\"Tourcruiser Sneaker Store \u2014 L\u2019endroit o\u00f9 l\u2019univers rencontre votre singularit\u00e9.\",\"publisher\":{\"@id\":\"\/#organization\"},\"potentialAction\":[{\"@type\":\"SearchAction\",\"target\":{\"@type\":\"EntryPoint\",\"urlTemplate\":\"\/?s={search_term_string}\"},\"query-input\":{\"@type\":\"PropertyValueSpecification\",\"valueRequired\":true,\"valueName\":\"search_term_string\"}}],\"inLanguage\":\"fr-FR\"},{\"@type\":\"Organization\",\"@id\":\"\/#organization\",\"name\":\"STYLORAL PTE. LTD\",\"url\":\"\/\",\"logo\":{\"@type\":\"ImageObject\",\"inLanguage\":\"fr-FR\",\"@id\":\"\/#\/schema\/logo\/image\/\",\"url\":\"https:\/\/www.tourcruiser.com\/wp-content\/uploads\/2025\/12\/logo.png\",\"contentUrl\":\"https:\/\/www.tourcruiser.com\/wp-content\/uploads\/2025\/12\/logo.png\",\"width\":200,\"height\":65,\"caption\":\"STYLORAL PTE. LTD\"},\"image\":{\"@id\":\"\/#\/schema\/logo\/image\/\"}}]}<\/script>\n<!-- \/ Yoast SEO plugin. -->","yoast_head_json":{"title":"(Grade School) Air Jordan 1 Mid SE 'Zen Master' DM6216-001 - TOURCRUISER PTE. LTD","robots":{"index":"index","follow":"follow","max-snippet":"max-snippet:-1","max-image-preview":"max-image-preview:large","max-video-preview":"max-video-preview:-1"},"canonical":"https:\/\/tourcruiser.com\/fr\/products\/grade-school-air-jordan-1-mid-se-zen-master-dm6216-001\/","og_locale":"fr_FR","og_type":"article","og_title":"(Grade School) Air Jordan 1 Mid SE 'Zen Master' DM6216-001 - TOURCRUISER PTE. LTD","og_description":"Affirmez votre style avec la Air Jordan 1 Mid SE \u00ab\u00a0Zen Master\u00a0\u00bb DM6216-001 pour enfants (primaire). Ces sneakers embl\u00e9matiques arborent une harmonieuse combinaison de noir, de blanc et de d\u00e9tails ombr\u00e9s, inspir\u00e9e par la s\u00e9r\u00e9nit\u00e9 du zen. Confectionn\u00e9es avec des mat\u00e9riaux haut de gamme pour une durabilit\u00e9 et un confort optimaux, elles sont dot\u00e9es de [&hellip;]","og_url":"https:\/\/tourcruiser.com\/fr\/products\/grade-school-air-jordan-1-mid-se-zen-master-dm6216-001\/","og_site_name":"Tourcruiser Sneaker Store","article_modified_time":"2026-04-17T16:06:43+00:00","twitter_card":"summary_large_image","twitter_image":"https:\/\/images.novelship.com\/product\/_grade_school__air_jordan_1_mid_se__zen_master__dm_0_90530.jpeg;https:\/\/images.novelship.com\/product\/_grade_school__air_jordan_1_mid_se__zen_master__dm_1_90531.jpeg;https:\/\/images.novelship.com\/product\/_grade_school__air_jordan_1_mid_se__zen_master__dm_2_90531.jpeg;https:\/\/images.novelship.com\/product\/_grade_school__air_jordan_1_mid_se__zen_master__dm_3_90531.jpeg;https:\/\/images.novelship.com\/product\/_grade_school__air_jordan_1_mid_se__zen_master__dm_4_90531.jpeg;https:\/\/images.novelship.com\/product\/_grade_school__air_jordan_1_mid_se__zen_master__dm_5_90531.jpeg;https:\/\/images.novelship.com\/product\/_grade_school__air_jordan_1_mid_se__zen_master__dm_6_90531.jpeg;https:\/\/images.novelship.com\/product\/_grade_school__air_jordan_1_mid_se__zen_master__dm_7_90531.jpeg","twitter_misc":{"Dur\u00e9e de lecture estim\u00e9e":"1 minute"},"schema":{"@context":"https:\/\/schema.org","@graph":[{"@type":"WebPage","@id":"https:\/\/tourcruiser.com\/fr\/products\/grade-school-air-jordan-1-mid-se-zen-master-dm6216-001\/","url":"https:\/\/tourcruiser.com\/fr\/products\/grade-school-air-jordan-1-mid-se-zen-master-dm6216-001\/","name":"(Grade School) Air Jordan 1 Mid SE 'Zen Master' DM6216-001 - TOURCRUISER PTE. LTD","isPartOf":{"@id":"\/#website"},"primaryImageOfPage":{"@id":"https:\/\/tourcruiser.com\/fr\/products\/grade-school-air-jordan-1-mid-se-zen-master-dm6216-001\/#primaryimage"},"image":{"@id":"https:\/\/tourcruiser.com\/fr\/products\/grade-school-air-jordan-1-mid-se-zen-master-dm6216-001\/#primaryimage"},"thumbnailUrl":"https:\/\/images.novelship.com\/product\/_grade_school__air_jordan_1_mid_se__zen_master__dm_0_90530.jpeg;https:\/\/images.novelship.com\/product\/_grade_school__air_jordan_1_mid_se__zen_master__dm_1_90531.jpeg;https:\/\/images.novelship.com\/product\/_grade_school__air_jordan_1_mid_se__zen_master__dm_2_90531.jpeg;https:\/\/images.novelship.com\/product\/_grade_school__air_jordan_1_mid_se__zen_master__dm_3_90531.jpeg;https:\/\/images.novelship.com\/product\/_grade_school__air_jordan_1_mid_se__zen_master__dm_4_90531.jpeg;https:\/\/images.novelship.com\/product\/_grade_school__air_jordan_1_mid_se__zen_master__dm_5_90531.jpeg;https:\/\/images.novelship.com\/product\/_grade_school__air_jordan_1_mid_se__zen_master__dm_6_90531.jpeg;https:\/\/images.novelship.com\/product\/_grade_school__air_jordan_1_mid_se__zen_master__dm_7_90531.jpeg","datePublished":"2026-04-16T10:15:44+00:00","dateModified":"2026-04-17T16:06:43+00:00","breadcrumb":{"@id":"https:\/\/tourcruiser.com\/fr\/products\/grade-school-air-jordan-1-mid-se-zen-master-dm6216-001\/#breadcrumb"},"inLanguage":"fr-FR","potentialAction":[{"@type":"ReadAction","target":["https:\/\/tourcruiser.com\/fr\/products\/grade-school-air-jordan-1-mid-se-zen-master-dm6216-001\/"]}]},{"@type":"ImageObject","inLanguage":"fr-FR","@id":"https:\/\/tourcruiser.com\/fr\/products\/grade-school-air-jordan-1-mid-se-zen-master-dm6216-001\/#primaryimage","url":"https:\/\/images.novelship.com\/product\/_grade_school__air_jordan_1_mid_se__zen_master__dm_0_90530.jpeg;https:\/\/images.novelship.com\/product\/_grade_school__air_jordan_1_mid_se__zen_master__dm_1_90531.jpeg;https:\/\/images.novelship.com\/product\/_grade_school__air_jordan_1_mid_se__zen_master__dm_2_90531.jpeg;https:\/\/images.novelship.com\/product\/_grade_school__air_jordan_1_mid_se__zen_master__dm_3_90531.jpeg;https:\/\/images.novelship.com\/product\/_grade_school__air_jordan_1_mid_se__zen_master__dm_4_90531.jpeg;https:\/\/images.novelship.com\/product\/_grade_school__air_jordan_1_mid_se__zen_master__dm_5_90531.jpeg;https:\/\/images.novelship.com\/product\/_grade_school__air_jordan_1_mid_se__zen_master__dm_6_90531.jpeg;https:\/\/images.novelship.com\/product\/_grade_school__air_jordan_1_mid_se__zen_master__dm_7_90531.jpeg","contentUrl":"https:\/\/images.novelship.com\/product\/_grade_school__air_jordan_1_mid_se__zen_master__dm_0_90530.jpeg;https:\/\/images.novelship.com\/product\/_grade_school__air_jordan_1_mid_se__zen_master__dm_1_90531.jpeg;https:\/\/images.novelship.com\/product\/_grade_school__air_jordan_1_mid_se__zen_master__dm_2_90531.jpeg;https:\/\/images.novelship.com\/product\/_grade_school__air_jordan_1_mid_se__zen_master__dm_3_90531.jpeg;https:\/\/images.novelship.com\/product\/_grade_school__air_jordan_1_mid_se__zen_master__dm_4_90531.jpeg;https:\/\/images.novelship.com\/product\/_grade_school__air_jordan_1_mid_se__zen_master__dm_5_90531.jpeg;https:\/\/images.novelship.com\/product\/_grade_school__air_jordan_1_mid_se__zen_master__dm_6_90531.jpeg;https:\/\/images.novelship.com\/product\/_grade_school__air_jordan_1_mid_se__zen_master__dm_7_90531.jpeg"},{"@type":"BreadcrumbList","@id":"https:\/\/tourcruiser.com\/fr\/products\/grade-school-air-jordan-1-mid-se-zen-master-dm6216-001\/#breadcrumb","itemListElement":[{"@type":"ListItem","position":1,"name":"Home","item":"https:\/\/tourcruiser.com\/fr\/"},{"@type":"ListItem","position":2,"name":"Shop","item":"https:\/\/tourcruiser.com\/fr\/shop\/"},{"@type":"ListItem","position":3,"name":"(Grade School) Air Jordan 1 Mid SE &#8216;Zen Master&#8217; DM6216-001"}]},{"@type":"WebSite","@id":"\/#website","url":"\/","name":"Styloral Jewelry Shop","description":"Tourcruiser Sneaker Store \u2014 L\u2019endroit o\u00f9 l\u2019univers rencontre votre singularit\u00e9.","publisher":{"@id":"\/#organization"},"potentialAction":[{"@type":"SearchAction","target":{"@type":"EntryPoint","urlTemplate":"\/?s={search_term_string}"},"query-input":{"@type":"PropertyValueSpecification","valueRequired":true,"valueName":"search_term_string"}}],"inLanguage":"fr-FR"},{"@type":"Organization","@id":"\/#organization","name":"STYLORAL PTE. LTD","url":"\/","logo":{"@type":"ImageObject","inLanguage":"fr-FR","@id":"\/#\/schema\/logo\/image\/","url":"https:\/\/www.tourcruiser.com\/wp-content\/uploads\/2025\/12\/logo.png","contentUrl":"https:\/\/www.tourcruiser.com\/wp-content\/uploads\/2025\/12\/logo.png","width":200,"height":65,"caption":"STYLORAL PTE. LTD"},"image":{"@id":"\/#\/schema\/logo\/image\/"}}]}},"_links":{"self":[{"href":"https:\/\/tourcruiser.com\/fr\/wp-json\/wp\/v2\/product\/773074","targetHints":{"allow":["GET"]}}],"collection":[{"href":"https:\/\/tourcruiser.com\/fr\/wp-json\/wp\/v2\/product"}],"about":[{"href":"https:\/\/tourcruiser.com\/fr\/wp-json\/wp\/v2\/types\/product"}],"replies":[{"embeddable":true,"href":"https:\/\/tourcruiser.com\/fr\/wp-json\/wp\/v2\/comments?post=773074"}],"wp:featuredmedia":[{"embeddable":true,"href":"https:\/\/tourcruiser.com\/fr\/wp-json\/wp\/v2\/media\/773075"}],"wp:attachment":[{"href":"https:\/\/tourcruiser.com\/fr\/wp-json\/wp\/v2\/media?parent=773074"}],"wp:term":[{"taxonomy":"product_brand","embeddable":true,"href":"https:\/\/tourcruiser.com\/fr\/wp-json\/wp\/v2\/product_brand?post=773074"},{"taxonomy":"product_cat","embeddable":true,"href":"https:\/\/tourcruiser.com\/fr\/wp-json\/wp\/v2\/product_cat?post=773074"},{"taxonomy":"product_tag","embeddable":true,"href":"https:\/\/tourcruiser.com\/fr\/wp-json\/wp\/v2\/product_tag?post=773074"}],"curies":[{"name":"wp","href":"https:\/\/api.w.org\/{rel}","templated":true}]}}