{"id":773065,"date":"2026-04-16T17:15:44","date_gmt":"2026-04-16T10:15:44","guid":{"rendered":"http:\/\/tourcruiser.com\/product\/nike-air-force-1-07-lv8-splitblack-phantom-fd2592-002"},"modified":"2026-04-17T23:06:43","modified_gmt":"2026-04-17T16:06:43","slug":"nike-air-force-1-07-lv8-splitblack-phantom-fd2592-002","status":"publish","type":"product","link":"https:\/\/tourcruiser.com\/fr\/products\/nike-air-force-1-07-lv8-splitblack-phantom-fd2592-002\/","title":{"rendered":"Nike Air Force 1 &rsquo;07 LV8 &lsquo;Split &#8211; Black Phantom&rsquo; FD2592-002"},"content":{"rendered":"<p>Plongez dans l&rsquo;univers du style urbain avec la Nike Air Force 1 &rsquo;07 LV8 &lsquo;Split \u2013 Black Phantom&rsquo;. Ces sneakers allient tradition et modernit\u00e9 avec \u00e9l\u00e9gance, gr\u00e2ce \u00e0 un design bicolore raffin\u00e9 qui apporte une touche distinctive \u00e0 chaque pas. Confectionn\u00e9es \u00e0 partir de mat\u00e9riaux haut de gamme, elles offrent une durabilit\u00e9 et un confort in\u00e9gal\u00e9s, ce qui en fait le choix id\u00e9al pour celles et ceux qui recherchent des sneakers parfaitement assorties \u00e0 toutes leurs tenues. Affirmez votre style avec la captivante Air Force 1 &rsquo;07 LV8 &lsquo;Split \u2013 Black Phantom&rsquo; et d\u00e9couvrez l&rsquo;\u00e9l\u00e9gance urbaine \u00e0 son apog\u00e9e.<\/p>\n<p>Ces sneakers offrent une durabilit\u00e9 et un confort in\u00e9gal\u00e9s, ce qui en fait le choix id\u00e9al pour celles et ceux qui recherchent des sneakers parfaitement assorties \u00e0 toutes leurs tenues. Coloris\u00a0: Noir\/Gris fant\u00f4me\/Blanc\/Argent clair<\/p>\n<p>Code article\u00a0: FD2592-002<\/p>\n<p>Tige\u00a0: Cuir<\/p>\n<p>Semelle interm\u00e9diaire\u00a0: Air<\/p>\n<p>Couleur\u00a0: Noir<\/p>\n<p>Cr\u00e9ateur\u00a0: Bruce Kilgore<\/p>\n<p>Saison\u00a0: Hiver<\/p>\n<p>Ann\u00e9e de sortie\u00a0: 2023<\/p>\n<p>\u00c2ge\u00a0: Adulte<\/p>\n<p>Coloris\u00a0: Noir\/Corail d\u00e9lav\u00e9\/Blanc\/Am\u00e9thyste<\/p>\n<p>Genre\u00a0: Homme<\/p>\n","protected":false},"excerpt":{"rendered":"<p>Plongez dans l&rsquo;univers du style urbain avec la Nike Air Force 1 &rsquo;07 LV8 &lsquo;Split \u2013 Black Phantom&rsquo;. Ces sneakers allient tradition et modernit\u00e9 avec \u00e9l\u00e9gance, gr\u00e2ce \u00e0 un design bicolore raffin\u00e9 qui apporte une touche distinctive \u00e0 chaque pas. Confectionn\u00e9es \u00e0 partir de mat\u00e9riaux haut de gamme, elles offrent une durabilit\u00e9 et un confort [&hellip;]<\/p>\n","protected":false},"featured_media":773066,"comment_status":"open","ping_status":"closed","template":"","meta":[],"product_brand":[],"product_cat":[10803],"product_tag":[10800,38839,38861,38841,38842,38886,10801,38887,38846],"class_list":{"0":"post-773065","1":"product","2":"type-product","3":"status-publish","4":"has-post-thumbnail","6":"product_cat-nike","7":"product_tag-basketball-shoes","8":"product_tag-basketball-shoes-with-ankle-support","9":"product_tag-below-retail-price","10":"product_tag-casual-shoes","11":"product_tag-gift-idea-for-him","12":"product_tag-lifestyle-shoes-inspired-by-basketball","13":"product_tag-nike","14":"product_tag-nike-skateboard-shoes","15":"product_tag-performance-sports-shoes","16":"wcpa_has_options","18":"first","19":"instock","20":"taxable","21":"shipping-taxable","22":"purchasable","23":"product-type-simple"},"wcpa_form_fields":{"rules":{"pric_overide_base_price":false,"pric_overide_base_price_if_gt_zero":false,"pric_overide_base_price_fully":false,"pric_cal_option_once":false,"pric_use_as_fee":false,"bind_quantity":false,"quantity_bind_formula":false},"fields":[{"type":"color-group","required":true,"elementId":"wcpa-color-group-66c4a75505e74","label":"Taille","inline":true,"priceOptions":"different_for_all","pricingType":"fixed","className":"hassizechart product-shoes-size-eu product-shoes-size","name":"color-group-66c4a75505e89","disp_type":"square","selection_type":"tick-border","disp_size":"44","show_label_inside":true,"adjust_width":true,"cart_display_type":"text","other_text":"Other","cl_rule":"show","col":6,"values":[{"label":"35.5","value":"EU 35.5","price":"","pimage":"","pimage_id":"","pthumb":"","color":""},{"label":"36","value":"EU 36","price":"","pimage":"","pimage_id":"","pthumb":"","color":"","selected":true},{"label":"36.5","value":"EU 36.5","price":"","pimage":"","pimage_id":"","pthumb":"","color":""},{"label":"37.5","value":"EU 37.5","price":"","pimage":"","pimage_id":"","pthumb":"","color":""},{"label":"38","value":"EU 38","price":"","pimage":"","pimage_id":"","pthumb":"","color":""},{"label":"38.5","value":"EU 38.5","price":"","pimage":"","pimage_id":"","pthumb":"","color":""},{"label":"39","value":"EU 39","price":"","pimage":"","pimage_id":"","pthumb":"","color":""},{"label":"40","value":"EU 40","price":"","pimage":"","pimage_id":"","pthumb":"","color":""},{"label":"40.5","value":"EU 40.5","price":"","pimage":"","pimage_id":"","pthumb":"","color":""},{"label":"41","value":"EU 41","price":"","pimage":"","pimage_id":"","pthumb":"","color":""},{"label":"42","value":"EU 42","price":"","pimage":"","pimage_id":"","pthumb":"","color":""},{"label":"42.5","value":"EU 42.5","price":"","pimage":"","pimage_id":"","pthumb":"","color":""},{"label":"43","value":"EU 43","price":"","pimage":"","pimage_id":"","pthumb":"","color":""},{"label":"44","value":"EU 44","price":"","pimage":"","pimage_id":"","pthumb":"","color":""},{"label":"44.5","value":"EU 44.5","price":"","pimage":"","pimage_id":"","pthumb":"","color":""},{"label":"45","value":"EU 45","price":"","pimage":"","pimage_id":"","pthumb":"","color":""},{"label":"45.5","value":"EU 45.5","price":"","pimage":"","pimage_id":"","pthumb":"","color":""},{"label":"46","value":"EU 46","price":"","pimage":"","pimage_id":"","pthumb":"","color":""},{"label":"47","value":"EU 47","price":"","pimage":"","pimage_id":"","pthumb":"","color":""},{"label":"47.5","value":"EU 47.5","price":"","pimage":"","pimage_id":"","pthumb":"","color":""},{"label":"48","value":"EU 48","price":"","pimage":"","pimage_id":"","pthumb":"","color":""}],"relations":[{"operator":false,"rules":[]}],"form_id":18106,"form_rules":{"pric_cal_option_once":false,"exclude_from_discount":false,"pric_use_as_fee":false,"fee_label":"Fee","render_after_acb":false,"disp_hide_options_price":false}}]},"yoast_head":"<!-- This site is optimized with the Yoast SEO plugin v26.5 - https:\/\/yoast.com\/wordpress\/plugins\/seo\/ -->\n<title>Nike Air Force 1 &#039;07 LV8 &#039;Split - Black Phantom&#039; FD2592-002 - TOURCRUISER PTE. LTD<\/title>\n<meta name=\"robots\" content=\"index, follow, max-snippet:-1, max-image-preview:large, max-video-preview:-1\" \/>\n<link rel=\"canonical\" href=\"https:\/\/tourcruiser.com\/fr\/products\/nike-air-force-1-07-lv8-splitblack-phantom-fd2592-002\/\" \/>\n<meta property=\"og:locale\" content=\"fr_FR\" \/>\n<meta property=\"og:type\" content=\"article\" \/>\n<meta property=\"og:title\" content=\"Nike Air Force 1 &#039;07 LV8 &#039;Split - Black Phantom&#039; FD2592-002 - TOURCRUISER PTE. LTD\" \/>\n<meta property=\"og:description\" content=\"Plongez dans l&rsquo;univers du style urbain avec la Nike Air Force 1 &rsquo;07 LV8 &lsquo;Split \u2013 Black Phantom&rsquo;. Ces sneakers allient tradition et modernit\u00e9 avec \u00e9l\u00e9gance, gr\u00e2ce \u00e0 un design bicolore raffin\u00e9 qui apporte une touche distinctive \u00e0 chaque pas. Confectionn\u00e9es \u00e0 partir de mat\u00e9riaux haut de gamme, elles offrent une durabilit\u00e9 et un confort [&hellip;]\" \/>\n<meta property=\"og:url\" content=\"https:\/\/tourcruiser.com\/fr\/products\/nike-air-force-1-07-lv8-splitblack-phantom-fd2592-002\/\" \/>\n<meta property=\"og:site_name\" content=\"Tourcruiser Sneaker Store\" \/>\n<meta property=\"article:modified_time\" content=\"2026-04-17T16:06:43+00:00\" \/>\n<meta name=\"twitter:card\" content=\"summary_large_image\" \/>\n<meta name=\"twitter:image\" content=\"https:\/\/images.novelship.com\/product\/nike_air_force_1__07_lv8__split___black_phantom__f_0_89399.jpeg;https:\/\/images.novelship.com\/product\/nike_air_force_1__07_lv8__split___black_phantom__f_1_89399.jpeg;https:\/\/images.novelship.com\/product\/nike_air_force_1__07_lv8__split___black_phantom__f_2_89399.jpeg;https:\/\/images.novelship.com\/product\/nike_air_force_1__07_lv8__split___black_phantom__f_3_89399.jpeg;https:\/\/images.novelship.com\/product\/nike_air_force_1__07_lv8__split___black_phantom__f_4_89400.jpeg;https:\/\/images.novelship.com\/product\/nike_air_force_1__07_lv8__split___black_phantom__f_5_89400.jpeg;https:\/\/images.novelship.com\/product\/nike_air_force_1__07_lv8__split___black_phantom__f_6_89400.jpeg;https:\/\/images.novelship.com\/product\/nike_air_force_1__07_lv8__split___black_phantom__f_7_89400.jpeg\" \/>\n<meta name=\"twitter:label1\" content=\"Dur\u00e9e de lecture estim\u00e9e\" \/>\n\t<meta name=\"twitter:data1\" content=\"1 minute\" \/>\n<script type=\"application\/ld+json\" class=\"yoast-schema-graph\">{\"@context\":\"https:\/\/schema.org\",\"@graph\":[{\"@type\":\"WebPage\",\"@id\":\"https:\/\/tourcruiser.com\/fr\/products\/nike-air-force-1-07-lv8-splitblack-phantom-fd2592-002\/\",\"url\":\"https:\/\/tourcruiser.com\/fr\/products\/nike-air-force-1-07-lv8-splitblack-phantom-fd2592-002\/\",\"name\":\"Nike Air Force 1 '07 LV8 'Split - Black Phantom' FD2592-002 - TOURCRUISER PTE. LTD\",\"isPartOf\":{\"@id\":\"\/#website\"},\"primaryImageOfPage\":{\"@id\":\"https:\/\/tourcruiser.com\/fr\/products\/nike-air-force-1-07-lv8-splitblack-phantom-fd2592-002\/#primaryimage\"},\"image\":{\"@id\":\"https:\/\/tourcruiser.com\/fr\/products\/nike-air-force-1-07-lv8-splitblack-phantom-fd2592-002\/#primaryimage\"},\"thumbnailUrl\":\"https:\/\/images.novelship.com\/product\/nike_air_force_1__07_lv8__split___black_phantom__f_0_89399.jpeg;https:\/\/images.novelship.com\/product\/nike_air_force_1__07_lv8__split___black_phantom__f_1_89399.jpeg;https:\/\/images.novelship.com\/product\/nike_air_force_1__07_lv8__split___black_phantom__f_2_89399.jpeg;https:\/\/images.novelship.com\/product\/nike_air_force_1__07_lv8__split___black_phantom__f_3_89399.jpeg;https:\/\/images.novelship.com\/product\/nike_air_force_1__07_lv8__split___black_phantom__f_4_89400.jpeg;https:\/\/images.novelship.com\/product\/nike_air_force_1__07_lv8__split___black_phantom__f_5_89400.jpeg;https:\/\/images.novelship.com\/product\/nike_air_force_1__07_lv8__split___black_phantom__f_6_89400.jpeg;https:\/\/images.novelship.com\/product\/nike_air_force_1__07_lv8__split___black_phantom__f_7_89400.jpeg\",\"datePublished\":\"2026-04-16T10:15:44+00:00\",\"dateModified\":\"2026-04-17T16:06:43+00:00\",\"breadcrumb\":{\"@id\":\"https:\/\/tourcruiser.com\/fr\/products\/nike-air-force-1-07-lv8-splitblack-phantom-fd2592-002\/#breadcrumb\"},\"inLanguage\":\"fr-FR\",\"potentialAction\":[{\"@type\":\"ReadAction\",\"target\":[\"https:\/\/tourcruiser.com\/fr\/products\/nike-air-force-1-07-lv8-splitblack-phantom-fd2592-002\/\"]}]},{\"@type\":\"ImageObject\",\"inLanguage\":\"fr-FR\",\"@id\":\"https:\/\/tourcruiser.com\/fr\/products\/nike-air-force-1-07-lv8-splitblack-phantom-fd2592-002\/#primaryimage\",\"url\":\"https:\/\/images.novelship.com\/product\/nike_air_force_1__07_lv8__split___black_phantom__f_0_89399.jpeg;https:\/\/images.novelship.com\/product\/nike_air_force_1__07_lv8__split___black_phantom__f_1_89399.jpeg;https:\/\/images.novelship.com\/product\/nike_air_force_1__07_lv8__split___black_phantom__f_2_89399.jpeg;https:\/\/images.novelship.com\/product\/nike_air_force_1__07_lv8__split___black_phantom__f_3_89399.jpeg;https:\/\/images.novelship.com\/product\/nike_air_force_1__07_lv8__split___black_phantom__f_4_89400.jpeg;https:\/\/images.novelship.com\/product\/nike_air_force_1__07_lv8__split___black_phantom__f_5_89400.jpeg;https:\/\/images.novelship.com\/product\/nike_air_force_1__07_lv8__split___black_phantom__f_6_89400.jpeg;https:\/\/images.novelship.com\/product\/nike_air_force_1__07_lv8__split___black_phantom__f_7_89400.jpeg\",\"contentUrl\":\"https:\/\/images.novelship.com\/product\/nike_air_force_1__07_lv8__split___black_phantom__f_0_89399.jpeg;https:\/\/images.novelship.com\/product\/nike_air_force_1__07_lv8__split___black_phantom__f_1_89399.jpeg;https:\/\/images.novelship.com\/product\/nike_air_force_1__07_lv8__split___black_phantom__f_2_89399.jpeg;https:\/\/images.novelship.com\/product\/nike_air_force_1__07_lv8__split___black_phantom__f_3_89399.jpeg;https:\/\/images.novelship.com\/product\/nike_air_force_1__07_lv8__split___black_phantom__f_4_89400.jpeg;https:\/\/images.novelship.com\/product\/nike_air_force_1__07_lv8__split___black_phantom__f_5_89400.jpeg;https:\/\/images.novelship.com\/product\/nike_air_force_1__07_lv8__split___black_phantom__f_6_89400.jpeg;https:\/\/images.novelship.com\/product\/nike_air_force_1__07_lv8__split___black_phantom__f_7_89400.jpeg\"},{\"@type\":\"BreadcrumbList\",\"@id\":\"https:\/\/tourcruiser.com\/fr\/products\/nike-air-force-1-07-lv8-splitblack-phantom-fd2592-002\/#breadcrumb\",\"itemListElement\":[{\"@type\":\"ListItem\",\"position\":1,\"name\":\"Home\",\"item\":\"https:\/\/tourcruiser.com\/fr\/\"},{\"@type\":\"ListItem\",\"position\":2,\"name\":\"Shop\",\"item\":\"https:\/\/tourcruiser.com\/fr\/shop\/\"},{\"@type\":\"ListItem\",\"position\":3,\"name\":\"Nike Air Force 1 &#8217;07 LV8 &#8216;Split &#8211; Black Phantom&#8217; FD2592-002\"}]},{\"@type\":\"WebSite\",\"@id\":\"\/#website\",\"url\":\"\/\",\"name\":\"Styloral Jewelry Shop\",\"description\":\"Tourcruiser Sneaker Store \u2014 L\u2019endroit o\u00f9 l\u2019univers rencontre votre singularit\u00e9.\",\"publisher\":{\"@id\":\"\/#organization\"},\"potentialAction\":[{\"@type\":\"SearchAction\",\"target\":{\"@type\":\"EntryPoint\",\"urlTemplate\":\"\/?s={search_term_string}\"},\"query-input\":{\"@type\":\"PropertyValueSpecification\",\"valueRequired\":true,\"valueName\":\"search_term_string\"}}],\"inLanguage\":\"fr-FR\"},{\"@type\":\"Organization\",\"@id\":\"\/#organization\",\"name\":\"STYLORAL PTE. LTD\",\"url\":\"\/\",\"logo\":{\"@type\":\"ImageObject\",\"inLanguage\":\"fr-FR\",\"@id\":\"\/#\/schema\/logo\/image\/\",\"url\":\"https:\/\/www.tourcruiser.com\/wp-content\/uploads\/2025\/12\/logo.png\",\"contentUrl\":\"https:\/\/www.tourcruiser.com\/wp-content\/uploads\/2025\/12\/logo.png\",\"width\":200,\"height\":65,\"caption\":\"STYLORAL PTE. LTD\"},\"image\":{\"@id\":\"\/#\/schema\/logo\/image\/\"}}]}<\/script>\n<!-- \/ Yoast SEO plugin. -->","yoast_head_json":{"title":"Nike Air Force 1 '07 LV8 'Split - Black Phantom' FD2592-002 - TOURCRUISER PTE. LTD","robots":{"index":"index","follow":"follow","max-snippet":"max-snippet:-1","max-image-preview":"max-image-preview:large","max-video-preview":"max-video-preview:-1"},"canonical":"https:\/\/tourcruiser.com\/fr\/products\/nike-air-force-1-07-lv8-splitblack-phantom-fd2592-002\/","og_locale":"fr_FR","og_type":"article","og_title":"Nike Air Force 1 '07 LV8 'Split - Black Phantom' FD2592-002 - TOURCRUISER PTE. LTD","og_description":"Plongez dans l&rsquo;univers du style urbain avec la Nike Air Force 1 &rsquo;07 LV8 &lsquo;Split \u2013 Black Phantom&rsquo;. Ces sneakers allient tradition et modernit\u00e9 avec \u00e9l\u00e9gance, gr\u00e2ce \u00e0 un design bicolore raffin\u00e9 qui apporte une touche distinctive \u00e0 chaque pas. Confectionn\u00e9es \u00e0 partir de mat\u00e9riaux haut de gamme, elles offrent une durabilit\u00e9 et un confort [&hellip;]","og_url":"https:\/\/tourcruiser.com\/fr\/products\/nike-air-force-1-07-lv8-splitblack-phantom-fd2592-002\/","og_site_name":"Tourcruiser Sneaker Store","article_modified_time":"2026-04-17T16:06:43+00:00","twitter_card":"summary_large_image","twitter_image":"https:\/\/images.novelship.com\/product\/nike_air_force_1__07_lv8__split___black_phantom__f_0_89399.jpeg;https:\/\/images.novelship.com\/product\/nike_air_force_1__07_lv8__split___black_phantom__f_1_89399.jpeg;https:\/\/images.novelship.com\/product\/nike_air_force_1__07_lv8__split___black_phantom__f_2_89399.jpeg;https:\/\/images.novelship.com\/product\/nike_air_force_1__07_lv8__split___black_phantom__f_3_89399.jpeg;https:\/\/images.novelship.com\/product\/nike_air_force_1__07_lv8__split___black_phantom__f_4_89400.jpeg;https:\/\/images.novelship.com\/product\/nike_air_force_1__07_lv8__split___black_phantom__f_5_89400.jpeg;https:\/\/images.novelship.com\/product\/nike_air_force_1__07_lv8__split___black_phantom__f_6_89400.jpeg;https:\/\/images.novelship.com\/product\/nike_air_force_1__07_lv8__split___black_phantom__f_7_89400.jpeg","twitter_misc":{"Dur\u00e9e de lecture estim\u00e9e":"1 minute"},"schema":{"@context":"https:\/\/schema.org","@graph":[{"@type":"WebPage","@id":"https:\/\/tourcruiser.com\/fr\/products\/nike-air-force-1-07-lv8-splitblack-phantom-fd2592-002\/","url":"https:\/\/tourcruiser.com\/fr\/products\/nike-air-force-1-07-lv8-splitblack-phantom-fd2592-002\/","name":"Nike Air Force 1 '07 LV8 'Split - Black Phantom' FD2592-002 - TOURCRUISER PTE. LTD","isPartOf":{"@id":"\/#website"},"primaryImageOfPage":{"@id":"https:\/\/tourcruiser.com\/fr\/products\/nike-air-force-1-07-lv8-splitblack-phantom-fd2592-002\/#primaryimage"},"image":{"@id":"https:\/\/tourcruiser.com\/fr\/products\/nike-air-force-1-07-lv8-splitblack-phantom-fd2592-002\/#primaryimage"},"thumbnailUrl":"https:\/\/images.novelship.com\/product\/nike_air_force_1__07_lv8__split___black_phantom__f_0_89399.jpeg;https:\/\/images.novelship.com\/product\/nike_air_force_1__07_lv8__split___black_phantom__f_1_89399.jpeg;https:\/\/images.novelship.com\/product\/nike_air_force_1__07_lv8__split___black_phantom__f_2_89399.jpeg;https:\/\/images.novelship.com\/product\/nike_air_force_1__07_lv8__split___black_phantom__f_3_89399.jpeg;https:\/\/images.novelship.com\/product\/nike_air_force_1__07_lv8__split___black_phantom__f_4_89400.jpeg;https:\/\/images.novelship.com\/product\/nike_air_force_1__07_lv8__split___black_phantom__f_5_89400.jpeg;https:\/\/images.novelship.com\/product\/nike_air_force_1__07_lv8__split___black_phantom__f_6_89400.jpeg;https:\/\/images.novelship.com\/product\/nike_air_force_1__07_lv8__split___black_phantom__f_7_89400.jpeg","datePublished":"2026-04-16T10:15:44+00:00","dateModified":"2026-04-17T16:06:43+00:00","breadcrumb":{"@id":"https:\/\/tourcruiser.com\/fr\/products\/nike-air-force-1-07-lv8-splitblack-phantom-fd2592-002\/#breadcrumb"},"inLanguage":"fr-FR","potentialAction":[{"@type":"ReadAction","target":["https:\/\/tourcruiser.com\/fr\/products\/nike-air-force-1-07-lv8-splitblack-phantom-fd2592-002\/"]}]},{"@type":"ImageObject","inLanguage":"fr-FR","@id":"https:\/\/tourcruiser.com\/fr\/products\/nike-air-force-1-07-lv8-splitblack-phantom-fd2592-002\/#primaryimage","url":"https:\/\/images.novelship.com\/product\/nike_air_force_1__07_lv8__split___black_phantom__f_0_89399.jpeg;https:\/\/images.novelship.com\/product\/nike_air_force_1__07_lv8__split___black_phantom__f_1_89399.jpeg;https:\/\/images.novelship.com\/product\/nike_air_force_1__07_lv8__split___black_phantom__f_2_89399.jpeg;https:\/\/images.novelship.com\/product\/nike_air_force_1__07_lv8__split___black_phantom__f_3_89399.jpeg;https:\/\/images.novelship.com\/product\/nike_air_force_1__07_lv8__split___black_phantom__f_4_89400.jpeg;https:\/\/images.novelship.com\/product\/nike_air_force_1__07_lv8__split___black_phantom__f_5_89400.jpeg;https:\/\/images.novelship.com\/product\/nike_air_force_1__07_lv8__split___black_phantom__f_6_89400.jpeg;https:\/\/images.novelship.com\/product\/nike_air_force_1__07_lv8__split___black_phantom__f_7_89400.jpeg","contentUrl":"https:\/\/images.novelship.com\/product\/nike_air_force_1__07_lv8__split___black_phantom__f_0_89399.jpeg;https:\/\/images.novelship.com\/product\/nike_air_force_1__07_lv8__split___black_phantom__f_1_89399.jpeg;https:\/\/images.novelship.com\/product\/nike_air_force_1__07_lv8__split___black_phantom__f_2_89399.jpeg;https:\/\/images.novelship.com\/product\/nike_air_force_1__07_lv8__split___black_phantom__f_3_89399.jpeg;https:\/\/images.novelship.com\/product\/nike_air_force_1__07_lv8__split___black_phantom__f_4_89400.jpeg;https:\/\/images.novelship.com\/product\/nike_air_force_1__07_lv8__split___black_phantom__f_5_89400.jpeg;https:\/\/images.novelship.com\/product\/nike_air_force_1__07_lv8__split___black_phantom__f_6_89400.jpeg;https:\/\/images.novelship.com\/product\/nike_air_force_1__07_lv8__split___black_phantom__f_7_89400.jpeg"},{"@type":"BreadcrumbList","@id":"https:\/\/tourcruiser.com\/fr\/products\/nike-air-force-1-07-lv8-splitblack-phantom-fd2592-002\/#breadcrumb","itemListElement":[{"@type":"ListItem","position":1,"name":"Home","item":"https:\/\/tourcruiser.com\/fr\/"},{"@type":"ListItem","position":2,"name":"Shop","item":"https:\/\/tourcruiser.com\/fr\/shop\/"},{"@type":"ListItem","position":3,"name":"Nike Air Force 1 &#8217;07 LV8 &#8216;Split &#8211; Black Phantom&#8217; FD2592-002"}]},{"@type":"WebSite","@id":"\/#website","url":"\/","name":"Styloral Jewelry Shop","description":"Tourcruiser Sneaker Store \u2014 L\u2019endroit o\u00f9 l\u2019univers rencontre votre singularit\u00e9.","publisher":{"@id":"\/#organization"},"potentialAction":[{"@type":"SearchAction","target":{"@type":"EntryPoint","urlTemplate":"\/?s={search_term_string}"},"query-input":{"@type":"PropertyValueSpecification","valueRequired":true,"valueName":"search_term_string"}}],"inLanguage":"fr-FR"},{"@type":"Organization","@id":"\/#organization","name":"STYLORAL PTE. LTD","url":"\/","logo":{"@type":"ImageObject","inLanguage":"fr-FR","@id":"\/#\/schema\/logo\/image\/","url":"https:\/\/www.tourcruiser.com\/wp-content\/uploads\/2025\/12\/logo.png","contentUrl":"https:\/\/www.tourcruiser.com\/wp-content\/uploads\/2025\/12\/logo.png","width":200,"height":65,"caption":"STYLORAL PTE. LTD"},"image":{"@id":"\/#\/schema\/logo\/image\/"}}]}},"_links":{"self":[{"href":"https:\/\/tourcruiser.com\/fr\/wp-json\/wp\/v2\/product\/773065","targetHints":{"allow":["GET"]}}],"collection":[{"href":"https:\/\/tourcruiser.com\/fr\/wp-json\/wp\/v2\/product"}],"about":[{"href":"https:\/\/tourcruiser.com\/fr\/wp-json\/wp\/v2\/types\/product"}],"replies":[{"embeddable":true,"href":"https:\/\/tourcruiser.com\/fr\/wp-json\/wp\/v2\/comments?post=773065"}],"wp:featuredmedia":[{"embeddable":true,"href":"https:\/\/tourcruiser.com\/fr\/wp-json\/wp\/v2\/media\/773066"}],"wp:attachment":[{"href":"https:\/\/tourcruiser.com\/fr\/wp-json\/wp\/v2\/media?parent=773065"}],"wp:term":[{"taxonomy":"product_brand","embeddable":true,"href":"https:\/\/tourcruiser.com\/fr\/wp-json\/wp\/v2\/product_brand?post=773065"},{"taxonomy":"product_cat","embeddable":true,"href":"https:\/\/tourcruiser.com\/fr\/wp-json\/wp\/v2\/product_cat?post=773065"},{"taxonomy":"product_tag","embeddable":true,"href":"https:\/\/tourcruiser.com\/fr\/wp-json\/wp\/v2\/product_tag?post=773065"}],"curies":[{"name":"wp","href":"https:\/\/api.w.org\/{rel}","templated":true}]}}