{"id":773030,"date":"2026-04-16T17:15:43","date_gmt":"2026-04-16T10:15:43","guid":{"rendered":"http:\/\/tourcruiser.com\/product\/grade-school-air-jordan-1-mid-se-diamond-shorts-dn4321-100"},"modified":"2026-04-17T23:06:41","modified_gmt":"2026-04-17T16:06:41","slug":"grade-school-air-jordan-1-mid-se-diamond-shorts-dn4321-100","status":"publish","type":"product","link":"https:\/\/tourcruiser.com\/fr\/products\/grade-school-air-jordan-1-mid-se-diamond-shorts-dn4321-100\/","title":{"rendered":"(Grade School) Air Jordan 1 Mid SE &lsquo;Diamond Shorts&rsquo; DN4321-100"},"content":{"rendered":"<p>Les Air Jordan 1 Mid SE Diamond Shorts (GS) de Jordan offrent aux fans de sneakers une option \u00e0 la fois styl\u00e9e et confortable. Ces sneakers arborent un motif diamant unique, leur conf\u00e9rant un look moderne et captivant. Gr\u00e2ce \u00e0 la r\u00e9putation de qualit\u00e9 et de style de Jordan, ces sneakers sont un incontournable pour tous les passionn\u00e9s de sneakers.<\/p>\n<p>Coloris : Blanc\/Noir\/Multicolore<\/p>\n<p>R\u00e9f\u00e9rence : DN4321-100<\/p>\n<p>Tige : Cuir<\/p>\n<p>Semelle interm\u00e9diaire : Air<\/p>\n<p>Couleur : Multicolore<\/p>\n<p>Designer : Peter Moore<\/p>\n<p>Saison : Hiver<\/p>\n<p>Ann\u00e9e de sortie : 2022<br \/>\n\u00c2ge : Adulte<\/p>\n<p>Couleur : Rose mousse\/Noir-Blanc fant\u00f4me<\/p>\n<p>Genre : Jeune<\/p>\n","protected":false},"excerpt":{"rendered":"<p>Les Air Jordan 1 Mid SE Diamond Shorts (GS) de Jordan offrent aux fans de sneakers une option \u00e0 la fois styl\u00e9e et confortable. Ces sneakers arborent un motif diamant unique, leur conf\u00e9rant un look moderne et captivant. Gr\u00e2ce \u00e0 la r\u00e9putation de qualit\u00e9 et de style de Jordan, ces sneakers sont un incontournable pour [&hellip;]<\/p>\n","protected":false},"featured_media":773031,"comment_status":"open","ping_status":"closed","template":"","meta":[],"product_brand":[],"product_cat":[38880],"product_tag":[10750,38861,38988,10776,10756,39039],"class_list":{"0":"post-773030","1":"product","2":"type-product","3":"status-publish","4":"has-post-thumbnail","6":"product_cat-jordan","7":"product_tag-athleisure-shoes","8":"product_tag-below-retail-price","9":"product_tag-casual-shoes-for-kids","10":"product_tag-jordan","11":"product_tag-retro-casual-shoes","12":"product_tag-sneakers-for-kids","14":"first","15":"instock","16":"taxable","17":"shipping-taxable","18":"purchasable","19":"product-type-simple"},"wcpa_form_fields":null,"yoast_head":"<!-- This site is optimized with the Yoast SEO plugin v26.5 - https:\/\/yoast.com\/wordpress\/plugins\/seo\/ -->\n<title>(Grade School) Air Jordan 1 Mid SE &#039;Diamond Shorts&#039; DN4321-100 - TOURCRUISER PTE. LTD<\/title>\n<meta name=\"robots\" content=\"index, follow, max-snippet:-1, max-image-preview:large, max-video-preview:-1\" \/>\n<link rel=\"canonical\" href=\"https:\/\/tourcruiser.com\/fr\/products\/grade-school-air-jordan-1-mid-se-diamond-shorts-dn4321-100\/\" \/>\n<meta property=\"og:locale\" content=\"fr_FR\" \/>\n<meta property=\"og:type\" content=\"article\" \/>\n<meta property=\"og:title\" content=\"(Grade School) Air Jordan 1 Mid SE &#039;Diamond Shorts&#039; DN4321-100 - TOURCRUISER PTE. LTD\" \/>\n<meta property=\"og:description\" content=\"Les Air Jordan 1 Mid SE Diamond Shorts (GS) de Jordan offrent aux fans de sneakers une option \u00e0 la fois styl\u00e9e et confortable. Ces sneakers arborent un motif diamant unique, leur conf\u00e9rant un look moderne et captivant. Gr\u00e2ce \u00e0 la r\u00e9putation de qualit\u00e9 et de style de Jordan, ces sneakers sont un incontournable pour [&hellip;]\" \/>\n<meta property=\"og:url\" content=\"https:\/\/tourcruiser.com\/fr\/products\/grade-school-air-jordan-1-mid-se-diamond-shorts-dn4321-100\/\" \/>\n<meta property=\"og:site_name\" content=\"Tourcruiser Sneaker Store\" \/>\n<meta property=\"article:modified_time\" content=\"2026-04-17T16:06:41+00:00\" \/>\n<meta name=\"twitter:card\" content=\"summary_large_image\" \/>\n<meta name=\"twitter:image\" content=\"https:\/\/images.novelship.com\/product\/1653957559928_AirJordan10.png;https:\/\/images.novelship.com\/product\/1653957559928_AirJordan11.png;https:\/\/images.novelship.com\/product\/1653957559928_AirJordan12.png;https:\/\/images.novelship.com\/product\/1653957559929_AirJordan13.png;https:\/\/images.novelship.com\/product\/1653957559929_AirJordan14.png;https:\/\/images.novelship.com\/product\/1653957559929_AirJordan15.png;https:\/\/images.novelship.com\/product\/1653957559929_AirJordan16.png\" \/>\n<script type=\"application\/ld+json\" class=\"yoast-schema-graph\">{\"@context\":\"https:\/\/schema.org\",\"@graph\":[{\"@type\":\"WebPage\",\"@id\":\"https:\/\/tourcruiser.com\/fr\/products\/grade-school-air-jordan-1-mid-se-diamond-shorts-dn4321-100\/\",\"url\":\"https:\/\/tourcruiser.com\/fr\/products\/grade-school-air-jordan-1-mid-se-diamond-shorts-dn4321-100\/\",\"name\":\"(Grade School) Air Jordan 1 Mid SE 'Diamond Shorts' DN4321-100 - TOURCRUISER PTE. LTD\",\"isPartOf\":{\"@id\":\"\/#website\"},\"primaryImageOfPage\":{\"@id\":\"https:\/\/tourcruiser.com\/fr\/products\/grade-school-air-jordan-1-mid-se-diamond-shorts-dn4321-100\/#primaryimage\"},\"image\":{\"@id\":\"https:\/\/tourcruiser.com\/fr\/products\/grade-school-air-jordan-1-mid-se-diamond-shorts-dn4321-100\/#primaryimage\"},\"thumbnailUrl\":\"https:\/\/images.novelship.com\/product\/1653957559928_AirJordan10.png;https:\/\/images.novelship.com\/product\/1653957559928_AirJordan11.png;https:\/\/images.novelship.com\/product\/1653957559928_AirJordan12.png;https:\/\/images.novelship.com\/product\/1653957559929_AirJordan13.png;https:\/\/images.novelship.com\/product\/1653957559929_AirJordan14.png;https:\/\/images.novelship.com\/product\/1653957559929_AirJordan15.png;https:\/\/images.novelship.com\/product\/1653957559929_AirJordan16.png\",\"datePublished\":\"2026-04-16T10:15:43+00:00\",\"dateModified\":\"2026-04-17T16:06:41+00:00\",\"breadcrumb\":{\"@id\":\"https:\/\/tourcruiser.com\/fr\/products\/grade-school-air-jordan-1-mid-se-diamond-shorts-dn4321-100\/#breadcrumb\"},\"inLanguage\":\"fr-FR\",\"potentialAction\":[{\"@type\":\"ReadAction\",\"target\":[\"https:\/\/tourcruiser.com\/fr\/products\/grade-school-air-jordan-1-mid-se-diamond-shorts-dn4321-100\/\"]}]},{\"@type\":\"ImageObject\",\"inLanguage\":\"fr-FR\",\"@id\":\"https:\/\/tourcruiser.com\/fr\/products\/grade-school-air-jordan-1-mid-se-diamond-shorts-dn4321-100\/#primaryimage\",\"url\":\"https:\/\/images.novelship.com\/product\/1653957559928_AirJordan10.png;https:\/\/images.novelship.com\/product\/1653957559928_AirJordan11.png;https:\/\/images.novelship.com\/product\/1653957559928_AirJordan12.png;https:\/\/images.novelship.com\/product\/1653957559929_AirJordan13.png;https:\/\/images.novelship.com\/product\/1653957559929_AirJordan14.png;https:\/\/images.novelship.com\/product\/1653957559929_AirJordan15.png;https:\/\/images.novelship.com\/product\/1653957559929_AirJordan16.png\",\"contentUrl\":\"https:\/\/images.novelship.com\/product\/1653957559928_AirJordan10.png;https:\/\/images.novelship.com\/product\/1653957559928_AirJordan11.png;https:\/\/images.novelship.com\/product\/1653957559928_AirJordan12.png;https:\/\/images.novelship.com\/product\/1653957559929_AirJordan13.png;https:\/\/images.novelship.com\/product\/1653957559929_AirJordan14.png;https:\/\/images.novelship.com\/product\/1653957559929_AirJordan15.png;https:\/\/images.novelship.com\/product\/1653957559929_AirJordan16.png\"},{\"@type\":\"BreadcrumbList\",\"@id\":\"https:\/\/tourcruiser.com\/fr\/products\/grade-school-air-jordan-1-mid-se-diamond-shorts-dn4321-100\/#breadcrumb\",\"itemListElement\":[{\"@type\":\"ListItem\",\"position\":1,\"name\":\"Home\",\"item\":\"https:\/\/tourcruiser.com\/fr\/\"},{\"@type\":\"ListItem\",\"position\":2,\"name\":\"Shop\",\"item\":\"https:\/\/tourcruiser.com\/fr\/shop\/\"},{\"@type\":\"ListItem\",\"position\":3,\"name\":\"(Grade School) Air Jordan 1 Mid SE &#8216;Diamond Shorts&#8217; DN4321-100\"}]},{\"@type\":\"WebSite\",\"@id\":\"\/#website\",\"url\":\"\/\",\"name\":\"Styloral Jewelry Shop\",\"description\":\"Tourcruiser Sneaker Store \u2014 L\u2019endroit o\u00f9 l\u2019univers rencontre votre singularit\u00e9.\",\"publisher\":{\"@id\":\"\/#organization\"},\"potentialAction\":[{\"@type\":\"SearchAction\",\"target\":{\"@type\":\"EntryPoint\",\"urlTemplate\":\"\/?s={search_term_string}\"},\"query-input\":{\"@type\":\"PropertyValueSpecification\",\"valueRequired\":true,\"valueName\":\"search_term_string\"}}],\"inLanguage\":\"fr-FR\"},{\"@type\":\"Organization\",\"@id\":\"\/#organization\",\"name\":\"STYLORAL PTE. LTD\",\"url\":\"\/\",\"logo\":{\"@type\":\"ImageObject\",\"inLanguage\":\"fr-FR\",\"@id\":\"\/#\/schema\/logo\/image\/\",\"url\":\"https:\/\/www.tourcruiser.com\/wp-content\/uploads\/2025\/12\/logo.png\",\"contentUrl\":\"https:\/\/www.tourcruiser.com\/wp-content\/uploads\/2025\/12\/logo.png\",\"width\":200,\"height\":65,\"caption\":\"STYLORAL PTE. LTD\"},\"image\":{\"@id\":\"\/#\/schema\/logo\/image\/\"}}]}<\/script>\n<!-- \/ Yoast SEO plugin. -->","yoast_head_json":{"title":"(Grade School) Air Jordan 1 Mid SE 'Diamond Shorts' DN4321-100 - TOURCRUISER PTE. LTD","robots":{"index":"index","follow":"follow","max-snippet":"max-snippet:-1","max-image-preview":"max-image-preview:large","max-video-preview":"max-video-preview:-1"},"canonical":"https:\/\/tourcruiser.com\/fr\/products\/grade-school-air-jordan-1-mid-se-diamond-shorts-dn4321-100\/","og_locale":"fr_FR","og_type":"article","og_title":"(Grade School) Air Jordan 1 Mid SE 'Diamond Shorts' DN4321-100 - TOURCRUISER PTE. LTD","og_description":"Les Air Jordan 1 Mid SE Diamond Shorts (GS) de Jordan offrent aux fans de sneakers une option \u00e0 la fois styl\u00e9e et confortable. Ces sneakers arborent un motif diamant unique, leur conf\u00e9rant un look moderne et captivant. Gr\u00e2ce \u00e0 la r\u00e9putation de qualit\u00e9 et de style de Jordan, ces sneakers sont un incontournable pour [&hellip;]","og_url":"https:\/\/tourcruiser.com\/fr\/products\/grade-school-air-jordan-1-mid-se-diamond-shorts-dn4321-100\/","og_site_name":"Tourcruiser Sneaker Store","article_modified_time":"2026-04-17T16:06:41+00:00","twitter_card":"summary_large_image","twitter_image":"https:\/\/images.novelship.com\/product\/1653957559928_AirJordan10.png;https:\/\/images.novelship.com\/product\/1653957559928_AirJordan11.png;https:\/\/images.novelship.com\/product\/1653957559928_AirJordan12.png;https:\/\/images.novelship.com\/product\/1653957559929_AirJordan13.png;https:\/\/images.novelship.com\/product\/1653957559929_AirJordan14.png;https:\/\/images.novelship.com\/product\/1653957559929_AirJordan15.png;https:\/\/images.novelship.com\/product\/1653957559929_AirJordan16.png","schema":{"@context":"https:\/\/schema.org","@graph":[{"@type":"WebPage","@id":"https:\/\/tourcruiser.com\/fr\/products\/grade-school-air-jordan-1-mid-se-diamond-shorts-dn4321-100\/","url":"https:\/\/tourcruiser.com\/fr\/products\/grade-school-air-jordan-1-mid-se-diamond-shorts-dn4321-100\/","name":"(Grade School) Air Jordan 1 Mid SE 'Diamond Shorts' DN4321-100 - TOURCRUISER PTE. LTD","isPartOf":{"@id":"\/#website"},"primaryImageOfPage":{"@id":"https:\/\/tourcruiser.com\/fr\/products\/grade-school-air-jordan-1-mid-se-diamond-shorts-dn4321-100\/#primaryimage"},"image":{"@id":"https:\/\/tourcruiser.com\/fr\/products\/grade-school-air-jordan-1-mid-se-diamond-shorts-dn4321-100\/#primaryimage"},"thumbnailUrl":"https:\/\/images.novelship.com\/product\/1653957559928_AirJordan10.png;https:\/\/images.novelship.com\/product\/1653957559928_AirJordan11.png;https:\/\/images.novelship.com\/product\/1653957559928_AirJordan12.png;https:\/\/images.novelship.com\/product\/1653957559929_AirJordan13.png;https:\/\/images.novelship.com\/product\/1653957559929_AirJordan14.png;https:\/\/images.novelship.com\/product\/1653957559929_AirJordan15.png;https:\/\/images.novelship.com\/product\/1653957559929_AirJordan16.png","datePublished":"2026-04-16T10:15:43+00:00","dateModified":"2026-04-17T16:06:41+00:00","breadcrumb":{"@id":"https:\/\/tourcruiser.com\/fr\/products\/grade-school-air-jordan-1-mid-se-diamond-shorts-dn4321-100\/#breadcrumb"},"inLanguage":"fr-FR","potentialAction":[{"@type":"ReadAction","target":["https:\/\/tourcruiser.com\/fr\/products\/grade-school-air-jordan-1-mid-se-diamond-shorts-dn4321-100\/"]}]},{"@type":"ImageObject","inLanguage":"fr-FR","@id":"https:\/\/tourcruiser.com\/fr\/products\/grade-school-air-jordan-1-mid-se-diamond-shorts-dn4321-100\/#primaryimage","url":"https:\/\/images.novelship.com\/product\/1653957559928_AirJordan10.png;https:\/\/images.novelship.com\/product\/1653957559928_AirJordan11.png;https:\/\/images.novelship.com\/product\/1653957559928_AirJordan12.png;https:\/\/images.novelship.com\/product\/1653957559929_AirJordan13.png;https:\/\/images.novelship.com\/product\/1653957559929_AirJordan14.png;https:\/\/images.novelship.com\/product\/1653957559929_AirJordan15.png;https:\/\/images.novelship.com\/product\/1653957559929_AirJordan16.png","contentUrl":"https:\/\/images.novelship.com\/product\/1653957559928_AirJordan10.png;https:\/\/images.novelship.com\/product\/1653957559928_AirJordan11.png;https:\/\/images.novelship.com\/product\/1653957559928_AirJordan12.png;https:\/\/images.novelship.com\/product\/1653957559929_AirJordan13.png;https:\/\/images.novelship.com\/product\/1653957559929_AirJordan14.png;https:\/\/images.novelship.com\/product\/1653957559929_AirJordan15.png;https:\/\/images.novelship.com\/product\/1653957559929_AirJordan16.png"},{"@type":"BreadcrumbList","@id":"https:\/\/tourcruiser.com\/fr\/products\/grade-school-air-jordan-1-mid-se-diamond-shorts-dn4321-100\/#breadcrumb","itemListElement":[{"@type":"ListItem","position":1,"name":"Home","item":"https:\/\/tourcruiser.com\/fr\/"},{"@type":"ListItem","position":2,"name":"Shop","item":"https:\/\/tourcruiser.com\/fr\/shop\/"},{"@type":"ListItem","position":3,"name":"(Grade School) Air Jordan 1 Mid SE &#8216;Diamond Shorts&#8217; DN4321-100"}]},{"@type":"WebSite","@id":"\/#website","url":"\/","name":"Styloral Jewelry Shop","description":"Tourcruiser Sneaker Store \u2014 L\u2019endroit o\u00f9 l\u2019univers rencontre votre singularit\u00e9.","publisher":{"@id":"\/#organization"},"potentialAction":[{"@type":"SearchAction","target":{"@type":"EntryPoint","urlTemplate":"\/?s={search_term_string}"},"query-input":{"@type":"PropertyValueSpecification","valueRequired":true,"valueName":"search_term_string"}}],"inLanguage":"fr-FR"},{"@type":"Organization","@id":"\/#organization","name":"STYLORAL PTE. LTD","url":"\/","logo":{"@type":"ImageObject","inLanguage":"fr-FR","@id":"\/#\/schema\/logo\/image\/","url":"https:\/\/www.tourcruiser.com\/wp-content\/uploads\/2025\/12\/logo.png","contentUrl":"https:\/\/www.tourcruiser.com\/wp-content\/uploads\/2025\/12\/logo.png","width":200,"height":65,"caption":"STYLORAL PTE. LTD"},"image":{"@id":"\/#\/schema\/logo\/image\/"}}]}},"_links":{"self":[{"href":"https:\/\/tourcruiser.com\/fr\/wp-json\/wp\/v2\/product\/773030","targetHints":{"allow":["GET"]}}],"collection":[{"href":"https:\/\/tourcruiser.com\/fr\/wp-json\/wp\/v2\/product"}],"about":[{"href":"https:\/\/tourcruiser.com\/fr\/wp-json\/wp\/v2\/types\/product"}],"replies":[{"embeddable":true,"href":"https:\/\/tourcruiser.com\/fr\/wp-json\/wp\/v2\/comments?post=773030"}],"wp:featuredmedia":[{"embeddable":true,"href":"https:\/\/tourcruiser.com\/fr\/wp-json\/wp\/v2\/media\/773031"}],"wp:attachment":[{"href":"https:\/\/tourcruiser.com\/fr\/wp-json\/wp\/v2\/media?parent=773030"}],"wp:term":[{"taxonomy":"product_brand","embeddable":true,"href":"https:\/\/tourcruiser.com\/fr\/wp-json\/wp\/v2\/product_brand?post=773030"},{"taxonomy":"product_cat","embeddable":true,"href":"https:\/\/tourcruiser.com\/fr\/wp-json\/wp\/v2\/product_cat?post=773030"},{"taxonomy":"product_tag","embeddable":true,"href":"https:\/\/tourcruiser.com\/fr\/wp-json\/wp\/v2\/product_tag?post=773030"}],"curies":[{"name":"wp","href":"https:\/\/api.w.org\/{rel}","templated":true}]}}