{"id":772772,"date":"2026-04-16T17:15:34","date_gmt":"2026-04-16T10:15:34","guid":{"rendered":"http:\/\/tourcruiser.com\/product\/grade-school-air-jordan-1-low-multicolor-dj0341-100"},"modified":"2026-04-17T23:06:27","modified_gmt":"2026-04-17T16:06:27","slug":"grade-school-air-jordan-1-low-multicolor-dj0341-100","status":"publish","type":"product","link":"https:\/\/tourcruiser.com\/fr\/products\/grade-school-air-jordan-1-low-multicolor-dj0341-100\/","title":{"rendered":"(Grade School) Air Jordan 1 Low &lsquo;Multicolor&rsquo; DJ0341-100"},"content":{"rendered":"<p>Affirmez votre style avec les Air Jordan 1 Low \u00ab\u00a0Multicolor\u00a0\u00bb DJ0341-100 pour enfants. Parfaites pour les jeunes fashionistas, ces sneakers arborent un m\u00e9lange \u00e9clatant de couleurs vives sur un cuir premium, apportant une touche de couleur \u00e0 chaque pas. L&rsquo;amorti Air l\u00e9gendaire offre un confort et un maintien exceptionnels. Que ce soit sur le terrain de jeu ou en sortie entre amis, ces Jordans offrent un style incomparable et des performances fiables. Offrez \u00e0 votre enfant un look intemporel avec les Air Jordan 1 Low \u00ab\u00a0Multicolor\u00a0\u00bb.<\/p>\n<p>Couleur\u00a0: Multicolore\/Blanc<\/p>\n<p>Code article\u00a0: DJ0341-100<br \/>\nTige\u00a0: Cuir<br \/>\nSemelle interm\u00e9diaire\u00a0: Air<\/p>\n<p>Couleur\u00a0: Multicolore<br \/>\nCr\u00e9ateur\u00a0: Peter Moore<br \/>\nSaison\u00a0: Toute l&rsquo;ann\u00e9e<\/p>\n<p>Couleur\u00a0: Toute l&rsquo;ann\u00e9e<br \/>\n\u00c2ge\u00a0: Adulte<\/p>\n<p>Couleur\u00a0: Blanc nuage\/Cyan vif\/Blanc<br \/>\nGenre\u00a0: Enfant<\/p>\n","protected":false},"excerpt":{"rendered":"<p>Affirmez votre style avec les Air Jordan 1 Low \u00ab\u00a0Multicolor\u00a0\u00bb DJ0341-100 pour enfants. Parfaites pour les jeunes fashionistas, ces sneakers arborent un m\u00e9lange \u00e9clatant de couleurs vives sur un cuir premium, apportant une touche de couleur \u00e0 chaque pas. L&rsquo;amorti Air l\u00e9gendaire offre un confort et un maintien exceptionnels. Que ce soit sur le terrain [&hellip;]<\/p>\n","protected":false},"featured_media":772773,"comment_status":"open","ping_status":"closed","template":"","meta":[],"product_brand":[],"product_cat":[38880],"product_tag":[10750,38988,38874,10776,11349,38875,10756,39039],"class_list":{"0":"post-772772","1":"product","2":"type-product","3":"status-publish","4":"has-post-thumbnail","6":"product_cat-jordan","7":"product_tag-athleisure-shoes","8":"product_tag-casual-shoes-for-kids","9":"product_tag-hari-raya-gs","10":"product_tag-jordan","11":"product_tag-jordan-basketball-shoes","12":"product_tag-jordan-skateboard-shoes","13":"product_tag-retro-casual-shoes","14":"product_tag-sneakers-for-kids","16":"first","17":"instock","18":"taxable","19":"shipping-taxable","20":"purchasable","21":"product-type-simple"},"wcpa_form_fields":null,"yoast_head":"<!-- This site is optimized with the Yoast SEO plugin v26.5 - https:\/\/yoast.com\/wordpress\/plugins\/seo\/ -->\n<title>(Grade School) Air Jordan 1 Low &#039;Multicolor&#039; DJ0341-100 - TOURCRUISER PTE. LTD<\/title>\n<meta name=\"robots\" content=\"index, follow, max-snippet:-1, max-image-preview:large, max-video-preview:-1\" \/>\n<link rel=\"canonical\" href=\"https:\/\/tourcruiser.com\/fr\/products\/grade-school-air-jordan-1-low-multicolor-dj0341-100\/\" \/>\n<meta property=\"og:locale\" content=\"fr_FR\" \/>\n<meta property=\"og:type\" content=\"article\" \/>\n<meta property=\"og:title\" content=\"(Grade School) Air Jordan 1 Low &#039;Multicolor&#039; DJ0341-100 - TOURCRUISER PTE. LTD\" \/>\n<meta property=\"og:description\" content=\"Affirmez votre style avec les Air Jordan 1 Low \u00ab\u00a0Multicolor\u00a0\u00bb DJ0341-100 pour enfants. Parfaites pour les jeunes fashionistas, ces sneakers arborent un m\u00e9lange \u00e9clatant de couleurs vives sur un cuir premium, apportant une touche de couleur \u00e0 chaque pas. L&rsquo;amorti Air l\u00e9gendaire offre un confort et un maintien exceptionnels. Que ce soit sur le terrain [&hellip;]\" \/>\n<meta property=\"og:url\" content=\"https:\/\/tourcruiser.com\/fr\/products\/grade-school-air-jordan-1-low-multicolor-dj0341-100\/\" \/>\n<meta property=\"og:site_name\" content=\"Tourcruiser Sneaker Store\" \/>\n<meta property=\"article:modified_time\" content=\"2026-04-17T16:06:27+00:00\" \/>\n<meta name=\"twitter:card\" content=\"summary_large_image\" \/>\n<meta name=\"twitter:image\" content=\"https:\/\/images.novelship.com\/product\/_grade_school__air_jordan_1_low__multicolor__dj034_0_51306.jpeg;https:\/\/images.novelship.com\/product\/_grade_school__air_jordan_1_low__multicolor__dj034_1_51306.jpeg;https:\/\/images.novelship.com\/product\/_grade_school__air_jordan_1_low__multicolor__dj034_2_51306.jpeg;https:\/\/images.novelship.com\/product\/_grade_school__air_jordan_1_low__multicolor__dj034_3_51306.jpeg;https:\/\/images.novelship.com\/product\/_grade_school__air_jordan_1_low__multicolor__dj034_4_51306.jpeg;https:\/\/images.novelship.com\/product\/_grade_school__air_jordan_1_low__multicolor__dj034_5_51306.jpeg;https:\/\/images.novelship.com\/product\/_grade_school__air_jordan_1_low__multicolor__dj034_6_51306.jpeg;https:\/\/images.novelship.com\/product\/_grade_school__air_jordan_1_low__multicolor__dj034_7_51306.jpeg\" \/>\n<meta name=\"twitter:label1\" content=\"Dur\u00e9e de lecture estim\u00e9e\" \/>\n\t<meta name=\"twitter:data1\" content=\"1 minute\" \/>\n<script type=\"application\/ld+json\" class=\"yoast-schema-graph\">{\"@context\":\"https:\/\/schema.org\",\"@graph\":[{\"@type\":\"WebPage\",\"@id\":\"https:\/\/tourcruiser.com\/fr\/products\/grade-school-air-jordan-1-low-multicolor-dj0341-100\/\",\"url\":\"https:\/\/tourcruiser.com\/fr\/products\/grade-school-air-jordan-1-low-multicolor-dj0341-100\/\",\"name\":\"(Grade School) Air Jordan 1 Low 'Multicolor' DJ0341-100 - TOURCRUISER PTE. LTD\",\"isPartOf\":{\"@id\":\"\/#website\"},\"primaryImageOfPage\":{\"@id\":\"https:\/\/tourcruiser.com\/fr\/products\/grade-school-air-jordan-1-low-multicolor-dj0341-100\/#primaryimage\"},\"image\":{\"@id\":\"https:\/\/tourcruiser.com\/fr\/products\/grade-school-air-jordan-1-low-multicolor-dj0341-100\/#primaryimage\"},\"thumbnailUrl\":\"https:\/\/images.novelship.com\/product\/_grade_school__air_jordan_1_low__multicolor__dj034_0_51306.jpeg;https:\/\/images.novelship.com\/product\/_grade_school__air_jordan_1_low__multicolor__dj034_1_51306.jpeg;https:\/\/images.novelship.com\/product\/_grade_school__air_jordan_1_low__multicolor__dj034_2_51306.jpeg;https:\/\/images.novelship.com\/product\/_grade_school__air_jordan_1_low__multicolor__dj034_3_51306.jpeg;https:\/\/images.novelship.com\/product\/_grade_school__air_jordan_1_low__multicolor__dj034_4_51306.jpeg;https:\/\/images.novelship.com\/product\/_grade_school__air_jordan_1_low__multicolor__dj034_5_51306.jpeg;https:\/\/images.novelship.com\/product\/_grade_school__air_jordan_1_low__multicolor__dj034_6_51306.jpeg;https:\/\/images.novelship.com\/product\/_grade_school__air_jordan_1_low__multicolor__dj034_7_51306.jpeg\",\"datePublished\":\"2026-04-16T10:15:34+00:00\",\"dateModified\":\"2026-04-17T16:06:27+00:00\",\"breadcrumb\":{\"@id\":\"https:\/\/tourcruiser.com\/fr\/products\/grade-school-air-jordan-1-low-multicolor-dj0341-100\/#breadcrumb\"},\"inLanguage\":\"fr-FR\",\"potentialAction\":[{\"@type\":\"ReadAction\",\"target\":[\"https:\/\/tourcruiser.com\/fr\/products\/grade-school-air-jordan-1-low-multicolor-dj0341-100\/\"]}]},{\"@type\":\"ImageObject\",\"inLanguage\":\"fr-FR\",\"@id\":\"https:\/\/tourcruiser.com\/fr\/products\/grade-school-air-jordan-1-low-multicolor-dj0341-100\/#primaryimage\",\"url\":\"https:\/\/images.novelship.com\/product\/_grade_school__air_jordan_1_low__multicolor__dj034_0_51306.jpeg;https:\/\/images.novelship.com\/product\/_grade_school__air_jordan_1_low__multicolor__dj034_1_51306.jpeg;https:\/\/images.novelship.com\/product\/_grade_school__air_jordan_1_low__multicolor__dj034_2_51306.jpeg;https:\/\/images.novelship.com\/product\/_grade_school__air_jordan_1_low__multicolor__dj034_3_51306.jpeg;https:\/\/images.novelship.com\/product\/_grade_school__air_jordan_1_low__multicolor__dj034_4_51306.jpeg;https:\/\/images.novelship.com\/product\/_grade_school__air_jordan_1_low__multicolor__dj034_5_51306.jpeg;https:\/\/images.novelship.com\/product\/_grade_school__air_jordan_1_low__multicolor__dj034_6_51306.jpeg;https:\/\/images.novelship.com\/product\/_grade_school__air_jordan_1_low__multicolor__dj034_7_51306.jpeg\",\"contentUrl\":\"https:\/\/images.novelship.com\/product\/_grade_school__air_jordan_1_low__multicolor__dj034_0_51306.jpeg;https:\/\/images.novelship.com\/product\/_grade_school__air_jordan_1_low__multicolor__dj034_1_51306.jpeg;https:\/\/images.novelship.com\/product\/_grade_school__air_jordan_1_low__multicolor__dj034_2_51306.jpeg;https:\/\/images.novelship.com\/product\/_grade_school__air_jordan_1_low__multicolor__dj034_3_51306.jpeg;https:\/\/images.novelship.com\/product\/_grade_school__air_jordan_1_low__multicolor__dj034_4_51306.jpeg;https:\/\/images.novelship.com\/product\/_grade_school__air_jordan_1_low__multicolor__dj034_5_51306.jpeg;https:\/\/images.novelship.com\/product\/_grade_school__air_jordan_1_low__multicolor__dj034_6_51306.jpeg;https:\/\/images.novelship.com\/product\/_grade_school__air_jordan_1_low__multicolor__dj034_7_51306.jpeg\"},{\"@type\":\"BreadcrumbList\",\"@id\":\"https:\/\/tourcruiser.com\/fr\/products\/grade-school-air-jordan-1-low-multicolor-dj0341-100\/#breadcrumb\",\"itemListElement\":[{\"@type\":\"ListItem\",\"position\":1,\"name\":\"Home\",\"item\":\"https:\/\/tourcruiser.com\/fr\/\"},{\"@type\":\"ListItem\",\"position\":2,\"name\":\"Shop\",\"item\":\"https:\/\/tourcruiser.com\/fr\/shop\/\"},{\"@type\":\"ListItem\",\"position\":3,\"name\":\"(Grade School) Air Jordan 1 Low &#8216;Multicolor&#8217; DJ0341-100\"}]},{\"@type\":\"WebSite\",\"@id\":\"\/#website\",\"url\":\"\/\",\"name\":\"Styloral Jewelry Shop\",\"description\":\"Tourcruiser Sneaker Store \u2014 L\u2019endroit o\u00f9 l\u2019univers rencontre votre singularit\u00e9.\",\"publisher\":{\"@id\":\"\/#organization\"},\"potentialAction\":[{\"@type\":\"SearchAction\",\"target\":{\"@type\":\"EntryPoint\",\"urlTemplate\":\"\/?s={search_term_string}\"},\"query-input\":{\"@type\":\"PropertyValueSpecification\",\"valueRequired\":true,\"valueName\":\"search_term_string\"}}],\"inLanguage\":\"fr-FR\"},{\"@type\":\"Organization\",\"@id\":\"\/#organization\",\"name\":\"STYLORAL PTE. LTD\",\"url\":\"\/\",\"logo\":{\"@type\":\"ImageObject\",\"inLanguage\":\"fr-FR\",\"@id\":\"\/#\/schema\/logo\/image\/\",\"url\":\"https:\/\/www.tourcruiser.com\/wp-content\/uploads\/2025\/12\/logo.png\",\"contentUrl\":\"https:\/\/www.tourcruiser.com\/wp-content\/uploads\/2025\/12\/logo.png\",\"width\":200,\"height\":65,\"caption\":\"STYLORAL PTE. LTD\"},\"image\":{\"@id\":\"\/#\/schema\/logo\/image\/\"}}]}<\/script>\n<!-- \/ Yoast SEO plugin. -->","yoast_head_json":{"title":"(Grade School) Air Jordan 1 Low 'Multicolor' DJ0341-100 - TOURCRUISER PTE. LTD","robots":{"index":"index","follow":"follow","max-snippet":"max-snippet:-1","max-image-preview":"max-image-preview:large","max-video-preview":"max-video-preview:-1"},"canonical":"https:\/\/tourcruiser.com\/fr\/products\/grade-school-air-jordan-1-low-multicolor-dj0341-100\/","og_locale":"fr_FR","og_type":"article","og_title":"(Grade School) Air Jordan 1 Low 'Multicolor' DJ0341-100 - TOURCRUISER PTE. LTD","og_description":"Affirmez votre style avec les Air Jordan 1 Low \u00ab\u00a0Multicolor\u00a0\u00bb DJ0341-100 pour enfants. Parfaites pour les jeunes fashionistas, ces sneakers arborent un m\u00e9lange \u00e9clatant de couleurs vives sur un cuir premium, apportant une touche de couleur \u00e0 chaque pas. L&rsquo;amorti Air l\u00e9gendaire offre un confort et un maintien exceptionnels. Que ce soit sur le terrain [&hellip;]","og_url":"https:\/\/tourcruiser.com\/fr\/products\/grade-school-air-jordan-1-low-multicolor-dj0341-100\/","og_site_name":"Tourcruiser Sneaker Store","article_modified_time":"2026-04-17T16:06:27+00:00","twitter_card":"summary_large_image","twitter_image":"https:\/\/images.novelship.com\/product\/_grade_school__air_jordan_1_low__multicolor__dj034_0_51306.jpeg;https:\/\/images.novelship.com\/product\/_grade_school__air_jordan_1_low__multicolor__dj034_1_51306.jpeg;https:\/\/images.novelship.com\/product\/_grade_school__air_jordan_1_low__multicolor__dj034_2_51306.jpeg;https:\/\/images.novelship.com\/product\/_grade_school__air_jordan_1_low__multicolor__dj034_3_51306.jpeg;https:\/\/images.novelship.com\/product\/_grade_school__air_jordan_1_low__multicolor__dj034_4_51306.jpeg;https:\/\/images.novelship.com\/product\/_grade_school__air_jordan_1_low__multicolor__dj034_5_51306.jpeg;https:\/\/images.novelship.com\/product\/_grade_school__air_jordan_1_low__multicolor__dj034_6_51306.jpeg;https:\/\/images.novelship.com\/product\/_grade_school__air_jordan_1_low__multicolor__dj034_7_51306.jpeg","twitter_misc":{"Dur\u00e9e de lecture estim\u00e9e":"1 minute"},"schema":{"@context":"https:\/\/schema.org","@graph":[{"@type":"WebPage","@id":"https:\/\/tourcruiser.com\/fr\/products\/grade-school-air-jordan-1-low-multicolor-dj0341-100\/","url":"https:\/\/tourcruiser.com\/fr\/products\/grade-school-air-jordan-1-low-multicolor-dj0341-100\/","name":"(Grade School) Air Jordan 1 Low 'Multicolor' DJ0341-100 - TOURCRUISER PTE. LTD","isPartOf":{"@id":"\/#website"},"primaryImageOfPage":{"@id":"https:\/\/tourcruiser.com\/fr\/products\/grade-school-air-jordan-1-low-multicolor-dj0341-100\/#primaryimage"},"image":{"@id":"https:\/\/tourcruiser.com\/fr\/products\/grade-school-air-jordan-1-low-multicolor-dj0341-100\/#primaryimage"},"thumbnailUrl":"https:\/\/images.novelship.com\/product\/_grade_school__air_jordan_1_low__multicolor__dj034_0_51306.jpeg;https:\/\/images.novelship.com\/product\/_grade_school__air_jordan_1_low__multicolor__dj034_1_51306.jpeg;https:\/\/images.novelship.com\/product\/_grade_school__air_jordan_1_low__multicolor__dj034_2_51306.jpeg;https:\/\/images.novelship.com\/product\/_grade_school__air_jordan_1_low__multicolor__dj034_3_51306.jpeg;https:\/\/images.novelship.com\/product\/_grade_school__air_jordan_1_low__multicolor__dj034_4_51306.jpeg;https:\/\/images.novelship.com\/product\/_grade_school__air_jordan_1_low__multicolor__dj034_5_51306.jpeg;https:\/\/images.novelship.com\/product\/_grade_school__air_jordan_1_low__multicolor__dj034_6_51306.jpeg;https:\/\/images.novelship.com\/product\/_grade_school__air_jordan_1_low__multicolor__dj034_7_51306.jpeg","datePublished":"2026-04-16T10:15:34+00:00","dateModified":"2026-04-17T16:06:27+00:00","breadcrumb":{"@id":"https:\/\/tourcruiser.com\/fr\/products\/grade-school-air-jordan-1-low-multicolor-dj0341-100\/#breadcrumb"},"inLanguage":"fr-FR","potentialAction":[{"@type":"ReadAction","target":["https:\/\/tourcruiser.com\/fr\/products\/grade-school-air-jordan-1-low-multicolor-dj0341-100\/"]}]},{"@type":"ImageObject","inLanguage":"fr-FR","@id":"https:\/\/tourcruiser.com\/fr\/products\/grade-school-air-jordan-1-low-multicolor-dj0341-100\/#primaryimage","url":"https:\/\/images.novelship.com\/product\/_grade_school__air_jordan_1_low__multicolor__dj034_0_51306.jpeg;https:\/\/images.novelship.com\/product\/_grade_school__air_jordan_1_low__multicolor__dj034_1_51306.jpeg;https:\/\/images.novelship.com\/product\/_grade_school__air_jordan_1_low__multicolor__dj034_2_51306.jpeg;https:\/\/images.novelship.com\/product\/_grade_school__air_jordan_1_low__multicolor__dj034_3_51306.jpeg;https:\/\/images.novelship.com\/product\/_grade_school__air_jordan_1_low__multicolor__dj034_4_51306.jpeg;https:\/\/images.novelship.com\/product\/_grade_school__air_jordan_1_low__multicolor__dj034_5_51306.jpeg;https:\/\/images.novelship.com\/product\/_grade_school__air_jordan_1_low__multicolor__dj034_6_51306.jpeg;https:\/\/images.novelship.com\/product\/_grade_school__air_jordan_1_low__multicolor__dj034_7_51306.jpeg","contentUrl":"https:\/\/images.novelship.com\/product\/_grade_school__air_jordan_1_low__multicolor__dj034_0_51306.jpeg;https:\/\/images.novelship.com\/product\/_grade_school__air_jordan_1_low__multicolor__dj034_1_51306.jpeg;https:\/\/images.novelship.com\/product\/_grade_school__air_jordan_1_low__multicolor__dj034_2_51306.jpeg;https:\/\/images.novelship.com\/product\/_grade_school__air_jordan_1_low__multicolor__dj034_3_51306.jpeg;https:\/\/images.novelship.com\/product\/_grade_school__air_jordan_1_low__multicolor__dj034_4_51306.jpeg;https:\/\/images.novelship.com\/product\/_grade_school__air_jordan_1_low__multicolor__dj034_5_51306.jpeg;https:\/\/images.novelship.com\/product\/_grade_school__air_jordan_1_low__multicolor__dj034_6_51306.jpeg;https:\/\/images.novelship.com\/product\/_grade_school__air_jordan_1_low__multicolor__dj034_7_51306.jpeg"},{"@type":"BreadcrumbList","@id":"https:\/\/tourcruiser.com\/fr\/products\/grade-school-air-jordan-1-low-multicolor-dj0341-100\/#breadcrumb","itemListElement":[{"@type":"ListItem","position":1,"name":"Home","item":"https:\/\/tourcruiser.com\/fr\/"},{"@type":"ListItem","position":2,"name":"Shop","item":"https:\/\/tourcruiser.com\/fr\/shop\/"},{"@type":"ListItem","position":3,"name":"(Grade School) Air Jordan 1 Low &#8216;Multicolor&#8217; DJ0341-100"}]},{"@type":"WebSite","@id":"\/#website","url":"\/","name":"Styloral Jewelry Shop","description":"Tourcruiser Sneaker Store \u2014 L\u2019endroit o\u00f9 l\u2019univers rencontre votre singularit\u00e9.","publisher":{"@id":"\/#organization"},"potentialAction":[{"@type":"SearchAction","target":{"@type":"EntryPoint","urlTemplate":"\/?s={search_term_string}"},"query-input":{"@type":"PropertyValueSpecification","valueRequired":true,"valueName":"search_term_string"}}],"inLanguage":"fr-FR"},{"@type":"Organization","@id":"\/#organization","name":"STYLORAL PTE. LTD","url":"\/","logo":{"@type":"ImageObject","inLanguage":"fr-FR","@id":"\/#\/schema\/logo\/image\/","url":"https:\/\/www.tourcruiser.com\/wp-content\/uploads\/2025\/12\/logo.png","contentUrl":"https:\/\/www.tourcruiser.com\/wp-content\/uploads\/2025\/12\/logo.png","width":200,"height":65,"caption":"STYLORAL PTE. LTD"},"image":{"@id":"\/#\/schema\/logo\/image\/"}}]}},"_links":{"self":[{"href":"https:\/\/tourcruiser.com\/fr\/wp-json\/wp\/v2\/product\/772772","targetHints":{"allow":["GET"]}}],"collection":[{"href":"https:\/\/tourcruiser.com\/fr\/wp-json\/wp\/v2\/product"}],"about":[{"href":"https:\/\/tourcruiser.com\/fr\/wp-json\/wp\/v2\/types\/product"}],"replies":[{"embeddable":true,"href":"https:\/\/tourcruiser.com\/fr\/wp-json\/wp\/v2\/comments?post=772772"}],"wp:featuredmedia":[{"embeddable":true,"href":"https:\/\/tourcruiser.com\/fr\/wp-json\/wp\/v2\/media\/772773"}],"wp:attachment":[{"href":"https:\/\/tourcruiser.com\/fr\/wp-json\/wp\/v2\/media?parent=772772"}],"wp:term":[{"taxonomy":"product_brand","embeddable":true,"href":"https:\/\/tourcruiser.com\/fr\/wp-json\/wp\/v2\/product_brand?post=772772"},{"taxonomy":"product_cat","embeddable":true,"href":"https:\/\/tourcruiser.com\/fr\/wp-json\/wp\/v2\/product_cat?post=772772"},{"taxonomy":"product_tag","embeddable":true,"href":"https:\/\/tourcruiser.com\/fr\/wp-json\/wp\/v2\/product_tag?post=772772"}],"curies":[{"name":"wp","href":"https:\/\/api.w.org\/{rel}","templated":true}]}}