{"id":772763,"date":"2026-04-16T17:15:34","date_gmt":"2026-04-16T10:15:34","guid":{"rendered":"http:\/\/tourcruiser.com\/product\/grade-school-air-jordan-1-mid-hulk-554725-300"},"modified":"2026-04-17T23:06:27","modified_gmt":"2026-04-17T16:06:27","slug":"grade-school-air-jordan-1-mid-hulk-554725-300","status":"publish","type":"product","link":"https:\/\/tourcruiser.com\/fr\/products\/grade-school-air-jordan-1-mid-hulk-554725-300\/","title":{"rendered":"(Grade School) Air Jordan 1 Mid &lsquo;Hulk&rsquo; 554725-300"},"content":{"rendered":"<p>Lib\u00e9rez le super-h\u00e9ros qui sommeille en vous avec la Air Jordan 1 Mid \u00ab\u00a0Hulk\u00a0\u00bb (R\u00e9f. 554725-300) pour enfants. Inspir\u00e9e du l\u00e9gendaire Hulk, cette basket montante arbore un coloris vert et violet \u00e9clatant, pour un style unique. Confectionn\u00e9e avec des mat\u00e9riaux haut de gamme pour une durabilit\u00e9 et un confort optimaux, chaque paire est dot\u00e9e de l&#8217;embl\u00e9matique unit\u00e9 Air-Sole pour un amorti exceptionnel. Sur le terrain comme en ville, ces sneakers offrent un style et des performances incomparables. D\u00e9marquez-vous et ajoutez une touche unique \u00e0 votre collection d\u00e8s aujourd&rsquo;hui\u00a0!<\/p>\n<p>Coloris\u00a0: Vert Aloe\/Violet Court-Blanc<\/p>\n<p>Code article\u00a0: 554725-300<\/p>\n<p>Semelle interm\u00e9diaire\u00a0: Air<\/p>\n<p>Couleur\u00a0: Vert<\/p>\n<p>Designer\u00a0: Peter Moore<\/p>\n<p>Saison\u00a0: Toute l&rsquo;ann\u00e9e<\/p>\n<p>Ann\u00e9e de sortie\u00a0: 2020<\/p>\n<p>\u00c2ge\u00a0: Adulte<\/p>\n<p>Couleur\u00a0: Multicolore\/Blanc<\/p>\n<p>Genre\u00a0: Enfant<\/p>\n","protected":false},"excerpt":{"rendered":"<p>Lib\u00e9rez le super-h\u00e9ros qui sommeille en vous avec la Air Jordan 1 Mid \u00ab\u00a0Hulk\u00a0\u00bb (R\u00e9f. 554725-300) pour enfants. Inspir\u00e9e du l\u00e9gendaire Hulk, cette basket montante arbore un coloris vert et violet \u00e9clatant, pour un style unique. Confectionn\u00e9e avec des mat\u00e9riaux haut de gamme pour une durabilit\u00e9 et un confort optimaux, chaque paire est dot\u00e9e de [&hellip;]<\/p>\n","protected":false},"featured_media":772764,"comment_status":"open","ping_status":"closed","template":"","meta":[],"product_brand":[],"product_cat":[38880],"product_tag":[10750,38988,10776,11349,38875,10756,39039],"class_list":{"0":"post-772763","1":"product","2":"type-product","3":"status-publish","4":"has-post-thumbnail","6":"product_cat-jordan","7":"product_tag-athleisure-shoes","8":"product_tag-casual-shoes-for-kids","9":"product_tag-jordan","10":"product_tag-jordan-basketball-shoes","11":"product_tag-jordan-skateboard-shoes","12":"product_tag-retro-casual-shoes","13":"product_tag-sneakers-for-kids","15":"first","16":"instock","17":"taxable","18":"shipping-taxable","19":"purchasable","20":"product-type-simple"},"wcpa_form_fields":null,"yoast_head":"<!-- This site is optimized with the Yoast SEO plugin v26.5 - https:\/\/yoast.com\/wordpress\/plugins\/seo\/ -->\n<title>(Grade School) Air Jordan 1 Mid &#039;Hulk&#039; 554725-300 - TOURCRUISER PTE. LTD<\/title>\n<meta name=\"robots\" content=\"index, follow, max-snippet:-1, max-image-preview:large, max-video-preview:-1\" \/>\n<link rel=\"canonical\" href=\"https:\/\/tourcruiser.com\/fr\/products\/grade-school-air-jordan-1-mid-hulk-554725-300\/\" \/>\n<meta property=\"og:locale\" content=\"fr_FR\" \/>\n<meta property=\"og:type\" content=\"article\" \/>\n<meta property=\"og:title\" content=\"(Grade School) Air Jordan 1 Mid &#039;Hulk&#039; 554725-300 - TOURCRUISER PTE. LTD\" \/>\n<meta property=\"og:description\" content=\"Lib\u00e9rez le super-h\u00e9ros qui sommeille en vous avec la Air Jordan 1 Mid \u00ab\u00a0Hulk\u00a0\u00bb (R\u00e9f. 554725-300) pour enfants. Inspir\u00e9e du l\u00e9gendaire Hulk, cette basket montante arbore un coloris vert et violet \u00e9clatant, pour un style unique. Confectionn\u00e9e avec des mat\u00e9riaux haut de gamme pour une durabilit\u00e9 et un confort optimaux, chaque paire est dot\u00e9e de [&hellip;]\" \/>\n<meta property=\"og:url\" content=\"https:\/\/tourcruiser.com\/fr\/products\/grade-school-air-jordan-1-mid-hulk-554725-300\/\" \/>\n<meta property=\"og:site_name\" content=\"Tourcruiser Sneaker Store\" \/>\n<meta property=\"article:modified_time\" content=\"2026-04-17T16:06:27+00:00\" \/>\n<meta name=\"twitter:card\" content=\"summary_large_image\" \/>\n<meta name=\"twitter:image\" content=\"https:\/\/images.novelship.com\/product\/_grade_school__air_jordan_1_mid__hulk__554725_300_0_43749.jpeg;https:\/\/images.novelship.com\/product\/_grade_school__air_jordan_1_mid__hulk__554725_300_1_43749.jpeg;https:\/\/images.novelship.com\/product\/_grade_school__air_jordan_1_mid__hulk__554725_300_2_43749.jpeg;https:\/\/images.novelship.com\/product\/_grade_school__air_jordan_1_mid__hulk__554725_300_3_43749.jpeg;https:\/\/images.novelship.com\/product\/_grade_school__air_jordan_1_mid__hulk__554725_300_4_43749.jpeg;https:\/\/images.novelship.com\/product\/_grade_school__air_jordan_1_mid__hulk__554725_300_5_43749.jpeg;https:\/\/images.novelship.com\/product\/_grade_school__air_jordan_1_mid__hulk__554725_300_6_43749.jpeg;https:\/\/images.novelship.com\/product\/_grade_school__air_jordan_1_mid__hulk__554725_300_7_43749.jpeg\" \/>\n<meta name=\"twitter:label1\" content=\"Dur\u00e9e de lecture estim\u00e9e\" \/>\n\t<meta name=\"twitter:data1\" content=\"1 minute\" \/>\n<script type=\"application\/ld+json\" class=\"yoast-schema-graph\">{\"@context\":\"https:\/\/schema.org\",\"@graph\":[{\"@type\":\"WebPage\",\"@id\":\"https:\/\/tourcruiser.com\/fr\/products\/grade-school-air-jordan-1-mid-hulk-554725-300\/\",\"url\":\"https:\/\/tourcruiser.com\/fr\/products\/grade-school-air-jordan-1-mid-hulk-554725-300\/\",\"name\":\"(Grade School) Air Jordan 1 Mid 'Hulk' 554725-300 - TOURCRUISER PTE. LTD\",\"isPartOf\":{\"@id\":\"\/#website\"},\"primaryImageOfPage\":{\"@id\":\"https:\/\/tourcruiser.com\/fr\/products\/grade-school-air-jordan-1-mid-hulk-554725-300\/#primaryimage\"},\"image\":{\"@id\":\"https:\/\/tourcruiser.com\/fr\/products\/grade-school-air-jordan-1-mid-hulk-554725-300\/#primaryimage\"},\"thumbnailUrl\":\"https:\/\/images.novelship.com\/product\/_grade_school__air_jordan_1_mid__hulk__554725_300_0_43749.jpeg;https:\/\/images.novelship.com\/product\/_grade_school__air_jordan_1_mid__hulk__554725_300_1_43749.jpeg;https:\/\/images.novelship.com\/product\/_grade_school__air_jordan_1_mid__hulk__554725_300_2_43749.jpeg;https:\/\/images.novelship.com\/product\/_grade_school__air_jordan_1_mid__hulk__554725_300_3_43749.jpeg;https:\/\/images.novelship.com\/product\/_grade_school__air_jordan_1_mid__hulk__554725_300_4_43749.jpeg;https:\/\/images.novelship.com\/product\/_grade_school__air_jordan_1_mid__hulk__554725_300_5_43749.jpeg;https:\/\/images.novelship.com\/product\/_grade_school__air_jordan_1_mid__hulk__554725_300_6_43749.jpeg;https:\/\/images.novelship.com\/product\/_grade_school__air_jordan_1_mid__hulk__554725_300_7_43749.jpeg\",\"datePublished\":\"2026-04-16T10:15:34+00:00\",\"dateModified\":\"2026-04-17T16:06:27+00:00\",\"breadcrumb\":{\"@id\":\"https:\/\/tourcruiser.com\/fr\/products\/grade-school-air-jordan-1-mid-hulk-554725-300\/#breadcrumb\"},\"inLanguage\":\"fr-FR\",\"potentialAction\":[{\"@type\":\"ReadAction\",\"target\":[\"https:\/\/tourcruiser.com\/fr\/products\/grade-school-air-jordan-1-mid-hulk-554725-300\/\"]}]},{\"@type\":\"ImageObject\",\"inLanguage\":\"fr-FR\",\"@id\":\"https:\/\/tourcruiser.com\/fr\/products\/grade-school-air-jordan-1-mid-hulk-554725-300\/#primaryimage\",\"url\":\"https:\/\/images.novelship.com\/product\/_grade_school__air_jordan_1_mid__hulk__554725_300_0_43749.jpeg;https:\/\/images.novelship.com\/product\/_grade_school__air_jordan_1_mid__hulk__554725_300_1_43749.jpeg;https:\/\/images.novelship.com\/product\/_grade_school__air_jordan_1_mid__hulk__554725_300_2_43749.jpeg;https:\/\/images.novelship.com\/product\/_grade_school__air_jordan_1_mid__hulk__554725_300_3_43749.jpeg;https:\/\/images.novelship.com\/product\/_grade_school__air_jordan_1_mid__hulk__554725_300_4_43749.jpeg;https:\/\/images.novelship.com\/product\/_grade_school__air_jordan_1_mid__hulk__554725_300_5_43749.jpeg;https:\/\/images.novelship.com\/product\/_grade_school__air_jordan_1_mid__hulk__554725_300_6_43749.jpeg;https:\/\/images.novelship.com\/product\/_grade_school__air_jordan_1_mid__hulk__554725_300_7_43749.jpeg\",\"contentUrl\":\"https:\/\/images.novelship.com\/product\/_grade_school__air_jordan_1_mid__hulk__554725_300_0_43749.jpeg;https:\/\/images.novelship.com\/product\/_grade_school__air_jordan_1_mid__hulk__554725_300_1_43749.jpeg;https:\/\/images.novelship.com\/product\/_grade_school__air_jordan_1_mid__hulk__554725_300_2_43749.jpeg;https:\/\/images.novelship.com\/product\/_grade_school__air_jordan_1_mid__hulk__554725_300_3_43749.jpeg;https:\/\/images.novelship.com\/product\/_grade_school__air_jordan_1_mid__hulk__554725_300_4_43749.jpeg;https:\/\/images.novelship.com\/product\/_grade_school__air_jordan_1_mid__hulk__554725_300_5_43749.jpeg;https:\/\/images.novelship.com\/product\/_grade_school__air_jordan_1_mid__hulk__554725_300_6_43749.jpeg;https:\/\/images.novelship.com\/product\/_grade_school__air_jordan_1_mid__hulk__554725_300_7_43749.jpeg\"},{\"@type\":\"BreadcrumbList\",\"@id\":\"https:\/\/tourcruiser.com\/fr\/products\/grade-school-air-jordan-1-mid-hulk-554725-300\/#breadcrumb\",\"itemListElement\":[{\"@type\":\"ListItem\",\"position\":1,\"name\":\"Home\",\"item\":\"https:\/\/tourcruiser.com\/fr\/\"},{\"@type\":\"ListItem\",\"position\":2,\"name\":\"Shop\",\"item\":\"https:\/\/tourcruiser.com\/fr\/shop\/\"},{\"@type\":\"ListItem\",\"position\":3,\"name\":\"(Grade School) Air Jordan 1 Mid &#8216;Hulk&#8217; 554725-300\"}]},{\"@type\":\"WebSite\",\"@id\":\"\/#website\",\"url\":\"\/\",\"name\":\"Styloral Jewelry Shop\",\"description\":\"Tourcruiser Sneaker Store \u2014 L\u2019endroit o\u00f9 l\u2019univers rencontre votre singularit\u00e9.\",\"publisher\":{\"@id\":\"\/#organization\"},\"potentialAction\":[{\"@type\":\"SearchAction\",\"target\":{\"@type\":\"EntryPoint\",\"urlTemplate\":\"\/?s={search_term_string}\"},\"query-input\":{\"@type\":\"PropertyValueSpecification\",\"valueRequired\":true,\"valueName\":\"search_term_string\"}}],\"inLanguage\":\"fr-FR\"},{\"@type\":\"Organization\",\"@id\":\"\/#organization\",\"name\":\"STYLORAL PTE. LTD\",\"url\":\"\/\",\"logo\":{\"@type\":\"ImageObject\",\"inLanguage\":\"fr-FR\",\"@id\":\"\/#\/schema\/logo\/image\/\",\"url\":\"https:\/\/www.tourcruiser.com\/wp-content\/uploads\/2025\/12\/logo.png\",\"contentUrl\":\"https:\/\/www.tourcruiser.com\/wp-content\/uploads\/2025\/12\/logo.png\",\"width\":200,\"height\":65,\"caption\":\"STYLORAL PTE. LTD\"},\"image\":{\"@id\":\"\/#\/schema\/logo\/image\/\"}}]}<\/script>\n<!-- \/ Yoast SEO plugin. -->","yoast_head_json":{"title":"(Grade School) Air Jordan 1 Mid 'Hulk' 554725-300 - TOURCRUISER PTE. LTD","robots":{"index":"index","follow":"follow","max-snippet":"max-snippet:-1","max-image-preview":"max-image-preview:large","max-video-preview":"max-video-preview:-1"},"canonical":"https:\/\/tourcruiser.com\/fr\/products\/grade-school-air-jordan-1-mid-hulk-554725-300\/","og_locale":"fr_FR","og_type":"article","og_title":"(Grade School) Air Jordan 1 Mid 'Hulk' 554725-300 - TOURCRUISER PTE. LTD","og_description":"Lib\u00e9rez le super-h\u00e9ros qui sommeille en vous avec la Air Jordan 1 Mid \u00ab\u00a0Hulk\u00a0\u00bb (R\u00e9f. 554725-300) pour enfants. Inspir\u00e9e du l\u00e9gendaire Hulk, cette basket montante arbore un coloris vert et violet \u00e9clatant, pour un style unique. Confectionn\u00e9e avec des mat\u00e9riaux haut de gamme pour une durabilit\u00e9 et un confort optimaux, chaque paire est dot\u00e9e de [&hellip;]","og_url":"https:\/\/tourcruiser.com\/fr\/products\/grade-school-air-jordan-1-mid-hulk-554725-300\/","og_site_name":"Tourcruiser Sneaker Store","article_modified_time":"2026-04-17T16:06:27+00:00","twitter_card":"summary_large_image","twitter_image":"https:\/\/images.novelship.com\/product\/_grade_school__air_jordan_1_mid__hulk__554725_300_0_43749.jpeg;https:\/\/images.novelship.com\/product\/_grade_school__air_jordan_1_mid__hulk__554725_300_1_43749.jpeg;https:\/\/images.novelship.com\/product\/_grade_school__air_jordan_1_mid__hulk__554725_300_2_43749.jpeg;https:\/\/images.novelship.com\/product\/_grade_school__air_jordan_1_mid__hulk__554725_300_3_43749.jpeg;https:\/\/images.novelship.com\/product\/_grade_school__air_jordan_1_mid__hulk__554725_300_4_43749.jpeg;https:\/\/images.novelship.com\/product\/_grade_school__air_jordan_1_mid__hulk__554725_300_5_43749.jpeg;https:\/\/images.novelship.com\/product\/_grade_school__air_jordan_1_mid__hulk__554725_300_6_43749.jpeg;https:\/\/images.novelship.com\/product\/_grade_school__air_jordan_1_mid__hulk__554725_300_7_43749.jpeg","twitter_misc":{"Dur\u00e9e de lecture estim\u00e9e":"1 minute"},"schema":{"@context":"https:\/\/schema.org","@graph":[{"@type":"WebPage","@id":"https:\/\/tourcruiser.com\/fr\/products\/grade-school-air-jordan-1-mid-hulk-554725-300\/","url":"https:\/\/tourcruiser.com\/fr\/products\/grade-school-air-jordan-1-mid-hulk-554725-300\/","name":"(Grade School) Air Jordan 1 Mid 'Hulk' 554725-300 - TOURCRUISER PTE. LTD","isPartOf":{"@id":"\/#website"},"primaryImageOfPage":{"@id":"https:\/\/tourcruiser.com\/fr\/products\/grade-school-air-jordan-1-mid-hulk-554725-300\/#primaryimage"},"image":{"@id":"https:\/\/tourcruiser.com\/fr\/products\/grade-school-air-jordan-1-mid-hulk-554725-300\/#primaryimage"},"thumbnailUrl":"https:\/\/images.novelship.com\/product\/_grade_school__air_jordan_1_mid__hulk__554725_300_0_43749.jpeg;https:\/\/images.novelship.com\/product\/_grade_school__air_jordan_1_mid__hulk__554725_300_1_43749.jpeg;https:\/\/images.novelship.com\/product\/_grade_school__air_jordan_1_mid__hulk__554725_300_2_43749.jpeg;https:\/\/images.novelship.com\/product\/_grade_school__air_jordan_1_mid__hulk__554725_300_3_43749.jpeg;https:\/\/images.novelship.com\/product\/_grade_school__air_jordan_1_mid__hulk__554725_300_4_43749.jpeg;https:\/\/images.novelship.com\/product\/_grade_school__air_jordan_1_mid__hulk__554725_300_5_43749.jpeg;https:\/\/images.novelship.com\/product\/_grade_school__air_jordan_1_mid__hulk__554725_300_6_43749.jpeg;https:\/\/images.novelship.com\/product\/_grade_school__air_jordan_1_mid__hulk__554725_300_7_43749.jpeg","datePublished":"2026-04-16T10:15:34+00:00","dateModified":"2026-04-17T16:06:27+00:00","breadcrumb":{"@id":"https:\/\/tourcruiser.com\/fr\/products\/grade-school-air-jordan-1-mid-hulk-554725-300\/#breadcrumb"},"inLanguage":"fr-FR","potentialAction":[{"@type":"ReadAction","target":["https:\/\/tourcruiser.com\/fr\/products\/grade-school-air-jordan-1-mid-hulk-554725-300\/"]}]},{"@type":"ImageObject","inLanguage":"fr-FR","@id":"https:\/\/tourcruiser.com\/fr\/products\/grade-school-air-jordan-1-mid-hulk-554725-300\/#primaryimage","url":"https:\/\/images.novelship.com\/product\/_grade_school__air_jordan_1_mid__hulk__554725_300_0_43749.jpeg;https:\/\/images.novelship.com\/product\/_grade_school__air_jordan_1_mid__hulk__554725_300_1_43749.jpeg;https:\/\/images.novelship.com\/product\/_grade_school__air_jordan_1_mid__hulk__554725_300_2_43749.jpeg;https:\/\/images.novelship.com\/product\/_grade_school__air_jordan_1_mid__hulk__554725_300_3_43749.jpeg;https:\/\/images.novelship.com\/product\/_grade_school__air_jordan_1_mid__hulk__554725_300_4_43749.jpeg;https:\/\/images.novelship.com\/product\/_grade_school__air_jordan_1_mid__hulk__554725_300_5_43749.jpeg;https:\/\/images.novelship.com\/product\/_grade_school__air_jordan_1_mid__hulk__554725_300_6_43749.jpeg;https:\/\/images.novelship.com\/product\/_grade_school__air_jordan_1_mid__hulk__554725_300_7_43749.jpeg","contentUrl":"https:\/\/images.novelship.com\/product\/_grade_school__air_jordan_1_mid__hulk__554725_300_0_43749.jpeg;https:\/\/images.novelship.com\/product\/_grade_school__air_jordan_1_mid__hulk__554725_300_1_43749.jpeg;https:\/\/images.novelship.com\/product\/_grade_school__air_jordan_1_mid__hulk__554725_300_2_43749.jpeg;https:\/\/images.novelship.com\/product\/_grade_school__air_jordan_1_mid__hulk__554725_300_3_43749.jpeg;https:\/\/images.novelship.com\/product\/_grade_school__air_jordan_1_mid__hulk__554725_300_4_43749.jpeg;https:\/\/images.novelship.com\/product\/_grade_school__air_jordan_1_mid__hulk__554725_300_5_43749.jpeg;https:\/\/images.novelship.com\/product\/_grade_school__air_jordan_1_mid__hulk__554725_300_6_43749.jpeg;https:\/\/images.novelship.com\/product\/_grade_school__air_jordan_1_mid__hulk__554725_300_7_43749.jpeg"},{"@type":"BreadcrumbList","@id":"https:\/\/tourcruiser.com\/fr\/products\/grade-school-air-jordan-1-mid-hulk-554725-300\/#breadcrumb","itemListElement":[{"@type":"ListItem","position":1,"name":"Home","item":"https:\/\/tourcruiser.com\/fr\/"},{"@type":"ListItem","position":2,"name":"Shop","item":"https:\/\/tourcruiser.com\/fr\/shop\/"},{"@type":"ListItem","position":3,"name":"(Grade School) Air Jordan 1 Mid &#8216;Hulk&#8217; 554725-300"}]},{"@type":"WebSite","@id":"\/#website","url":"\/","name":"Styloral Jewelry Shop","description":"Tourcruiser Sneaker Store \u2014 L\u2019endroit o\u00f9 l\u2019univers rencontre votre singularit\u00e9.","publisher":{"@id":"\/#organization"},"potentialAction":[{"@type":"SearchAction","target":{"@type":"EntryPoint","urlTemplate":"\/?s={search_term_string}"},"query-input":{"@type":"PropertyValueSpecification","valueRequired":true,"valueName":"search_term_string"}}],"inLanguage":"fr-FR"},{"@type":"Organization","@id":"\/#organization","name":"STYLORAL PTE. LTD","url":"\/","logo":{"@type":"ImageObject","inLanguage":"fr-FR","@id":"\/#\/schema\/logo\/image\/","url":"https:\/\/www.tourcruiser.com\/wp-content\/uploads\/2025\/12\/logo.png","contentUrl":"https:\/\/www.tourcruiser.com\/wp-content\/uploads\/2025\/12\/logo.png","width":200,"height":65,"caption":"STYLORAL PTE. LTD"},"image":{"@id":"\/#\/schema\/logo\/image\/"}}]}},"_links":{"self":[{"href":"https:\/\/tourcruiser.com\/fr\/wp-json\/wp\/v2\/product\/772763","targetHints":{"allow":["GET"]}}],"collection":[{"href":"https:\/\/tourcruiser.com\/fr\/wp-json\/wp\/v2\/product"}],"about":[{"href":"https:\/\/tourcruiser.com\/fr\/wp-json\/wp\/v2\/types\/product"}],"replies":[{"embeddable":true,"href":"https:\/\/tourcruiser.com\/fr\/wp-json\/wp\/v2\/comments?post=772763"}],"wp:featuredmedia":[{"embeddable":true,"href":"https:\/\/tourcruiser.com\/fr\/wp-json\/wp\/v2\/media\/772764"}],"wp:attachment":[{"href":"https:\/\/tourcruiser.com\/fr\/wp-json\/wp\/v2\/media?parent=772763"}],"wp:term":[{"taxonomy":"product_brand","embeddable":true,"href":"https:\/\/tourcruiser.com\/fr\/wp-json\/wp\/v2\/product_brand?post=772763"},{"taxonomy":"product_cat","embeddable":true,"href":"https:\/\/tourcruiser.com\/fr\/wp-json\/wp\/v2\/product_cat?post=772763"},{"taxonomy":"product_tag","embeddable":true,"href":"https:\/\/tourcruiser.com\/fr\/wp-json\/wp\/v2\/product_tag?post=772763"}],"curies":[{"name":"wp","href":"https:\/\/api.w.org\/{rel}","templated":true}]}}