{"id":772757,"date":"2026-04-16T17:15:34","date_gmt":"2026-04-16T10:15:34","guid":{"rendered":"http:\/\/tourcruiser.com\/product\/preschool-air-jordan-4-retro-lightning-2021-bq7669-700"},"modified":"2026-04-17T23:06:27","modified_gmt":"2026-04-17T16:06:27","slug":"preschool-air-jordan-4-retro-lightning-2021-bq7669-700","status":"publish","type":"product","link":"https:\/\/tourcruiser.com\/fr\/products\/preschool-air-jordan-4-retro-lightning-2021-bq7669-700\/","title":{"rendered":"(Preschool) Air Jordan 4 Retro &lsquo;Lightning&rsquo; 2021 BQ7669-700"},"content":{"rendered":"<p>L&rsquo;irr\u00e9sistible Air Jordan 4 Retro \u00ab\u00a0Lightning\u00a0\u00bb 2021 (Pr\u00e9scolaire) fera sensation dans la cour de r\u00e9cr\u00e9ation\u00a0! Ces mini-baskets reproduisent la silhouette iconique aux pieds de votre enfant et arborent une empeigne jaune vif rehauss\u00e9e de d\u00e9tails noirs saisissants. Le cuir souple assure un confort optimal, tandis que les empi\u00e8cements en mesh respirant offrent une libert\u00e9 de mouvement maximale. Avec l&rsquo;Air Jordan 4 Retro \u00ab\u00a0Lightning\u00a0\u00bb (Pr\u00e9scolaire) 2021, votre enfant sera assur\u00e9ment la star de la cour de r\u00e9cr\u00e9ation\u00a0!<\/p>\n<p>Coloris\u00a0: Jaune Tour\/Multicolore\/Multicolore\/Gris Bleu Fonc\u00e9<\/p>\n<p>Code article\u00a0: BQ7669-700<\/p>\n<p>Empeigne\u00a0: Cuir nubuck<\/p>\n<p>Semelle interm\u00e9diaire\u00a0: Air<\/p>\n<p>Couleur\u00a0: Jaune<\/p>\n<p>Cr\u00e9ateur\u00a0: Tinker Hatfield<\/p>\n<p>Saison\u00a0: \u00c9t\u00e9<\/p>\n<p>Ann\u00e9e de sortie\u00a0: 2021<\/p>\n<p>\u00c2ge\u00a0: Adulte<br \/>\nCouleur\u00a0: Vert Aloe\/Violet Court-Blanc<\/p>\n<p>Genre\u00a0: Pr\u00e9scolaire<\/p>\n","protected":false},"excerpt":{"rendered":"<p>L&rsquo;irr\u00e9sistible Air Jordan 4 Retro \u00ab\u00a0Lightning\u00a0\u00bb 2021 (Pr\u00e9scolaire) fera sensation dans la cour de r\u00e9cr\u00e9ation\u00a0! Ces mini-baskets reproduisent la silhouette iconique aux pieds de votre enfant et arborent une empeigne jaune vif rehauss\u00e9e de d\u00e9tails noirs saisissants. Le cuir souple assure un confort optimal, tandis que les empi\u00e8cements en mesh respirant offrent une libert\u00e9 de [&hellip;]<\/p>\n","protected":false},"featured_media":772758,"comment_status":"open","ping_status":"closed","template":"","meta":[],"product_brand":[],"product_cat":[38880],"product_tag":[10750,38917,38918,10776,10756],"class_list":{"0":"post-772757","1":"product","2":"type-product","3":"status-publish","4":"has-post-thumbnail","6":"product_cat-jordan","7":"product_tag-athleisure-shoes","8":"product_tag-casual-shoes-for-children","9":"product_tag-children-s-sneakers","10":"product_tag-jordan","11":"product_tag-retro-casual-shoes","13":"first","14":"instock","15":"taxable","16":"shipping-taxable","17":"purchasable","18":"product-type-simple"},"wcpa_form_fields":null,"yoast_head":"<!-- This site is optimized with the Yoast SEO plugin v26.5 - https:\/\/yoast.com\/wordpress\/plugins\/seo\/ -->\n<title>(Preschool) Air Jordan 4 Retro &#039;Lightning&#039; 2021 BQ7669-700 - TOURCRUISER PTE. LTD<\/title>\n<meta name=\"robots\" content=\"index, follow, max-snippet:-1, max-image-preview:large, max-video-preview:-1\" \/>\n<link rel=\"canonical\" href=\"https:\/\/tourcruiser.com\/fr\/products\/preschool-air-jordan-4-retro-lightning-2021-bq7669-700\/\" \/>\n<meta property=\"og:locale\" content=\"fr_FR\" \/>\n<meta property=\"og:type\" content=\"article\" \/>\n<meta property=\"og:title\" content=\"(Preschool) Air Jordan 4 Retro &#039;Lightning&#039; 2021 BQ7669-700 - TOURCRUISER PTE. LTD\" \/>\n<meta property=\"og:description\" content=\"L&rsquo;irr\u00e9sistible Air Jordan 4 Retro \u00ab\u00a0Lightning\u00a0\u00bb 2021 (Pr\u00e9scolaire) fera sensation dans la cour de r\u00e9cr\u00e9ation\u00a0! Ces mini-baskets reproduisent la silhouette iconique aux pieds de votre enfant et arborent une empeigne jaune vif rehauss\u00e9e de d\u00e9tails noirs saisissants. Le cuir souple assure un confort optimal, tandis que les empi\u00e8cements en mesh respirant offrent une libert\u00e9 de [&hellip;]\" \/>\n<meta property=\"og:url\" content=\"https:\/\/tourcruiser.com\/fr\/products\/preschool-air-jordan-4-retro-lightning-2021-bq7669-700\/\" \/>\n<meta property=\"og:site_name\" content=\"Tourcruiser Sneaker Store\" \/>\n<meta property=\"article:modified_time\" content=\"2026-04-17T16:06:27+00:00\" \/>\n<meta name=\"twitter:card\" content=\"summary_large_image\" \/>\n<meta name=\"twitter:image\" content=\"https:\/\/images.novelship.com\/product\/_preschool__air_jordan_4_retro__lightning__2021_bq_0_72775.jpeg;https:\/\/images.novelship.com\/product\/_preschool__air_jordan_4_retro__lightning__2021_bq_1_72775.jpeg;https:\/\/images.novelship.com\/product\/_preschool__air_jordan_4_retro__lightning__2021_bq_2_72775.jpeg;https:\/\/images.novelship.com\/product\/_preschool__air_jordan_4_retro__lightning__2021_bq_3_72775.jpeg;https:\/\/images.novelship.com\/product\/_preschool__air_jordan_4_retro__lightning__2021_bq_4_72775.jpeg\" \/>\n<meta name=\"twitter:label1\" content=\"Dur\u00e9e de lecture estim\u00e9e\" \/>\n\t<meta name=\"twitter:data1\" content=\"1 minute\" \/>\n<script type=\"application\/ld+json\" class=\"yoast-schema-graph\">{\"@context\":\"https:\/\/schema.org\",\"@graph\":[{\"@type\":\"WebPage\",\"@id\":\"https:\/\/tourcruiser.com\/fr\/products\/preschool-air-jordan-4-retro-lightning-2021-bq7669-700\/\",\"url\":\"https:\/\/tourcruiser.com\/fr\/products\/preschool-air-jordan-4-retro-lightning-2021-bq7669-700\/\",\"name\":\"(Preschool) Air Jordan 4 Retro 'Lightning' 2021 BQ7669-700 - TOURCRUISER PTE. LTD\",\"isPartOf\":{\"@id\":\"\/#website\"},\"primaryImageOfPage\":{\"@id\":\"https:\/\/tourcruiser.com\/fr\/products\/preschool-air-jordan-4-retro-lightning-2021-bq7669-700\/#primaryimage\"},\"image\":{\"@id\":\"https:\/\/tourcruiser.com\/fr\/products\/preschool-air-jordan-4-retro-lightning-2021-bq7669-700\/#primaryimage\"},\"thumbnailUrl\":\"https:\/\/images.novelship.com\/product\/_preschool__air_jordan_4_retro__lightning__2021_bq_0_72775.jpeg;https:\/\/images.novelship.com\/product\/_preschool__air_jordan_4_retro__lightning__2021_bq_1_72775.jpeg;https:\/\/images.novelship.com\/product\/_preschool__air_jordan_4_retro__lightning__2021_bq_2_72775.jpeg;https:\/\/images.novelship.com\/product\/_preschool__air_jordan_4_retro__lightning__2021_bq_3_72775.jpeg;https:\/\/images.novelship.com\/product\/_preschool__air_jordan_4_retro__lightning__2021_bq_4_72775.jpeg\",\"datePublished\":\"2026-04-16T10:15:34+00:00\",\"dateModified\":\"2026-04-17T16:06:27+00:00\",\"breadcrumb\":{\"@id\":\"https:\/\/tourcruiser.com\/fr\/products\/preschool-air-jordan-4-retro-lightning-2021-bq7669-700\/#breadcrumb\"},\"inLanguage\":\"fr-FR\",\"potentialAction\":[{\"@type\":\"ReadAction\",\"target\":[\"https:\/\/tourcruiser.com\/fr\/products\/preschool-air-jordan-4-retro-lightning-2021-bq7669-700\/\"]}]},{\"@type\":\"ImageObject\",\"inLanguage\":\"fr-FR\",\"@id\":\"https:\/\/tourcruiser.com\/fr\/products\/preschool-air-jordan-4-retro-lightning-2021-bq7669-700\/#primaryimage\",\"url\":\"https:\/\/images.novelship.com\/product\/_preschool__air_jordan_4_retro__lightning__2021_bq_0_72775.jpeg;https:\/\/images.novelship.com\/product\/_preschool__air_jordan_4_retro__lightning__2021_bq_1_72775.jpeg;https:\/\/images.novelship.com\/product\/_preschool__air_jordan_4_retro__lightning__2021_bq_2_72775.jpeg;https:\/\/images.novelship.com\/product\/_preschool__air_jordan_4_retro__lightning__2021_bq_3_72775.jpeg;https:\/\/images.novelship.com\/product\/_preschool__air_jordan_4_retro__lightning__2021_bq_4_72775.jpeg\",\"contentUrl\":\"https:\/\/images.novelship.com\/product\/_preschool__air_jordan_4_retro__lightning__2021_bq_0_72775.jpeg;https:\/\/images.novelship.com\/product\/_preschool__air_jordan_4_retro__lightning__2021_bq_1_72775.jpeg;https:\/\/images.novelship.com\/product\/_preschool__air_jordan_4_retro__lightning__2021_bq_2_72775.jpeg;https:\/\/images.novelship.com\/product\/_preschool__air_jordan_4_retro__lightning__2021_bq_3_72775.jpeg;https:\/\/images.novelship.com\/product\/_preschool__air_jordan_4_retro__lightning__2021_bq_4_72775.jpeg\"},{\"@type\":\"BreadcrumbList\",\"@id\":\"https:\/\/tourcruiser.com\/fr\/products\/preschool-air-jordan-4-retro-lightning-2021-bq7669-700\/#breadcrumb\",\"itemListElement\":[{\"@type\":\"ListItem\",\"position\":1,\"name\":\"Home\",\"item\":\"https:\/\/tourcruiser.com\/fr\/\"},{\"@type\":\"ListItem\",\"position\":2,\"name\":\"Shop\",\"item\":\"https:\/\/tourcruiser.com\/fr\/shop\/\"},{\"@type\":\"ListItem\",\"position\":3,\"name\":\"(Preschool) Air Jordan 4 Retro &#8216;Lightning&#8217; 2021 BQ7669-700\"}]},{\"@type\":\"WebSite\",\"@id\":\"\/#website\",\"url\":\"\/\",\"name\":\"Styloral Jewelry Shop\",\"description\":\"Tourcruiser Sneaker Store \u2014 L\u2019endroit o\u00f9 l\u2019univers rencontre votre singularit\u00e9.\",\"publisher\":{\"@id\":\"\/#organization\"},\"potentialAction\":[{\"@type\":\"SearchAction\",\"target\":{\"@type\":\"EntryPoint\",\"urlTemplate\":\"\/?s={search_term_string}\"},\"query-input\":{\"@type\":\"PropertyValueSpecification\",\"valueRequired\":true,\"valueName\":\"search_term_string\"}}],\"inLanguage\":\"fr-FR\"},{\"@type\":\"Organization\",\"@id\":\"\/#organization\",\"name\":\"STYLORAL PTE. LTD\",\"url\":\"\/\",\"logo\":{\"@type\":\"ImageObject\",\"inLanguage\":\"fr-FR\",\"@id\":\"\/#\/schema\/logo\/image\/\",\"url\":\"https:\/\/www.tourcruiser.com\/wp-content\/uploads\/2025\/12\/logo.png\",\"contentUrl\":\"https:\/\/www.tourcruiser.com\/wp-content\/uploads\/2025\/12\/logo.png\",\"width\":200,\"height\":65,\"caption\":\"STYLORAL PTE. LTD\"},\"image\":{\"@id\":\"\/#\/schema\/logo\/image\/\"}}]}<\/script>\n<!-- \/ Yoast SEO plugin. -->","yoast_head_json":{"title":"(Preschool) Air Jordan 4 Retro 'Lightning' 2021 BQ7669-700 - TOURCRUISER PTE. LTD","robots":{"index":"index","follow":"follow","max-snippet":"max-snippet:-1","max-image-preview":"max-image-preview:large","max-video-preview":"max-video-preview:-1"},"canonical":"https:\/\/tourcruiser.com\/fr\/products\/preschool-air-jordan-4-retro-lightning-2021-bq7669-700\/","og_locale":"fr_FR","og_type":"article","og_title":"(Preschool) Air Jordan 4 Retro 'Lightning' 2021 BQ7669-700 - TOURCRUISER PTE. LTD","og_description":"L&rsquo;irr\u00e9sistible Air Jordan 4 Retro \u00ab\u00a0Lightning\u00a0\u00bb 2021 (Pr\u00e9scolaire) fera sensation dans la cour de r\u00e9cr\u00e9ation\u00a0! Ces mini-baskets reproduisent la silhouette iconique aux pieds de votre enfant et arborent une empeigne jaune vif rehauss\u00e9e de d\u00e9tails noirs saisissants. Le cuir souple assure un confort optimal, tandis que les empi\u00e8cements en mesh respirant offrent une libert\u00e9 de [&hellip;]","og_url":"https:\/\/tourcruiser.com\/fr\/products\/preschool-air-jordan-4-retro-lightning-2021-bq7669-700\/","og_site_name":"Tourcruiser Sneaker Store","article_modified_time":"2026-04-17T16:06:27+00:00","twitter_card":"summary_large_image","twitter_image":"https:\/\/images.novelship.com\/product\/_preschool__air_jordan_4_retro__lightning__2021_bq_0_72775.jpeg;https:\/\/images.novelship.com\/product\/_preschool__air_jordan_4_retro__lightning__2021_bq_1_72775.jpeg;https:\/\/images.novelship.com\/product\/_preschool__air_jordan_4_retro__lightning__2021_bq_2_72775.jpeg;https:\/\/images.novelship.com\/product\/_preschool__air_jordan_4_retro__lightning__2021_bq_3_72775.jpeg;https:\/\/images.novelship.com\/product\/_preschool__air_jordan_4_retro__lightning__2021_bq_4_72775.jpeg","twitter_misc":{"Dur\u00e9e de lecture estim\u00e9e":"1 minute"},"schema":{"@context":"https:\/\/schema.org","@graph":[{"@type":"WebPage","@id":"https:\/\/tourcruiser.com\/fr\/products\/preschool-air-jordan-4-retro-lightning-2021-bq7669-700\/","url":"https:\/\/tourcruiser.com\/fr\/products\/preschool-air-jordan-4-retro-lightning-2021-bq7669-700\/","name":"(Preschool) Air Jordan 4 Retro 'Lightning' 2021 BQ7669-700 - TOURCRUISER PTE. LTD","isPartOf":{"@id":"\/#website"},"primaryImageOfPage":{"@id":"https:\/\/tourcruiser.com\/fr\/products\/preschool-air-jordan-4-retro-lightning-2021-bq7669-700\/#primaryimage"},"image":{"@id":"https:\/\/tourcruiser.com\/fr\/products\/preschool-air-jordan-4-retro-lightning-2021-bq7669-700\/#primaryimage"},"thumbnailUrl":"https:\/\/images.novelship.com\/product\/_preschool__air_jordan_4_retro__lightning__2021_bq_0_72775.jpeg;https:\/\/images.novelship.com\/product\/_preschool__air_jordan_4_retro__lightning__2021_bq_1_72775.jpeg;https:\/\/images.novelship.com\/product\/_preschool__air_jordan_4_retro__lightning__2021_bq_2_72775.jpeg;https:\/\/images.novelship.com\/product\/_preschool__air_jordan_4_retro__lightning__2021_bq_3_72775.jpeg;https:\/\/images.novelship.com\/product\/_preschool__air_jordan_4_retro__lightning__2021_bq_4_72775.jpeg","datePublished":"2026-04-16T10:15:34+00:00","dateModified":"2026-04-17T16:06:27+00:00","breadcrumb":{"@id":"https:\/\/tourcruiser.com\/fr\/products\/preschool-air-jordan-4-retro-lightning-2021-bq7669-700\/#breadcrumb"},"inLanguage":"fr-FR","potentialAction":[{"@type":"ReadAction","target":["https:\/\/tourcruiser.com\/fr\/products\/preschool-air-jordan-4-retro-lightning-2021-bq7669-700\/"]}]},{"@type":"ImageObject","inLanguage":"fr-FR","@id":"https:\/\/tourcruiser.com\/fr\/products\/preschool-air-jordan-4-retro-lightning-2021-bq7669-700\/#primaryimage","url":"https:\/\/images.novelship.com\/product\/_preschool__air_jordan_4_retro__lightning__2021_bq_0_72775.jpeg;https:\/\/images.novelship.com\/product\/_preschool__air_jordan_4_retro__lightning__2021_bq_1_72775.jpeg;https:\/\/images.novelship.com\/product\/_preschool__air_jordan_4_retro__lightning__2021_bq_2_72775.jpeg;https:\/\/images.novelship.com\/product\/_preschool__air_jordan_4_retro__lightning__2021_bq_3_72775.jpeg;https:\/\/images.novelship.com\/product\/_preschool__air_jordan_4_retro__lightning__2021_bq_4_72775.jpeg","contentUrl":"https:\/\/images.novelship.com\/product\/_preschool__air_jordan_4_retro__lightning__2021_bq_0_72775.jpeg;https:\/\/images.novelship.com\/product\/_preschool__air_jordan_4_retro__lightning__2021_bq_1_72775.jpeg;https:\/\/images.novelship.com\/product\/_preschool__air_jordan_4_retro__lightning__2021_bq_2_72775.jpeg;https:\/\/images.novelship.com\/product\/_preschool__air_jordan_4_retro__lightning__2021_bq_3_72775.jpeg;https:\/\/images.novelship.com\/product\/_preschool__air_jordan_4_retro__lightning__2021_bq_4_72775.jpeg"},{"@type":"BreadcrumbList","@id":"https:\/\/tourcruiser.com\/fr\/products\/preschool-air-jordan-4-retro-lightning-2021-bq7669-700\/#breadcrumb","itemListElement":[{"@type":"ListItem","position":1,"name":"Home","item":"https:\/\/tourcruiser.com\/fr\/"},{"@type":"ListItem","position":2,"name":"Shop","item":"https:\/\/tourcruiser.com\/fr\/shop\/"},{"@type":"ListItem","position":3,"name":"(Preschool) Air Jordan 4 Retro &#8216;Lightning&#8217; 2021 BQ7669-700"}]},{"@type":"WebSite","@id":"\/#website","url":"\/","name":"Styloral Jewelry Shop","description":"Tourcruiser Sneaker Store \u2014 L\u2019endroit o\u00f9 l\u2019univers rencontre votre singularit\u00e9.","publisher":{"@id":"\/#organization"},"potentialAction":[{"@type":"SearchAction","target":{"@type":"EntryPoint","urlTemplate":"\/?s={search_term_string}"},"query-input":{"@type":"PropertyValueSpecification","valueRequired":true,"valueName":"search_term_string"}}],"inLanguage":"fr-FR"},{"@type":"Organization","@id":"\/#organization","name":"STYLORAL PTE. LTD","url":"\/","logo":{"@type":"ImageObject","inLanguage":"fr-FR","@id":"\/#\/schema\/logo\/image\/","url":"https:\/\/www.tourcruiser.com\/wp-content\/uploads\/2025\/12\/logo.png","contentUrl":"https:\/\/www.tourcruiser.com\/wp-content\/uploads\/2025\/12\/logo.png","width":200,"height":65,"caption":"STYLORAL PTE. LTD"},"image":{"@id":"\/#\/schema\/logo\/image\/"}}]}},"_links":{"self":[{"href":"https:\/\/tourcruiser.com\/fr\/wp-json\/wp\/v2\/product\/772757","targetHints":{"allow":["GET"]}}],"collection":[{"href":"https:\/\/tourcruiser.com\/fr\/wp-json\/wp\/v2\/product"}],"about":[{"href":"https:\/\/tourcruiser.com\/fr\/wp-json\/wp\/v2\/types\/product"}],"replies":[{"embeddable":true,"href":"https:\/\/tourcruiser.com\/fr\/wp-json\/wp\/v2\/comments?post=772757"}],"wp:featuredmedia":[{"embeddable":true,"href":"https:\/\/tourcruiser.com\/fr\/wp-json\/wp\/v2\/media\/772758"}],"wp:attachment":[{"href":"https:\/\/tourcruiser.com\/fr\/wp-json\/wp\/v2\/media?parent=772757"}],"wp:term":[{"taxonomy":"product_brand","embeddable":true,"href":"https:\/\/tourcruiser.com\/fr\/wp-json\/wp\/v2\/product_brand?post=772757"},{"taxonomy":"product_cat","embeddable":true,"href":"https:\/\/tourcruiser.com\/fr\/wp-json\/wp\/v2\/product_cat?post=772757"},{"taxonomy":"product_tag","embeddable":true,"href":"https:\/\/tourcruiser.com\/fr\/wp-json\/wp\/v2\/product_tag?post=772757"}],"curies":[{"name":"wp","href":"https:\/\/api.w.org\/{rel}","templated":true}]}}