{"id":772698,"date":"2026-04-16T17:15:31","date_gmt":"2026-04-16T10:15:31","guid":{"rendered":"http:\/\/tourcruiser.com\/product\/grade-school-air-jordan-1-low-black-medium-grey-553560-040"},"modified":"2026-04-17T23:06:21","modified_gmt":"2026-04-17T16:06:21","slug":"grade-school-air-jordan-1-low-black-medium-grey-553560-040","status":"publish","type":"product","link":"https:\/\/tourcruiser.com\/fr\/products\/grade-school-air-jordan-1-low-black-medium-grey-553560-040\/","title":{"rendered":"(Grade School) Air Jordan 1 Low &lsquo;Black Medium Grey&rsquo; 553560-040"},"content":{"rendered":"<p>D\u00e9couvrez la Air Jordan 1 Low Black Medium Grey (GS) de Jordan. Cette sneaker \u00e9l\u00e9gante et styl\u00e9e, noire et gris moyen, est l&rsquo;accessoire id\u00e9al pour toutes vos tenues, d\u00e9contract\u00e9es ou sportives. Confectionn\u00e9e avec des mat\u00e9riaux haut de gamme, elle offre confort et durabilit\u00e9. Avec sa silhouette embl\u00e9matique Air Jordan et sa fermeture \u00e0 lacets pour un maintien optimal, elle ne passera pas inaper\u00e7ue. Avec ces Air Jordan 1 Low, restez tendance toute la journ\u00e9e et profitez d&rsquo;un confort absolu.<\/p>\n<p>Coloris : Noir\/Gris moyen\/Blanc<\/p>\n<p>R\u00e9f\u00e9rence : 553560-040<\/p>\n<p>Tige : Cuir<\/p>\n<p>Semelle interm\u00e9diaire : Air<\/p>\n<p>Couleur : Noir<\/p>\n<p>Designer : Peter Moore<\/p>\n<p>Saison : Automne<\/p>\n<p>Ann\u00e9e de sortie : 2021<\/p>\n<p>\u00c2ge : Adulte<\/p>\n<p>Couleur : Avoine\/Rouge vif\/Bronze Strata<\/p>\n<p>Genre : Jeune<\/p>\n","protected":false},"excerpt":{"rendered":"<p>D\u00e9couvrez la Air Jordan 1 Low Black Medium Grey (GS) de Jordan. Cette sneaker \u00e9l\u00e9gante et styl\u00e9e, noire et gris moyen, est l&rsquo;accessoire id\u00e9al pour toutes vos tenues, d\u00e9contract\u00e9es ou sportives. Confectionn\u00e9e avec des mat\u00e9riaux haut de gamme, elle offre confort et durabilit\u00e9. Avec sa silhouette embl\u00e9matique Air Jordan et sa fermeture \u00e0 lacets pour [&hellip;]<\/p>\n","protected":false},"featured_media":772699,"comment_status":"open","ping_status":"closed","template":"","meta":[],"product_brand":[],"product_cat":[38880],"product_tag":[10750,38988,38874,10776,11349,38875,10756,39039],"class_list":{"0":"post-772698","1":"product","2":"type-product","3":"status-publish","4":"has-post-thumbnail","6":"product_cat-jordan","7":"product_tag-athleisure-shoes","8":"product_tag-casual-shoes-for-kids","9":"product_tag-hari-raya-gs","10":"product_tag-jordan","11":"product_tag-jordan-basketball-shoes","12":"product_tag-jordan-skateboard-shoes","13":"product_tag-retro-casual-shoes","14":"product_tag-sneakers-for-kids","16":"first","17":"instock","18":"taxable","19":"shipping-taxable","20":"purchasable","21":"product-type-simple"},"wcpa_form_fields":null,"yoast_head":"<!-- This site is optimized with the Yoast SEO plugin v26.5 - https:\/\/yoast.com\/wordpress\/plugins\/seo\/ -->\n<title>(Grade School) Air Jordan 1 Low &#039;Black Medium Grey&#039; 553560-040 - TOURCRUISER PTE. LTD<\/title>\n<meta name=\"robots\" content=\"index, follow, max-snippet:-1, max-image-preview:large, max-video-preview:-1\" \/>\n<link rel=\"canonical\" href=\"https:\/\/tourcruiser.com\/fr\/products\/grade-school-air-jordan-1-low-black-medium-grey-553560-040\/\" \/>\n<meta property=\"og:locale\" content=\"fr_FR\" \/>\n<meta property=\"og:type\" content=\"article\" \/>\n<meta property=\"og:title\" content=\"(Grade School) Air Jordan 1 Low &#039;Black Medium Grey&#039; 553560-040 - TOURCRUISER PTE. LTD\" \/>\n<meta property=\"og:description\" content=\"D\u00e9couvrez la Air Jordan 1 Low Black Medium Grey (GS) de Jordan. Cette sneaker \u00e9l\u00e9gante et styl\u00e9e, noire et gris moyen, est l&rsquo;accessoire id\u00e9al pour toutes vos tenues, d\u00e9contract\u00e9es ou sportives. Confectionn\u00e9e avec des mat\u00e9riaux haut de gamme, elle offre confort et durabilit\u00e9. Avec sa silhouette embl\u00e9matique Air Jordan et sa fermeture \u00e0 lacets pour [&hellip;]\" \/>\n<meta property=\"og:url\" content=\"https:\/\/tourcruiser.com\/fr\/products\/grade-school-air-jordan-1-low-black-medium-grey-553560-040\/\" \/>\n<meta property=\"og:site_name\" content=\"Tourcruiser Sneaker Store\" \/>\n<meta property=\"article:modified_time\" content=\"2026-04-17T16:06:21+00:00\" \/>\n<meta name=\"twitter:card\" content=\"summary_large_image\" \/>\n<meta name=\"twitter:image\" content=\"https:\/\/images.novelship.com\/product\/_grade_school__air_jordan_1_low__black_medium_grey_0_89163.jpeg;https:\/\/images.novelship.com\/product\/_grade_school__air_jordan_1_low__black_medium_grey_1_89163.jpeg;https:\/\/images.novelship.com\/product\/_grade_school__air_jordan_1_low__black_medium_grey_2_89163.jpeg;https:\/\/images.novelship.com\/product\/_grade_school__air_jordan_1_low__black_medium_grey_3_89163.jpeg;https:\/\/images.novelship.com\/product\/_grade_school__air_jordan_1_low__black_medium_grey_4_89163.jpeg;https:\/\/images.novelship.com\/product\/_grade_school__air_jordan_1_low__black_medium_grey_5_89163.jpeg;https:\/\/images.novelship.com\/product\/_grade_school__air_jordan_1_low__black_medium_grey_6_89163.jpeg;https:\/\/images.novelship.com\/product\/_grade_school__air_jordan_1_low__black_medium_grey_7_89164.jpeg\" \/>\n<meta name=\"twitter:label1\" content=\"Dur\u00e9e de lecture estim\u00e9e\" \/>\n\t<meta name=\"twitter:data1\" content=\"1 minute\" \/>\n<script type=\"application\/ld+json\" class=\"yoast-schema-graph\">{\"@context\":\"https:\/\/schema.org\",\"@graph\":[{\"@type\":\"WebPage\",\"@id\":\"https:\/\/tourcruiser.com\/fr\/products\/grade-school-air-jordan-1-low-black-medium-grey-553560-040\/\",\"url\":\"https:\/\/tourcruiser.com\/fr\/products\/grade-school-air-jordan-1-low-black-medium-grey-553560-040\/\",\"name\":\"(Grade School) Air Jordan 1 Low 'Black Medium Grey' 553560-040 - TOURCRUISER PTE. LTD\",\"isPartOf\":{\"@id\":\"\/#website\"},\"primaryImageOfPage\":{\"@id\":\"https:\/\/tourcruiser.com\/fr\/products\/grade-school-air-jordan-1-low-black-medium-grey-553560-040\/#primaryimage\"},\"image\":{\"@id\":\"https:\/\/tourcruiser.com\/fr\/products\/grade-school-air-jordan-1-low-black-medium-grey-553560-040\/#primaryimage\"},\"thumbnailUrl\":\"https:\/\/images.novelship.com\/product\/_grade_school__air_jordan_1_low__black_medium_grey_0_89163.jpeg;https:\/\/images.novelship.com\/product\/_grade_school__air_jordan_1_low__black_medium_grey_1_89163.jpeg;https:\/\/images.novelship.com\/product\/_grade_school__air_jordan_1_low__black_medium_grey_2_89163.jpeg;https:\/\/images.novelship.com\/product\/_grade_school__air_jordan_1_low__black_medium_grey_3_89163.jpeg;https:\/\/images.novelship.com\/product\/_grade_school__air_jordan_1_low__black_medium_grey_4_89163.jpeg;https:\/\/images.novelship.com\/product\/_grade_school__air_jordan_1_low__black_medium_grey_5_89163.jpeg;https:\/\/images.novelship.com\/product\/_grade_school__air_jordan_1_low__black_medium_grey_6_89163.jpeg;https:\/\/images.novelship.com\/product\/_grade_school__air_jordan_1_low__black_medium_grey_7_89164.jpeg\",\"datePublished\":\"2026-04-16T10:15:31+00:00\",\"dateModified\":\"2026-04-17T16:06:21+00:00\",\"breadcrumb\":{\"@id\":\"https:\/\/tourcruiser.com\/fr\/products\/grade-school-air-jordan-1-low-black-medium-grey-553560-040\/#breadcrumb\"},\"inLanguage\":\"fr-FR\",\"potentialAction\":[{\"@type\":\"ReadAction\",\"target\":[\"https:\/\/tourcruiser.com\/fr\/products\/grade-school-air-jordan-1-low-black-medium-grey-553560-040\/\"]}]},{\"@type\":\"ImageObject\",\"inLanguage\":\"fr-FR\",\"@id\":\"https:\/\/tourcruiser.com\/fr\/products\/grade-school-air-jordan-1-low-black-medium-grey-553560-040\/#primaryimage\",\"url\":\"https:\/\/images.novelship.com\/product\/_grade_school__air_jordan_1_low__black_medium_grey_0_89163.jpeg;https:\/\/images.novelship.com\/product\/_grade_school__air_jordan_1_low__black_medium_grey_1_89163.jpeg;https:\/\/images.novelship.com\/product\/_grade_school__air_jordan_1_low__black_medium_grey_2_89163.jpeg;https:\/\/images.novelship.com\/product\/_grade_school__air_jordan_1_low__black_medium_grey_3_89163.jpeg;https:\/\/images.novelship.com\/product\/_grade_school__air_jordan_1_low__black_medium_grey_4_89163.jpeg;https:\/\/images.novelship.com\/product\/_grade_school__air_jordan_1_low__black_medium_grey_5_89163.jpeg;https:\/\/images.novelship.com\/product\/_grade_school__air_jordan_1_low__black_medium_grey_6_89163.jpeg;https:\/\/images.novelship.com\/product\/_grade_school__air_jordan_1_low__black_medium_grey_7_89164.jpeg\",\"contentUrl\":\"https:\/\/images.novelship.com\/product\/_grade_school__air_jordan_1_low__black_medium_grey_0_89163.jpeg;https:\/\/images.novelship.com\/product\/_grade_school__air_jordan_1_low__black_medium_grey_1_89163.jpeg;https:\/\/images.novelship.com\/product\/_grade_school__air_jordan_1_low__black_medium_grey_2_89163.jpeg;https:\/\/images.novelship.com\/product\/_grade_school__air_jordan_1_low__black_medium_grey_3_89163.jpeg;https:\/\/images.novelship.com\/product\/_grade_school__air_jordan_1_low__black_medium_grey_4_89163.jpeg;https:\/\/images.novelship.com\/product\/_grade_school__air_jordan_1_low__black_medium_grey_5_89163.jpeg;https:\/\/images.novelship.com\/product\/_grade_school__air_jordan_1_low__black_medium_grey_6_89163.jpeg;https:\/\/images.novelship.com\/product\/_grade_school__air_jordan_1_low__black_medium_grey_7_89164.jpeg\"},{\"@type\":\"BreadcrumbList\",\"@id\":\"https:\/\/tourcruiser.com\/fr\/products\/grade-school-air-jordan-1-low-black-medium-grey-553560-040\/#breadcrumb\",\"itemListElement\":[{\"@type\":\"ListItem\",\"position\":1,\"name\":\"Home\",\"item\":\"https:\/\/tourcruiser.com\/fr\/\"},{\"@type\":\"ListItem\",\"position\":2,\"name\":\"Shop\",\"item\":\"https:\/\/tourcruiser.com\/fr\/shop\/\"},{\"@type\":\"ListItem\",\"position\":3,\"name\":\"(Grade School) Air Jordan 1 Low &#8216;Black Medium Grey&#8217; 553560-040\"}]},{\"@type\":\"WebSite\",\"@id\":\"\/#website\",\"url\":\"\/\",\"name\":\"Styloral Jewelry Shop\",\"description\":\"Tourcruiser Sneaker Store \u2014 L\u2019endroit o\u00f9 l\u2019univers rencontre votre singularit\u00e9.\",\"publisher\":{\"@id\":\"\/#organization\"},\"potentialAction\":[{\"@type\":\"SearchAction\",\"target\":{\"@type\":\"EntryPoint\",\"urlTemplate\":\"\/?s={search_term_string}\"},\"query-input\":{\"@type\":\"PropertyValueSpecification\",\"valueRequired\":true,\"valueName\":\"search_term_string\"}}],\"inLanguage\":\"fr-FR\"},{\"@type\":\"Organization\",\"@id\":\"\/#organization\",\"name\":\"STYLORAL PTE. LTD\",\"url\":\"\/\",\"logo\":{\"@type\":\"ImageObject\",\"inLanguage\":\"fr-FR\",\"@id\":\"\/#\/schema\/logo\/image\/\",\"url\":\"https:\/\/www.tourcruiser.com\/wp-content\/uploads\/2025\/12\/logo.png\",\"contentUrl\":\"https:\/\/www.tourcruiser.com\/wp-content\/uploads\/2025\/12\/logo.png\",\"width\":200,\"height\":65,\"caption\":\"STYLORAL PTE. LTD\"},\"image\":{\"@id\":\"\/#\/schema\/logo\/image\/\"}}]}<\/script>\n<!-- \/ Yoast SEO plugin. -->","yoast_head_json":{"title":"(Grade School) Air Jordan 1 Low 'Black Medium Grey' 553560-040 - TOURCRUISER PTE. LTD","robots":{"index":"index","follow":"follow","max-snippet":"max-snippet:-1","max-image-preview":"max-image-preview:large","max-video-preview":"max-video-preview:-1"},"canonical":"https:\/\/tourcruiser.com\/fr\/products\/grade-school-air-jordan-1-low-black-medium-grey-553560-040\/","og_locale":"fr_FR","og_type":"article","og_title":"(Grade School) Air Jordan 1 Low 'Black Medium Grey' 553560-040 - TOURCRUISER PTE. LTD","og_description":"D\u00e9couvrez la Air Jordan 1 Low Black Medium Grey (GS) de Jordan. Cette sneaker \u00e9l\u00e9gante et styl\u00e9e, noire et gris moyen, est l&rsquo;accessoire id\u00e9al pour toutes vos tenues, d\u00e9contract\u00e9es ou sportives. Confectionn\u00e9e avec des mat\u00e9riaux haut de gamme, elle offre confort et durabilit\u00e9. Avec sa silhouette embl\u00e9matique Air Jordan et sa fermeture \u00e0 lacets pour [&hellip;]","og_url":"https:\/\/tourcruiser.com\/fr\/products\/grade-school-air-jordan-1-low-black-medium-grey-553560-040\/","og_site_name":"Tourcruiser Sneaker Store","article_modified_time":"2026-04-17T16:06:21+00:00","twitter_card":"summary_large_image","twitter_image":"https:\/\/images.novelship.com\/product\/_grade_school__air_jordan_1_low__black_medium_grey_0_89163.jpeg;https:\/\/images.novelship.com\/product\/_grade_school__air_jordan_1_low__black_medium_grey_1_89163.jpeg;https:\/\/images.novelship.com\/product\/_grade_school__air_jordan_1_low__black_medium_grey_2_89163.jpeg;https:\/\/images.novelship.com\/product\/_grade_school__air_jordan_1_low__black_medium_grey_3_89163.jpeg;https:\/\/images.novelship.com\/product\/_grade_school__air_jordan_1_low__black_medium_grey_4_89163.jpeg;https:\/\/images.novelship.com\/product\/_grade_school__air_jordan_1_low__black_medium_grey_5_89163.jpeg;https:\/\/images.novelship.com\/product\/_grade_school__air_jordan_1_low__black_medium_grey_6_89163.jpeg;https:\/\/images.novelship.com\/product\/_grade_school__air_jordan_1_low__black_medium_grey_7_89164.jpeg","twitter_misc":{"Dur\u00e9e de lecture estim\u00e9e":"1 minute"},"schema":{"@context":"https:\/\/schema.org","@graph":[{"@type":"WebPage","@id":"https:\/\/tourcruiser.com\/fr\/products\/grade-school-air-jordan-1-low-black-medium-grey-553560-040\/","url":"https:\/\/tourcruiser.com\/fr\/products\/grade-school-air-jordan-1-low-black-medium-grey-553560-040\/","name":"(Grade School) Air Jordan 1 Low 'Black Medium Grey' 553560-040 - TOURCRUISER PTE. LTD","isPartOf":{"@id":"\/#website"},"primaryImageOfPage":{"@id":"https:\/\/tourcruiser.com\/fr\/products\/grade-school-air-jordan-1-low-black-medium-grey-553560-040\/#primaryimage"},"image":{"@id":"https:\/\/tourcruiser.com\/fr\/products\/grade-school-air-jordan-1-low-black-medium-grey-553560-040\/#primaryimage"},"thumbnailUrl":"https:\/\/images.novelship.com\/product\/_grade_school__air_jordan_1_low__black_medium_grey_0_89163.jpeg;https:\/\/images.novelship.com\/product\/_grade_school__air_jordan_1_low__black_medium_grey_1_89163.jpeg;https:\/\/images.novelship.com\/product\/_grade_school__air_jordan_1_low__black_medium_grey_2_89163.jpeg;https:\/\/images.novelship.com\/product\/_grade_school__air_jordan_1_low__black_medium_grey_3_89163.jpeg;https:\/\/images.novelship.com\/product\/_grade_school__air_jordan_1_low__black_medium_grey_4_89163.jpeg;https:\/\/images.novelship.com\/product\/_grade_school__air_jordan_1_low__black_medium_grey_5_89163.jpeg;https:\/\/images.novelship.com\/product\/_grade_school__air_jordan_1_low__black_medium_grey_6_89163.jpeg;https:\/\/images.novelship.com\/product\/_grade_school__air_jordan_1_low__black_medium_grey_7_89164.jpeg","datePublished":"2026-04-16T10:15:31+00:00","dateModified":"2026-04-17T16:06:21+00:00","breadcrumb":{"@id":"https:\/\/tourcruiser.com\/fr\/products\/grade-school-air-jordan-1-low-black-medium-grey-553560-040\/#breadcrumb"},"inLanguage":"fr-FR","potentialAction":[{"@type":"ReadAction","target":["https:\/\/tourcruiser.com\/fr\/products\/grade-school-air-jordan-1-low-black-medium-grey-553560-040\/"]}]},{"@type":"ImageObject","inLanguage":"fr-FR","@id":"https:\/\/tourcruiser.com\/fr\/products\/grade-school-air-jordan-1-low-black-medium-grey-553560-040\/#primaryimage","url":"https:\/\/images.novelship.com\/product\/_grade_school__air_jordan_1_low__black_medium_grey_0_89163.jpeg;https:\/\/images.novelship.com\/product\/_grade_school__air_jordan_1_low__black_medium_grey_1_89163.jpeg;https:\/\/images.novelship.com\/product\/_grade_school__air_jordan_1_low__black_medium_grey_2_89163.jpeg;https:\/\/images.novelship.com\/product\/_grade_school__air_jordan_1_low__black_medium_grey_3_89163.jpeg;https:\/\/images.novelship.com\/product\/_grade_school__air_jordan_1_low__black_medium_grey_4_89163.jpeg;https:\/\/images.novelship.com\/product\/_grade_school__air_jordan_1_low__black_medium_grey_5_89163.jpeg;https:\/\/images.novelship.com\/product\/_grade_school__air_jordan_1_low__black_medium_grey_6_89163.jpeg;https:\/\/images.novelship.com\/product\/_grade_school__air_jordan_1_low__black_medium_grey_7_89164.jpeg","contentUrl":"https:\/\/images.novelship.com\/product\/_grade_school__air_jordan_1_low__black_medium_grey_0_89163.jpeg;https:\/\/images.novelship.com\/product\/_grade_school__air_jordan_1_low__black_medium_grey_1_89163.jpeg;https:\/\/images.novelship.com\/product\/_grade_school__air_jordan_1_low__black_medium_grey_2_89163.jpeg;https:\/\/images.novelship.com\/product\/_grade_school__air_jordan_1_low__black_medium_grey_3_89163.jpeg;https:\/\/images.novelship.com\/product\/_grade_school__air_jordan_1_low__black_medium_grey_4_89163.jpeg;https:\/\/images.novelship.com\/product\/_grade_school__air_jordan_1_low__black_medium_grey_5_89163.jpeg;https:\/\/images.novelship.com\/product\/_grade_school__air_jordan_1_low__black_medium_grey_6_89163.jpeg;https:\/\/images.novelship.com\/product\/_grade_school__air_jordan_1_low__black_medium_grey_7_89164.jpeg"},{"@type":"BreadcrumbList","@id":"https:\/\/tourcruiser.com\/fr\/products\/grade-school-air-jordan-1-low-black-medium-grey-553560-040\/#breadcrumb","itemListElement":[{"@type":"ListItem","position":1,"name":"Home","item":"https:\/\/tourcruiser.com\/fr\/"},{"@type":"ListItem","position":2,"name":"Shop","item":"https:\/\/tourcruiser.com\/fr\/shop\/"},{"@type":"ListItem","position":3,"name":"(Grade School) Air Jordan 1 Low &#8216;Black Medium Grey&#8217; 553560-040"}]},{"@type":"WebSite","@id":"\/#website","url":"\/","name":"Styloral Jewelry Shop","description":"Tourcruiser Sneaker Store \u2014 L\u2019endroit o\u00f9 l\u2019univers rencontre votre singularit\u00e9.","publisher":{"@id":"\/#organization"},"potentialAction":[{"@type":"SearchAction","target":{"@type":"EntryPoint","urlTemplate":"\/?s={search_term_string}"},"query-input":{"@type":"PropertyValueSpecification","valueRequired":true,"valueName":"search_term_string"}}],"inLanguage":"fr-FR"},{"@type":"Organization","@id":"\/#organization","name":"STYLORAL PTE. LTD","url":"\/","logo":{"@type":"ImageObject","inLanguage":"fr-FR","@id":"\/#\/schema\/logo\/image\/","url":"https:\/\/www.tourcruiser.com\/wp-content\/uploads\/2025\/12\/logo.png","contentUrl":"https:\/\/www.tourcruiser.com\/wp-content\/uploads\/2025\/12\/logo.png","width":200,"height":65,"caption":"STYLORAL PTE. LTD"},"image":{"@id":"\/#\/schema\/logo\/image\/"}}]}},"_links":{"self":[{"href":"https:\/\/tourcruiser.com\/fr\/wp-json\/wp\/v2\/product\/772698","targetHints":{"allow":["GET"]}}],"collection":[{"href":"https:\/\/tourcruiser.com\/fr\/wp-json\/wp\/v2\/product"}],"about":[{"href":"https:\/\/tourcruiser.com\/fr\/wp-json\/wp\/v2\/types\/product"}],"replies":[{"embeddable":true,"href":"https:\/\/tourcruiser.com\/fr\/wp-json\/wp\/v2\/comments?post=772698"}],"wp:featuredmedia":[{"embeddable":true,"href":"https:\/\/tourcruiser.com\/fr\/wp-json\/wp\/v2\/media\/772699"}],"wp:attachment":[{"href":"https:\/\/tourcruiser.com\/fr\/wp-json\/wp\/v2\/media?parent=772698"}],"wp:term":[{"taxonomy":"product_brand","embeddable":true,"href":"https:\/\/tourcruiser.com\/fr\/wp-json\/wp\/v2\/product_brand?post=772698"},{"taxonomy":"product_cat","embeddable":true,"href":"https:\/\/tourcruiser.com\/fr\/wp-json\/wp\/v2\/product_cat?post=772698"},{"taxonomy":"product_tag","embeddable":true,"href":"https:\/\/tourcruiser.com\/fr\/wp-json\/wp\/v2\/product_tag?post=772698"}],"curies":[{"name":"wp","href":"https:\/\/api.w.org\/{rel}","templated":true}]}}