{"id":772681,"date":"2026-04-16T17:15:31","date_gmt":"2026-04-16T10:15:31","guid":{"rendered":"http:\/\/tourcruiser.com\/product\/women-air-jordan-1-mid-usa-bq6472-164"},"modified":"2026-04-17T23:06:20","modified_gmt":"2026-04-17T16:06:20","slug":"women-air-jordan-1-mid-usa-bq6472-164","status":"publish","type":"product","link":"https:\/\/tourcruiser.com\/fr\/products\/women-air-jordan-1-mid-usa-bq6472-164\/","title":{"rendered":"(Women) Air Jordan 1 Mid &lsquo;USA&rsquo; BQ6472-164"},"content":{"rendered":"<p>La Air Jordan 1 Mid USA (WMNS) est une chaussure \u00e9l\u00e9gante et sportive, id\u00e9ale pour les femmes. Con\u00e7ue par Jordan, elle se distingue par son blanc \u00e9clatant et son surnom \u00ab\u00a0USA\u00a0\u00bb. Fabriqu\u00e9e \u00e0 partir de mat\u00e9riaux haut de gamme, elle allie confort et durabilit\u00e9. Sur le terrain comme en ville, la Air Jordan 1 Mid USA (WMNS) est toujours un choix tendance.<\/p>\n<p>Coloris\u00a0: Blanc\/Rouge universitaire\/Bleu royal<br \/>\nCode article\u00a0: BQ6472-164<br \/>\nTige\u00a0: Cuir<br \/>\nSemelle interm\u00e9diaire\u00a0: Air<br \/>\nCouleur\u00a0: Blanc<br \/>\nDesigner\u00a0: Peter Moore<br \/>\nSaison\u00a0: Printemps<br \/>\nAnn\u00e9e de sortie\u00a0: 2020<\/p>\n<p>\u00c2ge\u00a0: Adulte<br \/>\nCouleur\u00a0: Noir\/Gris moyen\/Blanc<br \/>\nGenre\u00a0: Femme<\/p>\n","protected":false},"excerpt":{"rendered":"<p>La Air Jordan 1 Mid USA (WMNS) est une chaussure \u00e9l\u00e9gante et sportive, id\u00e9ale pour les femmes. Con\u00e7ue par Jordan, elle se distingue par son blanc \u00e9clatant et son surnom \u00ab\u00a0USA\u00a0\u00bb. Fabriqu\u00e9e \u00e0 partir de mat\u00e9riaux haut de gamme, elle allie confort et durabilit\u00e9. Sur le terrain comme en ville, la Air Jordan 1 Mid [&hellip;]<\/p>\n","protected":false},"featured_media":772682,"comment_status":"open","ping_status":"closed","template":"","meta":[],"product_brand":[],"product_cat":[38880],"product_tag":[10750,10800,39012,38861,38841,38872,26520,10776,11349,38875,10756],"class_list":{"0":"post-772681","1":"product","2":"type-product","3":"status-publish","4":"has-post-thumbnail","6":"product_cat-jordan","7":"product_tag-athleisure-shoes","8":"product_tag-basketball-shoes","9":"product_tag-basketball-inspired-leisure-shoes","10":"product_tag-below-retail-price","11":"product_tag-casual-shoes","12":"product_tag-gift-idea-for-her","13":"product_tag-independence-day","14":"product_tag-jordan","15":"product_tag-jordan-basketball-shoes","16":"product_tag-jordan-skateboard-shoes","17":"product_tag-retro-casual-shoes","19":"first","20":"instock","21":"taxable","22":"shipping-taxable","23":"purchasable","24":"product-type-simple"},"wcpa_form_fields":null,"yoast_head":"<!-- This site is optimized with the Yoast SEO plugin v26.5 - https:\/\/yoast.com\/wordpress\/plugins\/seo\/ -->\n<title>(Women) Air Jordan 1 Mid &#039;USA&#039; BQ6472-164 - TOURCRUISER PTE. LTD<\/title>\n<meta name=\"robots\" content=\"index, follow, max-snippet:-1, max-image-preview:large, max-video-preview:-1\" \/>\n<link rel=\"canonical\" href=\"https:\/\/tourcruiser.com\/fr\/products\/women-air-jordan-1-mid-usa-bq6472-164\/\" \/>\n<meta property=\"og:locale\" content=\"fr_FR\" \/>\n<meta property=\"og:type\" content=\"article\" \/>\n<meta property=\"og:title\" content=\"(Women) Air Jordan 1 Mid &#039;USA&#039; BQ6472-164 - TOURCRUISER PTE. LTD\" \/>\n<meta property=\"og:description\" content=\"La Air Jordan 1 Mid USA (WMNS) est une chaussure \u00e9l\u00e9gante et sportive, id\u00e9ale pour les femmes. Con\u00e7ue par Jordan, elle se distingue par son blanc \u00e9clatant et son surnom \u00ab\u00a0USA\u00a0\u00bb. Fabriqu\u00e9e \u00e0 partir de mat\u00e9riaux haut de gamme, elle allie confort et durabilit\u00e9. Sur le terrain comme en ville, la Air Jordan 1 Mid [&hellip;]\" \/>\n<meta property=\"og:url\" content=\"https:\/\/tourcruiser.com\/fr\/products\/women-air-jordan-1-mid-usa-bq6472-164\/\" \/>\n<meta property=\"og:site_name\" content=\"Tourcruiser Sneaker Store\" \/>\n<meta property=\"article:modified_time\" content=\"2026-04-17T16:06:20+00:00\" \/>\n<meta name=\"twitter:card\" content=\"summary_large_image\" \/>\n<meta name=\"twitter:image\" content=\"https:\/\/images.novelship.com\/product\/_women__air_jordan_1_mid__usa__bq6472_164_0_11855.jpeg;https:\/\/images.novelship.com\/product\/_women__air_jordan_1_mid__usa__bq6472_164_1_11855.jpeg;https:\/\/images.novelship.com\/product\/_women__air_jordan_1_mid__usa__bq6472_164_2_11855.jpeg;https:\/\/images.novelship.com\/product\/_women__air_jordan_1_mid__usa__bq6472_164_3_11855.jpeg;https:\/\/images.novelship.com\/product\/_women__air_jordan_1_mid__usa__bq6472_164_4_11855.jpeg;https:\/\/images.novelship.com\/product\/_women__air_jordan_1_mid__usa__bq6472_164_5_11855.jpeg;https:\/\/images.novelship.com\/product\/_women__air_jordan_1_mid__usa__bq6472_164_6_11855.jpeg;https:\/\/images.novelship.com\/product\/_women__air_jordan_1_mid__usa__bq6472_164_7_11855.jpeg\" \/>\n<meta name=\"twitter:label1\" content=\"Dur\u00e9e de lecture estim\u00e9e\" \/>\n\t<meta name=\"twitter:data1\" content=\"1 minute\" \/>\n<script type=\"application\/ld+json\" class=\"yoast-schema-graph\">{\"@context\":\"https:\/\/schema.org\",\"@graph\":[{\"@type\":\"WebPage\",\"@id\":\"https:\/\/tourcruiser.com\/fr\/products\/women-air-jordan-1-mid-usa-bq6472-164\/\",\"url\":\"https:\/\/tourcruiser.com\/fr\/products\/women-air-jordan-1-mid-usa-bq6472-164\/\",\"name\":\"(Women) Air Jordan 1 Mid 'USA' BQ6472-164 - TOURCRUISER PTE. LTD\",\"isPartOf\":{\"@id\":\"\/#website\"},\"primaryImageOfPage\":{\"@id\":\"https:\/\/tourcruiser.com\/fr\/products\/women-air-jordan-1-mid-usa-bq6472-164\/#primaryimage\"},\"image\":{\"@id\":\"https:\/\/tourcruiser.com\/fr\/products\/women-air-jordan-1-mid-usa-bq6472-164\/#primaryimage\"},\"thumbnailUrl\":\"https:\/\/images.novelship.com\/product\/_women__air_jordan_1_mid__usa__bq6472_164_0_11855.jpeg;https:\/\/images.novelship.com\/product\/_women__air_jordan_1_mid__usa__bq6472_164_1_11855.jpeg;https:\/\/images.novelship.com\/product\/_women__air_jordan_1_mid__usa__bq6472_164_2_11855.jpeg;https:\/\/images.novelship.com\/product\/_women__air_jordan_1_mid__usa__bq6472_164_3_11855.jpeg;https:\/\/images.novelship.com\/product\/_women__air_jordan_1_mid__usa__bq6472_164_4_11855.jpeg;https:\/\/images.novelship.com\/product\/_women__air_jordan_1_mid__usa__bq6472_164_5_11855.jpeg;https:\/\/images.novelship.com\/product\/_women__air_jordan_1_mid__usa__bq6472_164_6_11855.jpeg;https:\/\/images.novelship.com\/product\/_women__air_jordan_1_mid__usa__bq6472_164_7_11855.jpeg\",\"datePublished\":\"2026-04-16T10:15:31+00:00\",\"dateModified\":\"2026-04-17T16:06:20+00:00\",\"breadcrumb\":{\"@id\":\"https:\/\/tourcruiser.com\/fr\/products\/women-air-jordan-1-mid-usa-bq6472-164\/#breadcrumb\"},\"inLanguage\":\"fr-FR\",\"potentialAction\":[{\"@type\":\"ReadAction\",\"target\":[\"https:\/\/tourcruiser.com\/fr\/products\/women-air-jordan-1-mid-usa-bq6472-164\/\"]}]},{\"@type\":\"ImageObject\",\"inLanguage\":\"fr-FR\",\"@id\":\"https:\/\/tourcruiser.com\/fr\/products\/women-air-jordan-1-mid-usa-bq6472-164\/#primaryimage\",\"url\":\"https:\/\/images.novelship.com\/product\/_women__air_jordan_1_mid__usa__bq6472_164_0_11855.jpeg;https:\/\/images.novelship.com\/product\/_women__air_jordan_1_mid__usa__bq6472_164_1_11855.jpeg;https:\/\/images.novelship.com\/product\/_women__air_jordan_1_mid__usa__bq6472_164_2_11855.jpeg;https:\/\/images.novelship.com\/product\/_women__air_jordan_1_mid__usa__bq6472_164_3_11855.jpeg;https:\/\/images.novelship.com\/product\/_women__air_jordan_1_mid__usa__bq6472_164_4_11855.jpeg;https:\/\/images.novelship.com\/product\/_women__air_jordan_1_mid__usa__bq6472_164_5_11855.jpeg;https:\/\/images.novelship.com\/product\/_women__air_jordan_1_mid__usa__bq6472_164_6_11855.jpeg;https:\/\/images.novelship.com\/product\/_women__air_jordan_1_mid__usa__bq6472_164_7_11855.jpeg\",\"contentUrl\":\"https:\/\/images.novelship.com\/product\/_women__air_jordan_1_mid__usa__bq6472_164_0_11855.jpeg;https:\/\/images.novelship.com\/product\/_women__air_jordan_1_mid__usa__bq6472_164_1_11855.jpeg;https:\/\/images.novelship.com\/product\/_women__air_jordan_1_mid__usa__bq6472_164_2_11855.jpeg;https:\/\/images.novelship.com\/product\/_women__air_jordan_1_mid__usa__bq6472_164_3_11855.jpeg;https:\/\/images.novelship.com\/product\/_women__air_jordan_1_mid__usa__bq6472_164_4_11855.jpeg;https:\/\/images.novelship.com\/product\/_women__air_jordan_1_mid__usa__bq6472_164_5_11855.jpeg;https:\/\/images.novelship.com\/product\/_women__air_jordan_1_mid__usa__bq6472_164_6_11855.jpeg;https:\/\/images.novelship.com\/product\/_women__air_jordan_1_mid__usa__bq6472_164_7_11855.jpeg\"},{\"@type\":\"BreadcrumbList\",\"@id\":\"https:\/\/tourcruiser.com\/fr\/products\/women-air-jordan-1-mid-usa-bq6472-164\/#breadcrumb\",\"itemListElement\":[{\"@type\":\"ListItem\",\"position\":1,\"name\":\"Home\",\"item\":\"https:\/\/tourcruiser.com\/fr\/\"},{\"@type\":\"ListItem\",\"position\":2,\"name\":\"Shop\",\"item\":\"https:\/\/tourcruiser.com\/fr\/shop\/\"},{\"@type\":\"ListItem\",\"position\":3,\"name\":\"(Women) Air Jordan 1 Mid &#8216;USA&#8217; BQ6472-164\"}]},{\"@type\":\"WebSite\",\"@id\":\"\/#website\",\"url\":\"\/\",\"name\":\"Styloral Jewelry Shop\",\"description\":\"Tourcruiser Sneaker Store \u2014 L\u2019endroit o\u00f9 l\u2019univers rencontre votre singularit\u00e9.\",\"publisher\":{\"@id\":\"\/#organization\"},\"potentialAction\":[{\"@type\":\"SearchAction\",\"target\":{\"@type\":\"EntryPoint\",\"urlTemplate\":\"\/?s={search_term_string}\"},\"query-input\":{\"@type\":\"PropertyValueSpecification\",\"valueRequired\":true,\"valueName\":\"search_term_string\"}}],\"inLanguage\":\"fr-FR\"},{\"@type\":\"Organization\",\"@id\":\"\/#organization\",\"name\":\"STYLORAL PTE. LTD\",\"url\":\"\/\",\"logo\":{\"@type\":\"ImageObject\",\"inLanguage\":\"fr-FR\",\"@id\":\"\/#\/schema\/logo\/image\/\",\"url\":\"https:\/\/www.tourcruiser.com\/wp-content\/uploads\/2025\/12\/logo.png\",\"contentUrl\":\"https:\/\/www.tourcruiser.com\/wp-content\/uploads\/2025\/12\/logo.png\",\"width\":200,\"height\":65,\"caption\":\"STYLORAL PTE. LTD\"},\"image\":{\"@id\":\"\/#\/schema\/logo\/image\/\"}}]}<\/script>\n<!-- \/ Yoast SEO plugin. -->","yoast_head_json":{"title":"(Women) Air Jordan 1 Mid 'USA' BQ6472-164 - TOURCRUISER PTE. LTD","robots":{"index":"index","follow":"follow","max-snippet":"max-snippet:-1","max-image-preview":"max-image-preview:large","max-video-preview":"max-video-preview:-1"},"canonical":"https:\/\/tourcruiser.com\/fr\/products\/women-air-jordan-1-mid-usa-bq6472-164\/","og_locale":"fr_FR","og_type":"article","og_title":"(Women) Air Jordan 1 Mid 'USA' BQ6472-164 - TOURCRUISER PTE. LTD","og_description":"La Air Jordan 1 Mid USA (WMNS) est une chaussure \u00e9l\u00e9gante et sportive, id\u00e9ale pour les femmes. Con\u00e7ue par Jordan, elle se distingue par son blanc \u00e9clatant et son surnom \u00ab\u00a0USA\u00a0\u00bb. Fabriqu\u00e9e \u00e0 partir de mat\u00e9riaux haut de gamme, elle allie confort et durabilit\u00e9. Sur le terrain comme en ville, la Air Jordan 1 Mid [&hellip;]","og_url":"https:\/\/tourcruiser.com\/fr\/products\/women-air-jordan-1-mid-usa-bq6472-164\/","og_site_name":"Tourcruiser Sneaker Store","article_modified_time":"2026-04-17T16:06:20+00:00","twitter_card":"summary_large_image","twitter_image":"https:\/\/images.novelship.com\/product\/_women__air_jordan_1_mid__usa__bq6472_164_0_11855.jpeg;https:\/\/images.novelship.com\/product\/_women__air_jordan_1_mid__usa__bq6472_164_1_11855.jpeg;https:\/\/images.novelship.com\/product\/_women__air_jordan_1_mid__usa__bq6472_164_2_11855.jpeg;https:\/\/images.novelship.com\/product\/_women__air_jordan_1_mid__usa__bq6472_164_3_11855.jpeg;https:\/\/images.novelship.com\/product\/_women__air_jordan_1_mid__usa__bq6472_164_4_11855.jpeg;https:\/\/images.novelship.com\/product\/_women__air_jordan_1_mid__usa__bq6472_164_5_11855.jpeg;https:\/\/images.novelship.com\/product\/_women__air_jordan_1_mid__usa__bq6472_164_6_11855.jpeg;https:\/\/images.novelship.com\/product\/_women__air_jordan_1_mid__usa__bq6472_164_7_11855.jpeg","twitter_misc":{"Dur\u00e9e de lecture estim\u00e9e":"1 minute"},"schema":{"@context":"https:\/\/schema.org","@graph":[{"@type":"WebPage","@id":"https:\/\/tourcruiser.com\/fr\/products\/women-air-jordan-1-mid-usa-bq6472-164\/","url":"https:\/\/tourcruiser.com\/fr\/products\/women-air-jordan-1-mid-usa-bq6472-164\/","name":"(Women) Air Jordan 1 Mid 'USA' BQ6472-164 - TOURCRUISER PTE. LTD","isPartOf":{"@id":"\/#website"},"primaryImageOfPage":{"@id":"https:\/\/tourcruiser.com\/fr\/products\/women-air-jordan-1-mid-usa-bq6472-164\/#primaryimage"},"image":{"@id":"https:\/\/tourcruiser.com\/fr\/products\/women-air-jordan-1-mid-usa-bq6472-164\/#primaryimage"},"thumbnailUrl":"https:\/\/images.novelship.com\/product\/_women__air_jordan_1_mid__usa__bq6472_164_0_11855.jpeg;https:\/\/images.novelship.com\/product\/_women__air_jordan_1_mid__usa__bq6472_164_1_11855.jpeg;https:\/\/images.novelship.com\/product\/_women__air_jordan_1_mid__usa__bq6472_164_2_11855.jpeg;https:\/\/images.novelship.com\/product\/_women__air_jordan_1_mid__usa__bq6472_164_3_11855.jpeg;https:\/\/images.novelship.com\/product\/_women__air_jordan_1_mid__usa__bq6472_164_4_11855.jpeg;https:\/\/images.novelship.com\/product\/_women__air_jordan_1_mid__usa__bq6472_164_5_11855.jpeg;https:\/\/images.novelship.com\/product\/_women__air_jordan_1_mid__usa__bq6472_164_6_11855.jpeg;https:\/\/images.novelship.com\/product\/_women__air_jordan_1_mid__usa__bq6472_164_7_11855.jpeg","datePublished":"2026-04-16T10:15:31+00:00","dateModified":"2026-04-17T16:06:20+00:00","breadcrumb":{"@id":"https:\/\/tourcruiser.com\/fr\/products\/women-air-jordan-1-mid-usa-bq6472-164\/#breadcrumb"},"inLanguage":"fr-FR","potentialAction":[{"@type":"ReadAction","target":["https:\/\/tourcruiser.com\/fr\/products\/women-air-jordan-1-mid-usa-bq6472-164\/"]}]},{"@type":"ImageObject","inLanguage":"fr-FR","@id":"https:\/\/tourcruiser.com\/fr\/products\/women-air-jordan-1-mid-usa-bq6472-164\/#primaryimage","url":"https:\/\/images.novelship.com\/product\/_women__air_jordan_1_mid__usa__bq6472_164_0_11855.jpeg;https:\/\/images.novelship.com\/product\/_women__air_jordan_1_mid__usa__bq6472_164_1_11855.jpeg;https:\/\/images.novelship.com\/product\/_women__air_jordan_1_mid__usa__bq6472_164_2_11855.jpeg;https:\/\/images.novelship.com\/product\/_women__air_jordan_1_mid__usa__bq6472_164_3_11855.jpeg;https:\/\/images.novelship.com\/product\/_women__air_jordan_1_mid__usa__bq6472_164_4_11855.jpeg;https:\/\/images.novelship.com\/product\/_women__air_jordan_1_mid__usa__bq6472_164_5_11855.jpeg;https:\/\/images.novelship.com\/product\/_women__air_jordan_1_mid__usa__bq6472_164_6_11855.jpeg;https:\/\/images.novelship.com\/product\/_women__air_jordan_1_mid__usa__bq6472_164_7_11855.jpeg","contentUrl":"https:\/\/images.novelship.com\/product\/_women__air_jordan_1_mid__usa__bq6472_164_0_11855.jpeg;https:\/\/images.novelship.com\/product\/_women__air_jordan_1_mid__usa__bq6472_164_1_11855.jpeg;https:\/\/images.novelship.com\/product\/_women__air_jordan_1_mid__usa__bq6472_164_2_11855.jpeg;https:\/\/images.novelship.com\/product\/_women__air_jordan_1_mid__usa__bq6472_164_3_11855.jpeg;https:\/\/images.novelship.com\/product\/_women__air_jordan_1_mid__usa__bq6472_164_4_11855.jpeg;https:\/\/images.novelship.com\/product\/_women__air_jordan_1_mid__usa__bq6472_164_5_11855.jpeg;https:\/\/images.novelship.com\/product\/_women__air_jordan_1_mid__usa__bq6472_164_6_11855.jpeg;https:\/\/images.novelship.com\/product\/_women__air_jordan_1_mid__usa__bq6472_164_7_11855.jpeg"},{"@type":"BreadcrumbList","@id":"https:\/\/tourcruiser.com\/fr\/products\/women-air-jordan-1-mid-usa-bq6472-164\/#breadcrumb","itemListElement":[{"@type":"ListItem","position":1,"name":"Home","item":"https:\/\/tourcruiser.com\/fr\/"},{"@type":"ListItem","position":2,"name":"Shop","item":"https:\/\/tourcruiser.com\/fr\/shop\/"},{"@type":"ListItem","position":3,"name":"(Women) Air Jordan 1 Mid &#8216;USA&#8217; BQ6472-164"}]},{"@type":"WebSite","@id":"\/#website","url":"\/","name":"Styloral Jewelry Shop","description":"Tourcruiser Sneaker Store \u2014 L\u2019endroit o\u00f9 l\u2019univers rencontre votre singularit\u00e9.","publisher":{"@id":"\/#organization"},"potentialAction":[{"@type":"SearchAction","target":{"@type":"EntryPoint","urlTemplate":"\/?s={search_term_string}"},"query-input":{"@type":"PropertyValueSpecification","valueRequired":true,"valueName":"search_term_string"}}],"inLanguage":"fr-FR"},{"@type":"Organization","@id":"\/#organization","name":"STYLORAL PTE. LTD","url":"\/","logo":{"@type":"ImageObject","inLanguage":"fr-FR","@id":"\/#\/schema\/logo\/image\/","url":"https:\/\/www.tourcruiser.com\/wp-content\/uploads\/2025\/12\/logo.png","contentUrl":"https:\/\/www.tourcruiser.com\/wp-content\/uploads\/2025\/12\/logo.png","width":200,"height":65,"caption":"STYLORAL PTE. LTD"},"image":{"@id":"\/#\/schema\/logo\/image\/"}}]}},"_links":{"self":[{"href":"https:\/\/tourcruiser.com\/fr\/wp-json\/wp\/v2\/product\/772681","targetHints":{"allow":["GET"]}}],"collection":[{"href":"https:\/\/tourcruiser.com\/fr\/wp-json\/wp\/v2\/product"}],"about":[{"href":"https:\/\/tourcruiser.com\/fr\/wp-json\/wp\/v2\/types\/product"}],"replies":[{"embeddable":true,"href":"https:\/\/tourcruiser.com\/fr\/wp-json\/wp\/v2\/comments?post=772681"}],"wp:featuredmedia":[{"embeddable":true,"href":"https:\/\/tourcruiser.com\/fr\/wp-json\/wp\/v2\/media\/772682"}],"wp:attachment":[{"href":"https:\/\/tourcruiser.com\/fr\/wp-json\/wp\/v2\/media?parent=772681"}],"wp:term":[{"taxonomy":"product_brand","embeddable":true,"href":"https:\/\/tourcruiser.com\/fr\/wp-json\/wp\/v2\/product_brand?post=772681"},{"taxonomy":"product_cat","embeddable":true,"href":"https:\/\/tourcruiser.com\/fr\/wp-json\/wp\/v2\/product_cat?post=772681"},{"taxonomy":"product_tag","embeddable":true,"href":"https:\/\/tourcruiser.com\/fr\/wp-json\/wp\/v2\/product_tag?post=772681"}],"curies":[{"name":"wp","href":"https:\/\/api.w.org\/{rel}","templated":true}]}}