{"id":772663,"date":"2026-04-16T17:15:30","date_gmt":"2026-04-16T10:15:30","guid":{"rendered":"http:\/\/tourcruiser.com\/product\/grade-school-air-jordan-5-low-fundamental-dx4390-116"},"modified":"2026-04-17T23:06:20","modified_gmt":"2026-04-17T16:06:20","slug":"grade-school-air-jordan-5-low-fundamental-dx4390-116","status":"publish","type":"product","link":"https:\/\/tourcruiser.com\/fr\/products\/grade-school-air-jordan-5-low-fundamental-dx4390-116\/","title":{"rendered":"(Grade School) Air Jordan 5 Low &lsquo;Fundamental&rsquo; DX4390-116"},"content":{"rendered":"<p>Les sneakers Air Jordan 5 Low Fundamental (GS) de Jordan sont un incontournable pour les fans de sneakers. Con\u00e7ues pour allier style et confort, elles arborent une silhouette basse et le logo embl\u00e9matique Air Jordan. Gr\u00e2ce \u00e0 leurs mat\u00e9riaux haut de gamme, elles offrent un maintien parfait et une durabilit\u00e9 exceptionnelle. Que ce soit sur un terrain de basketball ou simplement comme chaussure d\u00e9contract\u00e9e tendance, les sneakers Air Jordan 5 Low Fundamental sont un excellent choix. Achetez-les d\u00e8s maintenant et affirmez votre style\u00a0!<\/p>\n<p>Coloris\u00a0: Blanc\/Corail\/Baie du d\u00e9sert\/Noir<\/p>\n<p>Code article\u00a0: DX4390-116<\/p>\n<p>Tige\u00a0: Cuir<\/p>\n<p>Semelle interm\u00e9diaire\u00a0: Air<\/p>\n<p>Couleur\u00a0: Blanc<\/p>\n<p>Cr\u00e9ateur\u00a0: Tinker Hatfield<\/p>\n<p>Saison\u00a0: Printemps<\/p>\n<p>Ann\u00e9e de sortie\u00a0: 2023<\/p>\n<p>\u00c2ge\u00a0: Adulte<br \/>\nCouleur\u00a0: Aube\/Grange\/Prune<\/p>\n<p>Genre\u00a0: Enfant<\/p>\n","protected":false},"excerpt":{"rendered":"<p>Les sneakers Air Jordan 5 Low Fundamental (GS) de Jordan sont un incontournable pour les fans de sneakers. Con\u00e7ues pour allier style et confort, elles arborent une silhouette basse et le logo embl\u00e9matique Air Jordan. Gr\u00e2ce \u00e0 leurs mat\u00e9riaux haut de gamme, elles offrent un maintien parfait et une durabilit\u00e9 exceptionnelle. Que ce soit sur [&hellip;]<\/p>\n","protected":false},"featured_media":772664,"comment_status":"open","ping_status":"closed","template":"","meta":[],"product_brand":[],"product_cat":[38880],"product_tag":[10750,38861,38988,14859,10776,11349,38875,10756,39039],"class_list":{"0":"post-772663","1":"product","2":"type-product","3":"status-publish","4":"has-post-thumbnail","6":"product_cat-jordan","7":"product_tag-athleisure-shoes","8":"product_tag-below-retail-price","9":"product_tag-casual-shoes-for-kids","10":"product_tag-damian-lillard","11":"product_tag-jordan","12":"product_tag-jordan-basketball-shoes","13":"product_tag-jordan-skateboard-shoes","14":"product_tag-retro-casual-shoes","15":"product_tag-sneakers-for-kids","17":"first","18":"instock","19":"taxable","20":"shipping-taxable","21":"purchasable","22":"product-type-simple"},"wcpa_form_fields":null,"yoast_head":"<!-- This site is optimized with the Yoast SEO plugin v26.5 - https:\/\/yoast.com\/wordpress\/plugins\/seo\/ -->\n<title>(Grade School) Air Jordan 5 Low &#039;Fundamental&#039; DX4390-116 - TOURCRUISER PTE. LTD<\/title>\n<meta name=\"robots\" content=\"index, follow, max-snippet:-1, max-image-preview:large, max-video-preview:-1\" \/>\n<link rel=\"canonical\" href=\"https:\/\/tourcruiser.com\/fr\/products\/grade-school-air-jordan-5-low-fundamental-dx4390-116\/\" \/>\n<meta property=\"og:locale\" content=\"fr_FR\" \/>\n<meta property=\"og:type\" content=\"article\" \/>\n<meta property=\"og:title\" content=\"(Grade School) Air Jordan 5 Low &#039;Fundamental&#039; DX4390-116 - TOURCRUISER PTE. LTD\" \/>\n<meta property=\"og:description\" content=\"Les sneakers Air Jordan 5 Low Fundamental (GS) de Jordan sont un incontournable pour les fans de sneakers. Con\u00e7ues pour allier style et confort, elles arborent une silhouette basse et le logo embl\u00e9matique Air Jordan. Gr\u00e2ce \u00e0 leurs mat\u00e9riaux haut de gamme, elles offrent un maintien parfait et une durabilit\u00e9 exceptionnelle. Que ce soit sur [&hellip;]\" \/>\n<meta property=\"og:url\" content=\"https:\/\/tourcruiser.com\/fr\/products\/grade-school-air-jordan-5-low-fundamental-dx4390-116\/\" \/>\n<meta property=\"og:site_name\" content=\"Tourcruiser Sneaker Store\" \/>\n<meta property=\"article:modified_time\" content=\"2026-04-17T16:06:20+00:00\" \/>\n<meta name=\"twitter:card\" content=\"summary_large_image\" \/>\n<meta name=\"twitter:image\" content=\"https:\/\/images.novelship.com\/product\/air_jordan_5_low__fundamental___gs__0_80583.jpeg;https:\/\/images.novelship.com\/product\/air_jordan_5_low__fundamental___gs__1_80583.jpeg;https:\/\/images.novelship.com\/product\/air_jordan_5_low__fundamental___gs__2_80583.jpeg;https:\/\/images.novelship.com\/product\/air_jordan_5_low__fundamental___gs__3_80584.jpeg;https:\/\/images.novelship.com\/product\/air_jordan_5_low__fundamental___gs__4_80584.jpeg;https:\/\/images.novelship.com\/product\/air_jordan_5_low__fundamental___gs__5_80584.jpeg;https:\/\/images.novelship.com\/product\/air_jordan_5_low__fundamental___gs__6_80584.jpeg;https:\/\/images.novelship.com\/product\/air_jordan_5_low__fundamental___gs__7_80584.jpeg\" \/>\n<meta name=\"twitter:label1\" content=\"Dur\u00e9e de lecture estim\u00e9e\" \/>\n\t<meta name=\"twitter:data1\" content=\"1 minute\" \/>\n<script type=\"application\/ld+json\" class=\"yoast-schema-graph\">{\"@context\":\"https:\/\/schema.org\",\"@graph\":[{\"@type\":\"WebPage\",\"@id\":\"https:\/\/tourcruiser.com\/fr\/products\/grade-school-air-jordan-5-low-fundamental-dx4390-116\/\",\"url\":\"https:\/\/tourcruiser.com\/fr\/products\/grade-school-air-jordan-5-low-fundamental-dx4390-116\/\",\"name\":\"(Grade School) Air Jordan 5 Low 'Fundamental' DX4390-116 - TOURCRUISER PTE. LTD\",\"isPartOf\":{\"@id\":\"\/#website\"},\"primaryImageOfPage\":{\"@id\":\"https:\/\/tourcruiser.com\/fr\/products\/grade-school-air-jordan-5-low-fundamental-dx4390-116\/#primaryimage\"},\"image\":{\"@id\":\"https:\/\/tourcruiser.com\/fr\/products\/grade-school-air-jordan-5-low-fundamental-dx4390-116\/#primaryimage\"},\"thumbnailUrl\":\"https:\/\/images.novelship.com\/product\/air_jordan_5_low__fundamental___gs__0_80583.jpeg;https:\/\/images.novelship.com\/product\/air_jordan_5_low__fundamental___gs__1_80583.jpeg;https:\/\/images.novelship.com\/product\/air_jordan_5_low__fundamental___gs__2_80583.jpeg;https:\/\/images.novelship.com\/product\/air_jordan_5_low__fundamental___gs__3_80584.jpeg;https:\/\/images.novelship.com\/product\/air_jordan_5_low__fundamental___gs__4_80584.jpeg;https:\/\/images.novelship.com\/product\/air_jordan_5_low__fundamental___gs__5_80584.jpeg;https:\/\/images.novelship.com\/product\/air_jordan_5_low__fundamental___gs__6_80584.jpeg;https:\/\/images.novelship.com\/product\/air_jordan_5_low__fundamental___gs__7_80584.jpeg\",\"datePublished\":\"2026-04-16T10:15:30+00:00\",\"dateModified\":\"2026-04-17T16:06:20+00:00\",\"breadcrumb\":{\"@id\":\"https:\/\/tourcruiser.com\/fr\/products\/grade-school-air-jordan-5-low-fundamental-dx4390-116\/#breadcrumb\"},\"inLanguage\":\"fr-FR\",\"potentialAction\":[{\"@type\":\"ReadAction\",\"target\":[\"https:\/\/tourcruiser.com\/fr\/products\/grade-school-air-jordan-5-low-fundamental-dx4390-116\/\"]}]},{\"@type\":\"ImageObject\",\"inLanguage\":\"fr-FR\",\"@id\":\"https:\/\/tourcruiser.com\/fr\/products\/grade-school-air-jordan-5-low-fundamental-dx4390-116\/#primaryimage\",\"url\":\"https:\/\/images.novelship.com\/product\/air_jordan_5_low__fundamental___gs__0_80583.jpeg;https:\/\/images.novelship.com\/product\/air_jordan_5_low__fundamental___gs__1_80583.jpeg;https:\/\/images.novelship.com\/product\/air_jordan_5_low__fundamental___gs__2_80583.jpeg;https:\/\/images.novelship.com\/product\/air_jordan_5_low__fundamental___gs__3_80584.jpeg;https:\/\/images.novelship.com\/product\/air_jordan_5_low__fundamental___gs__4_80584.jpeg;https:\/\/images.novelship.com\/product\/air_jordan_5_low__fundamental___gs__5_80584.jpeg;https:\/\/images.novelship.com\/product\/air_jordan_5_low__fundamental___gs__6_80584.jpeg;https:\/\/images.novelship.com\/product\/air_jordan_5_low__fundamental___gs__7_80584.jpeg\",\"contentUrl\":\"https:\/\/images.novelship.com\/product\/air_jordan_5_low__fundamental___gs__0_80583.jpeg;https:\/\/images.novelship.com\/product\/air_jordan_5_low__fundamental___gs__1_80583.jpeg;https:\/\/images.novelship.com\/product\/air_jordan_5_low__fundamental___gs__2_80583.jpeg;https:\/\/images.novelship.com\/product\/air_jordan_5_low__fundamental___gs__3_80584.jpeg;https:\/\/images.novelship.com\/product\/air_jordan_5_low__fundamental___gs__4_80584.jpeg;https:\/\/images.novelship.com\/product\/air_jordan_5_low__fundamental___gs__5_80584.jpeg;https:\/\/images.novelship.com\/product\/air_jordan_5_low__fundamental___gs__6_80584.jpeg;https:\/\/images.novelship.com\/product\/air_jordan_5_low__fundamental___gs__7_80584.jpeg\"},{\"@type\":\"BreadcrumbList\",\"@id\":\"https:\/\/tourcruiser.com\/fr\/products\/grade-school-air-jordan-5-low-fundamental-dx4390-116\/#breadcrumb\",\"itemListElement\":[{\"@type\":\"ListItem\",\"position\":1,\"name\":\"Home\",\"item\":\"https:\/\/tourcruiser.com\/fr\/\"},{\"@type\":\"ListItem\",\"position\":2,\"name\":\"Shop\",\"item\":\"https:\/\/tourcruiser.com\/fr\/shop\/\"},{\"@type\":\"ListItem\",\"position\":3,\"name\":\"(Grade School) Air Jordan 5 Low &#8216;Fundamental&#8217; DX4390-116\"}]},{\"@type\":\"WebSite\",\"@id\":\"\/#website\",\"url\":\"\/\",\"name\":\"Styloral Jewelry Shop\",\"description\":\"Tourcruiser Sneaker Store \u2014 L\u2019endroit o\u00f9 l\u2019univers rencontre votre singularit\u00e9.\",\"publisher\":{\"@id\":\"\/#organization\"},\"potentialAction\":[{\"@type\":\"SearchAction\",\"target\":{\"@type\":\"EntryPoint\",\"urlTemplate\":\"\/?s={search_term_string}\"},\"query-input\":{\"@type\":\"PropertyValueSpecification\",\"valueRequired\":true,\"valueName\":\"search_term_string\"}}],\"inLanguage\":\"fr-FR\"},{\"@type\":\"Organization\",\"@id\":\"\/#organization\",\"name\":\"STYLORAL PTE. LTD\",\"url\":\"\/\",\"logo\":{\"@type\":\"ImageObject\",\"inLanguage\":\"fr-FR\",\"@id\":\"\/#\/schema\/logo\/image\/\",\"url\":\"https:\/\/www.tourcruiser.com\/wp-content\/uploads\/2025\/12\/logo.png\",\"contentUrl\":\"https:\/\/www.tourcruiser.com\/wp-content\/uploads\/2025\/12\/logo.png\",\"width\":200,\"height\":65,\"caption\":\"STYLORAL PTE. LTD\"},\"image\":{\"@id\":\"\/#\/schema\/logo\/image\/\"}}]}<\/script>\n<!-- \/ Yoast SEO plugin. -->","yoast_head_json":{"title":"(Grade School) Air Jordan 5 Low 'Fundamental' DX4390-116 - TOURCRUISER PTE. LTD","robots":{"index":"index","follow":"follow","max-snippet":"max-snippet:-1","max-image-preview":"max-image-preview:large","max-video-preview":"max-video-preview:-1"},"canonical":"https:\/\/tourcruiser.com\/fr\/products\/grade-school-air-jordan-5-low-fundamental-dx4390-116\/","og_locale":"fr_FR","og_type":"article","og_title":"(Grade School) Air Jordan 5 Low 'Fundamental' DX4390-116 - TOURCRUISER PTE. LTD","og_description":"Les sneakers Air Jordan 5 Low Fundamental (GS) de Jordan sont un incontournable pour les fans de sneakers. Con\u00e7ues pour allier style et confort, elles arborent une silhouette basse et le logo embl\u00e9matique Air Jordan. Gr\u00e2ce \u00e0 leurs mat\u00e9riaux haut de gamme, elles offrent un maintien parfait et une durabilit\u00e9 exceptionnelle. Que ce soit sur [&hellip;]","og_url":"https:\/\/tourcruiser.com\/fr\/products\/grade-school-air-jordan-5-low-fundamental-dx4390-116\/","og_site_name":"Tourcruiser Sneaker Store","article_modified_time":"2026-04-17T16:06:20+00:00","twitter_card":"summary_large_image","twitter_image":"https:\/\/images.novelship.com\/product\/air_jordan_5_low__fundamental___gs__0_80583.jpeg;https:\/\/images.novelship.com\/product\/air_jordan_5_low__fundamental___gs__1_80583.jpeg;https:\/\/images.novelship.com\/product\/air_jordan_5_low__fundamental___gs__2_80583.jpeg;https:\/\/images.novelship.com\/product\/air_jordan_5_low__fundamental___gs__3_80584.jpeg;https:\/\/images.novelship.com\/product\/air_jordan_5_low__fundamental___gs__4_80584.jpeg;https:\/\/images.novelship.com\/product\/air_jordan_5_low__fundamental___gs__5_80584.jpeg;https:\/\/images.novelship.com\/product\/air_jordan_5_low__fundamental___gs__6_80584.jpeg;https:\/\/images.novelship.com\/product\/air_jordan_5_low__fundamental___gs__7_80584.jpeg","twitter_misc":{"Dur\u00e9e de lecture estim\u00e9e":"1 minute"},"schema":{"@context":"https:\/\/schema.org","@graph":[{"@type":"WebPage","@id":"https:\/\/tourcruiser.com\/fr\/products\/grade-school-air-jordan-5-low-fundamental-dx4390-116\/","url":"https:\/\/tourcruiser.com\/fr\/products\/grade-school-air-jordan-5-low-fundamental-dx4390-116\/","name":"(Grade School) Air Jordan 5 Low 'Fundamental' DX4390-116 - TOURCRUISER PTE. LTD","isPartOf":{"@id":"\/#website"},"primaryImageOfPage":{"@id":"https:\/\/tourcruiser.com\/fr\/products\/grade-school-air-jordan-5-low-fundamental-dx4390-116\/#primaryimage"},"image":{"@id":"https:\/\/tourcruiser.com\/fr\/products\/grade-school-air-jordan-5-low-fundamental-dx4390-116\/#primaryimage"},"thumbnailUrl":"https:\/\/images.novelship.com\/product\/air_jordan_5_low__fundamental___gs__0_80583.jpeg;https:\/\/images.novelship.com\/product\/air_jordan_5_low__fundamental___gs__1_80583.jpeg;https:\/\/images.novelship.com\/product\/air_jordan_5_low__fundamental___gs__2_80583.jpeg;https:\/\/images.novelship.com\/product\/air_jordan_5_low__fundamental___gs__3_80584.jpeg;https:\/\/images.novelship.com\/product\/air_jordan_5_low__fundamental___gs__4_80584.jpeg;https:\/\/images.novelship.com\/product\/air_jordan_5_low__fundamental___gs__5_80584.jpeg;https:\/\/images.novelship.com\/product\/air_jordan_5_low__fundamental___gs__6_80584.jpeg;https:\/\/images.novelship.com\/product\/air_jordan_5_low__fundamental___gs__7_80584.jpeg","datePublished":"2026-04-16T10:15:30+00:00","dateModified":"2026-04-17T16:06:20+00:00","breadcrumb":{"@id":"https:\/\/tourcruiser.com\/fr\/products\/grade-school-air-jordan-5-low-fundamental-dx4390-116\/#breadcrumb"},"inLanguage":"fr-FR","potentialAction":[{"@type":"ReadAction","target":["https:\/\/tourcruiser.com\/fr\/products\/grade-school-air-jordan-5-low-fundamental-dx4390-116\/"]}]},{"@type":"ImageObject","inLanguage":"fr-FR","@id":"https:\/\/tourcruiser.com\/fr\/products\/grade-school-air-jordan-5-low-fundamental-dx4390-116\/#primaryimage","url":"https:\/\/images.novelship.com\/product\/air_jordan_5_low__fundamental___gs__0_80583.jpeg;https:\/\/images.novelship.com\/product\/air_jordan_5_low__fundamental___gs__1_80583.jpeg;https:\/\/images.novelship.com\/product\/air_jordan_5_low__fundamental___gs__2_80583.jpeg;https:\/\/images.novelship.com\/product\/air_jordan_5_low__fundamental___gs__3_80584.jpeg;https:\/\/images.novelship.com\/product\/air_jordan_5_low__fundamental___gs__4_80584.jpeg;https:\/\/images.novelship.com\/product\/air_jordan_5_low__fundamental___gs__5_80584.jpeg;https:\/\/images.novelship.com\/product\/air_jordan_5_low__fundamental___gs__6_80584.jpeg;https:\/\/images.novelship.com\/product\/air_jordan_5_low__fundamental___gs__7_80584.jpeg","contentUrl":"https:\/\/images.novelship.com\/product\/air_jordan_5_low__fundamental___gs__0_80583.jpeg;https:\/\/images.novelship.com\/product\/air_jordan_5_low__fundamental___gs__1_80583.jpeg;https:\/\/images.novelship.com\/product\/air_jordan_5_low__fundamental___gs__2_80583.jpeg;https:\/\/images.novelship.com\/product\/air_jordan_5_low__fundamental___gs__3_80584.jpeg;https:\/\/images.novelship.com\/product\/air_jordan_5_low__fundamental___gs__4_80584.jpeg;https:\/\/images.novelship.com\/product\/air_jordan_5_low__fundamental___gs__5_80584.jpeg;https:\/\/images.novelship.com\/product\/air_jordan_5_low__fundamental___gs__6_80584.jpeg;https:\/\/images.novelship.com\/product\/air_jordan_5_low__fundamental___gs__7_80584.jpeg"},{"@type":"BreadcrumbList","@id":"https:\/\/tourcruiser.com\/fr\/products\/grade-school-air-jordan-5-low-fundamental-dx4390-116\/#breadcrumb","itemListElement":[{"@type":"ListItem","position":1,"name":"Home","item":"https:\/\/tourcruiser.com\/fr\/"},{"@type":"ListItem","position":2,"name":"Shop","item":"https:\/\/tourcruiser.com\/fr\/shop\/"},{"@type":"ListItem","position":3,"name":"(Grade School) Air Jordan 5 Low &#8216;Fundamental&#8217; DX4390-116"}]},{"@type":"WebSite","@id":"\/#website","url":"\/","name":"Styloral Jewelry Shop","description":"Tourcruiser Sneaker Store \u2014 L\u2019endroit o\u00f9 l\u2019univers rencontre votre singularit\u00e9.","publisher":{"@id":"\/#organization"},"potentialAction":[{"@type":"SearchAction","target":{"@type":"EntryPoint","urlTemplate":"\/?s={search_term_string}"},"query-input":{"@type":"PropertyValueSpecification","valueRequired":true,"valueName":"search_term_string"}}],"inLanguage":"fr-FR"},{"@type":"Organization","@id":"\/#organization","name":"STYLORAL PTE. LTD","url":"\/","logo":{"@type":"ImageObject","inLanguage":"fr-FR","@id":"\/#\/schema\/logo\/image\/","url":"https:\/\/www.tourcruiser.com\/wp-content\/uploads\/2025\/12\/logo.png","contentUrl":"https:\/\/www.tourcruiser.com\/wp-content\/uploads\/2025\/12\/logo.png","width":200,"height":65,"caption":"STYLORAL PTE. LTD"},"image":{"@id":"\/#\/schema\/logo\/image\/"}}]}},"_links":{"self":[{"href":"https:\/\/tourcruiser.com\/fr\/wp-json\/wp\/v2\/product\/772663","targetHints":{"allow":["GET"]}}],"collection":[{"href":"https:\/\/tourcruiser.com\/fr\/wp-json\/wp\/v2\/product"}],"about":[{"href":"https:\/\/tourcruiser.com\/fr\/wp-json\/wp\/v2\/types\/product"}],"replies":[{"embeddable":true,"href":"https:\/\/tourcruiser.com\/fr\/wp-json\/wp\/v2\/comments?post=772663"}],"wp:featuredmedia":[{"embeddable":true,"href":"https:\/\/tourcruiser.com\/fr\/wp-json\/wp\/v2\/media\/772664"}],"wp:attachment":[{"href":"https:\/\/tourcruiser.com\/fr\/wp-json\/wp\/v2\/media?parent=772663"}],"wp:term":[{"taxonomy":"product_brand","embeddable":true,"href":"https:\/\/tourcruiser.com\/fr\/wp-json\/wp\/v2\/product_brand?post=772663"},{"taxonomy":"product_cat","embeddable":true,"href":"https:\/\/tourcruiser.com\/fr\/wp-json\/wp\/v2\/product_cat?post=772663"},{"taxonomy":"product_tag","embeddable":true,"href":"https:\/\/tourcruiser.com\/fr\/wp-json\/wp\/v2\/product_tag?post=772663"}],"curies":[{"name":"wp","href":"https:\/\/api.w.org\/{rel}","templated":true}]}}