{"id":772658,"date":"2026-04-16T17:15:30","date_gmt":"2026-04-16T10:15:30","guid":{"rendered":"http:\/\/tourcruiser.com\/product\/youth-nike-air-force-1-white-midnight-navy-fv5948-104"},"modified":"2026-04-17T23:06:19","modified_gmt":"2026-04-17T16:06:19","slug":"youth-nike-air-force-1-white-midnight-navy-fv5948-104","status":"publish","type":"product","link":"https:\/\/tourcruiser.com\/fr\/products\/youth-nike-air-force-1-white-midnight-navy-fv5948-104\/","title":{"rendered":"(Youth) Nike Air Force 1 &lsquo;White Midnight Navy&rsquo; FV5948-104"},"content":{"rendered":"<p>Affirmez votre style avec la Nike Air Force 1 \u00ab\u00a0White Midnight Navy\u00a0\u00bb FV5948-104 pour adolescents. Cette sneaker iconique allie un design intemporel \u00e0 un confort moderne. Son empeigne en cuir blanc \u00e9clatant est rehauss\u00e9e de d\u00e9tails bleu nuit saisissants. La semelle ext\u00e9rieure en caoutchouc r\u00e9sistant offre une excellente adh\u00e9rence, tandis que la semelle int\u00e9rieure rembourr\u00e9e assure un confort optimal tout au long de la journ\u00e9e. Que ce soit pour l&rsquo;\u00e9cole ou les loisirs, cette chaussure polyvalente sublime toutes vos tenues. Pr\u00e9parez-vous \u00e0 faire sensation avec la qualit\u00e9 et le style incomparables de Nike.<\/p>\n<p>Coloris\u00a0: Blanc\/Gris\/Bleu marine<\/p>\n<p>Code article\u00a0: FV5948-104<\/p>\n<p>Empeigne\u00a0: Cuir<\/p>\n<p>Semelle interm\u00e9diaire\u00a0: Air<\/p>\n<p>Couleur\u00a0: Blanc<\/p>\n<p>Cr\u00e9ateur\u00a0: Bruce Kilgore<\/p>\n<p>Ann\u00e9e de sortie\u00a0: 2024<\/p>\n<p>\u00c2ge\u00a0: Adulte<\/p>\n<p>Couleur\u00a0: Blanc\/Corail\/Baie du d\u00e9sert\/Noir<\/p>\n<p>Genre\u00a0: Adolescent<\/p>\n","protected":false},"excerpt":{"rendered":"<p>Affirmez votre style avec la Nike Air Force 1 \u00ab\u00a0White Midnight Navy\u00a0\u00bb FV5948-104 pour adolescents. Cette sneaker iconique allie un design intemporel \u00e0 un confort moderne. Son empeigne en cuir blanc \u00e9clatant est rehauss\u00e9e de d\u00e9tails bleu nuit saisissants. La semelle ext\u00e9rieure en caoutchouc r\u00e9sistant offre une excellente adh\u00e9rence, tandis que la semelle int\u00e9rieure rembourr\u00e9e [&hellip;]<\/p>\n","protected":false},"featured_media":772659,"comment_status":"open","ping_status":"closed","template":"","meta":[],"product_brand":[],"product_cat":[10803],"product_tag":[10750,38917,38918,10801,10756],"class_list":{"0":"post-772658","1":"product","2":"type-product","3":"status-publish","4":"has-post-thumbnail","6":"product_cat-nike","7":"product_tag-athleisure-shoes","8":"product_tag-casual-shoes-for-children","9":"product_tag-children-s-sneakers","10":"product_tag-nike","11":"product_tag-retro-casual-shoes","12":"wcpa_has_options","14":"first","15":"instock","16":"taxable","17":"shipping-taxable","18":"purchasable","19":"product-type-simple"},"wcpa_form_fields":{"rules":{"pric_overide_base_price":false,"pric_overide_base_price_if_gt_zero":false,"pric_overide_base_price_fully":false,"pric_cal_option_once":false,"pric_use_as_fee":false,"bind_quantity":false,"quantity_bind_formula":false},"fields":[{"type":"color-group","required":true,"elementId":"wcpa-color-group-66c4a75505e74","label":"Taille","inline":true,"priceOptions":"different_for_all","pricingType":"fixed","className":"hassizechart product-shoes-size-eu product-shoes-size","name":"color-group-66c4a75505e89","disp_type":"square","selection_type":"tick-border","disp_size":"44","show_label_inside":true,"adjust_width":true,"cart_display_type":"text","other_text":"Other","cl_rule":"show","col":6,"values":[{"label":"35.5","value":"EU 35.5","price":"","pimage":"","pimage_id":"","pthumb":"","color":""},{"label":"36","value":"EU 36","price":"","pimage":"","pimage_id":"","pthumb":"","color":"","selected":true},{"label":"36.5","value":"EU 36.5","price":"","pimage":"","pimage_id":"","pthumb":"","color":""},{"label":"37.5","value":"EU 37.5","price":"","pimage":"","pimage_id":"","pthumb":"","color":""},{"label":"38","value":"EU 38","price":"","pimage":"","pimage_id":"","pthumb":"","color":""},{"label":"38.5","value":"EU 38.5","price":"","pimage":"","pimage_id":"","pthumb":"","color":""},{"label":"39","value":"EU 39","price":"","pimage":"","pimage_id":"","pthumb":"","color":""},{"label":"40","value":"EU 40","price":"","pimage":"","pimage_id":"","pthumb":"","color":""},{"label":"40.5","value":"EU 40.5","price":"","pimage":"","pimage_id":"","pthumb":"","color":""},{"label":"41","value":"EU 41","price":"","pimage":"","pimage_id":"","pthumb":"","color":""},{"label":"42","value":"EU 42","price":"","pimage":"","pimage_id":"","pthumb":"","color":""},{"label":"42.5","value":"EU 42.5","price":"","pimage":"","pimage_id":"","pthumb":"","color":""},{"label":"43","value":"EU 43","price":"","pimage":"","pimage_id":"","pthumb":"","color":""},{"label":"44","value":"EU 44","price":"","pimage":"","pimage_id":"","pthumb":"","color":""},{"label":"44.5","value":"EU 44.5","price":"","pimage":"","pimage_id":"","pthumb":"","color":""},{"label":"45","value":"EU 45","price":"","pimage":"","pimage_id":"","pthumb":"","color":""},{"label":"45.5","value":"EU 45.5","price":"","pimage":"","pimage_id":"","pthumb":"","color":""},{"label":"46","value":"EU 46","price":"","pimage":"","pimage_id":"","pthumb":"","color":""},{"label":"47","value":"EU 47","price":"","pimage":"","pimage_id":"","pthumb":"","color":""},{"label":"47.5","value":"EU 47.5","price":"","pimage":"","pimage_id":"","pthumb":"","color":""},{"label":"48","value":"EU 48","price":"","pimage":"","pimage_id":"","pthumb":"","color":""}],"relations":[{"operator":false,"rules":[]}],"form_id":18106,"form_rules":{"pric_cal_option_once":false,"exclude_from_discount":false,"pric_use_as_fee":false,"fee_label":"Fee","render_after_acb":false,"disp_hide_options_price":false}}]},"yoast_head":"<!-- This site is optimized with the Yoast SEO plugin v26.5 - https:\/\/yoast.com\/wordpress\/plugins\/seo\/ -->\n<title>(Youth) Nike Air Force 1 &#039;White Midnight Navy&#039; FV5948-104 - TOURCRUISER PTE. LTD<\/title>\n<meta name=\"robots\" content=\"index, follow, max-snippet:-1, max-image-preview:large, max-video-preview:-1\" \/>\n<link rel=\"canonical\" href=\"https:\/\/tourcruiser.com\/fr\/products\/youth-nike-air-force-1-white-midnight-navy-fv5948-104\/\" \/>\n<meta property=\"og:locale\" content=\"fr_FR\" \/>\n<meta property=\"og:type\" content=\"article\" \/>\n<meta property=\"og:title\" content=\"(Youth) Nike Air Force 1 &#039;White Midnight Navy&#039; FV5948-104 - TOURCRUISER PTE. LTD\" \/>\n<meta property=\"og:description\" content=\"Affirmez votre style avec la Nike Air Force 1 \u00ab\u00a0White Midnight Navy\u00a0\u00bb FV5948-104 pour adolescents. Cette sneaker iconique allie un design intemporel \u00e0 un confort moderne. Son empeigne en cuir blanc \u00e9clatant est rehauss\u00e9e de d\u00e9tails bleu nuit saisissants. La semelle ext\u00e9rieure en caoutchouc r\u00e9sistant offre une excellente adh\u00e9rence, tandis que la semelle int\u00e9rieure rembourr\u00e9e [&hellip;]\" \/>\n<meta property=\"og:url\" content=\"https:\/\/tourcruiser.com\/fr\/products\/youth-nike-air-force-1-white-midnight-navy-fv5948-104\/\" \/>\n<meta property=\"og:site_name\" content=\"Tourcruiser Sneaker Store\" \/>\n<meta property=\"article:modified_time\" content=\"2026-04-17T16:06:19+00:00\" \/>\n<meta name=\"twitter:card\" content=\"summary_large_image\" \/>\n<meta name=\"twitter:image\" content=\"https:\/\/images.novelship.com\/product\/_youth__nike_air_force_1__white_midnight_navy__fv5_0_18479.jpeg;https:\/\/images.novelship.com\/product\/_youth__nike_air_force_1__white_midnight_navy__fv5_1_18479.jpeg;https:\/\/images.novelship.com\/product\/_youth__nike_air_force_1__white_midnight_navy__fv5_2_18479.jpeg;https:\/\/images.novelship.com\/product\/_youth__nike_air_force_1__white_midnight_navy__fv5_3_18479.jpeg\" \/>\n<meta name=\"twitter:label1\" content=\"Dur\u00e9e de lecture estim\u00e9e\" \/>\n\t<meta name=\"twitter:data1\" content=\"1 minute\" \/>\n<script type=\"application\/ld+json\" class=\"yoast-schema-graph\">{\"@context\":\"https:\/\/schema.org\",\"@graph\":[{\"@type\":\"WebPage\",\"@id\":\"https:\/\/tourcruiser.com\/fr\/products\/youth-nike-air-force-1-white-midnight-navy-fv5948-104\/\",\"url\":\"https:\/\/tourcruiser.com\/fr\/products\/youth-nike-air-force-1-white-midnight-navy-fv5948-104\/\",\"name\":\"(Youth) Nike Air Force 1 'White Midnight Navy' FV5948-104 - TOURCRUISER PTE. LTD\",\"isPartOf\":{\"@id\":\"\/#website\"},\"primaryImageOfPage\":{\"@id\":\"https:\/\/tourcruiser.com\/fr\/products\/youth-nike-air-force-1-white-midnight-navy-fv5948-104\/#primaryimage\"},\"image\":{\"@id\":\"https:\/\/tourcruiser.com\/fr\/products\/youth-nike-air-force-1-white-midnight-navy-fv5948-104\/#primaryimage\"},\"thumbnailUrl\":\"https:\/\/images.novelship.com\/product\/_youth__nike_air_force_1__white_midnight_navy__fv5_0_18479.jpeg;https:\/\/images.novelship.com\/product\/_youth__nike_air_force_1__white_midnight_navy__fv5_1_18479.jpeg;https:\/\/images.novelship.com\/product\/_youth__nike_air_force_1__white_midnight_navy__fv5_2_18479.jpeg;https:\/\/images.novelship.com\/product\/_youth__nike_air_force_1__white_midnight_navy__fv5_3_18479.jpeg\",\"datePublished\":\"2026-04-16T10:15:30+00:00\",\"dateModified\":\"2026-04-17T16:06:19+00:00\",\"breadcrumb\":{\"@id\":\"https:\/\/tourcruiser.com\/fr\/products\/youth-nike-air-force-1-white-midnight-navy-fv5948-104\/#breadcrumb\"},\"inLanguage\":\"fr-FR\",\"potentialAction\":[{\"@type\":\"ReadAction\",\"target\":[\"https:\/\/tourcruiser.com\/fr\/products\/youth-nike-air-force-1-white-midnight-navy-fv5948-104\/\"]}]},{\"@type\":\"ImageObject\",\"inLanguage\":\"fr-FR\",\"@id\":\"https:\/\/tourcruiser.com\/fr\/products\/youth-nike-air-force-1-white-midnight-navy-fv5948-104\/#primaryimage\",\"url\":\"https:\/\/images.novelship.com\/product\/_youth__nike_air_force_1__white_midnight_navy__fv5_0_18479.jpeg;https:\/\/images.novelship.com\/product\/_youth__nike_air_force_1__white_midnight_navy__fv5_1_18479.jpeg;https:\/\/images.novelship.com\/product\/_youth__nike_air_force_1__white_midnight_navy__fv5_2_18479.jpeg;https:\/\/images.novelship.com\/product\/_youth__nike_air_force_1__white_midnight_navy__fv5_3_18479.jpeg\",\"contentUrl\":\"https:\/\/images.novelship.com\/product\/_youth__nike_air_force_1__white_midnight_navy__fv5_0_18479.jpeg;https:\/\/images.novelship.com\/product\/_youth__nike_air_force_1__white_midnight_navy__fv5_1_18479.jpeg;https:\/\/images.novelship.com\/product\/_youth__nike_air_force_1__white_midnight_navy__fv5_2_18479.jpeg;https:\/\/images.novelship.com\/product\/_youth__nike_air_force_1__white_midnight_navy__fv5_3_18479.jpeg\"},{\"@type\":\"BreadcrumbList\",\"@id\":\"https:\/\/tourcruiser.com\/fr\/products\/youth-nike-air-force-1-white-midnight-navy-fv5948-104\/#breadcrumb\",\"itemListElement\":[{\"@type\":\"ListItem\",\"position\":1,\"name\":\"Home\",\"item\":\"https:\/\/tourcruiser.com\/fr\/\"},{\"@type\":\"ListItem\",\"position\":2,\"name\":\"Shop\",\"item\":\"https:\/\/tourcruiser.com\/fr\/shop\/\"},{\"@type\":\"ListItem\",\"position\":3,\"name\":\"(Youth) Nike Air Force 1 &#8216;White Midnight Navy&#8217; FV5948-104\"}]},{\"@type\":\"WebSite\",\"@id\":\"\/#website\",\"url\":\"\/\",\"name\":\"Styloral Jewelry Shop\",\"description\":\"Tourcruiser Sneaker Store \u2014 L\u2019endroit o\u00f9 l\u2019univers rencontre votre singularit\u00e9.\",\"publisher\":{\"@id\":\"\/#organization\"},\"potentialAction\":[{\"@type\":\"SearchAction\",\"target\":{\"@type\":\"EntryPoint\",\"urlTemplate\":\"\/?s={search_term_string}\"},\"query-input\":{\"@type\":\"PropertyValueSpecification\",\"valueRequired\":true,\"valueName\":\"search_term_string\"}}],\"inLanguage\":\"fr-FR\"},{\"@type\":\"Organization\",\"@id\":\"\/#organization\",\"name\":\"STYLORAL PTE. LTD\",\"url\":\"\/\",\"logo\":{\"@type\":\"ImageObject\",\"inLanguage\":\"fr-FR\",\"@id\":\"\/#\/schema\/logo\/image\/\",\"url\":\"https:\/\/www.tourcruiser.com\/wp-content\/uploads\/2025\/12\/logo.png\",\"contentUrl\":\"https:\/\/www.tourcruiser.com\/wp-content\/uploads\/2025\/12\/logo.png\",\"width\":200,\"height\":65,\"caption\":\"STYLORAL PTE. LTD\"},\"image\":{\"@id\":\"\/#\/schema\/logo\/image\/\"}}]}<\/script>\n<!-- \/ Yoast SEO plugin. -->","yoast_head_json":{"title":"(Youth) Nike Air Force 1 'White Midnight Navy' FV5948-104 - TOURCRUISER PTE. LTD","robots":{"index":"index","follow":"follow","max-snippet":"max-snippet:-1","max-image-preview":"max-image-preview:large","max-video-preview":"max-video-preview:-1"},"canonical":"https:\/\/tourcruiser.com\/fr\/products\/youth-nike-air-force-1-white-midnight-navy-fv5948-104\/","og_locale":"fr_FR","og_type":"article","og_title":"(Youth) Nike Air Force 1 'White Midnight Navy' FV5948-104 - TOURCRUISER PTE. LTD","og_description":"Affirmez votre style avec la Nike Air Force 1 \u00ab\u00a0White Midnight Navy\u00a0\u00bb FV5948-104 pour adolescents. Cette sneaker iconique allie un design intemporel \u00e0 un confort moderne. Son empeigne en cuir blanc \u00e9clatant est rehauss\u00e9e de d\u00e9tails bleu nuit saisissants. La semelle ext\u00e9rieure en caoutchouc r\u00e9sistant offre une excellente adh\u00e9rence, tandis que la semelle int\u00e9rieure rembourr\u00e9e [&hellip;]","og_url":"https:\/\/tourcruiser.com\/fr\/products\/youth-nike-air-force-1-white-midnight-navy-fv5948-104\/","og_site_name":"Tourcruiser Sneaker Store","article_modified_time":"2026-04-17T16:06:19+00:00","twitter_card":"summary_large_image","twitter_image":"https:\/\/images.novelship.com\/product\/_youth__nike_air_force_1__white_midnight_navy__fv5_0_18479.jpeg;https:\/\/images.novelship.com\/product\/_youth__nike_air_force_1__white_midnight_navy__fv5_1_18479.jpeg;https:\/\/images.novelship.com\/product\/_youth__nike_air_force_1__white_midnight_navy__fv5_2_18479.jpeg;https:\/\/images.novelship.com\/product\/_youth__nike_air_force_1__white_midnight_navy__fv5_3_18479.jpeg","twitter_misc":{"Dur\u00e9e de lecture estim\u00e9e":"1 minute"},"schema":{"@context":"https:\/\/schema.org","@graph":[{"@type":"WebPage","@id":"https:\/\/tourcruiser.com\/fr\/products\/youth-nike-air-force-1-white-midnight-navy-fv5948-104\/","url":"https:\/\/tourcruiser.com\/fr\/products\/youth-nike-air-force-1-white-midnight-navy-fv5948-104\/","name":"(Youth) Nike Air Force 1 'White Midnight Navy' FV5948-104 - TOURCRUISER PTE. LTD","isPartOf":{"@id":"\/#website"},"primaryImageOfPage":{"@id":"https:\/\/tourcruiser.com\/fr\/products\/youth-nike-air-force-1-white-midnight-navy-fv5948-104\/#primaryimage"},"image":{"@id":"https:\/\/tourcruiser.com\/fr\/products\/youth-nike-air-force-1-white-midnight-navy-fv5948-104\/#primaryimage"},"thumbnailUrl":"https:\/\/images.novelship.com\/product\/_youth__nike_air_force_1__white_midnight_navy__fv5_0_18479.jpeg;https:\/\/images.novelship.com\/product\/_youth__nike_air_force_1__white_midnight_navy__fv5_1_18479.jpeg;https:\/\/images.novelship.com\/product\/_youth__nike_air_force_1__white_midnight_navy__fv5_2_18479.jpeg;https:\/\/images.novelship.com\/product\/_youth__nike_air_force_1__white_midnight_navy__fv5_3_18479.jpeg","datePublished":"2026-04-16T10:15:30+00:00","dateModified":"2026-04-17T16:06:19+00:00","breadcrumb":{"@id":"https:\/\/tourcruiser.com\/fr\/products\/youth-nike-air-force-1-white-midnight-navy-fv5948-104\/#breadcrumb"},"inLanguage":"fr-FR","potentialAction":[{"@type":"ReadAction","target":["https:\/\/tourcruiser.com\/fr\/products\/youth-nike-air-force-1-white-midnight-navy-fv5948-104\/"]}]},{"@type":"ImageObject","inLanguage":"fr-FR","@id":"https:\/\/tourcruiser.com\/fr\/products\/youth-nike-air-force-1-white-midnight-navy-fv5948-104\/#primaryimage","url":"https:\/\/images.novelship.com\/product\/_youth__nike_air_force_1__white_midnight_navy__fv5_0_18479.jpeg;https:\/\/images.novelship.com\/product\/_youth__nike_air_force_1__white_midnight_navy__fv5_1_18479.jpeg;https:\/\/images.novelship.com\/product\/_youth__nike_air_force_1__white_midnight_navy__fv5_2_18479.jpeg;https:\/\/images.novelship.com\/product\/_youth__nike_air_force_1__white_midnight_navy__fv5_3_18479.jpeg","contentUrl":"https:\/\/images.novelship.com\/product\/_youth__nike_air_force_1__white_midnight_navy__fv5_0_18479.jpeg;https:\/\/images.novelship.com\/product\/_youth__nike_air_force_1__white_midnight_navy__fv5_1_18479.jpeg;https:\/\/images.novelship.com\/product\/_youth__nike_air_force_1__white_midnight_navy__fv5_2_18479.jpeg;https:\/\/images.novelship.com\/product\/_youth__nike_air_force_1__white_midnight_navy__fv5_3_18479.jpeg"},{"@type":"BreadcrumbList","@id":"https:\/\/tourcruiser.com\/fr\/products\/youth-nike-air-force-1-white-midnight-navy-fv5948-104\/#breadcrumb","itemListElement":[{"@type":"ListItem","position":1,"name":"Home","item":"https:\/\/tourcruiser.com\/fr\/"},{"@type":"ListItem","position":2,"name":"Shop","item":"https:\/\/tourcruiser.com\/fr\/shop\/"},{"@type":"ListItem","position":3,"name":"(Youth) Nike Air Force 1 &#8216;White Midnight Navy&#8217; FV5948-104"}]},{"@type":"WebSite","@id":"\/#website","url":"\/","name":"Styloral Jewelry Shop","description":"Tourcruiser Sneaker Store \u2014 L\u2019endroit o\u00f9 l\u2019univers rencontre votre singularit\u00e9.","publisher":{"@id":"\/#organization"},"potentialAction":[{"@type":"SearchAction","target":{"@type":"EntryPoint","urlTemplate":"\/?s={search_term_string}"},"query-input":{"@type":"PropertyValueSpecification","valueRequired":true,"valueName":"search_term_string"}}],"inLanguage":"fr-FR"},{"@type":"Organization","@id":"\/#organization","name":"STYLORAL PTE. LTD","url":"\/","logo":{"@type":"ImageObject","inLanguage":"fr-FR","@id":"\/#\/schema\/logo\/image\/","url":"https:\/\/www.tourcruiser.com\/wp-content\/uploads\/2025\/12\/logo.png","contentUrl":"https:\/\/www.tourcruiser.com\/wp-content\/uploads\/2025\/12\/logo.png","width":200,"height":65,"caption":"STYLORAL PTE. LTD"},"image":{"@id":"\/#\/schema\/logo\/image\/"}}]}},"_links":{"self":[{"href":"https:\/\/tourcruiser.com\/fr\/wp-json\/wp\/v2\/product\/772658","targetHints":{"allow":["GET"]}}],"collection":[{"href":"https:\/\/tourcruiser.com\/fr\/wp-json\/wp\/v2\/product"}],"about":[{"href":"https:\/\/tourcruiser.com\/fr\/wp-json\/wp\/v2\/types\/product"}],"replies":[{"embeddable":true,"href":"https:\/\/tourcruiser.com\/fr\/wp-json\/wp\/v2\/comments?post=772658"}],"wp:featuredmedia":[{"embeddable":true,"href":"https:\/\/tourcruiser.com\/fr\/wp-json\/wp\/v2\/media\/772659"}],"wp:attachment":[{"href":"https:\/\/tourcruiser.com\/fr\/wp-json\/wp\/v2\/media?parent=772658"}],"wp:term":[{"taxonomy":"product_brand","embeddable":true,"href":"https:\/\/tourcruiser.com\/fr\/wp-json\/wp\/v2\/product_brand?post=772658"},{"taxonomy":"product_cat","embeddable":true,"href":"https:\/\/tourcruiser.com\/fr\/wp-json\/wp\/v2\/product_cat?post=772658"},{"taxonomy":"product_tag","embeddable":true,"href":"https:\/\/tourcruiser.com\/fr\/wp-json\/wp\/v2\/product_tag?post=772658"}],"curies":[{"name":"wp","href":"https:\/\/api.w.org\/{rel}","templated":true}]}}