{"id":772649,"date":"2026-04-16T17:15:30","date_gmt":"2026-04-16T10:15:30","guid":{"rendered":"http:\/\/tourcruiser.com\/product\/nike-air-force-1-07-valentines-day-2023-fd9925-161"},"modified":"2026-04-17T23:06:19","modified_gmt":"2026-04-17T16:06:19","slug":"nike-air-force-1-07-valentines-day-2023-fd9925-161","status":"publish","type":"product","link":"https:\/\/tourcruiser.com\/fr\/products\/nike-air-force-1-07-valentines-day-2023-fd9925-161\/","title":{"rendered":"Nike Air Force 1 &rsquo;07 &lsquo;Valentine&rsquo;s Day 2023&rsquo; FD9925-161"},"content":{"rendered":"<p>D\u00e9couvrez les sneakers Nike Air Force 1 Low 07 Valentine&rsquo;s Day beiges. Ces chaussures \u00e9l\u00e9gantes de Nike sont parfaites pour c\u00e9l\u00e9brer l&rsquo;amour et le romantisme. Avec leur design iconique et leur confort optimal, elles sont un incontournable pour tous les fans de sneakers. Faites sensation et affirmez votre style avec les Nike Air Force 1 Low 07 Valentine&rsquo;s Day.<\/p>\n<p>Coloris\u00a0: Ivoire clair\/Rose moyen\/Blanc\/Marron nuit\/Rose moyen\/Ivoire clair<\/p>\n<p>Code article\u00a0: FD9925-161<\/p>\n<p>Tige\u00a0: Cuir<\/p>\n<p>Semelle interm\u00e9diaire\u00a0: Air<\/p>\n<p>Designer\u00a0: Bruce Kilgore<\/p>\n<p>Ann\u00e9e de sortie\u00a0: 2023<\/p>\n<p>\u00c2ge\u00a0: Adulte<\/p>\n<p>Coloris\u00a0: Blanc\/Gris football\/Bleu marine<\/p>\n<p>Genre\u00a0: Homme<\/p>\n","protected":false},"excerpt":{"rendered":"<p>D\u00e9couvrez les sneakers Nike Air Force 1 Low 07 Valentine&rsquo;s Day beiges. Ces chaussures \u00e9l\u00e9gantes de Nike sont parfaites pour c\u00e9l\u00e9brer l&rsquo;amour et le romantisme. Avec leur design iconique et leur confort optimal, elles sont un incontournable pour tous les fans de sneakers. Faites sensation et affirmez votre style avec les Nike Air Force 1 [&hellip;]<\/p>\n","protected":false},"featured_media":772650,"comment_status":"open","ping_status":"closed","template":"","meta":[],"product_brand":[],"product_cat":[10803],"product_tag":[10800,38839,38841,38842,38886,10801,38846],"class_list":{"0":"post-772649","1":"product","2":"type-product","3":"status-publish","4":"has-post-thumbnail","6":"product_cat-nike","7":"product_tag-basketball-shoes","8":"product_tag-basketball-shoes-with-ankle-support","9":"product_tag-casual-shoes","10":"product_tag-gift-idea-for-him","11":"product_tag-lifestyle-shoes-inspired-by-basketball","12":"product_tag-nike","13":"product_tag-performance-sports-shoes","14":"wcpa_has_options","16":"first","17":"instock","18":"taxable","19":"shipping-taxable","20":"purchasable","21":"product-type-simple"},"wcpa_form_fields":{"rules":{"pric_overide_base_price":false,"pric_overide_base_price_if_gt_zero":false,"pric_overide_base_price_fully":false,"pric_cal_option_once":false,"pric_use_as_fee":false,"bind_quantity":false,"quantity_bind_formula":false},"fields":[{"type":"color-group","required":true,"elementId":"wcpa-color-group-66c4a75505e74","label":"Taille","inline":true,"priceOptions":"different_for_all","pricingType":"fixed","className":"hassizechart product-shoes-size-eu product-shoes-size","name":"color-group-66c4a75505e89","disp_type":"square","selection_type":"tick-border","disp_size":"44","show_label_inside":true,"adjust_width":true,"cart_display_type":"text","other_text":"Other","cl_rule":"show","col":6,"values":[{"label":"35.5","value":"EU 35.5","price":"","pimage":"","pimage_id":"","pthumb":"","color":""},{"label":"36","value":"EU 36","price":"","pimage":"","pimage_id":"","pthumb":"","color":"","selected":true},{"label":"36.5","value":"EU 36.5","price":"","pimage":"","pimage_id":"","pthumb":"","color":""},{"label":"37.5","value":"EU 37.5","price":"","pimage":"","pimage_id":"","pthumb":"","color":""},{"label":"38","value":"EU 38","price":"","pimage":"","pimage_id":"","pthumb":"","color":""},{"label":"38.5","value":"EU 38.5","price":"","pimage":"","pimage_id":"","pthumb":"","color":""},{"label":"39","value":"EU 39","price":"","pimage":"","pimage_id":"","pthumb":"","color":""},{"label":"40","value":"EU 40","price":"","pimage":"","pimage_id":"","pthumb":"","color":""},{"label":"40.5","value":"EU 40.5","price":"","pimage":"","pimage_id":"","pthumb":"","color":""},{"label":"41","value":"EU 41","price":"","pimage":"","pimage_id":"","pthumb":"","color":""},{"label":"42","value":"EU 42","price":"","pimage":"","pimage_id":"","pthumb":"","color":""},{"label":"42.5","value":"EU 42.5","price":"","pimage":"","pimage_id":"","pthumb":"","color":""},{"label":"43","value":"EU 43","price":"","pimage":"","pimage_id":"","pthumb":"","color":""},{"label":"44","value":"EU 44","price":"","pimage":"","pimage_id":"","pthumb":"","color":""},{"label":"44.5","value":"EU 44.5","price":"","pimage":"","pimage_id":"","pthumb":"","color":""},{"label":"45","value":"EU 45","price":"","pimage":"","pimage_id":"","pthumb":"","color":""},{"label":"45.5","value":"EU 45.5","price":"","pimage":"","pimage_id":"","pthumb":"","color":""},{"label":"46","value":"EU 46","price":"","pimage":"","pimage_id":"","pthumb":"","color":""},{"label":"47","value":"EU 47","price":"","pimage":"","pimage_id":"","pthumb":"","color":""},{"label":"47.5","value":"EU 47.5","price":"","pimage":"","pimage_id":"","pthumb":"","color":""},{"label":"48","value":"EU 48","price":"","pimage":"","pimage_id":"","pthumb":"","color":""}],"relations":[{"operator":false,"rules":[]}],"form_id":18106,"form_rules":{"pric_cal_option_once":false,"exclude_from_discount":false,"pric_use_as_fee":false,"fee_label":"Fee","render_after_acb":false,"disp_hide_options_price":false}}]},"yoast_head":"<!-- This site is optimized with the Yoast SEO plugin v26.5 - https:\/\/yoast.com\/wordpress\/plugins\/seo\/ -->\n<title>Nike Air Force 1 &#039;07 &#039;Valentine&#039;s Day 2023&#039; FD9925-161 - TOURCRUISER PTE. LTD<\/title>\n<meta name=\"robots\" content=\"index, follow, max-snippet:-1, max-image-preview:large, max-video-preview:-1\" \/>\n<link rel=\"canonical\" href=\"https:\/\/tourcruiser.com\/fr\/products\/nike-air-force-1-07-valentines-day-2023-fd9925-161\/\" \/>\n<meta property=\"og:locale\" content=\"fr_FR\" \/>\n<meta property=\"og:type\" content=\"article\" \/>\n<meta property=\"og:title\" content=\"Nike Air Force 1 &#039;07 &#039;Valentine&#039;s Day 2023&#039; FD9925-161 - TOURCRUISER PTE. LTD\" \/>\n<meta property=\"og:description\" content=\"D\u00e9couvrez les sneakers Nike Air Force 1 Low 07 Valentine&rsquo;s Day beiges. Ces chaussures \u00e9l\u00e9gantes de Nike sont parfaites pour c\u00e9l\u00e9brer l&rsquo;amour et le romantisme. Avec leur design iconique et leur confort optimal, elles sont un incontournable pour tous les fans de sneakers. Faites sensation et affirmez votre style avec les Nike Air Force 1 [&hellip;]\" \/>\n<meta property=\"og:url\" content=\"https:\/\/tourcruiser.com\/fr\/products\/nike-air-force-1-07-valentines-day-2023-fd9925-161\/\" \/>\n<meta property=\"og:site_name\" content=\"Tourcruiser Sneaker Store\" \/>\n<meta property=\"article:modified_time\" content=\"2026-04-17T16:06:19+00:00\" \/>\n<meta name=\"twitter:card\" content=\"summary_large_image\" \/>\n<meta name=\"twitter:image\" content=\"https:\/\/images.novelship.com\/product\/nike_air_force_1__07__valentine_s_day_2023__fd9925_0_89632.jpeg;https:\/\/images.novelship.com\/product\/nike_air_force_1__07__valentine_s_day_2023__fd9925_1_89632.jpeg;https:\/\/images.novelship.com\/product\/nike_air_force_1__07__valentine_s_day_2023__fd9925_2_89632.jpeg;https:\/\/images.novelship.com\/product\/nike_air_force_1__07__valentine_s_day_2023__fd9925_3_89632.jpeg;https:\/\/images.novelship.com\/product\/nike_air_force_1__07__valentine_s_day_2023__fd9925_4_89632.jpeg;https:\/\/images.novelship.com\/product\/nike_air_force_1__07__valentine_s_day_2023__fd9925_5_89632.jpeg;https:\/\/images.novelship.com\/product\/nike_air_force_1__07__valentine_s_day_2023__fd9925_6_89632.jpeg;https:\/\/images.novelship.com\/product\/nike_air_force_1__07__valentine_s_day_2023__fd9925_7_89632.jpeg\" \/>\n<script type=\"application\/ld+json\" class=\"yoast-schema-graph\">{\"@context\":\"https:\/\/schema.org\",\"@graph\":[{\"@type\":\"WebPage\",\"@id\":\"https:\/\/tourcruiser.com\/fr\/products\/nike-air-force-1-07-valentines-day-2023-fd9925-161\/\",\"url\":\"https:\/\/tourcruiser.com\/fr\/products\/nike-air-force-1-07-valentines-day-2023-fd9925-161\/\",\"name\":\"Nike Air Force 1 '07 'Valentine's Day 2023' FD9925-161 - TOURCRUISER PTE. LTD\",\"isPartOf\":{\"@id\":\"\/#website\"},\"primaryImageOfPage\":{\"@id\":\"https:\/\/tourcruiser.com\/fr\/products\/nike-air-force-1-07-valentines-day-2023-fd9925-161\/#primaryimage\"},\"image\":{\"@id\":\"https:\/\/tourcruiser.com\/fr\/products\/nike-air-force-1-07-valentines-day-2023-fd9925-161\/#primaryimage\"},\"thumbnailUrl\":\"https:\/\/images.novelship.com\/product\/nike_air_force_1__07__valentine_s_day_2023__fd9925_0_89632.jpeg;https:\/\/images.novelship.com\/product\/nike_air_force_1__07__valentine_s_day_2023__fd9925_1_89632.jpeg;https:\/\/images.novelship.com\/product\/nike_air_force_1__07__valentine_s_day_2023__fd9925_2_89632.jpeg;https:\/\/images.novelship.com\/product\/nike_air_force_1__07__valentine_s_day_2023__fd9925_3_89632.jpeg;https:\/\/images.novelship.com\/product\/nike_air_force_1__07__valentine_s_day_2023__fd9925_4_89632.jpeg;https:\/\/images.novelship.com\/product\/nike_air_force_1__07__valentine_s_day_2023__fd9925_5_89632.jpeg;https:\/\/images.novelship.com\/product\/nike_air_force_1__07__valentine_s_day_2023__fd9925_6_89632.jpeg;https:\/\/images.novelship.com\/product\/nike_air_force_1__07__valentine_s_day_2023__fd9925_7_89632.jpeg\",\"datePublished\":\"2026-04-16T10:15:30+00:00\",\"dateModified\":\"2026-04-17T16:06:19+00:00\",\"breadcrumb\":{\"@id\":\"https:\/\/tourcruiser.com\/fr\/products\/nike-air-force-1-07-valentines-day-2023-fd9925-161\/#breadcrumb\"},\"inLanguage\":\"fr-FR\",\"potentialAction\":[{\"@type\":\"ReadAction\",\"target\":[\"https:\/\/tourcruiser.com\/fr\/products\/nike-air-force-1-07-valentines-day-2023-fd9925-161\/\"]}]},{\"@type\":\"ImageObject\",\"inLanguage\":\"fr-FR\",\"@id\":\"https:\/\/tourcruiser.com\/fr\/products\/nike-air-force-1-07-valentines-day-2023-fd9925-161\/#primaryimage\",\"url\":\"https:\/\/images.novelship.com\/product\/nike_air_force_1__07__valentine_s_day_2023__fd9925_0_89632.jpeg;https:\/\/images.novelship.com\/product\/nike_air_force_1__07__valentine_s_day_2023__fd9925_1_89632.jpeg;https:\/\/images.novelship.com\/product\/nike_air_force_1__07__valentine_s_day_2023__fd9925_2_89632.jpeg;https:\/\/images.novelship.com\/product\/nike_air_force_1__07__valentine_s_day_2023__fd9925_3_89632.jpeg;https:\/\/images.novelship.com\/product\/nike_air_force_1__07__valentine_s_day_2023__fd9925_4_89632.jpeg;https:\/\/images.novelship.com\/product\/nike_air_force_1__07__valentine_s_day_2023__fd9925_5_89632.jpeg;https:\/\/images.novelship.com\/product\/nike_air_force_1__07__valentine_s_day_2023__fd9925_6_89632.jpeg;https:\/\/images.novelship.com\/product\/nike_air_force_1__07__valentine_s_day_2023__fd9925_7_89632.jpeg\",\"contentUrl\":\"https:\/\/images.novelship.com\/product\/nike_air_force_1__07__valentine_s_day_2023__fd9925_0_89632.jpeg;https:\/\/images.novelship.com\/product\/nike_air_force_1__07__valentine_s_day_2023__fd9925_1_89632.jpeg;https:\/\/images.novelship.com\/product\/nike_air_force_1__07__valentine_s_day_2023__fd9925_2_89632.jpeg;https:\/\/images.novelship.com\/product\/nike_air_force_1__07__valentine_s_day_2023__fd9925_3_89632.jpeg;https:\/\/images.novelship.com\/product\/nike_air_force_1__07__valentine_s_day_2023__fd9925_4_89632.jpeg;https:\/\/images.novelship.com\/product\/nike_air_force_1__07__valentine_s_day_2023__fd9925_5_89632.jpeg;https:\/\/images.novelship.com\/product\/nike_air_force_1__07__valentine_s_day_2023__fd9925_6_89632.jpeg;https:\/\/images.novelship.com\/product\/nike_air_force_1__07__valentine_s_day_2023__fd9925_7_89632.jpeg\"},{\"@type\":\"BreadcrumbList\",\"@id\":\"https:\/\/tourcruiser.com\/fr\/products\/nike-air-force-1-07-valentines-day-2023-fd9925-161\/#breadcrumb\",\"itemListElement\":[{\"@type\":\"ListItem\",\"position\":1,\"name\":\"Home\",\"item\":\"https:\/\/tourcruiser.com\/fr\/\"},{\"@type\":\"ListItem\",\"position\":2,\"name\":\"Shop\",\"item\":\"https:\/\/tourcruiser.com\/fr\/shop\/\"},{\"@type\":\"ListItem\",\"position\":3,\"name\":\"Nike Air Force 1 &#8217;07 &#8216;Valentine&#8217;s Day 2023&#8217; FD9925-161\"}]},{\"@type\":\"WebSite\",\"@id\":\"\/#website\",\"url\":\"\/\",\"name\":\"Styloral Jewelry Shop\",\"description\":\"Tourcruiser Sneaker Store \u2014 L\u2019endroit o\u00f9 l\u2019univers rencontre votre singularit\u00e9.\",\"publisher\":{\"@id\":\"\/#organization\"},\"potentialAction\":[{\"@type\":\"SearchAction\",\"target\":{\"@type\":\"EntryPoint\",\"urlTemplate\":\"\/?s={search_term_string}\"},\"query-input\":{\"@type\":\"PropertyValueSpecification\",\"valueRequired\":true,\"valueName\":\"search_term_string\"}}],\"inLanguage\":\"fr-FR\"},{\"@type\":\"Organization\",\"@id\":\"\/#organization\",\"name\":\"STYLORAL PTE. LTD\",\"url\":\"\/\",\"logo\":{\"@type\":\"ImageObject\",\"inLanguage\":\"fr-FR\",\"@id\":\"\/#\/schema\/logo\/image\/\",\"url\":\"https:\/\/www.tourcruiser.com\/wp-content\/uploads\/2025\/12\/logo.png\",\"contentUrl\":\"https:\/\/www.tourcruiser.com\/wp-content\/uploads\/2025\/12\/logo.png\",\"width\":200,\"height\":65,\"caption\":\"STYLORAL PTE. LTD\"},\"image\":{\"@id\":\"\/#\/schema\/logo\/image\/\"}}]}<\/script>\n<!-- \/ Yoast SEO plugin. -->","yoast_head_json":{"title":"Nike Air Force 1 '07 'Valentine's Day 2023' FD9925-161 - TOURCRUISER PTE. LTD","robots":{"index":"index","follow":"follow","max-snippet":"max-snippet:-1","max-image-preview":"max-image-preview:large","max-video-preview":"max-video-preview:-1"},"canonical":"https:\/\/tourcruiser.com\/fr\/products\/nike-air-force-1-07-valentines-day-2023-fd9925-161\/","og_locale":"fr_FR","og_type":"article","og_title":"Nike Air Force 1 '07 'Valentine's Day 2023' FD9925-161 - TOURCRUISER PTE. LTD","og_description":"D\u00e9couvrez les sneakers Nike Air Force 1 Low 07 Valentine&rsquo;s Day beiges. Ces chaussures \u00e9l\u00e9gantes de Nike sont parfaites pour c\u00e9l\u00e9brer l&rsquo;amour et le romantisme. Avec leur design iconique et leur confort optimal, elles sont un incontournable pour tous les fans de sneakers. Faites sensation et affirmez votre style avec les Nike Air Force 1 [&hellip;]","og_url":"https:\/\/tourcruiser.com\/fr\/products\/nike-air-force-1-07-valentines-day-2023-fd9925-161\/","og_site_name":"Tourcruiser Sneaker Store","article_modified_time":"2026-04-17T16:06:19+00:00","twitter_card":"summary_large_image","twitter_image":"https:\/\/images.novelship.com\/product\/nike_air_force_1__07__valentine_s_day_2023__fd9925_0_89632.jpeg;https:\/\/images.novelship.com\/product\/nike_air_force_1__07__valentine_s_day_2023__fd9925_1_89632.jpeg;https:\/\/images.novelship.com\/product\/nike_air_force_1__07__valentine_s_day_2023__fd9925_2_89632.jpeg;https:\/\/images.novelship.com\/product\/nike_air_force_1__07__valentine_s_day_2023__fd9925_3_89632.jpeg;https:\/\/images.novelship.com\/product\/nike_air_force_1__07__valentine_s_day_2023__fd9925_4_89632.jpeg;https:\/\/images.novelship.com\/product\/nike_air_force_1__07__valentine_s_day_2023__fd9925_5_89632.jpeg;https:\/\/images.novelship.com\/product\/nike_air_force_1__07__valentine_s_day_2023__fd9925_6_89632.jpeg;https:\/\/images.novelship.com\/product\/nike_air_force_1__07__valentine_s_day_2023__fd9925_7_89632.jpeg","schema":{"@context":"https:\/\/schema.org","@graph":[{"@type":"WebPage","@id":"https:\/\/tourcruiser.com\/fr\/products\/nike-air-force-1-07-valentines-day-2023-fd9925-161\/","url":"https:\/\/tourcruiser.com\/fr\/products\/nike-air-force-1-07-valentines-day-2023-fd9925-161\/","name":"Nike Air Force 1 '07 'Valentine's Day 2023' FD9925-161 - TOURCRUISER PTE. LTD","isPartOf":{"@id":"\/#website"},"primaryImageOfPage":{"@id":"https:\/\/tourcruiser.com\/fr\/products\/nike-air-force-1-07-valentines-day-2023-fd9925-161\/#primaryimage"},"image":{"@id":"https:\/\/tourcruiser.com\/fr\/products\/nike-air-force-1-07-valentines-day-2023-fd9925-161\/#primaryimage"},"thumbnailUrl":"https:\/\/images.novelship.com\/product\/nike_air_force_1__07__valentine_s_day_2023__fd9925_0_89632.jpeg;https:\/\/images.novelship.com\/product\/nike_air_force_1__07__valentine_s_day_2023__fd9925_1_89632.jpeg;https:\/\/images.novelship.com\/product\/nike_air_force_1__07__valentine_s_day_2023__fd9925_2_89632.jpeg;https:\/\/images.novelship.com\/product\/nike_air_force_1__07__valentine_s_day_2023__fd9925_3_89632.jpeg;https:\/\/images.novelship.com\/product\/nike_air_force_1__07__valentine_s_day_2023__fd9925_4_89632.jpeg;https:\/\/images.novelship.com\/product\/nike_air_force_1__07__valentine_s_day_2023__fd9925_5_89632.jpeg;https:\/\/images.novelship.com\/product\/nike_air_force_1__07__valentine_s_day_2023__fd9925_6_89632.jpeg;https:\/\/images.novelship.com\/product\/nike_air_force_1__07__valentine_s_day_2023__fd9925_7_89632.jpeg","datePublished":"2026-04-16T10:15:30+00:00","dateModified":"2026-04-17T16:06:19+00:00","breadcrumb":{"@id":"https:\/\/tourcruiser.com\/fr\/products\/nike-air-force-1-07-valentines-day-2023-fd9925-161\/#breadcrumb"},"inLanguage":"fr-FR","potentialAction":[{"@type":"ReadAction","target":["https:\/\/tourcruiser.com\/fr\/products\/nike-air-force-1-07-valentines-day-2023-fd9925-161\/"]}]},{"@type":"ImageObject","inLanguage":"fr-FR","@id":"https:\/\/tourcruiser.com\/fr\/products\/nike-air-force-1-07-valentines-day-2023-fd9925-161\/#primaryimage","url":"https:\/\/images.novelship.com\/product\/nike_air_force_1__07__valentine_s_day_2023__fd9925_0_89632.jpeg;https:\/\/images.novelship.com\/product\/nike_air_force_1__07__valentine_s_day_2023__fd9925_1_89632.jpeg;https:\/\/images.novelship.com\/product\/nike_air_force_1__07__valentine_s_day_2023__fd9925_2_89632.jpeg;https:\/\/images.novelship.com\/product\/nike_air_force_1__07__valentine_s_day_2023__fd9925_3_89632.jpeg;https:\/\/images.novelship.com\/product\/nike_air_force_1__07__valentine_s_day_2023__fd9925_4_89632.jpeg;https:\/\/images.novelship.com\/product\/nike_air_force_1__07__valentine_s_day_2023__fd9925_5_89632.jpeg;https:\/\/images.novelship.com\/product\/nike_air_force_1__07__valentine_s_day_2023__fd9925_6_89632.jpeg;https:\/\/images.novelship.com\/product\/nike_air_force_1__07__valentine_s_day_2023__fd9925_7_89632.jpeg","contentUrl":"https:\/\/images.novelship.com\/product\/nike_air_force_1__07__valentine_s_day_2023__fd9925_0_89632.jpeg;https:\/\/images.novelship.com\/product\/nike_air_force_1__07__valentine_s_day_2023__fd9925_1_89632.jpeg;https:\/\/images.novelship.com\/product\/nike_air_force_1__07__valentine_s_day_2023__fd9925_2_89632.jpeg;https:\/\/images.novelship.com\/product\/nike_air_force_1__07__valentine_s_day_2023__fd9925_3_89632.jpeg;https:\/\/images.novelship.com\/product\/nike_air_force_1__07__valentine_s_day_2023__fd9925_4_89632.jpeg;https:\/\/images.novelship.com\/product\/nike_air_force_1__07__valentine_s_day_2023__fd9925_5_89632.jpeg;https:\/\/images.novelship.com\/product\/nike_air_force_1__07__valentine_s_day_2023__fd9925_6_89632.jpeg;https:\/\/images.novelship.com\/product\/nike_air_force_1__07__valentine_s_day_2023__fd9925_7_89632.jpeg"},{"@type":"BreadcrumbList","@id":"https:\/\/tourcruiser.com\/fr\/products\/nike-air-force-1-07-valentines-day-2023-fd9925-161\/#breadcrumb","itemListElement":[{"@type":"ListItem","position":1,"name":"Home","item":"https:\/\/tourcruiser.com\/fr\/"},{"@type":"ListItem","position":2,"name":"Shop","item":"https:\/\/tourcruiser.com\/fr\/shop\/"},{"@type":"ListItem","position":3,"name":"Nike Air Force 1 &#8217;07 &#8216;Valentine&#8217;s Day 2023&#8217; FD9925-161"}]},{"@type":"WebSite","@id":"\/#website","url":"\/","name":"Styloral Jewelry Shop","description":"Tourcruiser Sneaker Store \u2014 L\u2019endroit o\u00f9 l\u2019univers rencontre votre singularit\u00e9.","publisher":{"@id":"\/#organization"},"potentialAction":[{"@type":"SearchAction","target":{"@type":"EntryPoint","urlTemplate":"\/?s={search_term_string}"},"query-input":{"@type":"PropertyValueSpecification","valueRequired":true,"valueName":"search_term_string"}}],"inLanguage":"fr-FR"},{"@type":"Organization","@id":"\/#organization","name":"STYLORAL PTE. LTD","url":"\/","logo":{"@type":"ImageObject","inLanguage":"fr-FR","@id":"\/#\/schema\/logo\/image\/","url":"https:\/\/www.tourcruiser.com\/wp-content\/uploads\/2025\/12\/logo.png","contentUrl":"https:\/\/www.tourcruiser.com\/wp-content\/uploads\/2025\/12\/logo.png","width":200,"height":65,"caption":"STYLORAL PTE. LTD"},"image":{"@id":"\/#\/schema\/logo\/image\/"}}]}},"_links":{"self":[{"href":"https:\/\/tourcruiser.com\/fr\/wp-json\/wp\/v2\/product\/772649","targetHints":{"allow":["GET"]}}],"collection":[{"href":"https:\/\/tourcruiser.com\/fr\/wp-json\/wp\/v2\/product"}],"about":[{"href":"https:\/\/tourcruiser.com\/fr\/wp-json\/wp\/v2\/types\/product"}],"replies":[{"embeddable":true,"href":"https:\/\/tourcruiser.com\/fr\/wp-json\/wp\/v2\/comments?post=772649"}],"wp:featuredmedia":[{"embeddable":true,"href":"https:\/\/tourcruiser.com\/fr\/wp-json\/wp\/v2\/media\/772650"}],"wp:attachment":[{"href":"https:\/\/tourcruiser.com\/fr\/wp-json\/wp\/v2\/media?parent=772649"}],"wp:term":[{"taxonomy":"product_brand","embeddable":true,"href":"https:\/\/tourcruiser.com\/fr\/wp-json\/wp\/v2\/product_brand?post=772649"},{"taxonomy":"product_cat","embeddable":true,"href":"https:\/\/tourcruiser.com\/fr\/wp-json\/wp\/v2\/product_cat?post=772649"},{"taxonomy":"product_tag","embeddable":true,"href":"https:\/\/tourcruiser.com\/fr\/wp-json\/wp\/v2\/product_tag?post=772649"}],"curies":[{"name":"wp","href":"https:\/\/api.w.org\/{rel}","templated":true}]}}