{"id":772633,"date":"2026-04-16T17:15:29","date_gmt":"2026-04-16T10:15:29","guid":{"rendered":"http:\/\/tourcruiser.com\/product\/nike-air-zoom-pegasus-38-university-gold-black-do2423-739"},"modified":"2026-04-17T23:06:18","modified_gmt":"2026-04-17T16:06:18","slug":"nike-air-zoom-pegasus-38-university-gold-black-do2423-739","status":"publish","type":"product","link":"https:\/\/tourcruiser.com\/fr\/products\/nike-air-zoom-pegasus-38-university-gold-black-do2423-739\/","title":{"rendered":"Nike Air Zoom Pegasus 38 &lsquo;University Gold Black&rsquo; DO2423-739"},"content":{"rendered":"<p>La Nike Air Zoom Pegasus 38 University Gold Black est une chaussure de running \u00e9l\u00e9gante et performante sign\u00e9e Nike. Son design noir \u00e9pur\u00e9 offre un look \u00e0 la fois original et polyvalent, id\u00e9al pour vos courses ou au quotidien. Gr\u00e2ce \u00e0 la technologie innovante Zoom Air, elle assure un amorti r\u00e9actif et un maintien optimal. D\u00e9couvrez un confort et un style incomparables avec la Nike Air Zoom Pegasus 38.<\/p>\n<p>Coloris\u00a0: University Gold\/Orange\/Noir<\/p>\n<p>R\u00e9f\u00e9rence\u00a0: DO2423-739<br \/>\nTige\u00a0: Mesh<br \/>\nSemelle interm\u00e9diaire\u00a0: Zoom Air<\/p>\n<p>Couleur\u00a0: Jaune<\/p>\n<p>Saison\u00a0: Toute l\u2019ann\u00e9e<\/p>\n<p>Couleur\u00a0: Jaune<\/p>\n<p>\u00c2ge\u00a0: Adultes<\/p>\n<p>Couleur\u00a0: Summit White\/Noir\/Blanc\/Bleu industriel<\/p>\n<p>Genre\u00a0: Homme<\/p>\n","protected":false},"excerpt":{"rendered":"<p>La Nike Air Zoom Pegasus 38 University Gold Black est une chaussure de running \u00e9l\u00e9gante et performante sign\u00e9e Nike. Son design noir \u00e9pur\u00e9 offre un look \u00e0 la fois original et polyvalent, id\u00e9al pour vos courses ou au quotidien. Gr\u00e2ce \u00e0 la technologie innovante Zoom Air, elle assure un amorti r\u00e9actif et un maintien optimal. [&hellip;]<\/p>\n","protected":false},"featured_media":772634,"comment_status":"open","ping_status":"closed","template":"","meta":[],"product_brand":[],"product_cat":[10803],"product_tag":[10800,38839,38861,10753,10801,10882,38846,10840],"class_list":{"0":"post-772633","1":"product","2":"type-product","3":"status-publish","4":"has-post-thumbnail","6":"product_cat-nike","7":"product_tag-basketball-shoes","8":"product_tag-basketball-shoes-with-ankle-support","9":"product_tag-below-retail-price","10":"product_tag-gift-for-him","11":"product_tag-nike","12":"product_tag-nike-running-shoes","13":"product_tag-performance-sports-shoes","14":"product_tag-running-shoes","15":"wcpa_has_options","17":"first","18":"instock","19":"taxable","20":"shipping-taxable","21":"purchasable","22":"product-type-simple"},"wcpa_form_fields":{"rules":{"pric_overide_base_price":false,"pric_overide_base_price_if_gt_zero":false,"pric_overide_base_price_fully":false,"pric_cal_option_once":false,"pric_use_as_fee":false,"bind_quantity":false,"quantity_bind_formula":false},"fields":[{"type":"color-group","required":true,"elementId":"wcpa-color-group-66c4a75505e74","label":"Taille","inline":true,"priceOptions":"different_for_all","pricingType":"fixed","className":"hassizechart product-shoes-size-eu product-shoes-size","name":"color-group-66c4a75505e89","disp_type":"square","selection_type":"tick-border","disp_size":"44","show_label_inside":true,"adjust_width":true,"cart_display_type":"text","other_text":"Other","cl_rule":"show","col":6,"values":[{"label":"35.5","value":"EU 35.5","price":"","pimage":"","pimage_id":"","pthumb":"","color":""},{"label":"36","value":"EU 36","price":"","pimage":"","pimage_id":"","pthumb":"","color":"","selected":true},{"label":"36.5","value":"EU 36.5","price":"","pimage":"","pimage_id":"","pthumb":"","color":""},{"label":"37.5","value":"EU 37.5","price":"","pimage":"","pimage_id":"","pthumb":"","color":""},{"label":"38","value":"EU 38","price":"","pimage":"","pimage_id":"","pthumb":"","color":""},{"label":"38.5","value":"EU 38.5","price":"","pimage":"","pimage_id":"","pthumb":"","color":""},{"label":"39","value":"EU 39","price":"","pimage":"","pimage_id":"","pthumb":"","color":""},{"label":"40","value":"EU 40","price":"","pimage":"","pimage_id":"","pthumb":"","color":""},{"label":"40.5","value":"EU 40.5","price":"","pimage":"","pimage_id":"","pthumb":"","color":""},{"label":"41","value":"EU 41","price":"","pimage":"","pimage_id":"","pthumb":"","color":""},{"label":"42","value":"EU 42","price":"","pimage":"","pimage_id":"","pthumb":"","color":""},{"label":"42.5","value":"EU 42.5","price":"","pimage":"","pimage_id":"","pthumb":"","color":""},{"label":"43","value":"EU 43","price":"","pimage":"","pimage_id":"","pthumb":"","color":""},{"label":"44","value":"EU 44","price":"","pimage":"","pimage_id":"","pthumb":"","color":""},{"label":"44.5","value":"EU 44.5","price":"","pimage":"","pimage_id":"","pthumb":"","color":""},{"label":"45","value":"EU 45","price":"","pimage":"","pimage_id":"","pthumb":"","color":""},{"label":"45.5","value":"EU 45.5","price":"","pimage":"","pimage_id":"","pthumb":"","color":""},{"label":"46","value":"EU 46","price":"","pimage":"","pimage_id":"","pthumb":"","color":""},{"label":"47","value":"EU 47","price":"","pimage":"","pimage_id":"","pthumb":"","color":""},{"label":"47.5","value":"EU 47.5","price":"","pimage":"","pimage_id":"","pthumb":"","color":""},{"label":"48","value":"EU 48","price":"","pimage":"","pimage_id":"","pthumb":"","color":""}],"relations":[{"operator":false,"rules":[]}],"form_id":18106,"form_rules":{"pric_cal_option_once":false,"exclude_from_discount":false,"pric_use_as_fee":false,"fee_label":"Fee","render_after_acb":false,"disp_hide_options_price":false}}]},"yoast_head":"<!-- This site is optimized with the Yoast SEO plugin v26.5 - https:\/\/yoast.com\/wordpress\/plugins\/seo\/ -->\n<title>Nike Air Zoom Pegasus 38 &#039;University Gold Black&#039; DO2423-739 - TOURCRUISER PTE. LTD<\/title>\n<meta name=\"robots\" content=\"index, follow, max-snippet:-1, max-image-preview:large, max-video-preview:-1\" \/>\n<link rel=\"canonical\" href=\"https:\/\/tourcruiser.com\/fr\/products\/nike-air-zoom-pegasus-38-university-gold-black-do2423-739\/\" \/>\n<meta property=\"og:locale\" content=\"fr_FR\" \/>\n<meta property=\"og:type\" content=\"article\" \/>\n<meta property=\"og:title\" content=\"Nike Air Zoom Pegasus 38 &#039;University Gold Black&#039; DO2423-739 - TOURCRUISER PTE. LTD\" \/>\n<meta property=\"og:description\" content=\"La Nike Air Zoom Pegasus 38 University Gold Black est une chaussure de running \u00e9l\u00e9gante et performante sign\u00e9e Nike. Son design noir \u00e9pur\u00e9 offre un look \u00e0 la fois original et polyvalent, id\u00e9al pour vos courses ou au quotidien. Gr\u00e2ce \u00e0 la technologie innovante Zoom Air, elle assure un amorti r\u00e9actif et un maintien optimal. [&hellip;]\" \/>\n<meta property=\"og:url\" content=\"https:\/\/tourcruiser.com\/fr\/products\/nike-air-zoom-pegasus-38-university-gold-black-do2423-739\/\" \/>\n<meta property=\"og:site_name\" content=\"Tourcruiser Sneaker Store\" \/>\n<meta property=\"article:modified_time\" content=\"2026-04-17T16:06:18+00:00\" \/>\n<meta name=\"twitter:card\" content=\"summary_large_image\" \/>\n<meta name=\"twitter:image\" content=\"https:\/\/images.novelship.com\/product\/nike_air_zoom_pegasus_38__university_gold_black__d_0_76098.jpeg;https:\/\/images.novelship.com\/product\/nike_air_zoom_pegasus_38__university_gold_black__d_1_76098.jpeg;https:\/\/images.novelship.com\/product\/nike_air_zoom_pegasus_38__university_gold_black__d_2_76098.jpeg;https:\/\/images.novelship.com\/product\/nike_air_zoom_pegasus_38__university_gold_black__d_3_76098.jpeg;https:\/\/images.novelship.com\/product\/nike_air_zoom_pegasus_38__university_gold_black__d_4_76098.jpeg;https:\/\/images.novelship.com\/product\/nike_air_zoom_pegasus_38__university_gold_black__d_5_76098.jpeg\" \/>\n<meta name=\"twitter:label1\" content=\"Dur\u00e9e de lecture estim\u00e9e\" \/>\n\t<meta name=\"twitter:data1\" content=\"1 minute\" \/>\n<script type=\"application\/ld+json\" class=\"yoast-schema-graph\">{\"@context\":\"https:\/\/schema.org\",\"@graph\":[{\"@type\":\"WebPage\",\"@id\":\"https:\/\/tourcruiser.com\/fr\/products\/nike-air-zoom-pegasus-38-university-gold-black-do2423-739\/\",\"url\":\"https:\/\/tourcruiser.com\/fr\/products\/nike-air-zoom-pegasus-38-university-gold-black-do2423-739\/\",\"name\":\"Nike Air Zoom Pegasus 38 'University Gold Black' DO2423-739 - TOURCRUISER PTE. LTD\",\"isPartOf\":{\"@id\":\"\/#website\"},\"primaryImageOfPage\":{\"@id\":\"https:\/\/tourcruiser.com\/fr\/products\/nike-air-zoom-pegasus-38-university-gold-black-do2423-739\/#primaryimage\"},\"image\":{\"@id\":\"https:\/\/tourcruiser.com\/fr\/products\/nike-air-zoom-pegasus-38-university-gold-black-do2423-739\/#primaryimage\"},\"thumbnailUrl\":\"https:\/\/images.novelship.com\/product\/nike_air_zoom_pegasus_38__university_gold_black__d_0_76098.jpeg;https:\/\/images.novelship.com\/product\/nike_air_zoom_pegasus_38__university_gold_black__d_1_76098.jpeg;https:\/\/images.novelship.com\/product\/nike_air_zoom_pegasus_38__university_gold_black__d_2_76098.jpeg;https:\/\/images.novelship.com\/product\/nike_air_zoom_pegasus_38__university_gold_black__d_3_76098.jpeg;https:\/\/images.novelship.com\/product\/nike_air_zoom_pegasus_38__university_gold_black__d_4_76098.jpeg;https:\/\/images.novelship.com\/product\/nike_air_zoom_pegasus_38__university_gold_black__d_5_76098.jpeg\",\"datePublished\":\"2026-04-16T10:15:29+00:00\",\"dateModified\":\"2026-04-17T16:06:18+00:00\",\"breadcrumb\":{\"@id\":\"https:\/\/tourcruiser.com\/fr\/products\/nike-air-zoom-pegasus-38-university-gold-black-do2423-739\/#breadcrumb\"},\"inLanguage\":\"fr-FR\",\"potentialAction\":[{\"@type\":\"ReadAction\",\"target\":[\"https:\/\/tourcruiser.com\/fr\/products\/nike-air-zoom-pegasus-38-university-gold-black-do2423-739\/\"]}]},{\"@type\":\"ImageObject\",\"inLanguage\":\"fr-FR\",\"@id\":\"https:\/\/tourcruiser.com\/fr\/products\/nike-air-zoom-pegasus-38-university-gold-black-do2423-739\/#primaryimage\",\"url\":\"https:\/\/images.novelship.com\/product\/nike_air_zoom_pegasus_38__university_gold_black__d_0_76098.jpeg;https:\/\/images.novelship.com\/product\/nike_air_zoom_pegasus_38__university_gold_black__d_1_76098.jpeg;https:\/\/images.novelship.com\/product\/nike_air_zoom_pegasus_38__university_gold_black__d_2_76098.jpeg;https:\/\/images.novelship.com\/product\/nike_air_zoom_pegasus_38__university_gold_black__d_3_76098.jpeg;https:\/\/images.novelship.com\/product\/nike_air_zoom_pegasus_38__university_gold_black__d_4_76098.jpeg;https:\/\/images.novelship.com\/product\/nike_air_zoom_pegasus_38__university_gold_black__d_5_76098.jpeg\",\"contentUrl\":\"https:\/\/images.novelship.com\/product\/nike_air_zoom_pegasus_38__university_gold_black__d_0_76098.jpeg;https:\/\/images.novelship.com\/product\/nike_air_zoom_pegasus_38__university_gold_black__d_1_76098.jpeg;https:\/\/images.novelship.com\/product\/nike_air_zoom_pegasus_38__university_gold_black__d_2_76098.jpeg;https:\/\/images.novelship.com\/product\/nike_air_zoom_pegasus_38__university_gold_black__d_3_76098.jpeg;https:\/\/images.novelship.com\/product\/nike_air_zoom_pegasus_38__university_gold_black__d_4_76098.jpeg;https:\/\/images.novelship.com\/product\/nike_air_zoom_pegasus_38__university_gold_black__d_5_76098.jpeg\"},{\"@type\":\"BreadcrumbList\",\"@id\":\"https:\/\/tourcruiser.com\/fr\/products\/nike-air-zoom-pegasus-38-university-gold-black-do2423-739\/#breadcrumb\",\"itemListElement\":[{\"@type\":\"ListItem\",\"position\":1,\"name\":\"Home\",\"item\":\"https:\/\/tourcruiser.com\/fr\/\"},{\"@type\":\"ListItem\",\"position\":2,\"name\":\"Shop\",\"item\":\"https:\/\/tourcruiser.com\/fr\/shop\/\"},{\"@type\":\"ListItem\",\"position\":3,\"name\":\"Nike Air Zoom Pegasus 38 &#8216;University Gold Black&#8217; DO2423-739\"}]},{\"@type\":\"WebSite\",\"@id\":\"\/#website\",\"url\":\"\/\",\"name\":\"Styloral Jewelry Shop\",\"description\":\"Tourcruiser Sneaker Store \u2014 L\u2019endroit o\u00f9 l\u2019univers rencontre votre singularit\u00e9.\",\"publisher\":{\"@id\":\"\/#organization\"},\"potentialAction\":[{\"@type\":\"SearchAction\",\"target\":{\"@type\":\"EntryPoint\",\"urlTemplate\":\"\/?s={search_term_string}\"},\"query-input\":{\"@type\":\"PropertyValueSpecification\",\"valueRequired\":true,\"valueName\":\"search_term_string\"}}],\"inLanguage\":\"fr-FR\"},{\"@type\":\"Organization\",\"@id\":\"\/#organization\",\"name\":\"STYLORAL PTE. LTD\",\"url\":\"\/\",\"logo\":{\"@type\":\"ImageObject\",\"inLanguage\":\"fr-FR\",\"@id\":\"\/#\/schema\/logo\/image\/\",\"url\":\"https:\/\/www.tourcruiser.com\/wp-content\/uploads\/2025\/12\/logo.png\",\"contentUrl\":\"https:\/\/www.tourcruiser.com\/wp-content\/uploads\/2025\/12\/logo.png\",\"width\":200,\"height\":65,\"caption\":\"STYLORAL PTE. LTD\"},\"image\":{\"@id\":\"\/#\/schema\/logo\/image\/\"}}]}<\/script>\n<!-- \/ Yoast SEO plugin. -->","yoast_head_json":{"title":"Nike Air Zoom Pegasus 38 'University Gold Black' DO2423-739 - TOURCRUISER PTE. LTD","robots":{"index":"index","follow":"follow","max-snippet":"max-snippet:-1","max-image-preview":"max-image-preview:large","max-video-preview":"max-video-preview:-1"},"canonical":"https:\/\/tourcruiser.com\/fr\/products\/nike-air-zoom-pegasus-38-university-gold-black-do2423-739\/","og_locale":"fr_FR","og_type":"article","og_title":"Nike Air Zoom Pegasus 38 'University Gold Black' DO2423-739 - TOURCRUISER PTE. LTD","og_description":"La Nike Air Zoom Pegasus 38 University Gold Black est une chaussure de running \u00e9l\u00e9gante et performante sign\u00e9e Nike. Son design noir \u00e9pur\u00e9 offre un look \u00e0 la fois original et polyvalent, id\u00e9al pour vos courses ou au quotidien. Gr\u00e2ce \u00e0 la technologie innovante Zoom Air, elle assure un amorti r\u00e9actif et un maintien optimal. [&hellip;]","og_url":"https:\/\/tourcruiser.com\/fr\/products\/nike-air-zoom-pegasus-38-university-gold-black-do2423-739\/","og_site_name":"Tourcruiser Sneaker Store","article_modified_time":"2026-04-17T16:06:18+00:00","twitter_card":"summary_large_image","twitter_image":"https:\/\/images.novelship.com\/product\/nike_air_zoom_pegasus_38__university_gold_black__d_0_76098.jpeg;https:\/\/images.novelship.com\/product\/nike_air_zoom_pegasus_38__university_gold_black__d_1_76098.jpeg;https:\/\/images.novelship.com\/product\/nike_air_zoom_pegasus_38__university_gold_black__d_2_76098.jpeg;https:\/\/images.novelship.com\/product\/nike_air_zoom_pegasus_38__university_gold_black__d_3_76098.jpeg;https:\/\/images.novelship.com\/product\/nike_air_zoom_pegasus_38__university_gold_black__d_4_76098.jpeg;https:\/\/images.novelship.com\/product\/nike_air_zoom_pegasus_38__university_gold_black__d_5_76098.jpeg","twitter_misc":{"Dur\u00e9e de lecture estim\u00e9e":"1 minute"},"schema":{"@context":"https:\/\/schema.org","@graph":[{"@type":"WebPage","@id":"https:\/\/tourcruiser.com\/fr\/products\/nike-air-zoom-pegasus-38-university-gold-black-do2423-739\/","url":"https:\/\/tourcruiser.com\/fr\/products\/nike-air-zoom-pegasus-38-university-gold-black-do2423-739\/","name":"Nike Air Zoom Pegasus 38 'University Gold Black' DO2423-739 - TOURCRUISER PTE. LTD","isPartOf":{"@id":"\/#website"},"primaryImageOfPage":{"@id":"https:\/\/tourcruiser.com\/fr\/products\/nike-air-zoom-pegasus-38-university-gold-black-do2423-739\/#primaryimage"},"image":{"@id":"https:\/\/tourcruiser.com\/fr\/products\/nike-air-zoom-pegasus-38-university-gold-black-do2423-739\/#primaryimage"},"thumbnailUrl":"https:\/\/images.novelship.com\/product\/nike_air_zoom_pegasus_38__university_gold_black__d_0_76098.jpeg;https:\/\/images.novelship.com\/product\/nike_air_zoom_pegasus_38__university_gold_black__d_1_76098.jpeg;https:\/\/images.novelship.com\/product\/nike_air_zoom_pegasus_38__university_gold_black__d_2_76098.jpeg;https:\/\/images.novelship.com\/product\/nike_air_zoom_pegasus_38__university_gold_black__d_3_76098.jpeg;https:\/\/images.novelship.com\/product\/nike_air_zoom_pegasus_38__university_gold_black__d_4_76098.jpeg;https:\/\/images.novelship.com\/product\/nike_air_zoom_pegasus_38__university_gold_black__d_5_76098.jpeg","datePublished":"2026-04-16T10:15:29+00:00","dateModified":"2026-04-17T16:06:18+00:00","breadcrumb":{"@id":"https:\/\/tourcruiser.com\/fr\/products\/nike-air-zoom-pegasus-38-university-gold-black-do2423-739\/#breadcrumb"},"inLanguage":"fr-FR","potentialAction":[{"@type":"ReadAction","target":["https:\/\/tourcruiser.com\/fr\/products\/nike-air-zoom-pegasus-38-university-gold-black-do2423-739\/"]}]},{"@type":"ImageObject","inLanguage":"fr-FR","@id":"https:\/\/tourcruiser.com\/fr\/products\/nike-air-zoom-pegasus-38-university-gold-black-do2423-739\/#primaryimage","url":"https:\/\/images.novelship.com\/product\/nike_air_zoom_pegasus_38__university_gold_black__d_0_76098.jpeg;https:\/\/images.novelship.com\/product\/nike_air_zoom_pegasus_38__university_gold_black__d_1_76098.jpeg;https:\/\/images.novelship.com\/product\/nike_air_zoom_pegasus_38__university_gold_black__d_2_76098.jpeg;https:\/\/images.novelship.com\/product\/nike_air_zoom_pegasus_38__university_gold_black__d_3_76098.jpeg;https:\/\/images.novelship.com\/product\/nike_air_zoom_pegasus_38__university_gold_black__d_4_76098.jpeg;https:\/\/images.novelship.com\/product\/nike_air_zoom_pegasus_38__university_gold_black__d_5_76098.jpeg","contentUrl":"https:\/\/images.novelship.com\/product\/nike_air_zoom_pegasus_38__university_gold_black__d_0_76098.jpeg;https:\/\/images.novelship.com\/product\/nike_air_zoom_pegasus_38__university_gold_black__d_1_76098.jpeg;https:\/\/images.novelship.com\/product\/nike_air_zoom_pegasus_38__university_gold_black__d_2_76098.jpeg;https:\/\/images.novelship.com\/product\/nike_air_zoom_pegasus_38__university_gold_black__d_3_76098.jpeg;https:\/\/images.novelship.com\/product\/nike_air_zoom_pegasus_38__university_gold_black__d_4_76098.jpeg;https:\/\/images.novelship.com\/product\/nike_air_zoom_pegasus_38__university_gold_black__d_5_76098.jpeg"},{"@type":"BreadcrumbList","@id":"https:\/\/tourcruiser.com\/fr\/products\/nike-air-zoom-pegasus-38-university-gold-black-do2423-739\/#breadcrumb","itemListElement":[{"@type":"ListItem","position":1,"name":"Home","item":"https:\/\/tourcruiser.com\/fr\/"},{"@type":"ListItem","position":2,"name":"Shop","item":"https:\/\/tourcruiser.com\/fr\/shop\/"},{"@type":"ListItem","position":3,"name":"Nike Air Zoom Pegasus 38 &#8216;University Gold Black&#8217; DO2423-739"}]},{"@type":"WebSite","@id":"\/#website","url":"\/","name":"Styloral Jewelry Shop","description":"Tourcruiser Sneaker Store \u2014 L\u2019endroit o\u00f9 l\u2019univers rencontre votre singularit\u00e9.","publisher":{"@id":"\/#organization"},"potentialAction":[{"@type":"SearchAction","target":{"@type":"EntryPoint","urlTemplate":"\/?s={search_term_string}"},"query-input":{"@type":"PropertyValueSpecification","valueRequired":true,"valueName":"search_term_string"}}],"inLanguage":"fr-FR"},{"@type":"Organization","@id":"\/#organization","name":"STYLORAL PTE. LTD","url":"\/","logo":{"@type":"ImageObject","inLanguage":"fr-FR","@id":"\/#\/schema\/logo\/image\/","url":"https:\/\/www.tourcruiser.com\/wp-content\/uploads\/2025\/12\/logo.png","contentUrl":"https:\/\/www.tourcruiser.com\/wp-content\/uploads\/2025\/12\/logo.png","width":200,"height":65,"caption":"STYLORAL PTE. LTD"},"image":{"@id":"\/#\/schema\/logo\/image\/"}}]}},"_links":{"self":[{"href":"https:\/\/tourcruiser.com\/fr\/wp-json\/wp\/v2\/product\/772633","targetHints":{"allow":["GET"]}}],"collection":[{"href":"https:\/\/tourcruiser.com\/fr\/wp-json\/wp\/v2\/product"}],"about":[{"href":"https:\/\/tourcruiser.com\/fr\/wp-json\/wp\/v2\/types\/product"}],"replies":[{"embeddable":true,"href":"https:\/\/tourcruiser.com\/fr\/wp-json\/wp\/v2\/comments?post=772633"}],"wp:featuredmedia":[{"embeddable":true,"href":"https:\/\/tourcruiser.com\/fr\/wp-json\/wp\/v2\/media\/772634"}],"wp:attachment":[{"href":"https:\/\/tourcruiser.com\/fr\/wp-json\/wp\/v2\/media?parent=772633"}],"wp:term":[{"taxonomy":"product_brand","embeddable":true,"href":"https:\/\/tourcruiser.com\/fr\/wp-json\/wp\/v2\/product_brand?post=772633"},{"taxonomy":"product_cat","embeddable":true,"href":"https:\/\/tourcruiser.com\/fr\/wp-json\/wp\/v2\/product_cat?post=772633"},{"taxonomy":"product_tag","embeddable":true,"href":"https:\/\/tourcruiser.com\/fr\/wp-json\/wp\/v2\/product_tag?post=772633"}],"curies":[{"name":"wp","href":"https:\/\/api.w.org\/{rel}","templated":true}]}}