{"id":772524,"date":"2026-04-16T17:15:25","date_gmt":"2026-04-16T10:15:25","guid":{"rendered":"http:\/\/tourcruiser.com\/product\/grade-school-air-jordan-3-retro-og-black-cement-2018-854261-001"},"modified":"2026-04-17T23:06:11","modified_gmt":"2026-04-17T16:06:11","slug":"grade-school-air-jordan-3-retro-og-black-cement-2018-854261-001","status":"publish","type":"product","link":"https:\/\/tourcruiser.com\/fr\/products\/grade-school-air-jordan-3-retro-og-black-cement-2018-854261-001\/","title":{"rendered":"(Grade School) Air Jordan 3 Retro OG &lsquo;Black Cement&rsquo; 2018 854261-001"},"content":{"rendered":"<p>Plongez dans l&rsquo;histoire avec la l\u00e9gendaire Air Jordan 3 Retro OG \u00ab Black Cement \u00bb. Cette r\u00e9\u00e9dition de 2018 reste fid\u00e8le \u00e0 l&rsquo;originale, avec une empeigne en cuir noir premium orn\u00e9e d&rsquo;un imprim\u00e9 \u00e9l\u00e9phant. La semelle interm\u00e9diaire blanche \u00e9clatante offre contraste et amorti, tandis que le logo iconique \u00ab Nike Air \u00bb au talon parach\u00e8ve ce look classique. Ravivez la nostalgie et ajoutez une touche de style \u00e0 votre tenue avec ces sneakers intemporelles.<\/p>\n<p>Coloris : Noir\/Gris ciment-Blanc-Rouge feu<\/p>\n<p>Code article : 854261-001<\/p>\n<p>Semelle interm\u00e9diaire : Air<\/p>\n<p>Couleur : Noir<\/p>\n<p>Designer : Tinker Hatfield<\/p>\n<p>Saison : Hiver<\/p>\n<p>Ann\u00e9e de sortie : 2018<\/p>\n<p>\u00c2ge : Adulte<br \/>\nCouleur : Bleu marine\/Bleu marine\/Noir<\/p>\n<p>Genre : Enfant<\/p>\n","protected":false},"excerpt":{"rendered":"<p>Plongez dans l&rsquo;histoire avec la l\u00e9gendaire Air Jordan 3 Retro OG \u00ab Black Cement \u00bb. Cette r\u00e9\u00e9dition de 2018 reste fid\u00e8le \u00e0 l&rsquo;originale, avec une empeigne en cuir noir premium orn\u00e9e d&rsquo;un imprim\u00e9 \u00e9l\u00e9phant. La semelle interm\u00e9diaire blanche \u00e9clatante offre contraste et amorti, tandis que le logo iconique \u00ab Nike Air \u00bb au talon parach\u00e8ve [&hellip;]<\/p>\n","protected":false},"featured_media":772525,"comment_status":"open","ping_status":"closed","template":"","meta":[],"product_brand":[],"product_cat":[38880],"product_tag":[10750,38855,38988,10776,11349,38875,10756,39039,38902,38936],"class_list":{"0":"post-772524","1":"product","2":"type-product","3":"status-publish","4":"has-post-thumbnail","6":"product_cat-jordan","7":"product_tag-athleisure-shoes","8":"product_tag-below-the-regular-retail-price","9":"product_tag-casual-shoes-for-kids","10":"product_tag-jordan","11":"product_tag-jordan-basketball-shoes","12":"product_tag-jordan-skateboard-shoes","13":"product_tag-retro-casual-shoes","14":"product_tag-sneakers-for-kids","15":"product_tag-trendy-offers","16":"product_tag-trendy-offers-under-a-150","18":"first","19":"instock","20":"taxable","21":"shipping-taxable","22":"purchasable","23":"product-type-simple"},"wcpa_form_fields":null,"yoast_head":"<!-- This site is optimized with the Yoast SEO plugin v26.5 - https:\/\/yoast.com\/wordpress\/plugins\/seo\/ -->\n<title>(Grade School) Air Jordan 3 Retro OG &#039;Black Cement&#039; 2018 854261-001 - TOURCRUISER PTE. LTD<\/title>\n<meta name=\"robots\" content=\"index, follow, max-snippet:-1, max-image-preview:large, max-video-preview:-1\" \/>\n<link rel=\"canonical\" href=\"https:\/\/tourcruiser.com\/fr\/products\/grade-school-air-jordan-3-retro-og-black-cement-2018-854261-001\/\" \/>\n<meta property=\"og:locale\" content=\"fr_FR\" \/>\n<meta property=\"og:type\" content=\"article\" \/>\n<meta property=\"og:title\" content=\"(Grade School) Air Jordan 3 Retro OG &#039;Black Cement&#039; 2018 854261-001 - TOURCRUISER PTE. LTD\" \/>\n<meta property=\"og:description\" content=\"Plongez dans l&rsquo;histoire avec la l\u00e9gendaire Air Jordan 3 Retro OG \u00ab Black Cement \u00bb. Cette r\u00e9\u00e9dition de 2018 reste fid\u00e8le \u00e0 l&rsquo;originale, avec une empeigne en cuir noir premium orn\u00e9e d&rsquo;un imprim\u00e9 \u00e9l\u00e9phant. La semelle interm\u00e9diaire blanche \u00e9clatante offre contraste et amorti, tandis que le logo iconique \u00ab Nike Air \u00bb au talon parach\u00e8ve [&hellip;]\" \/>\n<meta property=\"og:url\" content=\"https:\/\/tourcruiser.com\/fr\/products\/grade-school-air-jordan-3-retro-og-black-cement-2018-854261-001\/\" \/>\n<meta property=\"og:site_name\" content=\"Tourcruiser Sneaker Store\" \/>\n<meta property=\"article:modified_time\" content=\"2026-04-17T16:06:11+00:00\" \/>\n<meta name=\"twitter:card\" content=\"summary_large_image\" \/>\n<meta name=\"twitter:image\" content=\"https:\/\/images.novelship.com\/product\/_grade_school__air_jordan_3_retro_og__black_cement_0_62869.jpeg;https:\/\/images.novelship.com\/product\/_grade_school__air_jordan_3_retro_og__black_cement_1_62869.jpeg;https:\/\/images.novelship.com\/product\/_grade_school__air_jordan_3_retro_og__black_cement_2_62869.jpeg;https:\/\/images.novelship.com\/product\/_grade_school__air_jordan_3_retro_og__black_cement_3_62869.jpeg;https:\/\/images.novelship.com\/product\/_grade_school__air_jordan_3_retro_og__black_cement_4_62869.jpeg;https:\/\/images.novelship.com\/product\/_grade_school__air_jordan_3_retro_og__black_cement_5_62869.jpeg;https:\/\/images.novelship.com\/product\/_grade_school__air_jordan_3_retro_og__black_cement_6_62869.jpeg;https:\/\/images.novelship.com\/product\/_grade_school__air_jordan_3_retro_og__black_cement_7_62869.jpeg\" \/>\n<meta name=\"twitter:label1\" content=\"Dur\u00e9e de lecture estim\u00e9e\" \/>\n\t<meta name=\"twitter:data1\" content=\"1 minute\" \/>\n<script type=\"application\/ld+json\" class=\"yoast-schema-graph\">{\"@context\":\"https:\/\/schema.org\",\"@graph\":[{\"@type\":\"WebPage\",\"@id\":\"https:\/\/tourcruiser.com\/fr\/products\/grade-school-air-jordan-3-retro-og-black-cement-2018-854261-001\/\",\"url\":\"https:\/\/tourcruiser.com\/fr\/products\/grade-school-air-jordan-3-retro-og-black-cement-2018-854261-001\/\",\"name\":\"(Grade School) Air Jordan 3 Retro OG 'Black Cement' 2018 854261-001 - TOURCRUISER PTE. LTD\",\"isPartOf\":{\"@id\":\"\/#website\"},\"primaryImageOfPage\":{\"@id\":\"https:\/\/tourcruiser.com\/fr\/products\/grade-school-air-jordan-3-retro-og-black-cement-2018-854261-001\/#primaryimage\"},\"image\":{\"@id\":\"https:\/\/tourcruiser.com\/fr\/products\/grade-school-air-jordan-3-retro-og-black-cement-2018-854261-001\/#primaryimage\"},\"thumbnailUrl\":\"https:\/\/images.novelship.com\/product\/_grade_school__air_jordan_3_retro_og__black_cement_0_62869.jpeg;https:\/\/images.novelship.com\/product\/_grade_school__air_jordan_3_retro_og__black_cement_1_62869.jpeg;https:\/\/images.novelship.com\/product\/_grade_school__air_jordan_3_retro_og__black_cement_2_62869.jpeg;https:\/\/images.novelship.com\/product\/_grade_school__air_jordan_3_retro_og__black_cement_3_62869.jpeg;https:\/\/images.novelship.com\/product\/_grade_school__air_jordan_3_retro_og__black_cement_4_62869.jpeg;https:\/\/images.novelship.com\/product\/_grade_school__air_jordan_3_retro_og__black_cement_5_62869.jpeg;https:\/\/images.novelship.com\/product\/_grade_school__air_jordan_3_retro_og__black_cement_6_62869.jpeg;https:\/\/images.novelship.com\/product\/_grade_school__air_jordan_3_retro_og__black_cement_7_62869.jpeg\",\"datePublished\":\"2026-04-16T10:15:25+00:00\",\"dateModified\":\"2026-04-17T16:06:11+00:00\",\"breadcrumb\":{\"@id\":\"https:\/\/tourcruiser.com\/fr\/products\/grade-school-air-jordan-3-retro-og-black-cement-2018-854261-001\/#breadcrumb\"},\"inLanguage\":\"fr-FR\",\"potentialAction\":[{\"@type\":\"ReadAction\",\"target\":[\"https:\/\/tourcruiser.com\/fr\/products\/grade-school-air-jordan-3-retro-og-black-cement-2018-854261-001\/\"]}]},{\"@type\":\"ImageObject\",\"inLanguage\":\"fr-FR\",\"@id\":\"https:\/\/tourcruiser.com\/fr\/products\/grade-school-air-jordan-3-retro-og-black-cement-2018-854261-001\/#primaryimage\",\"url\":\"https:\/\/images.novelship.com\/product\/_grade_school__air_jordan_3_retro_og__black_cement_0_62869.jpeg;https:\/\/images.novelship.com\/product\/_grade_school__air_jordan_3_retro_og__black_cement_1_62869.jpeg;https:\/\/images.novelship.com\/product\/_grade_school__air_jordan_3_retro_og__black_cement_2_62869.jpeg;https:\/\/images.novelship.com\/product\/_grade_school__air_jordan_3_retro_og__black_cement_3_62869.jpeg;https:\/\/images.novelship.com\/product\/_grade_school__air_jordan_3_retro_og__black_cement_4_62869.jpeg;https:\/\/images.novelship.com\/product\/_grade_school__air_jordan_3_retro_og__black_cement_5_62869.jpeg;https:\/\/images.novelship.com\/product\/_grade_school__air_jordan_3_retro_og__black_cement_6_62869.jpeg;https:\/\/images.novelship.com\/product\/_grade_school__air_jordan_3_retro_og__black_cement_7_62869.jpeg\",\"contentUrl\":\"https:\/\/images.novelship.com\/product\/_grade_school__air_jordan_3_retro_og__black_cement_0_62869.jpeg;https:\/\/images.novelship.com\/product\/_grade_school__air_jordan_3_retro_og__black_cement_1_62869.jpeg;https:\/\/images.novelship.com\/product\/_grade_school__air_jordan_3_retro_og__black_cement_2_62869.jpeg;https:\/\/images.novelship.com\/product\/_grade_school__air_jordan_3_retro_og__black_cement_3_62869.jpeg;https:\/\/images.novelship.com\/product\/_grade_school__air_jordan_3_retro_og__black_cement_4_62869.jpeg;https:\/\/images.novelship.com\/product\/_grade_school__air_jordan_3_retro_og__black_cement_5_62869.jpeg;https:\/\/images.novelship.com\/product\/_grade_school__air_jordan_3_retro_og__black_cement_6_62869.jpeg;https:\/\/images.novelship.com\/product\/_grade_school__air_jordan_3_retro_og__black_cement_7_62869.jpeg\"},{\"@type\":\"BreadcrumbList\",\"@id\":\"https:\/\/tourcruiser.com\/fr\/products\/grade-school-air-jordan-3-retro-og-black-cement-2018-854261-001\/#breadcrumb\",\"itemListElement\":[{\"@type\":\"ListItem\",\"position\":1,\"name\":\"Home\",\"item\":\"https:\/\/tourcruiser.com\/fr\/\"},{\"@type\":\"ListItem\",\"position\":2,\"name\":\"Shop\",\"item\":\"https:\/\/tourcruiser.com\/fr\/shop\/\"},{\"@type\":\"ListItem\",\"position\":3,\"name\":\"(Grade School) Air Jordan 3 Retro OG &#8216;Black Cement&#8217; 2018 854261-001\"}]},{\"@type\":\"WebSite\",\"@id\":\"\/#website\",\"url\":\"\/\",\"name\":\"Styloral Jewelry Shop\",\"description\":\"Tourcruiser Sneaker Store \u2014 L\u2019endroit o\u00f9 l\u2019univers rencontre votre singularit\u00e9.\",\"publisher\":{\"@id\":\"\/#organization\"},\"potentialAction\":[{\"@type\":\"SearchAction\",\"target\":{\"@type\":\"EntryPoint\",\"urlTemplate\":\"\/?s={search_term_string}\"},\"query-input\":{\"@type\":\"PropertyValueSpecification\",\"valueRequired\":true,\"valueName\":\"search_term_string\"}}],\"inLanguage\":\"fr-FR\"},{\"@type\":\"Organization\",\"@id\":\"\/#organization\",\"name\":\"STYLORAL PTE. LTD\",\"url\":\"\/\",\"logo\":{\"@type\":\"ImageObject\",\"inLanguage\":\"fr-FR\",\"@id\":\"\/#\/schema\/logo\/image\/\",\"url\":\"https:\/\/www.tourcruiser.com\/wp-content\/uploads\/2025\/12\/logo.png\",\"contentUrl\":\"https:\/\/www.tourcruiser.com\/wp-content\/uploads\/2025\/12\/logo.png\",\"width\":200,\"height\":65,\"caption\":\"STYLORAL PTE. LTD\"},\"image\":{\"@id\":\"\/#\/schema\/logo\/image\/\"}}]}<\/script>\n<!-- \/ Yoast SEO plugin. -->","yoast_head_json":{"title":"(Grade School) Air Jordan 3 Retro OG 'Black Cement' 2018 854261-001 - TOURCRUISER PTE. LTD","robots":{"index":"index","follow":"follow","max-snippet":"max-snippet:-1","max-image-preview":"max-image-preview:large","max-video-preview":"max-video-preview:-1"},"canonical":"https:\/\/tourcruiser.com\/fr\/products\/grade-school-air-jordan-3-retro-og-black-cement-2018-854261-001\/","og_locale":"fr_FR","og_type":"article","og_title":"(Grade School) Air Jordan 3 Retro OG 'Black Cement' 2018 854261-001 - TOURCRUISER PTE. LTD","og_description":"Plongez dans l&rsquo;histoire avec la l\u00e9gendaire Air Jordan 3 Retro OG \u00ab Black Cement \u00bb. Cette r\u00e9\u00e9dition de 2018 reste fid\u00e8le \u00e0 l&rsquo;originale, avec une empeigne en cuir noir premium orn\u00e9e d&rsquo;un imprim\u00e9 \u00e9l\u00e9phant. La semelle interm\u00e9diaire blanche \u00e9clatante offre contraste et amorti, tandis que le logo iconique \u00ab Nike Air \u00bb au talon parach\u00e8ve [&hellip;]","og_url":"https:\/\/tourcruiser.com\/fr\/products\/grade-school-air-jordan-3-retro-og-black-cement-2018-854261-001\/","og_site_name":"Tourcruiser Sneaker Store","article_modified_time":"2026-04-17T16:06:11+00:00","twitter_card":"summary_large_image","twitter_image":"https:\/\/images.novelship.com\/product\/_grade_school__air_jordan_3_retro_og__black_cement_0_62869.jpeg;https:\/\/images.novelship.com\/product\/_grade_school__air_jordan_3_retro_og__black_cement_1_62869.jpeg;https:\/\/images.novelship.com\/product\/_grade_school__air_jordan_3_retro_og__black_cement_2_62869.jpeg;https:\/\/images.novelship.com\/product\/_grade_school__air_jordan_3_retro_og__black_cement_3_62869.jpeg;https:\/\/images.novelship.com\/product\/_grade_school__air_jordan_3_retro_og__black_cement_4_62869.jpeg;https:\/\/images.novelship.com\/product\/_grade_school__air_jordan_3_retro_og__black_cement_5_62869.jpeg;https:\/\/images.novelship.com\/product\/_grade_school__air_jordan_3_retro_og__black_cement_6_62869.jpeg;https:\/\/images.novelship.com\/product\/_grade_school__air_jordan_3_retro_og__black_cement_7_62869.jpeg","twitter_misc":{"Dur\u00e9e de lecture estim\u00e9e":"1 minute"},"schema":{"@context":"https:\/\/schema.org","@graph":[{"@type":"WebPage","@id":"https:\/\/tourcruiser.com\/fr\/products\/grade-school-air-jordan-3-retro-og-black-cement-2018-854261-001\/","url":"https:\/\/tourcruiser.com\/fr\/products\/grade-school-air-jordan-3-retro-og-black-cement-2018-854261-001\/","name":"(Grade School) Air Jordan 3 Retro OG 'Black Cement' 2018 854261-001 - TOURCRUISER PTE. LTD","isPartOf":{"@id":"\/#website"},"primaryImageOfPage":{"@id":"https:\/\/tourcruiser.com\/fr\/products\/grade-school-air-jordan-3-retro-og-black-cement-2018-854261-001\/#primaryimage"},"image":{"@id":"https:\/\/tourcruiser.com\/fr\/products\/grade-school-air-jordan-3-retro-og-black-cement-2018-854261-001\/#primaryimage"},"thumbnailUrl":"https:\/\/images.novelship.com\/product\/_grade_school__air_jordan_3_retro_og__black_cement_0_62869.jpeg;https:\/\/images.novelship.com\/product\/_grade_school__air_jordan_3_retro_og__black_cement_1_62869.jpeg;https:\/\/images.novelship.com\/product\/_grade_school__air_jordan_3_retro_og__black_cement_2_62869.jpeg;https:\/\/images.novelship.com\/product\/_grade_school__air_jordan_3_retro_og__black_cement_3_62869.jpeg;https:\/\/images.novelship.com\/product\/_grade_school__air_jordan_3_retro_og__black_cement_4_62869.jpeg;https:\/\/images.novelship.com\/product\/_grade_school__air_jordan_3_retro_og__black_cement_5_62869.jpeg;https:\/\/images.novelship.com\/product\/_grade_school__air_jordan_3_retro_og__black_cement_6_62869.jpeg;https:\/\/images.novelship.com\/product\/_grade_school__air_jordan_3_retro_og__black_cement_7_62869.jpeg","datePublished":"2026-04-16T10:15:25+00:00","dateModified":"2026-04-17T16:06:11+00:00","breadcrumb":{"@id":"https:\/\/tourcruiser.com\/fr\/products\/grade-school-air-jordan-3-retro-og-black-cement-2018-854261-001\/#breadcrumb"},"inLanguage":"fr-FR","potentialAction":[{"@type":"ReadAction","target":["https:\/\/tourcruiser.com\/fr\/products\/grade-school-air-jordan-3-retro-og-black-cement-2018-854261-001\/"]}]},{"@type":"ImageObject","inLanguage":"fr-FR","@id":"https:\/\/tourcruiser.com\/fr\/products\/grade-school-air-jordan-3-retro-og-black-cement-2018-854261-001\/#primaryimage","url":"https:\/\/images.novelship.com\/product\/_grade_school__air_jordan_3_retro_og__black_cement_0_62869.jpeg;https:\/\/images.novelship.com\/product\/_grade_school__air_jordan_3_retro_og__black_cement_1_62869.jpeg;https:\/\/images.novelship.com\/product\/_grade_school__air_jordan_3_retro_og__black_cement_2_62869.jpeg;https:\/\/images.novelship.com\/product\/_grade_school__air_jordan_3_retro_og__black_cement_3_62869.jpeg;https:\/\/images.novelship.com\/product\/_grade_school__air_jordan_3_retro_og__black_cement_4_62869.jpeg;https:\/\/images.novelship.com\/product\/_grade_school__air_jordan_3_retro_og__black_cement_5_62869.jpeg;https:\/\/images.novelship.com\/product\/_grade_school__air_jordan_3_retro_og__black_cement_6_62869.jpeg;https:\/\/images.novelship.com\/product\/_grade_school__air_jordan_3_retro_og__black_cement_7_62869.jpeg","contentUrl":"https:\/\/images.novelship.com\/product\/_grade_school__air_jordan_3_retro_og__black_cement_0_62869.jpeg;https:\/\/images.novelship.com\/product\/_grade_school__air_jordan_3_retro_og__black_cement_1_62869.jpeg;https:\/\/images.novelship.com\/product\/_grade_school__air_jordan_3_retro_og__black_cement_2_62869.jpeg;https:\/\/images.novelship.com\/product\/_grade_school__air_jordan_3_retro_og__black_cement_3_62869.jpeg;https:\/\/images.novelship.com\/product\/_grade_school__air_jordan_3_retro_og__black_cement_4_62869.jpeg;https:\/\/images.novelship.com\/product\/_grade_school__air_jordan_3_retro_og__black_cement_5_62869.jpeg;https:\/\/images.novelship.com\/product\/_grade_school__air_jordan_3_retro_og__black_cement_6_62869.jpeg;https:\/\/images.novelship.com\/product\/_grade_school__air_jordan_3_retro_og__black_cement_7_62869.jpeg"},{"@type":"BreadcrumbList","@id":"https:\/\/tourcruiser.com\/fr\/products\/grade-school-air-jordan-3-retro-og-black-cement-2018-854261-001\/#breadcrumb","itemListElement":[{"@type":"ListItem","position":1,"name":"Home","item":"https:\/\/tourcruiser.com\/fr\/"},{"@type":"ListItem","position":2,"name":"Shop","item":"https:\/\/tourcruiser.com\/fr\/shop\/"},{"@type":"ListItem","position":3,"name":"(Grade School) Air Jordan 3 Retro OG &#8216;Black Cement&#8217; 2018 854261-001"}]},{"@type":"WebSite","@id":"\/#website","url":"\/","name":"Styloral Jewelry Shop","description":"Tourcruiser Sneaker Store \u2014 L\u2019endroit o\u00f9 l\u2019univers rencontre votre singularit\u00e9.","publisher":{"@id":"\/#organization"},"potentialAction":[{"@type":"SearchAction","target":{"@type":"EntryPoint","urlTemplate":"\/?s={search_term_string}"},"query-input":{"@type":"PropertyValueSpecification","valueRequired":true,"valueName":"search_term_string"}}],"inLanguage":"fr-FR"},{"@type":"Organization","@id":"\/#organization","name":"STYLORAL PTE. LTD","url":"\/","logo":{"@type":"ImageObject","inLanguage":"fr-FR","@id":"\/#\/schema\/logo\/image\/","url":"https:\/\/www.tourcruiser.com\/wp-content\/uploads\/2025\/12\/logo.png","contentUrl":"https:\/\/www.tourcruiser.com\/wp-content\/uploads\/2025\/12\/logo.png","width":200,"height":65,"caption":"STYLORAL PTE. LTD"},"image":{"@id":"\/#\/schema\/logo\/image\/"}}]}},"_links":{"self":[{"href":"https:\/\/tourcruiser.com\/fr\/wp-json\/wp\/v2\/product\/772524","targetHints":{"allow":["GET"]}}],"collection":[{"href":"https:\/\/tourcruiser.com\/fr\/wp-json\/wp\/v2\/product"}],"about":[{"href":"https:\/\/tourcruiser.com\/fr\/wp-json\/wp\/v2\/types\/product"}],"replies":[{"embeddable":true,"href":"https:\/\/tourcruiser.com\/fr\/wp-json\/wp\/v2\/comments?post=772524"}],"wp:featuredmedia":[{"embeddable":true,"href":"https:\/\/tourcruiser.com\/fr\/wp-json\/wp\/v2\/media\/772525"}],"wp:attachment":[{"href":"https:\/\/tourcruiser.com\/fr\/wp-json\/wp\/v2\/media?parent=772524"}],"wp:term":[{"taxonomy":"product_brand","embeddable":true,"href":"https:\/\/tourcruiser.com\/fr\/wp-json\/wp\/v2\/product_brand?post=772524"},{"taxonomy":"product_cat","embeddable":true,"href":"https:\/\/tourcruiser.com\/fr\/wp-json\/wp\/v2\/product_cat?post=772524"},{"taxonomy":"product_tag","embeddable":true,"href":"https:\/\/tourcruiser.com\/fr\/wp-json\/wp\/v2\/product_tag?post=772524"}],"curies":[{"name":"wp","href":"https:\/\/api.w.org\/{rel}","templated":true}]}}