{"id":772515,"date":"2026-04-16T17:15:25","date_gmt":"2026-04-16T10:15:25","guid":{"rendered":"http:\/\/tourcruiser.com\/product\/grade-school-air-jordan-5-retro-light-aqua-440892-100"},"modified":"2026-04-17T23:06:11","modified_gmt":"2026-04-17T16:06:11","slug":"grade-school-air-jordan-5-retro-light-aqua-440892-100","status":"publish","type":"product","link":"https:\/\/tourcruiser.com\/fr\/products\/grade-school-air-jordan-5-retro-light-aqua-440892-100\/","title":{"rendered":"(Grade School) Air Jordan 5 Retro &lsquo;Light Aqua&rsquo; 440892-100"},"content":{"rendered":"<p>D\u00e9couvrez les sneakers Air Jordan 5 Retro Light Aqua 440892-100 pour enfants (pointure 1) de Jordan, pour un look \u00e0 la fois styl\u00e9 et sportif. Ces sneakers s\u00e9duisent par leur design \u00e9pur\u00e9 et leur confort optimal \u2013 parfaites au quotidien. Faites sensation avec ces Jordan iconiques.<\/p>\n<p>Coloris\u00a0: Blanc\/Rouge Puls\u00e9-Bleu Clair-Noir<\/p>\n<p>Code article\u00a0: 440892-100<br \/>\nSemelle interm\u00e9diaire\u00a0: Air<\/p>\n<p>Couleur\u00a0: Blanc<\/p>\n<p>Designer\u00a0: Tinker Hatfield<\/p>\n<p>Ann\u00e9e de sortie\u00a0: 2018<\/p>\n<p>\u00c2ge\u00a0: Adulte<\/p>\n<p>Coloris\u00a0: Noir\/Gris Ciment-Blanc-Rouge Feu<\/p>\n<p>Genre\u00a0: Enfant<\/p>\n","protected":false},"excerpt":{"rendered":"<p>D\u00e9couvrez les sneakers Air Jordan 5 Retro Light Aqua 440892-100 pour enfants (pointure 1) de Jordan, pour un look \u00e0 la fois styl\u00e9 et sportif. Ces sneakers s\u00e9duisent par leur design \u00e9pur\u00e9 et leur confort optimal \u2013 parfaites au quotidien. Faites sensation avec ces Jordan iconiques. Coloris\u00a0: Blanc\/Rouge Puls\u00e9-Bleu Clair-Noir Code article\u00a0: 440892-100 Semelle interm\u00e9diaire\u00a0: [&hellip;]<\/p>\n","protected":false},"featured_media":772516,"comment_status":"open","ping_status":"closed","template":"","meta":[],"product_brand":[],"product_cat":[38880],"product_tag":[10750,38861,38988,10776,11349,38875,10756,39039],"class_list":{"0":"post-772515","1":"product","2":"type-product","3":"status-publish","4":"has-post-thumbnail","6":"product_cat-jordan","7":"product_tag-athleisure-shoes","8":"product_tag-below-retail-price","9":"product_tag-casual-shoes-for-kids","10":"product_tag-jordan","11":"product_tag-jordan-basketball-shoes","12":"product_tag-jordan-skateboard-shoes","13":"product_tag-retro-casual-shoes","14":"product_tag-sneakers-for-kids","16":"first","17":"instock","18":"taxable","19":"shipping-taxable","20":"purchasable","21":"product-type-simple"},"wcpa_form_fields":null,"yoast_head":"<!-- This site is optimized with the Yoast SEO plugin v26.5 - https:\/\/yoast.com\/wordpress\/plugins\/seo\/ -->\n<title>(Grade School) Air Jordan 5 Retro &#039;Light Aqua&#039; 440892-100 - TOURCRUISER PTE. LTD<\/title>\n<meta name=\"robots\" content=\"index, follow, max-snippet:-1, max-image-preview:large, max-video-preview:-1\" \/>\n<link rel=\"canonical\" href=\"https:\/\/tourcruiser.com\/fr\/products\/grade-school-air-jordan-5-retro-light-aqua-440892-100\/\" \/>\n<meta property=\"og:locale\" content=\"fr_FR\" \/>\n<meta property=\"og:type\" content=\"article\" \/>\n<meta property=\"og:title\" content=\"(Grade School) Air Jordan 5 Retro &#039;Light Aqua&#039; 440892-100 - TOURCRUISER PTE. LTD\" \/>\n<meta property=\"og:description\" content=\"D\u00e9couvrez les sneakers Air Jordan 5 Retro Light Aqua 440892-100 pour enfants (pointure 1) de Jordan, pour un look \u00e0 la fois styl\u00e9 et sportif. Ces sneakers s\u00e9duisent par leur design \u00e9pur\u00e9 et leur confort optimal \u2013 parfaites au quotidien. Faites sensation avec ces Jordan iconiques. Coloris\u00a0: Blanc\/Rouge Puls\u00e9-Bleu Clair-Noir Code article\u00a0: 440892-100 Semelle interm\u00e9diaire\u00a0: [&hellip;]\" \/>\n<meta property=\"og:url\" content=\"https:\/\/tourcruiser.com\/fr\/products\/grade-school-air-jordan-5-retro-light-aqua-440892-100\/\" \/>\n<meta property=\"og:site_name\" content=\"Tourcruiser Sneaker Store\" \/>\n<meta property=\"article:modified_time\" content=\"2026-04-17T16:06:11+00:00\" \/>\n<meta name=\"twitter:card\" content=\"summary_large_image\" \/>\n<meta name=\"twitter:image\" content=\"https:\/\/images.novelship.com\/product\/_grade_school__air_jordan_5_retro__light_aqua__440_0_21897.jpeg;https:\/\/images.novelship.com\/product\/_grade_school__air_jordan_5_retro__light_aqua__440_1_21897.jpeg;https:\/\/images.novelship.com\/product\/_grade_school__air_jordan_5_retro__light_aqua__440_2_21897.jpeg;https:\/\/images.novelship.com\/product\/_grade_school__air_jordan_5_retro__light_aqua__440_3_21897.jpeg;https:\/\/images.novelship.com\/product\/_grade_school__air_jordan_5_retro__light_aqua__440_4_21897.jpeg;https:\/\/images.novelship.com\/product\/_grade_school__air_jordan_5_retro__light_aqua__440_5_21897.jpeg;https:\/\/images.novelship.com\/product\/_grade_school__air_jordan_5_retro__light_aqua__440_6_21897.jpeg;https:\/\/images.novelship.com\/product\/_grade_school__air_jordan_5_retro__light_aqua__440_7_21897.jpeg\" \/>\n<script type=\"application\/ld+json\" class=\"yoast-schema-graph\">{\"@context\":\"https:\/\/schema.org\",\"@graph\":[{\"@type\":\"WebPage\",\"@id\":\"https:\/\/tourcruiser.com\/fr\/products\/grade-school-air-jordan-5-retro-light-aqua-440892-100\/\",\"url\":\"https:\/\/tourcruiser.com\/fr\/products\/grade-school-air-jordan-5-retro-light-aqua-440892-100\/\",\"name\":\"(Grade School) Air Jordan 5 Retro 'Light Aqua' 440892-100 - TOURCRUISER PTE. LTD\",\"isPartOf\":{\"@id\":\"\/#website\"},\"primaryImageOfPage\":{\"@id\":\"https:\/\/tourcruiser.com\/fr\/products\/grade-school-air-jordan-5-retro-light-aqua-440892-100\/#primaryimage\"},\"image\":{\"@id\":\"https:\/\/tourcruiser.com\/fr\/products\/grade-school-air-jordan-5-retro-light-aqua-440892-100\/#primaryimage\"},\"thumbnailUrl\":\"https:\/\/images.novelship.com\/product\/_grade_school__air_jordan_5_retro__light_aqua__440_0_21897.jpeg;https:\/\/images.novelship.com\/product\/_grade_school__air_jordan_5_retro__light_aqua__440_1_21897.jpeg;https:\/\/images.novelship.com\/product\/_grade_school__air_jordan_5_retro__light_aqua__440_2_21897.jpeg;https:\/\/images.novelship.com\/product\/_grade_school__air_jordan_5_retro__light_aqua__440_3_21897.jpeg;https:\/\/images.novelship.com\/product\/_grade_school__air_jordan_5_retro__light_aqua__440_4_21897.jpeg;https:\/\/images.novelship.com\/product\/_grade_school__air_jordan_5_retro__light_aqua__440_5_21897.jpeg;https:\/\/images.novelship.com\/product\/_grade_school__air_jordan_5_retro__light_aqua__440_6_21897.jpeg;https:\/\/images.novelship.com\/product\/_grade_school__air_jordan_5_retro__light_aqua__440_7_21897.jpeg\",\"datePublished\":\"2026-04-16T10:15:25+00:00\",\"dateModified\":\"2026-04-17T16:06:11+00:00\",\"breadcrumb\":{\"@id\":\"https:\/\/tourcruiser.com\/fr\/products\/grade-school-air-jordan-5-retro-light-aqua-440892-100\/#breadcrumb\"},\"inLanguage\":\"fr-FR\",\"potentialAction\":[{\"@type\":\"ReadAction\",\"target\":[\"https:\/\/tourcruiser.com\/fr\/products\/grade-school-air-jordan-5-retro-light-aqua-440892-100\/\"]}]},{\"@type\":\"ImageObject\",\"inLanguage\":\"fr-FR\",\"@id\":\"https:\/\/tourcruiser.com\/fr\/products\/grade-school-air-jordan-5-retro-light-aqua-440892-100\/#primaryimage\",\"url\":\"https:\/\/images.novelship.com\/product\/_grade_school__air_jordan_5_retro__light_aqua__440_0_21897.jpeg;https:\/\/images.novelship.com\/product\/_grade_school__air_jordan_5_retro__light_aqua__440_1_21897.jpeg;https:\/\/images.novelship.com\/product\/_grade_school__air_jordan_5_retro__light_aqua__440_2_21897.jpeg;https:\/\/images.novelship.com\/product\/_grade_school__air_jordan_5_retro__light_aqua__440_3_21897.jpeg;https:\/\/images.novelship.com\/product\/_grade_school__air_jordan_5_retro__light_aqua__440_4_21897.jpeg;https:\/\/images.novelship.com\/product\/_grade_school__air_jordan_5_retro__light_aqua__440_5_21897.jpeg;https:\/\/images.novelship.com\/product\/_grade_school__air_jordan_5_retro__light_aqua__440_6_21897.jpeg;https:\/\/images.novelship.com\/product\/_grade_school__air_jordan_5_retro__light_aqua__440_7_21897.jpeg\",\"contentUrl\":\"https:\/\/images.novelship.com\/product\/_grade_school__air_jordan_5_retro__light_aqua__440_0_21897.jpeg;https:\/\/images.novelship.com\/product\/_grade_school__air_jordan_5_retro__light_aqua__440_1_21897.jpeg;https:\/\/images.novelship.com\/product\/_grade_school__air_jordan_5_retro__light_aqua__440_2_21897.jpeg;https:\/\/images.novelship.com\/product\/_grade_school__air_jordan_5_retro__light_aqua__440_3_21897.jpeg;https:\/\/images.novelship.com\/product\/_grade_school__air_jordan_5_retro__light_aqua__440_4_21897.jpeg;https:\/\/images.novelship.com\/product\/_grade_school__air_jordan_5_retro__light_aqua__440_5_21897.jpeg;https:\/\/images.novelship.com\/product\/_grade_school__air_jordan_5_retro__light_aqua__440_6_21897.jpeg;https:\/\/images.novelship.com\/product\/_grade_school__air_jordan_5_retro__light_aqua__440_7_21897.jpeg\"},{\"@type\":\"BreadcrumbList\",\"@id\":\"https:\/\/tourcruiser.com\/fr\/products\/grade-school-air-jordan-5-retro-light-aqua-440892-100\/#breadcrumb\",\"itemListElement\":[{\"@type\":\"ListItem\",\"position\":1,\"name\":\"Home\",\"item\":\"https:\/\/tourcruiser.com\/fr\/\"},{\"@type\":\"ListItem\",\"position\":2,\"name\":\"Shop\",\"item\":\"https:\/\/tourcruiser.com\/fr\/shop\/\"},{\"@type\":\"ListItem\",\"position\":3,\"name\":\"(Grade School) Air Jordan 5 Retro &#8216;Light Aqua&#8217; 440892-100\"}]},{\"@type\":\"WebSite\",\"@id\":\"\/#website\",\"url\":\"\/\",\"name\":\"Styloral Jewelry Shop\",\"description\":\"Tourcruiser Sneaker Store \u2014 L\u2019endroit o\u00f9 l\u2019univers rencontre votre singularit\u00e9.\",\"publisher\":{\"@id\":\"\/#organization\"},\"potentialAction\":[{\"@type\":\"SearchAction\",\"target\":{\"@type\":\"EntryPoint\",\"urlTemplate\":\"\/?s={search_term_string}\"},\"query-input\":{\"@type\":\"PropertyValueSpecification\",\"valueRequired\":true,\"valueName\":\"search_term_string\"}}],\"inLanguage\":\"fr-FR\"},{\"@type\":\"Organization\",\"@id\":\"\/#organization\",\"name\":\"STYLORAL PTE. LTD\",\"url\":\"\/\",\"logo\":{\"@type\":\"ImageObject\",\"inLanguage\":\"fr-FR\",\"@id\":\"\/#\/schema\/logo\/image\/\",\"url\":\"https:\/\/www.tourcruiser.com\/wp-content\/uploads\/2025\/12\/logo.png\",\"contentUrl\":\"https:\/\/www.tourcruiser.com\/wp-content\/uploads\/2025\/12\/logo.png\",\"width\":200,\"height\":65,\"caption\":\"STYLORAL PTE. LTD\"},\"image\":{\"@id\":\"\/#\/schema\/logo\/image\/\"}}]}<\/script>\n<!-- \/ Yoast SEO plugin. -->","yoast_head_json":{"title":"(Grade School) Air Jordan 5 Retro 'Light Aqua' 440892-100 - TOURCRUISER PTE. LTD","robots":{"index":"index","follow":"follow","max-snippet":"max-snippet:-1","max-image-preview":"max-image-preview:large","max-video-preview":"max-video-preview:-1"},"canonical":"https:\/\/tourcruiser.com\/fr\/products\/grade-school-air-jordan-5-retro-light-aqua-440892-100\/","og_locale":"fr_FR","og_type":"article","og_title":"(Grade School) Air Jordan 5 Retro 'Light Aqua' 440892-100 - TOURCRUISER PTE. LTD","og_description":"D\u00e9couvrez les sneakers Air Jordan 5 Retro Light Aqua 440892-100 pour enfants (pointure 1) de Jordan, pour un look \u00e0 la fois styl\u00e9 et sportif. Ces sneakers s\u00e9duisent par leur design \u00e9pur\u00e9 et leur confort optimal \u2013 parfaites au quotidien. Faites sensation avec ces Jordan iconiques. Coloris\u00a0: Blanc\/Rouge Puls\u00e9-Bleu Clair-Noir Code article\u00a0: 440892-100 Semelle interm\u00e9diaire\u00a0: [&hellip;]","og_url":"https:\/\/tourcruiser.com\/fr\/products\/grade-school-air-jordan-5-retro-light-aqua-440892-100\/","og_site_name":"Tourcruiser Sneaker Store","article_modified_time":"2026-04-17T16:06:11+00:00","twitter_card":"summary_large_image","twitter_image":"https:\/\/images.novelship.com\/product\/_grade_school__air_jordan_5_retro__light_aqua__440_0_21897.jpeg;https:\/\/images.novelship.com\/product\/_grade_school__air_jordan_5_retro__light_aqua__440_1_21897.jpeg;https:\/\/images.novelship.com\/product\/_grade_school__air_jordan_5_retro__light_aqua__440_2_21897.jpeg;https:\/\/images.novelship.com\/product\/_grade_school__air_jordan_5_retro__light_aqua__440_3_21897.jpeg;https:\/\/images.novelship.com\/product\/_grade_school__air_jordan_5_retro__light_aqua__440_4_21897.jpeg;https:\/\/images.novelship.com\/product\/_grade_school__air_jordan_5_retro__light_aqua__440_5_21897.jpeg;https:\/\/images.novelship.com\/product\/_grade_school__air_jordan_5_retro__light_aqua__440_6_21897.jpeg;https:\/\/images.novelship.com\/product\/_grade_school__air_jordan_5_retro__light_aqua__440_7_21897.jpeg","schema":{"@context":"https:\/\/schema.org","@graph":[{"@type":"WebPage","@id":"https:\/\/tourcruiser.com\/fr\/products\/grade-school-air-jordan-5-retro-light-aqua-440892-100\/","url":"https:\/\/tourcruiser.com\/fr\/products\/grade-school-air-jordan-5-retro-light-aqua-440892-100\/","name":"(Grade School) Air Jordan 5 Retro 'Light Aqua' 440892-100 - TOURCRUISER PTE. LTD","isPartOf":{"@id":"\/#website"},"primaryImageOfPage":{"@id":"https:\/\/tourcruiser.com\/fr\/products\/grade-school-air-jordan-5-retro-light-aqua-440892-100\/#primaryimage"},"image":{"@id":"https:\/\/tourcruiser.com\/fr\/products\/grade-school-air-jordan-5-retro-light-aqua-440892-100\/#primaryimage"},"thumbnailUrl":"https:\/\/images.novelship.com\/product\/_grade_school__air_jordan_5_retro__light_aqua__440_0_21897.jpeg;https:\/\/images.novelship.com\/product\/_grade_school__air_jordan_5_retro__light_aqua__440_1_21897.jpeg;https:\/\/images.novelship.com\/product\/_grade_school__air_jordan_5_retro__light_aqua__440_2_21897.jpeg;https:\/\/images.novelship.com\/product\/_grade_school__air_jordan_5_retro__light_aqua__440_3_21897.jpeg;https:\/\/images.novelship.com\/product\/_grade_school__air_jordan_5_retro__light_aqua__440_4_21897.jpeg;https:\/\/images.novelship.com\/product\/_grade_school__air_jordan_5_retro__light_aqua__440_5_21897.jpeg;https:\/\/images.novelship.com\/product\/_grade_school__air_jordan_5_retro__light_aqua__440_6_21897.jpeg;https:\/\/images.novelship.com\/product\/_grade_school__air_jordan_5_retro__light_aqua__440_7_21897.jpeg","datePublished":"2026-04-16T10:15:25+00:00","dateModified":"2026-04-17T16:06:11+00:00","breadcrumb":{"@id":"https:\/\/tourcruiser.com\/fr\/products\/grade-school-air-jordan-5-retro-light-aqua-440892-100\/#breadcrumb"},"inLanguage":"fr-FR","potentialAction":[{"@type":"ReadAction","target":["https:\/\/tourcruiser.com\/fr\/products\/grade-school-air-jordan-5-retro-light-aqua-440892-100\/"]}]},{"@type":"ImageObject","inLanguage":"fr-FR","@id":"https:\/\/tourcruiser.com\/fr\/products\/grade-school-air-jordan-5-retro-light-aqua-440892-100\/#primaryimage","url":"https:\/\/images.novelship.com\/product\/_grade_school__air_jordan_5_retro__light_aqua__440_0_21897.jpeg;https:\/\/images.novelship.com\/product\/_grade_school__air_jordan_5_retro__light_aqua__440_1_21897.jpeg;https:\/\/images.novelship.com\/product\/_grade_school__air_jordan_5_retro__light_aqua__440_2_21897.jpeg;https:\/\/images.novelship.com\/product\/_grade_school__air_jordan_5_retro__light_aqua__440_3_21897.jpeg;https:\/\/images.novelship.com\/product\/_grade_school__air_jordan_5_retro__light_aqua__440_4_21897.jpeg;https:\/\/images.novelship.com\/product\/_grade_school__air_jordan_5_retro__light_aqua__440_5_21897.jpeg;https:\/\/images.novelship.com\/product\/_grade_school__air_jordan_5_retro__light_aqua__440_6_21897.jpeg;https:\/\/images.novelship.com\/product\/_grade_school__air_jordan_5_retro__light_aqua__440_7_21897.jpeg","contentUrl":"https:\/\/images.novelship.com\/product\/_grade_school__air_jordan_5_retro__light_aqua__440_0_21897.jpeg;https:\/\/images.novelship.com\/product\/_grade_school__air_jordan_5_retro__light_aqua__440_1_21897.jpeg;https:\/\/images.novelship.com\/product\/_grade_school__air_jordan_5_retro__light_aqua__440_2_21897.jpeg;https:\/\/images.novelship.com\/product\/_grade_school__air_jordan_5_retro__light_aqua__440_3_21897.jpeg;https:\/\/images.novelship.com\/product\/_grade_school__air_jordan_5_retro__light_aqua__440_4_21897.jpeg;https:\/\/images.novelship.com\/product\/_grade_school__air_jordan_5_retro__light_aqua__440_5_21897.jpeg;https:\/\/images.novelship.com\/product\/_grade_school__air_jordan_5_retro__light_aqua__440_6_21897.jpeg;https:\/\/images.novelship.com\/product\/_grade_school__air_jordan_5_retro__light_aqua__440_7_21897.jpeg"},{"@type":"BreadcrumbList","@id":"https:\/\/tourcruiser.com\/fr\/products\/grade-school-air-jordan-5-retro-light-aqua-440892-100\/#breadcrumb","itemListElement":[{"@type":"ListItem","position":1,"name":"Home","item":"https:\/\/tourcruiser.com\/fr\/"},{"@type":"ListItem","position":2,"name":"Shop","item":"https:\/\/tourcruiser.com\/fr\/shop\/"},{"@type":"ListItem","position":3,"name":"(Grade School) Air Jordan 5 Retro &#8216;Light Aqua&#8217; 440892-100"}]},{"@type":"WebSite","@id":"\/#website","url":"\/","name":"Styloral Jewelry Shop","description":"Tourcruiser Sneaker Store \u2014 L\u2019endroit o\u00f9 l\u2019univers rencontre votre singularit\u00e9.","publisher":{"@id":"\/#organization"},"potentialAction":[{"@type":"SearchAction","target":{"@type":"EntryPoint","urlTemplate":"\/?s={search_term_string}"},"query-input":{"@type":"PropertyValueSpecification","valueRequired":true,"valueName":"search_term_string"}}],"inLanguage":"fr-FR"},{"@type":"Organization","@id":"\/#organization","name":"STYLORAL PTE. LTD","url":"\/","logo":{"@type":"ImageObject","inLanguage":"fr-FR","@id":"\/#\/schema\/logo\/image\/","url":"https:\/\/www.tourcruiser.com\/wp-content\/uploads\/2025\/12\/logo.png","contentUrl":"https:\/\/www.tourcruiser.com\/wp-content\/uploads\/2025\/12\/logo.png","width":200,"height":65,"caption":"STYLORAL PTE. LTD"},"image":{"@id":"\/#\/schema\/logo\/image\/"}}]}},"_links":{"self":[{"href":"https:\/\/tourcruiser.com\/fr\/wp-json\/wp\/v2\/product\/772515","targetHints":{"allow":["GET"]}}],"collection":[{"href":"https:\/\/tourcruiser.com\/fr\/wp-json\/wp\/v2\/product"}],"about":[{"href":"https:\/\/tourcruiser.com\/fr\/wp-json\/wp\/v2\/types\/product"}],"replies":[{"embeddable":true,"href":"https:\/\/tourcruiser.com\/fr\/wp-json\/wp\/v2\/comments?post=772515"}],"wp:featuredmedia":[{"embeddable":true,"href":"https:\/\/tourcruiser.com\/fr\/wp-json\/wp\/v2\/media\/772516"}],"wp:attachment":[{"href":"https:\/\/tourcruiser.com\/fr\/wp-json\/wp\/v2\/media?parent=772515"}],"wp:term":[{"taxonomy":"product_brand","embeddable":true,"href":"https:\/\/tourcruiser.com\/fr\/wp-json\/wp\/v2\/product_brand?post=772515"},{"taxonomy":"product_cat","embeddable":true,"href":"https:\/\/tourcruiser.com\/fr\/wp-json\/wp\/v2\/product_cat?post=772515"},{"taxonomy":"product_tag","embeddable":true,"href":"https:\/\/tourcruiser.com\/fr\/wp-json\/wp\/v2\/product_tag?post=772515"}],"curies":[{"name":"wp","href":"https:\/\/api.w.org\/{rel}","templated":true}]}}