{"id":772479,"date":"2026-04-16T17:15:24","date_gmt":"2026-04-16T10:15:24","guid":{"rendered":"http:\/\/tourcruiser.com\/product\/grade-school-air-jordan-12-retro-bg-flu-game-2016-153265-002"},"modified":"2026-04-17T23:06:08","modified_gmt":"2026-04-17T16:06:08","slug":"grade-school-air-jordan-12-retro-bg-flu-game-2016-153265-002","status":"publish","type":"product","link":"https:\/\/tourcruiser.com\/fr\/products\/grade-school-air-jordan-12-retro-bg-flu-game-2016-153265-002\/","title":{"rendered":"(Grade School) Air Jordan 12 Retro BG &lsquo;Flu Game&rsquo; 2016 153265-002"},"content":{"rendered":"<p>La Air Jordan 12 Retro BG Flu Game 2016, aussi appel\u00e9e Flu Game, est un mod\u00e8le classique de basketball de la marque Jordan. Avec son design noir \u00e9l\u00e9gant, cette chaussure est id\u00e9ale pour les jeunes joueurs. Am\u00e9liorez votre jeu et votre style avec l&#8217;embl\u00e9matique Air Jordan 12 Retro BG Flu Game 2016.<\/p>\n<p>Coloris\u00a0: Noir\/Rouge<\/p>\n<p>R\u00e9f\u00e9rence\u00a0: 153265-002<br \/>\nSemelle interm\u00e9diaire\u00a0: Air<\/p>\n<p>Couleur\u00a0: Noir<\/p>\n<p>Designer\u00a0: Tinker Hatfield<\/p>\n<p>Saison\u00a0: Toute l&rsquo;ann\u00e9e<\/p>\n<p>Ann\u00e9e de sortie\u00a0: 2016<\/p>\n<p>Couleur\u00a0: Noir<\/p>\n<p>Designer\u00a0: Tinker Hatfield<\/p>\n<p>\u00c2ge\u00a0: Adulte<\/p>\n<p>Couleur\u00a0: Sequoia\/Light Orewood Brown<\/p>\n<p>Genre\u00a0: Jeune<\/p>\n","protected":false},"excerpt":{"rendered":"<p>La Air Jordan 12 Retro BG Flu Game 2016, aussi appel\u00e9e Flu Game, est un mod\u00e8le classique de basketball de la marque Jordan. Avec son design noir \u00e9l\u00e9gant, cette chaussure est id\u00e9ale pour les jeunes joueurs. Am\u00e9liorez votre jeu et votre style avec l&#8217;embl\u00e9matique Air Jordan 12 Retro BG Flu Game 2016. Coloris\u00a0: Noir\/Rouge R\u00e9f\u00e9rence\u00a0: [&hellip;]<\/p>\n","protected":false},"featured_media":772480,"comment_status":"open","ping_status":"closed","template":"","meta":[],"product_brand":[],"product_cat":[38880],"product_tag":[10800,38876,38839,38861,38874,10776,11349,38875,38877],"class_list":{"0":"post-772479","1":"product","2":"type-product","3":"status-publish","4":"has-post-thumbnail","6":"product_cat-jordan","7":"product_tag-basketball-shoes","8":"product_tag-basketball-shoes-for-kids","9":"product_tag-basketball-shoes-with-ankle-support","10":"product_tag-below-retail-price","11":"product_tag-hari-raya-gs","12":"product_tag-jordan","13":"product_tag-jordan-basketball-shoes","14":"product_tag-jordan-skateboard-shoes","15":"product_tag-sports-shoes-for-kids","17":"first","18":"instock","19":"taxable","20":"shipping-taxable","21":"purchasable","22":"product-type-simple"},"wcpa_form_fields":null,"yoast_head":"<!-- This site is optimized with the Yoast SEO plugin v26.5 - https:\/\/yoast.com\/wordpress\/plugins\/seo\/ -->\n<title>(Grade School) Air Jordan 12 Retro BG &#039;Flu Game&#039; 2016 153265-002 - TOURCRUISER PTE. LTD<\/title>\n<meta name=\"robots\" content=\"index, follow, max-snippet:-1, max-image-preview:large, max-video-preview:-1\" \/>\n<link rel=\"canonical\" href=\"https:\/\/tourcruiser.com\/fr\/products\/grade-school-air-jordan-12-retro-bg-flu-game-2016-153265-002\/\" \/>\n<meta property=\"og:locale\" content=\"fr_FR\" \/>\n<meta property=\"og:type\" content=\"article\" \/>\n<meta property=\"og:title\" content=\"(Grade School) Air Jordan 12 Retro BG &#039;Flu Game&#039; 2016 153265-002 - TOURCRUISER PTE. LTD\" \/>\n<meta property=\"og:description\" content=\"La Air Jordan 12 Retro BG Flu Game 2016, aussi appel\u00e9e Flu Game, est un mod\u00e8le classique de basketball de la marque Jordan. Avec son design noir \u00e9l\u00e9gant, cette chaussure est id\u00e9ale pour les jeunes joueurs. Am\u00e9liorez votre jeu et votre style avec l&#8217;embl\u00e9matique Air Jordan 12 Retro BG Flu Game 2016. Coloris\u00a0: Noir\/Rouge R\u00e9f\u00e9rence\u00a0: [&hellip;]\" \/>\n<meta property=\"og:url\" content=\"https:\/\/tourcruiser.com\/fr\/products\/grade-school-air-jordan-12-retro-bg-flu-game-2016-153265-002\/\" \/>\n<meta property=\"og:site_name\" content=\"Tourcruiser Sneaker Store\" \/>\n<meta property=\"article:modified_time\" content=\"2026-04-17T16:06:08+00:00\" \/>\n<meta name=\"twitter:card\" content=\"summary_large_image\" \/>\n<meta name=\"twitter:image\" content=\"https:\/\/images.novelship.com\/product\/_grade_school__air_jordan_12_retro_bg__flu_game__2_0_27651.jpeg;https:\/\/images.novelship.com\/product\/_grade_school__air_jordan_12_retro_bg__flu_game__2_1_27651.jpeg;https:\/\/images.novelship.com\/product\/_grade_school__air_jordan_12_retro_bg__flu_game__2_2_27652.jpeg;https:\/\/images.novelship.com\/product\/_grade_school__air_jordan_12_retro_bg__flu_game__2_3_27652.jpeg;https:\/\/images.novelship.com\/product\/_grade_school__air_jordan_12_retro_bg__flu_game__2_4_27652.jpeg;https:\/\/images.novelship.com\/product\/_grade_school__air_jordan_12_retro_bg__flu_game__2_5_27652.jpeg;https:\/\/images.novelship.com\/product\/_grade_school__air_jordan_12_retro_bg__flu_game__2_6_27652.jpeg;https:\/\/images.novelship.com\/product\/_grade_school__air_jordan_12_retro_bg__flu_game__2_7_27652.jpeg\" \/>\n<script type=\"application\/ld+json\" class=\"yoast-schema-graph\">{\"@context\":\"https:\/\/schema.org\",\"@graph\":[{\"@type\":\"WebPage\",\"@id\":\"https:\/\/tourcruiser.com\/fr\/products\/grade-school-air-jordan-12-retro-bg-flu-game-2016-153265-002\/\",\"url\":\"https:\/\/tourcruiser.com\/fr\/products\/grade-school-air-jordan-12-retro-bg-flu-game-2016-153265-002\/\",\"name\":\"(Grade School) Air Jordan 12 Retro BG 'Flu Game' 2016 153265-002 - TOURCRUISER PTE. LTD\",\"isPartOf\":{\"@id\":\"\/#website\"},\"primaryImageOfPage\":{\"@id\":\"https:\/\/tourcruiser.com\/fr\/products\/grade-school-air-jordan-12-retro-bg-flu-game-2016-153265-002\/#primaryimage\"},\"image\":{\"@id\":\"https:\/\/tourcruiser.com\/fr\/products\/grade-school-air-jordan-12-retro-bg-flu-game-2016-153265-002\/#primaryimage\"},\"thumbnailUrl\":\"https:\/\/images.novelship.com\/product\/_grade_school__air_jordan_12_retro_bg__flu_game__2_0_27651.jpeg;https:\/\/images.novelship.com\/product\/_grade_school__air_jordan_12_retro_bg__flu_game__2_1_27651.jpeg;https:\/\/images.novelship.com\/product\/_grade_school__air_jordan_12_retro_bg__flu_game__2_2_27652.jpeg;https:\/\/images.novelship.com\/product\/_grade_school__air_jordan_12_retro_bg__flu_game__2_3_27652.jpeg;https:\/\/images.novelship.com\/product\/_grade_school__air_jordan_12_retro_bg__flu_game__2_4_27652.jpeg;https:\/\/images.novelship.com\/product\/_grade_school__air_jordan_12_retro_bg__flu_game__2_5_27652.jpeg;https:\/\/images.novelship.com\/product\/_grade_school__air_jordan_12_retro_bg__flu_game__2_6_27652.jpeg;https:\/\/images.novelship.com\/product\/_grade_school__air_jordan_12_retro_bg__flu_game__2_7_27652.jpeg\",\"datePublished\":\"2026-04-16T10:15:24+00:00\",\"dateModified\":\"2026-04-17T16:06:08+00:00\",\"breadcrumb\":{\"@id\":\"https:\/\/tourcruiser.com\/fr\/products\/grade-school-air-jordan-12-retro-bg-flu-game-2016-153265-002\/#breadcrumb\"},\"inLanguage\":\"fr-FR\",\"potentialAction\":[{\"@type\":\"ReadAction\",\"target\":[\"https:\/\/tourcruiser.com\/fr\/products\/grade-school-air-jordan-12-retro-bg-flu-game-2016-153265-002\/\"]}]},{\"@type\":\"ImageObject\",\"inLanguage\":\"fr-FR\",\"@id\":\"https:\/\/tourcruiser.com\/fr\/products\/grade-school-air-jordan-12-retro-bg-flu-game-2016-153265-002\/#primaryimage\",\"url\":\"https:\/\/images.novelship.com\/product\/_grade_school__air_jordan_12_retro_bg__flu_game__2_0_27651.jpeg;https:\/\/images.novelship.com\/product\/_grade_school__air_jordan_12_retro_bg__flu_game__2_1_27651.jpeg;https:\/\/images.novelship.com\/product\/_grade_school__air_jordan_12_retro_bg__flu_game__2_2_27652.jpeg;https:\/\/images.novelship.com\/product\/_grade_school__air_jordan_12_retro_bg__flu_game__2_3_27652.jpeg;https:\/\/images.novelship.com\/product\/_grade_school__air_jordan_12_retro_bg__flu_game__2_4_27652.jpeg;https:\/\/images.novelship.com\/product\/_grade_school__air_jordan_12_retro_bg__flu_game__2_5_27652.jpeg;https:\/\/images.novelship.com\/product\/_grade_school__air_jordan_12_retro_bg__flu_game__2_6_27652.jpeg;https:\/\/images.novelship.com\/product\/_grade_school__air_jordan_12_retro_bg__flu_game__2_7_27652.jpeg\",\"contentUrl\":\"https:\/\/images.novelship.com\/product\/_grade_school__air_jordan_12_retro_bg__flu_game__2_0_27651.jpeg;https:\/\/images.novelship.com\/product\/_grade_school__air_jordan_12_retro_bg__flu_game__2_1_27651.jpeg;https:\/\/images.novelship.com\/product\/_grade_school__air_jordan_12_retro_bg__flu_game__2_2_27652.jpeg;https:\/\/images.novelship.com\/product\/_grade_school__air_jordan_12_retro_bg__flu_game__2_3_27652.jpeg;https:\/\/images.novelship.com\/product\/_grade_school__air_jordan_12_retro_bg__flu_game__2_4_27652.jpeg;https:\/\/images.novelship.com\/product\/_grade_school__air_jordan_12_retro_bg__flu_game__2_5_27652.jpeg;https:\/\/images.novelship.com\/product\/_grade_school__air_jordan_12_retro_bg__flu_game__2_6_27652.jpeg;https:\/\/images.novelship.com\/product\/_grade_school__air_jordan_12_retro_bg__flu_game__2_7_27652.jpeg\"},{\"@type\":\"BreadcrumbList\",\"@id\":\"https:\/\/tourcruiser.com\/fr\/products\/grade-school-air-jordan-12-retro-bg-flu-game-2016-153265-002\/#breadcrumb\",\"itemListElement\":[{\"@type\":\"ListItem\",\"position\":1,\"name\":\"Home\",\"item\":\"https:\/\/tourcruiser.com\/fr\/\"},{\"@type\":\"ListItem\",\"position\":2,\"name\":\"Shop\",\"item\":\"https:\/\/tourcruiser.com\/fr\/shop\/\"},{\"@type\":\"ListItem\",\"position\":3,\"name\":\"(Grade School) Air Jordan 12 Retro BG &#8216;Flu Game&#8217; 2016 153265-002\"}]},{\"@type\":\"WebSite\",\"@id\":\"\/#website\",\"url\":\"\/\",\"name\":\"Styloral Jewelry Shop\",\"description\":\"Tourcruiser Sneaker Store \u2014 L\u2019endroit o\u00f9 l\u2019univers rencontre votre singularit\u00e9.\",\"publisher\":{\"@id\":\"\/#organization\"},\"potentialAction\":[{\"@type\":\"SearchAction\",\"target\":{\"@type\":\"EntryPoint\",\"urlTemplate\":\"\/?s={search_term_string}\"},\"query-input\":{\"@type\":\"PropertyValueSpecification\",\"valueRequired\":true,\"valueName\":\"search_term_string\"}}],\"inLanguage\":\"fr-FR\"},{\"@type\":\"Organization\",\"@id\":\"\/#organization\",\"name\":\"STYLORAL PTE. LTD\",\"url\":\"\/\",\"logo\":{\"@type\":\"ImageObject\",\"inLanguage\":\"fr-FR\",\"@id\":\"\/#\/schema\/logo\/image\/\",\"url\":\"https:\/\/www.tourcruiser.com\/wp-content\/uploads\/2025\/12\/logo.png\",\"contentUrl\":\"https:\/\/www.tourcruiser.com\/wp-content\/uploads\/2025\/12\/logo.png\",\"width\":200,\"height\":65,\"caption\":\"STYLORAL PTE. LTD\"},\"image\":{\"@id\":\"\/#\/schema\/logo\/image\/\"}}]}<\/script>\n<!-- \/ Yoast SEO plugin. -->","yoast_head_json":{"title":"(Grade School) Air Jordan 12 Retro BG 'Flu Game' 2016 153265-002 - TOURCRUISER PTE. LTD","robots":{"index":"index","follow":"follow","max-snippet":"max-snippet:-1","max-image-preview":"max-image-preview:large","max-video-preview":"max-video-preview:-1"},"canonical":"https:\/\/tourcruiser.com\/fr\/products\/grade-school-air-jordan-12-retro-bg-flu-game-2016-153265-002\/","og_locale":"fr_FR","og_type":"article","og_title":"(Grade School) Air Jordan 12 Retro BG 'Flu Game' 2016 153265-002 - TOURCRUISER PTE. LTD","og_description":"La Air Jordan 12 Retro BG Flu Game 2016, aussi appel\u00e9e Flu Game, est un mod\u00e8le classique de basketball de la marque Jordan. Avec son design noir \u00e9l\u00e9gant, cette chaussure est id\u00e9ale pour les jeunes joueurs. Am\u00e9liorez votre jeu et votre style avec l&#8217;embl\u00e9matique Air Jordan 12 Retro BG Flu Game 2016. Coloris\u00a0: Noir\/Rouge R\u00e9f\u00e9rence\u00a0: [&hellip;]","og_url":"https:\/\/tourcruiser.com\/fr\/products\/grade-school-air-jordan-12-retro-bg-flu-game-2016-153265-002\/","og_site_name":"Tourcruiser Sneaker Store","article_modified_time":"2026-04-17T16:06:08+00:00","twitter_card":"summary_large_image","twitter_image":"https:\/\/images.novelship.com\/product\/_grade_school__air_jordan_12_retro_bg__flu_game__2_0_27651.jpeg;https:\/\/images.novelship.com\/product\/_grade_school__air_jordan_12_retro_bg__flu_game__2_1_27651.jpeg;https:\/\/images.novelship.com\/product\/_grade_school__air_jordan_12_retro_bg__flu_game__2_2_27652.jpeg;https:\/\/images.novelship.com\/product\/_grade_school__air_jordan_12_retro_bg__flu_game__2_3_27652.jpeg;https:\/\/images.novelship.com\/product\/_grade_school__air_jordan_12_retro_bg__flu_game__2_4_27652.jpeg;https:\/\/images.novelship.com\/product\/_grade_school__air_jordan_12_retro_bg__flu_game__2_5_27652.jpeg;https:\/\/images.novelship.com\/product\/_grade_school__air_jordan_12_retro_bg__flu_game__2_6_27652.jpeg;https:\/\/images.novelship.com\/product\/_grade_school__air_jordan_12_retro_bg__flu_game__2_7_27652.jpeg","schema":{"@context":"https:\/\/schema.org","@graph":[{"@type":"WebPage","@id":"https:\/\/tourcruiser.com\/fr\/products\/grade-school-air-jordan-12-retro-bg-flu-game-2016-153265-002\/","url":"https:\/\/tourcruiser.com\/fr\/products\/grade-school-air-jordan-12-retro-bg-flu-game-2016-153265-002\/","name":"(Grade School) Air Jordan 12 Retro BG 'Flu Game' 2016 153265-002 - TOURCRUISER PTE. LTD","isPartOf":{"@id":"\/#website"},"primaryImageOfPage":{"@id":"https:\/\/tourcruiser.com\/fr\/products\/grade-school-air-jordan-12-retro-bg-flu-game-2016-153265-002\/#primaryimage"},"image":{"@id":"https:\/\/tourcruiser.com\/fr\/products\/grade-school-air-jordan-12-retro-bg-flu-game-2016-153265-002\/#primaryimage"},"thumbnailUrl":"https:\/\/images.novelship.com\/product\/_grade_school__air_jordan_12_retro_bg__flu_game__2_0_27651.jpeg;https:\/\/images.novelship.com\/product\/_grade_school__air_jordan_12_retro_bg__flu_game__2_1_27651.jpeg;https:\/\/images.novelship.com\/product\/_grade_school__air_jordan_12_retro_bg__flu_game__2_2_27652.jpeg;https:\/\/images.novelship.com\/product\/_grade_school__air_jordan_12_retro_bg__flu_game__2_3_27652.jpeg;https:\/\/images.novelship.com\/product\/_grade_school__air_jordan_12_retro_bg__flu_game__2_4_27652.jpeg;https:\/\/images.novelship.com\/product\/_grade_school__air_jordan_12_retro_bg__flu_game__2_5_27652.jpeg;https:\/\/images.novelship.com\/product\/_grade_school__air_jordan_12_retro_bg__flu_game__2_6_27652.jpeg;https:\/\/images.novelship.com\/product\/_grade_school__air_jordan_12_retro_bg__flu_game__2_7_27652.jpeg","datePublished":"2026-04-16T10:15:24+00:00","dateModified":"2026-04-17T16:06:08+00:00","breadcrumb":{"@id":"https:\/\/tourcruiser.com\/fr\/products\/grade-school-air-jordan-12-retro-bg-flu-game-2016-153265-002\/#breadcrumb"},"inLanguage":"fr-FR","potentialAction":[{"@type":"ReadAction","target":["https:\/\/tourcruiser.com\/fr\/products\/grade-school-air-jordan-12-retro-bg-flu-game-2016-153265-002\/"]}]},{"@type":"ImageObject","inLanguage":"fr-FR","@id":"https:\/\/tourcruiser.com\/fr\/products\/grade-school-air-jordan-12-retro-bg-flu-game-2016-153265-002\/#primaryimage","url":"https:\/\/images.novelship.com\/product\/_grade_school__air_jordan_12_retro_bg__flu_game__2_0_27651.jpeg;https:\/\/images.novelship.com\/product\/_grade_school__air_jordan_12_retro_bg__flu_game__2_1_27651.jpeg;https:\/\/images.novelship.com\/product\/_grade_school__air_jordan_12_retro_bg__flu_game__2_2_27652.jpeg;https:\/\/images.novelship.com\/product\/_grade_school__air_jordan_12_retro_bg__flu_game__2_3_27652.jpeg;https:\/\/images.novelship.com\/product\/_grade_school__air_jordan_12_retro_bg__flu_game__2_4_27652.jpeg;https:\/\/images.novelship.com\/product\/_grade_school__air_jordan_12_retro_bg__flu_game__2_5_27652.jpeg;https:\/\/images.novelship.com\/product\/_grade_school__air_jordan_12_retro_bg__flu_game__2_6_27652.jpeg;https:\/\/images.novelship.com\/product\/_grade_school__air_jordan_12_retro_bg__flu_game__2_7_27652.jpeg","contentUrl":"https:\/\/images.novelship.com\/product\/_grade_school__air_jordan_12_retro_bg__flu_game__2_0_27651.jpeg;https:\/\/images.novelship.com\/product\/_grade_school__air_jordan_12_retro_bg__flu_game__2_1_27651.jpeg;https:\/\/images.novelship.com\/product\/_grade_school__air_jordan_12_retro_bg__flu_game__2_2_27652.jpeg;https:\/\/images.novelship.com\/product\/_grade_school__air_jordan_12_retro_bg__flu_game__2_3_27652.jpeg;https:\/\/images.novelship.com\/product\/_grade_school__air_jordan_12_retro_bg__flu_game__2_4_27652.jpeg;https:\/\/images.novelship.com\/product\/_grade_school__air_jordan_12_retro_bg__flu_game__2_5_27652.jpeg;https:\/\/images.novelship.com\/product\/_grade_school__air_jordan_12_retro_bg__flu_game__2_6_27652.jpeg;https:\/\/images.novelship.com\/product\/_grade_school__air_jordan_12_retro_bg__flu_game__2_7_27652.jpeg"},{"@type":"BreadcrumbList","@id":"https:\/\/tourcruiser.com\/fr\/products\/grade-school-air-jordan-12-retro-bg-flu-game-2016-153265-002\/#breadcrumb","itemListElement":[{"@type":"ListItem","position":1,"name":"Home","item":"https:\/\/tourcruiser.com\/fr\/"},{"@type":"ListItem","position":2,"name":"Shop","item":"https:\/\/tourcruiser.com\/fr\/shop\/"},{"@type":"ListItem","position":3,"name":"(Grade School) Air Jordan 12 Retro BG &#8216;Flu Game&#8217; 2016 153265-002"}]},{"@type":"WebSite","@id":"\/#website","url":"\/","name":"Styloral Jewelry Shop","description":"Tourcruiser Sneaker Store \u2014 L\u2019endroit o\u00f9 l\u2019univers rencontre votre singularit\u00e9.","publisher":{"@id":"\/#organization"},"potentialAction":[{"@type":"SearchAction","target":{"@type":"EntryPoint","urlTemplate":"\/?s={search_term_string}"},"query-input":{"@type":"PropertyValueSpecification","valueRequired":true,"valueName":"search_term_string"}}],"inLanguage":"fr-FR"},{"@type":"Organization","@id":"\/#organization","name":"STYLORAL PTE. LTD","url":"\/","logo":{"@type":"ImageObject","inLanguage":"fr-FR","@id":"\/#\/schema\/logo\/image\/","url":"https:\/\/www.tourcruiser.com\/wp-content\/uploads\/2025\/12\/logo.png","contentUrl":"https:\/\/www.tourcruiser.com\/wp-content\/uploads\/2025\/12\/logo.png","width":200,"height":65,"caption":"STYLORAL PTE. LTD"},"image":{"@id":"\/#\/schema\/logo\/image\/"}}]}},"_links":{"self":[{"href":"https:\/\/tourcruiser.com\/fr\/wp-json\/wp\/v2\/product\/772479","targetHints":{"allow":["GET"]}}],"collection":[{"href":"https:\/\/tourcruiser.com\/fr\/wp-json\/wp\/v2\/product"}],"about":[{"href":"https:\/\/tourcruiser.com\/fr\/wp-json\/wp\/v2\/types\/product"}],"replies":[{"embeddable":true,"href":"https:\/\/tourcruiser.com\/fr\/wp-json\/wp\/v2\/comments?post=772479"}],"wp:featuredmedia":[{"embeddable":true,"href":"https:\/\/tourcruiser.com\/fr\/wp-json\/wp\/v2\/media\/772480"}],"wp:attachment":[{"href":"https:\/\/tourcruiser.com\/fr\/wp-json\/wp\/v2\/media?parent=772479"}],"wp:term":[{"taxonomy":"product_brand","embeddable":true,"href":"https:\/\/tourcruiser.com\/fr\/wp-json\/wp\/v2\/product_brand?post=772479"},{"taxonomy":"product_cat","embeddable":true,"href":"https:\/\/tourcruiser.com\/fr\/wp-json\/wp\/v2\/product_cat?post=772479"},{"taxonomy":"product_tag","embeddable":true,"href":"https:\/\/tourcruiser.com\/fr\/wp-json\/wp\/v2\/product_tag?post=772479"}],"curies":[{"name":"wp","href":"https:\/\/api.w.org\/{rel}","templated":true}]}}