{"id":772379,"date":"2026-04-16T17:15:21","date_gmt":"2026-04-16T10:15:21","guid":{"rendered":"http:\/\/tourcruiser.com\/product\/grade-school-air-jordan-13-retro-flint-2020-884129-404"},"modified":"2026-04-17T23:06:01","modified_gmt":"2026-04-17T16:06:01","slug":"grade-school-air-jordan-13-retro-flint-2020-884129-404","status":"publish","type":"product","link":"https:\/\/tourcruiser.com\/fr\/products\/grade-school-air-jordan-13-retro-flint-2020-884129-404\/","title":{"rendered":"(Grade School) Air Jordan 13 Retro &lsquo;Flint&rsquo; 2020 884129-404"},"content":{"rendered":"<p>La Air Jordan 13 Retro Flint 2020 (GS) de Jordan est un incontournable pour les jeunes fans de basketball. Avec sa teinte bleue \u00e9l\u00e9gante, cette sneaker est parfaite pour les gar\u00e7ons comme pour les filles. Gr\u00e2ce \u00e0 la marque embl\u00e9matique Jordan, elle offre un confort exceptionnel et un maintien optimal pour des performances maximales sur le terrain. Procurez-vous votre paire d\u00e8s aujourd&rsquo;hui et dominez le jeu avec style.<\/p>\n<p>Coloris : Marine\/Gris silex-Blanc-Bleu universitaire<br \/>\nNum\u00e9ro d&rsquo;article : 884129-404<br \/>\nTige : Mesh<br \/>\nSemelle interm\u00e9diaire : Zoom Air<br \/>\nCouleur : Marine<br \/>\nDesigner : Tinker Hatfield<br \/>\nSaison : Printemps<br \/>\nAnn\u00e9e de sortie : 2020<\/p>\n<p>\u00c2ge : Adulte<br \/>\nCouleur : Roseau\/Bleu\/Rose\/Orange<br \/>\nGenre : Enfant<\/p>\n","protected":false},"excerpt":{"rendered":"<p>La Air Jordan 13 Retro Flint 2020 (GS) de Jordan est un incontournable pour les jeunes fans de basketball. Avec sa teinte bleue \u00e9l\u00e9gante, cette sneaker est parfaite pour les gar\u00e7ons comme pour les filles. Gr\u00e2ce \u00e0 la marque embl\u00e9matique Jordan, elle offre un confort exceptionnel et un maintien optimal pour des performances maximales sur [&hellip;]<\/p>\n","protected":false},"featured_media":772380,"comment_status":"open","ping_status":"closed","template":"","meta":[],"product_brand":[],"product_cat":[38880],"product_tag":[10800,38876,38861,38874,10776,11349,38875,11129,38877],"class_list":{"0":"post-772379","1":"product","2":"type-product","3":"status-publish","4":"has-post-thumbnail","6":"product_cat-jordan","7":"product_tag-basketball-shoes","8":"product_tag-basketball-shoes-for-kids","9":"product_tag-below-retail-price","10":"product_tag-hari-raya-gs","11":"product_tag-jordan","12":"product_tag-jordan-basketball-shoes","13":"product_tag-jordan-skateboard-shoes","14":"product_tag-lightweight-basketball-shoes","15":"product_tag-sports-shoes-for-kids","17":"first","18":"instock","19":"taxable","20":"shipping-taxable","21":"purchasable","22":"product-type-simple"},"wcpa_form_fields":null,"yoast_head":"<!-- This site is optimized with the Yoast SEO plugin v26.5 - https:\/\/yoast.com\/wordpress\/plugins\/seo\/ -->\n<title>(Grade School) Air Jordan 13 Retro &#039;Flint&#039; 2020 884129-404 - TOURCRUISER PTE. LTD<\/title>\n<meta name=\"robots\" content=\"index, follow, max-snippet:-1, max-image-preview:large, max-video-preview:-1\" \/>\n<link rel=\"canonical\" href=\"https:\/\/tourcruiser.com\/fr\/products\/grade-school-air-jordan-13-retro-flint-2020-884129-404\/\" \/>\n<meta property=\"og:locale\" content=\"fr_FR\" \/>\n<meta property=\"og:type\" content=\"article\" \/>\n<meta property=\"og:title\" content=\"(Grade School) Air Jordan 13 Retro &#039;Flint&#039; 2020 884129-404 - TOURCRUISER PTE. LTD\" \/>\n<meta property=\"og:description\" content=\"La Air Jordan 13 Retro Flint 2020 (GS) de Jordan est un incontournable pour les jeunes fans de basketball. Avec sa teinte bleue \u00e9l\u00e9gante, cette sneaker est parfaite pour les gar\u00e7ons comme pour les filles. Gr\u00e2ce \u00e0 la marque embl\u00e9matique Jordan, elle offre un confort exceptionnel et un maintien optimal pour des performances maximales sur [&hellip;]\" \/>\n<meta property=\"og:url\" content=\"https:\/\/tourcruiser.com\/fr\/products\/grade-school-air-jordan-13-retro-flint-2020-884129-404\/\" \/>\n<meta property=\"og:site_name\" content=\"Tourcruiser Sneaker Store\" \/>\n<meta property=\"article:modified_time\" content=\"2026-04-17T16:06:01+00:00\" \/>\n<meta name=\"twitter:card\" content=\"summary_large_image\" \/>\n<meta name=\"twitter:image\" content=\"https:\/\/images.novelship.com\/product\/_grade_school__air_jordan_13_retro__flint__2020_88_0_56367.jpeg;https:\/\/images.novelship.com\/product\/_grade_school__air_jordan_13_retro__flint__2020_88_1_56367.jpeg;https:\/\/images.novelship.com\/product\/_grade_school__air_jordan_13_retro__flint__2020_88_2_56367.jpeg;https:\/\/images.novelship.com\/product\/_grade_school__air_jordan_13_retro__flint__2020_88_3_56367.jpeg;https:\/\/images.novelship.com\/product\/_grade_school__air_jordan_13_retro__flint__2020_88_4_56367.jpeg;https:\/\/images.novelship.com\/product\/_grade_school__air_jordan_13_retro__flint__2020_88_5_56367.jpeg;https:\/\/images.novelship.com\/product\/_grade_school__air_jordan_13_retro__flint__2020_88_6_56367.jpeg;https:\/\/images.novelship.com\/product\/_grade_school__air_jordan_13_retro__flint__2020_88_7_56367.jpeg\" \/>\n<meta name=\"twitter:label1\" content=\"Dur\u00e9e de lecture estim\u00e9e\" \/>\n\t<meta name=\"twitter:data1\" content=\"1 minute\" \/>\n<script type=\"application\/ld+json\" class=\"yoast-schema-graph\">{\"@context\":\"https:\/\/schema.org\",\"@graph\":[{\"@type\":\"WebPage\",\"@id\":\"https:\/\/tourcruiser.com\/fr\/products\/grade-school-air-jordan-13-retro-flint-2020-884129-404\/\",\"url\":\"https:\/\/tourcruiser.com\/fr\/products\/grade-school-air-jordan-13-retro-flint-2020-884129-404\/\",\"name\":\"(Grade School) Air Jordan 13 Retro 'Flint' 2020 884129-404 - TOURCRUISER PTE. LTD\",\"isPartOf\":{\"@id\":\"\/#website\"},\"primaryImageOfPage\":{\"@id\":\"https:\/\/tourcruiser.com\/fr\/products\/grade-school-air-jordan-13-retro-flint-2020-884129-404\/#primaryimage\"},\"image\":{\"@id\":\"https:\/\/tourcruiser.com\/fr\/products\/grade-school-air-jordan-13-retro-flint-2020-884129-404\/#primaryimage\"},\"thumbnailUrl\":\"https:\/\/images.novelship.com\/product\/_grade_school__air_jordan_13_retro__flint__2020_88_0_56367.jpeg;https:\/\/images.novelship.com\/product\/_grade_school__air_jordan_13_retro__flint__2020_88_1_56367.jpeg;https:\/\/images.novelship.com\/product\/_grade_school__air_jordan_13_retro__flint__2020_88_2_56367.jpeg;https:\/\/images.novelship.com\/product\/_grade_school__air_jordan_13_retro__flint__2020_88_3_56367.jpeg;https:\/\/images.novelship.com\/product\/_grade_school__air_jordan_13_retro__flint__2020_88_4_56367.jpeg;https:\/\/images.novelship.com\/product\/_grade_school__air_jordan_13_retro__flint__2020_88_5_56367.jpeg;https:\/\/images.novelship.com\/product\/_grade_school__air_jordan_13_retro__flint__2020_88_6_56367.jpeg;https:\/\/images.novelship.com\/product\/_grade_school__air_jordan_13_retro__flint__2020_88_7_56367.jpeg\",\"datePublished\":\"2026-04-16T10:15:21+00:00\",\"dateModified\":\"2026-04-17T16:06:01+00:00\",\"breadcrumb\":{\"@id\":\"https:\/\/tourcruiser.com\/fr\/products\/grade-school-air-jordan-13-retro-flint-2020-884129-404\/#breadcrumb\"},\"inLanguage\":\"fr-FR\",\"potentialAction\":[{\"@type\":\"ReadAction\",\"target\":[\"https:\/\/tourcruiser.com\/fr\/products\/grade-school-air-jordan-13-retro-flint-2020-884129-404\/\"]}]},{\"@type\":\"ImageObject\",\"inLanguage\":\"fr-FR\",\"@id\":\"https:\/\/tourcruiser.com\/fr\/products\/grade-school-air-jordan-13-retro-flint-2020-884129-404\/#primaryimage\",\"url\":\"https:\/\/images.novelship.com\/product\/_grade_school__air_jordan_13_retro__flint__2020_88_0_56367.jpeg;https:\/\/images.novelship.com\/product\/_grade_school__air_jordan_13_retro__flint__2020_88_1_56367.jpeg;https:\/\/images.novelship.com\/product\/_grade_school__air_jordan_13_retro__flint__2020_88_2_56367.jpeg;https:\/\/images.novelship.com\/product\/_grade_school__air_jordan_13_retro__flint__2020_88_3_56367.jpeg;https:\/\/images.novelship.com\/product\/_grade_school__air_jordan_13_retro__flint__2020_88_4_56367.jpeg;https:\/\/images.novelship.com\/product\/_grade_school__air_jordan_13_retro__flint__2020_88_5_56367.jpeg;https:\/\/images.novelship.com\/product\/_grade_school__air_jordan_13_retro__flint__2020_88_6_56367.jpeg;https:\/\/images.novelship.com\/product\/_grade_school__air_jordan_13_retro__flint__2020_88_7_56367.jpeg\",\"contentUrl\":\"https:\/\/images.novelship.com\/product\/_grade_school__air_jordan_13_retro__flint__2020_88_0_56367.jpeg;https:\/\/images.novelship.com\/product\/_grade_school__air_jordan_13_retro__flint__2020_88_1_56367.jpeg;https:\/\/images.novelship.com\/product\/_grade_school__air_jordan_13_retro__flint__2020_88_2_56367.jpeg;https:\/\/images.novelship.com\/product\/_grade_school__air_jordan_13_retro__flint__2020_88_3_56367.jpeg;https:\/\/images.novelship.com\/product\/_grade_school__air_jordan_13_retro__flint__2020_88_4_56367.jpeg;https:\/\/images.novelship.com\/product\/_grade_school__air_jordan_13_retro__flint__2020_88_5_56367.jpeg;https:\/\/images.novelship.com\/product\/_grade_school__air_jordan_13_retro__flint__2020_88_6_56367.jpeg;https:\/\/images.novelship.com\/product\/_grade_school__air_jordan_13_retro__flint__2020_88_7_56367.jpeg\"},{\"@type\":\"BreadcrumbList\",\"@id\":\"https:\/\/tourcruiser.com\/fr\/products\/grade-school-air-jordan-13-retro-flint-2020-884129-404\/#breadcrumb\",\"itemListElement\":[{\"@type\":\"ListItem\",\"position\":1,\"name\":\"Home\",\"item\":\"https:\/\/tourcruiser.com\/fr\/\"},{\"@type\":\"ListItem\",\"position\":2,\"name\":\"Shop\",\"item\":\"https:\/\/tourcruiser.com\/fr\/shop\/\"},{\"@type\":\"ListItem\",\"position\":3,\"name\":\"(Grade School) Air Jordan 13 Retro &#8216;Flint&#8217; 2020 884129-404\"}]},{\"@type\":\"WebSite\",\"@id\":\"\/#website\",\"url\":\"\/\",\"name\":\"Styloral Jewelry Shop\",\"description\":\"Tourcruiser Sneaker Store \u2014 L\u2019endroit o\u00f9 l\u2019univers rencontre votre singularit\u00e9.\",\"publisher\":{\"@id\":\"\/#organization\"},\"potentialAction\":[{\"@type\":\"SearchAction\",\"target\":{\"@type\":\"EntryPoint\",\"urlTemplate\":\"\/?s={search_term_string}\"},\"query-input\":{\"@type\":\"PropertyValueSpecification\",\"valueRequired\":true,\"valueName\":\"search_term_string\"}}],\"inLanguage\":\"fr-FR\"},{\"@type\":\"Organization\",\"@id\":\"\/#organization\",\"name\":\"STYLORAL PTE. LTD\",\"url\":\"\/\",\"logo\":{\"@type\":\"ImageObject\",\"inLanguage\":\"fr-FR\",\"@id\":\"\/#\/schema\/logo\/image\/\",\"url\":\"https:\/\/www.tourcruiser.com\/wp-content\/uploads\/2025\/12\/logo.png\",\"contentUrl\":\"https:\/\/www.tourcruiser.com\/wp-content\/uploads\/2025\/12\/logo.png\",\"width\":200,\"height\":65,\"caption\":\"STYLORAL PTE. LTD\"},\"image\":{\"@id\":\"\/#\/schema\/logo\/image\/\"}}]}<\/script>\n<!-- \/ Yoast SEO plugin. -->","yoast_head_json":{"title":"(Grade School) Air Jordan 13 Retro 'Flint' 2020 884129-404 - TOURCRUISER PTE. LTD","robots":{"index":"index","follow":"follow","max-snippet":"max-snippet:-1","max-image-preview":"max-image-preview:large","max-video-preview":"max-video-preview:-1"},"canonical":"https:\/\/tourcruiser.com\/fr\/products\/grade-school-air-jordan-13-retro-flint-2020-884129-404\/","og_locale":"fr_FR","og_type":"article","og_title":"(Grade School) Air Jordan 13 Retro 'Flint' 2020 884129-404 - TOURCRUISER PTE. LTD","og_description":"La Air Jordan 13 Retro Flint 2020 (GS) de Jordan est un incontournable pour les jeunes fans de basketball. Avec sa teinte bleue \u00e9l\u00e9gante, cette sneaker est parfaite pour les gar\u00e7ons comme pour les filles. Gr\u00e2ce \u00e0 la marque embl\u00e9matique Jordan, elle offre un confort exceptionnel et un maintien optimal pour des performances maximales sur [&hellip;]","og_url":"https:\/\/tourcruiser.com\/fr\/products\/grade-school-air-jordan-13-retro-flint-2020-884129-404\/","og_site_name":"Tourcruiser Sneaker Store","article_modified_time":"2026-04-17T16:06:01+00:00","twitter_card":"summary_large_image","twitter_image":"https:\/\/images.novelship.com\/product\/_grade_school__air_jordan_13_retro__flint__2020_88_0_56367.jpeg;https:\/\/images.novelship.com\/product\/_grade_school__air_jordan_13_retro__flint__2020_88_1_56367.jpeg;https:\/\/images.novelship.com\/product\/_grade_school__air_jordan_13_retro__flint__2020_88_2_56367.jpeg;https:\/\/images.novelship.com\/product\/_grade_school__air_jordan_13_retro__flint__2020_88_3_56367.jpeg;https:\/\/images.novelship.com\/product\/_grade_school__air_jordan_13_retro__flint__2020_88_4_56367.jpeg;https:\/\/images.novelship.com\/product\/_grade_school__air_jordan_13_retro__flint__2020_88_5_56367.jpeg;https:\/\/images.novelship.com\/product\/_grade_school__air_jordan_13_retro__flint__2020_88_6_56367.jpeg;https:\/\/images.novelship.com\/product\/_grade_school__air_jordan_13_retro__flint__2020_88_7_56367.jpeg","twitter_misc":{"Dur\u00e9e de lecture estim\u00e9e":"1 minute"},"schema":{"@context":"https:\/\/schema.org","@graph":[{"@type":"WebPage","@id":"https:\/\/tourcruiser.com\/fr\/products\/grade-school-air-jordan-13-retro-flint-2020-884129-404\/","url":"https:\/\/tourcruiser.com\/fr\/products\/grade-school-air-jordan-13-retro-flint-2020-884129-404\/","name":"(Grade School) Air Jordan 13 Retro 'Flint' 2020 884129-404 - TOURCRUISER PTE. LTD","isPartOf":{"@id":"\/#website"},"primaryImageOfPage":{"@id":"https:\/\/tourcruiser.com\/fr\/products\/grade-school-air-jordan-13-retro-flint-2020-884129-404\/#primaryimage"},"image":{"@id":"https:\/\/tourcruiser.com\/fr\/products\/grade-school-air-jordan-13-retro-flint-2020-884129-404\/#primaryimage"},"thumbnailUrl":"https:\/\/images.novelship.com\/product\/_grade_school__air_jordan_13_retro__flint__2020_88_0_56367.jpeg;https:\/\/images.novelship.com\/product\/_grade_school__air_jordan_13_retro__flint__2020_88_1_56367.jpeg;https:\/\/images.novelship.com\/product\/_grade_school__air_jordan_13_retro__flint__2020_88_2_56367.jpeg;https:\/\/images.novelship.com\/product\/_grade_school__air_jordan_13_retro__flint__2020_88_3_56367.jpeg;https:\/\/images.novelship.com\/product\/_grade_school__air_jordan_13_retro__flint__2020_88_4_56367.jpeg;https:\/\/images.novelship.com\/product\/_grade_school__air_jordan_13_retro__flint__2020_88_5_56367.jpeg;https:\/\/images.novelship.com\/product\/_grade_school__air_jordan_13_retro__flint__2020_88_6_56367.jpeg;https:\/\/images.novelship.com\/product\/_grade_school__air_jordan_13_retro__flint__2020_88_7_56367.jpeg","datePublished":"2026-04-16T10:15:21+00:00","dateModified":"2026-04-17T16:06:01+00:00","breadcrumb":{"@id":"https:\/\/tourcruiser.com\/fr\/products\/grade-school-air-jordan-13-retro-flint-2020-884129-404\/#breadcrumb"},"inLanguage":"fr-FR","potentialAction":[{"@type":"ReadAction","target":["https:\/\/tourcruiser.com\/fr\/products\/grade-school-air-jordan-13-retro-flint-2020-884129-404\/"]}]},{"@type":"ImageObject","inLanguage":"fr-FR","@id":"https:\/\/tourcruiser.com\/fr\/products\/grade-school-air-jordan-13-retro-flint-2020-884129-404\/#primaryimage","url":"https:\/\/images.novelship.com\/product\/_grade_school__air_jordan_13_retro__flint__2020_88_0_56367.jpeg;https:\/\/images.novelship.com\/product\/_grade_school__air_jordan_13_retro__flint__2020_88_1_56367.jpeg;https:\/\/images.novelship.com\/product\/_grade_school__air_jordan_13_retro__flint__2020_88_2_56367.jpeg;https:\/\/images.novelship.com\/product\/_grade_school__air_jordan_13_retro__flint__2020_88_3_56367.jpeg;https:\/\/images.novelship.com\/product\/_grade_school__air_jordan_13_retro__flint__2020_88_4_56367.jpeg;https:\/\/images.novelship.com\/product\/_grade_school__air_jordan_13_retro__flint__2020_88_5_56367.jpeg;https:\/\/images.novelship.com\/product\/_grade_school__air_jordan_13_retro__flint__2020_88_6_56367.jpeg;https:\/\/images.novelship.com\/product\/_grade_school__air_jordan_13_retro__flint__2020_88_7_56367.jpeg","contentUrl":"https:\/\/images.novelship.com\/product\/_grade_school__air_jordan_13_retro__flint__2020_88_0_56367.jpeg;https:\/\/images.novelship.com\/product\/_grade_school__air_jordan_13_retro__flint__2020_88_1_56367.jpeg;https:\/\/images.novelship.com\/product\/_grade_school__air_jordan_13_retro__flint__2020_88_2_56367.jpeg;https:\/\/images.novelship.com\/product\/_grade_school__air_jordan_13_retro__flint__2020_88_3_56367.jpeg;https:\/\/images.novelship.com\/product\/_grade_school__air_jordan_13_retro__flint__2020_88_4_56367.jpeg;https:\/\/images.novelship.com\/product\/_grade_school__air_jordan_13_retro__flint__2020_88_5_56367.jpeg;https:\/\/images.novelship.com\/product\/_grade_school__air_jordan_13_retro__flint__2020_88_6_56367.jpeg;https:\/\/images.novelship.com\/product\/_grade_school__air_jordan_13_retro__flint__2020_88_7_56367.jpeg"},{"@type":"BreadcrumbList","@id":"https:\/\/tourcruiser.com\/fr\/products\/grade-school-air-jordan-13-retro-flint-2020-884129-404\/#breadcrumb","itemListElement":[{"@type":"ListItem","position":1,"name":"Home","item":"https:\/\/tourcruiser.com\/fr\/"},{"@type":"ListItem","position":2,"name":"Shop","item":"https:\/\/tourcruiser.com\/fr\/shop\/"},{"@type":"ListItem","position":3,"name":"(Grade School) Air Jordan 13 Retro &#8216;Flint&#8217; 2020 884129-404"}]},{"@type":"WebSite","@id":"\/#website","url":"\/","name":"Styloral Jewelry Shop","description":"Tourcruiser Sneaker Store \u2014 L\u2019endroit o\u00f9 l\u2019univers rencontre votre singularit\u00e9.","publisher":{"@id":"\/#organization"},"potentialAction":[{"@type":"SearchAction","target":{"@type":"EntryPoint","urlTemplate":"\/?s={search_term_string}"},"query-input":{"@type":"PropertyValueSpecification","valueRequired":true,"valueName":"search_term_string"}}],"inLanguage":"fr-FR"},{"@type":"Organization","@id":"\/#organization","name":"STYLORAL PTE. LTD","url":"\/","logo":{"@type":"ImageObject","inLanguage":"fr-FR","@id":"\/#\/schema\/logo\/image\/","url":"https:\/\/www.tourcruiser.com\/wp-content\/uploads\/2025\/12\/logo.png","contentUrl":"https:\/\/www.tourcruiser.com\/wp-content\/uploads\/2025\/12\/logo.png","width":200,"height":65,"caption":"STYLORAL PTE. LTD"},"image":{"@id":"\/#\/schema\/logo\/image\/"}}]}},"_links":{"self":[{"href":"https:\/\/tourcruiser.com\/fr\/wp-json\/wp\/v2\/product\/772379","targetHints":{"allow":["GET"]}}],"collection":[{"href":"https:\/\/tourcruiser.com\/fr\/wp-json\/wp\/v2\/product"}],"about":[{"href":"https:\/\/tourcruiser.com\/fr\/wp-json\/wp\/v2\/types\/product"}],"replies":[{"embeddable":true,"href":"https:\/\/tourcruiser.com\/fr\/wp-json\/wp\/v2\/comments?post=772379"}],"wp:featuredmedia":[{"embeddable":true,"href":"https:\/\/tourcruiser.com\/fr\/wp-json\/wp\/v2\/media\/772380"}],"wp:attachment":[{"href":"https:\/\/tourcruiser.com\/fr\/wp-json\/wp\/v2\/media?parent=772379"}],"wp:term":[{"taxonomy":"product_brand","embeddable":true,"href":"https:\/\/tourcruiser.com\/fr\/wp-json\/wp\/v2\/product_brand?post=772379"},{"taxonomy":"product_cat","embeddable":true,"href":"https:\/\/tourcruiser.com\/fr\/wp-json\/wp\/v2\/product_cat?post=772379"},{"taxonomy":"product_tag","embeddable":true,"href":"https:\/\/tourcruiser.com\/fr\/wp-json\/wp\/v2\/product_tag?post=772379"}],"curies":[{"name":"wp","href":"https:\/\/api.w.org\/{rel}","templated":true}]}}