{"id":772361,"date":"2026-04-16T17:15:20","date_gmt":"2026-04-16T10:15:20","guid":{"rendered":"http:\/\/tourcruiser.com\/product\/grade-school-air-jordan-12-retro-reverse-flu-game-153265-602"},"modified":"2026-04-17T23:06:00","modified_gmt":"2026-04-17T16:06:00","slug":"grade-school-air-jordan-12-retro-reverse-flu-game-153265-602","status":"publish","type":"product","link":"https:\/\/tourcruiser.com\/fr\/products\/grade-school-air-jordan-12-retro-reverse-flu-game-153265-602\/","title":{"rendered":"(Grade School) Air Jordan 12 Retro &lsquo;Reverse Flu Game&rsquo; 153265-602"},"content":{"rendered":"<p>La Air Jordan 12 Retro Reverse Flu Game (GS) de Jordan est un incontournable pour les jeunes athl\u00e8tes. Avec son coloris rouge \u00e9clatant et son design \u00e9pur\u00e9, cette sneaker allie style et performance. Gr\u00e2ce \u00e0 sa silhouette iconique et \u00e0 son surnom \u00ab\u00a0Reverse Flu Game\u00a0\u00bb, elle ne manquera pas de faire sensation, sur le terrain comme en dehors. Id\u00e9ale pour les jeunes qui veulent affirmer leur style avec leurs chaussures.<\/p>\n<p>Coloris\u00a0: Rouge Varsity\/Noir<\/p>\n<p>Num\u00e9ro d&rsquo;article\u00a0: 153265-602<\/p>\n<p>Tige\u00a0: Nylon<\/p>\n<p>Semelle interm\u00e9diaire\u00a0: Zoom Air<\/p>\n<p>Couleur\u00a0: Rouge<\/p>\n<p>Designer\u00a0: Tinker Hatfield<\/p>\n<p>Saison\u00a0: Hiver<\/p>\n<p>Ann\u00e9e de sortie\u00a0: 2020<\/p>\n<p>\u00c2ge\u00a0: Adulte<\/p>\n<p>Couleur\u00a0: Blanc\/Marron clair\/\u00c9cru<\/p>\n<p>Genre\u00a0: Jeune<\/p>\n","protected":false},"excerpt":{"rendered":"<p>La Air Jordan 12 Retro Reverse Flu Game (GS) de Jordan est un incontournable pour les jeunes athl\u00e8tes. Avec son coloris rouge \u00e9clatant et son design \u00e9pur\u00e9, cette sneaker allie style et performance. Gr\u00e2ce \u00e0 sa silhouette iconique et \u00e0 son surnom \u00ab\u00a0Reverse Flu Game\u00a0\u00bb, elle ne manquera pas de faire sensation, sur le terrain [&hellip;]<\/p>\n","protected":false},"featured_media":772362,"comment_status":"open","ping_status":"closed","template":"","meta":[],"product_brand":[],"product_cat":[38880],"product_tag":[10800,38876,38839,38861,10776,11349,38875,38877],"class_list":{"0":"post-772361","1":"product","2":"type-product","3":"status-publish","4":"has-post-thumbnail","6":"product_cat-jordan","7":"product_tag-basketball-shoes","8":"product_tag-basketball-shoes-for-kids","9":"product_tag-basketball-shoes-with-ankle-support","10":"product_tag-below-retail-price","11":"product_tag-jordan","12":"product_tag-jordan-basketball-shoes","13":"product_tag-jordan-skateboard-shoes","14":"product_tag-sports-shoes-for-kids","16":"first","17":"instock","18":"taxable","19":"shipping-taxable","20":"purchasable","21":"product-type-simple"},"wcpa_form_fields":null,"yoast_head":"<!-- This site is optimized with the Yoast SEO plugin v26.5 - https:\/\/yoast.com\/wordpress\/plugins\/seo\/ -->\n<title>(Grade School) Air Jordan 12 Retro &#039;Reverse Flu Game&#039; 153265-602 - TOURCRUISER PTE. LTD<\/title>\n<meta name=\"robots\" content=\"index, follow, max-snippet:-1, max-image-preview:large, max-video-preview:-1\" \/>\n<link rel=\"canonical\" href=\"https:\/\/tourcruiser.com\/fr\/products\/grade-school-air-jordan-12-retro-reverse-flu-game-153265-602\/\" \/>\n<meta property=\"og:locale\" content=\"fr_FR\" \/>\n<meta property=\"og:type\" content=\"article\" \/>\n<meta property=\"og:title\" content=\"(Grade School) Air Jordan 12 Retro &#039;Reverse Flu Game&#039; 153265-602 - TOURCRUISER PTE. LTD\" \/>\n<meta property=\"og:description\" content=\"La Air Jordan 12 Retro Reverse Flu Game (GS) de Jordan est un incontournable pour les jeunes athl\u00e8tes. Avec son coloris rouge \u00e9clatant et son design \u00e9pur\u00e9, cette sneaker allie style et performance. Gr\u00e2ce \u00e0 sa silhouette iconique et \u00e0 son surnom \u00ab\u00a0Reverse Flu Game\u00a0\u00bb, elle ne manquera pas de faire sensation, sur le terrain [&hellip;]\" \/>\n<meta property=\"og:url\" content=\"https:\/\/tourcruiser.com\/fr\/products\/grade-school-air-jordan-12-retro-reverse-flu-game-153265-602\/\" \/>\n<meta property=\"og:site_name\" content=\"Tourcruiser Sneaker Store\" \/>\n<meta property=\"article:modified_time\" content=\"2026-04-17T16:06:00+00:00\" \/>\n<meta name=\"twitter:card\" content=\"summary_large_image\" \/>\n<meta name=\"twitter:image\" content=\"https:\/\/images.novelship.com\/product\/_grade_school__air_jordan_12_retro__reverse_flu_ga_0_83909.jpeg;https:\/\/images.novelship.com\/product\/_grade_school__air_jordan_12_retro__reverse_flu_ga_1_83909.jpeg;https:\/\/images.novelship.com\/product\/_grade_school__air_jordan_12_retro__reverse_flu_ga_2_83909.jpeg;https:\/\/images.novelship.com\/product\/_grade_school__air_jordan_12_retro__reverse_flu_ga_3_83909.jpeg;https:\/\/images.novelship.com\/product\/_grade_school__air_jordan_12_retro__reverse_flu_ga_4_83909.jpeg;https:\/\/images.novelship.com\/product\/_grade_school__air_jordan_12_retro__reverse_flu_ga_5_83909.jpeg;https:\/\/images.novelship.com\/product\/_grade_school__air_jordan_12_retro__reverse_flu_ga_6_83909.jpeg;https:\/\/images.novelship.com\/product\/_grade_school__air_jordan_12_retro__reverse_flu_ga_7_83909.jpeg\" \/>\n<meta name=\"twitter:label1\" content=\"Dur\u00e9e de lecture estim\u00e9e\" \/>\n\t<meta name=\"twitter:data1\" content=\"1 minute\" \/>\n<script type=\"application\/ld+json\" class=\"yoast-schema-graph\">{\"@context\":\"https:\/\/schema.org\",\"@graph\":[{\"@type\":\"WebPage\",\"@id\":\"https:\/\/tourcruiser.com\/fr\/products\/grade-school-air-jordan-12-retro-reverse-flu-game-153265-602\/\",\"url\":\"https:\/\/tourcruiser.com\/fr\/products\/grade-school-air-jordan-12-retro-reverse-flu-game-153265-602\/\",\"name\":\"(Grade School) Air Jordan 12 Retro 'Reverse Flu Game' 153265-602 - TOURCRUISER PTE. LTD\",\"isPartOf\":{\"@id\":\"\/#website\"},\"primaryImageOfPage\":{\"@id\":\"https:\/\/tourcruiser.com\/fr\/products\/grade-school-air-jordan-12-retro-reverse-flu-game-153265-602\/#primaryimage\"},\"image\":{\"@id\":\"https:\/\/tourcruiser.com\/fr\/products\/grade-school-air-jordan-12-retro-reverse-flu-game-153265-602\/#primaryimage\"},\"thumbnailUrl\":\"https:\/\/images.novelship.com\/product\/_grade_school__air_jordan_12_retro__reverse_flu_ga_0_83909.jpeg;https:\/\/images.novelship.com\/product\/_grade_school__air_jordan_12_retro__reverse_flu_ga_1_83909.jpeg;https:\/\/images.novelship.com\/product\/_grade_school__air_jordan_12_retro__reverse_flu_ga_2_83909.jpeg;https:\/\/images.novelship.com\/product\/_grade_school__air_jordan_12_retro__reverse_flu_ga_3_83909.jpeg;https:\/\/images.novelship.com\/product\/_grade_school__air_jordan_12_retro__reverse_flu_ga_4_83909.jpeg;https:\/\/images.novelship.com\/product\/_grade_school__air_jordan_12_retro__reverse_flu_ga_5_83909.jpeg;https:\/\/images.novelship.com\/product\/_grade_school__air_jordan_12_retro__reverse_flu_ga_6_83909.jpeg;https:\/\/images.novelship.com\/product\/_grade_school__air_jordan_12_retro__reverse_flu_ga_7_83909.jpeg\",\"datePublished\":\"2026-04-16T10:15:20+00:00\",\"dateModified\":\"2026-04-17T16:06:00+00:00\",\"breadcrumb\":{\"@id\":\"https:\/\/tourcruiser.com\/fr\/products\/grade-school-air-jordan-12-retro-reverse-flu-game-153265-602\/#breadcrumb\"},\"inLanguage\":\"fr-FR\",\"potentialAction\":[{\"@type\":\"ReadAction\",\"target\":[\"https:\/\/tourcruiser.com\/fr\/products\/grade-school-air-jordan-12-retro-reverse-flu-game-153265-602\/\"]}]},{\"@type\":\"ImageObject\",\"inLanguage\":\"fr-FR\",\"@id\":\"https:\/\/tourcruiser.com\/fr\/products\/grade-school-air-jordan-12-retro-reverse-flu-game-153265-602\/#primaryimage\",\"url\":\"https:\/\/images.novelship.com\/product\/_grade_school__air_jordan_12_retro__reverse_flu_ga_0_83909.jpeg;https:\/\/images.novelship.com\/product\/_grade_school__air_jordan_12_retro__reverse_flu_ga_1_83909.jpeg;https:\/\/images.novelship.com\/product\/_grade_school__air_jordan_12_retro__reverse_flu_ga_2_83909.jpeg;https:\/\/images.novelship.com\/product\/_grade_school__air_jordan_12_retro__reverse_flu_ga_3_83909.jpeg;https:\/\/images.novelship.com\/product\/_grade_school__air_jordan_12_retro__reverse_flu_ga_4_83909.jpeg;https:\/\/images.novelship.com\/product\/_grade_school__air_jordan_12_retro__reverse_flu_ga_5_83909.jpeg;https:\/\/images.novelship.com\/product\/_grade_school__air_jordan_12_retro__reverse_flu_ga_6_83909.jpeg;https:\/\/images.novelship.com\/product\/_grade_school__air_jordan_12_retro__reverse_flu_ga_7_83909.jpeg\",\"contentUrl\":\"https:\/\/images.novelship.com\/product\/_grade_school__air_jordan_12_retro__reverse_flu_ga_0_83909.jpeg;https:\/\/images.novelship.com\/product\/_grade_school__air_jordan_12_retro__reverse_flu_ga_1_83909.jpeg;https:\/\/images.novelship.com\/product\/_grade_school__air_jordan_12_retro__reverse_flu_ga_2_83909.jpeg;https:\/\/images.novelship.com\/product\/_grade_school__air_jordan_12_retro__reverse_flu_ga_3_83909.jpeg;https:\/\/images.novelship.com\/product\/_grade_school__air_jordan_12_retro__reverse_flu_ga_4_83909.jpeg;https:\/\/images.novelship.com\/product\/_grade_school__air_jordan_12_retro__reverse_flu_ga_5_83909.jpeg;https:\/\/images.novelship.com\/product\/_grade_school__air_jordan_12_retro__reverse_flu_ga_6_83909.jpeg;https:\/\/images.novelship.com\/product\/_grade_school__air_jordan_12_retro__reverse_flu_ga_7_83909.jpeg\"},{\"@type\":\"BreadcrumbList\",\"@id\":\"https:\/\/tourcruiser.com\/fr\/products\/grade-school-air-jordan-12-retro-reverse-flu-game-153265-602\/#breadcrumb\",\"itemListElement\":[{\"@type\":\"ListItem\",\"position\":1,\"name\":\"Home\",\"item\":\"https:\/\/tourcruiser.com\/fr\/\"},{\"@type\":\"ListItem\",\"position\":2,\"name\":\"Shop\",\"item\":\"https:\/\/tourcruiser.com\/fr\/shop\/\"},{\"@type\":\"ListItem\",\"position\":3,\"name\":\"(Grade School) Air Jordan 12 Retro &#8216;Reverse Flu Game&#8217; 153265-602\"}]},{\"@type\":\"WebSite\",\"@id\":\"\/#website\",\"url\":\"\/\",\"name\":\"Styloral Jewelry Shop\",\"description\":\"Tourcruiser Sneaker Store \u2014 L\u2019endroit o\u00f9 l\u2019univers rencontre votre singularit\u00e9.\",\"publisher\":{\"@id\":\"\/#organization\"},\"potentialAction\":[{\"@type\":\"SearchAction\",\"target\":{\"@type\":\"EntryPoint\",\"urlTemplate\":\"\/?s={search_term_string}\"},\"query-input\":{\"@type\":\"PropertyValueSpecification\",\"valueRequired\":true,\"valueName\":\"search_term_string\"}}],\"inLanguage\":\"fr-FR\"},{\"@type\":\"Organization\",\"@id\":\"\/#organization\",\"name\":\"STYLORAL PTE. LTD\",\"url\":\"\/\",\"logo\":{\"@type\":\"ImageObject\",\"inLanguage\":\"fr-FR\",\"@id\":\"\/#\/schema\/logo\/image\/\",\"url\":\"https:\/\/www.tourcruiser.com\/wp-content\/uploads\/2025\/12\/logo.png\",\"contentUrl\":\"https:\/\/www.tourcruiser.com\/wp-content\/uploads\/2025\/12\/logo.png\",\"width\":200,\"height\":65,\"caption\":\"STYLORAL PTE. LTD\"},\"image\":{\"@id\":\"\/#\/schema\/logo\/image\/\"}}]}<\/script>\n<!-- \/ Yoast SEO plugin. -->","yoast_head_json":{"title":"(Grade School) Air Jordan 12 Retro 'Reverse Flu Game' 153265-602 - TOURCRUISER PTE. LTD","robots":{"index":"index","follow":"follow","max-snippet":"max-snippet:-1","max-image-preview":"max-image-preview:large","max-video-preview":"max-video-preview:-1"},"canonical":"https:\/\/tourcruiser.com\/fr\/products\/grade-school-air-jordan-12-retro-reverse-flu-game-153265-602\/","og_locale":"fr_FR","og_type":"article","og_title":"(Grade School) Air Jordan 12 Retro 'Reverse Flu Game' 153265-602 - TOURCRUISER PTE. LTD","og_description":"La Air Jordan 12 Retro Reverse Flu Game (GS) de Jordan est un incontournable pour les jeunes athl\u00e8tes. Avec son coloris rouge \u00e9clatant et son design \u00e9pur\u00e9, cette sneaker allie style et performance. Gr\u00e2ce \u00e0 sa silhouette iconique et \u00e0 son surnom \u00ab\u00a0Reverse Flu Game\u00a0\u00bb, elle ne manquera pas de faire sensation, sur le terrain [&hellip;]","og_url":"https:\/\/tourcruiser.com\/fr\/products\/grade-school-air-jordan-12-retro-reverse-flu-game-153265-602\/","og_site_name":"Tourcruiser Sneaker Store","article_modified_time":"2026-04-17T16:06:00+00:00","twitter_card":"summary_large_image","twitter_image":"https:\/\/images.novelship.com\/product\/_grade_school__air_jordan_12_retro__reverse_flu_ga_0_83909.jpeg;https:\/\/images.novelship.com\/product\/_grade_school__air_jordan_12_retro__reverse_flu_ga_1_83909.jpeg;https:\/\/images.novelship.com\/product\/_grade_school__air_jordan_12_retro__reverse_flu_ga_2_83909.jpeg;https:\/\/images.novelship.com\/product\/_grade_school__air_jordan_12_retro__reverse_flu_ga_3_83909.jpeg;https:\/\/images.novelship.com\/product\/_grade_school__air_jordan_12_retro__reverse_flu_ga_4_83909.jpeg;https:\/\/images.novelship.com\/product\/_grade_school__air_jordan_12_retro__reverse_flu_ga_5_83909.jpeg;https:\/\/images.novelship.com\/product\/_grade_school__air_jordan_12_retro__reverse_flu_ga_6_83909.jpeg;https:\/\/images.novelship.com\/product\/_grade_school__air_jordan_12_retro__reverse_flu_ga_7_83909.jpeg","twitter_misc":{"Dur\u00e9e de lecture estim\u00e9e":"1 minute"},"schema":{"@context":"https:\/\/schema.org","@graph":[{"@type":"WebPage","@id":"https:\/\/tourcruiser.com\/fr\/products\/grade-school-air-jordan-12-retro-reverse-flu-game-153265-602\/","url":"https:\/\/tourcruiser.com\/fr\/products\/grade-school-air-jordan-12-retro-reverse-flu-game-153265-602\/","name":"(Grade School) Air Jordan 12 Retro 'Reverse Flu Game' 153265-602 - TOURCRUISER PTE. LTD","isPartOf":{"@id":"\/#website"},"primaryImageOfPage":{"@id":"https:\/\/tourcruiser.com\/fr\/products\/grade-school-air-jordan-12-retro-reverse-flu-game-153265-602\/#primaryimage"},"image":{"@id":"https:\/\/tourcruiser.com\/fr\/products\/grade-school-air-jordan-12-retro-reverse-flu-game-153265-602\/#primaryimage"},"thumbnailUrl":"https:\/\/images.novelship.com\/product\/_grade_school__air_jordan_12_retro__reverse_flu_ga_0_83909.jpeg;https:\/\/images.novelship.com\/product\/_grade_school__air_jordan_12_retro__reverse_flu_ga_1_83909.jpeg;https:\/\/images.novelship.com\/product\/_grade_school__air_jordan_12_retro__reverse_flu_ga_2_83909.jpeg;https:\/\/images.novelship.com\/product\/_grade_school__air_jordan_12_retro__reverse_flu_ga_3_83909.jpeg;https:\/\/images.novelship.com\/product\/_grade_school__air_jordan_12_retro__reverse_flu_ga_4_83909.jpeg;https:\/\/images.novelship.com\/product\/_grade_school__air_jordan_12_retro__reverse_flu_ga_5_83909.jpeg;https:\/\/images.novelship.com\/product\/_grade_school__air_jordan_12_retro__reverse_flu_ga_6_83909.jpeg;https:\/\/images.novelship.com\/product\/_grade_school__air_jordan_12_retro__reverse_flu_ga_7_83909.jpeg","datePublished":"2026-04-16T10:15:20+00:00","dateModified":"2026-04-17T16:06:00+00:00","breadcrumb":{"@id":"https:\/\/tourcruiser.com\/fr\/products\/grade-school-air-jordan-12-retro-reverse-flu-game-153265-602\/#breadcrumb"},"inLanguage":"fr-FR","potentialAction":[{"@type":"ReadAction","target":["https:\/\/tourcruiser.com\/fr\/products\/grade-school-air-jordan-12-retro-reverse-flu-game-153265-602\/"]}]},{"@type":"ImageObject","inLanguage":"fr-FR","@id":"https:\/\/tourcruiser.com\/fr\/products\/grade-school-air-jordan-12-retro-reverse-flu-game-153265-602\/#primaryimage","url":"https:\/\/images.novelship.com\/product\/_grade_school__air_jordan_12_retro__reverse_flu_ga_0_83909.jpeg;https:\/\/images.novelship.com\/product\/_grade_school__air_jordan_12_retro__reverse_flu_ga_1_83909.jpeg;https:\/\/images.novelship.com\/product\/_grade_school__air_jordan_12_retro__reverse_flu_ga_2_83909.jpeg;https:\/\/images.novelship.com\/product\/_grade_school__air_jordan_12_retro__reverse_flu_ga_3_83909.jpeg;https:\/\/images.novelship.com\/product\/_grade_school__air_jordan_12_retro__reverse_flu_ga_4_83909.jpeg;https:\/\/images.novelship.com\/product\/_grade_school__air_jordan_12_retro__reverse_flu_ga_5_83909.jpeg;https:\/\/images.novelship.com\/product\/_grade_school__air_jordan_12_retro__reverse_flu_ga_6_83909.jpeg;https:\/\/images.novelship.com\/product\/_grade_school__air_jordan_12_retro__reverse_flu_ga_7_83909.jpeg","contentUrl":"https:\/\/images.novelship.com\/product\/_grade_school__air_jordan_12_retro__reverse_flu_ga_0_83909.jpeg;https:\/\/images.novelship.com\/product\/_grade_school__air_jordan_12_retro__reverse_flu_ga_1_83909.jpeg;https:\/\/images.novelship.com\/product\/_grade_school__air_jordan_12_retro__reverse_flu_ga_2_83909.jpeg;https:\/\/images.novelship.com\/product\/_grade_school__air_jordan_12_retro__reverse_flu_ga_3_83909.jpeg;https:\/\/images.novelship.com\/product\/_grade_school__air_jordan_12_retro__reverse_flu_ga_4_83909.jpeg;https:\/\/images.novelship.com\/product\/_grade_school__air_jordan_12_retro__reverse_flu_ga_5_83909.jpeg;https:\/\/images.novelship.com\/product\/_grade_school__air_jordan_12_retro__reverse_flu_ga_6_83909.jpeg;https:\/\/images.novelship.com\/product\/_grade_school__air_jordan_12_retro__reverse_flu_ga_7_83909.jpeg"},{"@type":"BreadcrumbList","@id":"https:\/\/tourcruiser.com\/fr\/products\/grade-school-air-jordan-12-retro-reverse-flu-game-153265-602\/#breadcrumb","itemListElement":[{"@type":"ListItem","position":1,"name":"Home","item":"https:\/\/tourcruiser.com\/fr\/"},{"@type":"ListItem","position":2,"name":"Shop","item":"https:\/\/tourcruiser.com\/fr\/shop\/"},{"@type":"ListItem","position":3,"name":"(Grade School) Air Jordan 12 Retro &#8216;Reverse Flu Game&#8217; 153265-602"}]},{"@type":"WebSite","@id":"\/#website","url":"\/","name":"Styloral Jewelry Shop","description":"Tourcruiser Sneaker Store \u2014 L\u2019endroit o\u00f9 l\u2019univers rencontre votre singularit\u00e9.","publisher":{"@id":"\/#organization"},"potentialAction":[{"@type":"SearchAction","target":{"@type":"EntryPoint","urlTemplate":"\/?s={search_term_string}"},"query-input":{"@type":"PropertyValueSpecification","valueRequired":true,"valueName":"search_term_string"}}],"inLanguage":"fr-FR"},{"@type":"Organization","@id":"\/#organization","name":"STYLORAL PTE. LTD","url":"\/","logo":{"@type":"ImageObject","inLanguage":"fr-FR","@id":"\/#\/schema\/logo\/image\/","url":"https:\/\/www.tourcruiser.com\/wp-content\/uploads\/2025\/12\/logo.png","contentUrl":"https:\/\/www.tourcruiser.com\/wp-content\/uploads\/2025\/12\/logo.png","width":200,"height":65,"caption":"STYLORAL PTE. LTD"},"image":{"@id":"\/#\/schema\/logo\/image\/"}}]}},"_links":{"self":[{"href":"https:\/\/tourcruiser.com\/fr\/wp-json\/wp\/v2\/product\/772361","targetHints":{"allow":["GET"]}}],"collection":[{"href":"https:\/\/tourcruiser.com\/fr\/wp-json\/wp\/v2\/product"}],"about":[{"href":"https:\/\/tourcruiser.com\/fr\/wp-json\/wp\/v2\/types\/product"}],"replies":[{"embeddable":true,"href":"https:\/\/tourcruiser.com\/fr\/wp-json\/wp\/v2\/comments?post=772361"}],"wp:featuredmedia":[{"embeddable":true,"href":"https:\/\/tourcruiser.com\/fr\/wp-json\/wp\/v2\/media\/772362"}],"wp:attachment":[{"href":"https:\/\/tourcruiser.com\/fr\/wp-json\/wp\/v2\/media?parent=772361"}],"wp:term":[{"taxonomy":"product_brand","embeddable":true,"href":"https:\/\/tourcruiser.com\/fr\/wp-json\/wp\/v2\/product_brand?post=772361"},{"taxonomy":"product_cat","embeddable":true,"href":"https:\/\/tourcruiser.com\/fr\/wp-json\/wp\/v2\/product_cat?post=772361"},{"taxonomy":"product_tag","embeddable":true,"href":"https:\/\/tourcruiser.com\/fr\/wp-json\/wp\/v2\/product_tag?post=772361"}],"curies":[{"name":"wp","href":"https:\/\/api.w.org\/{rel}","templated":true}]}}