{"id":772322,"date":"2026-04-16T17:15:19","date_gmt":"2026-04-16T10:15:19","guid":{"rendered":"http:\/\/tourcruiser.com\/product\/grade-school-air-jordan-12-retro-royalty-153265-170"},"modified":"2026-04-17T23:05:58","modified_gmt":"2026-04-17T16:05:58","slug":"grade-school-air-jordan-12-retro-royalty-153265-170","status":"publish","type":"product","link":"https:\/\/tourcruiser.com\/fr\/products\/grade-school-air-jordan-12-retro-royalty-153265-170\/","title":{"rendered":"(Grade School) Air Jordan 12 Retro &lsquo;Royalty&rsquo; 153265-170"},"content":{"rendered":"<p>Adoptez un style royal avec la Air Jordan 12 Retro \u00ab\u00a0Royalty\u00a0\u00bb\u00a0! Confectionn\u00e9es en cuir grain\u00e9 bleu roi, ces sneakers arborent des d\u00e9tails dor\u00e9s raffin\u00e9s, une doublure matelass\u00e9e luxueuse et une semelle ext\u00e9rieure bleu glacier. Inspir\u00e9e de l&#8217;embl\u00e9matique Air Jordan 12, cette sneaker r\u00e9tro allie style l\u00e9gendaire et confort moderne. Sa construction robuste et son amorti souple la rendent id\u00e9ale pour les enfants actifs, tandis que son design captivant leur assure un look unique sur tous les terrains. Am\u00e9liorez votre style et vos performances avec la Air Jordan 12 Retro \u00ab\u00a0Royalty\u00a0\u00bb d\u00e8s aujourd&rsquo;hui\u00a0!<\/p>\n<p>Coloris\u00a0: Blanc\/Noir\/Or m\u00e9tallis\u00e9<\/p>\n<p>Code article\u00a0: 153265-170<\/p>\n<p>Tige\u00a0: Cuir<\/p>\n<p>Semelle interm\u00e9diaire\u00a0: Zoom Air<\/p>\n<p>Couleur\u00a0: Blanc<\/p>\n<p>Cr\u00e9ateur\u00a0: Tinker Hatfield<\/p>\n<p>Saison\u00a0: Automne<\/p>\n<p>Ann\u00e9e de sortie\u00a0: 2021<\/p>\n<p>\u00c2ge\u00a0: Adulte<br \/>\nCouleur\u00a0: Platine pur\/Bleu sarcelle patin\u00e9\/Bleu industriel<\/p>\n<p>Genre\u00a0: Enfant<\/p>\n","protected":false},"excerpt":{"rendered":"<p>Adoptez un style royal avec la Air Jordan 12 Retro \u00ab\u00a0Royalty\u00a0\u00bb\u00a0! Confectionn\u00e9es en cuir grain\u00e9 bleu roi, ces sneakers arborent des d\u00e9tails dor\u00e9s raffin\u00e9s, une doublure matelass\u00e9e luxueuse et une semelle ext\u00e9rieure bleu glacier. Inspir\u00e9e de l&#8217;embl\u00e9matique Air Jordan 12, cette sneaker r\u00e9tro allie style l\u00e9gendaire et confort moderne. Sa construction robuste et son amorti [&hellip;]<\/p>\n","protected":false},"featured_media":772323,"comment_status":"open","ping_status":"closed","template":"","meta":[],"product_brand":[],"product_cat":[38880],"product_tag":[10800,38876,38839,38861,38874,10776,11349,38875,38877],"class_list":{"0":"post-772322","1":"product","2":"type-product","3":"status-publish","4":"has-post-thumbnail","6":"product_cat-jordan","7":"product_tag-basketball-shoes","8":"product_tag-basketball-shoes-for-kids","9":"product_tag-basketball-shoes-with-ankle-support","10":"product_tag-below-retail-price","11":"product_tag-hari-raya-gs","12":"product_tag-jordan","13":"product_tag-jordan-basketball-shoes","14":"product_tag-jordan-skateboard-shoes","15":"product_tag-sports-shoes-for-kids","17":"first","18":"instock","19":"taxable","20":"shipping-taxable","21":"purchasable","22":"product-type-simple"},"wcpa_form_fields":null,"yoast_head":"<!-- This site is optimized with the Yoast SEO plugin v26.5 - https:\/\/yoast.com\/wordpress\/plugins\/seo\/ -->\n<title>(Grade School) Air Jordan 12 Retro &#039;Royalty&#039; 153265-170 - TOURCRUISER PTE. LTD<\/title>\n<meta name=\"robots\" content=\"index, follow, max-snippet:-1, max-image-preview:large, max-video-preview:-1\" \/>\n<link rel=\"canonical\" href=\"https:\/\/tourcruiser.com\/fr\/products\/grade-school-air-jordan-12-retro-royalty-153265-170\/\" \/>\n<meta property=\"og:locale\" content=\"fr_FR\" \/>\n<meta property=\"og:type\" content=\"article\" \/>\n<meta property=\"og:title\" content=\"(Grade School) Air Jordan 12 Retro &#039;Royalty&#039; 153265-170 - TOURCRUISER PTE. LTD\" \/>\n<meta property=\"og:description\" content=\"Adoptez un style royal avec la Air Jordan 12 Retro \u00ab\u00a0Royalty\u00a0\u00bb\u00a0! Confectionn\u00e9es en cuir grain\u00e9 bleu roi, ces sneakers arborent des d\u00e9tails dor\u00e9s raffin\u00e9s, une doublure matelass\u00e9e luxueuse et une semelle ext\u00e9rieure bleu glacier. Inspir\u00e9e de l&#8217;embl\u00e9matique Air Jordan 12, cette sneaker r\u00e9tro allie style l\u00e9gendaire et confort moderne. Sa construction robuste et son amorti [&hellip;]\" \/>\n<meta property=\"og:url\" content=\"https:\/\/tourcruiser.com\/fr\/products\/grade-school-air-jordan-12-retro-royalty-153265-170\/\" \/>\n<meta property=\"og:site_name\" content=\"Tourcruiser Sneaker Store\" \/>\n<meta property=\"article:modified_time\" content=\"2026-04-17T16:05:58+00:00\" \/>\n<meta name=\"twitter:card\" content=\"summary_large_image\" \/>\n<meta name=\"twitter:image\" content=\"https:\/\/images.novelship.com\/product\/_grade_school__air_jordan_12_retro__royalty__15326_0_77274.jpeg;https:\/\/images.novelship.com\/product\/_grade_school__air_jordan_12_retro__royalty__15326_1_77275.jpeg;https:\/\/images.novelship.com\/product\/_grade_school__air_jordan_12_retro__royalty__15326_2_77275.jpeg;https:\/\/images.novelship.com\/product\/_grade_school__air_jordan_12_retro__royalty__15326_3_77275.jpeg;https:\/\/images.novelship.com\/product\/_grade_school__air_jordan_12_retro__royalty__15326_4_77275.jpeg;https:\/\/images.novelship.com\/product\/_grade_school__air_jordan_12_retro__royalty__15326_5_77275.jpeg;https:\/\/images.novelship.com\/product\/_grade_school__air_jordan_12_retro__royalty__15326_6_77275.jpeg;https:\/\/images.novelship.com\/product\/_grade_school__air_jordan_12_retro__royalty__15326_7_77275.jpeg\" \/>\n<meta name=\"twitter:label1\" content=\"Dur\u00e9e de lecture estim\u00e9e\" \/>\n\t<meta name=\"twitter:data1\" content=\"1 minute\" \/>\n<script type=\"application\/ld+json\" class=\"yoast-schema-graph\">{\"@context\":\"https:\/\/schema.org\",\"@graph\":[{\"@type\":\"WebPage\",\"@id\":\"https:\/\/tourcruiser.com\/fr\/products\/grade-school-air-jordan-12-retro-royalty-153265-170\/\",\"url\":\"https:\/\/tourcruiser.com\/fr\/products\/grade-school-air-jordan-12-retro-royalty-153265-170\/\",\"name\":\"(Grade School) Air Jordan 12 Retro 'Royalty' 153265-170 - TOURCRUISER PTE. LTD\",\"isPartOf\":{\"@id\":\"\/#website\"},\"primaryImageOfPage\":{\"@id\":\"https:\/\/tourcruiser.com\/fr\/products\/grade-school-air-jordan-12-retro-royalty-153265-170\/#primaryimage\"},\"image\":{\"@id\":\"https:\/\/tourcruiser.com\/fr\/products\/grade-school-air-jordan-12-retro-royalty-153265-170\/#primaryimage\"},\"thumbnailUrl\":\"https:\/\/images.novelship.com\/product\/_grade_school__air_jordan_12_retro__royalty__15326_0_77274.jpeg;https:\/\/images.novelship.com\/product\/_grade_school__air_jordan_12_retro__royalty__15326_1_77275.jpeg;https:\/\/images.novelship.com\/product\/_grade_school__air_jordan_12_retro__royalty__15326_2_77275.jpeg;https:\/\/images.novelship.com\/product\/_grade_school__air_jordan_12_retro__royalty__15326_3_77275.jpeg;https:\/\/images.novelship.com\/product\/_grade_school__air_jordan_12_retro__royalty__15326_4_77275.jpeg;https:\/\/images.novelship.com\/product\/_grade_school__air_jordan_12_retro__royalty__15326_5_77275.jpeg;https:\/\/images.novelship.com\/product\/_grade_school__air_jordan_12_retro__royalty__15326_6_77275.jpeg;https:\/\/images.novelship.com\/product\/_grade_school__air_jordan_12_retro__royalty__15326_7_77275.jpeg\",\"datePublished\":\"2026-04-16T10:15:19+00:00\",\"dateModified\":\"2026-04-17T16:05:58+00:00\",\"breadcrumb\":{\"@id\":\"https:\/\/tourcruiser.com\/fr\/products\/grade-school-air-jordan-12-retro-royalty-153265-170\/#breadcrumb\"},\"inLanguage\":\"fr-FR\",\"potentialAction\":[{\"@type\":\"ReadAction\",\"target\":[\"https:\/\/tourcruiser.com\/fr\/products\/grade-school-air-jordan-12-retro-royalty-153265-170\/\"]}]},{\"@type\":\"ImageObject\",\"inLanguage\":\"fr-FR\",\"@id\":\"https:\/\/tourcruiser.com\/fr\/products\/grade-school-air-jordan-12-retro-royalty-153265-170\/#primaryimage\",\"url\":\"https:\/\/images.novelship.com\/product\/_grade_school__air_jordan_12_retro__royalty__15326_0_77274.jpeg;https:\/\/images.novelship.com\/product\/_grade_school__air_jordan_12_retro__royalty__15326_1_77275.jpeg;https:\/\/images.novelship.com\/product\/_grade_school__air_jordan_12_retro__royalty__15326_2_77275.jpeg;https:\/\/images.novelship.com\/product\/_grade_school__air_jordan_12_retro__royalty__15326_3_77275.jpeg;https:\/\/images.novelship.com\/product\/_grade_school__air_jordan_12_retro__royalty__15326_4_77275.jpeg;https:\/\/images.novelship.com\/product\/_grade_school__air_jordan_12_retro__royalty__15326_5_77275.jpeg;https:\/\/images.novelship.com\/product\/_grade_school__air_jordan_12_retro__royalty__15326_6_77275.jpeg;https:\/\/images.novelship.com\/product\/_grade_school__air_jordan_12_retro__royalty__15326_7_77275.jpeg\",\"contentUrl\":\"https:\/\/images.novelship.com\/product\/_grade_school__air_jordan_12_retro__royalty__15326_0_77274.jpeg;https:\/\/images.novelship.com\/product\/_grade_school__air_jordan_12_retro__royalty__15326_1_77275.jpeg;https:\/\/images.novelship.com\/product\/_grade_school__air_jordan_12_retro__royalty__15326_2_77275.jpeg;https:\/\/images.novelship.com\/product\/_grade_school__air_jordan_12_retro__royalty__15326_3_77275.jpeg;https:\/\/images.novelship.com\/product\/_grade_school__air_jordan_12_retro__royalty__15326_4_77275.jpeg;https:\/\/images.novelship.com\/product\/_grade_school__air_jordan_12_retro__royalty__15326_5_77275.jpeg;https:\/\/images.novelship.com\/product\/_grade_school__air_jordan_12_retro__royalty__15326_6_77275.jpeg;https:\/\/images.novelship.com\/product\/_grade_school__air_jordan_12_retro__royalty__15326_7_77275.jpeg\"},{\"@type\":\"BreadcrumbList\",\"@id\":\"https:\/\/tourcruiser.com\/fr\/products\/grade-school-air-jordan-12-retro-royalty-153265-170\/#breadcrumb\",\"itemListElement\":[{\"@type\":\"ListItem\",\"position\":1,\"name\":\"Home\",\"item\":\"https:\/\/tourcruiser.com\/fr\/\"},{\"@type\":\"ListItem\",\"position\":2,\"name\":\"Shop\",\"item\":\"https:\/\/tourcruiser.com\/fr\/shop\/\"},{\"@type\":\"ListItem\",\"position\":3,\"name\":\"(Grade School) Air Jordan 12 Retro &#8216;Royalty&#8217; 153265-170\"}]},{\"@type\":\"WebSite\",\"@id\":\"\/#website\",\"url\":\"\/\",\"name\":\"Styloral Jewelry Shop\",\"description\":\"Tourcruiser Sneaker Store \u2014 L\u2019endroit o\u00f9 l\u2019univers rencontre votre singularit\u00e9.\",\"publisher\":{\"@id\":\"\/#organization\"},\"potentialAction\":[{\"@type\":\"SearchAction\",\"target\":{\"@type\":\"EntryPoint\",\"urlTemplate\":\"\/?s={search_term_string}\"},\"query-input\":{\"@type\":\"PropertyValueSpecification\",\"valueRequired\":true,\"valueName\":\"search_term_string\"}}],\"inLanguage\":\"fr-FR\"},{\"@type\":\"Organization\",\"@id\":\"\/#organization\",\"name\":\"STYLORAL PTE. LTD\",\"url\":\"\/\",\"logo\":{\"@type\":\"ImageObject\",\"inLanguage\":\"fr-FR\",\"@id\":\"\/#\/schema\/logo\/image\/\",\"url\":\"https:\/\/www.tourcruiser.com\/wp-content\/uploads\/2025\/12\/logo.png\",\"contentUrl\":\"https:\/\/www.tourcruiser.com\/wp-content\/uploads\/2025\/12\/logo.png\",\"width\":200,\"height\":65,\"caption\":\"STYLORAL PTE. LTD\"},\"image\":{\"@id\":\"\/#\/schema\/logo\/image\/\"}}]}<\/script>\n<!-- \/ Yoast SEO plugin. -->","yoast_head_json":{"title":"(Grade School) Air Jordan 12 Retro 'Royalty' 153265-170 - TOURCRUISER PTE. LTD","robots":{"index":"index","follow":"follow","max-snippet":"max-snippet:-1","max-image-preview":"max-image-preview:large","max-video-preview":"max-video-preview:-1"},"canonical":"https:\/\/tourcruiser.com\/fr\/products\/grade-school-air-jordan-12-retro-royalty-153265-170\/","og_locale":"fr_FR","og_type":"article","og_title":"(Grade School) Air Jordan 12 Retro 'Royalty' 153265-170 - TOURCRUISER PTE. LTD","og_description":"Adoptez un style royal avec la Air Jordan 12 Retro \u00ab\u00a0Royalty\u00a0\u00bb\u00a0! Confectionn\u00e9es en cuir grain\u00e9 bleu roi, ces sneakers arborent des d\u00e9tails dor\u00e9s raffin\u00e9s, une doublure matelass\u00e9e luxueuse et une semelle ext\u00e9rieure bleu glacier. Inspir\u00e9e de l&#8217;embl\u00e9matique Air Jordan 12, cette sneaker r\u00e9tro allie style l\u00e9gendaire et confort moderne. Sa construction robuste et son amorti [&hellip;]","og_url":"https:\/\/tourcruiser.com\/fr\/products\/grade-school-air-jordan-12-retro-royalty-153265-170\/","og_site_name":"Tourcruiser Sneaker Store","article_modified_time":"2026-04-17T16:05:58+00:00","twitter_card":"summary_large_image","twitter_image":"https:\/\/images.novelship.com\/product\/_grade_school__air_jordan_12_retro__royalty__15326_0_77274.jpeg;https:\/\/images.novelship.com\/product\/_grade_school__air_jordan_12_retro__royalty__15326_1_77275.jpeg;https:\/\/images.novelship.com\/product\/_grade_school__air_jordan_12_retro__royalty__15326_2_77275.jpeg;https:\/\/images.novelship.com\/product\/_grade_school__air_jordan_12_retro__royalty__15326_3_77275.jpeg;https:\/\/images.novelship.com\/product\/_grade_school__air_jordan_12_retro__royalty__15326_4_77275.jpeg;https:\/\/images.novelship.com\/product\/_grade_school__air_jordan_12_retro__royalty__15326_5_77275.jpeg;https:\/\/images.novelship.com\/product\/_grade_school__air_jordan_12_retro__royalty__15326_6_77275.jpeg;https:\/\/images.novelship.com\/product\/_grade_school__air_jordan_12_retro__royalty__15326_7_77275.jpeg","twitter_misc":{"Dur\u00e9e de lecture estim\u00e9e":"1 minute"},"schema":{"@context":"https:\/\/schema.org","@graph":[{"@type":"WebPage","@id":"https:\/\/tourcruiser.com\/fr\/products\/grade-school-air-jordan-12-retro-royalty-153265-170\/","url":"https:\/\/tourcruiser.com\/fr\/products\/grade-school-air-jordan-12-retro-royalty-153265-170\/","name":"(Grade School) Air Jordan 12 Retro 'Royalty' 153265-170 - TOURCRUISER PTE. LTD","isPartOf":{"@id":"\/#website"},"primaryImageOfPage":{"@id":"https:\/\/tourcruiser.com\/fr\/products\/grade-school-air-jordan-12-retro-royalty-153265-170\/#primaryimage"},"image":{"@id":"https:\/\/tourcruiser.com\/fr\/products\/grade-school-air-jordan-12-retro-royalty-153265-170\/#primaryimage"},"thumbnailUrl":"https:\/\/images.novelship.com\/product\/_grade_school__air_jordan_12_retro__royalty__15326_0_77274.jpeg;https:\/\/images.novelship.com\/product\/_grade_school__air_jordan_12_retro__royalty__15326_1_77275.jpeg;https:\/\/images.novelship.com\/product\/_grade_school__air_jordan_12_retro__royalty__15326_2_77275.jpeg;https:\/\/images.novelship.com\/product\/_grade_school__air_jordan_12_retro__royalty__15326_3_77275.jpeg;https:\/\/images.novelship.com\/product\/_grade_school__air_jordan_12_retro__royalty__15326_4_77275.jpeg;https:\/\/images.novelship.com\/product\/_grade_school__air_jordan_12_retro__royalty__15326_5_77275.jpeg;https:\/\/images.novelship.com\/product\/_grade_school__air_jordan_12_retro__royalty__15326_6_77275.jpeg;https:\/\/images.novelship.com\/product\/_grade_school__air_jordan_12_retro__royalty__15326_7_77275.jpeg","datePublished":"2026-04-16T10:15:19+00:00","dateModified":"2026-04-17T16:05:58+00:00","breadcrumb":{"@id":"https:\/\/tourcruiser.com\/fr\/products\/grade-school-air-jordan-12-retro-royalty-153265-170\/#breadcrumb"},"inLanguage":"fr-FR","potentialAction":[{"@type":"ReadAction","target":["https:\/\/tourcruiser.com\/fr\/products\/grade-school-air-jordan-12-retro-royalty-153265-170\/"]}]},{"@type":"ImageObject","inLanguage":"fr-FR","@id":"https:\/\/tourcruiser.com\/fr\/products\/grade-school-air-jordan-12-retro-royalty-153265-170\/#primaryimage","url":"https:\/\/images.novelship.com\/product\/_grade_school__air_jordan_12_retro__royalty__15326_0_77274.jpeg;https:\/\/images.novelship.com\/product\/_grade_school__air_jordan_12_retro__royalty__15326_1_77275.jpeg;https:\/\/images.novelship.com\/product\/_grade_school__air_jordan_12_retro__royalty__15326_2_77275.jpeg;https:\/\/images.novelship.com\/product\/_grade_school__air_jordan_12_retro__royalty__15326_3_77275.jpeg;https:\/\/images.novelship.com\/product\/_grade_school__air_jordan_12_retro__royalty__15326_4_77275.jpeg;https:\/\/images.novelship.com\/product\/_grade_school__air_jordan_12_retro__royalty__15326_5_77275.jpeg;https:\/\/images.novelship.com\/product\/_grade_school__air_jordan_12_retro__royalty__15326_6_77275.jpeg;https:\/\/images.novelship.com\/product\/_grade_school__air_jordan_12_retro__royalty__15326_7_77275.jpeg","contentUrl":"https:\/\/images.novelship.com\/product\/_grade_school__air_jordan_12_retro__royalty__15326_0_77274.jpeg;https:\/\/images.novelship.com\/product\/_grade_school__air_jordan_12_retro__royalty__15326_1_77275.jpeg;https:\/\/images.novelship.com\/product\/_grade_school__air_jordan_12_retro__royalty__15326_2_77275.jpeg;https:\/\/images.novelship.com\/product\/_grade_school__air_jordan_12_retro__royalty__15326_3_77275.jpeg;https:\/\/images.novelship.com\/product\/_grade_school__air_jordan_12_retro__royalty__15326_4_77275.jpeg;https:\/\/images.novelship.com\/product\/_grade_school__air_jordan_12_retro__royalty__15326_5_77275.jpeg;https:\/\/images.novelship.com\/product\/_grade_school__air_jordan_12_retro__royalty__15326_6_77275.jpeg;https:\/\/images.novelship.com\/product\/_grade_school__air_jordan_12_retro__royalty__15326_7_77275.jpeg"},{"@type":"BreadcrumbList","@id":"https:\/\/tourcruiser.com\/fr\/products\/grade-school-air-jordan-12-retro-royalty-153265-170\/#breadcrumb","itemListElement":[{"@type":"ListItem","position":1,"name":"Home","item":"https:\/\/tourcruiser.com\/fr\/"},{"@type":"ListItem","position":2,"name":"Shop","item":"https:\/\/tourcruiser.com\/fr\/shop\/"},{"@type":"ListItem","position":3,"name":"(Grade School) Air Jordan 12 Retro &#8216;Royalty&#8217; 153265-170"}]},{"@type":"WebSite","@id":"\/#website","url":"\/","name":"Styloral Jewelry Shop","description":"Tourcruiser Sneaker Store \u2014 L\u2019endroit o\u00f9 l\u2019univers rencontre votre singularit\u00e9.","publisher":{"@id":"\/#organization"},"potentialAction":[{"@type":"SearchAction","target":{"@type":"EntryPoint","urlTemplate":"\/?s={search_term_string}"},"query-input":{"@type":"PropertyValueSpecification","valueRequired":true,"valueName":"search_term_string"}}],"inLanguage":"fr-FR"},{"@type":"Organization","@id":"\/#organization","name":"STYLORAL PTE. LTD","url":"\/","logo":{"@type":"ImageObject","inLanguage":"fr-FR","@id":"\/#\/schema\/logo\/image\/","url":"https:\/\/www.tourcruiser.com\/wp-content\/uploads\/2025\/12\/logo.png","contentUrl":"https:\/\/www.tourcruiser.com\/wp-content\/uploads\/2025\/12\/logo.png","width":200,"height":65,"caption":"STYLORAL PTE. LTD"},"image":{"@id":"\/#\/schema\/logo\/image\/"}}]}},"_links":{"self":[{"href":"https:\/\/tourcruiser.com\/fr\/wp-json\/wp\/v2\/product\/772322","targetHints":{"allow":["GET"]}}],"collection":[{"href":"https:\/\/tourcruiser.com\/fr\/wp-json\/wp\/v2\/product"}],"about":[{"href":"https:\/\/tourcruiser.com\/fr\/wp-json\/wp\/v2\/types\/product"}],"replies":[{"embeddable":true,"href":"https:\/\/tourcruiser.com\/fr\/wp-json\/wp\/v2\/comments?post=772322"}],"wp:featuredmedia":[{"embeddable":true,"href":"https:\/\/tourcruiser.com\/fr\/wp-json\/wp\/v2\/media\/772323"}],"wp:attachment":[{"href":"https:\/\/tourcruiser.com\/fr\/wp-json\/wp\/v2\/media?parent=772322"}],"wp:term":[{"taxonomy":"product_brand","embeddable":true,"href":"https:\/\/tourcruiser.com\/fr\/wp-json\/wp\/v2\/product_brand?post=772322"},{"taxonomy":"product_cat","embeddable":true,"href":"https:\/\/tourcruiser.com\/fr\/wp-json\/wp\/v2\/product_cat?post=772322"},{"taxonomy":"product_tag","embeddable":true,"href":"https:\/\/tourcruiser.com\/fr\/wp-json\/wp\/v2\/product_tag?post=772322"}],"curies":[{"name":"wp","href":"https:\/\/api.w.org\/{rel}","templated":true}]}}