{"id":772280,"date":"2026-04-16T17:15:17","date_gmt":"2026-04-16T10:15:17","guid":{"rendered":"http:\/\/tourcruiser.com\/product\/youth-air-jordan-1-retro-low-og-year-of-the-dragon-fq6593-100"},"modified":"2026-04-17T23:05:56","modified_gmt":"2026-04-17T16:05:56","slug":"youth-air-jordan-1-retro-low-og-year-of-the-dragon-fq6593-100","status":"publish","type":"product","link":"https:\/\/tourcruiser.com\/fr\/products\/youth-air-jordan-1-retro-low-og-year-of-the-dragon-fq6593-100\/","title":{"rendered":"(Youth) Air Jordan 1 Retro Low OG &lsquo;Year of the Dragon&rsquo; FQ6593-100"},"content":{"rendered":"<p>C\u00e9l\u00e9brez le Nouvel An chinois avec la Air Jordan 1 Retro Low OG \u00ab\u00a0Ann\u00e9e du Dragon\u00a0\u00bb\u00a0! Orn\u00e9e d&rsquo;\u00e9cailles de dragon finement travaill\u00e9es et d&rsquo;une palette de couleurs saisissante, cette sneaker iconique incarne la force et la f\u00eate. Sa silhouette basse offre confort et style, tandis que son empeigne en cuir premium allie durabilit\u00e9 et luxe. Entrez dans la l\u00e9gende et laissez-vous envo\u00fbter par la puissance et la magie du dragon\u00a0!<\/p>\n<p>Coloris\u00a0: Voile\/Vert Huile\/Motif Grain Or M\u00e9tallis\u00e9\/Or Saturne\/C\u00e8dre<\/p>\n<p>R\u00e9f\u00e9rence\u00a0: FQ6593-100<\/p>\n<p>Empeigne\u00a0: Cuir<\/p>\n<p>Semelle interm\u00e9diaire\u00a0: Air<\/p>\n<p>Couleur\u00a0: Blanc<\/p>\n<p>Designer\u00a0: Peter Moore<\/p>\n<p>Ann\u00e9e de sortie\u00a0: 2024<\/p>\n<p>\u00c2ge\u00a0: Adulte<\/p>\n<p>Couleur\u00a0: Blanc Nuage\/Bleu Merveille\/Vert \u00c9tincelant<\/p>\n<p>Genre\u00a0: Jeune<\/p>\n","protected":false},"excerpt":{"rendered":"<p>C\u00e9l\u00e9brez le Nouvel An chinois avec la Air Jordan 1 Retro Low OG \u00ab\u00a0Ann\u00e9e du Dragon\u00a0\u00bb\u00a0! Orn\u00e9e d&rsquo;\u00e9cailles de dragon finement travaill\u00e9es et d&rsquo;une palette de couleurs saisissante, cette sneaker iconique incarne la force et la f\u00eate. Sa silhouette basse offre confort et style, tandis que son empeigne en cuir premium allie durabilit\u00e9 et luxe. [&hellip;]<\/p>\n","protected":false},"featured_media":772281,"comment_status":"open","ping_status":"closed","template":"","meta":[],"product_brand":[],"product_cat":[38880],"product_tag":[10750,38861,38917,38918,10776,10756,38902,38936],"class_list":{"0":"post-772280","1":"product","2":"type-product","3":"status-publish","4":"has-post-thumbnail","6":"product_cat-jordan","7":"product_tag-athleisure-shoes","8":"product_tag-below-retail-price","9":"product_tag-casual-shoes-for-children","10":"product_tag-children-s-sneakers","11":"product_tag-jordan","12":"product_tag-retro-casual-shoes","13":"product_tag-trendy-offers","14":"product_tag-trendy-offers-under-a-150","16":"first","17":"instock","18":"taxable","19":"shipping-taxable","20":"purchasable","21":"product-type-simple"},"wcpa_form_fields":null,"yoast_head":"<!-- This site is optimized with the Yoast SEO plugin v26.5 - https:\/\/yoast.com\/wordpress\/plugins\/seo\/ -->\n<title>(Youth) Air Jordan 1 Retro Low OG &#039;Year of the Dragon&#039; FQ6593-100 - TOURCRUISER PTE. LTD<\/title>\n<meta name=\"robots\" content=\"index, follow, max-snippet:-1, max-image-preview:large, max-video-preview:-1\" \/>\n<link rel=\"canonical\" href=\"https:\/\/tourcruiser.com\/fr\/products\/youth-air-jordan-1-retro-low-og-year-of-the-dragon-fq6593-100\/\" \/>\n<meta property=\"og:locale\" content=\"fr_FR\" \/>\n<meta property=\"og:type\" content=\"article\" \/>\n<meta property=\"og:title\" content=\"(Youth) Air Jordan 1 Retro Low OG &#039;Year of the Dragon&#039; FQ6593-100 - TOURCRUISER PTE. LTD\" \/>\n<meta property=\"og:description\" content=\"C\u00e9l\u00e9brez le Nouvel An chinois avec la Air Jordan 1 Retro Low OG \u00ab\u00a0Ann\u00e9e du Dragon\u00a0\u00bb\u00a0! Orn\u00e9e d&rsquo;\u00e9cailles de dragon finement travaill\u00e9es et d&rsquo;une palette de couleurs saisissante, cette sneaker iconique incarne la force et la f\u00eate. Sa silhouette basse offre confort et style, tandis que son empeigne en cuir premium allie durabilit\u00e9 et luxe. [&hellip;]\" \/>\n<meta property=\"og:url\" content=\"https:\/\/tourcruiser.com\/fr\/products\/youth-air-jordan-1-retro-low-og-year-of-the-dragon-fq6593-100\/\" \/>\n<meta property=\"og:site_name\" content=\"Tourcruiser Sneaker Store\" \/>\n<meta property=\"article:modified_time\" content=\"2026-04-17T16:05:56+00:00\" \/>\n<meta name=\"twitter:card\" content=\"summary_large_image\" \/>\n<meta name=\"twitter:image\" content=\"https:\/\/images.novelship.com\/product\/_youth__air_jordan_1_retro_low_og__year_of_the_dra_0_79604.jpeg\" \/>\n<meta name=\"twitter:label1\" content=\"Dur\u00e9e de lecture estim\u00e9e\" \/>\n\t<meta name=\"twitter:data1\" content=\"1 minute\" \/>\n<script type=\"application\/ld+json\" class=\"yoast-schema-graph\">{\"@context\":\"https:\/\/schema.org\",\"@graph\":[{\"@type\":\"WebPage\",\"@id\":\"https:\/\/tourcruiser.com\/fr\/products\/youth-air-jordan-1-retro-low-og-year-of-the-dragon-fq6593-100\/\",\"url\":\"https:\/\/tourcruiser.com\/fr\/products\/youth-air-jordan-1-retro-low-og-year-of-the-dragon-fq6593-100\/\",\"name\":\"(Youth) Air Jordan 1 Retro Low OG 'Year of the Dragon' FQ6593-100 - TOURCRUISER PTE. LTD\",\"isPartOf\":{\"@id\":\"\/#website\"},\"primaryImageOfPage\":{\"@id\":\"https:\/\/tourcruiser.com\/fr\/products\/youth-air-jordan-1-retro-low-og-year-of-the-dragon-fq6593-100\/#primaryimage\"},\"image\":{\"@id\":\"https:\/\/tourcruiser.com\/fr\/products\/youth-air-jordan-1-retro-low-og-year-of-the-dragon-fq6593-100\/#primaryimage\"},\"thumbnailUrl\":\"https:\/\/images.novelship.com\/product\/_youth__air_jordan_1_retro_low_og__year_of_the_dra_0_79604.jpeg\",\"datePublished\":\"2026-04-16T10:15:17+00:00\",\"dateModified\":\"2026-04-17T16:05:56+00:00\",\"breadcrumb\":{\"@id\":\"https:\/\/tourcruiser.com\/fr\/products\/youth-air-jordan-1-retro-low-og-year-of-the-dragon-fq6593-100\/#breadcrumb\"},\"inLanguage\":\"fr-FR\",\"potentialAction\":[{\"@type\":\"ReadAction\",\"target\":[\"https:\/\/tourcruiser.com\/fr\/products\/youth-air-jordan-1-retro-low-og-year-of-the-dragon-fq6593-100\/\"]}]},{\"@type\":\"ImageObject\",\"inLanguage\":\"fr-FR\",\"@id\":\"https:\/\/tourcruiser.com\/fr\/products\/youth-air-jordan-1-retro-low-og-year-of-the-dragon-fq6593-100\/#primaryimage\",\"url\":\"https:\/\/images.novelship.com\/product\/_youth__air_jordan_1_retro_low_og__year_of_the_dra_0_79604.jpeg\",\"contentUrl\":\"https:\/\/images.novelship.com\/product\/_youth__air_jordan_1_retro_low_og__year_of_the_dra_0_79604.jpeg\"},{\"@type\":\"BreadcrumbList\",\"@id\":\"https:\/\/tourcruiser.com\/fr\/products\/youth-air-jordan-1-retro-low-og-year-of-the-dragon-fq6593-100\/#breadcrumb\",\"itemListElement\":[{\"@type\":\"ListItem\",\"position\":1,\"name\":\"Home\",\"item\":\"https:\/\/tourcruiser.com\/fr\/\"},{\"@type\":\"ListItem\",\"position\":2,\"name\":\"Shop\",\"item\":\"https:\/\/tourcruiser.com\/fr\/shop\/\"},{\"@type\":\"ListItem\",\"position\":3,\"name\":\"(Youth) Air Jordan 1 Retro Low OG &#8216;Year of the Dragon&#8217; FQ6593-100\"}]},{\"@type\":\"WebSite\",\"@id\":\"\/#website\",\"url\":\"\/\",\"name\":\"Styloral Jewelry Shop\",\"description\":\"Tourcruiser Sneaker Store \u2014 L\u2019endroit o\u00f9 l\u2019univers rencontre votre singularit\u00e9.\",\"publisher\":{\"@id\":\"\/#organization\"},\"potentialAction\":[{\"@type\":\"SearchAction\",\"target\":{\"@type\":\"EntryPoint\",\"urlTemplate\":\"\/?s={search_term_string}\"},\"query-input\":{\"@type\":\"PropertyValueSpecification\",\"valueRequired\":true,\"valueName\":\"search_term_string\"}}],\"inLanguage\":\"fr-FR\"},{\"@type\":\"Organization\",\"@id\":\"\/#organization\",\"name\":\"STYLORAL PTE. LTD\",\"url\":\"\/\",\"logo\":{\"@type\":\"ImageObject\",\"inLanguage\":\"fr-FR\",\"@id\":\"\/#\/schema\/logo\/image\/\",\"url\":\"https:\/\/www.tourcruiser.com\/wp-content\/uploads\/2025\/12\/logo.png\",\"contentUrl\":\"https:\/\/www.tourcruiser.com\/wp-content\/uploads\/2025\/12\/logo.png\",\"width\":200,\"height\":65,\"caption\":\"STYLORAL PTE. LTD\"},\"image\":{\"@id\":\"\/#\/schema\/logo\/image\/\"}}]}<\/script>\n<!-- \/ Yoast SEO plugin. -->","yoast_head_json":{"title":"(Youth) Air Jordan 1 Retro Low OG 'Year of the Dragon' FQ6593-100 - TOURCRUISER PTE. LTD","robots":{"index":"index","follow":"follow","max-snippet":"max-snippet:-1","max-image-preview":"max-image-preview:large","max-video-preview":"max-video-preview:-1"},"canonical":"https:\/\/tourcruiser.com\/fr\/products\/youth-air-jordan-1-retro-low-og-year-of-the-dragon-fq6593-100\/","og_locale":"fr_FR","og_type":"article","og_title":"(Youth) Air Jordan 1 Retro Low OG 'Year of the Dragon' FQ6593-100 - TOURCRUISER PTE. LTD","og_description":"C\u00e9l\u00e9brez le Nouvel An chinois avec la Air Jordan 1 Retro Low OG \u00ab\u00a0Ann\u00e9e du Dragon\u00a0\u00bb\u00a0! Orn\u00e9e d&rsquo;\u00e9cailles de dragon finement travaill\u00e9es et d&rsquo;une palette de couleurs saisissante, cette sneaker iconique incarne la force et la f\u00eate. Sa silhouette basse offre confort et style, tandis que son empeigne en cuir premium allie durabilit\u00e9 et luxe. [&hellip;]","og_url":"https:\/\/tourcruiser.com\/fr\/products\/youth-air-jordan-1-retro-low-og-year-of-the-dragon-fq6593-100\/","og_site_name":"Tourcruiser Sneaker Store","article_modified_time":"2026-04-17T16:05:56+00:00","twitter_card":"summary_large_image","twitter_image":"https:\/\/images.novelship.com\/product\/_youth__air_jordan_1_retro_low_og__year_of_the_dra_0_79604.jpeg","twitter_misc":{"Dur\u00e9e de lecture estim\u00e9e":"1 minute"},"schema":{"@context":"https:\/\/schema.org","@graph":[{"@type":"WebPage","@id":"https:\/\/tourcruiser.com\/fr\/products\/youth-air-jordan-1-retro-low-og-year-of-the-dragon-fq6593-100\/","url":"https:\/\/tourcruiser.com\/fr\/products\/youth-air-jordan-1-retro-low-og-year-of-the-dragon-fq6593-100\/","name":"(Youth) Air Jordan 1 Retro Low OG 'Year of the Dragon' FQ6593-100 - TOURCRUISER PTE. LTD","isPartOf":{"@id":"\/#website"},"primaryImageOfPage":{"@id":"https:\/\/tourcruiser.com\/fr\/products\/youth-air-jordan-1-retro-low-og-year-of-the-dragon-fq6593-100\/#primaryimage"},"image":{"@id":"https:\/\/tourcruiser.com\/fr\/products\/youth-air-jordan-1-retro-low-og-year-of-the-dragon-fq6593-100\/#primaryimage"},"thumbnailUrl":"https:\/\/images.novelship.com\/product\/_youth__air_jordan_1_retro_low_og__year_of_the_dra_0_79604.jpeg","datePublished":"2026-04-16T10:15:17+00:00","dateModified":"2026-04-17T16:05:56+00:00","breadcrumb":{"@id":"https:\/\/tourcruiser.com\/fr\/products\/youth-air-jordan-1-retro-low-og-year-of-the-dragon-fq6593-100\/#breadcrumb"},"inLanguage":"fr-FR","potentialAction":[{"@type":"ReadAction","target":["https:\/\/tourcruiser.com\/fr\/products\/youth-air-jordan-1-retro-low-og-year-of-the-dragon-fq6593-100\/"]}]},{"@type":"ImageObject","inLanguage":"fr-FR","@id":"https:\/\/tourcruiser.com\/fr\/products\/youth-air-jordan-1-retro-low-og-year-of-the-dragon-fq6593-100\/#primaryimage","url":"https:\/\/images.novelship.com\/product\/_youth__air_jordan_1_retro_low_og__year_of_the_dra_0_79604.jpeg","contentUrl":"https:\/\/images.novelship.com\/product\/_youth__air_jordan_1_retro_low_og__year_of_the_dra_0_79604.jpeg"},{"@type":"BreadcrumbList","@id":"https:\/\/tourcruiser.com\/fr\/products\/youth-air-jordan-1-retro-low-og-year-of-the-dragon-fq6593-100\/#breadcrumb","itemListElement":[{"@type":"ListItem","position":1,"name":"Home","item":"https:\/\/tourcruiser.com\/fr\/"},{"@type":"ListItem","position":2,"name":"Shop","item":"https:\/\/tourcruiser.com\/fr\/shop\/"},{"@type":"ListItem","position":3,"name":"(Youth) Air Jordan 1 Retro Low OG &#8216;Year of the Dragon&#8217; FQ6593-100"}]},{"@type":"WebSite","@id":"\/#website","url":"\/","name":"Styloral Jewelry Shop","description":"Tourcruiser Sneaker Store \u2014 L\u2019endroit o\u00f9 l\u2019univers rencontre votre singularit\u00e9.","publisher":{"@id":"\/#organization"},"potentialAction":[{"@type":"SearchAction","target":{"@type":"EntryPoint","urlTemplate":"\/?s={search_term_string}"},"query-input":{"@type":"PropertyValueSpecification","valueRequired":true,"valueName":"search_term_string"}}],"inLanguage":"fr-FR"},{"@type":"Organization","@id":"\/#organization","name":"STYLORAL PTE. LTD","url":"\/","logo":{"@type":"ImageObject","inLanguage":"fr-FR","@id":"\/#\/schema\/logo\/image\/","url":"https:\/\/www.tourcruiser.com\/wp-content\/uploads\/2025\/12\/logo.png","contentUrl":"https:\/\/www.tourcruiser.com\/wp-content\/uploads\/2025\/12\/logo.png","width":200,"height":65,"caption":"STYLORAL PTE. LTD"},"image":{"@id":"\/#\/schema\/logo\/image\/"}}]}},"_links":{"self":[{"href":"https:\/\/tourcruiser.com\/fr\/wp-json\/wp\/v2\/product\/772280","targetHints":{"allow":["GET"]}}],"collection":[{"href":"https:\/\/tourcruiser.com\/fr\/wp-json\/wp\/v2\/product"}],"about":[{"href":"https:\/\/tourcruiser.com\/fr\/wp-json\/wp\/v2\/types\/product"}],"replies":[{"embeddable":true,"href":"https:\/\/tourcruiser.com\/fr\/wp-json\/wp\/v2\/comments?post=772280"}],"wp:featuredmedia":[{"embeddable":true,"href":"https:\/\/tourcruiser.com\/fr\/wp-json\/wp\/v2\/media\/772281"}],"wp:attachment":[{"href":"https:\/\/tourcruiser.com\/fr\/wp-json\/wp\/v2\/media?parent=772280"}],"wp:term":[{"taxonomy":"product_brand","embeddable":true,"href":"https:\/\/tourcruiser.com\/fr\/wp-json\/wp\/v2\/product_brand?post=772280"},{"taxonomy":"product_cat","embeddable":true,"href":"https:\/\/tourcruiser.com\/fr\/wp-json\/wp\/v2\/product_cat?post=772280"},{"taxonomy":"product_tag","embeddable":true,"href":"https:\/\/tourcruiser.com\/fr\/wp-json\/wp\/v2\/product_tag?post=772280"}],"curies":[{"name":"wp","href":"https:\/\/api.w.org\/{rel}","templated":true}]}}