{"id":772229,"date":"2026-04-16T17:15:15","date_gmt":"2026-04-16T10:15:15","guid":{"rendered":"http:\/\/tourcruiser.com\/product\/air-jordan-legacy-312-desert-camo-av3922-126"},"modified":"2026-04-17T23:05:52","modified_gmt":"2026-04-17T16:05:52","slug":"air-jordan-legacy-312-desert-camo-av3922-126","status":"publish","type":"product","link":"https:\/\/tourcruiser.com\/fr\/products\/air-jordan-legacy-312-desert-camo-av3922-126\/","title":{"rendered":"Air Jordan Legacy 312 Desert Camo AV3922-126"},"content":{"rendered":"<p>D\u00e9couvrez la Air Jordan Legacy 312 Desert Camo, un mod\u00e8le embl\u00e9matique de la collection Jordan. Avec son coloris camouflage d\u00e9sert marron unique et son design innovant, cette chaussure allie style et performance pour une exp\u00e9rience sneaker ultime. Am\u00e9liorez votre jeu sur et en dehors du terrain avec cette pi\u00e8ce incontournable de votre collection Jordan.<\/p>\n<p>Coloris : Voile\/Camouflage d\u00e9sert-Infrarouge 23<\/p>\n<p>Code article : AV3922-126<\/p>\n<p>Semelle interm\u00e9diaire : Air<\/p>\n<p>Couleur : Gris<\/p>\n<p>Designer : Don C<\/p>\n<p>Saison : Hiver<\/p>\n<p>Ann\u00e9e de sortie : 2018<\/p>\n<p>\u00c2ge : Adulte<\/p>\n<p>Couleur : Noir\/Blanc\/Gris<\/p>\n<p>Genre : Homme<\/p>\n","protected":false},"excerpt":{"rendered":"<p>D\u00e9couvrez la Air Jordan Legacy 312 Desert Camo, un mod\u00e8le embl\u00e9matique de la collection Jordan. Avec son coloris camouflage d\u00e9sert marron unique et son design innovant, cette chaussure allie style et performance pour une exp\u00e9rience sneaker ultime. Am\u00e9liorez votre jeu sur et en dehors du terrain avec cette pi\u00e8ce incontournable de votre collection Jordan. Coloris [&hellip;]<\/p>\n","protected":false},"featured_media":772230,"comment_status":"open","ping_status":"closed","template":"","meta":[],"product_brand":[],"product_cat":[38880],"product_tag":[10750,38841,10776,10777,10756],"class_list":{"0":"post-772229","1":"product","2":"type-product","3":"status-publish","4":"has-post-thumbnail","6":"product_cat-jordan","7":"product_tag-athleisure-shoes","8":"product_tag-casual-shoes","9":"product_tag-jordan","10":"product_tag-lifestyle-shoes-basketball-inspired","11":"product_tag-retro-casual-shoes","13":"first","14":"instock","15":"taxable","16":"shipping-taxable","17":"purchasable","18":"product-type-simple"},"wcpa_form_fields":null,"yoast_head":"<!-- This site is optimized with the Yoast SEO plugin v26.5 - https:\/\/yoast.com\/wordpress\/plugins\/seo\/ -->\n<title>Air Jordan Legacy 312 Desert Camo AV3922-126 - TOURCRUISER PTE. LTD<\/title>\n<meta name=\"robots\" content=\"index, follow, max-snippet:-1, max-image-preview:large, max-video-preview:-1\" \/>\n<link rel=\"canonical\" href=\"https:\/\/tourcruiser.com\/fr\/products\/air-jordan-legacy-312-desert-camo-av3922-126\/\" \/>\n<meta property=\"og:locale\" content=\"fr_FR\" \/>\n<meta property=\"og:type\" content=\"article\" \/>\n<meta property=\"og:title\" content=\"Air Jordan Legacy 312 Desert Camo AV3922-126 - TOURCRUISER PTE. LTD\" \/>\n<meta property=\"og:description\" content=\"D\u00e9couvrez la Air Jordan Legacy 312 Desert Camo, un mod\u00e8le embl\u00e9matique de la collection Jordan. Avec son coloris camouflage d\u00e9sert marron unique et son design innovant, cette chaussure allie style et performance pour une exp\u00e9rience sneaker ultime. Am\u00e9liorez votre jeu sur et en dehors du terrain avec cette pi\u00e8ce incontournable de votre collection Jordan. Coloris [&hellip;]\" \/>\n<meta property=\"og:url\" content=\"https:\/\/tourcruiser.com\/fr\/products\/air-jordan-legacy-312-desert-camo-av3922-126\/\" \/>\n<meta property=\"og:site_name\" content=\"Tourcruiser Sneaker Store\" \/>\n<meta property=\"article:modified_time\" content=\"2026-04-17T16:05:52+00:00\" \/>\n<meta name=\"twitter:card\" content=\"summary_large_image\" \/>\n<meta name=\"twitter:image\" content=\"https:\/\/images.novelship.com\/product\/air_jordan_legacy_312_desert_camo_av3922-126_0_29493.jpeg;https:\/\/images.novelship.com\/product\/air_jordan_legacy_312_desert_camo_av3922-126_1_29494.jpeg;https:\/\/images.novelship.com\/product\/air_jordan_legacy_312_desert_camo_av3922-126_2_29494.jpeg;https:\/\/images.novelship.com\/product\/air_jordan_legacy_312_desert_camo_av3922-126_3_29494.jpeg;https:\/\/images.novelship.com\/product\/air_jordan_legacy_312_desert_camo_av3922-126_4_29494.jpeg;https:\/\/images.novelship.com\/product\/air_jordan_legacy_312_desert_camo_av3922-126_5_29495.jpeg\" \/>\n<script type=\"application\/ld+json\" class=\"yoast-schema-graph\">{\"@context\":\"https:\/\/schema.org\",\"@graph\":[{\"@type\":\"WebPage\",\"@id\":\"https:\/\/tourcruiser.com\/fr\/products\/air-jordan-legacy-312-desert-camo-av3922-126\/\",\"url\":\"https:\/\/tourcruiser.com\/fr\/products\/air-jordan-legacy-312-desert-camo-av3922-126\/\",\"name\":\"Air Jordan Legacy 312 Desert Camo AV3922-126 - TOURCRUISER PTE. LTD\",\"isPartOf\":{\"@id\":\"\/#website\"},\"primaryImageOfPage\":{\"@id\":\"https:\/\/tourcruiser.com\/fr\/products\/air-jordan-legacy-312-desert-camo-av3922-126\/#primaryimage\"},\"image\":{\"@id\":\"https:\/\/tourcruiser.com\/fr\/products\/air-jordan-legacy-312-desert-camo-av3922-126\/#primaryimage\"},\"thumbnailUrl\":\"https:\/\/images.novelship.com\/product\/air_jordan_legacy_312_desert_camo_av3922-126_0_29493.jpeg;https:\/\/images.novelship.com\/product\/air_jordan_legacy_312_desert_camo_av3922-126_1_29494.jpeg;https:\/\/images.novelship.com\/product\/air_jordan_legacy_312_desert_camo_av3922-126_2_29494.jpeg;https:\/\/images.novelship.com\/product\/air_jordan_legacy_312_desert_camo_av3922-126_3_29494.jpeg;https:\/\/images.novelship.com\/product\/air_jordan_legacy_312_desert_camo_av3922-126_4_29494.jpeg;https:\/\/images.novelship.com\/product\/air_jordan_legacy_312_desert_camo_av3922-126_5_29495.jpeg\",\"datePublished\":\"2026-04-16T10:15:15+00:00\",\"dateModified\":\"2026-04-17T16:05:52+00:00\",\"breadcrumb\":{\"@id\":\"https:\/\/tourcruiser.com\/fr\/products\/air-jordan-legacy-312-desert-camo-av3922-126\/#breadcrumb\"},\"inLanguage\":\"fr-FR\",\"potentialAction\":[{\"@type\":\"ReadAction\",\"target\":[\"https:\/\/tourcruiser.com\/fr\/products\/air-jordan-legacy-312-desert-camo-av3922-126\/\"]}]},{\"@type\":\"ImageObject\",\"inLanguage\":\"fr-FR\",\"@id\":\"https:\/\/tourcruiser.com\/fr\/products\/air-jordan-legacy-312-desert-camo-av3922-126\/#primaryimage\",\"url\":\"https:\/\/images.novelship.com\/product\/air_jordan_legacy_312_desert_camo_av3922-126_0_29493.jpeg;https:\/\/images.novelship.com\/product\/air_jordan_legacy_312_desert_camo_av3922-126_1_29494.jpeg;https:\/\/images.novelship.com\/product\/air_jordan_legacy_312_desert_camo_av3922-126_2_29494.jpeg;https:\/\/images.novelship.com\/product\/air_jordan_legacy_312_desert_camo_av3922-126_3_29494.jpeg;https:\/\/images.novelship.com\/product\/air_jordan_legacy_312_desert_camo_av3922-126_4_29494.jpeg;https:\/\/images.novelship.com\/product\/air_jordan_legacy_312_desert_camo_av3922-126_5_29495.jpeg\",\"contentUrl\":\"https:\/\/images.novelship.com\/product\/air_jordan_legacy_312_desert_camo_av3922-126_0_29493.jpeg;https:\/\/images.novelship.com\/product\/air_jordan_legacy_312_desert_camo_av3922-126_1_29494.jpeg;https:\/\/images.novelship.com\/product\/air_jordan_legacy_312_desert_camo_av3922-126_2_29494.jpeg;https:\/\/images.novelship.com\/product\/air_jordan_legacy_312_desert_camo_av3922-126_3_29494.jpeg;https:\/\/images.novelship.com\/product\/air_jordan_legacy_312_desert_camo_av3922-126_4_29494.jpeg;https:\/\/images.novelship.com\/product\/air_jordan_legacy_312_desert_camo_av3922-126_5_29495.jpeg\"},{\"@type\":\"BreadcrumbList\",\"@id\":\"https:\/\/tourcruiser.com\/fr\/products\/air-jordan-legacy-312-desert-camo-av3922-126\/#breadcrumb\",\"itemListElement\":[{\"@type\":\"ListItem\",\"position\":1,\"name\":\"Home\",\"item\":\"https:\/\/tourcruiser.com\/fr\/\"},{\"@type\":\"ListItem\",\"position\":2,\"name\":\"Shop\",\"item\":\"https:\/\/tourcruiser.com\/fr\/shop\/\"},{\"@type\":\"ListItem\",\"position\":3,\"name\":\"Air Jordan Legacy 312 Desert Camo AV3922-126\"}]},{\"@type\":\"WebSite\",\"@id\":\"\/#website\",\"url\":\"\/\",\"name\":\"Styloral Jewelry Shop\",\"description\":\"Tourcruiser Sneaker Store \u2014 L\u2019endroit o\u00f9 l\u2019univers rencontre votre singularit\u00e9.\",\"publisher\":{\"@id\":\"\/#organization\"},\"potentialAction\":[{\"@type\":\"SearchAction\",\"target\":{\"@type\":\"EntryPoint\",\"urlTemplate\":\"\/?s={search_term_string}\"},\"query-input\":{\"@type\":\"PropertyValueSpecification\",\"valueRequired\":true,\"valueName\":\"search_term_string\"}}],\"inLanguage\":\"fr-FR\"},{\"@type\":\"Organization\",\"@id\":\"\/#organization\",\"name\":\"STYLORAL PTE. LTD\",\"url\":\"\/\",\"logo\":{\"@type\":\"ImageObject\",\"inLanguage\":\"fr-FR\",\"@id\":\"\/#\/schema\/logo\/image\/\",\"url\":\"https:\/\/www.tourcruiser.com\/wp-content\/uploads\/2025\/12\/logo.png\",\"contentUrl\":\"https:\/\/www.tourcruiser.com\/wp-content\/uploads\/2025\/12\/logo.png\",\"width\":200,\"height\":65,\"caption\":\"STYLORAL PTE. LTD\"},\"image\":{\"@id\":\"\/#\/schema\/logo\/image\/\"}}]}<\/script>\n<!-- \/ Yoast SEO plugin. -->","yoast_head_json":{"title":"Air Jordan Legacy 312 Desert Camo AV3922-126 - TOURCRUISER PTE. LTD","robots":{"index":"index","follow":"follow","max-snippet":"max-snippet:-1","max-image-preview":"max-image-preview:large","max-video-preview":"max-video-preview:-1"},"canonical":"https:\/\/tourcruiser.com\/fr\/products\/air-jordan-legacy-312-desert-camo-av3922-126\/","og_locale":"fr_FR","og_type":"article","og_title":"Air Jordan Legacy 312 Desert Camo AV3922-126 - TOURCRUISER PTE. LTD","og_description":"D\u00e9couvrez la Air Jordan Legacy 312 Desert Camo, un mod\u00e8le embl\u00e9matique de la collection Jordan. Avec son coloris camouflage d\u00e9sert marron unique et son design innovant, cette chaussure allie style et performance pour une exp\u00e9rience sneaker ultime. Am\u00e9liorez votre jeu sur et en dehors du terrain avec cette pi\u00e8ce incontournable de votre collection Jordan. Coloris [&hellip;]","og_url":"https:\/\/tourcruiser.com\/fr\/products\/air-jordan-legacy-312-desert-camo-av3922-126\/","og_site_name":"Tourcruiser Sneaker Store","article_modified_time":"2026-04-17T16:05:52+00:00","twitter_card":"summary_large_image","twitter_image":"https:\/\/images.novelship.com\/product\/air_jordan_legacy_312_desert_camo_av3922-126_0_29493.jpeg;https:\/\/images.novelship.com\/product\/air_jordan_legacy_312_desert_camo_av3922-126_1_29494.jpeg;https:\/\/images.novelship.com\/product\/air_jordan_legacy_312_desert_camo_av3922-126_2_29494.jpeg;https:\/\/images.novelship.com\/product\/air_jordan_legacy_312_desert_camo_av3922-126_3_29494.jpeg;https:\/\/images.novelship.com\/product\/air_jordan_legacy_312_desert_camo_av3922-126_4_29494.jpeg;https:\/\/images.novelship.com\/product\/air_jordan_legacy_312_desert_camo_av3922-126_5_29495.jpeg","schema":{"@context":"https:\/\/schema.org","@graph":[{"@type":"WebPage","@id":"https:\/\/tourcruiser.com\/fr\/products\/air-jordan-legacy-312-desert-camo-av3922-126\/","url":"https:\/\/tourcruiser.com\/fr\/products\/air-jordan-legacy-312-desert-camo-av3922-126\/","name":"Air Jordan Legacy 312 Desert Camo AV3922-126 - TOURCRUISER PTE. LTD","isPartOf":{"@id":"\/#website"},"primaryImageOfPage":{"@id":"https:\/\/tourcruiser.com\/fr\/products\/air-jordan-legacy-312-desert-camo-av3922-126\/#primaryimage"},"image":{"@id":"https:\/\/tourcruiser.com\/fr\/products\/air-jordan-legacy-312-desert-camo-av3922-126\/#primaryimage"},"thumbnailUrl":"https:\/\/images.novelship.com\/product\/air_jordan_legacy_312_desert_camo_av3922-126_0_29493.jpeg;https:\/\/images.novelship.com\/product\/air_jordan_legacy_312_desert_camo_av3922-126_1_29494.jpeg;https:\/\/images.novelship.com\/product\/air_jordan_legacy_312_desert_camo_av3922-126_2_29494.jpeg;https:\/\/images.novelship.com\/product\/air_jordan_legacy_312_desert_camo_av3922-126_3_29494.jpeg;https:\/\/images.novelship.com\/product\/air_jordan_legacy_312_desert_camo_av3922-126_4_29494.jpeg;https:\/\/images.novelship.com\/product\/air_jordan_legacy_312_desert_camo_av3922-126_5_29495.jpeg","datePublished":"2026-04-16T10:15:15+00:00","dateModified":"2026-04-17T16:05:52+00:00","breadcrumb":{"@id":"https:\/\/tourcruiser.com\/fr\/products\/air-jordan-legacy-312-desert-camo-av3922-126\/#breadcrumb"},"inLanguage":"fr-FR","potentialAction":[{"@type":"ReadAction","target":["https:\/\/tourcruiser.com\/fr\/products\/air-jordan-legacy-312-desert-camo-av3922-126\/"]}]},{"@type":"ImageObject","inLanguage":"fr-FR","@id":"https:\/\/tourcruiser.com\/fr\/products\/air-jordan-legacy-312-desert-camo-av3922-126\/#primaryimage","url":"https:\/\/images.novelship.com\/product\/air_jordan_legacy_312_desert_camo_av3922-126_0_29493.jpeg;https:\/\/images.novelship.com\/product\/air_jordan_legacy_312_desert_camo_av3922-126_1_29494.jpeg;https:\/\/images.novelship.com\/product\/air_jordan_legacy_312_desert_camo_av3922-126_2_29494.jpeg;https:\/\/images.novelship.com\/product\/air_jordan_legacy_312_desert_camo_av3922-126_3_29494.jpeg;https:\/\/images.novelship.com\/product\/air_jordan_legacy_312_desert_camo_av3922-126_4_29494.jpeg;https:\/\/images.novelship.com\/product\/air_jordan_legacy_312_desert_camo_av3922-126_5_29495.jpeg","contentUrl":"https:\/\/images.novelship.com\/product\/air_jordan_legacy_312_desert_camo_av3922-126_0_29493.jpeg;https:\/\/images.novelship.com\/product\/air_jordan_legacy_312_desert_camo_av3922-126_1_29494.jpeg;https:\/\/images.novelship.com\/product\/air_jordan_legacy_312_desert_camo_av3922-126_2_29494.jpeg;https:\/\/images.novelship.com\/product\/air_jordan_legacy_312_desert_camo_av3922-126_3_29494.jpeg;https:\/\/images.novelship.com\/product\/air_jordan_legacy_312_desert_camo_av3922-126_4_29494.jpeg;https:\/\/images.novelship.com\/product\/air_jordan_legacy_312_desert_camo_av3922-126_5_29495.jpeg"},{"@type":"BreadcrumbList","@id":"https:\/\/tourcruiser.com\/fr\/products\/air-jordan-legacy-312-desert-camo-av3922-126\/#breadcrumb","itemListElement":[{"@type":"ListItem","position":1,"name":"Home","item":"https:\/\/tourcruiser.com\/fr\/"},{"@type":"ListItem","position":2,"name":"Shop","item":"https:\/\/tourcruiser.com\/fr\/shop\/"},{"@type":"ListItem","position":3,"name":"Air Jordan Legacy 312 Desert Camo AV3922-126"}]},{"@type":"WebSite","@id":"\/#website","url":"\/","name":"Styloral Jewelry Shop","description":"Tourcruiser Sneaker Store \u2014 L\u2019endroit o\u00f9 l\u2019univers rencontre votre singularit\u00e9.","publisher":{"@id":"\/#organization"},"potentialAction":[{"@type":"SearchAction","target":{"@type":"EntryPoint","urlTemplate":"\/?s={search_term_string}"},"query-input":{"@type":"PropertyValueSpecification","valueRequired":true,"valueName":"search_term_string"}}],"inLanguage":"fr-FR"},{"@type":"Organization","@id":"\/#organization","name":"STYLORAL PTE. LTD","url":"\/","logo":{"@type":"ImageObject","inLanguage":"fr-FR","@id":"\/#\/schema\/logo\/image\/","url":"https:\/\/www.tourcruiser.com\/wp-content\/uploads\/2025\/12\/logo.png","contentUrl":"https:\/\/www.tourcruiser.com\/wp-content\/uploads\/2025\/12\/logo.png","width":200,"height":65,"caption":"STYLORAL PTE. LTD"},"image":{"@id":"\/#\/schema\/logo\/image\/"}}]}},"_links":{"self":[{"href":"https:\/\/tourcruiser.com\/fr\/wp-json\/wp\/v2\/product\/772229","targetHints":{"allow":["GET"]}}],"collection":[{"href":"https:\/\/tourcruiser.com\/fr\/wp-json\/wp\/v2\/product"}],"about":[{"href":"https:\/\/tourcruiser.com\/fr\/wp-json\/wp\/v2\/types\/product"}],"replies":[{"embeddable":true,"href":"https:\/\/tourcruiser.com\/fr\/wp-json\/wp\/v2\/comments?post=772229"}],"wp:featuredmedia":[{"embeddable":true,"href":"https:\/\/tourcruiser.com\/fr\/wp-json\/wp\/v2\/media\/772230"}],"wp:attachment":[{"href":"https:\/\/tourcruiser.com\/fr\/wp-json\/wp\/v2\/media?parent=772229"}],"wp:term":[{"taxonomy":"product_brand","embeddable":true,"href":"https:\/\/tourcruiser.com\/fr\/wp-json\/wp\/v2\/product_brand?post=772229"},{"taxonomy":"product_cat","embeddable":true,"href":"https:\/\/tourcruiser.com\/fr\/wp-json\/wp\/v2\/product_cat?post=772229"},{"taxonomy":"product_tag","embeddable":true,"href":"https:\/\/tourcruiser.com\/fr\/wp-json\/wp\/v2\/product_tag?post=772229"}],"curies":[{"name":"wp","href":"https:\/\/api.w.org\/{rel}","templated":true}]}}