{"id":772179,"date":"2026-04-16T17:15:13","date_gmt":"2026-04-16T10:15:13","guid":{"rendered":"http:\/\/tourcruiser.com\/product\/nike-air-force-1-07-lv8-mesh-pocketwhite-black-dh7567-100"},"modified":"2026-04-17T23:05:49","modified_gmt":"2026-04-17T16:05:49","slug":"nike-air-force-1-07-lv8-mesh-pocketwhite-black-dh7567-100","status":"publish","type":"product","link":"https:\/\/tourcruiser.com\/fr\/products\/nike-air-force-1-07-lv8-mesh-pocketwhite-black-dh7567-100\/","title":{"rendered":"Nike Air Force 1 &rsquo;07 LV8 &lsquo;Mesh Pocket &#8211; White Black&rsquo; DH7567-100"},"content":{"rendered":"<p>Rehaussez votre style avec la Nike Air Force 1 &rsquo;07 LV8 \u00ab Mesh Pocket \u00bb. Cette sneaker iconique allie style classique et d\u00e9tails modernes. Son empeigne en cuir blanc \u00e9clatant est rehauss\u00e9e d&rsquo;une poche en mesh respirant au talon. La semelle ext\u00e9rieure en caoutchouc r\u00e9sistant, dot\u00e9e du l\u00e9gendaire amorti Air, offre un confort et un maintien optimaux tout au long de la journ\u00e9e. Les Swoosh noirs et les d\u00e9tails de la marque ajoutent une touche d&rsquo;\u00e9l\u00e9gance sportive. Parfaites pour le terrain comme au quotidien, ces chaussures vous garantissent un look et un confort exceptionnels.<\/p>\n<p>Coloris : Blanc\/Noir<\/p>\n<p>R\u00e9f\u00e9rence : DH7567-100<\/p>\n<p>Empeigne : Cuir<\/p>\n<p>Semelle interm\u00e9diaire : Air<\/p>\n<p>Couleur : Blanc<\/p>\n<p>Cr\u00e9ateur : Bruce Kilgore<\/p>\n<p>Saison : Toute l&rsquo;ann\u00e9e<\/p>\n<p>\u00c2ge : Adulte<\/p>\n<p>Couleur : Voile\/Blanc\/Or m\u00e9tallis\u00e9\/Malachite<\/p>\n<p>Genre : Homme<\/p>\n","protected":false},"excerpt":{"rendered":"<p>Rehaussez votre style avec la Nike Air Force 1 &rsquo;07 LV8 \u00ab Mesh Pocket \u00bb. Cette sneaker iconique allie style classique et d\u00e9tails modernes. Son empeigne en cuir blanc \u00e9clatant est rehauss\u00e9e d&rsquo;une poche en mesh respirant au talon. La semelle ext\u00e9rieure en caoutchouc r\u00e9sistant, dot\u00e9e du l\u00e9gendaire amorti Air, offre un confort et un [&hellip;]<\/p>\n","protected":false},"featured_media":772180,"comment_status":"open","ping_status":"closed","template":"","meta":[],"product_brand":[],"product_cat":[10803],"product_tag":[10800,38839,38861,38841,38842,38886,10801,38887,38846],"class_list":{"0":"post-772179","1":"product","2":"type-product","3":"status-publish","4":"has-post-thumbnail","6":"product_cat-nike","7":"product_tag-basketball-shoes","8":"product_tag-basketball-shoes-with-ankle-support","9":"product_tag-below-retail-price","10":"product_tag-casual-shoes","11":"product_tag-gift-idea-for-him","12":"product_tag-lifestyle-shoes-inspired-by-basketball","13":"product_tag-nike","14":"product_tag-nike-skateboard-shoes","15":"product_tag-performance-sports-shoes","16":"wcpa_has_options","18":"first","19":"instock","20":"taxable","21":"shipping-taxable","22":"purchasable","23":"product-type-simple"},"wcpa_form_fields":{"rules":{"pric_overide_base_price":false,"pric_overide_base_price_if_gt_zero":false,"pric_overide_base_price_fully":false,"pric_cal_option_once":false,"pric_use_as_fee":false,"bind_quantity":false,"quantity_bind_formula":false},"fields":[{"type":"color-group","required":true,"elementId":"wcpa-color-group-66c4a75505e74","label":"Taille","inline":true,"priceOptions":"different_for_all","pricingType":"fixed","className":"hassizechart product-shoes-size-eu product-shoes-size","name":"color-group-66c4a75505e89","disp_type":"square","selection_type":"tick-border","disp_size":"44","show_label_inside":true,"adjust_width":true,"cart_display_type":"text","other_text":"Other","cl_rule":"show","col":6,"values":[{"label":"35.5","value":"EU 35.5","price":"","pimage":"","pimage_id":"","pthumb":"","color":""},{"label":"36","value":"EU 36","price":"","pimage":"","pimage_id":"","pthumb":"","color":"","selected":true},{"label":"36.5","value":"EU 36.5","price":"","pimage":"","pimage_id":"","pthumb":"","color":""},{"label":"37.5","value":"EU 37.5","price":"","pimage":"","pimage_id":"","pthumb":"","color":""},{"label":"38","value":"EU 38","price":"","pimage":"","pimage_id":"","pthumb":"","color":""},{"label":"38.5","value":"EU 38.5","price":"","pimage":"","pimage_id":"","pthumb":"","color":""},{"label":"39","value":"EU 39","price":"","pimage":"","pimage_id":"","pthumb":"","color":""},{"label":"40","value":"EU 40","price":"","pimage":"","pimage_id":"","pthumb":"","color":""},{"label":"40.5","value":"EU 40.5","price":"","pimage":"","pimage_id":"","pthumb":"","color":""},{"label":"41","value":"EU 41","price":"","pimage":"","pimage_id":"","pthumb":"","color":""},{"label":"42","value":"EU 42","price":"","pimage":"","pimage_id":"","pthumb":"","color":""},{"label":"42.5","value":"EU 42.5","price":"","pimage":"","pimage_id":"","pthumb":"","color":""},{"label":"43","value":"EU 43","price":"","pimage":"","pimage_id":"","pthumb":"","color":""},{"label":"44","value":"EU 44","price":"","pimage":"","pimage_id":"","pthumb":"","color":""},{"label":"44.5","value":"EU 44.5","price":"","pimage":"","pimage_id":"","pthumb":"","color":""},{"label":"45","value":"EU 45","price":"","pimage":"","pimage_id":"","pthumb":"","color":""},{"label":"45.5","value":"EU 45.5","price":"","pimage":"","pimage_id":"","pthumb":"","color":""},{"label":"46","value":"EU 46","price":"","pimage":"","pimage_id":"","pthumb":"","color":""},{"label":"47","value":"EU 47","price":"","pimage":"","pimage_id":"","pthumb":"","color":""},{"label":"47.5","value":"EU 47.5","price":"","pimage":"","pimage_id":"","pthumb":"","color":""},{"label":"48","value":"EU 48","price":"","pimage":"","pimage_id":"","pthumb":"","color":""}],"relations":[{"operator":false,"rules":[]}],"form_id":18106,"form_rules":{"pric_cal_option_once":false,"exclude_from_discount":false,"pric_use_as_fee":false,"fee_label":"Fee","render_after_acb":false,"disp_hide_options_price":false}}]},"yoast_head":"<!-- This site is optimized with the Yoast SEO plugin v26.5 - https:\/\/yoast.com\/wordpress\/plugins\/seo\/ -->\n<title>Nike Air Force 1 &#039;07 LV8 &#039;Mesh Pocket - White Black&#039; DH7567-100 - TOURCRUISER PTE. LTD<\/title>\n<meta name=\"robots\" content=\"index, follow, max-snippet:-1, max-image-preview:large, max-video-preview:-1\" \/>\n<link rel=\"canonical\" href=\"https:\/\/tourcruiser.com\/fr\/products\/nike-air-force-1-07-lv8-mesh-pocketwhite-black-dh7567-100\/\" \/>\n<meta property=\"og:locale\" content=\"fr_FR\" \/>\n<meta property=\"og:type\" content=\"article\" \/>\n<meta property=\"og:title\" content=\"Nike Air Force 1 &#039;07 LV8 &#039;Mesh Pocket - White Black&#039; DH7567-100 - TOURCRUISER PTE. LTD\" \/>\n<meta property=\"og:description\" content=\"Rehaussez votre style avec la Nike Air Force 1 &rsquo;07 LV8 \u00ab Mesh Pocket \u00bb. Cette sneaker iconique allie style classique et d\u00e9tails modernes. Son empeigne en cuir blanc \u00e9clatant est rehauss\u00e9e d&rsquo;une poche en mesh respirant au talon. La semelle ext\u00e9rieure en caoutchouc r\u00e9sistant, dot\u00e9e du l\u00e9gendaire amorti Air, offre un confort et un [&hellip;]\" \/>\n<meta property=\"og:url\" content=\"https:\/\/tourcruiser.com\/fr\/products\/nike-air-force-1-07-lv8-mesh-pocketwhite-black-dh7567-100\/\" \/>\n<meta property=\"og:site_name\" content=\"Tourcruiser Sneaker Store\" \/>\n<meta property=\"article:modified_time\" content=\"2026-04-17T16:05:49+00:00\" \/>\n<meta name=\"twitter:card\" content=\"summary_large_image\" \/>\n<meta name=\"twitter:image\" content=\"https:\/\/images.novelship.com\/product\/nike_air_force_1__07_lv8__mesh_pocket_-_white_blac_0_16950.jpeg;https:\/\/images.novelship.com\/product\/nike_air_force_1__07_lv8__mesh_pocket_-_white_blac_1_16951.jpeg;https:\/\/images.novelship.com\/product\/nike_air_force_1__07_lv8__mesh_pocket_-_white_blac_2_16951.jpeg;https:\/\/images.novelship.com\/product\/nike_air_force_1__07_lv8__mesh_pocket_-_white_blac_3_16951.jpeg;https:\/\/images.novelship.com\/product\/nike_air_force_1__07_lv8__mesh_pocket_-_white_blac_4_16951.jpeg;https:\/\/images.novelship.com\/product\/nike_air_force_1__07_lv8__mesh_pocket_-_white_blac_5_16951.jpeg\" \/>\n<meta name=\"twitter:label1\" content=\"Dur\u00e9e de lecture estim\u00e9e\" \/>\n\t<meta name=\"twitter:data1\" content=\"1 minute\" \/>\n<script type=\"application\/ld+json\" class=\"yoast-schema-graph\">{\"@context\":\"https:\/\/schema.org\",\"@graph\":[{\"@type\":\"WebPage\",\"@id\":\"https:\/\/tourcruiser.com\/fr\/products\/nike-air-force-1-07-lv8-mesh-pocketwhite-black-dh7567-100\/\",\"url\":\"https:\/\/tourcruiser.com\/fr\/products\/nike-air-force-1-07-lv8-mesh-pocketwhite-black-dh7567-100\/\",\"name\":\"Nike Air Force 1 '07 LV8 'Mesh Pocket - White Black' DH7567-100 - TOURCRUISER PTE. LTD\",\"isPartOf\":{\"@id\":\"\/#website\"},\"primaryImageOfPage\":{\"@id\":\"https:\/\/tourcruiser.com\/fr\/products\/nike-air-force-1-07-lv8-mesh-pocketwhite-black-dh7567-100\/#primaryimage\"},\"image\":{\"@id\":\"https:\/\/tourcruiser.com\/fr\/products\/nike-air-force-1-07-lv8-mesh-pocketwhite-black-dh7567-100\/#primaryimage\"},\"thumbnailUrl\":\"https:\/\/images.novelship.com\/product\/nike_air_force_1__07_lv8__mesh_pocket_-_white_blac_0_16950.jpeg;https:\/\/images.novelship.com\/product\/nike_air_force_1__07_lv8__mesh_pocket_-_white_blac_1_16951.jpeg;https:\/\/images.novelship.com\/product\/nike_air_force_1__07_lv8__mesh_pocket_-_white_blac_2_16951.jpeg;https:\/\/images.novelship.com\/product\/nike_air_force_1__07_lv8__mesh_pocket_-_white_blac_3_16951.jpeg;https:\/\/images.novelship.com\/product\/nike_air_force_1__07_lv8__mesh_pocket_-_white_blac_4_16951.jpeg;https:\/\/images.novelship.com\/product\/nike_air_force_1__07_lv8__mesh_pocket_-_white_blac_5_16951.jpeg\",\"datePublished\":\"2026-04-16T10:15:13+00:00\",\"dateModified\":\"2026-04-17T16:05:49+00:00\",\"breadcrumb\":{\"@id\":\"https:\/\/tourcruiser.com\/fr\/products\/nike-air-force-1-07-lv8-mesh-pocketwhite-black-dh7567-100\/#breadcrumb\"},\"inLanguage\":\"fr-FR\",\"potentialAction\":[{\"@type\":\"ReadAction\",\"target\":[\"https:\/\/tourcruiser.com\/fr\/products\/nike-air-force-1-07-lv8-mesh-pocketwhite-black-dh7567-100\/\"]}]},{\"@type\":\"ImageObject\",\"inLanguage\":\"fr-FR\",\"@id\":\"https:\/\/tourcruiser.com\/fr\/products\/nike-air-force-1-07-lv8-mesh-pocketwhite-black-dh7567-100\/#primaryimage\",\"url\":\"https:\/\/images.novelship.com\/product\/nike_air_force_1__07_lv8__mesh_pocket_-_white_blac_0_16950.jpeg;https:\/\/images.novelship.com\/product\/nike_air_force_1__07_lv8__mesh_pocket_-_white_blac_1_16951.jpeg;https:\/\/images.novelship.com\/product\/nike_air_force_1__07_lv8__mesh_pocket_-_white_blac_2_16951.jpeg;https:\/\/images.novelship.com\/product\/nike_air_force_1__07_lv8__mesh_pocket_-_white_blac_3_16951.jpeg;https:\/\/images.novelship.com\/product\/nike_air_force_1__07_lv8__mesh_pocket_-_white_blac_4_16951.jpeg;https:\/\/images.novelship.com\/product\/nike_air_force_1__07_lv8__mesh_pocket_-_white_blac_5_16951.jpeg\",\"contentUrl\":\"https:\/\/images.novelship.com\/product\/nike_air_force_1__07_lv8__mesh_pocket_-_white_blac_0_16950.jpeg;https:\/\/images.novelship.com\/product\/nike_air_force_1__07_lv8__mesh_pocket_-_white_blac_1_16951.jpeg;https:\/\/images.novelship.com\/product\/nike_air_force_1__07_lv8__mesh_pocket_-_white_blac_2_16951.jpeg;https:\/\/images.novelship.com\/product\/nike_air_force_1__07_lv8__mesh_pocket_-_white_blac_3_16951.jpeg;https:\/\/images.novelship.com\/product\/nike_air_force_1__07_lv8__mesh_pocket_-_white_blac_4_16951.jpeg;https:\/\/images.novelship.com\/product\/nike_air_force_1__07_lv8__mesh_pocket_-_white_blac_5_16951.jpeg\"},{\"@type\":\"BreadcrumbList\",\"@id\":\"https:\/\/tourcruiser.com\/fr\/products\/nike-air-force-1-07-lv8-mesh-pocketwhite-black-dh7567-100\/#breadcrumb\",\"itemListElement\":[{\"@type\":\"ListItem\",\"position\":1,\"name\":\"Home\",\"item\":\"https:\/\/tourcruiser.com\/fr\/\"},{\"@type\":\"ListItem\",\"position\":2,\"name\":\"Shop\",\"item\":\"https:\/\/tourcruiser.com\/fr\/shop\/\"},{\"@type\":\"ListItem\",\"position\":3,\"name\":\"Nike Air Force 1 &#8217;07 LV8 &#8216;Mesh Pocket &#8211; White Black&#8217; DH7567-100\"}]},{\"@type\":\"WebSite\",\"@id\":\"\/#website\",\"url\":\"\/\",\"name\":\"Styloral Jewelry Shop\",\"description\":\"Tourcruiser Sneaker Store \u2014 L\u2019endroit o\u00f9 l\u2019univers rencontre votre singularit\u00e9.\",\"publisher\":{\"@id\":\"\/#organization\"},\"potentialAction\":[{\"@type\":\"SearchAction\",\"target\":{\"@type\":\"EntryPoint\",\"urlTemplate\":\"\/?s={search_term_string}\"},\"query-input\":{\"@type\":\"PropertyValueSpecification\",\"valueRequired\":true,\"valueName\":\"search_term_string\"}}],\"inLanguage\":\"fr-FR\"},{\"@type\":\"Organization\",\"@id\":\"\/#organization\",\"name\":\"STYLORAL PTE. LTD\",\"url\":\"\/\",\"logo\":{\"@type\":\"ImageObject\",\"inLanguage\":\"fr-FR\",\"@id\":\"\/#\/schema\/logo\/image\/\",\"url\":\"https:\/\/www.tourcruiser.com\/wp-content\/uploads\/2025\/12\/logo.png\",\"contentUrl\":\"https:\/\/www.tourcruiser.com\/wp-content\/uploads\/2025\/12\/logo.png\",\"width\":200,\"height\":65,\"caption\":\"STYLORAL PTE. LTD\"},\"image\":{\"@id\":\"\/#\/schema\/logo\/image\/\"}}]}<\/script>\n<!-- \/ Yoast SEO plugin. -->","yoast_head_json":{"title":"Nike Air Force 1 '07 LV8 'Mesh Pocket - White Black' DH7567-100 - TOURCRUISER PTE. LTD","robots":{"index":"index","follow":"follow","max-snippet":"max-snippet:-1","max-image-preview":"max-image-preview:large","max-video-preview":"max-video-preview:-1"},"canonical":"https:\/\/tourcruiser.com\/fr\/products\/nike-air-force-1-07-lv8-mesh-pocketwhite-black-dh7567-100\/","og_locale":"fr_FR","og_type":"article","og_title":"Nike Air Force 1 '07 LV8 'Mesh Pocket - White Black' DH7567-100 - TOURCRUISER PTE. LTD","og_description":"Rehaussez votre style avec la Nike Air Force 1 &rsquo;07 LV8 \u00ab Mesh Pocket \u00bb. Cette sneaker iconique allie style classique et d\u00e9tails modernes. Son empeigne en cuir blanc \u00e9clatant est rehauss\u00e9e d&rsquo;une poche en mesh respirant au talon. La semelle ext\u00e9rieure en caoutchouc r\u00e9sistant, dot\u00e9e du l\u00e9gendaire amorti Air, offre un confort et un [&hellip;]","og_url":"https:\/\/tourcruiser.com\/fr\/products\/nike-air-force-1-07-lv8-mesh-pocketwhite-black-dh7567-100\/","og_site_name":"Tourcruiser Sneaker Store","article_modified_time":"2026-04-17T16:05:49+00:00","twitter_card":"summary_large_image","twitter_image":"https:\/\/images.novelship.com\/product\/nike_air_force_1__07_lv8__mesh_pocket_-_white_blac_0_16950.jpeg;https:\/\/images.novelship.com\/product\/nike_air_force_1__07_lv8__mesh_pocket_-_white_blac_1_16951.jpeg;https:\/\/images.novelship.com\/product\/nike_air_force_1__07_lv8__mesh_pocket_-_white_blac_2_16951.jpeg;https:\/\/images.novelship.com\/product\/nike_air_force_1__07_lv8__mesh_pocket_-_white_blac_3_16951.jpeg;https:\/\/images.novelship.com\/product\/nike_air_force_1__07_lv8__mesh_pocket_-_white_blac_4_16951.jpeg;https:\/\/images.novelship.com\/product\/nike_air_force_1__07_lv8__mesh_pocket_-_white_blac_5_16951.jpeg","twitter_misc":{"Dur\u00e9e de lecture estim\u00e9e":"1 minute"},"schema":{"@context":"https:\/\/schema.org","@graph":[{"@type":"WebPage","@id":"https:\/\/tourcruiser.com\/fr\/products\/nike-air-force-1-07-lv8-mesh-pocketwhite-black-dh7567-100\/","url":"https:\/\/tourcruiser.com\/fr\/products\/nike-air-force-1-07-lv8-mesh-pocketwhite-black-dh7567-100\/","name":"Nike Air Force 1 '07 LV8 'Mesh Pocket - White Black' DH7567-100 - TOURCRUISER PTE. LTD","isPartOf":{"@id":"\/#website"},"primaryImageOfPage":{"@id":"https:\/\/tourcruiser.com\/fr\/products\/nike-air-force-1-07-lv8-mesh-pocketwhite-black-dh7567-100\/#primaryimage"},"image":{"@id":"https:\/\/tourcruiser.com\/fr\/products\/nike-air-force-1-07-lv8-mesh-pocketwhite-black-dh7567-100\/#primaryimage"},"thumbnailUrl":"https:\/\/images.novelship.com\/product\/nike_air_force_1__07_lv8__mesh_pocket_-_white_blac_0_16950.jpeg;https:\/\/images.novelship.com\/product\/nike_air_force_1__07_lv8__mesh_pocket_-_white_blac_1_16951.jpeg;https:\/\/images.novelship.com\/product\/nike_air_force_1__07_lv8__mesh_pocket_-_white_blac_2_16951.jpeg;https:\/\/images.novelship.com\/product\/nike_air_force_1__07_lv8__mesh_pocket_-_white_blac_3_16951.jpeg;https:\/\/images.novelship.com\/product\/nike_air_force_1__07_lv8__mesh_pocket_-_white_blac_4_16951.jpeg;https:\/\/images.novelship.com\/product\/nike_air_force_1__07_lv8__mesh_pocket_-_white_blac_5_16951.jpeg","datePublished":"2026-04-16T10:15:13+00:00","dateModified":"2026-04-17T16:05:49+00:00","breadcrumb":{"@id":"https:\/\/tourcruiser.com\/fr\/products\/nike-air-force-1-07-lv8-mesh-pocketwhite-black-dh7567-100\/#breadcrumb"},"inLanguage":"fr-FR","potentialAction":[{"@type":"ReadAction","target":["https:\/\/tourcruiser.com\/fr\/products\/nike-air-force-1-07-lv8-mesh-pocketwhite-black-dh7567-100\/"]}]},{"@type":"ImageObject","inLanguage":"fr-FR","@id":"https:\/\/tourcruiser.com\/fr\/products\/nike-air-force-1-07-lv8-mesh-pocketwhite-black-dh7567-100\/#primaryimage","url":"https:\/\/images.novelship.com\/product\/nike_air_force_1__07_lv8__mesh_pocket_-_white_blac_0_16950.jpeg;https:\/\/images.novelship.com\/product\/nike_air_force_1__07_lv8__mesh_pocket_-_white_blac_1_16951.jpeg;https:\/\/images.novelship.com\/product\/nike_air_force_1__07_lv8__mesh_pocket_-_white_blac_2_16951.jpeg;https:\/\/images.novelship.com\/product\/nike_air_force_1__07_lv8__mesh_pocket_-_white_blac_3_16951.jpeg;https:\/\/images.novelship.com\/product\/nike_air_force_1__07_lv8__mesh_pocket_-_white_blac_4_16951.jpeg;https:\/\/images.novelship.com\/product\/nike_air_force_1__07_lv8__mesh_pocket_-_white_blac_5_16951.jpeg","contentUrl":"https:\/\/images.novelship.com\/product\/nike_air_force_1__07_lv8__mesh_pocket_-_white_blac_0_16950.jpeg;https:\/\/images.novelship.com\/product\/nike_air_force_1__07_lv8__mesh_pocket_-_white_blac_1_16951.jpeg;https:\/\/images.novelship.com\/product\/nike_air_force_1__07_lv8__mesh_pocket_-_white_blac_2_16951.jpeg;https:\/\/images.novelship.com\/product\/nike_air_force_1__07_lv8__mesh_pocket_-_white_blac_3_16951.jpeg;https:\/\/images.novelship.com\/product\/nike_air_force_1__07_lv8__mesh_pocket_-_white_blac_4_16951.jpeg;https:\/\/images.novelship.com\/product\/nike_air_force_1__07_lv8__mesh_pocket_-_white_blac_5_16951.jpeg"},{"@type":"BreadcrumbList","@id":"https:\/\/tourcruiser.com\/fr\/products\/nike-air-force-1-07-lv8-mesh-pocketwhite-black-dh7567-100\/#breadcrumb","itemListElement":[{"@type":"ListItem","position":1,"name":"Home","item":"https:\/\/tourcruiser.com\/fr\/"},{"@type":"ListItem","position":2,"name":"Shop","item":"https:\/\/tourcruiser.com\/fr\/shop\/"},{"@type":"ListItem","position":3,"name":"Nike Air Force 1 &#8217;07 LV8 &#8216;Mesh Pocket &#8211; White Black&#8217; DH7567-100"}]},{"@type":"WebSite","@id":"\/#website","url":"\/","name":"Styloral Jewelry Shop","description":"Tourcruiser Sneaker Store \u2014 L\u2019endroit o\u00f9 l\u2019univers rencontre votre singularit\u00e9.","publisher":{"@id":"\/#organization"},"potentialAction":[{"@type":"SearchAction","target":{"@type":"EntryPoint","urlTemplate":"\/?s={search_term_string}"},"query-input":{"@type":"PropertyValueSpecification","valueRequired":true,"valueName":"search_term_string"}}],"inLanguage":"fr-FR"},{"@type":"Organization","@id":"\/#organization","name":"STYLORAL PTE. LTD","url":"\/","logo":{"@type":"ImageObject","inLanguage":"fr-FR","@id":"\/#\/schema\/logo\/image\/","url":"https:\/\/www.tourcruiser.com\/wp-content\/uploads\/2025\/12\/logo.png","contentUrl":"https:\/\/www.tourcruiser.com\/wp-content\/uploads\/2025\/12\/logo.png","width":200,"height":65,"caption":"STYLORAL PTE. LTD"},"image":{"@id":"\/#\/schema\/logo\/image\/"}}]}},"_links":{"self":[{"href":"https:\/\/tourcruiser.com\/fr\/wp-json\/wp\/v2\/product\/772179","targetHints":{"allow":["GET"]}}],"collection":[{"href":"https:\/\/tourcruiser.com\/fr\/wp-json\/wp\/v2\/product"}],"about":[{"href":"https:\/\/tourcruiser.com\/fr\/wp-json\/wp\/v2\/types\/product"}],"replies":[{"embeddable":true,"href":"https:\/\/tourcruiser.com\/fr\/wp-json\/wp\/v2\/comments?post=772179"}],"wp:featuredmedia":[{"embeddable":true,"href":"https:\/\/tourcruiser.com\/fr\/wp-json\/wp\/v2\/media\/772180"}],"wp:attachment":[{"href":"https:\/\/tourcruiser.com\/fr\/wp-json\/wp\/v2\/media?parent=772179"}],"wp:term":[{"taxonomy":"product_brand","embeddable":true,"href":"https:\/\/tourcruiser.com\/fr\/wp-json\/wp\/v2\/product_brand?post=772179"},{"taxonomy":"product_cat","embeddable":true,"href":"https:\/\/tourcruiser.com\/fr\/wp-json\/wp\/v2\/product_cat?post=772179"},{"taxonomy":"product_tag","embeddable":true,"href":"https:\/\/tourcruiser.com\/fr\/wp-json\/wp\/v2\/product_tag?post=772179"}],"curies":[{"name":"wp","href":"https:\/\/api.w.org\/{rel}","templated":true}]}}