{"id":772155,"date":"2026-04-16T17:15:13","date_gmt":"2026-04-16T10:15:13","guid":{"rendered":"http:\/\/tourcruiser.com\/product\/preschool-air-jordan-1-mid-patent-black-gold-bq6932-007"},"modified":"2026-04-17T23:05:48","modified_gmt":"2026-04-17T16:05:48","slug":"preschool-air-jordan-1-mid-patent-black-gold-bq6932-007","status":"publish","type":"product","link":"https:\/\/tourcruiser.com\/fr\/products\/preschool-air-jordan-1-mid-patent-black-gold-bq6932-007\/","title":{"rendered":"(Preschool) Air Jordan 1 Mid Patent &lsquo;Black Gold&rsquo; BQ6932-007"},"content":{"rendered":"<p>D\u00e9couvrez la Air Jordan 1 Mid Patent Black Gold (PS) \u2013 une chaussure \u00e9l\u00e9gante et r\u00e9sistante pour les enfants d&rsquo;\u00e2ge pr\u00e9scolaire. Con\u00e7ue par Jordan, cette chaussure arbore une empeigne noire \u00e9pur\u00e9e rehauss\u00e9e de d\u00e9tails dor\u00e9s \u00e9clatants, apportant une touche de style \u00e0 toutes leurs tenues. Fabriqu\u00e9es en cuir verni, ces baskets offrent confort et maintien aux petits pieds. Faites confiance \u00e0 la qualit\u00e9 et au style de la marque Jordan avec la Air Jordan 1 Mid Patent Black Gold (PS).<\/p>\n<p>Coloris\u00a0: Noir\/Or m\u00e9tallis\u00e9-Blanc<\/p>\n<p>Code article\u00a0: BQ6932-007<br \/>\nEmpeigne\u00a0: Cuir<br \/>\nSemelle interm\u00e9diaire\u00a0: Air<\/p>\n<p>Couleur\u00a0: Noir<\/p>\n<p>Designer\u00a0: Peter Moore<\/p>\n<p>Saison\u00a0: Hiver<br \/>\nAnn\u00e9e de sortie\u00a0: 2019<\/p>\n<p>\u00c2ge\u00a0: Adulte<br \/>\nCouleur\u00a0: Kaki\/Beige-Gomme<br \/>\nGenre\u00a0: PS<\/p>\n","protected":false},"excerpt":{"rendered":"<p>D\u00e9couvrez la Air Jordan 1 Mid Patent Black Gold (PS) \u2013 une chaussure \u00e9l\u00e9gante et r\u00e9sistante pour les enfants d&rsquo;\u00e2ge pr\u00e9scolaire. Con\u00e7ue par Jordan, cette chaussure arbore une empeigne noire \u00e9pur\u00e9e rehauss\u00e9e de d\u00e9tails dor\u00e9s \u00e9clatants, apportant une touche de style \u00e0 toutes leurs tenues. Fabriqu\u00e9es en cuir verni, ces baskets offrent confort et maintien [&hellip;]<\/p>\n","protected":false},"featured_media":772156,"comment_status":"open","ping_status":"closed","template":"","meta":[],"product_brand":[],"product_cat":[38880],"product_tag":[10750,38841,38975,10776,10756,38902,38936],"class_list":{"0":"post-772155","1":"product","2":"type-product","3":"status-publish","4":"has-post-thumbnail","6":"product_cat-jordan","7":"product_tag-athleisure-shoes","8":"product_tag-casual-shoes","9":"product_tag-casual-shoes-basketball-inspired","10":"product_tag-jordan","11":"product_tag-retro-casual-shoes","12":"product_tag-trendy-offers","13":"product_tag-trendy-offers-under-a-150","15":"first","16":"instock","17":"taxable","18":"shipping-taxable","19":"purchasable","20":"product-type-simple"},"wcpa_form_fields":null,"yoast_head":"<!-- This site is optimized with the Yoast SEO plugin v26.5 - https:\/\/yoast.com\/wordpress\/plugins\/seo\/ -->\n<title>(Preschool) Air Jordan 1 Mid Patent &#039;Black Gold&#039; BQ6932-007 - TOURCRUISER PTE. LTD<\/title>\n<meta name=\"robots\" content=\"index, follow, max-snippet:-1, max-image-preview:large, max-video-preview:-1\" \/>\n<link rel=\"canonical\" href=\"https:\/\/tourcruiser.com\/fr\/products\/preschool-air-jordan-1-mid-patent-black-gold-bq6932-007\/\" \/>\n<meta property=\"og:locale\" content=\"fr_FR\" \/>\n<meta property=\"og:type\" content=\"article\" \/>\n<meta property=\"og:title\" content=\"(Preschool) Air Jordan 1 Mid Patent &#039;Black Gold&#039; BQ6932-007 - TOURCRUISER PTE. LTD\" \/>\n<meta property=\"og:description\" content=\"D\u00e9couvrez la Air Jordan 1 Mid Patent Black Gold (PS) \u2013 une chaussure \u00e9l\u00e9gante et r\u00e9sistante pour les enfants d&rsquo;\u00e2ge pr\u00e9scolaire. Con\u00e7ue par Jordan, cette chaussure arbore une empeigne noire \u00e9pur\u00e9e rehauss\u00e9e de d\u00e9tails dor\u00e9s \u00e9clatants, apportant une touche de style \u00e0 toutes leurs tenues. Fabriqu\u00e9es en cuir verni, ces baskets offrent confort et maintien [&hellip;]\" \/>\n<meta property=\"og:url\" content=\"https:\/\/tourcruiser.com\/fr\/products\/preschool-air-jordan-1-mid-patent-black-gold-bq6932-007\/\" \/>\n<meta property=\"og:site_name\" content=\"Tourcruiser Sneaker Store\" \/>\n<meta property=\"article:modified_time\" content=\"2026-04-17T16:05:48+00:00\" \/>\n<meta name=\"twitter:card\" content=\"summary_large_image\" \/>\n<meta name=\"twitter:image\" content=\"https:\/\/images.novelship.com\/product\/_preschool__air_jordan_1_mid_patent__black_gold__b_0_31555.jpeg;https:\/\/images.novelship.com\/product\/_preschool__air_jordan_1_mid_patent__black_gold__b_1_31555.jpeg;https:\/\/images.novelship.com\/product\/_preschool__air_jordan_1_mid_patent__black_gold__b_2_31555.jpeg;https:\/\/images.novelship.com\/product\/_preschool__air_jordan_1_mid_patent__black_gold__b_3_31555.jpeg;https:\/\/images.novelship.com\/product\/_preschool__air_jordan_1_mid_patent__black_gold__b_4_31555.jpeg\" \/>\n<meta name=\"twitter:label1\" content=\"Dur\u00e9e de lecture estim\u00e9e\" \/>\n\t<meta name=\"twitter:data1\" content=\"1 minute\" \/>\n<script type=\"application\/ld+json\" class=\"yoast-schema-graph\">{\"@context\":\"https:\/\/schema.org\",\"@graph\":[{\"@type\":\"WebPage\",\"@id\":\"https:\/\/tourcruiser.com\/fr\/products\/preschool-air-jordan-1-mid-patent-black-gold-bq6932-007\/\",\"url\":\"https:\/\/tourcruiser.com\/fr\/products\/preschool-air-jordan-1-mid-patent-black-gold-bq6932-007\/\",\"name\":\"(Preschool) Air Jordan 1 Mid Patent 'Black Gold' BQ6932-007 - TOURCRUISER PTE. LTD\",\"isPartOf\":{\"@id\":\"\/#website\"},\"primaryImageOfPage\":{\"@id\":\"https:\/\/tourcruiser.com\/fr\/products\/preschool-air-jordan-1-mid-patent-black-gold-bq6932-007\/#primaryimage\"},\"image\":{\"@id\":\"https:\/\/tourcruiser.com\/fr\/products\/preschool-air-jordan-1-mid-patent-black-gold-bq6932-007\/#primaryimage\"},\"thumbnailUrl\":\"https:\/\/images.novelship.com\/product\/_preschool__air_jordan_1_mid_patent__black_gold__b_0_31555.jpeg;https:\/\/images.novelship.com\/product\/_preschool__air_jordan_1_mid_patent__black_gold__b_1_31555.jpeg;https:\/\/images.novelship.com\/product\/_preschool__air_jordan_1_mid_patent__black_gold__b_2_31555.jpeg;https:\/\/images.novelship.com\/product\/_preschool__air_jordan_1_mid_patent__black_gold__b_3_31555.jpeg;https:\/\/images.novelship.com\/product\/_preschool__air_jordan_1_mid_patent__black_gold__b_4_31555.jpeg\",\"datePublished\":\"2026-04-16T10:15:13+00:00\",\"dateModified\":\"2026-04-17T16:05:48+00:00\",\"breadcrumb\":{\"@id\":\"https:\/\/tourcruiser.com\/fr\/products\/preschool-air-jordan-1-mid-patent-black-gold-bq6932-007\/#breadcrumb\"},\"inLanguage\":\"fr-FR\",\"potentialAction\":[{\"@type\":\"ReadAction\",\"target\":[\"https:\/\/tourcruiser.com\/fr\/products\/preschool-air-jordan-1-mid-patent-black-gold-bq6932-007\/\"]}]},{\"@type\":\"ImageObject\",\"inLanguage\":\"fr-FR\",\"@id\":\"https:\/\/tourcruiser.com\/fr\/products\/preschool-air-jordan-1-mid-patent-black-gold-bq6932-007\/#primaryimage\",\"url\":\"https:\/\/images.novelship.com\/product\/_preschool__air_jordan_1_mid_patent__black_gold__b_0_31555.jpeg;https:\/\/images.novelship.com\/product\/_preschool__air_jordan_1_mid_patent__black_gold__b_1_31555.jpeg;https:\/\/images.novelship.com\/product\/_preschool__air_jordan_1_mid_patent__black_gold__b_2_31555.jpeg;https:\/\/images.novelship.com\/product\/_preschool__air_jordan_1_mid_patent__black_gold__b_3_31555.jpeg;https:\/\/images.novelship.com\/product\/_preschool__air_jordan_1_mid_patent__black_gold__b_4_31555.jpeg\",\"contentUrl\":\"https:\/\/images.novelship.com\/product\/_preschool__air_jordan_1_mid_patent__black_gold__b_0_31555.jpeg;https:\/\/images.novelship.com\/product\/_preschool__air_jordan_1_mid_patent__black_gold__b_1_31555.jpeg;https:\/\/images.novelship.com\/product\/_preschool__air_jordan_1_mid_patent__black_gold__b_2_31555.jpeg;https:\/\/images.novelship.com\/product\/_preschool__air_jordan_1_mid_patent__black_gold__b_3_31555.jpeg;https:\/\/images.novelship.com\/product\/_preschool__air_jordan_1_mid_patent__black_gold__b_4_31555.jpeg\"},{\"@type\":\"BreadcrumbList\",\"@id\":\"https:\/\/tourcruiser.com\/fr\/products\/preschool-air-jordan-1-mid-patent-black-gold-bq6932-007\/#breadcrumb\",\"itemListElement\":[{\"@type\":\"ListItem\",\"position\":1,\"name\":\"Home\",\"item\":\"https:\/\/tourcruiser.com\/fr\/\"},{\"@type\":\"ListItem\",\"position\":2,\"name\":\"Shop\",\"item\":\"https:\/\/tourcruiser.com\/fr\/shop\/\"},{\"@type\":\"ListItem\",\"position\":3,\"name\":\"(Preschool) Air Jordan 1 Mid Patent &#8216;Black Gold&#8217; BQ6932-007\"}]},{\"@type\":\"WebSite\",\"@id\":\"\/#website\",\"url\":\"\/\",\"name\":\"Styloral Jewelry Shop\",\"description\":\"Tourcruiser Sneaker Store \u2014 L\u2019endroit o\u00f9 l\u2019univers rencontre votre singularit\u00e9.\",\"publisher\":{\"@id\":\"\/#organization\"},\"potentialAction\":[{\"@type\":\"SearchAction\",\"target\":{\"@type\":\"EntryPoint\",\"urlTemplate\":\"\/?s={search_term_string}\"},\"query-input\":{\"@type\":\"PropertyValueSpecification\",\"valueRequired\":true,\"valueName\":\"search_term_string\"}}],\"inLanguage\":\"fr-FR\"},{\"@type\":\"Organization\",\"@id\":\"\/#organization\",\"name\":\"STYLORAL PTE. LTD\",\"url\":\"\/\",\"logo\":{\"@type\":\"ImageObject\",\"inLanguage\":\"fr-FR\",\"@id\":\"\/#\/schema\/logo\/image\/\",\"url\":\"https:\/\/www.tourcruiser.com\/wp-content\/uploads\/2025\/12\/logo.png\",\"contentUrl\":\"https:\/\/www.tourcruiser.com\/wp-content\/uploads\/2025\/12\/logo.png\",\"width\":200,\"height\":65,\"caption\":\"STYLORAL PTE. LTD\"},\"image\":{\"@id\":\"\/#\/schema\/logo\/image\/\"}}]}<\/script>\n<!-- \/ Yoast SEO plugin. -->","yoast_head_json":{"title":"(Preschool) Air Jordan 1 Mid Patent 'Black Gold' BQ6932-007 - TOURCRUISER PTE. LTD","robots":{"index":"index","follow":"follow","max-snippet":"max-snippet:-1","max-image-preview":"max-image-preview:large","max-video-preview":"max-video-preview:-1"},"canonical":"https:\/\/tourcruiser.com\/fr\/products\/preschool-air-jordan-1-mid-patent-black-gold-bq6932-007\/","og_locale":"fr_FR","og_type":"article","og_title":"(Preschool) Air Jordan 1 Mid Patent 'Black Gold' BQ6932-007 - TOURCRUISER PTE. LTD","og_description":"D\u00e9couvrez la Air Jordan 1 Mid Patent Black Gold (PS) \u2013 une chaussure \u00e9l\u00e9gante et r\u00e9sistante pour les enfants d&rsquo;\u00e2ge pr\u00e9scolaire. Con\u00e7ue par Jordan, cette chaussure arbore une empeigne noire \u00e9pur\u00e9e rehauss\u00e9e de d\u00e9tails dor\u00e9s \u00e9clatants, apportant une touche de style \u00e0 toutes leurs tenues. Fabriqu\u00e9es en cuir verni, ces baskets offrent confort et maintien [&hellip;]","og_url":"https:\/\/tourcruiser.com\/fr\/products\/preschool-air-jordan-1-mid-patent-black-gold-bq6932-007\/","og_site_name":"Tourcruiser Sneaker Store","article_modified_time":"2026-04-17T16:05:48+00:00","twitter_card":"summary_large_image","twitter_image":"https:\/\/images.novelship.com\/product\/_preschool__air_jordan_1_mid_patent__black_gold__b_0_31555.jpeg;https:\/\/images.novelship.com\/product\/_preschool__air_jordan_1_mid_patent__black_gold__b_1_31555.jpeg;https:\/\/images.novelship.com\/product\/_preschool__air_jordan_1_mid_patent__black_gold__b_2_31555.jpeg;https:\/\/images.novelship.com\/product\/_preschool__air_jordan_1_mid_patent__black_gold__b_3_31555.jpeg;https:\/\/images.novelship.com\/product\/_preschool__air_jordan_1_mid_patent__black_gold__b_4_31555.jpeg","twitter_misc":{"Dur\u00e9e de lecture estim\u00e9e":"1 minute"},"schema":{"@context":"https:\/\/schema.org","@graph":[{"@type":"WebPage","@id":"https:\/\/tourcruiser.com\/fr\/products\/preschool-air-jordan-1-mid-patent-black-gold-bq6932-007\/","url":"https:\/\/tourcruiser.com\/fr\/products\/preschool-air-jordan-1-mid-patent-black-gold-bq6932-007\/","name":"(Preschool) Air Jordan 1 Mid Patent 'Black Gold' BQ6932-007 - TOURCRUISER PTE. LTD","isPartOf":{"@id":"\/#website"},"primaryImageOfPage":{"@id":"https:\/\/tourcruiser.com\/fr\/products\/preschool-air-jordan-1-mid-patent-black-gold-bq6932-007\/#primaryimage"},"image":{"@id":"https:\/\/tourcruiser.com\/fr\/products\/preschool-air-jordan-1-mid-patent-black-gold-bq6932-007\/#primaryimage"},"thumbnailUrl":"https:\/\/images.novelship.com\/product\/_preschool__air_jordan_1_mid_patent__black_gold__b_0_31555.jpeg;https:\/\/images.novelship.com\/product\/_preschool__air_jordan_1_mid_patent__black_gold__b_1_31555.jpeg;https:\/\/images.novelship.com\/product\/_preschool__air_jordan_1_mid_patent__black_gold__b_2_31555.jpeg;https:\/\/images.novelship.com\/product\/_preschool__air_jordan_1_mid_patent__black_gold__b_3_31555.jpeg;https:\/\/images.novelship.com\/product\/_preschool__air_jordan_1_mid_patent__black_gold__b_4_31555.jpeg","datePublished":"2026-04-16T10:15:13+00:00","dateModified":"2026-04-17T16:05:48+00:00","breadcrumb":{"@id":"https:\/\/tourcruiser.com\/fr\/products\/preschool-air-jordan-1-mid-patent-black-gold-bq6932-007\/#breadcrumb"},"inLanguage":"fr-FR","potentialAction":[{"@type":"ReadAction","target":["https:\/\/tourcruiser.com\/fr\/products\/preschool-air-jordan-1-mid-patent-black-gold-bq6932-007\/"]}]},{"@type":"ImageObject","inLanguage":"fr-FR","@id":"https:\/\/tourcruiser.com\/fr\/products\/preschool-air-jordan-1-mid-patent-black-gold-bq6932-007\/#primaryimage","url":"https:\/\/images.novelship.com\/product\/_preschool__air_jordan_1_mid_patent__black_gold__b_0_31555.jpeg;https:\/\/images.novelship.com\/product\/_preschool__air_jordan_1_mid_patent__black_gold__b_1_31555.jpeg;https:\/\/images.novelship.com\/product\/_preschool__air_jordan_1_mid_patent__black_gold__b_2_31555.jpeg;https:\/\/images.novelship.com\/product\/_preschool__air_jordan_1_mid_patent__black_gold__b_3_31555.jpeg;https:\/\/images.novelship.com\/product\/_preschool__air_jordan_1_mid_patent__black_gold__b_4_31555.jpeg","contentUrl":"https:\/\/images.novelship.com\/product\/_preschool__air_jordan_1_mid_patent__black_gold__b_0_31555.jpeg;https:\/\/images.novelship.com\/product\/_preschool__air_jordan_1_mid_patent__black_gold__b_1_31555.jpeg;https:\/\/images.novelship.com\/product\/_preschool__air_jordan_1_mid_patent__black_gold__b_2_31555.jpeg;https:\/\/images.novelship.com\/product\/_preschool__air_jordan_1_mid_patent__black_gold__b_3_31555.jpeg;https:\/\/images.novelship.com\/product\/_preschool__air_jordan_1_mid_patent__black_gold__b_4_31555.jpeg"},{"@type":"BreadcrumbList","@id":"https:\/\/tourcruiser.com\/fr\/products\/preschool-air-jordan-1-mid-patent-black-gold-bq6932-007\/#breadcrumb","itemListElement":[{"@type":"ListItem","position":1,"name":"Home","item":"https:\/\/tourcruiser.com\/fr\/"},{"@type":"ListItem","position":2,"name":"Shop","item":"https:\/\/tourcruiser.com\/fr\/shop\/"},{"@type":"ListItem","position":3,"name":"(Preschool) Air Jordan 1 Mid Patent &#8216;Black Gold&#8217; BQ6932-007"}]},{"@type":"WebSite","@id":"\/#website","url":"\/","name":"Styloral Jewelry Shop","description":"Tourcruiser Sneaker Store \u2014 L\u2019endroit o\u00f9 l\u2019univers rencontre votre singularit\u00e9.","publisher":{"@id":"\/#organization"},"potentialAction":[{"@type":"SearchAction","target":{"@type":"EntryPoint","urlTemplate":"\/?s={search_term_string}"},"query-input":{"@type":"PropertyValueSpecification","valueRequired":true,"valueName":"search_term_string"}}],"inLanguage":"fr-FR"},{"@type":"Organization","@id":"\/#organization","name":"STYLORAL PTE. LTD","url":"\/","logo":{"@type":"ImageObject","inLanguage":"fr-FR","@id":"\/#\/schema\/logo\/image\/","url":"https:\/\/www.tourcruiser.com\/wp-content\/uploads\/2025\/12\/logo.png","contentUrl":"https:\/\/www.tourcruiser.com\/wp-content\/uploads\/2025\/12\/logo.png","width":200,"height":65,"caption":"STYLORAL PTE. LTD"},"image":{"@id":"\/#\/schema\/logo\/image\/"}}]}},"_links":{"self":[{"href":"https:\/\/tourcruiser.com\/fr\/wp-json\/wp\/v2\/product\/772155","targetHints":{"allow":["GET"]}}],"collection":[{"href":"https:\/\/tourcruiser.com\/fr\/wp-json\/wp\/v2\/product"}],"about":[{"href":"https:\/\/tourcruiser.com\/fr\/wp-json\/wp\/v2\/types\/product"}],"replies":[{"embeddable":true,"href":"https:\/\/tourcruiser.com\/fr\/wp-json\/wp\/v2\/comments?post=772155"}],"wp:featuredmedia":[{"embeddable":true,"href":"https:\/\/tourcruiser.com\/fr\/wp-json\/wp\/v2\/media\/772156"}],"wp:attachment":[{"href":"https:\/\/tourcruiser.com\/fr\/wp-json\/wp\/v2\/media?parent=772155"}],"wp:term":[{"taxonomy":"product_brand","embeddable":true,"href":"https:\/\/tourcruiser.com\/fr\/wp-json\/wp\/v2\/product_brand?post=772155"},{"taxonomy":"product_cat","embeddable":true,"href":"https:\/\/tourcruiser.com\/fr\/wp-json\/wp\/v2\/product_cat?post=772155"},{"taxonomy":"product_tag","embeddable":true,"href":"https:\/\/tourcruiser.com\/fr\/wp-json\/wp\/v2\/product_tag?post=772155"}],"curies":[{"name":"wp","href":"https:\/\/api.w.org\/{rel}","templated":true}]}}