{"id":772092,"date":"2026-04-16T17:15:10","date_gmt":"2026-04-16T10:15:10","guid":{"rendered":"http:\/\/tourcruiser.com\/product\/grade-school-air-jordan-4-retro-where-the-wild-things-are-dh0572-264"},"modified":"2026-04-17T23:05:45","modified_gmt":"2026-04-17T16:05:45","slug":"grade-school-air-jordan-4-retro-where-the-wild-things-are-dh0572-264","status":"publish","type":"product","link":"https:\/\/tourcruiser.com\/fr\/products\/grade-school-air-jordan-4-retro-where-the-wild-things-are-dh0572-264\/","title":{"rendered":"(Grade School) Air Jordan 4 Retro &lsquo;Where The Wild Things Are&rsquo; DH0572-264"},"content":{"rendered":"<p>La Air Jordan 4 Retro Where The Wild Things Are (GS) est une sneaker tendance et styl\u00e9e de la c\u00e9l\u00e8bre marque Jordan. Con\u00e7ue avec un souci du d\u00e9tail exceptionnel, elle offre confort et durabilit\u00e9. Fabriqu\u00e9e \u00e0 partir de mat\u00e9riaux haut de gamme, elle arbore un design unique \u00ab\u00a0Where The Wild Things Are\u00a0\u00bb qui ne manquera pas d&rsquo;attirer les regards. Parfaite pour le sport et les loisirs, cette sneaker est un incontournable pour tous les passionn\u00e9s.<\/p>\n<p>Coloris\u00a0: Voile\/Rouge universitaire\/Chanvre\/Volt clair<br \/>\nCode article\u00a0: DH0572-264<br \/>\nTige\u00a0: Cuir<br \/>\nSemelle interm\u00e9diaire\u00a0: Air<br \/>\nCouleur\u00a0: Beige<br \/>\nDesigner\u00a0: Tinker Hatfield<br \/>\nSaison\u00a0: Automne<br \/>\nAnn\u00e9e de sortie\u00a0: 2021<\/p>\n<p>\u00c2ge\u00a0: Adulte<br \/>\nCouleur\u00a0: Blanc nuage\/Rose glac\u00e9\/Blanc cass\u00e9<br \/>\nGenre\u00a0: Enfant<\/p>\n","protected":false},"excerpt":{"rendered":"<p>La Air Jordan 4 Retro Where The Wild Things Are (GS) est une sneaker tendance et styl\u00e9e de la c\u00e9l\u00e8bre marque Jordan. Con\u00e7ue avec un souci du d\u00e9tail exceptionnel, elle offre confort et durabilit\u00e9. Fabriqu\u00e9e \u00e0 partir de mat\u00e9riaux haut de gamme, elle arbore un design unique \u00ab\u00a0Where The Wild Things Are\u00a0\u00bb qui ne manquera [&hellip;]<\/p>\n","protected":false},"featured_media":772093,"comment_status":"open","ping_status":"closed","template":"","meta":[],"product_brand":[],"product_cat":[38880],"product_tag":[10750,38855,38988,10776,11349,38875,10756,39039,38902,38936],"class_list":{"0":"post-772092","1":"product","2":"type-product","3":"status-publish","4":"has-post-thumbnail","6":"product_cat-jordan","7":"product_tag-athleisure-shoes","8":"product_tag-below-the-regular-retail-price","9":"product_tag-casual-shoes-for-kids","10":"product_tag-jordan","11":"product_tag-jordan-basketball-shoes","12":"product_tag-jordan-skateboard-shoes","13":"product_tag-retro-casual-shoes","14":"product_tag-sneakers-for-kids","15":"product_tag-trendy-offers","16":"product_tag-trendy-offers-under-a-150","18":"first","19":"instock","20":"taxable","21":"shipping-taxable","22":"purchasable","23":"product-type-simple"},"wcpa_form_fields":null,"yoast_head":"<!-- This site is optimized with the Yoast SEO plugin v26.5 - https:\/\/yoast.com\/wordpress\/plugins\/seo\/ -->\n<title>(Grade School) Air Jordan 4 Retro &#039;Where The Wild Things Are&#039; DH0572-264 - TOURCRUISER PTE. LTD<\/title>\n<meta name=\"robots\" content=\"index, follow, max-snippet:-1, max-image-preview:large, max-video-preview:-1\" \/>\n<link rel=\"canonical\" href=\"https:\/\/tourcruiser.com\/fr\/products\/grade-school-air-jordan-4-retro-where-the-wild-things-are-dh0572-264\/\" \/>\n<meta property=\"og:locale\" content=\"fr_FR\" \/>\n<meta property=\"og:type\" content=\"article\" \/>\n<meta property=\"og:title\" content=\"(Grade School) Air Jordan 4 Retro &#039;Where The Wild Things Are&#039; DH0572-264 - TOURCRUISER PTE. LTD\" \/>\n<meta property=\"og:description\" content=\"La Air Jordan 4 Retro Where The Wild Things Are (GS) est une sneaker tendance et styl\u00e9e de la c\u00e9l\u00e8bre marque Jordan. Con\u00e7ue avec un souci du d\u00e9tail exceptionnel, elle offre confort et durabilit\u00e9. Fabriqu\u00e9e \u00e0 partir de mat\u00e9riaux haut de gamme, elle arbore un design unique \u00ab\u00a0Where The Wild Things Are\u00a0\u00bb qui ne manquera [&hellip;]\" \/>\n<meta property=\"og:url\" content=\"https:\/\/tourcruiser.com\/fr\/products\/grade-school-air-jordan-4-retro-where-the-wild-things-are-dh0572-264\/\" \/>\n<meta property=\"og:site_name\" content=\"Tourcruiser Sneaker Store\" \/>\n<meta property=\"article:modified_time\" content=\"2026-04-17T16:05:45+00:00\" \/>\n<meta name=\"twitter:card\" content=\"summary_large_image\" \/>\n<meta name=\"twitter:image\" content=\"https:\/\/images.novelship.com\/product\/_grade_school__air_jordan_4_retro__where_the_wild__0_10834.jpeg;https:\/\/images.novelship.com\/product\/_grade_school__air_jordan_4_retro__where_the_wild__1_10834.jpeg;https:\/\/images.novelship.com\/product\/_grade_school__air_jordan_4_retro__where_the_wild__2_10834.jpeg;https:\/\/images.novelship.com\/product\/_grade_school__air_jordan_4_retro__where_the_wild__3_10834.jpeg;https:\/\/images.novelship.com\/product\/_grade_school__air_jordan_4_retro__where_the_wild__4_10834.jpeg;https:\/\/images.novelship.com\/product\/_grade_school__air_jordan_4_retro__where_the_wild__5_10834.jpeg;https:\/\/images.novelship.com\/product\/_grade_school__air_jordan_4_retro__where_the_wild__6_10834.jpeg;https:\/\/images.novelship.com\/product\/_grade_school__air_jordan_4_retro__where_the_wild__7_10834.jpeg\" \/>\n<meta name=\"twitter:label1\" content=\"Dur\u00e9e de lecture estim\u00e9e\" \/>\n\t<meta name=\"twitter:data1\" content=\"1 minute\" \/>\n<script type=\"application\/ld+json\" class=\"yoast-schema-graph\">{\"@context\":\"https:\/\/schema.org\",\"@graph\":[{\"@type\":\"WebPage\",\"@id\":\"https:\/\/tourcruiser.com\/fr\/products\/grade-school-air-jordan-4-retro-where-the-wild-things-are-dh0572-264\/\",\"url\":\"https:\/\/tourcruiser.com\/fr\/products\/grade-school-air-jordan-4-retro-where-the-wild-things-are-dh0572-264\/\",\"name\":\"(Grade School) Air Jordan 4 Retro 'Where The Wild Things Are' DH0572-264 - TOURCRUISER PTE. LTD\",\"isPartOf\":{\"@id\":\"\/#website\"},\"primaryImageOfPage\":{\"@id\":\"https:\/\/tourcruiser.com\/fr\/products\/grade-school-air-jordan-4-retro-where-the-wild-things-are-dh0572-264\/#primaryimage\"},\"image\":{\"@id\":\"https:\/\/tourcruiser.com\/fr\/products\/grade-school-air-jordan-4-retro-where-the-wild-things-are-dh0572-264\/#primaryimage\"},\"thumbnailUrl\":\"https:\/\/images.novelship.com\/product\/_grade_school__air_jordan_4_retro__where_the_wild__0_10834.jpeg;https:\/\/images.novelship.com\/product\/_grade_school__air_jordan_4_retro__where_the_wild__1_10834.jpeg;https:\/\/images.novelship.com\/product\/_grade_school__air_jordan_4_retro__where_the_wild__2_10834.jpeg;https:\/\/images.novelship.com\/product\/_grade_school__air_jordan_4_retro__where_the_wild__3_10834.jpeg;https:\/\/images.novelship.com\/product\/_grade_school__air_jordan_4_retro__where_the_wild__4_10834.jpeg;https:\/\/images.novelship.com\/product\/_grade_school__air_jordan_4_retro__where_the_wild__5_10834.jpeg;https:\/\/images.novelship.com\/product\/_grade_school__air_jordan_4_retro__where_the_wild__6_10834.jpeg;https:\/\/images.novelship.com\/product\/_grade_school__air_jordan_4_retro__where_the_wild__7_10834.jpeg\",\"datePublished\":\"2026-04-16T10:15:10+00:00\",\"dateModified\":\"2026-04-17T16:05:45+00:00\",\"breadcrumb\":{\"@id\":\"https:\/\/tourcruiser.com\/fr\/products\/grade-school-air-jordan-4-retro-where-the-wild-things-are-dh0572-264\/#breadcrumb\"},\"inLanguage\":\"fr-FR\",\"potentialAction\":[{\"@type\":\"ReadAction\",\"target\":[\"https:\/\/tourcruiser.com\/fr\/products\/grade-school-air-jordan-4-retro-where-the-wild-things-are-dh0572-264\/\"]}]},{\"@type\":\"ImageObject\",\"inLanguage\":\"fr-FR\",\"@id\":\"https:\/\/tourcruiser.com\/fr\/products\/grade-school-air-jordan-4-retro-where-the-wild-things-are-dh0572-264\/#primaryimage\",\"url\":\"https:\/\/images.novelship.com\/product\/_grade_school__air_jordan_4_retro__where_the_wild__0_10834.jpeg;https:\/\/images.novelship.com\/product\/_grade_school__air_jordan_4_retro__where_the_wild__1_10834.jpeg;https:\/\/images.novelship.com\/product\/_grade_school__air_jordan_4_retro__where_the_wild__2_10834.jpeg;https:\/\/images.novelship.com\/product\/_grade_school__air_jordan_4_retro__where_the_wild__3_10834.jpeg;https:\/\/images.novelship.com\/product\/_grade_school__air_jordan_4_retro__where_the_wild__4_10834.jpeg;https:\/\/images.novelship.com\/product\/_grade_school__air_jordan_4_retro__where_the_wild__5_10834.jpeg;https:\/\/images.novelship.com\/product\/_grade_school__air_jordan_4_retro__where_the_wild__6_10834.jpeg;https:\/\/images.novelship.com\/product\/_grade_school__air_jordan_4_retro__where_the_wild__7_10834.jpeg\",\"contentUrl\":\"https:\/\/images.novelship.com\/product\/_grade_school__air_jordan_4_retro__where_the_wild__0_10834.jpeg;https:\/\/images.novelship.com\/product\/_grade_school__air_jordan_4_retro__where_the_wild__1_10834.jpeg;https:\/\/images.novelship.com\/product\/_grade_school__air_jordan_4_retro__where_the_wild__2_10834.jpeg;https:\/\/images.novelship.com\/product\/_grade_school__air_jordan_4_retro__where_the_wild__3_10834.jpeg;https:\/\/images.novelship.com\/product\/_grade_school__air_jordan_4_retro__where_the_wild__4_10834.jpeg;https:\/\/images.novelship.com\/product\/_grade_school__air_jordan_4_retro__where_the_wild__5_10834.jpeg;https:\/\/images.novelship.com\/product\/_grade_school__air_jordan_4_retro__where_the_wild__6_10834.jpeg;https:\/\/images.novelship.com\/product\/_grade_school__air_jordan_4_retro__where_the_wild__7_10834.jpeg\"},{\"@type\":\"BreadcrumbList\",\"@id\":\"https:\/\/tourcruiser.com\/fr\/products\/grade-school-air-jordan-4-retro-where-the-wild-things-are-dh0572-264\/#breadcrumb\",\"itemListElement\":[{\"@type\":\"ListItem\",\"position\":1,\"name\":\"Home\",\"item\":\"https:\/\/tourcruiser.com\/fr\/\"},{\"@type\":\"ListItem\",\"position\":2,\"name\":\"Shop\",\"item\":\"https:\/\/tourcruiser.com\/fr\/shop\/\"},{\"@type\":\"ListItem\",\"position\":3,\"name\":\"(Grade School) Air Jordan 4 Retro &#8216;Where The Wild Things Are&#8217; DH0572-264\"}]},{\"@type\":\"WebSite\",\"@id\":\"\/#website\",\"url\":\"\/\",\"name\":\"Styloral Jewelry Shop\",\"description\":\"Tourcruiser Sneaker Store \u2014 L\u2019endroit o\u00f9 l\u2019univers rencontre votre singularit\u00e9.\",\"publisher\":{\"@id\":\"\/#organization\"},\"potentialAction\":[{\"@type\":\"SearchAction\",\"target\":{\"@type\":\"EntryPoint\",\"urlTemplate\":\"\/?s={search_term_string}\"},\"query-input\":{\"@type\":\"PropertyValueSpecification\",\"valueRequired\":true,\"valueName\":\"search_term_string\"}}],\"inLanguage\":\"fr-FR\"},{\"@type\":\"Organization\",\"@id\":\"\/#organization\",\"name\":\"STYLORAL PTE. LTD\",\"url\":\"\/\",\"logo\":{\"@type\":\"ImageObject\",\"inLanguage\":\"fr-FR\",\"@id\":\"\/#\/schema\/logo\/image\/\",\"url\":\"https:\/\/www.tourcruiser.com\/wp-content\/uploads\/2025\/12\/logo.png\",\"contentUrl\":\"https:\/\/www.tourcruiser.com\/wp-content\/uploads\/2025\/12\/logo.png\",\"width\":200,\"height\":65,\"caption\":\"STYLORAL PTE. LTD\"},\"image\":{\"@id\":\"\/#\/schema\/logo\/image\/\"}}]}<\/script>\n<!-- \/ Yoast SEO plugin. -->","yoast_head_json":{"title":"(Grade School) Air Jordan 4 Retro 'Where The Wild Things Are' DH0572-264 - TOURCRUISER PTE. LTD","robots":{"index":"index","follow":"follow","max-snippet":"max-snippet:-1","max-image-preview":"max-image-preview:large","max-video-preview":"max-video-preview:-1"},"canonical":"https:\/\/tourcruiser.com\/fr\/products\/grade-school-air-jordan-4-retro-where-the-wild-things-are-dh0572-264\/","og_locale":"fr_FR","og_type":"article","og_title":"(Grade School) Air Jordan 4 Retro 'Where The Wild Things Are' DH0572-264 - TOURCRUISER PTE. LTD","og_description":"La Air Jordan 4 Retro Where The Wild Things Are (GS) est une sneaker tendance et styl\u00e9e de la c\u00e9l\u00e8bre marque Jordan. Con\u00e7ue avec un souci du d\u00e9tail exceptionnel, elle offre confort et durabilit\u00e9. Fabriqu\u00e9e \u00e0 partir de mat\u00e9riaux haut de gamme, elle arbore un design unique \u00ab\u00a0Where The Wild Things Are\u00a0\u00bb qui ne manquera [&hellip;]","og_url":"https:\/\/tourcruiser.com\/fr\/products\/grade-school-air-jordan-4-retro-where-the-wild-things-are-dh0572-264\/","og_site_name":"Tourcruiser Sneaker Store","article_modified_time":"2026-04-17T16:05:45+00:00","twitter_card":"summary_large_image","twitter_image":"https:\/\/images.novelship.com\/product\/_grade_school__air_jordan_4_retro__where_the_wild__0_10834.jpeg;https:\/\/images.novelship.com\/product\/_grade_school__air_jordan_4_retro__where_the_wild__1_10834.jpeg;https:\/\/images.novelship.com\/product\/_grade_school__air_jordan_4_retro__where_the_wild__2_10834.jpeg;https:\/\/images.novelship.com\/product\/_grade_school__air_jordan_4_retro__where_the_wild__3_10834.jpeg;https:\/\/images.novelship.com\/product\/_grade_school__air_jordan_4_retro__where_the_wild__4_10834.jpeg;https:\/\/images.novelship.com\/product\/_grade_school__air_jordan_4_retro__where_the_wild__5_10834.jpeg;https:\/\/images.novelship.com\/product\/_grade_school__air_jordan_4_retro__where_the_wild__6_10834.jpeg;https:\/\/images.novelship.com\/product\/_grade_school__air_jordan_4_retro__where_the_wild__7_10834.jpeg","twitter_misc":{"Dur\u00e9e de lecture estim\u00e9e":"1 minute"},"schema":{"@context":"https:\/\/schema.org","@graph":[{"@type":"WebPage","@id":"https:\/\/tourcruiser.com\/fr\/products\/grade-school-air-jordan-4-retro-where-the-wild-things-are-dh0572-264\/","url":"https:\/\/tourcruiser.com\/fr\/products\/grade-school-air-jordan-4-retro-where-the-wild-things-are-dh0572-264\/","name":"(Grade School) Air Jordan 4 Retro 'Where The Wild Things Are' DH0572-264 - TOURCRUISER PTE. LTD","isPartOf":{"@id":"\/#website"},"primaryImageOfPage":{"@id":"https:\/\/tourcruiser.com\/fr\/products\/grade-school-air-jordan-4-retro-where-the-wild-things-are-dh0572-264\/#primaryimage"},"image":{"@id":"https:\/\/tourcruiser.com\/fr\/products\/grade-school-air-jordan-4-retro-where-the-wild-things-are-dh0572-264\/#primaryimage"},"thumbnailUrl":"https:\/\/images.novelship.com\/product\/_grade_school__air_jordan_4_retro__where_the_wild__0_10834.jpeg;https:\/\/images.novelship.com\/product\/_grade_school__air_jordan_4_retro__where_the_wild__1_10834.jpeg;https:\/\/images.novelship.com\/product\/_grade_school__air_jordan_4_retro__where_the_wild__2_10834.jpeg;https:\/\/images.novelship.com\/product\/_grade_school__air_jordan_4_retro__where_the_wild__3_10834.jpeg;https:\/\/images.novelship.com\/product\/_grade_school__air_jordan_4_retro__where_the_wild__4_10834.jpeg;https:\/\/images.novelship.com\/product\/_grade_school__air_jordan_4_retro__where_the_wild__5_10834.jpeg;https:\/\/images.novelship.com\/product\/_grade_school__air_jordan_4_retro__where_the_wild__6_10834.jpeg;https:\/\/images.novelship.com\/product\/_grade_school__air_jordan_4_retro__where_the_wild__7_10834.jpeg","datePublished":"2026-04-16T10:15:10+00:00","dateModified":"2026-04-17T16:05:45+00:00","breadcrumb":{"@id":"https:\/\/tourcruiser.com\/fr\/products\/grade-school-air-jordan-4-retro-where-the-wild-things-are-dh0572-264\/#breadcrumb"},"inLanguage":"fr-FR","potentialAction":[{"@type":"ReadAction","target":["https:\/\/tourcruiser.com\/fr\/products\/grade-school-air-jordan-4-retro-where-the-wild-things-are-dh0572-264\/"]}]},{"@type":"ImageObject","inLanguage":"fr-FR","@id":"https:\/\/tourcruiser.com\/fr\/products\/grade-school-air-jordan-4-retro-where-the-wild-things-are-dh0572-264\/#primaryimage","url":"https:\/\/images.novelship.com\/product\/_grade_school__air_jordan_4_retro__where_the_wild__0_10834.jpeg;https:\/\/images.novelship.com\/product\/_grade_school__air_jordan_4_retro__where_the_wild__1_10834.jpeg;https:\/\/images.novelship.com\/product\/_grade_school__air_jordan_4_retro__where_the_wild__2_10834.jpeg;https:\/\/images.novelship.com\/product\/_grade_school__air_jordan_4_retro__where_the_wild__3_10834.jpeg;https:\/\/images.novelship.com\/product\/_grade_school__air_jordan_4_retro__where_the_wild__4_10834.jpeg;https:\/\/images.novelship.com\/product\/_grade_school__air_jordan_4_retro__where_the_wild__5_10834.jpeg;https:\/\/images.novelship.com\/product\/_grade_school__air_jordan_4_retro__where_the_wild__6_10834.jpeg;https:\/\/images.novelship.com\/product\/_grade_school__air_jordan_4_retro__where_the_wild__7_10834.jpeg","contentUrl":"https:\/\/images.novelship.com\/product\/_grade_school__air_jordan_4_retro__where_the_wild__0_10834.jpeg;https:\/\/images.novelship.com\/product\/_grade_school__air_jordan_4_retro__where_the_wild__1_10834.jpeg;https:\/\/images.novelship.com\/product\/_grade_school__air_jordan_4_retro__where_the_wild__2_10834.jpeg;https:\/\/images.novelship.com\/product\/_grade_school__air_jordan_4_retro__where_the_wild__3_10834.jpeg;https:\/\/images.novelship.com\/product\/_grade_school__air_jordan_4_retro__where_the_wild__4_10834.jpeg;https:\/\/images.novelship.com\/product\/_grade_school__air_jordan_4_retro__where_the_wild__5_10834.jpeg;https:\/\/images.novelship.com\/product\/_grade_school__air_jordan_4_retro__where_the_wild__6_10834.jpeg;https:\/\/images.novelship.com\/product\/_grade_school__air_jordan_4_retro__where_the_wild__7_10834.jpeg"},{"@type":"BreadcrumbList","@id":"https:\/\/tourcruiser.com\/fr\/products\/grade-school-air-jordan-4-retro-where-the-wild-things-are-dh0572-264\/#breadcrumb","itemListElement":[{"@type":"ListItem","position":1,"name":"Home","item":"https:\/\/tourcruiser.com\/fr\/"},{"@type":"ListItem","position":2,"name":"Shop","item":"https:\/\/tourcruiser.com\/fr\/shop\/"},{"@type":"ListItem","position":3,"name":"(Grade School) Air Jordan 4 Retro &#8216;Where The Wild Things Are&#8217; DH0572-264"}]},{"@type":"WebSite","@id":"\/#website","url":"\/","name":"Styloral Jewelry Shop","description":"Tourcruiser Sneaker Store \u2014 L\u2019endroit o\u00f9 l\u2019univers rencontre votre singularit\u00e9.","publisher":{"@id":"\/#organization"},"potentialAction":[{"@type":"SearchAction","target":{"@type":"EntryPoint","urlTemplate":"\/?s={search_term_string}"},"query-input":{"@type":"PropertyValueSpecification","valueRequired":true,"valueName":"search_term_string"}}],"inLanguage":"fr-FR"},{"@type":"Organization","@id":"\/#organization","name":"STYLORAL PTE. LTD","url":"\/","logo":{"@type":"ImageObject","inLanguage":"fr-FR","@id":"\/#\/schema\/logo\/image\/","url":"https:\/\/www.tourcruiser.com\/wp-content\/uploads\/2025\/12\/logo.png","contentUrl":"https:\/\/www.tourcruiser.com\/wp-content\/uploads\/2025\/12\/logo.png","width":200,"height":65,"caption":"STYLORAL PTE. LTD"},"image":{"@id":"\/#\/schema\/logo\/image\/"}}]}},"_links":{"self":[{"href":"https:\/\/tourcruiser.com\/fr\/wp-json\/wp\/v2\/product\/772092","targetHints":{"allow":["GET"]}}],"collection":[{"href":"https:\/\/tourcruiser.com\/fr\/wp-json\/wp\/v2\/product"}],"about":[{"href":"https:\/\/tourcruiser.com\/fr\/wp-json\/wp\/v2\/types\/product"}],"replies":[{"embeddable":true,"href":"https:\/\/tourcruiser.com\/fr\/wp-json\/wp\/v2\/comments?post=772092"}],"wp:featuredmedia":[{"embeddable":true,"href":"https:\/\/tourcruiser.com\/fr\/wp-json\/wp\/v2\/media\/772093"}],"wp:attachment":[{"href":"https:\/\/tourcruiser.com\/fr\/wp-json\/wp\/v2\/media?parent=772092"}],"wp:term":[{"taxonomy":"product_brand","embeddable":true,"href":"https:\/\/tourcruiser.com\/fr\/wp-json\/wp\/v2\/product_brand?post=772092"},{"taxonomy":"product_cat","embeddable":true,"href":"https:\/\/tourcruiser.com\/fr\/wp-json\/wp\/v2\/product_cat?post=772092"},{"taxonomy":"product_tag","embeddable":true,"href":"https:\/\/tourcruiser.com\/fr\/wp-json\/wp\/v2\/product_tag?post=772092"}],"curies":[{"name":"wp","href":"https:\/\/api.w.org\/{rel}","templated":true}]}}