{"id":771948,"date":"2026-04-16T17:15:04","date_gmt":"2026-04-16T10:15:04","guid":{"rendered":"http:\/\/tourcruiser.com\/product\/preschool-air-jordan-4-retro-midnight-navy-bq7669-140"},"modified":"2026-04-17T23:05:36","modified_gmt":"2026-04-17T16:05:36","slug":"preschool-air-jordan-4-retro-midnight-navy-bq7669-140","status":"publish","type":"product","link":"https:\/\/tourcruiser.com\/fr\/products\/preschool-air-jordan-4-retro-midnight-navy-bq7669-140\/","title":{"rendered":"(Preschool) Air Jordan 4 Retro &lsquo;Midnight Navy&rsquo; BQ7669-140"},"content":{"rendered":"<p>Les Air Jordan 4 Retro Midnight Navy (PS) de Jordan sont un incontournable pour les fans de sneakers. Ces baskets au style r\u00e9tro impressionnent par leur coloris bleu marine profond et sont parfaites pour affirmer votre style. Gr\u00e2ce \u00e0 leur design iconique et leur confort optimal, elles sont id\u00e9ales pour les loisirs comme pour le sport. Avec ces Jordan qui ne passent pas inaper\u00e7ues, vous \u00eates s\u00fbr de faire sensation.<\/p>\n<p>Coloris : Blanc\/Bleu marine\/Gris clair\/Rouge feu<\/p>\n<p>Code article : BQ7669-140<br \/>\nMati\u00e8re ext\u00e9rieure : Cuir<br \/>\nCouleur : Blanc<\/p>\n<p>Designer : Tinker Hatfield<\/p>\n<p>Saison : Automne<\/p>\n<p>Ann\u00e9e de sortie : 2022<\/p>\n<p>Coloris : Blanc\/Bleu marine\/Gris clair\/Rouge feu<br \/>\n\u00c2ge : Adulte<\/p>\n<p>Couleur : Noir\/Rouge clair\/Blanc<\/p>\n<p>Genre : PS<\/p>\n","protected":false},"excerpt":{"rendered":"<p>Les Air Jordan 4 Retro Midnight Navy (PS) de Jordan sont un incontournable pour les fans de sneakers. Ces baskets au style r\u00e9tro impressionnent par leur coloris bleu marine profond et sont parfaites pour affirmer votre style. Gr\u00e2ce \u00e0 leur design iconique et leur confort optimal, elles sont id\u00e9ales pour les loisirs comme pour le [&hellip;]<\/p>\n","protected":false},"featured_media":771949,"comment_status":"open","ping_status":"closed","template":"","meta":[],"product_brand":[],"product_cat":[38880],"product_tag":[10750,38917,38918,10776,10756],"class_list":{"0":"post-771948","1":"product","2":"type-product","3":"status-publish","4":"has-post-thumbnail","6":"product_cat-jordan","7":"product_tag-athleisure-shoes","8":"product_tag-casual-shoes-for-children","9":"product_tag-children-s-sneakers","10":"product_tag-jordan","11":"product_tag-retro-casual-shoes","13":"first","14":"instock","15":"taxable","16":"shipping-taxable","17":"purchasable","18":"product-type-simple"},"wcpa_form_fields":null,"yoast_head":"<!-- This site is optimized with the Yoast SEO plugin v26.5 - https:\/\/yoast.com\/wordpress\/plugins\/seo\/ -->\n<title>(Preschool) Air Jordan 4 Retro &#039;Midnight Navy&#039; BQ7669-140 - TOURCRUISER PTE. LTD<\/title>\n<meta name=\"robots\" content=\"index, follow, max-snippet:-1, max-image-preview:large, max-video-preview:-1\" \/>\n<link rel=\"canonical\" href=\"https:\/\/tourcruiser.com\/fr\/products\/preschool-air-jordan-4-retro-midnight-navy-bq7669-140\/\" \/>\n<meta property=\"og:locale\" content=\"fr_FR\" \/>\n<meta property=\"og:type\" content=\"article\" \/>\n<meta property=\"og:title\" content=\"(Preschool) Air Jordan 4 Retro &#039;Midnight Navy&#039; BQ7669-140 - TOURCRUISER PTE. LTD\" \/>\n<meta property=\"og:description\" content=\"Les Air Jordan 4 Retro Midnight Navy (PS) de Jordan sont un incontournable pour les fans de sneakers. Ces baskets au style r\u00e9tro impressionnent par leur coloris bleu marine profond et sont parfaites pour affirmer votre style. Gr\u00e2ce \u00e0 leur design iconique et leur confort optimal, elles sont id\u00e9ales pour les loisirs comme pour le [&hellip;]\" \/>\n<meta property=\"og:url\" content=\"https:\/\/tourcruiser.com\/fr\/products\/preschool-air-jordan-4-retro-midnight-navy-bq7669-140\/\" \/>\n<meta property=\"og:site_name\" content=\"Tourcruiser Sneaker Store\" \/>\n<meta property=\"article:modified_time\" content=\"2026-04-17T16:05:36+00:00\" \/>\n<meta name=\"twitter:card\" content=\"summary_large_image\" \/>\n<meta name=\"twitter:image\" content=\"https:\/\/images.novelship.com\/product\/_preschool__air_jordan_4_retro__midnight_navy__bq7_0_52990.jpeg;https:\/\/images.novelship.com\/product\/_preschool__air_jordan_4_retro__midnight_navy__bq7_1_52990.jpeg;https:\/\/images.novelship.com\/product\/_preschool__air_jordan_4_retro__midnight_navy__bq7_2_52990.jpeg;https:\/\/images.novelship.com\/product\/_preschool__air_jordan_4_retro__midnight_navy__bq7_3_52990.jpeg;https:\/\/images.novelship.com\/product\/_preschool__air_jordan_4_retro__midnight_navy__bq7_4_52990.jpeg;https:\/\/images.novelship.com\/product\/_preschool__air_jordan_4_retro__midnight_navy__bq7_5_52990.jpeg\" \/>\n<meta name=\"twitter:label1\" content=\"Dur\u00e9e de lecture estim\u00e9e\" \/>\n\t<meta name=\"twitter:data1\" content=\"1 minute\" \/>\n<script type=\"application\/ld+json\" class=\"yoast-schema-graph\">{\"@context\":\"https:\/\/schema.org\",\"@graph\":[{\"@type\":\"WebPage\",\"@id\":\"https:\/\/tourcruiser.com\/fr\/products\/preschool-air-jordan-4-retro-midnight-navy-bq7669-140\/\",\"url\":\"https:\/\/tourcruiser.com\/fr\/products\/preschool-air-jordan-4-retro-midnight-navy-bq7669-140\/\",\"name\":\"(Preschool) Air Jordan 4 Retro 'Midnight Navy' BQ7669-140 - TOURCRUISER PTE. LTD\",\"isPartOf\":{\"@id\":\"\/#website\"},\"primaryImageOfPage\":{\"@id\":\"https:\/\/tourcruiser.com\/fr\/products\/preschool-air-jordan-4-retro-midnight-navy-bq7669-140\/#primaryimage\"},\"image\":{\"@id\":\"https:\/\/tourcruiser.com\/fr\/products\/preschool-air-jordan-4-retro-midnight-navy-bq7669-140\/#primaryimage\"},\"thumbnailUrl\":\"https:\/\/images.novelship.com\/product\/_preschool__air_jordan_4_retro__midnight_navy__bq7_0_52990.jpeg;https:\/\/images.novelship.com\/product\/_preschool__air_jordan_4_retro__midnight_navy__bq7_1_52990.jpeg;https:\/\/images.novelship.com\/product\/_preschool__air_jordan_4_retro__midnight_navy__bq7_2_52990.jpeg;https:\/\/images.novelship.com\/product\/_preschool__air_jordan_4_retro__midnight_navy__bq7_3_52990.jpeg;https:\/\/images.novelship.com\/product\/_preschool__air_jordan_4_retro__midnight_navy__bq7_4_52990.jpeg;https:\/\/images.novelship.com\/product\/_preschool__air_jordan_4_retro__midnight_navy__bq7_5_52990.jpeg\",\"datePublished\":\"2026-04-16T10:15:04+00:00\",\"dateModified\":\"2026-04-17T16:05:36+00:00\",\"breadcrumb\":{\"@id\":\"https:\/\/tourcruiser.com\/fr\/products\/preschool-air-jordan-4-retro-midnight-navy-bq7669-140\/#breadcrumb\"},\"inLanguage\":\"fr-FR\",\"potentialAction\":[{\"@type\":\"ReadAction\",\"target\":[\"https:\/\/tourcruiser.com\/fr\/products\/preschool-air-jordan-4-retro-midnight-navy-bq7669-140\/\"]}]},{\"@type\":\"ImageObject\",\"inLanguage\":\"fr-FR\",\"@id\":\"https:\/\/tourcruiser.com\/fr\/products\/preschool-air-jordan-4-retro-midnight-navy-bq7669-140\/#primaryimage\",\"url\":\"https:\/\/images.novelship.com\/product\/_preschool__air_jordan_4_retro__midnight_navy__bq7_0_52990.jpeg;https:\/\/images.novelship.com\/product\/_preschool__air_jordan_4_retro__midnight_navy__bq7_1_52990.jpeg;https:\/\/images.novelship.com\/product\/_preschool__air_jordan_4_retro__midnight_navy__bq7_2_52990.jpeg;https:\/\/images.novelship.com\/product\/_preschool__air_jordan_4_retro__midnight_navy__bq7_3_52990.jpeg;https:\/\/images.novelship.com\/product\/_preschool__air_jordan_4_retro__midnight_navy__bq7_4_52990.jpeg;https:\/\/images.novelship.com\/product\/_preschool__air_jordan_4_retro__midnight_navy__bq7_5_52990.jpeg\",\"contentUrl\":\"https:\/\/images.novelship.com\/product\/_preschool__air_jordan_4_retro__midnight_navy__bq7_0_52990.jpeg;https:\/\/images.novelship.com\/product\/_preschool__air_jordan_4_retro__midnight_navy__bq7_1_52990.jpeg;https:\/\/images.novelship.com\/product\/_preschool__air_jordan_4_retro__midnight_navy__bq7_2_52990.jpeg;https:\/\/images.novelship.com\/product\/_preschool__air_jordan_4_retro__midnight_navy__bq7_3_52990.jpeg;https:\/\/images.novelship.com\/product\/_preschool__air_jordan_4_retro__midnight_navy__bq7_4_52990.jpeg;https:\/\/images.novelship.com\/product\/_preschool__air_jordan_4_retro__midnight_navy__bq7_5_52990.jpeg\"},{\"@type\":\"BreadcrumbList\",\"@id\":\"https:\/\/tourcruiser.com\/fr\/products\/preschool-air-jordan-4-retro-midnight-navy-bq7669-140\/#breadcrumb\",\"itemListElement\":[{\"@type\":\"ListItem\",\"position\":1,\"name\":\"Home\",\"item\":\"https:\/\/tourcruiser.com\/fr\/\"},{\"@type\":\"ListItem\",\"position\":2,\"name\":\"Shop\",\"item\":\"https:\/\/tourcruiser.com\/fr\/shop\/\"},{\"@type\":\"ListItem\",\"position\":3,\"name\":\"(Preschool) Air Jordan 4 Retro &#8216;Midnight Navy&#8217; BQ7669-140\"}]},{\"@type\":\"WebSite\",\"@id\":\"\/#website\",\"url\":\"\/\",\"name\":\"Styloral Jewelry Shop\",\"description\":\"Tourcruiser Sneaker Store \u2014 L\u2019endroit o\u00f9 l\u2019univers rencontre votre singularit\u00e9.\",\"publisher\":{\"@id\":\"\/#organization\"},\"potentialAction\":[{\"@type\":\"SearchAction\",\"target\":{\"@type\":\"EntryPoint\",\"urlTemplate\":\"\/?s={search_term_string}\"},\"query-input\":{\"@type\":\"PropertyValueSpecification\",\"valueRequired\":true,\"valueName\":\"search_term_string\"}}],\"inLanguage\":\"fr-FR\"},{\"@type\":\"Organization\",\"@id\":\"\/#organization\",\"name\":\"STYLORAL PTE. LTD\",\"url\":\"\/\",\"logo\":{\"@type\":\"ImageObject\",\"inLanguage\":\"fr-FR\",\"@id\":\"\/#\/schema\/logo\/image\/\",\"url\":\"https:\/\/www.tourcruiser.com\/wp-content\/uploads\/2025\/12\/logo.png\",\"contentUrl\":\"https:\/\/www.tourcruiser.com\/wp-content\/uploads\/2025\/12\/logo.png\",\"width\":200,\"height\":65,\"caption\":\"STYLORAL PTE. LTD\"},\"image\":{\"@id\":\"\/#\/schema\/logo\/image\/\"}}]}<\/script>\n<!-- \/ Yoast SEO plugin. -->","yoast_head_json":{"title":"(Preschool) Air Jordan 4 Retro 'Midnight Navy' BQ7669-140 - TOURCRUISER PTE. LTD","robots":{"index":"index","follow":"follow","max-snippet":"max-snippet:-1","max-image-preview":"max-image-preview:large","max-video-preview":"max-video-preview:-1"},"canonical":"https:\/\/tourcruiser.com\/fr\/products\/preschool-air-jordan-4-retro-midnight-navy-bq7669-140\/","og_locale":"fr_FR","og_type":"article","og_title":"(Preschool) Air Jordan 4 Retro 'Midnight Navy' BQ7669-140 - TOURCRUISER PTE. LTD","og_description":"Les Air Jordan 4 Retro Midnight Navy (PS) de Jordan sont un incontournable pour les fans de sneakers. Ces baskets au style r\u00e9tro impressionnent par leur coloris bleu marine profond et sont parfaites pour affirmer votre style. Gr\u00e2ce \u00e0 leur design iconique et leur confort optimal, elles sont id\u00e9ales pour les loisirs comme pour le [&hellip;]","og_url":"https:\/\/tourcruiser.com\/fr\/products\/preschool-air-jordan-4-retro-midnight-navy-bq7669-140\/","og_site_name":"Tourcruiser Sneaker Store","article_modified_time":"2026-04-17T16:05:36+00:00","twitter_card":"summary_large_image","twitter_image":"https:\/\/images.novelship.com\/product\/_preschool__air_jordan_4_retro__midnight_navy__bq7_0_52990.jpeg;https:\/\/images.novelship.com\/product\/_preschool__air_jordan_4_retro__midnight_navy__bq7_1_52990.jpeg;https:\/\/images.novelship.com\/product\/_preschool__air_jordan_4_retro__midnight_navy__bq7_2_52990.jpeg;https:\/\/images.novelship.com\/product\/_preschool__air_jordan_4_retro__midnight_navy__bq7_3_52990.jpeg;https:\/\/images.novelship.com\/product\/_preschool__air_jordan_4_retro__midnight_navy__bq7_4_52990.jpeg;https:\/\/images.novelship.com\/product\/_preschool__air_jordan_4_retro__midnight_navy__bq7_5_52990.jpeg","twitter_misc":{"Dur\u00e9e de lecture estim\u00e9e":"1 minute"},"schema":{"@context":"https:\/\/schema.org","@graph":[{"@type":"WebPage","@id":"https:\/\/tourcruiser.com\/fr\/products\/preschool-air-jordan-4-retro-midnight-navy-bq7669-140\/","url":"https:\/\/tourcruiser.com\/fr\/products\/preschool-air-jordan-4-retro-midnight-navy-bq7669-140\/","name":"(Preschool) Air Jordan 4 Retro 'Midnight Navy' BQ7669-140 - TOURCRUISER PTE. LTD","isPartOf":{"@id":"\/#website"},"primaryImageOfPage":{"@id":"https:\/\/tourcruiser.com\/fr\/products\/preschool-air-jordan-4-retro-midnight-navy-bq7669-140\/#primaryimage"},"image":{"@id":"https:\/\/tourcruiser.com\/fr\/products\/preschool-air-jordan-4-retro-midnight-navy-bq7669-140\/#primaryimage"},"thumbnailUrl":"https:\/\/images.novelship.com\/product\/_preschool__air_jordan_4_retro__midnight_navy__bq7_0_52990.jpeg;https:\/\/images.novelship.com\/product\/_preschool__air_jordan_4_retro__midnight_navy__bq7_1_52990.jpeg;https:\/\/images.novelship.com\/product\/_preschool__air_jordan_4_retro__midnight_navy__bq7_2_52990.jpeg;https:\/\/images.novelship.com\/product\/_preschool__air_jordan_4_retro__midnight_navy__bq7_3_52990.jpeg;https:\/\/images.novelship.com\/product\/_preschool__air_jordan_4_retro__midnight_navy__bq7_4_52990.jpeg;https:\/\/images.novelship.com\/product\/_preschool__air_jordan_4_retro__midnight_navy__bq7_5_52990.jpeg","datePublished":"2026-04-16T10:15:04+00:00","dateModified":"2026-04-17T16:05:36+00:00","breadcrumb":{"@id":"https:\/\/tourcruiser.com\/fr\/products\/preschool-air-jordan-4-retro-midnight-navy-bq7669-140\/#breadcrumb"},"inLanguage":"fr-FR","potentialAction":[{"@type":"ReadAction","target":["https:\/\/tourcruiser.com\/fr\/products\/preschool-air-jordan-4-retro-midnight-navy-bq7669-140\/"]}]},{"@type":"ImageObject","inLanguage":"fr-FR","@id":"https:\/\/tourcruiser.com\/fr\/products\/preschool-air-jordan-4-retro-midnight-navy-bq7669-140\/#primaryimage","url":"https:\/\/images.novelship.com\/product\/_preschool__air_jordan_4_retro__midnight_navy__bq7_0_52990.jpeg;https:\/\/images.novelship.com\/product\/_preschool__air_jordan_4_retro__midnight_navy__bq7_1_52990.jpeg;https:\/\/images.novelship.com\/product\/_preschool__air_jordan_4_retro__midnight_navy__bq7_2_52990.jpeg;https:\/\/images.novelship.com\/product\/_preschool__air_jordan_4_retro__midnight_navy__bq7_3_52990.jpeg;https:\/\/images.novelship.com\/product\/_preschool__air_jordan_4_retro__midnight_navy__bq7_4_52990.jpeg;https:\/\/images.novelship.com\/product\/_preschool__air_jordan_4_retro__midnight_navy__bq7_5_52990.jpeg","contentUrl":"https:\/\/images.novelship.com\/product\/_preschool__air_jordan_4_retro__midnight_navy__bq7_0_52990.jpeg;https:\/\/images.novelship.com\/product\/_preschool__air_jordan_4_retro__midnight_navy__bq7_1_52990.jpeg;https:\/\/images.novelship.com\/product\/_preschool__air_jordan_4_retro__midnight_navy__bq7_2_52990.jpeg;https:\/\/images.novelship.com\/product\/_preschool__air_jordan_4_retro__midnight_navy__bq7_3_52990.jpeg;https:\/\/images.novelship.com\/product\/_preschool__air_jordan_4_retro__midnight_navy__bq7_4_52990.jpeg;https:\/\/images.novelship.com\/product\/_preschool__air_jordan_4_retro__midnight_navy__bq7_5_52990.jpeg"},{"@type":"BreadcrumbList","@id":"https:\/\/tourcruiser.com\/fr\/products\/preschool-air-jordan-4-retro-midnight-navy-bq7669-140\/#breadcrumb","itemListElement":[{"@type":"ListItem","position":1,"name":"Home","item":"https:\/\/tourcruiser.com\/fr\/"},{"@type":"ListItem","position":2,"name":"Shop","item":"https:\/\/tourcruiser.com\/fr\/shop\/"},{"@type":"ListItem","position":3,"name":"(Preschool) Air Jordan 4 Retro &#8216;Midnight Navy&#8217; BQ7669-140"}]},{"@type":"WebSite","@id":"\/#website","url":"\/","name":"Styloral Jewelry Shop","description":"Tourcruiser Sneaker Store \u2014 L\u2019endroit o\u00f9 l\u2019univers rencontre votre singularit\u00e9.","publisher":{"@id":"\/#organization"},"potentialAction":[{"@type":"SearchAction","target":{"@type":"EntryPoint","urlTemplate":"\/?s={search_term_string}"},"query-input":{"@type":"PropertyValueSpecification","valueRequired":true,"valueName":"search_term_string"}}],"inLanguage":"fr-FR"},{"@type":"Organization","@id":"\/#organization","name":"STYLORAL PTE. LTD","url":"\/","logo":{"@type":"ImageObject","inLanguage":"fr-FR","@id":"\/#\/schema\/logo\/image\/","url":"https:\/\/www.tourcruiser.com\/wp-content\/uploads\/2025\/12\/logo.png","contentUrl":"https:\/\/www.tourcruiser.com\/wp-content\/uploads\/2025\/12\/logo.png","width":200,"height":65,"caption":"STYLORAL PTE. LTD"},"image":{"@id":"\/#\/schema\/logo\/image\/"}}]}},"_links":{"self":[{"href":"https:\/\/tourcruiser.com\/fr\/wp-json\/wp\/v2\/product\/771948","targetHints":{"allow":["GET"]}}],"collection":[{"href":"https:\/\/tourcruiser.com\/fr\/wp-json\/wp\/v2\/product"}],"about":[{"href":"https:\/\/tourcruiser.com\/fr\/wp-json\/wp\/v2\/types\/product"}],"replies":[{"embeddable":true,"href":"https:\/\/tourcruiser.com\/fr\/wp-json\/wp\/v2\/comments?post=771948"}],"wp:featuredmedia":[{"embeddable":true,"href":"https:\/\/tourcruiser.com\/fr\/wp-json\/wp\/v2\/media\/771949"}],"wp:attachment":[{"href":"https:\/\/tourcruiser.com\/fr\/wp-json\/wp\/v2\/media?parent=771948"}],"wp:term":[{"taxonomy":"product_brand","embeddable":true,"href":"https:\/\/tourcruiser.com\/fr\/wp-json\/wp\/v2\/product_brand?post=771948"},{"taxonomy":"product_cat","embeddable":true,"href":"https:\/\/tourcruiser.com\/fr\/wp-json\/wp\/v2\/product_cat?post=771948"},{"taxonomy":"product_tag","embeddable":true,"href":"https:\/\/tourcruiser.com\/fr\/wp-json\/wp\/v2\/product_tag?post=771948"}],"curies":[{"name":"wp","href":"https:\/\/api.w.org\/{rel}","templated":true}]}}